{"id":2650,"date":"2020-08-19T23:47:44","date_gmt":"2020-08-19T23:47:44","guid":{"rendered":"https:\/\/distribucionarc.com\/?post_type=product&#038;p=2650"},"modified":"2023-06-05T10:18:06","modified_gmt":"2023-06-05T10:18:06","slug":"distributore-di-succhi-e-bevande-fredde-3","status":"publish","type":"product","link":"https:\/\/distribucionarc.com\/it\/producto\/dispensador-de-zumo-y-bebidas-frias-3\/","title":{"rendered":"Distributore di succhi e bevande fredde 3"},"content":{"rendered":"<h2>Distributore di succhi e bevande fredde 3<\/h2>\n<p>Questo\u00a0<strong>distributore elettrico<\/strong>\u00a0Di\u00a0<strong><span style=\"color: #ff0000;\">A<\/span><span style=\"color: #0000ff;\">R<\/span>C<\/strong>\u00a0\u00e8 adatto ad entrambi\u00a0<strong>bevande fredde<\/strong>\u00a0COME\u00a0<strong>caldo<\/strong>, come latte di soia, frullati, cocktail, yogurt, caff\u00e8, ecc. IL<strong>\u00a0macchina distributrice<\/strong>\u00a0\u00c8 adatto per aziende di catering, catene di ristoranti, negozi, alberghi, ecc.<\/p>\n<p>L&#039;imballaggio per PC dell&#039;azienda privo di BPA, resistente agli urti e per uso alimentare\u00a0<strong>distributore di succhi<\/strong>\u00a0Di\u00a0<strong><span style=\"color: #ff0000;\">A<\/span><span style=\"color: #0000ff;\">R<\/span>C<\/strong>\u00a0Si differenziano dai fragili serbatoi ABS\/AS. Il corpo del distributore di bevande fredde \u00e8 composto da 3 strati, che lo rendono pi\u00f9 appariscente e gli conferiscono maggiore rigidit\u00e0. Evaporatore in acciaio inossidabile per un eccellente effetto di raffreddamento.<\/p>\n<p><strong>Distributore di bevande<\/strong> con 3<strong>\u00a0Serbatoi da 12L ciascuno<\/strong> (compatto ma potente. Gli agitatori ingranditi consentono un&#039;agitazione a 360\u00b0 pi\u00f9 efficiente. Le guarnizioni in gomma aiutano a preservare il prodotto e a prevenire le perdite.<\/p>\n<p>Lui\u00a0<strong>distributore di bevande fredde <span style=\"color: #ff0000;\">A<\/span><span style=\"color: #0000ff;\">R<\/span>CDZE3<\/strong>. Utilizza un condensatore di raffreddamento con tubo in rame pieno e un compressore ad alte prestazioni e garantisce un raffreddamento e un riscaldamento rapidi. Raffredda tra 5-12 \u2103 utilizzando solo un consumo di 100 w e riscalda fino a 50-58 \u2103 consumando 450 w, con controllo costante della temperatura. Le sue prestazioni veloci non solo ti aiuteranno a ottimizzare la produzione, ma anche<strong>\u00a0favorisce un basso consumo energetico<\/strong>.\u00a0<strong>\u00a0Il distributore di bevande<\/strong>\u00a0Dispone di interruttori separati per il controllo indipendente di miscelazione, raffreddamento e riscaldamento. L&#039;interruttore di miscelazione aiuta a prevenire i sedimenti sul fondo del serbatoio.<\/p>\n<p>E&#039; dotato di vaschetta raccogligocce facilmente smontabile per una facile pulizia; Prese per bevande a molla appositamente progettate per un utilizzo senza sforzo; Prese d&#039;aria multiple per una rapida dissipazione del calore.<\/p>\n<h6><strong>Garanzia\u00a0<span style=\"color: #ff0000;\">A<\/span><span style=\"color: #0000ff;\">R<\/span>C 2 ANNI<\/strong><\/h6>\n<h6><span style=\"color: #008000;\">Efficiente dispenser di succhi e bevande fredde, basso consumo 400w<\/span><\/h6>\n<h6><strong>supporto tecnico incluso.<\/strong><\/h6>\n<p>&nbsp;<\/p>\n<div class=\"woocommerce-tabs wc-tabs-wrapper\">\n<div id=\"tab-description\" class=\"woocommerce-Tabs-panel woocommerce-Tabs-panel--description panel entry-content wc-tab\" role=\"tabpanel\" aria-labelledby=\"tab-title-description\">\n<table role=\"presentation\" width=\"100%\" cellspacing=\"0\" cellpadding=\"0\">\n<tbody>\n<tr>\n<td class=\"attrLabels\">Temperatura:<\/td>\n<td width=\"50.0%\">Freddo: 5 \u2013 12 \u00baCH Caldo: 50 \u2013 58 \u00baC<\/td>\n<\/tr>\n<tr>\n<td class=\"attrLabels\">Paese di distribuzione:<\/td>\n<td width=\"50.0%\">Spagna, Germania, Stati Uniti<\/td>\n<td class=\"attrLabels\">Peso:<\/td>\n<td width=\"50.0%\">33,4 kg<\/td>\n<\/tr>\n<tr>\n<td class=\"attrLabels\">Marca:<\/td>\n<td width=\"50.0%\">ARCO<\/td>\n<td class=\"attrLabels\">Altezza:<\/td>\n<td width=\"50.0%\">65 cm<\/td>\n<\/tr>\n<tr>\n<td class=\"attrLabels\">Colore:<\/td>\n<td width=\"50.0%\">Argento<\/td>\n<td class=\"attrLabels\">Lungo:<\/td>\n<td width=\"50.0%\">39,4 centimetri<\/td>\n<\/tr>\n<tr>\n<td class=\"attrLabels\">Tipo di prodotto:<\/td>\n<td width=\"50.0%\">Distributore di bevande<\/td>\n<td class=\"attrLabels\">Ampio:<\/td>\n<td width=\"50.0%\">\u00a048,2 centimetri<\/td>\n<\/tr>\n<tr>\n<td class=\"attrLabels\">Numero del produttore:<\/td>\n<td width=\"50.0%\">ARCDZE1<\/td>\n<td class=\"attrLabels\">Energia:<\/td>\n<td width=\"50.0%\">Freddo: 100 W<\/p>\n<p>Caldo: 400 W<\/td>\n<\/tr>\n<tr>\n<td class=\"attrLabels\">Materiale:<\/td>\n<td width=\"50.0%\">acciaio inossidabile, controllo della temperatura, PC senza BPA<\/td>\n<td class=\"attrLabels\">tensione di ingresso<\/td>\n<td width=\"50.0%\">220 V \u2013 60 Hz<\/td>\n<\/tr>\n<tr>\n<td class=\"attrLabels\">Scomparti:<\/td>\n<td width=\"50.0%\">\u00a03<\/td>\n<td class=\"attrLabels\">Dimensioni della cabina:<\/td>\n<td width=\"50.0%\">82 x 33 x 10 cm per ogni livello<\/td>\n<\/tr>\n<tr>\n<td class=\"attrLabels\">Strumenti di installazione:<\/td>\n<td width=\"50.0%\">S\u00ec<\/td>\n<td class=\"attrLabels\">Garanzia:<\/td>\n<td width=\"50.0%\">2 ANNI<\/td>\n<\/tr>\n<\/tbody>\n<\/table>\n<\/div>\n<\/div>","protected":false},"excerpt":{"rendered":"<h3>Distributore di succhi e bevande fredde<\/h3>\n<p>Lui\u00a0<strong>Distributori di bevande calde e fredde<\/strong>\u00a0Di\u00a0<strong><span style=\"color: #ff0000;\">A<\/span><span style=\"color: #0000ff;\">R<\/span>C<\/strong>, con una capacit\u00e0 di <strong>36 litri<\/strong>\u00a0IL\u00a0<strong>distributore automatico di bevande fredde<\/strong>\u00a0Ha un doppio serbatoio da 12L ciascuno, il\u00a0<strong>ARCDZE3<\/strong>\u00a0Genera prestazioni eccellenti, aspetto elegante e molto facile da usare. Rubinetto maggiorato per fibre di frutta e granelle aromatizzate. Prenditi cura dei tuoi clienti con questo\u00a0<strong>elegante distributore di bevande<\/strong>\u00a0Le sue finiture di prima classe e la facilit\u00e0 d&#039;uso lo rendono un prodotto indispensabile. Il serbatoio in PC senza BPA, il corpo macchina in acciaio inossidabile di prima classe e la medicazione verniciata sul retro formano una protezione sanitaria resistente all&#039;usura e facile da pulire. Un assistente con capacit\u00e0 sufficiente a coprire le necessit\u00e0 quotidiane.\u00a0<strong>Distributore\u00a0<span style=\"color: #ff0000;\">A<\/span><span style=\"color: #0000ff;\">R<\/span>C<\/strong>\u00a0alta qualit\u00e0.<\/p>\n<h6><\/h6>\n<h6><strong>Garanzia\u00a0<span style=\"color: #ff0000;\">A<\/span><span style=\"color: #0000ff;\">R<\/span>C 2 ANNI<\/strong><\/h6>\n<h6><span style=\"color: #008000;\">Efficiente dispenser di succhi e bevande fredde, basso consumo 400w<\/span><\/h6>\n<h6><strong>supporto tecnico incluso.<\/strong><\/h6>","protected":false},"featured_media":6017,"comment_status":"open","ping_status":"closed","template":"","meta":{"wds_primary_product_brand":0,"wds_primary_product_cat":0},"product_brand":[],"product_cat":[57],"product_tag":[],"class_list":{"0":"post-2650","1":"product","2":"type-product","3":"status-publish","4":"has-post-thumbnail","6":"product_cat-dosificadores-dispensadores","7":"product_shipping_class-hosteleria","9":"first","10":"instock","11":"taxable","12":"shipping-taxable","13":"purchasable","14":"product-type-simple"},"yoast_head":"<!-- This site is optimized with the Yoast SEO Premium plugin v24.9 (Yoast SEO v26.1) - https:\/\/yoast.com\/wordpress\/plugins\/seo\/ -->\n<title>Dispensador de zumo y bebidas fr\u00edas 3 - distribuci\u00f3n ARC<\/title>\n<meta name=\"robots\" content=\"index, follow, max-snippet:-1, max-image-preview:large, max-video-preview:-1\" \/>\n<link rel=\"canonical\" href=\"https:\/\/distribucionarc.com\/it\/prodotto\/distributore-di-succhi-e-bevande-fredde-3\/\" \/>\n<meta property=\"og:locale\" content=\"it_IT\" \/>\n<meta property=\"og:type\" content=\"article\" \/>\n<meta property=\"og:title\" content=\"Dispensador de zumo y bebidas fr\u00edas 3\" \/>\n<meta property=\"og:description\" content=\"Dispensador de zumo y bebidas fr\u00edas El\u00a0Dispensadores para bebidas fr\u00edas y calientes\u00a0de\u00a0ARC, con una capacidad de 36\u00a0L\u00a0la\u00a0m\u00e1quina expendedora de bebidas fr\u00edas\u00a0cuenta con doble tanque de 12L cada uno , la\u00a0ARCDZE3\u00a0genera un excelente rendimiento, de aspecto elegante y muy f\u00e1cil de usar. Grifo agrandado para fibras de frutas y granos saborizados. Cuide a sus clientes con este\u00a0elegante Dispensador para bebidas\u00a0sus acabados de primera\u00a0 y facilidad de uso lo convierten en un producto indispensable. El tanque de PC sin BPA, el cuerpo de la m\u00e1quina de acero inoxidable de primera clase y el ap\u00f3sito pintado hacia atr\u00e1s forman un protector de salud resistente al desgaste y sencillo de limpiar. Un ayudante con capacidad suficiente para cubrir las necesidades diarias.\u00a0Dispensador\u00a0ARC\u00a0de alta calidad.  Garant\u00eda\u00a0ARC 2 A\u00d1OS Dispensador zumos y bebidas fr\u00edas eficiente, bajo consumo 400w soporte t\u00e9cnico incluido.\" \/>\n<meta property=\"og:url\" content=\"https:\/\/distribucionarc.com\/it\/prodotto\/distributore-di-succhi-e-bevande-fredde-3\/\" \/>\n<meta property=\"og:site_name\" content=\"distribuci\u00f3n ARC\" \/>\n<meta property=\"article:modified_time\" content=\"2023-06-05T10:18:06+00:00\" \/>\n<meta property=\"og:image\" content=\"https:\/\/distribucionarc.com\/wp-content\/uploads\/2020\/08\/Dispensador-de-zumo-y-bebidas-frias-3.jpg\" \/>\n\t<meta property=\"og:image:width\" content=\"1600\" \/>\n\t<meta property=\"og:image:height\" content=\"1600\" \/>\n\t<meta property=\"og:image:type\" content=\"image\/jpeg\" \/>\n<meta name=\"twitter:card\" content=\"summary_large_image\" \/>\n<meta name=\"twitter:label1\" content=\"Tempo di lettura stimato\" \/>\n\t<meta name=\"twitter:data1\" content=\"2 minuti\" \/>\n<script type=\"application\/ld+json\" class=\"yoast-schema-graph\">{\"@context\":\"https:\/\/schema.org\",\"@graph\":[{\"@type\":\"WebPage\",\"@id\":\"https:\/\/distribucionarc.com\/de\/producto\/dispensador-de-zumo-y-bebidas-frias-3\/\",\"url\":\"https:\/\/distribucionarc.com\/de\/producto\/dispensador-de-zumo-y-bebidas-frias-3\/\",\"name\":\"Dispensador de zumo y bebidas fr\u00edas 3 - distribuci\u00f3n ARC\",\"isPartOf\":{\"@id\":\"https:\/\/distribucionarc.com\/de\/#website\"},\"primaryImageOfPage\":{\"@id\":\"https:\/\/distribucionarc.com\/de\/producto\/dispensador-de-zumo-y-bebidas-frias-3\/#primaryimage\"},\"image\":{\"@id\":\"https:\/\/distribucionarc.com\/de\/producto\/dispensador-de-zumo-y-bebidas-frias-3\/#primaryimage\"},\"thumbnailUrl\":\"https:\/\/distribucionarc.com\/wp-content\/uploads\/2020\/08\/Dispensador-de-zumo-y-bebidas-frias-3.jpg\",\"datePublished\":\"2020-08-19T23:47:44+00:00\",\"dateModified\":\"2023-06-05T10:18:06+00:00\",\"breadcrumb\":{\"@id\":\"https:\/\/distribucionarc.com\/de\/producto\/dispensador-de-zumo-y-bebidas-frias-3\/#breadcrumb\"},\"inLanguage\":\"it-IT\",\"potentialAction\":[{\"@type\":\"ReadAction\",\"target\":[\"https:\/\/distribucionarc.com\/de\/producto\/dispensador-de-zumo-y-bebidas-frias-3\/\"]}]},{\"@type\":\"ImageObject\",\"inLanguage\":\"it-IT\",\"@id\":\"https:\/\/distribucionarc.com\/de\/producto\/dispensador-de-zumo-y-bebidas-frias-3\/#primaryimage\",\"url\":\"https:\/\/distribucionarc.com\/wp-content\/uploads\/2020\/08\/Dispensador-de-zumo-y-bebidas-frias-3.jpg\",\"contentUrl\":\"https:\/\/distribucionarc.com\/wp-content\/uploads\/2020\/08\/Dispensador-de-zumo-y-bebidas-frias-3.jpg\",\"width\":1600,\"height\":1600},{\"@type\":\"BreadcrumbList\",\"@id\":\"https:\/\/distribucionarc.com\/de\/producto\/dispensador-de-zumo-y-bebidas-frias-3\/#breadcrumb\",\"itemListElement\":[{\"@type\":\"ListItem\",\"position\":1,\"name\":\"Portada\",\"item\":\"https:\/\/distribucionarc.com\/pl\/\"},{\"@type\":\"ListItem\",\"position\":2,\"name\":\"Produkty\",\"item\":\"https:\/\/distribucionarc.com\/pl\/shop\/\"},{\"@type\":\"ListItem\",\"position\":3,\"name\":\"Dispensador de zumo y bebidas fr\u00edas 3\"}]},{\"@type\":\"WebSite\",\"@id\":\"https:\/\/distribucionarc.com\/de\/#website\",\"url\":\"https:\/\/distribucionarc.com\/de\/\",\"name\":\"distribuci\u00f3n ARC\",\"description\":\"Empresa especializada en la fabricaci\u00f3n y distribuci\u00f3n de maquinaria industrial, selladoras de latas, Maquinas de hacer pastillas, Maquinas de cortar carne...\",\"publisher\":{\"@id\":\"https:\/\/distribucionarc.com\/de\/#organization\"},\"potentialAction\":[{\"@type\":\"SearchAction\",\"target\":{\"@type\":\"EntryPoint\",\"urlTemplate\":\"https:\/\/distribucionarc.com\/de\/?s={search_term_string}\"},\"query-input\":{\"@type\":\"PropertyValueSpecification\",\"valueRequired\":true,\"valueName\":\"search_term_string\"}}],\"inLanguage\":\"it-IT\"},{\"@type\":\"Organization\",\"@id\":\"https:\/\/distribucionarc.com\/de\/#organization\",\"name\":\"Distribuci\u00f3n ARC\",\"url\":\"https:\/\/distribucionarc.com\/de\/\",\"logo\":{\"@type\":\"ImageObject\",\"inLanguage\":\"it-IT\",\"@id\":\"https:\/\/distribucionarc.com\/de\/#\/schema\/logo\/image\/\",\"url\":\"https:\/\/distribucionarc.com\/wp-content\/uploads\/2024\/10\/distribucion-ARC-COLOR-SIN-FONDO-e1732295305345.png\",\"contentUrl\":\"https:\/\/distribucionarc.com\/wp-content\/uploads\/2024\/10\/distribucion-ARC-COLOR-SIN-FONDO-e1732295305345.png\",\"width\":1164,\"height\":558,\"caption\":\"Distribuci\u00f3n ARC\"},\"image\":{\"@id\":\"https:\/\/distribucionarc.com\/de\/#\/schema\/logo\/image\/\"},\"description\":\"Empresa especializada en la fabricaci\u00f3n y distribuci\u00f3n de maquinaria industrial para los sectores alimentario y farmac\u00e9utico. Nos especializamos en: M\u00e1quinas de cortar carne Fabricaci\u00f3n de comprimidos Sistemas de transporte industrial L\u00edneas de embotellado Dosificadores Y mucho m\u00e1s... Ofrecemos soluciones innovadoras y personalizadas para optimizar los procesos productivos de tu empresa.\",\"email\":\"Admistracion@distribucionarc.com\",\"telephone\":\"+34 643496664\",\"legalName\":\"ARC TECH SOLUTIONS\",\"foundingDate\":\"2024-04-09\",\"vatID\":\"B55480172\",\"numberOfEmployees\":{\"@type\":\"QuantitativeValue\",\"minValue\":\"1\",\"maxValue\":\"10\"}}]}<\/script>\n<!-- \/ Yoast SEO Premium plugin. -->","yoast_head_json":{"title":"Distributore di succhi e bevande fredde 3 - Distribuzione ARC","robots":{"index":"index","follow":"follow","max-snippet":"max-snippet:-1","max-image-preview":"max-image-preview:large","max-video-preview":"max-video-preview:-1"},"canonical":"https:\/\/distribucionarc.com\/it\/prodotto\/distributore-di-succhi-e-bevande-fredde-3\/","og_locale":"it_IT","og_type":"article","og_title":"Dispensador de zumo y bebidas fr\u00edas 3","og_description":"Dispensador de zumo y bebidas fr\u00edas El\u00a0Dispensadores para bebidas fr\u00edas y calientes\u00a0de\u00a0ARC, con una capacidad de 36\u00a0L\u00a0la\u00a0m\u00e1quina expendedora de bebidas fr\u00edas\u00a0cuenta con doble tanque de 12L cada uno , la\u00a0ARCDZE3\u00a0genera un excelente rendimiento, de aspecto elegante y muy f\u00e1cil de usar. Grifo agrandado para fibras de frutas y granos saborizados. Cuide a sus clientes con este\u00a0elegante Dispensador para bebidas\u00a0sus acabados de primera\u00a0 y facilidad de uso lo convierten en un producto indispensable. El tanque de PC sin BPA, el cuerpo de la m\u00e1quina de acero inoxidable de primera clase y el ap\u00f3sito pintado hacia atr\u00e1s forman un protector de salud resistente al desgaste y sencillo de limpiar. Un ayudante con capacidad suficiente para cubrir las necesidades diarias.\u00a0Dispensador\u00a0ARC\u00a0de alta calidad.  Garant\u00eda\u00a0ARC 2 A\u00d1OS Dispensador zumos y bebidas fr\u00edas eficiente, bajo consumo 400w soporte t\u00e9cnico incluido.","og_url":"https:\/\/distribucionarc.com\/it\/prodotto\/distributore-di-succhi-e-bevande-fredde-3\/","og_site_name":"distribuci\u00f3n ARC","article_modified_time":"2023-06-05T10:18:06+00:00","og_image":[{"width":1600,"height":1600,"url":"https:\/\/distribucionarc.com\/wp-content\/uploads\/2020\/08\/Dispensador-de-zumo-y-bebidas-frias-3.jpg","type":"image\/jpeg"}],"twitter_card":"summary_large_image","twitter_misc":{"Tempo di lettura stimato":"2 minuti"},"schema":{"@context":"https:\/\/schema.org","@graph":[{"@type":"WebPage","@id":"https:\/\/distribucionarc.com\/de\/producto\/dispensador-de-zumo-y-bebidas-frias-3\/","url":"https:\/\/distribucionarc.com\/de\/producto\/dispensador-de-zumo-y-bebidas-frias-3\/","name":"Distributore di succhi e bevande fredde 3 - Distribuzione ARC","isPartOf":{"@id":"https:\/\/distribucionarc.com\/de\/#website"},"primaryImageOfPage":{"@id":"https:\/\/distribucionarc.com\/de\/producto\/dispensador-de-zumo-y-bebidas-frias-3\/#primaryimage"},"image":{"@id":"https:\/\/distribucionarc.com\/de\/producto\/dispensador-de-zumo-y-bebidas-frias-3\/#primaryimage"},"thumbnailUrl":"https:\/\/distribucionarc.com\/wp-content\/uploads\/2020\/08\/Dispensador-de-zumo-y-bebidas-frias-3.jpg","datePublished":"2020-08-19T23:47:44+00:00","dateModified":"2023-06-05T10:18:06+00:00","breadcrumb":{"@id":"https:\/\/distribucionarc.com\/de\/producto\/dispensador-de-zumo-y-bebidas-frias-3\/#breadcrumb"},"inLanguage":"it-IT","potentialAction":[{"@type":"ReadAction","target":["https:\/\/distribucionarc.com\/de\/producto\/dispensador-de-zumo-y-bebidas-frias-3\/"]}]},{"@type":"ImageObject","inLanguage":"it-IT","@id":"https:\/\/distribucionarc.com\/de\/producto\/dispensador-de-zumo-y-bebidas-frias-3\/#primaryimage","url":"https:\/\/distribucionarc.com\/wp-content\/uploads\/2020\/08\/Dispensador-de-zumo-y-bebidas-frias-3.jpg","contentUrl":"https:\/\/distribucionarc.com\/wp-content\/uploads\/2020\/08\/Dispensador-de-zumo-y-bebidas-frias-3.jpg","width":1600,"height":1600},{"@type":"BreadcrumbList","@id":"https:\/\/distribucionarc.com\/de\/producto\/dispensador-de-zumo-y-bebidas-frias-3\/#breadcrumb","itemListElement":[{"@type":"ListItem","position":1,"name":"Portada","item":"https:\/\/distribucionarc.com\/pl\/"},{"@type":"ListItem","position":2,"name":"Produkty","item":"https:\/\/distribucionarc.com\/pl\/shop\/"},{"@type":"ListItem","position":3,"name":"Dispensador de zumo y bebidas fr\u00edas 3"}]},{"@type":"WebSite","@id":"https:\/\/distribucionarc.com\/de\/#website","url":"https:\/\/distribucionarc.com\/de\/","name":"Distribuzione dell&#039;ARCO","description":"Azienda specializzata nella produzione e distribuzione di macchinari industriali, macchine sigillatrici di lattine, macchine per la produzione di compresse, macchine per il taglio della carne...","publisher":{"@id":"https:\/\/distribucionarc.com\/de\/#organization"},"potentialAction":[{"@type":"SearchAction","target":{"@type":"EntryPoint","urlTemplate":"https:\/\/distribucionarc.com\/de\/?s={search_term_string}"},"query-input":{"@type":"PropertyValueSpecification","valueRequired":true,"valueName":"search_term_string"}}],"inLanguage":"it-IT"},{"@type":"Organization","@id":"https:\/\/distribucionarc.com\/de\/#organization","name":"Distribuzione dell&#039;ARC","url":"https:\/\/distribucionarc.com\/de\/","logo":{"@type":"ImageObject","inLanguage":"it-IT","@id":"https:\/\/distribucionarc.com\/de\/#\/schema\/logo\/image\/","url":"https:\/\/distribucionarc.com\/wp-content\/uploads\/2024\/10\/distribucion-ARC-COLOR-SIN-FONDO-e1732295305345.png","contentUrl":"https:\/\/distribucionarc.com\/wp-content\/uploads\/2024\/10\/distribucion-ARC-COLOR-SIN-FONDO-e1732295305345.png","width":1164,"height":558,"caption":"Distribuci\u00f3n ARC"},"image":{"@id":"https:\/\/distribucionarc.com\/de\/#\/schema\/logo\/image\/"},"description":"Azienda specializzata nella produzione e distribuzione di macchinari industriali per il settore alimentare e farmaceutico. Siamo specializzati in: Macchine per il taglio della carne Produzione di compresse Sistemi di trasporto industriale Linee di imbottigliamento Dispenser E molto altro ancora... Offriamo soluzioni innovative e personalizzate per ottimizzare i processi produttivi della vostra azienda.","email":"Admistracion@distribucionarc.com","telephone":"+34 643496664","legalName":"ARC TECH SOLUTIONS","foundingDate":"2024-04-09","vatID":"B55480172","numberOfEmployees":{"@type":"QuantitativeValue","minValue":"1","maxValue":"10"}}]}},"_links":{"self":[{"href":"https:\/\/distribucionarc.com\/it\/wp-json\/wp\/v2\/product\/2650","targetHints":{"allow":["GET"]}}],"collection":[{"href":"https:\/\/distribucionarc.com\/it\/wp-json\/wp\/v2\/product"}],"about":[{"href":"https:\/\/distribucionarc.com\/it\/wp-json\/wp\/v2\/types\/product"}],"replies":[{"embeddable":true,"href":"https:\/\/distribucionarc.com\/it\/wp-json\/wp\/v2\/comments?post=2650"}],"version-history":[{"count":0,"href":"https:\/\/distribucionarc.com\/it\/wp-json\/wp\/v2\/product\/2650\/revisions"}],"wp:featuredmedia":[{"embeddable":true,"href":"https:\/\/distribucionarc.com\/it\/wp-json\/wp\/v2\/media\/6017"}],"wp:attachment":[{"href":"https:\/\/distribucionarc.com\/it\/wp-json\/wp\/v2\/media?parent=2650"}],"wp:term":[{"taxonomy":"product_brand","embeddable":true,"href":"https:\/\/distribucionarc.com\/it\/wp-json\/wp\/v2\/product_brand?post=2650"},{"taxonomy":"product_cat","embeddable":true,"href":"https:\/\/distribucionarc.com\/it\/wp-json\/wp\/v2\/product_cat?post=2650"},{"taxonomy":"product_tag","embeddable":true,"href":"https:\/\/distribucionarc.com\/it\/wp-json\/wp\/v2\/product_tag?post=2650"}],"curies":[{"name":"wp","href":"https:\/\/api.w.org\/{rel}","templated":true}]}}