{"id":2678,"date":"2020-08-20T11:22:08","date_gmt":"2020-08-20T11:22:08","guid":{"rendered":"https:\/\/distribucionarc.com\/?post_type=product&#038;p=2678"},"modified":"2023-02-06T13:00:10","modified_gmt":"2023-02-06T13:00:10","slug":"fontana-di-cioccolato-a-5-livelli","status":"publish","type":"product","link":"https:\/\/distribucionarc.com\/it\/producto\/fuente-de-chocolate-5-niveles\/","title":{"rendered":"Fontana di cioccolato 5 livelli"},"content":{"rendered":"<h3>Fontana di cioccolato 5 livelli<\/h3>\n<p>IL\u00a0<strong>fontana di cioccolato<\/strong>\u00a0Di\u00a0<strong><span style=\"color: #ff0000;\">A<\/span><span style=\"color: #0000ff;\">R<\/span>C<\/strong>\u00a0ha un\u00a0<strong>sistema di nuova generazione che consente di risparmiare energia<\/strong>\u00a0e riscaldare il dispositivo con controllo automatico e temperatura costante. Sciogli il cioccolato pi\u00f9 velocemente, puoi impostare la fontana a temperatura ambiente. In questo modo la composizione del cioccolato non viene alterata.<\/p>\n<p>Realizzato in acciaio inossidabile alimentare 304, il\u00a0<strong>fontana di cioccolato <span style=\"color: #ff0000;\">A<\/span><span style=\"color: #0000ff;\">R<\/span>CFCH5<\/strong>\u00a0\u00c8 completamente chiuso per evitare problemi di perdite. Il suo motore silenzioso ed efficiente lo rende ideale per banchetti, matrimoni, buffet, eventi, feste, ecc.<\/p>\n<h6>Garanzia<strong>\u00a0<span style=\"color: #ff0000;\">A<\/span><span style=\"color: #0000ff;\">R<\/span>C<\/strong><\/h6>\n<h6><span style=\"color: #008000;\"><strong>Efficiente fontana di cioccolato, basso consumo 120W\u00a0<\/strong><\/span><\/h6>\n<h6>supporto tecnico incluso<\/h6>\n<p>&nbsp;<\/p>\n<table role=\"presentation\" width=\"100%\" cellspacing=\"0\" cellpadding=\"0\">\n<tbody>\n<tr>\n<td class=\"attrLabels\">Garanzia:<\/td>\n<td width=\"50.0%\">ARCO 2 ANNI<\/td>\n<\/tr>\n<tr>\n<td class=\"attrLabels\">Paese di distribuzione:<\/td>\n<td width=\"50.0%\">Spagna, Germania, Stati Uniti<\/td>\n<td class=\"attrLabels\">Peso:<\/td>\n<td width=\"50.0%\">9kg<\/td>\n<\/tr>\n<tr>\n<td class=\"attrLabels\">Marca:<\/td>\n<td width=\"50.0%\">ARCO<\/td>\n<td class=\"attrLabels\">Altezza:<\/td>\n<td width=\"50.0%\">\u00a071 cm<\/td>\n<\/tr>\n<tr>\n<td class=\"attrLabels\">Colore:<\/td>\n<td width=\"50.0%\">Argento<\/td>\n<td class=\"attrLabels\">Lungo:<\/td>\n<td width=\"50.0%\">39 cm<\/td>\n<\/tr>\n<tr>\n<td class=\"attrLabels\">Tipo di prodotto:<\/td>\n<td width=\"50.0%\">fontana di cioccolato<\/td>\n<td class=\"attrLabels\">Ampio:<\/td>\n<td width=\"50.0%\">39 cm<\/td>\n<\/tr>\n<tr>\n<td class=\"attrLabels\">Numero del produttore:<\/td>\n<td width=\"50.0%\">ARCFCH5<\/td>\n<td class=\"attrLabels\">Energia:<\/td>\n<td width=\"50.0%\">120 W<\/td>\n<\/tr>\n<tr>\n<td class=\"attrLabels\">Materiale:<\/td>\n<td width=\"50.0%\">acciaio inossidabile<\/td>\n<td class=\"attrLabels\">Intervallo di temperatura:<\/td>\n<td width=\"50.0%\">0\u00ba \u2013 150\u00ba C<\/td>\n<\/tr>\n<tr>\n<td class=\"attrLabels\">livelli:<\/td>\n<td width=\"50.0%\">5<\/td>\n<td class=\"attrLabels\">Diametro massimo:<\/td>\n<td width=\"50.0%\">33 cm<\/td>\n<\/tr>\n<tr>\n<td class=\"attrLabels\">Strumenti di installazione:<\/td>\n<td width=\"50.0%\">S\u00ec<\/td>\n<td class=\"attrLabels\">Capacit\u00e0:<\/td>\n<td width=\"50.0%\">3 litri<\/td>\n<\/tr>\n<\/tbody>\n<\/table>","protected":false},"excerpt":{"rendered":"<h2>Fontana di cioccolato 5 livelli<\/h2>\n<p>IL\u00a0<strong>fontana di cioccolato<\/strong>\u00a0Di\u00a0<strong><span style=\"color: #ff0000;\">A<\/span><span style=\"color: #0000ff;\">R<\/span>C<\/strong> Dispone di 5 livelli per produrre un effetto cascata senza eguali.<\/p>\n<p>Il cioccolato che scende appetitoso e dall&#039;aspetto setoso attraverso questo\u00a0<strong>fontana di cioccolato <span style=\"color: #ff0000;\">A<\/span><span style=\"color: #0000ff;\">R<\/span>CFCH5<\/strong>\u00a0Pu\u00f2 essere un piacere straordinario, crea effetti unici. Inoltre, pu\u00f2 essere sostituito anche con altri alimenti, come cioccolato al latte, cioccolato fondente, dulce de leche, fragola, mela, biscotti, palline di gelato, palline di arachidi e molti altri.<\/p>\n<h6>Garanzia<strong>\u00a0<span style=\"color: #ff0000;\">A<\/span><span style=\"color: #0000ff;\">R<\/span>C<\/strong><\/h6>\n<h6><span style=\"color: #008000;\"><strong>Efficiente fontana di cioccolato, basso consumo 120W\u00a0<\/strong><\/span><\/h6>\n<h6>supporto tecnico incluso<\/h6>","protected":false},"featured_media":2684,"comment_status":"open","ping_status":"closed","template":"","meta":{"wds_primary_product_brand":0,"wds_primary_product_cat":0},"product_brand":[],"product_cat":[57,56],"product_tag":[],"class_list":{"0":"post-2678","1":"product","2":"type-product","3":"status-publish","4":"has-post-thumbnail","6":"product_cat-dosificadores-dispensadores","7":"product_cat-maquinaria-para-ferias","8":"product_shipping_class-hosteleria","10":"first","11":"instock","12":"sale","13":"taxable","14":"shipping-taxable","15":"purchasable","16":"product-type-simple"},"yoast_head":"<!-- This site is optimized with the Yoast SEO Premium plugin v24.9 (Yoast SEO v26.1) - https:\/\/yoast.com\/wordpress\/plugins\/seo\/ -->\n<title>Fuente de chocolate 5 niveles - distribuci\u00f3n ARC<\/title>\n<meta name=\"robots\" content=\"index, follow, max-snippet:-1, max-image-preview:large, max-video-preview:-1\" \/>\n<link rel=\"canonical\" href=\"https:\/\/www.distribucionarc.com\/lt\/producto\/fuente-de-chocolate-5-niveles\/\" \/>\n<meta property=\"og:locale\" content=\"it_IT\" \/>\n<meta property=\"og:type\" content=\"article\" \/>\n<meta property=\"og:title\" content=\"Fuente de chocolate 5 niveles\" \/>\n<meta property=\"og:description\" content=\"Fuente de chocolate 5 niveles La\u00a0fuente de chocolate\u00a0de\u00a0ARC dispone de 5 niveles para producir un efecto cascada inigualable.  El chocolate que desciende apetitosamente y con un aspecto sedoso por esta\u00a0fuente de chocolate ARCFCH5\u00a0puede ser un placer extraordinario, crea efectos \u00fanicos. Adem\u00e1s, tambi\u00e9n puede sustituirse con otros alimentos, tales como chocolate con leche, chocolate negro, dulce de leche, fresa, manzana, galletas, bolas de helado, bolas de cacahuete, y muchos m\u00e1s. Garant\u00eda\u00a0ARC Fuente de chocolate eficiente, bajo consumo 120W\u00a0 soporte t\u00e9cnico\u00a0incluido\" \/>\n<meta property=\"og:url\" content=\"https:\/\/www.distribucionarc.com\/lt\/producto\/fuente-de-chocolate-5-niveles\/\" \/>\n<meta property=\"og:site_name\" content=\"distribuci\u00f3n ARC\" \/>\n<meta property=\"article:modified_time\" content=\"2023-02-06T13:00:10+00:00\" \/>\n<meta property=\"og:image\" content=\"https:\/\/www.distribucionarc.com\/wp-content\/uploads\/2020\/08\/Fuente-de-chocolate-5-niveles-1.jpg\" \/>\n\t<meta property=\"og:image:width\" content=\"1000\" \/>\n\t<meta property=\"og:image:height\" content=\"1000\" \/>\n\t<meta property=\"og:image:type\" content=\"image\/jpeg\" \/>\n<meta name=\"twitter:card\" content=\"summary_large_image\" \/>\n<meta name=\"twitter:label1\" content=\"Tempo di lettura stimato\" \/>\n\t<meta name=\"twitter:data1\" content=\"1 minuto\" \/>\n<script type=\"application\/ld+json\" class=\"yoast-schema-graph\">{\"@context\":\"https:\/\/schema.org\",\"@graph\":[{\"@type\":\"WebPage\",\"@id\":\"https:\/\/www.distribucionarc.com\/lt\/producto\/fuente-de-chocolate-5-niveles\/\",\"url\":\"https:\/\/www.distribucionarc.com\/lt\/producto\/fuente-de-chocolate-5-niveles\/\",\"name\":\"Fuente de chocolate 5 niveles - distribuci\u00f3n ARC\",\"isPartOf\":{\"@id\":\"https:\/\/distribucionarc.com\/ro\/#website\"},\"primaryImageOfPage\":{\"@id\":\"https:\/\/www.distribucionarc.com\/lt\/producto\/fuente-de-chocolate-5-niveles\/#primaryimage\"},\"image\":{\"@id\":\"https:\/\/www.distribucionarc.com\/lt\/producto\/fuente-de-chocolate-5-niveles\/#primaryimage\"},\"thumbnailUrl\":\"https:\/\/distribucionarc.com\/wp-content\/uploads\/2020\/08\/Fuente-de-chocolate-5-niveles-1.jpg\",\"datePublished\":\"2020-08-20T11:22:08+00:00\",\"dateModified\":\"2023-02-06T13:00:10+00:00\",\"breadcrumb\":{\"@id\":\"https:\/\/www.distribucionarc.com\/lt\/producto\/fuente-de-chocolate-5-niveles\/#breadcrumb\"},\"inLanguage\":\"it-IT\",\"potentialAction\":[{\"@type\":\"ReadAction\",\"target\":[\"https:\/\/www.distribucionarc.com\/lt\/producto\/fuente-de-chocolate-5-niveles\/\"]}]},{\"@type\":\"ImageObject\",\"inLanguage\":\"it-IT\",\"@id\":\"https:\/\/www.distribucionarc.com\/lt\/producto\/fuente-de-chocolate-5-niveles\/#primaryimage\",\"url\":\"https:\/\/distribucionarc.com\/wp-content\/uploads\/2020\/08\/Fuente-de-chocolate-5-niveles-1.jpg\",\"contentUrl\":\"https:\/\/distribucionarc.com\/wp-content\/uploads\/2020\/08\/Fuente-de-chocolate-5-niveles-1.jpg\",\"width\":1000,\"height\":1000,\"caption\":\"Fuente de chocolate 5 niveles\"},{\"@type\":\"BreadcrumbList\",\"@id\":\"https:\/\/www.distribucionarc.com\/lt\/producto\/fuente-de-chocolate-5-niveles\/#breadcrumb\",\"itemListElement\":[{\"@type\":\"ListItem\",\"position\":1,\"name\":\"Portada\",\"item\":\"https:\/\/distribucionarc.com\/ar\/\"},{\"@type\":\"ListItem\",\"position\":2,\"name\":\"Proizvodi\",\"item\":\"https:\/\/www.distribucionarc.com\/hr\/ducan\/\"},{\"@type\":\"ListItem\",\"position\":3,\"name\":\"Fuente de chocolate 5 niveles\"}]},{\"@type\":\"WebSite\",\"@id\":\"https:\/\/distribucionarc.com\/ro\/#website\",\"url\":\"https:\/\/distribucionarc.com\/ro\/\",\"name\":\"distribuci\u00f3n ARC\",\"description\":\"Empresa especializada en la fabricaci\u00f3n y distribuci\u00f3n de maquinaria industrial, selladoras de latas, Maquinas de hacer pastillas, Maquinas de cortar carne...\",\"publisher\":{\"@id\":\"https:\/\/distribucionarc.com\/ro\/#organization\"},\"potentialAction\":[{\"@type\":\"SearchAction\",\"target\":{\"@type\":\"EntryPoint\",\"urlTemplate\":\"https:\/\/distribucionarc.com\/ro\/?s={search_term_string}\"},\"query-input\":{\"@type\":\"PropertyValueSpecification\",\"valueRequired\":true,\"valueName\":\"search_term_string\"}}],\"inLanguage\":\"it-IT\"},{\"@type\":\"Organization\",\"@id\":\"https:\/\/distribucionarc.com\/ro\/#organization\",\"name\":\"Distribuci\u00f3n ARC\",\"url\":\"https:\/\/distribucionarc.com\/ro\/\",\"logo\":{\"@type\":\"ImageObject\",\"inLanguage\":\"it-IT\",\"@id\":\"https:\/\/distribucionarc.com\/ro\/#\/schema\/logo\/image\/\",\"url\":\"https:\/\/distribucionarc.com\/wp-content\/uploads\/2024\/10\/distribucion-ARC-COLOR-SIN-FONDO-e1732295305345.png\",\"contentUrl\":\"https:\/\/distribucionarc.com\/wp-content\/uploads\/2024\/10\/distribucion-ARC-COLOR-SIN-FONDO-e1732295305345.png\",\"width\":1164,\"height\":558,\"caption\":\"Distribuci\u00f3n ARC\"},\"image\":{\"@id\":\"https:\/\/distribucionarc.com\/ro\/#\/schema\/logo\/image\/\"},\"description\":\"Empresa especializada en la fabricaci\u00f3n y distribuci\u00f3n de maquinaria industrial para los sectores alimentario y farmac\u00e9utico. Nos especializamos en: M\u00e1quinas de cortar carne Fabricaci\u00f3n de comprimidos Sistemas de transporte industrial L\u00edneas de embotellado Dosificadores Y mucho m\u00e1s... Ofrecemos soluciones innovadoras y personalizadas para optimizar los procesos productivos de tu empresa.\",\"email\":\"Admistracion@distribucionarc.com\",\"telephone\":\"+34 643496664\",\"legalName\":\"ARC TECH SOLUTIONS\",\"foundingDate\":\"2024-04-09\",\"vatID\":\"B55480172\",\"numberOfEmployees\":{\"@type\":\"QuantitativeValue\",\"minValue\":\"1\",\"maxValue\":\"10\"}}]}<\/script>\n<!-- \/ Yoast SEO Premium plugin. -->","yoast_head_json":{"title":"Fontana di cioccolato 5 livelli - Distribuzione ARC","robots":{"index":"index","follow":"follow","max-snippet":"max-snippet:-1","max-image-preview":"max-image-preview:large","max-video-preview":"max-video-preview:-1"},"canonical":"https:\/\/www.distribucionarc.com\/lt\/producto\/fuente-de-chocolate-5-niveles\/","og_locale":"it_IT","og_type":"article","og_title":"Fuente de chocolate 5 niveles","og_description":"Fuente de chocolate 5 niveles La\u00a0fuente de chocolate\u00a0de\u00a0ARC dispone de 5 niveles para producir un efecto cascada inigualable.  El chocolate que desciende apetitosamente y con un aspecto sedoso por esta\u00a0fuente de chocolate ARCFCH5\u00a0puede ser un placer extraordinario, crea efectos \u00fanicos. Adem\u00e1s, tambi\u00e9n puede sustituirse con otros alimentos, tales como chocolate con leche, chocolate negro, dulce de leche, fresa, manzana, galletas, bolas de helado, bolas de cacahuete, y muchos m\u00e1s. Garant\u00eda\u00a0ARC Fuente de chocolate eficiente, bajo consumo 120W\u00a0 soporte t\u00e9cnico\u00a0incluido","og_url":"https:\/\/www.distribucionarc.com\/lt\/producto\/fuente-de-chocolate-5-niveles\/","og_site_name":"distribuci\u00f3n ARC","article_modified_time":"2023-02-06T13:00:10+00:00","og_image":[{"width":1000,"height":1000,"url":"https:\/\/www.distribucionarc.com\/wp-content\/uploads\/2020\/08\/Fuente-de-chocolate-5-niveles-1.jpg","type":"image\/jpeg"}],"twitter_card":"summary_large_image","twitter_misc":{"Tempo di lettura stimato":"1 minuto"},"schema":{"@context":"https:\/\/schema.org","@graph":[{"@type":"WebPage","@id":"https:\/\/www.distribucionarc.com\/lt\/producto\/fuente-de-chocolate-5-niveles\/","url":"https:\/\/www.distribucionarc.com\/lt\/producto\/fuente-de-chocolate-5-niveles\/","name":"Fontana di cioccolato 5 livelli - Distribuzione ARC","isPartOf":{"@id":"https:\/\/distribucionarc.com\/ro\/#website"},"primaryImageOfPage":{"@id":"https:\/\/www.distribucionarc.com\/lt\/producto\/fuente-de-chocolate-5-niveles\/#primaryimage"},"image":{"@id":"https:\/\/www.distribucionarc.com\/lt\/producto\/fuente-de-chocolate-5-niveles\/#primaryimage"},"thumbnailUrl":"https:\/\/distribucionarc.com\/wp-content\/uploads\/2020\/08\/Fuente-de-chocolate-5-niveles-1.jpg","datePublished":"2020-08-20T11:22:08+00:00","dateModified":"2023-02-06T13:00:10+00:00","breadcrumb":{"@id":"https:\/\/www.distribucionarc.com\/lt\/producto\/fuente-de-chocolate-5-niveles\/#breadcrumb"},"inLanguage":"it-IT","potentialAction":[{"@type":"ReadAction","target":["https:\/\/www.distribucionarc.com\/lt\/producto\/fuente-de-chocolate-5-niveles\/"]}]},{"@type":"ImageObject","inLanguage":"it-IT","@id":"https:\/\/www.distribucionarc.com\/lt\/producto\/fuente-de-chocolate-5-niveles\/#primaryimage","url":"https:\/\/distribucionarc.com\/wp-content\/uploads\/2020\/08\/Fuente-de-chocolate-5-niveles-1.jpg","contentUrl":"https:\/\/distribucionarc.com\/wp-content\/uploads\/2020\/08\/Fuente-de-chocolate-5-niveles-1.jpg","width":1000,"height":1000,"caption":"Fuente de chocolate 5 niveles"},{"@type":"BreadcrumbList","@id":"https:\/\/www.distribucionarc.com\/lt\/producto\/fuente-de-chocolate-5-niveles\/#breadcrumb","itemListElement":[{"@type":"ListItem","position":1,"name":"Portada","item":"https:\/\/distribucionarc.com\/ar\/"},{"@type":"ListItem","position":2,"name":"Proizvodi","item":"https:\/\/www.distribucionarc.com\/hr\/ducan\/"},{"@type":"ListItem","position":3,"name":"Fuente de chocolate 5 niveles"}]},{"@type":"WebSite","@id":"https:\/\/distribucionarc.com\/ro\/#website","url":"https:\/\/distribucionarc.com\/ro\/","name":"Distribuzione dell&#039;ARCO","description":"Azienda specializzata nella produzione e distribuzione di macchinari industriali, macchine sigillatrici di lattine, macchine per la produzione di compresse, macchine per il taglio della carne...","publisher":{"@id":"https:\/\/distribucionarc.com\/ro\/#organization"},"potentialAction":[{"@type":"SearchAction","target":{"@type":"EntryPoint","urlTemplate":"https:\/\/distribucionarc.com\/ro\/?s={search_term_string}"},"query-input":{"@type":"PropertyValueSpecification","valueRequired":true,"valueName":"search_term_string"}}],"inLanguage":"it-IT"},{"@type":"Organization","@id":"https:\/\/distribucionarc.com\/ro\/#organization","name":"Distribuzione dell&#039;ARC","url":"https:\/\/distribucionarc.com\/ro\/","logo":{"@type":"ImageObject","inLanguage":"it-IT","@id":"https:\/\/distribucionarc.com\/ro\/#\/schema\/logo\/image\/","url":"https:\/\/distribucionarc.com\/wp-content\/uploads\/2024\/10\/distribucion-ARC-COLOR-SIN-FONDO-e1732295305345.png","contentUrl":"https:\/\/distribucionarc.com\/wp-content\/uploads\/2024\/10\/distribucion-ARC-COLOR-SIN-FONDO-e1732295305345.png","width":1164,"height":558,"caption":"Distribuci\u00f3n ARC"},"image":{"@id":"https:\/\/distribucionarc.com\/ro\/#\/schema\/logo\/image\/"},"description":"Azienda specializzata nella produzione e distribuzione di macchinari industriali per il settore alimentare e farmaceutico. Siamo specializzati in: Macchine per il taglio della carne Produzione di compresse Sistemi di trasporto industriale Linee di imbottigliamento Dispenser E molto altro ancora... Offriamo soluzioni innovative e personalizzate per ottimizzare i processi produttivi della vostra azienda.","email":"Admistracion@distribucionarc.com","telephone":"+34 643496664","legalName":"ARC TECH SOLUTIONS","foundingDate":"2024-04-09","vatID":"B55480172","numberOfEmployees":{"@type":"QuantitativeValue","minValue":"1","maxValue":"10"}}]}},"_links":{"self":[{"href":"https:\/\/distribucionarc.com\/it\/wp-json\/wp\/v2\/product\/2678","targetHints":{"allow":["GET"]}}],"collection":[{"href":"https:\/\/distribucionarc.com\/it\/wp-json\/wp\/v2\/product"}],"about":[{"href":"https:\/\/distribucionarc.com\/it\/wp-json\/wp\/v2\/types\/product"}],"replies":[{"embeddable":true,"href":"https:\/\/distribucionarc.com\/it\/wp-json\/wp\/v2\/comments?post=2678"}],"version-history":[{"count":0,"href":"https:\/\/distribucionarc.com\/it\/wp-json\/wp\/v2\/product\/2678\/revisions"}],"wp:featuredmedia":[{"embeddable":true,"href":"https:\/\/distribucionarc.com\/it\/wp-json\/wp\/v2\/media\/2684"}],"wp:attachment":[{"href":"https:\/\/distribucionarc.com\/it\/wp-json\/wp\/v2\/media?parent=2678"}],"wp:term":[{"taxonomy":"product_brand","embeddable":true,"href":"https:\/\/distribucionarc.com\/it\/wp-json\/wp\/v2\/product_brand?post=2678"},{"taxonomy":"product_cat","embeddable":true,"href":"https:\/\/distribucionarc.com\/it\/wp-json\/wp\/v2\/product_cat?post=2678"},{"taxonomy":"product_tag","embeddable":true,"href":"https:\/\/distribucionarc.com\/it\/wp-json\/wp\/v2\/product_tag?post=2678"}],"curies":[{"name":"wp","href":"https:\/\/api.w.org\/{rel}","templated":true}]}}