{"id":2698,"date":"2020-08-20T15:47:46","date_gmt":"2020-08-20T15:47:46","guid":{"rendered":"https:\/\/distribucionarc.com\/?post_type=product&#038;p=2698"},"modified":"2020-10-01T09:35:32","modified_gmt":"2020-10-01T09:35:32","slug":"sonda-con-telecamera-ispezione-di-tubi","status":"publish","type":"product","link":"https:\/\/distribucionarc.com\/it\/producto\/sonda-con-camara-inspeccion-de-tuberias\/","title":{"rendered":"Sonda con telecamera, ispezione tubi\u00a0"},"content":{"rendered":"<h3>Sonda con telecamera, ispezione tubi<\/h3>\n<p style=\"line-height: 21.0pt;\"><span style=\"font-size: 13.0pt; font-family: 'Arial',sans-serif; color: black;\">IL<strong> telecamera per ispezione tubi <span style=\"color: #ff0000;\">A<\/span><span style=\"color: #0000ff;\">R<\/span>C<\/strong> combina una sonda con fotocamera con un monitor LCD da 7 pollici per visualizzare un&#039;area di ispezione difficile da raggiungere. IL <strong>Telecamera HD con angolo di visione di 145\u00ba<\/strong>, ti daranno un&#039;immagine completa e chiara. La batteria pu\u00f2 essere utilizzata per 8 ore, in buone condizioni.<\/span><\/p>\n<p style=\"line-height: 21.0pt;\"><span style=\"font-size: 13.0pt; font-family: 'Arial',sans-serif; color: black;\">La protezione in pelle garantisce una visione chiara durante l&#039;ispezione esterna e una protezione aggiuntiva per il monitor.<\/span> <span style=\"font-size: 13.0pt; font-family: 'Arial',sans-serif; color: black;\">La scatola in alluminio dal design integrato \u00e8 facile da usare, non richiede assemblaggio, tutti gli accessori possono essere alloggiati nella scatola per un trasporto sicuro, durevole e robusto.<\/span><\/p>\n<p style=\"line-height: 21.0pt;\"><span style=\"font-size: 13.0pt; font-family: 'Arial',sans-serif; color: black;\">La lunghezza del cavo di prolunga <strong>Sonda con telecamera <span style=\"color: #ff0000;\">A<\/span><span style=\"color: #0000ff;\">R<\/span>CSCT2<\/strong> Disponibile \u00e8 di 30 m, resistente al freddo, impermeabile e resistente alla trazione. Design impermeabile IP68, resistente per resistere a vari ambienti.<\/span><\/p>\n<h6><strong>Garanzia\u00a0<span style=\"color: #ff0000;\">A<\/span><span style=\"color: #0000ff;\">R<\/span>C 2 ANNI<\/strong><\/h6>\n<h6><span style=\"color: #008000;\">Durata della batteria 8 ore<\/span><\/h6>\n<h6><strong>supporto tecnico incluso<\/strong><\/h6>\n<p>&nbsp;<\/p>\n<table role=\"presentation\" width=\"100%\" cellspacing=\"0\" cellpadding=\"0\">\n<tbody>\n<tr>\n<td class=\"attrLabels\">Marca:<\/td>\n<td width=\"50.0%\">ARCO<\/td>\n<\/tr>\n<tr>\n<td class=\"attrLabels\">Paese di distribuzione:<\/td>\n<td width=\"50.0%\">Spagna, Germania, Stati Uniti<\/td>\n<td class=\"attrLabels\">Peso:<\/td>\n<td width=\"50.0%\">15 kg<\/td>\n<\/tr>\n<tr>\n<td class=\"attrLabels\">Marca:<\/td>\n<td width=\"50.0%\">ARCO<\/td>\n<td class=\"attrLabels\">Lunghezza del cavo:<\/td>\n<td width=\"50.0%\">30 cm<\/td>\n<\/tr>\n<tr>\n<td class=\"attrLabels\">Colore:<\/td>\n<td width=\"50.0%\">argento, nero<\/td>\n<td class=\"attrLabels\">Monitorare i pixel:<\/td>\n<td width=\"50.0%\">800(A)x480(V)<\/td>\n<\/tr>\n<tr>\n<td class=\"attrLabels\">Tipo di prodotto:<\/td>\n<td width=\"50.0%\">Telecamera per l&#039;ispezione dei tubi<\/td>\n<td class=\"attrLabels\">Durata della batteria:<\/td>\n<td width=\"50.0%\">8 ore<\/td>\n<\/tr>\n<tr>\n<td class=\"attrLabels\">Numero del produttore:<\/td>\n<td width=\"50.0%\">ARCSCT2<\/td>\n<td class=\"attrLabels\">Amplificatori della batteria:<\/td>\n<td width=\"50.0%\">250 W<\/td>\n<\/tr>\n<tr>\n<td class=\"attrLabels\">Materiale:<\/td>\n<td width=\"50.0%\">Fotocamera HD, protezione in pelle<\/td>\n<td class=\"attrLabels\">tensione di ingresso<\/td>\n<td width=\"50.0%\">220 V \u2013 60 Hz<\/td>\n<\/tr>\n<tr>\n<td class=\"attrLabels\">Garanzia:<\/td>\n<td width=\"50.0%\">\u00a0 2 anni<\/td>\n<td class=\"attrLabels\">Caricabatterie:<\/td>\n<td width=\"50.0%\">CA 100-240 V CC 12,6 V 1000 MA<\/td>\n<\/tr>\n<tr>\n<td class=\"attrLabels\">Strumenti di installazione:<\/td>\n<td width=\"50.0%\">S\u00ec<\/td>\n<td class=\"attrLabels\">\u00a0Sorgente luminosa della fotocamera:<\/td>\n<td width=\"50.0%\">6 LED da 1 W con luce bianca elevata (regolabile)<\/td>\n<\/tr>\n<\/tbody>\n<\/table>\n<p>&nbsp;<\/p>\n<p>&nbsp;<\/p>","protected":false},"excerpt":{"rendered":"<h2><strong>Sonda con telecamera, ispezione tubi\u00a0<\/strong><\/h2>\n<p><span style=\"font-size: 13.0pt; font-family: 'Arial',sans-serif; color: black; font-weight: normal;\"><span style=\"background: white;\"><span style=\"text-align: start; float: none;\">IL<strong> telecamera per ispezione tubi <span style=\"color: #ff0000;\">A<\/span><span style=\"color: #0000ff;\">R<\/span>C<\/strong> Combina una sonda con una fotocamera sulla punta accompagnata da un monitor LCD da 7 pollici per visualizzare le aree di ispezione difficili da raggiungere. Il bagaglio in pelle di lusso offre una visione chiara durante l&#039;ispezione esterna e una protezione aggiuntiva per il monitor. Viene fornito con una scatola completamente imbottita che contiene tutti i kit per un facile trasporto e utilizzo. Elimina la necessit\u00e0 di fare a pezzi il muro a secco per individuare le perdite e aiuta a risolvere i problemi idraulici.<\/span><\/span><\/span><\/p>\n<h6><strong>Garanzia\u00a0<span style=\"color: #ff0000;\">A<\/span><span style=\"color: #0000ff;\">R<\/span>C 2 ANNI<\/strong><\/h6>\n<h6><span style=\"color: #008000;\">Durata della batteria 8 ore<\/span><\/h6>\n<h6><strong>supporto tecnico incluso<\/strong><\/h6>","protected":false},"featured_media":2700,"comment_status":"open","ping_status":"closed","template":"","meta":{"wds_primary_product_brand":0,"wds_primary_product_cat":0},"product_brand":[],"product_cat":[69],"product_tag":[],"class_list":{"0":"post-2698","1":"product","2":"type-product","3":"status-publish","4":"has-post-thumbnail","6":"product_cat-maquinas-variadas","7":"product_shipping_class-express","9":"first","10":"instock","11":"sale","12":"taxable","13":"shipping-taxable","14":"purchasable","15":"product-type-simple"},"yoast_head":"<!-- This site is optimized with the Yoast SEO Premium plugin v24.9 (Yoast SEO v26.1) - https:\/\/yoast.com\/wordpress\/plugins\/seo\/ -->\n<title>Sonda con c\u00e1mara, inspecci\u00f3n de tuber\u00edas\u00a0 - distribuci\u00f3n ARC<\/title>\n<meta name=\"robots\" content=\"index, follow, max-snippet:-1, max-image-preview:large, max-video-preview:-1\" \/>\n<link rel=\"canonical\" href=\"https:\/\/distribucionarc.com\/it\/prodotto\/sonda-con-telecamera-ispezione-di-tubi\/\" \/>\n<meta property=\"og:locale\" content=\"it_IT\" \/>\n<meta property=\"og:type\" content=\"article\" \/>\n<meta property=\"og:title\" content=\"Sonda con c\u00e1mara, inspecci\u00f3n de tuber\u00edas\u00a0\" \/>\n<meta property=\"og:description\" content=\"Sonda con c\u00e1mara, inspecci\u00f3n de tuber\u00edas\u00a0 La c\u00e1mara de inspecci\u00f3n de tuber\u00edas ARC combina una sonda con una c\u00e1mara en la punta acompa\u00f1ada de un monitor LCD de 7 pulgadas para ver el \u00e1rea de inspecci\u00f3n de dif\u00edcil acceso. El equipaje de cuero de lujo proporciona una visi\u00f3n clara en la inspecci\u00f3n al aire libre y protecci\u00f3n adicional para el monitor. Viene con una caja totalmente acolchada que almacena todos los kits para facilitar el transporte y el uso.\u00a0 Elimina las necesidad de desgarramiento de paneles de yeso para localizar fugas y ayuda a resolver problemas de tuber\u00edas. Garant\u00eda\u00a0ARC 2 A\u00d1OS Duraci\u00f3n de la bater\u00eda 8h soporte t\u00e9cnico incluido\" \/>\n<meta property=\"og:url\" content=\"https:\/\/distribucionarc.com\/it\/prodotto\/sonda-con-telecamera-ispezione-di-tubi\/\" \/>\n<meta property=\"og:site_name\" content=\"distribuci\u00f3n ARC\" \/>\n<meta property=\"article:modified_time\" content=\"2020-10-01T09:35:32+00:00\" \/>\n<meta property=\"og:image\" content=\"https:\/\/distribucionarc.com\/wp-content\/uploads\/2020\/08\/Sonda-con-c\u00e1mara-inspecci\u00f3n-de-tuber\u00edas-2.jpg\" \/>\n\t<meta property=\"og:image:width\" content=\"1001\" \/>\n\t<meta property=\"og:image:height\" content=\"1001\" \/>\n\t<meta property=\"og:image:type\" content=\"image\/jpeg\" \/>\n<meta name=\"twitter:card\" content=\"summary_large_image\" \/>\n<meta name=\"twitter:label1\" content=\"Tempo di lettura stimato\" \/>\n\t<meta name=\"twitter:data1\" content=\"1 minuto\" \/>\n<script type=\"application\/ld+json\" class=\"yoast-schema-graph\">{\"@context\":\"https:\/\/schema.org\",\"@graph\":[{\"@type\":\"WebPage\",\"@id\":\"https:\/\/distribucionarc.com\/nb\/producto\/sonda-con-camara-inspeccion-de-tuberias\/\",\"url\":\"https:\/\/distribucionarc.com\/nb\/producto\/sonda-con-camara-inspeccion-de-tuberias\/\",\"name\":\"Sonda con c\u00e1mara, inspecci\u00f3n de tuber\u00edas\u00a0 - distribuci\u00f3n ARC\",\"isPartOf\":{\"@id\":\"https:\/\/distribucionarc.com\/ro\/#website\"},\"primaryImageOfPage\":{\"@id\":\"https:\/\/distribucionarc.com\/nb\/producto\/sonda-con-camara-inspeccion-de-tuberias\/#primaryimage\"},\"image\":{\"@id\":\"https:\/\/distribucionarc.com\/nb\/producto\/sonda-con-camara-inspeccion-de-tuberias\/#primaryimage\"},\"thumbnailUrl\":\"https:\/\/distribucionarc.com\/wp-content\/uploads\/2020\/08\/Sonda-con-c\u00e1mara-inspecci\u00f3n-de-tuber\u00edas-2.jpg\",\"datePublished\":\"2020-08-20T15:47:46+00:00\",\"dateModified\":\"2020-10-01T09:35:32+00:00\",\"breadcrumb\":{\"@id\":\"https:\/\/distribucionarc.com\/nb\/producto\/sonda-con-camara-inspeccion-de-tuberias\/#breadcrumb\"},\"inLanguage\":\"it-IT\",\"potentialAction\":[{\"@type\":\"ReadAction\",\"target\":[\"https:\/\/distribucionarc.com\/nb\/producto\/sonda-con-camara-inspeccion-de-tuberias\/\"]}]},{\"@type\":\"ImageObject\",\"inLanguage\":\"it-IT\",\"@id\":\"https:\/\/distribucionarc.com\/nb\/producto\/sonda-con-camara-inspeccion-de-tuberias\/#primaryimage\",\"url\":\"https:\/\/distribucionarc.com\/wp-content\/uploads\/2020\/08\/Sonda-con-c\u00e1mara-inspecci\u00f3n-de-tuber\u00edas-2.jpg\",\"contentUrl\":\"https:\/\/distribucionarc.com\/wp-content\/uploads\/2020\/08\/Sonda-con-c\u00e1mara-inspecci\u00f3n-de-tuber\u00edas-2.jpg\",\"width\":1001,\"height\":1001,\"caption\":\"Sonda con c\u00e1mara, inspecci\u00f3n de tuber\u00edas\u00a0\"},{\"@type\":\"BreadcrumbList\",\"@id\":\"https:\/\/distribucionarc.com\/nb\/producto\/sonda-con-camara-inspeccion-de-tuberias\/#breadcrumb\",\"itemListElement\":[{\"@type\":\"ListItem\",\"position\":1,\"name\":\"Portada\",\"item\":\"https:\/\/distribucionarc.com\/ar\/\"},{\"@type\":\"ListItem\",\"position\":2,\"name\":\"Proizvodi\",\"item\":\"https:\/\/www.distribucionarc.com\/hr\/ducan\/\"},{\"@type\":\"ListItem\",\"position\":3,\"name\":\"Sonda con c\u00e1mara, inspecci\u00f3n de tuber\u00edas\u00a0\"}]},{\"@type\":\"WebSite\",\"@id\":\"https:\/\/distribucionarc.com\/ro\/#website\",\"url\":\"https:\/\/distribucionarc.com\/ro\/\",\"name\":\"distribuci\u00f3n ARC\",\"description\":\"Empresa especializada en la fabricaci\u00f3n y distribuci\u00f3n de maquinaria industrial, selladoras de latas, Maquinas de hacer pastillas, Maquinas de cortar carne...\",\"publisher\":{\"@id\":\"https:\/\/distribucionarc.com\/ro\/#organization\"},\"potentialAction\":[{\"@type\":\"SearchAction\",\"target\":{\"@type\":\"EntryPoint\",\"urlTemplate\":\"https:\/\/distribucionarc.com\/ro\/?s={search_term_string}\"},\"query-input\":{\"@type\":\"PropertyValueSpecification\",\"valueRequired\":true,\"valueName\":\"search_term_string\"}}],\"inLanguage\":\"it-IT\"},{\"@type\":\"Organization\",\"@id\":\"https:\/\/distribucionarc.com\/ro\/#organization\",\"name\":\"Distribuci\u00f3n ARC\",\"url\":\"https:\/\/distribucionarc.com\/ro\/\",\"logo\":{\"@type\":\"ImageObject\",\"inLanguage\":\"it-IT\",\"@id\":\"https:\/\/distribucionarc.com\/ro\/#\/schema\/logo\/image\/\",\"url\":\"https:\/\/distribucionarc.com\/wp-content\/uploads\/2024\/10\/distribucion-ARC-COLOR-SIN-FONDO-e1732295305345.png\",\"contentUrl\":\"https:\/\/distribucionarc.com\/wp-content\/uploads\/2024\/10\/distribucion-ARC-COLOR-SIN-FONDO-e1732295305345.png\",\"width\":1164,\"height\":558,\"caption\":\"Distribuci\u00f3n ARC\"},\"image\":{\"@id\":\"https:\/\/distribucionarc.com\/ro\/#\/schema\/logo\/image\/\"},\"description\":\"Empresa especializada en la fabricaci\u00f3n y distribuci\u00f3n de maquinaria industrial para los sectores alimentario y farmac\u00e9utico. Nos especializamos en: M\u00e1quinas de cortar carne Fabricaci\u00f3n de comprimidos Sistemas de transporte industrial L\u00edneas de embotellado Dosificadores Y mucho m\u00e1s... Ofrecemos soluciones innovadoras y personalizadas para optimizar los procesos productivos de tu empresa.\",\"email\":\"Admistracion@distribucionarc.com\",\"telephone\":\"+34 643496664\",\"legalName\":\"ARC TECH SOLUTIONS\",\"foundingDate\":\"2024-04-09\",\"vatID\":\"B55480172\",\"numberOfEmployees\":{\"@type\":\"QuantitativeValue\",\"minValue\":\"1\",\"maxValue\":\"10\"}}]}<\/script>\n<!-- \/ Yoast SEO Premium plugin. -->","yoast_head_json":{"title":"Sonda con telecamera, ispezione tubazioni - distribuzione ARC","robots":{"index":"index","follow":"follow","max-snippet":"max-snippet:-1","max-image-preview":"max-image-preview:large","max-video-preview":"max-video-preview:-1"},"canonical":"https:\/\/distribucionarc.com\/it\/prodotto\/sonda-con-telecamera-ispezione-di-tubi\/","og_locale":"it_IT","og_type":"article","og_title":"Sonda con c\u00e1mara, inspecci\u00f3n de tuber\u00edas\u00a0","og_description":"Sonda con c\u00e1mara, inspecci\u00f3n de tuber\u00edas\u00a0 La c\u00e1mara de inspecci\u00f3n de tuber\u00edas ARC combina una sonda con una c\u00e1mara en la punta acompa\u00f1ada de un monitor LCD de 7 pulgadas para ver el \u00e1rea de inspecci\u00f3n de dif\u00edcil acceso. El equipaje de cuero de lujo proporciona una visi\u00f3n clara en la inspecci\u00f3n al aire libre y protecci\u00f3n adicional para el monitor. Viene con una caja totalmente acolchada que almacena todos los kits para facilitar el transporte y el uso.\u00a0 Elimina las necesidad de desgarramiento de paneles de yeso para localizar fugas y ayuda a resolver problemas de tuber\u00edas. Garant\u00eda\u00a0ARC 2 A\u00d1OS Duraci\u00f3n de la bater\u00eda 8h soporte t\u00e9cnico incluido","og_url":"https:\/\/distribucionarc.com\/it\/prodotto\/sonda-con-telecamera-ispezione-di-tubi\/","og_site_name":"distribuci\u00f3n ARC","article_modified_time":"2020-10-01T09:35:32+00:00","og_image":[{"width":1001,"height":1001,"url":"https:\/\/distribucionarc.com\/wp-content\/uploads\/2020\/08\/Sonda-con-c\u00e1mara-inspecci\u00f3n-de-tuber\u00edas-2.jpg","type":"image\/jpeg"}],"twitter_card":"summary_large_image","twitter_misc":{"Tempo di lettura stimato":"1 minuto"},"schema":{"@context":"https:\/\/schema.org","@graph":[{"@type":"WebPage","@id":"https:\/\/distribucionarc.com\/nb\/producto\/sonda-con-camara-inspeccion-de-tuberias\/","url":"https:\/\/distribucionarc.com\/nb\/producto\/sonda-con-camara-inspeccion-de-tuberias\/","name":"Sonda con telecamera, ispezione tubazioni - distribuzione ARC","isPartOf":{"@id":"https:\/\/distribucionarc.com\/ro\/#website"},"primaryImageOfPage":{"@id":"https:\/\/distribucionarc.com\/nb\/producto\/sonda-con-camara-inspeccion-de-tuberias\/#primaryimage"},"image":{"@id":"https:\/\/distribucionarc.com\/nb\/producto\/sonda-con-camara-inspeccion-de-tuberias\/#primaryimage"},"thumbnailUrl":"https:\/\/distribucionarc.com\/wp-content\/uploads\/2020\/08\/Sonda-con-c\u00e1mara-inspecci\u00f3n-de-tuber\u00edas-2.jpg","datePublished":"2020-08-20T15:47:46+00:00","dateModified":"2020-10-01T09:35:32+00:00","breadcrumb":{"@id":"https:\/\/distribucionarc.com\/nb\/producto\/sonda-con-camara-inspeccion-de-tuberias\/#breadcrumb"},"inLanguage":"it-IT","potentialAction":[{"@type":"ReadAction","target":["https:\/\/distribucionarc.com\/nb\/producto\/sonda-con-camara-inspeccion-de-tuberias\/"]}]},{"@type":"ImageObject","inLanguage":"it-IT","@id":"https:\/\/distribucionarc.com\/nb\/producto\/sonda-con-camara-inspeccion-de-tuberias\/#primaryimage","url":"https:\/\/distribucionarc.com\/wp-content\/uploads\/2020\/08\/Sonda-con-c\u00e1mara-inspecci\u00f3n-de-tuber\u00edas-2.jpg","contentUrl":"https:\/\/distribucionarc.com\/wp-content\/uploads\/2020\/08\/Sonda-con-c\u00e1mara-inspecci\u00f3n-de-tuber\u00edas-2.jpg","width":1001,"height":1001,"caption":"Sonda con c\u00e1mara, inspecci\u00f3n de tuber\u00edas\u00a0"},{"@type":"BreadcrumbList","@id":"https:\/\/distribucionarc.com\/nb\/producto\/sonda-con-camara-inspeccion-de-tuberias\/#breadcrumb","itemListElement":[{"@type":"ListItem","position":1,"name":"Portada","item":"https:\/\/distribucionarc.com\/ar\/"},{"@type":"ListItem","position":2,"name":"Proizvodi","item":"https:\/\/www.distribucionarc.com\/hr\/ducan\/"},{"@type":"ListItem","position":3,"name":"Sonda con c\u00e1mara, inspecci\u00f3n de tuber\u00edas\u00a0"}]},{"@type":"WebSite","@id":"https:\/\/distribucionarc.com\/ro\/#website","url":"https:\/\/distribucionarc.com\/ro\/","name":"Distribuzione dell&#039;ARCO","description":"Azienda specializzata nella produzione e distribuzione di macchinari industriali, macchine sigillatrici di lattine, macchine per la produzione di compresse, macchine per il taglio della carne...","publisher":{"@id":"https:\/\/distribucionarc.com\/ro\/#organization"},"potentialAction":[{"@type":"SearchAction","target":{"@type":"EntryPoint","urlTemplate":"https:\/\/distribucionarc.com\/ro\/?s={search_term_string}"},"query-input":{"@type":"PropertyValueSpecification","valueRequired":true,"valueName":"search_term_string"}}],"inLanguage":"it-IT"},{"@type":"Organization","@id":"https:\/\/distribucionarc.com\/ro\/#organization","name":"Distribuzione dell&#039;ARC","url":"https:\/\/distribucionarc.com\/ro\/","logo":{"@type":"ImageObject","inLanguage":"it-IT","@id":"https:\/\/distribucionarc.com\/ro\/#\/schema\/logo\/image\/","url":"https:\/\/distribucionarc.com\/wp-content\/uploads\/2024\/10\/distribucion-ARC-COLOR-SIN-FONDO-e1732295305345.png","contentUrl":"https:\/\/distribucionarc.com\/wp-content\/uploads\/2024\/10\/distribucion-ARC-COLOR-SIN-FONDO-e1732295305345.png","width":1164,"height":558,"caption":"Distribuci\u00f3n ARC"},"image":{"@id":"https:\/\/distribucionarc.com\/ro\/#\/schema\/logo\/image\/"},"description":"Azienda specializzata nella produzione e distribuzione di macchinari industriali per il settore alimentare e farmaceutico. Siamo specializzati in: Macchine per il taglio della carne Produzione di compresse Sistemi di trasporto industriale Linee di imbottigliamento Dispenser E molto altro ancora... Offriamo soluzioni innovative e personalizzate per ottimizzare i processi produttivi della vostra azienda.","email":"Admistracion@distribucionarc.com","telephone":"+34 643496664","legalName":"ARC TECH SOLUTIONS","foundingDate":"2024-04-09","vatID":"B55480172","numberOfEmployees":{"@type":"QuantitativeValue","minValue":"1","maxValue":"10"}}]}},"_links":{"self":[{"href":"https:\/\/distribucionarc.com\/it\/wp-json\/wp\/v2\/product\/2698","targetHints":{"allow":["GET"]}}],"collection":[{"href":"https:\/\/distribucionarc.com\/it\/wp-json\/wp\/v2\/product"}],"about":[{"href":"https:\/\/distribucionarc.com\/it\/wp-json\/wp\/v2\/types\/product"}],"replies":[{"embeddable":true,"href":"https:\/\/distribucionarc.com\/it\/wp-json\/wp\/v2\/comments?post=2698"}],"version-history":[{"count":0,"href":"https:\/\/distribucionarc.com\/it\/wp-json\/wp\/v2\/product\/2698\/revisions"}],"wp:featuredmedia":[{"embeddable":true,"href":"https:\/\/distribucionarc.com\/it\/wp-json\/wp\/v2\/media\/2700"}],"wp:attachment":[{"href":"https:\/\/distribucionarc.com\/it\/wp-json\/wp\/v2\/media?parent=2698"}],"wp:term":[{"taxonomy":"product_brand","embeddable":true,"href":"https:\/\/distribucionarc.com\/it\/wp-json\/wp\/v2\/product_brand?post=2698"},{"taxonomy":"product_cat","embeddable":true,"href":"https:\/\/distribucionarc.com\/it\/wp-json\/wp\/v2\/product_cat?post=2698"},{"taxonomy":"product_tag","embeddable":true,"href":"https:\/\/distribucionarc.com\/it\/wp-json\/wp\/v2\/product_tag?post=2698"}],"curies":[{"name":"wp","href":"https:\/\/api.w.org\/{rel}","templated":true}]}}