{"id":2747,"date":"2020-08-21T11:23:47","date_gmt":"2020-08-21T11:23:47","guid":{"rendered":"https:\/\/distribucionarc.com\/?post_type=product&#038;p=2747"},"modified":"2020-10-09T10:45:53","modified_gmt":"2020-10-09T10:45:53","slug":"macchina-per-incisione-e-taglio-laser-co2","status":"publish","type":"product","link":"https:\/\/distribucionarc.com\/it\/producto\/maquina-de-grabado-y-cortado-laser-de-co2\/","title":{"rendered":"Macchina per incisione e taglio laser CO2 per carpenteria 30 x 20"},"content":{"rendered":"<h3><strong>Macchina per incisione e taglio laser CO2 per carpenteria<\/strong><\/h3>\n<p>La testa laser ad alta precisione\u00a0<strong>macchina per marcatura<span style=\"color: #ff0000;\">\u00a0A<\/span><span style=\"color: #0000ff;\">R<\/span>C<\/strong>, con alta qualit\u00e0, prestazioni affidabili e durata, migliora la precisione e le prestazioni dell&#039;incisione. I cuscinetti ad alta precisione e le cinghie ammortizzanti rendono l&#039;incisione pi\u00f9 precisa, inoltre rendono il <strong>durabilit\u00e0 della macchina<\/strong> Essere <strong>due o tre volte pi\u00f9 lungo di quello di un tradizionale incisore laser CO2<\/strong><\/p>\n<p>Dispone di interruttore on\/off, interruttore laser, interruttore di prova, regolazione della corrente e indicazione della corrente sulla scheda di controllo, per un controllo pi\u00f9 intuitivo e conveniente dell&#039;incisione. Sono inclusi un estrattore per tubi, uno sfiato d&#039;aria e una ventola, che riducono efficacemente la temperatura di tutti i componenti elettronici, prolungandone cos\u00ec la durata<\/p>\n<p>Utilizza una porta USB per una comoda connessione a un PC o laptop, per un controllo pi\u00f9 preciso e migliore dell&#039;incisione. Questa macchina \u00e8 compatibile con tutti i modelli di stampante e scanner. Supporta i caratteri TIF e BMP\/JPG\/JPEG\/WMF\/EMF\/PLT standard internazionali. Inoltre, il <strong>incisore laser\u00a0<span style=\"color: #ff0000;\">A<\/span><span style=\"color: #0000ff;\">R<\/span>CGCL40 <\/strong>\u00e8 dotato di a\u00a0<strong>motore passo-passo<\/strong>\u00a0Alta precisione, efficiente e stabile, per ottenere un&#039;incisione pi\u00f9 precisa.<\/p>\n<h6><strong>Garanzia\u00a0<span style=\"color: #ff0000;\">A<\/span><span style=\"color: #0000ff;\">R<\/span>C 2 ANNI<\/strong><\/h6>\n<h6><span style=\"color: #008000;\">Incisore laser efficiente, consumo \u2264280 W<\/span><\/h6>\n<h6><strong>supporto tecnico incluso<\/strong><\/h6>\n<p>&nbsp;<\/p>\n<hr \/>\n<ul>\n<li><strong>Potenza laser: 40 W<\/strong><\/li>\n<li><strong>Tipo di laser: gas CO2<\/strong><\/li>\n<li><strong>Corrente: 0 ~ 22 mA<\/strong><\/li>\n<li><strong>Tensione di innesco del tubo: 20 kV<\/strong><\/li>\n<li><strong>Tensione operativa del tubo: 15 kV<\/strong><\/li>\n<li><strong>Area di incisione: 300 x 200 mm<\/strong><\/li>\n<li><strong>Certificati: CE<\/strong><\/li>\n<li><strong>Tipo di motore: motore passo-passo<\/strong><\/li>\n<li><strong>Consumo energetico: \u2264250 W<\/strong><\/li>\n<li><strong>Interfaccia al computer: porta USB<\/strong><\/li>\n<li><strong>Modalit\u00e0 di raffreddamento: raffreddamento ad acqua (pompa dell&#039;acqua inclusa)<\/strong><\/li>\n<li><strong>Tubo laser (durata della vita): 1000-1300 ore<\/strong><\/li>\n<li><strong>Velocit\u00e0 di incisione: 0 \u2013 500 mm\/s (0-19,68 pollici\/s)<\/strong><\/li>\n<li><strong>Velocit\u00e0 di taglio: 0-400 mm\/s (0-15,74 pollici\/s)<\/strong><\/li>\n<li><strong>Rapporto di risoluzione: (0,026 mm)<\/strong><\/li>\n<li><strong>Ripristino del posizionamento: \u22640,01 mm<\/strong><\/li>\n<li><strong>Formati grafici supportati: BMP\/JPG\/JPEG\/WMF\/EMF\/PLT<\/strong><\/li>\n<li><strong>Dimensioni del prodotto: 850x500x300mm<\/strong><\/li>\n<li><strong>Peso del prodotto: 30 kg (spedizione 38 kg)<\/strong><\/li>\n<\/ul>","protected":false},"excerpt":{"rendered":"<h2><strong>Macchina per incisione e taglio laser CO2 per carpenteria\u00a0<\/strong><\/h2>\n<p>Questo\u00a0<strong>macchina per marcatura<\/strong>\u00a0integra il pi\u00f9 recente movimento meccanico leggero sul mercato, un registratore modale di tre generazioni che ti garantir\u00e0\u00a0<strong>alta precisione e velocit\u00e0<\/strong>. Il nuovo\u00a0<strong>incisore laser<\/strong>\u00a0<strong><span style=\"color: #ff0000;\">A<\/span><span style=\"color: #0000ff;\">R<\/span>CGCL40 <\/strong>Ha cuscinetti e cinghie imbottite <strong>alta precisione<\/strong><span style=\"font-size: 16px;\">\u00a0rendono l&#039;incisione pi\u00f9 precisa, fanno anche il<\/span><strong style=\"font-size: 16px;\"> la durata della macchina \u00e8 due o tre volte pi\u00f9 lunga<\/strong><span style=\"font-size: 16px;\"> rispetto a quello di un incisore laser CO2 convenzionale.<\/span><span style=\"font-size: 16px;\">Pannello di controllo di alta qualit\u00e0. Utilizza una porta USB per connettersi al tuo laptop o PC. Il supporto di <strong>software<\/strong> Questo <strong>incluso, CorelDraw<\/strong>.<\/span><\/p>\n<h6><strong>Garanzia\u00a0<span style=\"color: #ff0000;\">A<\/span><span style=\"color: #0000ff;\">R<\/span>C 2 ANNI<\/strong><\/h6>\n<h6><span style=\"color: #008000;\">Incisore laser efficiente, consumo \u2264280 W<\/span><\/h6>\n<h6><strong>supporto tecnico incluso<\/strong><\/h6>","protected":false},"featured_media":2759,"comment_status":"open","ping_status":"closed","template":"","meta":{"wds_primary_product_brand":0,"wds_primary_product_cat":0},"product_brand":[],"product_cat":[69,70],"product_tag":[],"class_list":{"0":"post-2747","1":"product","2":"type-product","3":"status-publish","4":"has-post-thumbnail","6":"product_cat-maquinas-variadas","7":"product_cat-talladoras-marcadoras-de-metal-grabadoras-laser","8":"product_shipping_class-express","10":"first","11":"instock","12":"sale","13":"taxable","14":"shipping-taxable","15":"purchasable","16":"product-type-simple"},"yoast_head":"<!-- This site is optimized with the Yoast SEO Premium plugin v24.9 (Yoast SEO v26.1) - https:\/\/yoast.com\/wordpress\/plugins\/seo\/ -->\n<title>M\u00e1quina de Grabado y Cortado L\u00e1ser\u00a0de CO2 carpinteria 30 x 20 - distribuci\u00f3n ARC<\/title>\n<meta name=\"robots\" content=\"index, follow, max-snippet:-1, max-image-preview:large, max-video-preview:-1\" \/>\n<link rel=\"canonical\" href=\"https:\/\/www.distribucionarc.com\/producto\/maquina-de-grabado-y-cortado-laser-de-co2\/\" \/>\n<meta property=\"og:locale\" content=\"it_IT\" \/>\n<meta property=\"og:type\" content=\"article\" \/>\n<meta property=\"og:title\" content=\"M\u00e1quina de Grabado y Cortado L\u00e1ser\u00a0de CO2 carpinteria 30 x 20\" \/>\n<meta property=\"og:description\" content=\"M\u00e1quina de Grabado y Cortado L\u00e1ser de CO2 carpinteria\u00a0 Esta\u00a0m\u00e1quina de marcado\u00a0integra el movimiento mec\u00e1nico de luz m\u00e1s nuevo del mercado, grabador modal de tres generaciones que le asegurara\u00a0alta precisi\u00f3n y velocidad. El nuevo\u00a0grabador l\u00e1ser\u00a0ARCGCLP40 cuenta con rodamientos y correas de acolchado de alta precisi\u00f3n\u00a0hacen que el grabado sea m\u00e1s preciso, tambi\u00e9n consiguen que la durabilidad de la m\u00e1quina sea dos o tres veces m\u00e1s larga que la de un grabador l\u00e1ser de CO2 convencional.panel de control de alta calidad. Emplea un puerto USB para conectarse a su port\u00e1til o PC. El soporte del software est\u00e1 incluido, CorelDraw. Garant\u00eda\u00a0ARC 2 A\u00d1OS Grabador l\u00e1ser eficiente, consumo \u2264280W soporte t\u00e9cnico incluido\" \/>\n<meta property=\"og:url\" content=\"https:\/\/www.distribucionarc.com\/producto\/maquina-de-grabado-y-cortado-laser-de-co2\/\" \/>\n<meta property=\"og:site_name\" content=\"distribuci\u00f3n ARC\" \/>\n<meta property=\"article:modified_time\" content=\"2020-10-09T10:45:53+00:00\" \/>\n<meta property=\"og:image\" content=\"https:\/\/www.distribucionarc.com\/wp-content\/uploads\/2020\/08\/Maquina-de-Grabado-y-Cortado-Laser-de-CO2-5.jpg\" \/>\n\t<meta property=\"og:image:width\" content=\"1600\" \/>\n\t<meta property=\"og:image:height\" content=\"1600\" \/>\n\t<meta property=\"og:image:type\" content=\"image\/jpeg\" \/>\n<meta name=\"twitter:card\" content=\"summary_large_image\" \/>\n<meta name=\"twitter:label1\" content=\"Tempo di lettura stimato\" \/>\n\t<meta name=\"twitter:data1\" content=\"2 minuti\" \/>\n<script type=\"application\/ld+json\" class=\"yoast-schema-graph\">{\"@context\":\"https:\/\/schema.org\",\"@graph\":[{\"@type\":\"WebPage\",\"@id\":\"https:\/\/www.distribucionarc.com\/producto\/maquina-de-grabado-y-cortado-laser-de-co2\/\",\"url\":\"https:\/\/www.distribucionarc.com\/producto\/maquina-de-grabado-y-cortado-laser-de-co2\/\",\"name\":\"M\u00e1quina de Grabado y Cortado L\u00e1ser\u00a0de CO2 carpinteria 30 x 20 - distribuci\u00f3n ARC\",\"isPartOf\":{\"@id\":\"https:\/\/www.distribucionarc.com\/#website\"},\"primaryImageOfPage\":{\"@id\":\"https:\/\/www.distribucionarc.com\/producto\/maquina-de-grabado-y-cortado-laser-de-co2\/#primaryimage\"},\"image\":{\"@id\":\"https:\/\/www.distribucionarc.com\/producto\/maquina-de-grabado-y-cortado-laser-de-co2\/#primaryimage\"},\"thumbnailUrl\":\"https:\/\/distribucionarc.com\/wp-content\/uploads\/2020\/08\/Maquina-de-Grabado-y-Cortado-Laser-de-CO2-5.jpg\",\"datePublished\":\"2020-08-21T11:23:47+00:00\",\"dateModified\":\"2020-10-09T10:45:53+00:00\",\"breadcrumb\":{\"@id\":\"https:\/\/www.distribucionarc.com\/producto\/maquina-de-grabado-y-cortado-laser-de-co2\/#breadcrumb\"},\"inLanguage\":\"it-IT\",\"potentialAction\":[{\"@type\":\"ReadAction\",\"target\":[\"https:\/\/www.distribucionarc.com\/producto\/maquina-de-grabado-y-cortado-laser-de-co2\/\"]}]},{\"@type\":\"ImageObject\",\"inLanguage\":\"it-IT\",\"@id\":\"https:\/\/www.distribucionarc.com\/producto\/maquina-de-grabado-y-cortado-laser-de-co2\/#primaryimage\",\"url\":\"https:\/\/distribucionarc.com\/wp-content\/uploads\/2020\/08\/Maquina-de-Grabado-y-Cortado-Laser-de-CO2-5.jpg\",\"contentUrl\":\"https:\/\/distribucionarc.com\/wp-content\/uploads\/2020\/08\/Maquina-de-Grabado-y-Cortado-Laser-de-CO2-5.jpg\",\"width\":1600,\"height\":1600,\"caption\":\"M\u00e1quina de Grabado y Cortado L\u00e1ser\u00a0de CO2\"},{\"@type\":\"BreadcrumbList\",\"@id\":\"https:\/\/www.distribucionarc.com\/producto\/maquina-de-grabado-y-cortado-laser-de-co2\/#breadcrumb\",\"itemListElement\":[{\"@type\":\"ListItem\",\"position\":1,\"name\":\"Portada\",\"item\":\"https:\/\/distribucionarc.com\/pl\/\"},{\"@type\":\"ListItem\",\"position\":2,\"name\":\"\u0627\u0644\u0645\u0646\u062a\u062c\u0627\u062a\",\"item\":\"https:\/\/www.distribucionarc.com\/ar\/%d9%85%d8%ad%d9%84\/\"},{\"@type\":\"ListItem\",\"position\":3,\"name\":\"M\u00e1quina de Grabado y Cortado L\u00e1ser\u00a0de CO2 carpinteria 30 x 20\"}]},{\"@type\":\"WebSite\",\"@id\":\"https:\/\/www.distribucionarc.com\/#website\",\"url\":\"https:\/\/www.distribucionarc.com\/\",\"name\":\"distribuci\u00f3n ARC\",\"description\":\"Empresa especializada en la fabricaci\u00f3n y distribuci\u00f3n de maquinaria industrial, selladoras de latas, Maquinas de hacer pastillas, Maquinas de cortar carne...\",\"publisher\":{\"@id\":\"https:\/\/www.distribucionarc.com\/#organization\"},\"potentialAction\":[{\"@type\":\"SearchAction\",\"target\":{\"@type\":\"EntryPoint\",\"urlTemplate\":\"https:\/\/www.distribucionarc.com\/?s={search_term_string}\"},\"query-input\":{\"@type\":\"PropertyValueSpecification\",\"valueRequired\":true,\"valueName\":\"search_term_string\"}}],\"inLanguage\":\"it-IT\"},{\"@type\":\"Organization\",\"@id\":\"https:\/\/www.distribucionarc.com\/#organization\",\"name\":\"Distribuci\u00f3n ARC\",\"url\":\"https:\/\/www.distribucionarc.com\/\",\"logo\":{\"@type\":\"ImageObject\",\"inLanguage\":\"it-IT\",\"@id\":\"https:\/\/www.distribucionarc.com\/#\/schema\/logo\/image\/\",\"url\":\"https:\/\/distribucionarc.com\/wp-content\/uploads\/2024\/10\/distribucion-ARC-COLOR-SIN-FONDO-e1732295305345.png\",\"contentUrl\":\"https:\/\/distribucionarc.com\/wp-content\/uploads\/2024\/10\/distribucion-ARC-COLOR-SIN-FONDO-e1732295305345.png\",\"width\":1164,\"height\":558,\"caption\":\"Distribuci\u00f3n ARC\"},\"image\":{\"@id\":\"https:\/\/www.distribucionarc.com\/#\/schema\/logo\/image\/\"},\"description\":\"Empresa especializada en la fabricaci\u00f3n y distribuci\u00f3n de maquinaria industrial para los sectores alimentario y farmac\u00e9utico. Nos especializamos en: M\u00e1quinas de cortar carne Fabricaci\u00f3n de comprimidos Sistemas de transporte industrial L\u00edneas de embotellado Dosificadores Y mucho m\u00e1s... Ofrecemos soluciones innovadoras y personalizadas para optimizar los procesos productivos de tu empresa.\",\"email\":\"Admistracion@distribucionarc.com\",\"telephone\":\"+34 643496664\",\"legalName\":\"ARC TECH SOLUTIONS\",\"foundingDate\":\"2024-04-09\",\"vatID\":\"B55480172\",\"numberOfEmployees\":{\"@type\":\"QuantitativeValue\",\"minValue\":\"1\",\"maxValue\":\"10\"}}]}<\/script>\n<!-- \/ Yoast SEO Premium plugin. -->","yoast_head_json":{"title":"Carpenteria per macchina per incisione e taglio Laser CO2 30 x 20 - Distribuzione ARC","robots":{"index":"index","follow":"follow","max-snippet":"max-snippet:-1","max-image-preview":"max-image-preview:large","max-video-preview":"max-video-preview:-1"},"canonical":"https:\/\/www.distribucionarc.com\/producto\/maquina-de-grabado-y-cortado-laser-de-co2\/","og_locale":"it_IT","og_type":"article","og_title":"M\u00e1quina de Grabado y Cortado L\u00e1ser\u00a0de CO2 carpinteria 30 x 20","og_description":"M\u00e1quina de Grabado y Cortado L\u00e1ser de CO2 carpinteria\u00a0 Esta\u00a0m\u00e1quina de marcado\u00a0integra el movimiento mec\u00e1nico de luz m\u00e1s nuevo del mercado, grabador modal de tres generaciones que le asegurara\u00a0alta precisi\u00f3n y velocidad. El nuevo\u00a0grabador l\u00e1ser\u00a0ARCGCLP40 cuenta con rodamientos y correas de acolchado de alta precisi\u00f3n\u00a0hacen que el grabado sea m\u00e1s preciso, tambi\u00e9n consiguen que la durabilidad de la m\u00e1quina sea dos o tres veces m\u00e1s larga que la de un grabador l\u00e1ser de CO2 convencional.panel de control de alta calidad. Emplea un puerto USB para conectarse a su port\u00e1til o PC. El soporte del software est\u00e1 incluido, CorelDraw. Garant\u00eda\u00a0ARC 2 A\u00d1OS Grabador l\u00e1ser eficiente, consumo \u2264280W soporte t\u00e9cnico incluido","og_url":"https:\/\/www.distribucionarc.com\/producto\/maquina-de-grabado-y-cortado-laser-de-co2\/","og_site_name":"distribuci\u00f3n ARC","article_modified_time":"2020-10-09T10:45:53+00:00","og_image":[{"width":1600,"height":1600,"url":"https:\/\/www.distribucionarc.com\/wp-content\/uploads\/2020\/08\/Maquina-de-Grabado-y-Cortado-Laser-de-CO2-5.jpg","type":"image\/jpeg"}],"twitter_card":"summary_large_image","twitter_misc":{"Tempo di lettura stimato":"2 minuti"},"schema":{"@context":"https:\/\/schema.org","@graph":[{"@type":"WebPage","@id":"https:\/\/www.distribucionarc.com\/producto\/maquina-de-grabado-y-cortado-laser-de-co2\/","url":"https:\/\/www.distribucionarc.com\/producto\/maquina-de-grabado-y-cortado-laser-de-co2\/","name":"Carpenteria per macchina per incisione e taglio Laser CO2 30 x 20 - Distribuzione ARC","isPartOf":{"@id":"https:\/\/www.distribucionarc.com\/#website"},"primaryImageOfPage":{"@id":"https:\/\/www.distribucionarc.com\/producto\/maquina-de-grabado-y-cortado-laser-de-co2\/#primaryimage"},"image":{"@id":"https:\/\/www.distribucionarc.com\/producto\/maquina-de-grabado-y-cortado-laser-de-co2\/#primaryimage"},"thumbnailUrl":"https:\/\/distribucionarc.com\/wp-content\/uploads\/2020\/08\/Maquina-de-Grabado-y-Cortado-Laser-de-CO2-5.jpg","datePublished":"2020-08-21T11:23:47+00:00","dateModified":"2020-10-09T10:45:53+00:00","breadcrumb":{"@id":"https:\/\/www.distribucionarc.com\/producto\/maquina-de-grabado-y-cortado-laser-de-co2\/#breadcrumb"},"inLanguage":"it-IT","potentialAction":[{"@type":"ReadAction","target":["https:\/\/www.distribucionarc.com\/producto\/maquina-de-grabado-y-cortado-laser-de-co2\/"]}]},{"@type":"ImageObject","inLanguage":"it-IT","@id":"https:\/\/www.distribucionarc.com\/producto\/maquina-de-grabado-y-cortado-laser-de-co2\/#primaryimage","url":"https:\/\/distribucionarc.com\/wp-content\/uploads\/2020\/08\/Maquina-de-Grabado-y-Cortado-Laser-de-CO2-5.jpg","contentUrl":"https:\/\/distribucionarc.com\/wp-content\/uploads\/2020\/08\/Maquina-de-Grabado-y-Cortado-Laser-de-CO2-5.jpg","width":1600,"height":1600,"caption":"M\u00e1quina de Grabado y Cortado L\u00e1ser\u00a0de CO2"},{"@type":"BreadcrumbList","@id":"https:\/\/www.distribucionarc.com\/producto\/maquina-de-grabado-y-cortado-laser-de-co2\/#breadcrumb","itemListElement":[{"@type":"ListItem","position":1,"name":"Portada","item":"https:\/\/distribucionarc.com\/pl\/"},{"@type":"ListItem","position":2,"name":"\u0627\u0644\u0645\u0646\u062a\u062c\u0627\u062a","item":"https:\/\/www.distribucionarc.com\/ar\/%d9%85%d8%ad%d9%84\/"},{"@type":"ListItem","position":3,"name":"M\u00e1quina de Grabado y Cortado L\u00e1ser\u00a0de CO2 carpinteria 30 x 20"}]},{"@type":"WebSite","@id":"https:\/\/www.distribucionarc.com\/#website","url":"https:\/\/www.distribucionarc.com\/","name":"Distribuzione dell&#039;ARCO","description":"Azienda specializzata nella produzione e distribuzione di macchinari industriali, macchine sigillatrici di lattine, macchine per la produzione di compresse, macchine per il taglio della carne...","publisher":{"@id":"https:\/\/www.distribucionarc.com\/#organization"},"potentialAction":[{"@type":"SearchAction","target":{"@type":"EntryPoint","urlTemplate":"https:\/\/www.distribucionarc.com\/?s={search_term_string}"},"query-input":{"@type":"PropertyValueSpecification","valueRequired":true,"valueName":"search_term_string"}}],"inLanguage":"it-IT"},{"@type":"Organization","@id":"https:\/\/www.distribucionarc.com\/#organization","name":"Distribuzione dell&#039;ARC","url":"https:\/\/www.distribucionarc.com\/","logo":{"@type":"ImageObject","inLanguage":"it-IT","@id":"https:\/\/www.distribucionarc.com\/#\/schema\/logo\/image\/","url":"https:\/\/distribucionarc.com\/wp-content\/uploads\/2024\/10\/distribucion-ARC-COLOR-SIN-FONDO-e1732295305345.png","contentUrl":"https:\/\/distribucionarc.com\/wp-content\/uploads\/2024\/10\/distribucion-ARC-COLOR-SIN-FONDO-e1732295305345.png","width":1164,"height":558,"caption":"Distribuci\u00f3n ARC"},"image":{"@id":"https:\/\/www.distribucionarc.com\/#\/schema\/logo\/image\/"},"description":"Azienda specializzata nella produzione e distribuzione di macchinari industriali per il settore alimentare e farmaceutico. Siamo specializzati in: Macchine per il taglio della carne Produzione di compresse Sistemi di trasporto industriale Linee di imbottigliamento Dispenser E molto altro ancora... Offriamo soluzioni innovative e personalizzate per ottimizzare i processi produttivi della vostra azienda.","email":"Admistracion@distribucionarc.com","telephone":"+34 643496664","legalName":"ARC TECH SOLUTIONS","foundingDate":"2024-04-09","vatID":"B55480172","numberOfEmployees":{"@type":"QuantitativeValue","minValue":"1","maxValue":"10"}}]}},"_links":{"self":[{"href":"https:\/\/distribucionarc.com\/it\/wp-json\/wp\/v2\/product\/2747","targetHints":{"allow":["GET"]}}],"collection":[{"href":"https:\/\/distribucionarc.com\/it\/wp-json\/wp\/v2\/product"}],"about":[{"href":"https:\/\/distribucionarc.com\/it\/wp-json\/wp\/v2\/types\/product"}],"replies":[{"embeddable":true,"href":"https:\/\/distribucionarc.com\/it\/wp-json\/wp\/v2\/comments?post=2747"}],"version-history":[{"count":0,"href":"https:\/\/distribucionarc.com\/it\/wp-json\/wp\/v2\/product\/2747\/revisions"}],"wp:featuredmedia":[{"embeddable":true,"href":"https:\/\/distribucionarc.com\/it\/wp-json\/wp\/v2\/media\/2759"}],"wp:attachment":[{"href":"https:\/\/distribucionarc.com\/it\/wp-json\/wp\/v2\/media?parent=2747"}],"wp:term":[{"taxonomy":"product_brand","embeddable":true,"href":"https:\/\/distribucionarc.com\/it\/wp-json\/wp\/v2\/product_brand?post=2747"},{"taxonomy":"product_cat","embeddable":true,"href":"https:\/\/distribucionarc.com\/it\/wp-json\/wp\/v2\/product_cat?post=2747"},{"taxonomy":"product_tag","embeddable":true,"href":"https:\/\/distribucionarc.com\/it\/wp-json\/wp\/v2\/product_tag?post=2747"}],"curies":[{"name":"wp","href":"https:\/\/api.w.org\/{rel}","templated":true}]}}