{"id":2762,"date":"2020-08-21T12:50:21","date_gmt":"2020-08-21T12:50:21","guid":{"rendered":"https:\/\/distribucionarc.com\/?post_type=product&#038;p=2762"},"modified":"2020-10-10T14:56:57","modified_gmt":"2020-10-10T14:56:57","slug":"controllo-dsp-macchina-per-incisione-laser-co2","status":"publish","type":"product","link":"https:\/\/distribucionarc.com\/it\/producto\/maquina-de-grabado-laser-de-co2-control-dsp\/","title":{"rendered":"Macchina per incisione laser CO2 controllo DSP 70 x 50 cm"},"content":{"rendered":"<h2><strong>Macchina per incisione laser CO2 controllo DSP 70 x 50 cm<\/strong><\/h2>\n<p>La testa laser ad alta precisione\u00a0<strong>macchina per marcatura\u00a0<span style=\"color: #ff0000;\">A<\/span><span style=\"color: #0000ff;\">R<\/span>C<\/strong>, con alta qualit\u00e0, prestazioni affidabili e durata, migliora la precisione e le prestazioni dell&#039;incisione. Adotta un avanzato<strong>\u00a0Tubo laser CO2<\/strong>\u00a0Terza generazione con elevata potenza e velocit\u00e0. La durata di questo tubo laser \u00e8 fino a 1000-1300 ore.<\/p>\n<p>Dispone di un pannello intelligente disponibile in diverse lingue con indicazione della corrente sul pannello di controllo, per un controllo dell&#039;incisione pi\u00f9 intuitivo e conveniente. Sono inclusi un estrattore per tubi, uno sfiato d&#039;aria e una ventola, che riducono efficacemente la temperatura di tutti i componenti elettronici, prolungandone cos\u00ec la durata<\/p>\n<p>Utilizza una porta USB per un comodo collegamento a un PC o laptop, per un controllo migliore e pi\u00f9 preciso dell&#039;incisione. Inoltre, il\u00a0<strong>incisore laser <span style=\"color: #ff0000;\">A<\/span><span style=\"color: #0000ff;\">R<\/span>CGLCO80<\/strong>\u00a0\u00e8 dotato di a\u00a0<strong>motore passo-passo<\/strong>\u00a0Alta precisione, efficiente e stabile, per ottenere un&#039;incisione pi\u00f9 precisa.<\/p>\n<h6><strong>Garanzia\u00a0<span style=\"color: #ff0000;\">A<\/span><span style=\"color: #0000ff;\">R<\/span>C 2 ANNI<\/strong><\/h6>\n<h6><span style=\"color: #008000;\">Incisore laser efficiente, consumo \u2264 280 W<\/span><\/h6>\n<h6><strong>supporto tecnico incluso<\/strong><\/h6>\n<p>&nbsp;<\/p>\n<hr \/>\n<p>&nbsp;<\/p>\n<ul>\n<li><strong>Potenza laser: 80 W<\/strong><br \/>\n<strong>\u25cfTipo di laser: gas CO2 (tubo laser CO2)<\/strong><br \/>\n<strong>\u25cfAlimentazione: 220 V 50 HZ<\/strong><br \/>\n<strong>\u25cfTavolo di lavoro: tavolo su e gi\u00f9 con piattaforma (a nido d&#039;ape).<\/strong><br \/>\n<strong>\u25cfAltezza su e gi\u00f9 (piattaforma): 0-15 cm<\/strong><br \/>\n<strong>\u25cfMetodo su e gi\u00f9 (piattaforma): automatico<\/strong><br \/>\n<strong>\u25cfSuperficie dell&#039;incisore: 700 x 500 mm\u00a0<\/strong><br \/>\n<strong>\u25cfSuperficie di taglio: 700 x 500 mm\u00a0<\/strong><br \/>\n<strong>\u25cfMassimo. Velocit\u00e0 di intaglio: 0-12000 (mm\/min)<\/strong><br \/>\n<strong>\u25cfMassimo. Velocit\u00e0 di taglio: 0-6000 (mm\/min)<\/strong><br \/>\n<strong>\u25cfPrecisione della posizione: &lt;0,001 mm<\/strong><br \/>\n<strong>\u25cfRapporto di risoluzione: 1000 DPI<\/strong><br \/>\n<strong>\u25cfMin. Dimensioni carattere: carattere: 2x2 mm, lettera: 1x1 mm<\/strong><br \/>\n<strong>\u25cfPrecisione: 0,00125 mm<\/strong><br \/>\n<strong>\u25cfSpessore di taglio: 0-15 mm (dipende dai diversi materiali)<\/strong><br \/>\n<strong>\u25cfFunzionamento: posizionamento della luce rossa, posizionamento del punto laser<\/strong><br \/>\n<strong>\u25cfConfigurazione del controllo: interfaccia di trasferimento DSP<\/strong><br \/>\n<strong>\u25cfInterfaccia di trasferimento dati: USB<\/strong><br \/>\n<strong>\u25cfAmbiente di sistema: Windows XP Win7\/8<\/strong><br \/>\n<strong>\u25cfFormato grafico supportato: file identificabili da CorelDraw, Photoshop, AutoCAD (BMP, GIF, JPEG, PCX, TGA, TIFF, PLT, CDR, DMG, DXF, PAT, CDT, CLK, DEX, CSL, CMX, AI, WPG , WMF, EMF, CGM, SVG, SVGZ, PCT, FMV, GEM, CMX)<\/strong><br \/>\n<strong>\u25cfIl software include: corelLASER<\/strong><br \/>\n<strong>\u25cfSoftware compatibile: CADlaser, LaserDRW, CorelLASER, Photoshop ecc. (Non incluso nella confezione)<\/strong><br \/>\n<strong>\u25cfSeparazione dei colori: no<\/strong><br \/>\n<strong>\u25cfIncisione inclinata: No<\/strong><br \/>\n<strong>\u25cfModo di raffreddamento: raffreddamento ad acqua<\/strong><br \/>\n<strong>\u25cfTemperatura dell&#039;acqua: 5\u2103-35\u2103<\/strong><br \/>\n<strong>\u25cfProtezione contro l&#039;interruzione dell&#039;erogazione dell&#039;acqua: inclusa<\/strong><br \/>\n<strong>\u25cfDimensioni della macchina: 146 x 85 x 95 cm<\/strong><br \/>\n<strong>\u25cfPeso netto: 180 kg<\/strong><br \/>\n<strong>\u25cf Materiale applicabile: legno, bamb\u00f9, giada, marmo, plexiglass, cristallo, plastica, abbigliamento, carta, pelle, gomma, ceramica, vetro, marchi e altri materiali non metallici<\/strong><br \/>\n<strong>\u25cfTubo laser (ore di vita): 1000-1300 ore<\/strong><br \/>\n<strong>\u25cfPosizionamento di ripristino: 0,01 mm<\/strong><br \/>\n<strong>\u25cfTipo di motore: motore passo-passo<\/strong><br \/>\n<strong>\u25cfConsumo energetico: \u2264280 W<\/strong><br \/>\n<strong>\u25cfTemperatura operativa: 0-40\u00b0C<\/strong><br \/>\n<strong>\u25cfUmidit\u00e0 operativa: 5-95%<\/strong><\/li>\n<\/ul>","protected":false},"excerpt":{"rendered":"<h2><strong>Macchina per incisione laser CO2 controllo DSP 70 x 50 cm<\/strong><\/h2>\n<p>Questo\u00a0<strong>macchina per marcatura<\/strong>\u00a0integra il pi\u00f9 recente movimento meccanico leggero sul mercato, un registratore modale di tre generazioni che ti garantir\u00e0\u00a0<strong>alta precisione e velocit\u00e0<\/strong>. Il nuovo\u00a0<strong>Incisore laser CO2<\/strong>\u00a0<strong><span style=\"color: #ff0000;\">A<\/span><span style=\"color: #0000ff;\">R<\/span>CGLCO80<\/strong> \u00c8 dotato di tubo laser con raffreddamento ad acqua da 80 W, motori passo-passo per una precisione perfetta, pannello di controllo di alta qualit\u00e0. Utilizza una porta USB per connettersi al tuo laptop o PC. Il supporto software \u00e8 incluso, CorelDraw, questa macchina pu\u00f2 funzionare bene con pi\u00f9 formati grafici tra cui EMF\/JPG\/PLT\/WMF.<\/p>\n<h6><\/h6>\n<h6><strong>Garanzia<span style=\"color: #ff0000;\">\u00a0A<\/span><span style=\"color: #0000ff;\">R<\/span>C 2 ANNI<\/strong><\/h6>\n<h6><span style=\"color: #008000;\">Incisore laser efficiente, consumo \u2264 280 W<\/span><\/h6>\n<h6><strong>supporto tecnico incluso<\/strong><\/h6>","protected":false},"featured_media":2763,"comment_status":"open","ping_status":"closed","template":"","meta":{"wds_primary_product_brand":0,"wds_primary_product_cat":0},"product_brand":[],"product_cat":[69,70],"product_tag":[],"class_list":{"0":"post-2762","1":"product","2":"type-product","3":"status-publish","4":"has-post-thumbnail","6":"product_cat-maquinas-variadas","7":"product_cat-talladoras-marcadoras-de-metal-grabadoras-laser","8":"product_shipping_class-express","10":"first","11":"instock","12":"sale","13":"taxable","14":"shipping-taxable","15":"purchasable","16":"product-type-simple"},"yoast_head":"<!-- This site is optimized with the Yoast SEO Premium plugin v24.9 (Yoast SEO v26.1) - https:\/\/yoast.com\/wordpress\/plugins\/seo\/ -->\n<title>M\u00e1quina de Grabado L\u00e1ser de CO2 control DSP 70 x 50 cm - distribuci\u00f3n ARC<\/title>\n<meta name=\"robots\" content=\"index, follow, max-snippet:-1, max-image-preview:large, max-video-preview:-1\" \/>\n<link rel=\"canonical\" href=\"https:\/\/distribucionarc.com\/it\/prodotto\/controllo-dsp-macchina-per-incisione-laser-co2\/\" \/>\n<meta property=\"og:locale\" content=\"it_IT\" \/>\n<meta property=\"og:type\" content=\"article\" \/>\n<meta property=\"og:title\" content=\"M\u00e1quina de Grabado L\u00e1ser de CO2 control DSP 70 x 50 cm\" \/>\n<meta property=\"og:description\" content=\"M\u00e1quina de Grabado L\u00e1ser de CO2 control DSP 70 x 50 cm Esta\u00a0m\u00e1quina de marcado\u00a0integra el movimiento mec\u00e1nico de luz m\u00e1s nuevo del mercado, grabador modal de tres generaciones que le asegurara\u00a0alta precisi\u00f3n y velocidad. El nuevo\u00a0grabador l\u00e1ser de CO2\u00a0ARCGLCO80 est\u00e1 equipado con un tubo l\u00e1ser de refrigeraci\u00f3n por agua de 80 W, motores de ejecuci\u00f3n paso a paso para una precisi\u00f3n perfecta, panel de control de alta calidad. Emplea un puerto USB para conectarse a su port\u00e1til o PC. El soporte del software est\u00e1 incluido, CorelDraw, esta m\u00e1quina puede funcionar bien con m\u00faltiples formatos gr\u00e1ficos, incluidos EMF \/ JPG \/ PLT \/ WMF.  Garant\u00eda\u00a0ARC 2 A\u00d1OS Grabador l\u00e1ser eficiente, consumo \u2264 280W soporte t\u00e9cnico incluido\" \/>\n<meta property=\"og:url\" content=\"https:\/\/distribucionarc.com\/it\/prodotto\/controllo-dsp-macchina-per-incisione-laser-co2\/\" \/>\n<meta property=\"og:site_name\" content=\"distribuci\u00f3n ARC\" \/>\n<meta property=\"article:modified_time\" content=\"2020-10-10T14:56:57+00:00\" \/>\n<meta property=\"og:image\" content=\"https:\/\/distribucionarc.com\/wp-content\/uploads\/2020\/08\/M\u00e1quina-de-Grabado-L\u00e1ser-de-CO2-control-DSP-0.jpg\" \/>\n\t<meta property=\"og:image:width\" content=\"1600\" \/>\n\t<meta property=\"og:image:height\" content=\"1600\" \/>\n\t<meta property=\"og:image:type\" content=\"image\/jpeg\" \/>\n<meta name=\"twitter:card\" content=\"summary_large_image\" \/>\n<meta name=\"twitter:label1\" content=\"Tempo di lettura stimato\" \/>\n\t<meta name=\"twitter:data1\" content=\"2 minuti\" \/>\n<script type=\"application\/ld+json\" class=\"yoast-schema-graph\">{\"@context\":\"https:\/\/schema.org\",\"@graph\":[{\"@type\":\"WebPage\",\"@id\":\"https:\/\/distribucionarc.com\/sl\/producto\/maquina-de-grabado-laser-de-co2-control-dsp\/\",\"url\":\"https:\/\/distribucionarc.com\/sl\/producto\/maquina-de-grabado-laser-de-co2-control-dsp\/\",\"name\":\"M\u00e1quina de Grabado L\u00e1ser de CO2 control DSP 70 x 50 cm - distribuci\u00f3n ARC\",\"isPartOf\":{\"@id\":\"https:\/\/distribucionarc.com\/de\/#website\"},\"primaryImageOfPage\":{\"@id\":\"https:\/\/distribucionarc.com\/sl\/producto\/maquina-de-grabado-laser-de-co2-control-dsp\/#primaryimage\"},\"image\":{\"@id\":\"https:\/\/distribucionarc.com\/sl\/producto\/maquina-de-grabado-laser-de-co2-control-dsp\/#primaryimage\"},\"thumbnailUrl\":\"https:\/\/distribucionarc.com\/wp-content\/uploads\/2020\/08\/M\u00e1quina-de-Grabado-L\u00e1ser-de-CO2-control-DSP-0.jpg\",\"datePublished\":\"2020-08-21T12:50:21+00:00\",\"dateModified\":\"2020-10-10T14:56:57+00:00\",\"breadcrumb\":{\"@id\":\"https:\/\/distribucionarc.com\/sl\/producto\/maquina-de-grabado-laser-de-co2-control-dsp\/#breadcrumb\"},\"inLanguage\":\"it-IT\",\"potentialAction\":[{\"@type\":\"ReadAction\",\"target\":[\"https:\/\/distribucionarc.com\/sl\/producto\/maquina-de-grabado-laser-de-co2-control-dsp\/\"]}]},{\"@type\":\"ImageObject\",\"inLanguage\":\"it-IT\",\"@id\":\"https:\/\/distribucionarc.com\/sl\/producto\/maquina-de-grabado-laser-de-co2-control-dsp\/#primaryimage\",\"url\":\"https:\/\/distribucionarc.com\/wp-content\/uploads\/2020\/08\/M\u00e1quina-de-Grabado-L\u00e1ser-de-CO2-control-DSP-0.jpg\",\"contentUrl\":\"https:\/\/distribucionarc.com\/wp-content\/uploads\/2020\/08\/M\u00e1quina-de-Grabado-L\u00e1ser-de-CO2-control-DSP-0.jpg\",\"width\":1600,\"height\":1600,\"caption\":\"M\u00e1quina de Grabado L\u00e1ser de CO2 control DSP\"},{\"@type\":\"BreadcrumbList\",\"@id\":\"https:\/\/distribucionarc.com\/sl\/producto\/maquina-de-grabado-laser-de-co2-control-dsp\/#breadcrumb\",\"itemListElement\":[{\"@type\":\"ListItem\",\"position\":1,\"name\":\"Portada\",\"item\":\"https:\/\/distribucionarc.com\/pl\/\"},{\"@type\":\"ListItem\",\"position\":2,\"name\":\"Produkty\",\"item\":\"https:\/\/distribucionarc.com\/pl\/shop\/\"},{\"@type\":\"ListItem\",\"position\":3,\"name\":\"M\u00e1quina de Grabado L\u00e1ser de CO2 control DSP 70 x 50 cm\"}]},{\"@type\":\"WebSite\",\"@id\":\"https:\/\/distribucionarc.com\/de\/#website\",\"url\":\"https:\/\/distribucionarc.com\/de\/\",\"name\":\"distribuci\u00f3n ARC\",\"description\":\"Empresa especializada en la fabricaci\u00f3n y distribuci\u00f3n de maquinaria industrial, selladoras de latas, Maquinas de hacer pastillas, Maquinas de cortar carne...\",\"publisher\":{\"@id\":\"https:\/\/distribucionarc.com\/de\/#organization\"},\"potentialAction\":[{\"@type\":\"SearchAction\",\"target\":{\"@type\":\"EntryPoint\",\"urlTemplate\":\"https:\/\/distribucionarc.com\/de\/?s={search_term_string}\"},\"query-input\":{\"@type\":\"PropertyValueSpecification\",\"valueRequired\":true,\"valueName\":\"search_term_string\"}}],\"inLanguage\":\"it-IT\"},{\"@type\":\"Organization\",\"@id\":\"https:\/\/distribucionarc.com\/de\/#organization\",\"name\":\"Distribuci\u00f3n ARC\",\"url\":\"https:\/\/distribucionarc.com\/de\/\",\"logo\":{\"@type\":\"ImageObject\",\"inLanguage\":\"it-IT\",\"@id\":\"https:\/\/distribucionarc.com\/de\/#\/schema\/logo\/image\/\",\"url\":\"https:\/\/distribucionarc.com\/wp-content\/uploads\/2024\/10\/distribucion-ARC-COLOR-SIN-FONDO-e1732295305345.png\",\"contentUrl\":\"https:\/\/distribucionarc.com\/wp-content\/uploads\/2024\/10\/distribucion-ARC-COLOR-SIN-FONDO-e1732295305345.png\",\"width\":1164,\"height\":558,\"caption\":\"Distribuci\u00f3n ARC\"},\"image\":{\"@id\":\"https:\/\/distribucionarc.com\/de\/#\/schema\/logo\/image\/\"},\"description\":\"Empresa especializada en la fabricaci\u00f3n y distribuci\u00f3n de maquinaria industrial para los sectores alimentario y farmac\u00e9utico. Nos especializamos en: M\u00e1quinas de cortar carne Fabricaci\u00f3n de comprimidos Sistemas de transporte industrial L\u00edneas de embotellado Dosificadores Y mucho m\u00e1s... Ofrecemos soluciones innovadoras y personalizadas para optimizar los procesos productivos de tu empresa.\",\"email\":\"Admistracion@distribucionarc.com\",\"telephone\":\"+34 643496664\",\"legalName\":\"ARC TECH SOLUTIONS\",\"foundingDate\":\"2024-04-09\",\"vatID\":\"B55480172\",\"numberOfEmployees\":{\"@type\":\"QuantitativeValue\",\"minValue\":\"1\",\"maxValue\":\"10\"}}]}<\/script>\n<!-- \/ Yoast SEO Premium plugin. -->","yoast_head_json":{"title":"Macchina per incisione laser CO2 Controllo DSP 70 x 50 cm - Distribuzione ARC","robots":{"index":"index","follow":"follow","max-snippet":"max-snippet:-1","max-image-preview":"max-image-preview:large","max-video-preview":"max-video-preview:-1"},"canonical":"https:\/\/distribucionarc.com\/it\/prodotto\/controllo-dsp-macchina-per-incisione-laser-co2\/","og_locale":"it_IT","og_type":"article","og_title":"M\u00e1quina de Grabado L\u00e1ser de CO2 control DSP 70 x 50 cm","og_description":"M\u00e1quina de Grabado L\u00e1ser de CO2 control DSP 70 x 50 cm Esta\u00a0m\u00e1quina de marcado\u00a0integra el movimiento mec\u00e1nico de luz m\u00e1s nuevo del mercado, grabador modal de tres generaciones que le asegurara\u00a0alta precisi\u00f3n y velocidad. El nuevo\u00a0grabador l\u00e1ser de CO2\u00a0ARCGLCO80 est\u00e1 equipado con un tubo l\u00e1ser de refrigeraci\u00f3n por agua de 80 W, motores de ejecuci\u00f3n paso a paso para una precisi\u00f3n perfecta, panel de control de alta calidad. Emplea un puerto USB para conectarse a su port\u00e1til o PC. El soporte del software est\u00e1 incluido, CorelDraw, esta m\u00e1quina puede funcionar bien con m\u00faltiples formatos gr\u00e1ficos, incluidos EMF \/ JPG \/ PLT \/ WMF.  Garant\u00eda\u00a0ARC 2 A\u00d1OS Grabador l\u00e1ser eficiente, consumo \u2264 280W soporte t\u00e9cnico incluido","og_url":"https:\/\/distribucionarc.com\/it\/prodotto\/controllo-dsp-macchina-per-incisione-laser-co2\/","og_site_name":"distribuci\u00f3n ARC","article_modified_time":"2020-10-10T14:56:57+00:00","og_image":[{"width":1600,"height":1600,"url":"https:\/\/distribucionarc.com\/wp-content\/uploads\/2020\/08\/M\u00e1quina-de-Grabado-L\u00e1ser-de-CO2-control-DSP-0.jpg","type":"image\/jpeg"}],"twitter_card":"summary_large_image","twitter_misc":{"Tempo di lettura stimato":"2 minuti"},"schema":{"@context":"https:\/\/schema.org","@graph":[{"@type":"WebPage","@id":"https:\/\/distribucionarc.com\/sl\/producto\/maquina-de-grabado-laser-de-co2-control-dsp\/","url":"https:\/\/distribucionarc.com\/sl\/producto\/maquina-de-grabado-laser-de-co2-control-dsp\/","name":"Macchina per incisione laser CO2 Controllo DSP 70 x 50 cm - Distribuzione ARC","isPartOf":{"@id":"https:\/\/distribucionarc.com\/de\/#website"},"primaryImageOfPage":{"@id":"https:\/\/distribucionarc.com\/sl\/producto\/maquina-de-grabado-laser-de-co2-control-dsp\/#primaryimage"},"image":{"@id":"https:\/\/distribucionarc.com\/sl\/producto\/maquina-de-grabado-laser-de-co2-control-dsp\/#primaryimage"},"thumbnailUrl":"https:\/\/distribucionarc.com\/wp-content\/uploads\/2020\/08\/M\u00e1quina-de-Grabado-L\u00e1ser-de-CO2-control-DSP-0.jpg","datePublished":"2020-08-21T12:50:21+00:00","dateModified":"2020-10-10T14:56:57+00:00","breadcrumb":{"@id":"https:\/\/distribucionarc.com\/sl\/producto\/maquina-de-grabado-laser-de-co2-control-dsp\/#breadcrumb"},"inLanguage":"it-IT","potentialAction":[{"@type":"ReadAction","target":["https:\/\/distribucionarc.com\/sl\/producto\/maquina-de-grabado-laser-de-co2-control-dsp\/"]}]},{"@type":"ImageObject","inLanguage":"it-IT","@id":"https:\/\/distribucionarc.com\/sl\/producto\/maquina-de-grabado-laser-de-co2-control-dsp\/#primaryimage","url":"https:\/\/distribucionarc.com\/wp-content\/uploads\/2020\/08\/M\u00e1quina-de-Grabado-L\u00e1ser-de-CO2-control-DSP-0.jpg","contentUrl":"https:\/\/distribucionarc.com\/wp-content\/uploads\/2020\/08\/M\u00e1quina-de-Grabado-L\u00e1ser-de-CO2-control-DSP-0.jpg","width":1600,"height":1600,"caption":"M\u00e1quina de Grabado L\u00e1ser de CO2 control DSP"},{"@type":"BreadcrumbList","@id":"https:\/\/distribucionarc.com\/sl\/producto\/maquina-de-grabado-laser-de-co2-control-dsp\/#breadcrumb","itemListElement":[{"@type":"ListItem","position":1,"name":"Portada","item":"https:\/\/distribucionarc.com\/pl\/"},{"@type":"ListItem","position":2,"name":"Produkty","item":"https:\/\/distribucionarc.com\/pl\/shop\/"},{"@type":"ListItem","position":3,"name":"M\u00e1quina de Grabado L\u00e1ser de CO2 control DSP 70 x 50 cm"}]},{"@type":"WebSite","@id":"https:\/\/distribucionarc.com\/de\/#website","url":"https:\/\/distribucionarc.com\/de\/","name":"Distribuzione dell&#039;ARCO","description":"Azienda specializzata nella produzione e distribuzione di macchinari industriali, macchine sigillatrici di lattine, macchine per la produzione di compresse, macchine per il taglio della carne...","publisher":{"@id":"https:\/\/distribucionarc.com\/de\/#organization"},"potentialAction":[{"@type":"SearchAction","target":{"@type":"EntryPoint","urlTemplate":"https:\/\/distribucionarc.com\/de\/?s={search_term_string}"},"query-input":{"@type":"PropertyValueSpecification","valueRequired":true,"valueName":"search_term_string"}}],"inLanguage":"it-IT"},{"@type":"Organization","@id":"https:\/\/distribucionarc.com\/de\/#organization","name":"Distribuzione dell&#039;ARC","url":"https:\/\/distribucionarc.com\/de\/","logo":{"@type":"ImageObject","inLanguage":"it-IT","@id":"https:\/\/distribucionarc.com\/de\/#\/schema\/logo\/image\/","url":"https:\/\/distribucionarc.com\/wp-content\/uploads\/2024\/10\/distribucion-ARC-COLOR-SIN-FONDO-e1732295305345.png","contentUrl":"https:\/\/distribucionarc.com\/wp-content\/uploads\/2024\/10\/distribucion-ARC-COLOR-SIN-FONDO-e1732295305345.png","width":1164,"height":558,"caption":"Distribuci\u00f3n ARC"},"image":{"@id":"https:\/\/distribucionarc.com\/de\/#\/schema\/logo\/image\/"},"description":"Azienda specializzata nella produzione e distribuzione di macchinari industriali per il settore alimentare e farmaceutico. Siamo specializzati in: Macchine per il taglio della carne Produzione di compresse Sistemi di trasporto industriale Linee di imbottigliamento Dispenser E molto altro ancora... Offriamo soluzioni innovative e personalizzate per ottimizzare i processi produttivi della vostra azienda.","email":"Admistracion@distribucionarc.com","telephone":"+34 643496664","legalName":"ARC TECH SOLUTIONS","foundingDate":"2024-04-09","vatID":"B55480172","numberOfEmployees":{"@type":"QuantitativeValue","minValue":"1","maxValue":"10"}}]}},"_links":{"self":[{"href":"https:\/\/distribucionarc.com\/it\/wp-json\/wp\/v2\/product\/2762","targetHints":{"allow":["GET"]}}],"collection":[{"href":"https:\/\/distribucionarc.com\/it\/wp-json\/wp\/v2\/product"}],"about":[{"href":"https:\/\/distribucionarc.com\/it\/wp-json\/wp\/v2\/types\/product"}],"replies":[{"embeddable":true,"href":"https:\/\/distribucionarc.com\/it\/wp-json\/wp\/v2\/comments?post=2762"}],"version-history":[{"count":0,"href":"https:\/\/distribucionarc.com\/it\/wp-json\/wp\/v2\/product\/2762\/revisions"}],"wp:featuredmedia":[{"embeddable":true,"href":"https:\/\/distribucionarc.com\/it\/wp-json\/wp\/v2\/media\/2763"}],"wp:attachment":[{"href":"https:\/\/distribucionarc.com\/it\/wp-json\/wp\/v2\/media?parent=2762"}],"wp:term":[{"taxonomy":"product_brand","embeddable":true,"href":"https:\/\/distribucionarc.com\/it\/wp-json\/wp\/v2\/product_brand?post=2762"},{"taxonomy":"product_cat","embeddable":true,"href":"https:\/\/distribucionarc.com\/it\/wp-json\/wp\/v2\/product_cat?post=2762"},{"taxonomy":"product_tag","embeddable":true,"href":"https:\/\/distribucionarc.com\/it\/wp-json\/wp\/v2\/product_tag?post=2762"}],"curies":[{"name":"wp","href":"https:\/\/api.w.org\/{rel}","templated":true}]}}