{"id":288,"date":"2020-04-16T17:00:25","date_gmt":"2020-04-16T17:00:25","guid":{"rendered":"https:\/\/distribucionarc.com\/?post_type=product&#038;p=288"},"modified":"2025-05-09T14:33:02","modified_gmt":"2025-05-09T12:33:02","slug":"dispenser-imbottigliamento-per-prodotti-densi-e-pastosi-50ml-%f0%9f%a7%b4-pneumatico","status":"publish","type":"product","link":"https:\/\/distribucionarc.com\/it\/producto\/dosificadora-embotelladora-productos-densos-y-pastosos-50ml-%f0%9f%a7%b4-neumatica\/","title":{"rendered":"Dosaggio, imbottigliamento prodotti densi e viscosi 50 ml Pneumatico"},"content":{"rendered":"<h2 data-start=\"430\" data-end=\"499\">\ud83c\udfaf Riempitrice pneumatica compatta per liquidi viscosi \u2013 da 5 a 50 ml<\/h2>\n<p data-start=\"501\" data-end=\"810\">IL <strong data-start=\"504\" data-end=\"535\">riempitrice pneumatica 5\u201350 ml<\/strong> \u00c8 il modello pi\u00f9 compatto, leggero e maneggevole dell&#039;intera gamma. Appositamente progettato per il riempimento <strong data-start=\"641\" data-end=\"678\">liquidi a viscosit\u00e0 medio-alta<\/strong>, consente un <strong data-start=\"692\" data-end=\"745\">dosaggio preciso, veloce e senza problemi<\/strong>, grazie al suo sistema a pistone pneumatico con regolazione manuale.<\/p>\n<p data-start=\"812\" data-end=\"1132\">\u00c8 ideale per officine, laboratori e produttori che lavorano con piccole dosi e necessitano <strong data-start=\"907\" data-end=\"941\">flessibilit\u00e0 e pulizia rapida<\/strong> tra un prodotto e l&#039;altro. Attraverso un <strong data-start=\"983\" data-end=\"1018\">tornello a regolazione manuale<\/strong>, l&#039;utente pu\u00f2 regolare con precisione il volume da erogare, mantenendo il controllo completo sul riempimento.<\/p>\n<p data-start=\"1134\" data-end=\"1408\">Uno dei suoi maggiori vantaggi \u00e8 il suo <strong data-start=\"1168\" data-end=\"1193\">facilit\u00e0 di pulizia<\/strong>. Con un design semplice e accessibile, <strong data-start=\"1239\" data-end=\"1319\">Le parti a contatto con il prodotto possono essere smontate e lavate in pochi minuti.<\/strong>, che consente <strong data-start=\"1336\" data-end=\"1407\">cambiare rapidamente i prodotti senza rischio di contaminazione incrociata<\/strong>.<\/p>\n<h3 data-start=\"1410\" data-end=\"1446\">\u2705 Esempi di prodotti ideali:<\/h3>\n<ul data-start=\"1448\" data-end=\"1700\">\n<li data-start=\"1448\" data-end=\"1485\">\n<p data-start=\"1450\" data-end=\"1485\">\ud83d\udc84 <strong data-start=\"1453\" data-end=\"1485\">Basi per il trucco liquide<\/strong><\/p>\n<\/li>\n<li data-start=\"1486\" data-end=\"1511\">\n<p data-start=\"1488\" data-end=\"1511\">\ud83d\udc85 <strong data-start=\"1491\" data-end=\"1511\">Smalti per unghie<\/strong><\/p>\n<\/li>\n<li data-start=\"1512\" data-end=\"1560\">\n<p data-start=\"1514\" data-end=\"1560\">\ud83d\udd8b\ufe0f <strong data-start=\"1518\" data-end=\"1560\">Inchiostri, coloranti, pigmenti liquidi<\/strong><\/p>\n<\/li>\n<li data-start=\"1561\" data-end=\"1601\">\n<p data-start=\"1563\" data-end=\"1601\">\ud83e\uddf4 <strong data-start=\"1566\" data-end=\"1601\">Gel leggeri, sieri, lozioni<\/strong><\/p>\n<\/li>\n<li data-start=\"1602\" data-end=\"1645\">\n<p data-start=\"1604\" data-end=\"1645\">\ud83e\uddec <strong data-start=\"1607\" data-end=\"1645\">Reagenti chimici o farmaceutici<\/strong><\/p>\n<\/li>\n<li data-start=\"1646\" data-end=\"1700\">\n<p data-start=\"1648\" data-end=\"1700\">\ud83c\udf6f <strong data-start=\"1651\" data-end=\"1700\">Campioni di miele liquido o sciroppi senza grumi<\/strong><\/p>\n<\/li>\n<\/ul>\n<h3 data-start=\"1702\" data-end=\"1749\">\ud83d\udd01 Esempi di modifiche rapide al prodotto:<\/h3>\n<ul data-start=\"1751\" data-end=\"1967\">\n<li data-start=\"1751\" data-end=\"1809\">\n<p data-start=\"1753\" data-end=\"1809\">Di <strong data-start=\"1756\" data-end=\"1780\">smalto trasparente<\/strong> A <strong data-start=\"1783\" data-end=\"1807\">smalto con pigmento<\/strong><\/p>\n<\/li>\n<li data-start=\"1810\" data-end=\"1849\">\n<p data-start=\"1812\" data-end=\"1849\">Di <strong data-start=\"1815\" data-end=\"1830\">inchiostro nero<\/strong> A <strong data-start=\"1833\" data-end=\"1847\">inchiostro rosso<\/strong><\/p>\n<\/li>\n<li data-start=\"1850\" data-end=\"1905\">\n<p data-start=\"1852\" data-end=\"1905\">Di <strong data-start=\"1855\" data-end=\"1879\">gel cosmetico neutro<\/strong> A <strong data-start=\"1882\" data-end=\"1903\">gel profumato<\/strong><\/p>\n<\/li>\n<li data-start=\"1906\" data-end=\"1967\">\n<p data-start=\"1908\" data-end=\"1967\">Di <strong data-start=\"1911\" data-end=\"1944\">campioni di sciroppo senza zucchero<\/strong> A <strong data-start=\"1947\" data-end=\"1967\">sciroppo aromatizzato<\/strong><\/p>\n<\/li>\n<\/ul>\n<p data-start=\"1969\" data-end=\"2161\">Grazie al tuo <strong data-start=\"1982\" data-end=\"2000\">Tramoggia da 10 kg<\/strong>Grazie al design compatto e alla struttura in acciaio inox 304, questa macchina \u00e8 perfetta per la produzione di piccoli lotti, la campionatura o prodotti ad alta rotazione.<\/p>\n<hr data-start=\"2163\" data-end=\"2166\" \/>\n<h3 data-start=\"2168\" data-end=\"2197\">Specifiche tecniche<\/h3>\n<div class=\"_tableContainer_16hzy_1\">\n<div class=\"_tableWrapper_16hzy_14 group flex w-fit flex-col-reverse\" tabindex=\"-1\">\n<table class=\"w-fit min-w-(--thread-content-width)\" data-start=\"2199\" data-end=\"3626\">\n<thead data-start=\"2199\" data-end=\"2274\">\n<tr data-start=\"2199\" data-end=\"2274\">\n<th data-start=\"2199\" data-end=\"2233\" data-col-size=\"sm\">Caratteristica<\/th>\n<th data-start=\"2233\" data-end=\"2274\" data-col-size=\"md\">Dettaglio<\/th>\n<\/tr>\n<\/thead>\n<tbody data-start=\"2351\" data-end=\"3626\">\n<tr data-start=\"2351\" data-end=\"2439\">\n<td data-start=\"2351\" data-end=\"2385\" data-col-size=\"sm\">Tipo di macchina<\/td>\n<td data-col-size=\"md\" data-start=\"2385\" data-end=\"2439\">Riempitrice pneumatica manuale per piccoli volumi<\/td>\n<\/tr>\n<tr data-start=\"2440\" data-end=\"2516\">\n<td data-start=\"2440\" data-end=\"2474\" data-col-size=\"sm\">Tipologia di prodotti<\/td>\n<td data-col-size=\"md\" data-start=\"2474\" data-end=\"2516\">Liquidi viscosi senza particelle<\/td>\n<\/tr>\n<tr data-start=\"2517\" data-end=\"2601\">\n<td data-start=\"2517\" data-end=\"2551\" data-col-size=\"sm\">Applicazioni<\/td>\n<td data-col-size=\"md\" data-start=\"2551\" data-end=\"2601\">Cosmetici, laboratorio, farmacia, alimentare<\/td>\n<\/tr>\n<tr data-start=\"2602\" data-end=\"2691\">\n<td data-start=\"2602\" data-end=\"2636\" data-col-size=\"sm\">Prodotti compatibili<\/td>\n<td data-col-size=\"md\" data-start=\"2636\" data-end=\"2691\">Trucco liquido, smalti, inchiostri, sieri, gel<\/td>\n<\/tr>\n<tr data-start=\"2692\" data-end=\"2767\">\n<td data-start=\"2692\" data-end=\"2726\" data-col-size=\"sm\">Sistema di riempimento<\/td>\n<td data-col-size=\"md\" data-start=\"2726\" data-end=\"2767\">Pistone pneumatico regolato manualmente<\/td>\n<\/tr>\n<tr data-start=\"2768\" data-end=\"2844\">\n<td data-start=\"2768\" data-end=\"2802\" data-col-size=\"sm\">Intervallo di riempimento<\/td>\n<td data-col-size=\"md\" data-start=\"2802\" data-end=\"2844\">5 ml \u2013 50 ml<\/td>\n<\/tr>\n<tr data-start=\"2845\" data-end=\"2921\">\n<td data-start=\"2845\" data-end=\"2879\" data-col-size=\"sm\">Precisione di riempimento<\/td>\n<td data-col-size=\"md\" data-start=\"2879\" data-end=\"2921\">\u00b1 0,2 \u2013 1 ml<\/td>\n<\/tr>\n<tr data-start=\"2922\" data-end=\"2997\">\n<td data-start=\"2922\" data-end=\"2956\" data-col-size=\"sm\">Velocit\u00e0 di produzione<\/td>\n<td data-col-size=\"md\" data-start=\"2956\" data-end=\"2997\">Fino a 40 colpi al minuto<\/td>\n<\/tr>\n<tr data-start=\"2998\" data-end=\"3074\">\n<td data-start=\"2998\" data-end=\"3032\" data-col-size=\"sm\">Pressione di lavoro<\/td>\n<td data-col-size=\"md\" data-start=\"3032\" data-end=\"3074\">0,4 \u2013 0,6 MPa (58\u201387 PSI)<\/td>\n<\/tr>\n<tr data-start=\"3075\" data-end=\"3150\">\n<td data-start=\"3075\" data-end=\"3109\" data-col-size=\"sm\">Modalit\u00e0 di funzionamento<\/td>\n<td data-col-size=\"md\" data-start=\"3109\" data-end=\"3150\">Manuale con alimentazione pneumatica<\/td>\n<\/tr>\n<tr data-start=\"3151\" data-end=\"3227\">\n<td data-start=\"3151\" data-end=\"3185\" data-col-size=\"sm\">Capacit\u00e0 della tramoggia<\/td>\n<td data-col-size=\"md\" data-start=\"3185\" data-end=\"3227\">10 kg<\/td>\n<\/tr>\n<tr data-start=\"3228\" data-end=\"3303\">\n<td data-start=\"3228\" data-end=\"3262\" data-col-size=\"sm\">Materiale a contatto<\/td>\n<td data-col-size=\"md\" data-start=\"3262\" data-end=\"3303\">Acciaio inossidabile 304<\/td>\n<\/tr>\n<tr data-start=\"3304\" data-end=\"3395\">\n<td data-start=\"3304\" data-end=\"3338\" data-col-size=\"sm\">Pulizia<\/td>\n<td data-col-size=\"md\" data-start=\"3338\" data-end=\"3395\">Smontaggio molto semplice e veloce per cambi di prodotto<\/td>\n<\/tr>\n<tr data-start=\"3396\" data-end=\"3472\">\n<td data-start=\"3396\" data-end=\"3430\" data-col-size=\"sm\">Dimensioni e portabilit\u00e0<\/td>\n<td data-col-size=\"md\" data-start=\"3430\" data-end=\"3472\">Compatto e leggero<\/td>\n<\/tr>\n<tr data-start=\"3473\" data-end=\"3549\">\n<td data-start=\"3473\" data-end=\"3507\" data-col-size=\"sm\">Certificazione<\/td>\n<td data-col-size=\"md\" data-start=\"3507\" data-end=\"3549\">CE (a seconda del modello)<\/td>\n<\/tr>\n<tr data-start=\"3550\" data-end=\"3626\">\n<td data-start=\"3550\" data-end=\"3584\" data-col-size=\"sm\">Supporto tecnico<\/td>\n<td data-col-size=\"md\" data-start=\"3584\" data-end=\"3626\">Compreso<\/td>\n<\/tr>\n<\/tbody>\n<\/table>\n<div class=\"sticky end-(--thread-content-margin) h-0 self-end select-none\">\n<div class=\"absolute end-0 flex items-end\"><\/div>\n<\/div>\n<\/div>\n<\/div>\n<p><iframe loading=\"lazy\" src=\"https:\/\/www.youtube.com\/embed\/Y7kk4IGd9fQ\" width=\"560\" height=\"315\" frameborder=\"0\" allowfullscreen=\"allowfullscreen\"><\/iframe><\/p>","protected":false},"excerpt":{"rendered":"<p>Nuova riempitrice pneumatica con struttura a pistone, speciale per liquidi viscosi, gamma di riempimento di 5 \u27a1\ufe0f 50 ml. Ampiamente utilizzato nel riempimento di liquidi, quali: alimenti liquidi, oli, shampoo, creme e altre sostanze liquide e viscose. \u00c8 applicabile a prodotti farmaceutici, cosmetici, alimenti, pesticidi e all&#039;industria speciale, senza dubbio questa \u00e8 l&#039;attrezzatura semiautomatica ideale per il riempimento di liquidi viscosi per le aziende.<\/p>","protected":false},"featured_media":289,"comment_status":"open","ping_status":"closed","template":"","meta":{"wds_primary_product_brand":0,"wds_primary_product_cat":0},"product_brand":[],"product_cat":[18,20,74,73,75,320,321,29,21],"product_tag":[],"class_list":{"0":"post-288","1":"product","2":"type-product","3":"status-publish","4":"has-post-thumbnail","6":"product_cat-dosificadoras","7":"product_cat-dosificadoras-de-pastosos","8":"product_cat-llenadoras-de-botellas","9":"product_cat-llenadoras-de-liquidos","10":"product_cat-llenadoras-de-masas-y-salsas","11":"product_cat-llenadoras-de-liquidos-por-gravedad","12":"product_cat-llenadoras-de-piston","13":"product_cat-maquinas-industria-quimica","14":"product_cat-maquinas-llenadoras","15":"product_shipping_class-express","17":"first","18":"instock","19":"sale","20":"taxable","21":"shipping-taxable","22":"purchasable","23":"product-type-simple"},"yoast_head":"<!-- This site is optimized with the Yoast SEO Premium plugin v24.9 (Yoast SEO v26.1) - https:\/\/yoast.com\/wordpress\/plugins\/seo\/ -->\n<title>Dosificadora, Embotelladora Productos Densos y Viscosos 50 ml Neum\u00e1tica - distribuci\u00f3n ARC<\/title>\n<meta name=\"robots\" content=\"index, follow, max-snippet:-1, max-image-preview:large, max-video-preview:-1\" \/>\n<link rel=\"canonical\" href=\"https:\/\/distribucionarc.com\/it\/prodotto\/dispenser-imbottigliamento-per-prodotti-densi-e-pastosi-50ml-\ud83e\uddf4-pneumatico\/\" \/>\n<meta property=\"og:locale\" content=\"it_IT\" \/>\n<meta property=\"og:type\" content=\"article\" \/>\n<meta property=\"og:title\" content=\"Dosificadora, Embotelladora Productos Densos y Viscosos 50 ml Neum\u00e1tica\" \/>\n<meta property=\"og:description\" content=\"Nueva m\u00e1quina de llenado neum\u00e1tico que adopta una estructura con pist\u00f3n, especial para l\u00edquidos viscosos, rango de llenado de 5 \u27a1\ufe0f 50 ml. Ampliamente utilizada en el llenado de l\u00edquidos, como: alimentos l\u00edquidos, aceites, champ\u00fa, cremas y otras sustancia l\u00edquidas y viscosas. Es aplicable a los productos farmac\u00e9uticos, cosm\u00e9ticos, alimentos, plaguicidas, as\u00ed como la industria especial, sin dudas este es el equipo semiautom\u00e1tico ideal para el llenado de l\u00edquidos viscosos para los negocios.\" \/>\n<meta property=\"og:url\" content=\"https:\/\/distribucionarc.com\/it\/prodotto\/dispenser-imbottigliamento-per-prodotti-densi-e-pastosi-50ml-\ud83e\uddf4-pneumatico\/\" \/>\n<meta property=\"og:site_name\" content=\"distribuci\u00f3n ARC\" \/>\n<meta property=\"article:modified_time\" content=\"2025-05-09T12:33:02+00:00\" \/>\n<meta property=\"og:image\" content=\"https:\/\/distribucionarc.com\/wp-content\/uploads\/2020\/04\/dosificadora_embotelladora_productos_densos_y_pastosos_50ml_neumatica_0.jpg\" \/>\n\t<meta property=\"og:image:width\" content=\"1001\" \/>\n\t<meta property=\"og:image:height\" content=\"1001\" \/>\n\t<meta property=\"og:image:type\" content=\"image\/jpeg\" \/>\n<meta name=\"twitter:card\" content=\"summary_large_image\" \/>\n<meta name=\"twitter:label1\" content=\"Tempo di lettura stimato\" \/>\n\t<meta name=\"twitter:data1\" content=\"2 minuti\" \/>\n<script type=\"application\/ld+json\" class=\"yoast-schema-graph\">{\"@context\":\"https:\/\/schema.org\",\"@graph\":[{\"@type\":\"WebPage\",\"@id\":\"https:\/\/distribucionarc.com\/producto\/dosificadora-embotelladora-productos-densos-y-pastosos-50ml-%f0%9f%a7%b4-neumatica\/\",\"url\":\"https:\/\/distribucionarc.com\/producto\/dosificadora-embotelladora-productos-densos-y-pastosos-50ml-%f0%9f%a7%b4-neumatica\/\",\"name\":\"Dosificadora, Embotelladora Productos Densos y Viscosos 50 ml Neum\u00e1tica - distribuci\u00f3n ARC\",\"isPartOf\":{\"@id\":\"https:\/\/www.distribucionarc.com\/sl\/#website\"},\"primaryImageOfPage\":{\"@id\":\"https:\/\/distribucionarc.com\/producto\/dosificadora-embotelladora-productos-densos-y-pastosos-50ml-%f0%9f%a7%b4-neumatica\/#primaryimage\"},\"image\":{\"@id\":\"https:\/\/distribucionarc.com\/producto\/dosificadora-embotelladora-productos-densos-y-pastosos-50ml-%f0%9f%a7%b4-neumatica\/#primaryimage\"},\"thumbnailUrl\":\"https:\/\/distribucionarc.com\/wp-content\/uploads\/2020\/04\/dosificadora_embotelladora_productos_densos_y_pastosos_50ml_neumatica_0.jpg\",\"datePublished\":\"2020-04-16T17:00:25+00:00\",\"dateModified\":\"2025-05-09T12:33:02+00:00\",\"breadcrumb\":{\"@id\":\"https:\/\/distribucionarc.com\/producto\/dosificadora-embotelladora-productos-densos-y-pastosos-50ml-%f0%9f%a7%b4-neumatica\/#breadcrumb\"},\"inLanguage\":\"it-IT\",\"potentialAction\":[{\"@type\":\"ReadAction\",\"target\":[\"https:\/\/distribucionarc.com\/producto\/dosificadora-embotelladora-productos-densos-y-pastosos-50ml-%f0%9f%a7%b4-neumatica\/\"]}]},{\"@type\":\"ImageObject\",\"inLanguage\":\"it-IT\",\"@id\":\"https:\/\/distribucionarc.com\/producto\/dosificadora-embotelladora-productos-densos-y-pastosos-50ml-%f0%9f%a7%b4-neumatica\/#primaryimage\",\"url\":\"https:\/\/distribucionarc.com\/wp-content\/uploads\/2020\/04\/dosificadora_embotelladora_productos_densos_y_pastosos_50ml_neumatica_0.jpg\",\"contentUrl\":\"https:\/\/distribucionarc.com\/wp-content\/uploads\/2020\/04\/dosificadora_embotelladora_productos_densos_y_pastosos_50ml_neumatica_0.jpg\",\"width\":1001,\"height\":1001,\"caption\":\"dosificadora_embotelladora_productos_densos_y_pastosos_50ml_neumatica\"},{\"@type\":\"BreadcrumbList\",\"@id\":\"https:\/\/distribucionarc.com\/producto\/dosificadora-embotelladora-productos-densos-y-pastosos-50ml-%f0%9f%a7%b4-neumatica\/#breadcrumb\",\"itemListElement\":[{\"@type\":\"ListItem\",\"position\":1,\"name\":\"Portada\",\"item\":\"https:\/\/www.distribucionarc.com\/\"},{\"@type\":\"ListItem\",\"position\":2,\"name\":\"\u00dcr\u00fcnler\",\"item\":\"https:\/\/www.distribucionarc.com\/tr\/magaza\/\"},{\"@type\":\"ListItem\",\"position\":3,\"name\":\"Dosificadora, Embotelladora Productos Densos y Viscosos 50 ml Neum\u00e1tica\"}]},{\"@type\":\"WebSite\",\"@id\":\"https:\/\/www.distribucionarc.com\/sl\/#website\",\"url\":\"https:\/\/www.distribucionarc.com\/sl\/\",\"name\":\"distribuci\u00f3n ARC\",\"description\":\"Empresa especializada en la fabricaci\u00f3n y distribuci\u00f3n de maquinaria industrial, selladoras de latas, Maquinas de hacer pastillas, Maquinas de cortar carne...\",\"publisher\":{\"@id\":\"https:\/\/www.distribucionarc.com\/sl\/#organization\"},\"potentialAction\":[{\"@type\":\"SearchAction\",\"target\":{\"@type\":\"EntryPoint\",\"urlTemplate\":\"https:\/\/www.distribucionarc.com\/sl\/?s={search_term_string}\"},\"query-input\":{\"@type\":\"PropertyValueSpecification\",\"valueRequired\":true,\"valueName\":\"search_term_string\"}}],\"inLanguage\":\"it-IT\"},{\"@type\":\"Organization\",\"@id\":\"https:\/\/www.distribucionarc.com\/sl\/#organization\",\"name\":\"Distribuci\u00f3n ARC\",\"url\":\"https:\/\/www.distribucionarc.com\/sl\/\",\"logo\":{\"@type\":\"ImageObject\",\"inLanguage\":\"it-IT\",\"@id\":\"https:\/\/www.distribucionarc.com\/sl\/#\/schema\/logo\/image\/\",\"url\":\"https:\/\/distribucionarc.com\/wp-content\/uploads\/2024\/10\/distribucion-ARC-COLOR-SIN-FONDO-e1732295305345.png\",\"contentUrl\":\"https:\/\/distribucionarc.com\/wp-content\/uploads\/2024\/10\/distribucion-ARC-COLOR-SIN-FONDO-e1732295305345.png\",\"width\":1164,\"height\":558,\"caption\":\"Distribuci\u00f3n ARC\"},\"image\":{\"@id\":\"https:\/\/www.distribucionarc.com\/sl\/#\/schema\/logo\/image\/\"},\"description\":\"Empresa especializada en la fabricaci\u00f3n y distribuci\u00f3n de maquinaria industrial para los sectores alimentario y farmac\u00e9utico. Nos especializamos en: M\u00e1quinas de cortar carne Fabricaci\u00f3n de comprimidos Sistemas de transporte industrial L\u00edneas de embotellado Dosificadores Y mucho m\u00e1s... Ofrecemos soluciones innovadoras y personalizadas para optimizar los procesos productivos de tu empresa.\",\"email\":\"Admistracion@distribucionarc.com\",\"telephone\":\"+34 643496664\",\"legalName\":\"ARC TECH SOLUTIONS\",\"foundingDate\":\"2024-04-09\",\"vatID\":\"B55480172\",\"numberOfEmployees\":{\"@type\":\"QuantitativeValue\",\"minValue\":\"1\",\"maxValue\":\"10\"}}]}<\/script>\n<!-- \/ Yoast SEO Premium plugin. -->","yoast_head_json":{"title":"Dosatura, Imbottigliamento Prodotti Densi e Viscosi 50 ml Pneumatica - Distribuzione ad ARCO","robots":{"index":"index","follow":"follow","max-snippet":"max-snippet:-1","max-image-preview":"max-image-preview:large","max-video-preview":"max-video-preview:-1"},"canonical":"https:\/\/distribucionarc.com\/it\/prodotto\/dispenser-imbottigliamento-per-prodotti-densi-e-pastosi-50ml-\ud83e\uddf4-pneumatico\/","og_locale":"it_IT","og_type":"article","og_title":"Dosificadora, Embotelladora Productos Densos y Viscosos 50 ml Neum\u00e1tica","og_description":"Nueva m\u00e1quina de llenado neum\u00e1tico que adopta una estructura con pist\u00f3n, especial para l\u00edquidos viscosos, rango de llenado de 5 \u27a1\ufe0f 50 ml. Ampliamente utilizada en el llenado de l\u00edquidos, como: alimentos l\u00edquidos, aceites, champ\u00fa, cremas y otras sustancia l\u00edquidas y viscosas. Es aplicable a los productos farmac\u00e9uticos, cosm\u00e9ticos, alimentos, plaguicidas, as\u00ed como la industria especial, sin dudas este es el equipo semiautom\u00e1tico ideal para el llenado de l\u00edquidos viscosos para los negocios.","og_url":"https:\/\/distribucionarc.com\/it\/prodotto\/dispenser-imbottigliamento-per-prodotti-densi-e-pastosi-50ml-\ud83e\uddf4-pneumatico\/","og_site_name":"distribuci\u00f3n ARC","article_modified_time":"2025-05-09T12:33:02+00:00","og_image":[{"width":1001,"height":1001,"url":"https:\/\/distribucionarc.com\/wp-content\/uploads\/2020\/04\/dosificadora_embotelladora_productos_densos_y_pastosos_50ml_neumatica_0.jpg","type":"image\/jpeg"}],"twitter_card":"summary_large_image","twitter_misc":{"Tempo di lettura stimato":"2 minuti"},"schema":{"@context":"https:\/\/schema.org","@graph":[{"@type":"WebPage","@id":"https:\/\/distribucionarc.com\/producto\/dosificadora-embotelladora-productos-densos-y-pastosos-50ml-%f0%9f%a7%b4-neumatica\/","url":"https:\/\/distribucionarc.com\/producto\/dosificadora-embotelladora-productos-densos-y-pastosos-50ml-%f0%9f%a7%b4-neumatica\/","name":"Dosatura, Imbottigliamento Prodotti Densi e Viscosi 50 ml Pneumatica - Distribuzione ad ARCO","isPartOf":{"@id":"https:\/\/www.distribucionarc.com\/sl\/#website"},"primaryImageOfPage":{"@id":"https:\/\/distribucionarc.com\/producto\/dosificadora-embotelladora-productos-densos-y-pastosos-50ml-%f0%9f%a7%b4-neumatica\/#primaryimage"},"image":{"@id":"https:\/\/distribucionarc.com\/producto\/dosificadora-embotelladora-productos-densos-y-pastosos-50ml-%f0%9f%a7%b4-neumatica\/#primaryimage"},"thumbnailUrl":"https:\/\/distribucionarc.com\/wp-content\/uploads\/2020\/04\/dosificadora_embotelladora_productos_densos_y_pastosos_50ml_neumatica_0.jpg","datePublished":"2020-04-16T17:00:25+00:00","dateModified":"2025-05-09T12:33:02+00:00","breadcrumb":{"@id":"https:\/\/distribucionarc.com\/producto\/dosificadora-embotelladora-productos-densos-y-pastosos-50ml-%f0%9f%a7%b4-neumatica\/#breadcrumb"},"inLanguage":"it-IT","potentialAction":[{"@type":"ReadAction","target":["https:\/\/distribucionarc.com\/producto\/dosificadora-embotelladora-productos-densos-y-pastosos-50ml-%f0%9f%a7%b4-neumatica\/"]}]},{"@type":"ImageObject","inLanguage":"it-IT","@id":"https:\/\/distribucionarc.com\/producto\/dosificadora-embotelladora-productos-densos-y-pastosos-50ml-%f0%9f%a7%b4-neumatica\/#primaryimage","url":"https:\/\/distribucionarc.com\/wp-content\/uploads\/2020\/04\/dosificadora_embotelladora_productos_densos_y_pastosos_50ml_neumatica_0.jpg","contentUrl":"https:\/\/distribucionarc.com\/wp-content\/uploads\/2020\/04\/dosificadora_embotelladora_productos_densos_y_pastosos_50ml_neumatica_0.jpg","width":1001,"height":1001,"caption":"dosificadora_embotelladora_productos_densos_y_pastosos_50ml_neumatica"},{"@type":"BreadcrumbList","@id":"https:\/\/distribucionarc.com\/producto\/dosificadora-embotelladora-productos-densos-y-pastosos-50ml-%f0%9f%a7%b4-neumatica\/#breadcrumb","itemListElement":[{"@type":"ListItem","position":1,"name":"Portada","item":"https:\/\/www.distribucionarc.com\/"},{"@type":"ListItem","position":2,"name":"\u00dcr\u00fcnler","item":"https:\/\/www.distribucionarc.com\/tr\/magaza\/"},{"@type":"ListItem","position":3,"name":"Dosificadora, Embotelladora Productos Densos y Viscosos 50 ml Neum\u00e1tica"}]},{"@type":"WebSite","@id":"https:\/\/www.distribucionarc.com\/sl\/#website","url":"https:\/\/www.distribucionarc.com\/sl\/","name":"Distribuzione dell&#039;ARCO","description":"Azienda specializzata nella produzione e distribuzione di macchinari industriali, macchine sigillatrici di lattine, macchine per la produzione di compresse, macchine per il taglio della carne...","publisher":{"@id":"https:\/\/www.distribucionarc.com\/sl\/#organization"},"potentialAction":[{"@type":"SearchAction","target":{"@type":"EntryPoint","urlTemplate":"https:\/\/www.distribucionarc.com\/sl\/?s={search_term_string}"},"query-input":{"@type":"PropertyValueSpecification","valueRequired":true,"valueName":"search_term_string"}}],"inLanguage":"it-IT"},{"@type":"Organization","@id":"https:\/\/www.distribucionarc.com\/sl\/#organization","name":"Distribuzione dell&#039;ARC","url":"https:\/\/www.distribucionarc.com\/sl\/","logo":{"@type":"ImageObject","inLanguage":"it-IT","@id":"https:\/\/www.distribucionarc.com\/sl\/#\/schema\/logo\/image\/","url":"https:\/\/distribucionarc.com\/wp-content\/uploads\/2024\/10\/distribucion-ARC-COLOR-SIN-FONDO-e1732295305345.png","contentUrl":"https:\/\/distribucionarc.com\/wp-content\/uploads\/2024\/10\/distribucion-ARC-COLOR-SIN-FONDO-e1732295305345.png","width":1164,"height":558,"caption":"Distribuci\u00f3n ARC"},"image":{"@id":"https:\/\/www.distribucionarc.com\/sl\/#\/schema\/logo\/image\/"},"description":"Azienda specializzata nella produzione e distribuzione di macchinari industriali per il settore alimentare e farmaceutico. Siamo specializzati in: Macchine per il taglio della carne Produzione di compresse Sistemi di trasporto industriale Linee di imbottigliamento Dispenser E molto altro ancora... Offriamo soluzioni innovative e personalizzate per ottimizzare i processi produttivi della vostra azienda.","email":"Admistracion@distribucionarc.com","telephone":"+34 643496664","legalName":"ARC TECH SOLUTIONS","foundingDate":"2024-04-09","vatID":"B55480172","numberOfEmployees":{"@type":"QuantitativeValue","minValue":"1","maxValue":"10"}}]}},"_links":{"self":[{"href":"https:\/\/distribucionarc.com\/it\/wp-json\/wp\/v2\/product\/288","targetHints":{"allow":["GET"]}}],"collection":[{"href":"https:\/\/distribucionarc.com\/it\/wp-json\/wp\/v2\/product"}],"about":[{"href":"https:\/\/distribucionarc.com\/it\/wp-json\/wp\/v2\/types\/product"}],"replies":[{"embeddable":true,"href":"https:\/\/distribucionarc.com\/it\/wp-json\/wp\/v2\/comments?post=288"}],"version-history":[{"count":3,"href":"https:\/\/distribucionarc.com\/it\/wp-json\/wp\/v2\/product\/288\/revisions"}],"predecessor-version":[{"id":17473,"href":"https:\/\/distribucionarc.com\/it\/wp-json\/wp\/v2\/product\/288\/revisions\/17473"}],"wp:featuredmedia":[{"embeddable":true,"href":"https:\/\/distribucionarc.com\/it\/wp-json\/wp\/v2\/media\/289"}],"wp:attachment":[{"href":"https:\/\/distribucionarc.com\/it\/wp-json\/wp\/v2\/media?parent=288"}],"wp:term":[{"taxonomy":"product_brand","embeddable":true,"href":"https:\/\/distribucionarc.com\/it\/wp-json\/wp\/v2\/product_brand?post=288"},{"taxonomy":"product_cat","embeddable":true,"href":"https:\/\/distribucionarc.com\/it\/wp-json\/wp\/v2\/product_cat?post=288"},{"taxonomy":"product_tag","embeddable":true,"href":"https:\/\/distribucionarc.com\/it\/wp-json\/wp\/v2\/product_tag?post=288"}],"curies":[{"name":"wp","href":"https:\/\/api.w.org\/{rel}","templated":true}]}}