{"id":2944,"date":"2020-08-27T11:03:32","date_gmt":"2020-08-27T11:03:32","guid":{"rendered":"https:\/\/distribucionarc.com\/?post_type=product&#038;p=2944"},"modified":"2020-10-01T11:36:29","modified_gmt":"2020-10-01T11:36:29","slug":"macchina-per-raschiare-o-tritare-il-ghiaccio","status":"publish","type":"product","link":"https:\/\/distribucionarc.com\/it\/producto\/maquina-para-raspado-o-triturado-de-hielo\/","title":{"rendered":"Macchina per raschiare o tritare il ghiaccio\u00a0"},"content":{"rendered":"<h3>Macchina per raschiare o tritare il ghiaccio<\/h3>\n<p>IL\u00a0<strong>tritaghiaccio<\/strong>\u00a0Di\u00a0<strong><span style=\"color: #ff0000;\">A<\/span><span style=\"color: #0000ff;\">R<\/span>C<\/strong>\u00a0\u00c8 multifunzionale, \u00e8 adatta per realizzare granite dai molteplici gusti, ghiaccio della dimensione perfetta per un mojito o anche frullati multifrutta.<\/p>\n<p>IL\u00a0<strong>tritaghiaccio <span style=\"color: #ff0000;\">A<\/span><span style=\"color: #0000ff;\">R<\/span>CMHG180<\/strong>\u00a0Incorpora un barile in acciaio inossidabile 304 per uso alimentare. Il coperchio in vetro temperato consente una chiara osservazione del processo. Ha una tazza per aggiungere acqua o olio in qualsiasi momento. Lame in acciaio inox 420 ispessite con elevata durezza. Permettono il\u00a0<strong>tritaghiaccio<\/strong>\u00a0Di\u00a0<strong><span style=\"color: #ff0000;\">A<\/span><span style=\"color: #0000ff;\">R<\/span>C<\/strong>\u00a0Taglia ghiaccio e cibo con facilit\u00e0 e produce risultati fini e lisci.<\/p>\n<p>Viene fornito con una scatola di stoccaggio monoblocco stampata a iniezione da 34 litri. La scatola mantiene il ghiaccio tritato freddo e il foro di scarico con tubo per rilasciare l&#039;acqua. La porta a clip contribuisce a migliorare la capacit\u00e0 di tenuta.<\/p>\n<h6><strong>Garanzia\u00a0<span style=\"color: #ff0000;\">A<\/span><span style=\"color: #0000ff;\">R<\/span>C 2 ANNI<\/strong><\/h6>\n<h6><span style=\"color: #008000;\">Macchina tritaghiaccio, basso consumo 220w<\/span><\/h6>\n<p><strong>supporto tecnico incluso<\/strong><\/p>\n<p>&nbsp;<\/p>\n<p>&nbsp;<\/p>\n<table role=\"presentation\" width=\"100%\" cellspacing=\"0\" cellpadding=\"0\">\n<tbody>\n<tr>\n<td class=\"attrLabels\">Refrigerante:<\/td>\n<td width=\"50.0%\">R410a<\/td>\n<\/tr>\n<tr>\n<td class=\"attrLabels\">Paese di distribuzione:<\/td>\n<td width=\"50.0%\">Spagna, Germania, Stati Uniti<\/td>\n<td class=\"attrLabels\">Peso:<\/td>\n<td width=\"50.0%\">11,5 kg<\/td>\n<\/tr>\n<tr>\n<td class=\"attrLabels\">Marca:<\/td>\n<td width=\"50.0%\">ARCO<\/td>\n<td class=\"attrLabels\">Altezza:<\/td>\n<td width=\"50.0%\">85 cm<\/td>\n<\/tr>\n<tr>\n<td class=\"attrLabels\">Colore:<\/td>\n<td width=\"50.0%\">Argento<\/td>\n<td class=\"attrLabels\">Lungo:<\/td>\n<td width=\"50.0%\">36 cm<\/td>\n<\/tr>\n<tr>\n<td class=\"attrLabels\">Tipo di prodotto:<\/td>\n<td width=\"50.0%\">Frullatore tritatutto professionale<\/td>\n<td class=\"attrLabels\">Ampio:<\/td>\n<td width=\"50.0%\">\u00a046,9 centimetri<\/td>\n<\/tr>\n<tr>\n<td class=\"attrLabels\">Numero del produttore:<\/td>\n<td width=\"50.0%\">ARCMHG01<\/td>\n<td class=\"attrLabels\">Energia:<\/td>\n<td width=\"50.0%\">220 Volt<\/td>\n<\/tr>\n<tr>\n<td class=\"attrLabels\">Materiale:<\/td>\n<td width=\"50.0%\">acciaio inossidabile, controllo intelligente, sistema di sicurezza, vetro temperato<\/td>\n<td class=\"attrLabels\">tensione di ingresso<\/td>\n<td width=\"50.0%\">220 V \u2013 60 Hz<\/td>\n<\/tr>\n<tr>\n<td class=\"attrLabels\">Velocit\u00e0:<\/td>\n<td width=\"50.0%\">\u00a01500 giri\/min<\/td>\n<td class=\"attrLabels\">Misurare :<\/td>\n<td width=\"50.0%\">34 litri<\/td>\n<\/tr>\n<tr>\n<td class=\"attrLabels\">Strumenti di installazione:<\/td>\n<td width=\"50.0%\">S\u00ec<\/td>\n<td class=\"attrLabels\">Garanzia:<\/td>\n<td width=\"50.0%\">2 ANNI<\/td>\n<\/tr>\n<\/tbody>\n<\/table>","protected":false},"excerpt":{"rendered":"<h2>Macchina per raschiare o tritare il ghiaccio<\/h2>\n<p>In\u00a0<span style=\"color: #ff0000;\"><strong>A<\/strong><\/span><span style=\"color: #0000ff;\"><strong>R<\/strong><\/span><strong>C<\/strong>\u00a0troverai sempre il\u00a0<strong>macchine per il gelato<\/strong>\u00a0per l&#039;uso\u00a0<strong>commerciale professionale<\/strong>\u00a0pi\u00f9 innovativo sul mercato per l&#039;eleganza dei dettagli, la cura nel privilegiare la produzione e quindi la qualit\u00e0 del prodotto, oltre a contribuire al consumo energetico con<strong>\u00a0<\/strong><strong><span style=\"color: #008000;\">macchine per gelato a basso consumo energetico<\/span>.<\/strong><\/p>\n<p>Il t<strong>tritaghiaccio<\/strong> di 180 kg\/h di <strong><span style=\"color: #ff0000;\">A<\/span><span style=\"color: #0000ff;\">R<\/span>C<\/strong>\u00c8 molto utile anche per preparare in casa il ghiaccio per preparare frullati o cocktail aromatizzati. Ideale per ristoranti, fiere, food truck, eventi e uso familiare. IL\u00a0<strong>frantoio professionale <span style=\"color: #ff0000;\">A<\/span><span style=\"color: #0000ff;\">R<\/span>CMHG180<\/strong>\u00a0\u00c8 dotato di un doppio blocco funzionale automatico di sicurezza, che arresta il movimento della lama quando il coperchio \u00e8 aperto o quando il contenitore viene rimosso. Le ruote sono incluse per un facile spostamento. \u00c8 perfetto sia per uso commerciale grazie alla sua incredibile potenza.<\/p>\n<h6><strong>Garanzia\u00a0<span style=\"color: #ff0000;\">A<\/span><span style=\"color: #0000ff;\">R<\/span>C 2 ANNI<\/strong><\/h6>\n<h6><span style=\"color: #008000;\">Macchina tritaghiaccio, basso consumo 220w<\/span><\/h6>\n<p><strong>supporto tecnico incluso<\/strong><\/p>\n<div id=\"gtx-trans\" style=\"position: absolute; left: 142px; top: 219.212px;\">\n<div class=\"gtx-trans-icon\"><\/div>\n<\/div>","protected":false},"featured_media":2967,"comment_status":"open","ping_status":"closed","template":"","meta":{"wds_primary_product_brand":0,"wds_primary_product_cat":0},"product_brand":[],"product_cat":[58],"product_tag":[],"class_list":{"0":"post-2944","1":"product","2":"type-product","3":"status-publish","4":"has-post-thumbnail","6":"product_cat-maquinaria-para-heladerias-profesionales","7":"product_shipping_class-hosteleria","9":"first","10":"instock","11":"sale","12":"taxable","13":"shipping-taxable","14":"purchasable","15":"product-type-simple"},"yoast_head":"<!-- This site is optimized with the Yoast SEO Premium plugin v24.9 (Yoast SEO v26.1) - https:\/\/yoast.com\/wordpress\/plugins\/seo\/ -->\n<title>Maquina para raspado o triturado de hielo\u00a0 - distribuci\u00f3n ARC<\/title>\n<meta name=\"robots\" content=\"index, follow, max-snippet:-1, max-image-preview:large, max-video-preview:-1\" \/>\n<link rel=\"canonical\" href=\"https:\/\/distribucionarc.com\/it\/prodotto\/macchina-per-raschiare-o-tritare-il-ghiaccio\/\" \/>\n<meta property=\"og:locale\" content=\"it_IT\" \/>\n<meta property=\"og:type\" content=\"article\" \/>\n<meta property=\"og:title\" content=\"Maquina para raspado o triturado de hielo\u00a0\" \/>\n<meta property=\"og:description\" content=\"Maquina para raspado o triturado de hielo En\u00a0ARC\u00a0siempre encontrar\u00e1s la\u00a0maquinaria para helados\u00a0para uso\u00a0comercial profesional\u00a0m\u00e1s innovadora del mercado por sus detalles elegantes, su cuidado en favorecer la producci\u00f3n y a su vez la calidad del producto, adem\u00e1s de ayudar en el consumo energ\u00e9tico con\u00a0m\u00e1quinas de helado de bajo consumo energ\u00e9tico.  La trituradora de hielo de 180 kg\/h de ARC, tambi\u00e9n resulta muy \u00fatil para fabricar tu propio hielo para granizados de sabores o cocktails. Ideal para restaurantes, ferias, camiones de alimentos, eventos y uso familiar. La\u00a0trituradora profesional ARCMHG180\u00a0est\u00e1 equipado con un doble cierre de seguridad autom\u00e1tico funcional, que detiene el movimiento de la cuchilla cuando la tapa est\u00e1 abierta o cuando se retira el contenedor. Se incluyen ruedas para facilitar el movimiento. Es perfecto tanto para uso comercial por su incre\u00edble potencia. Garant\u00eda\u00a0ARC 2 A\u00d1OS M\u00e1quina picadora de hielo, bajo consumo 220w soporte t\u00e9cnico incluido\" \/>\n<meta property=\"og:url\" content=\"https:\/\/distribucionarc.com\/it\/prodotto\/macchina-per-raschiare-o-tritare-il-ghiaccio\/\" \/>\n<meta property=\"og:site_name\" content=\"distribuci\u00f3n ARC\" \/>\n<meta property=\"article:modified_time\" content=\"2020-10-01T11:36:29+00:00\" \/>\n<meta property=\"og:image\" content=\"https:\/\/distribucionarc.com\/wp-content\/uploads\/2020\/08\/M\u00e1quina-para-raspado-o-triturado-de-hielo-0.jpg\" \/>\n\t<meta property=\"og:image:width\" content=\"1600\" \/>\n\t<meta property=\"og:image:height\" content=\"1600\" \/>\n\t<meta property=\"og:image:type\" content=\"image\/jpeg\" \/>\n<meta name=\"twitter:card\" content=\"summary_large_image\" \/>\n<meta name=\"twitter:label1\" content=\"Tempo di lettura stimato\" \/>\n\t<meta name=\"twitter:data1\" content=\"1 minuto\" \/>\n<script type=\"application\/ld+json\" class=\"yoast-schema-graph\">{\"@context\":\"https:\/\/schema.org\",\"@graph\":[{\"@type\":\"WebPage\",\"@id\":\"https:\/\/distribucionarc.com\/hr\/producto\/maquina-para-raspado-o-triturado-de-hielo\/\",\"url\":\"https:\/\/distribucionarc.com\/hr\/producto\/maquina-para-raspado-o-triturado-de-hielo\/\",\"name\":\"Maquina para raspado o triturado de hielo\u00a0 - distribuci\u00f3n ARC\",\"isPartOf\":{\"@id\":\"https:\/\/distribucionarc.com\/de\/#website\"},\"primaryImageOfPage\":{\"@id\":\"https:\/\/distribucionarc.com\/hr\/producto\/maquina-para-raspado-o-triturado-de-hielo\/#primaryimage\"},\"image\":{\"@id\":\"https:\/\/distribucionarc.com\/hr\/producto\/maquina-para-raspado-o-triturado-de-hielo\/#primaryimage\"},\"thumbnailUrl\":\"https:\/\/distribucionarc.com\/wp-content\/uploads\/2020\/08\/M\u00e1quina-para-raspado-o-triturado-de-hielo-0.jpg\",\"datePublished\":\"2020-08-27T11:03:32+00:00\",\"dateModified\":\"2020-10-01T11:36:29+00:00\",\"breadcrumb\":{\"@id\":\"https:\/\/distribucionarc.com\/hr\/producto\/maquina-para-raspado-o-triturado-de-hielo\/#breadcrumb\"},\"inLanguage\":\"it-IT\",\"potentialAction\":[{\"@type\":\"ReadAction\",\"target\":[\"https:\/\/distribucionarc.com\/hr\/producto\/maquina-para-raspado-o-triturado-de-hielo\/\"]}]},{\"@type\":\"ImageObject\",\"inLanguage\":\"it-IT\",\"@id\":\"https:\/\/distribucionarc.com\/hr\/producto\/maquina-para-raspado-o-triturado-de-hielo\/#primaryimage\",\"url\":\"https:\/\/distribucionarc.com\/wp-content\/uploads\/2020\/08\/M\u00e1quina-para-raspado-o-triturado-de-hielo-0.jpg\",\"contentUrl\":\"https:\/\/distribucionarc.com\/wp-content\/uploads\/2020\/08\/M\u00e1quina-para-raspado-o-triturado-de-hielo-0.jpg\",\"width\":1600,\"height\":1600,\"caption\":\"Maquina para raspado o triturado de hielo\u00a0\"},{\"@type\":\"BreadcrumbList\",\"@id\":\"https:\/\/distribucionarc.com\/hr\/producto\/maquina-para-raspado-o-triturado-de-hielo\/#breadcrumb\",\"itemListElement\":[{\"@type\":\"ListItem\",\"position\":1,\"name\":\"Portada\",\"item\":\"https:\/\/distribucionarc.com\/pl\/\"},{\"@type\":\"ListItem\",\"position\":2,\"name\":\"Produkty\",\"item\":\"https:\/\/distribucionarc.com\/pl\/shop\/\"},{\"@type\":\"ListItem\",\"position\":3,\"name\":\"Maquina para raspado o triturado de hielo\u00a0\"}]},{\"@type\":\"WebSite\",\"@id\":\"https:\/\/distribucionarc.com\/de\/#website\",\"url\":\"https:\/\/distribucionarc.com\/de\/\",\"name\":\"distribuci\u00f3n ARC\",\"description\":\"Empresa especializada en la fabricaci\u00f3n y distribuci\u00f3n de maquinaria industrial, selladoras de latas, Maquinas de hacer pastillas, Maquinas de cortar carne...\",\"publisher\":{\"@id\":\"https:\/\/distribucionarc.com\/de\/#organization\"},\"potentialAction\":[{\"@type\":\"SearchAction\",\"target\":{\"@type\":\"EntryPoint\",\"urlTemplate\":\"https:\/\/distribucionarc.com\/de\/?s={search_term_string}\"},\"query-input\":{\"@type\":\"PropertyValueSpecification\",\"valueRequired\":true,\"valueName\":\"search_term_string\"}}],\"inLanguage\":\"it-IT\"},{\"@type\":\"Organization\",\"@id\":\"https:\/\/distribucionarc.com\/de\/#organization\",\"name\":\"Distribuci\u00f3n ARC\",\"url\":\"https:\/\/distribucionarc.com\/de\/\",\"logo\":{\"@type\":\"ImageObject\",\"inLanguage\":\"it-IT\",\"@id\":\"https:\/\/distribucionarc.com\/de\/#\/schema\/logo\/image\/\",\"url\":\"https:\/\/distribucionarc.com\/wp-content\/uploads\/2024\/10\/distribucion-ARC-COLOR-SIN-FONDO-e1732295305345.png\",\"contentUrl\":\"https:\/\/distribucionarc.com\/wp-content\/uploads\/2024\/10\/distribucion-ARC-COLOR-SIN-FONDO-e1732295305345.png\",\"width\":1164,\"height\":558,\"caption\":\"Distribuci\u00f3n ARC\"},\"image\":{\"@id\":\"https:\/\/distribucionarc.com\/de\/#\/schema\/logo\/image\/\"},\"description\":\"Empresa especializada en la fabricaci\u00f3n y distribuci\u00f3n de maquinaria industrial para los sectores alimentario y farmac\u00e9utico. Nos especializamos en: M\u00e1quinas de cortar carne Fabricaci\u00f3n de comprimidos Sistemas de transporte industrial L\u00edneas de embotellado Dosificadores Y mucho m\u00e1s... Ofrecemos soluciones innovadoras y personalizadas para optimizar los procesos productivos de tu empresa.\",\"email\":\"Admistracion@distribucionarc.com\",\"telephone\":\"+34 643496664\",\"legalName\":\"ARC TECH SOLUTIONS\",\"foundingDate\":\"2024-04-09\",\"vatID\":\"B55480172\",\"numberOfEmployees\":{\"@type\":\"QuantitativeValue\",\"minValue\":\"1\",\"maxValue\":\"10\"}}]}<\/script>\n<!-- \/ Yoast SEO Premium plugin. -->","yoast_head_json":{"title":"Macchina per tritare o frantumare il ghiaccio - Distribuzione ARC","robots":{"index":"index","follow":"follow","max-snippet":"max-snippet:-1","max-image-preview":"max-image-preview:large","max-video-preview":"max-video-preview:-1"},"canonical":"https:\/\/distribucionarc.com\/it\/prodotto\/macchina-per-raschiare-o-tritare-il-ghiaccio\/","og_locale":"it_IT","og_type":"article","og_title":"Maquina para raspado o triturado de hielo\u00a0","og_description":"Maquina para raspado o triturado de hielo En\u00a0ARC\u00a0siempre encontrar\u00e1s la\u00a0maquinaria para helados\u00a0para uso\u00a0comercial profesional\u00a0m\u00e1s innovadora del mercado por sus detalles elegantes, su cuidado en favorecer la producci\u00f3n y a su vez la calidad del producto, adem\u00e1s de ayudar en el consumo energ\u00e9tico con\u00a0m\u00e1quinas de helado de bajo consumo energ\u00e9tico.  La trituradora de hielo de 180 kg\/h de ARC, tambi\u00e9n resulta muy \u00fatil para fabricar tu propio hielo para granizados de sabores o cocktails. Ideal para restaurantes, ferias, camiones de alimentos, eventos y uso familiar. La\u00a0trituradora profesional ARCMHG180\u00a0est\u00e1 equipado con un doble cierre de seguridad autom\u00e1tico funcional, que detiene el movimiento de la cuchilla cuando la tapa est\u00e1 abierta o cuando se retira el contenedor. Se incluyen ruedas para facilitar el movimiento. Es perfecto tanto para uso comercial por su incre\u00edble potencia. Garant\u00eda\u00a0ARC 2 A\u00d1OS M\u00e1quina picadora de hielo, bajo consumo 220w soporte t\u00e9cnico incluido","og_url":"https:\/\/distribucionarc.com\/it\/prodotto\/macchina-per-raschiare-o-tritare-il-ghiaccio\/","og_site_name":"distribuci\u00f3n ARC","article_modified_time":"2020-10-01T11:36:29+00:00","og_image":[{"width":1600,"height":1600,"url":"https:\/\/distribucionarc.com\/wp-content\/uploads\/2020\/08\/M\u00e1quina-para-raspado-o-triturado-de-hielo-0.jpg","type":"image\/jpeg"}],"twitter_card":"summary_large_image","twitter_misc":{"Tempo di lettura stimato":"1 minuto"},"schema":{"@context":"https:\/\/schema.org","@graph":[{"@type":"WebPage","@id":"https:\/\/distribucionarc.com\/hr\/producto\/maquina-para-raspado-o-triturado-de-hielo\/","url":"https:\/\/distribucionarc.com\/hr\/producto\/maquina-para-raspado-o-triturado-de-hielo\/","name":"Macchina per tritare o frantumare il ghiaccio - Distribuzione ARC","isPartOf":{"@id":"https:\/\/distribucionarc.com\/de\/#website"},"primaryImageOfPage":{"@id":"https:\/\/distribucionarc.com\/hr\/producto\/maquina-para-raspado-o-triturado-de-hielo\/#primaryimage"},"image":{"@id":"https:\/\/distribucionarc.com\/hr\/producto\/maquina-para-raspado-o-triturado-de-hielo\/#primaryimage"},"thumbnailUrl":"https:\/\/distribucionarc.com\/wp-content\/uploads\/2020\/08\/M\u00e1quina-para-raspado-o-triturado-de-hielo-0.jpg","datePublished":"2020-08-27T11:03:32+00:00","dateModified":"2020-10-01T11:36:29+00:00","breadcrumb":{"@id":"https:\/\/distribucionarc.com\/hr\/producto\/maquina-para-raspado-o-triturado-de-hielo\/#breadcrumb"},"inLanguage":"it-IT","potentialAction":[{"@type":"ReadAction","target":["https:\/\/distribucionarc.com\/hr\/producto\/maquina-para-raspado-o-triturado-de-hielo\/"]}]},{"@type":"ImageObject","inLanguage":"it-IT","@id":"https:\/\/distribucionarc.com\/hr\/producto\/maquina-para-raspado-o-triturado-de-hielo\/#primaryimage","url":"https:\/\/distribucionarc.com\/wp-content\/uploads\/2020\/08\/M\u00e1quina-para-raspado-o-triturado-de-hielo-0.jpg","contentUrl":"https:\/\/distribucionarc.com\/wp-content\/uploads\/2020\/08\/M\u00e1quina-para-raspado-o-triturado-de-hielo-0.jpg","width":1600,"height":1600,"caption":"Maquina para raspado o triturado de hielo\u00a0"},{"@type":"BreadcrumbList","@id":"https:\/\/distribucionarc.com\/hr\/producto\/maquina-para-raspado-o-triturado-de-hielo\/#breadcrumb","itemListElement":[{"@type":"ListItem","position":1,"name":"Portada","item":"https:\/\/distribucionarc.com\/pl\/"},{"@type":"ListItem","position":2,"name":"Produkty","item":"https:\/\/distribucionarc.com\/pl\/shop\/"},{"@type":"ListItem","position":3,"name":"Maquina para raspado o triturado de hielo\u00a0"}]},{"@type":"WebSite","@id":"https:\/\/distribucionarc.com\/de\/#website","url":"https:\/\/distribucionarc.com\/de\/","name":"Distribuzione dell&#039;ARCO","description":"Azienda specializzata nella produzione e distribuzione di macchinari industriali, macchine sigillatrici di lattine, macchine per la produzione di compresse, macchine per il taglio della carne...","publisher":{"@id":"https:\/\/distribucionarc.com\/de\/#organization"},"potentialAction":[{"@type":"SearchAction","target":{"@type":"EntryPoint","urlTemplate":"https:\/\/distribucionarc.com\/de\/?s={search_term_string}"},"query-input":{"@type":"PropertyValueSpecification","valueRequired":true,"valueName":"search_term_string"}}],"inLanguage":"it-IT"},{"@type":"Organization","@id":"https:\/\/distribucionarc.com\/de\/#organization","name":"Distribuzione dell&#039;ARC","url":"https:\/\/distribucionarc.com\/de\/","logo":{"@type":"ImageObject","inLanguage":"it-IT","@id":"https:\/\/distribucionarc.com\/de\/#\/schema\/logo\/image\/","url":"https:\/\/distribucionarc.com\/wp-content\/uploads\/2024\/10\/distribucion-ARC-COLOR-SIN-FONDO-e1732295305345.png","contentUrl":"https:\/\/distribucionarc.com\/wp-content\/uploads\/2024\/10\/distribucion-ARC-COLOR-SIN-FONDO-e1732295305345.png","width":1164,"height":558,"caption":"Distribuci\u00f3n ARC"},"image":{"@id":"https:\/\/distribucionarc.com\/de\/#\/schema\/logo\/image\/"},"description":"Azienda specializzata nella produzione e distribuzione di macchinari industriali per il settore alimentare e farmaceutico. Siamo specializzati in: Macchine per il taglio della carne Produzione di compresse Sistemi di trasporto industriale Linee di imbottigliamento Dispenser E molto altro ancora... Offriamo soluzioni innovative e personalizzate per ottimizzare i processi produttivi della vostra azienda.","email":"Admistracion@distribucionarc.com","telephone":"+34 643496664","legalName":"ARC TECH SOLUTIONS","foundingDate":"2024-04-09","vatID":"B55480172","numberOfEmployees":{"@type":"QuantitativeValue","minValue":"1","maxValue":"10"}}]}},"_links":{"self":[{"href":"https:\/\/distribucionarc.com\/it\/wp-json\/wp\/v2\/product\/2944","targetHints":{"allow":["GET"]}}],"collection":[{"href":"https:\/\/distribucionarc.com\/it\/wp-json\/wp\/v2\/product"}],"about":[{"href":"https:\/\/distribucionarc.com\/it\/wp-json\/wp\/v2\/types\/product"}],"replies":[{"embeddable":true,"href":"https:\/\/distribucionarc.com\/it\/wp-json\/wp\/v2\/comments?post=2944"}],"version-history":[{"count":0,"href":"https:\/\/distribucionarc.com\/it\/wp-json\/wp\/v2\/product\/2944\/revisions"}],"wp:featuredmedia":[{"embeddable":true,"href":"https:\/\/distribucionarc.com\/it\/wp-json\/wp\/v2\/media\/2967"}],"wp:attachment":[{"href":"https:\/\/distribucionarc.com\/it\/wp-json\/wp\/v2\/media?parent=2944"}],"wp:term":[{"taxonomy":"product_brand","embeddable":true,"href":"https:\/\/distribucionarc.com\/it\/wp-json\/wp\/v2\/product_brand?post=2944"},{"taxonomy":"product_cat","embeddable":true,"href":"https:\/\/distribucionarc.com\/it\/wp-json\/wp\/v2\/product_cat?post=2944"},{"taxonomy":"product_tag","embeddable":true,"href":"https:\/\/distribucionarc.com\/it\/wp-json\/wp\/v2\/product_tag?post=2944"}],"curies":[{"name":"wp","href":"https:\/\/api.w.org\/{rel}","templated":true}]}}