{"id":2945,"date":"2020-08-27T10:10:59","date_gmt":"2020-08-27T10:10:59","guid":{"rendered":"https:\/\/distribucionarc.com\/?post_type=product&#038;p=2945"},"modified":"2023-04-25T16:32:49","modified_gmt":"2023-04-25T16:32:49","slug":"mulino-per-grani-elettrico-50-kg","status":"publish","type":"product","link":"https:\/\/distribucionarc.com\/it\/producto\/molino-para-granos-electrico-50-kg\/","title":{"rendered":"Mulino elettrico per cereali 50 kg"},"content":{"rendered":"<h3>Mulino elettrico per cereali 50 kg<\/h3>\n<p>Lui\u00a0<strong>smerigliatrice elettrica\u00a0<span style=\"color: #ff0000;\">A<\/span><span style=\"color: #0000ff;\">R<\/span>C<\/strong> \u00c8 costruito in materiale di acciaio inossidabile, che \u00e8 durevole e robusto. Adotta la lama affilata con una velocit\u00e0 di rotazione di 1500 giri al minuto, che pu\u00f2 distruggere tutti i tipi di alimenti disidratati in modo rapido e semplice.<\/p>\n<p>Include un pulsante di protezione da sovraccarico, che garantisce la sicurezza della macchina. Si spegne automaticamente in caso di sovraccarico. Riavvia facilmente premendo il pulsante dopo altri 10 minuti. Lui\u00a0<strong>mulino elettrico<span style=\"color: #ff0000;\"> A<\/span><span style=\"color: #0000ff;\">R<\/span>CMEG50M<\/strong>\u00a0Progettato con pi\u00f9 fibbie per stringere il coperchio. Il timer rosso consente di impostare liberamente l&#039;orario di lavoro (0-5 minuti).<\/p>\n<p>Il motore in rame puro ad alta potenza da 1800 watt ti consente\u00a0<strong>permette di macinare una grande capacit\u00e0 di 50 kg<\/strong>\u00a0allo stesso tempo migliorando notevolmente l&#039;efficienza della macinazione degli alimenti. \u00c8 possibile tenere la maniglia per ruotare il corpo della fotocamera per versare la polvere e utilizzare la spazzola per pulire la polvere residua<\/p>\n<div style=\"width: 1280px;\" class=\"wp-video\"><video class=\"wp-video-shortcode\" id=\"video-2945-1\" width=\"1280\" height=\"720\" preload=\"metadata\" controls=\"controls\"><source type=\"video\/mp4\" src=\"https:\/\/distribucionarc.com\/wp-content\/uploads\/2020\/08\/molinillo-de-precision-para-hacer-polvo-.mp4?_=1\" \/><a href=\"https:\/\/distribucionarc.com\/wp-content\/uploads\/2020\/08\/molinillo-de-precision-para-hacer-polvo-.mp4\">https:\/\/distribucionarc.com\/wp-content\/uploads\/2020\/08\/molinillo-de-precision-para-hacer-polvo-.mp4<\/a><\/video><\/div>\n<h6><strong>Garanzia\u00a0<span style=\"color: #ff0000;\">A<\/span><span style=\"color: #0000ff;\">R<\/span>C 2 ANNI<\/strong><\/h6>\n<h6><span style=\"color: #008000;\">Smerigliatrice elettrica efficiente, basso consumo 2000W<\/span><\/h6>\n<h6><strong>supporto tecnico incluso<\/strong><\/h6>\n<p>&nbsp;<\/p>\n<table role=\"presentation\" width=\"100%\" cellspacing=\"0\" cellpadding=\"0\">\n<tbody>\n<tr>\n<td class=\"attrLabels\">Marca:<\/td>\n<td width=\"50.0%\">ARCO<\/td>\n<\/tr>\n<tr>\n<td class=\"attrLabels\">Paese di distribuzione:<\/td>\n<td width=\"50.0%\">Spagna, Germania, Stati Uniti<\/td>\n<td class=\"attrLabels\">Peso:<\/td>\n<td width=\"50.0%\">18 kg<\/td>\n<\/tr>\n<tr>\n<td class=\"attrLabels\">Marca:<\/td>\n<td width=\"50.0%\">ARCO<\/td>\n<td class=\"attrLabels\">Alto:<\/td>\n<td width=\"50.0%\">44,5 centimetri<\/td>\n<\/tr>\n<tr>\n<td class=\"attrLabels\">Colore:<\/td>\n<td width=\"50.0%\">Argento<\/td>\n<td class=\"attrLabels\">Lungo:<\/td>\n<td width=\"50.0%\">28 cm<\/td>\n<\/tr>\n<tr>\n<td class=\"attrLabels\">Tipo di prodotto:<\/td>\n<td width=\"50.0%\">smerigliatrice elettrica<\/td>\n<td class=\"attrLabels\">Ampio:<\/td>\n<td width=\"50.0%\">40,5 cm<\/td>\n<\/tr>\n<tr>\n<td class=\"attrLabels\">Numero del produttore:<\/td>\n<td width=\"50.0%\">ARCMEG1M<\/td>\n<td class=\"attrLabels\">Energia:<\/td>\n<td width=\"50.0%\">2000 W<\/td>\n<\/tr>\n<tr>\n<td class=\"attrLabels\">Materiale:<\/td>\n<td width=\"50.0%\">acciaio inossidabile, motore in rame<\/td>\n<td class=\"attrLabels\">Velocit\u00e0 del motore:<\/td>\n<td width=\"50.0%\">1500 giri\/min<\/td>\n<\/tr>\n<tr>\n<td class=\"attrLabels\">Garanzia:<\/td>\n<td width=\"50.0%\">\u00a0 2 anni<\/td>\n<td class=\"attrLabels\">Produttivit\u00e0:<\/td>\n<td width=\"50.0%\">30 \u2013 50 kg all&#039;ora<\/td>\n<\/tr>\n<tr>\n<td class=\"attrLabels\">Voltaggio in ingresso:<\/td>\n<td width=\"50.0%\">230V 50Hz<\/td>\n<td class=\"attrLabels\">Capacit\u00e0 massima:<\/td>\n<td width=\"50.0%\">50 kg<\/td>\n<\/tr>\n<\/tbody>\n<\/table>\n<p>&nbsp;<\/p>","protected":false},"excerpt":{"rendered":"<h2>Mulino elettrico per cereali 50 kg<\/h2>\n<p><strong><span style=\"color: #ff0000;\">A<\/span><span style=\"color: #0000ff;\">R<\/span>C<\/strong>\u00a0Ti offre a\u00a0<strong>smerigliatrice elettrica<\/strong> alta qualit\u00e0. Di piccole dimensioni, leggero, altamente efficiente e facile da usare. Realizzato in materiale inossidabile per uso alimentare, sicuro e durevole. Con il potente motore da 2000 watt, <strong>pu\u00f2 macinare 50 kg<\/strong> di cibo allo stesso tempo. Dispone inoltre di una protezione sicura da sovraccarico per evitare che il motore si bruci. Pu\u00f2 produrre rapidamente polvere di tutti i tipi di alimenti disidratati, riso, mais, sesamo, soia, mangime per pesci, pepe, medicine, ecc., adatti a tutti i tipi di materiali.<\/p>\n<h6><strong>Garanzia\u00a0<span style=\"color: #ff0000;\">A<\/span><span style=\"color: #0000ff;\">R<\/span>C 2 ANNI<\/strong><\/h6>\n<h6><span style=\"color: #008000;\">Smerigliatrice elettrica efficiente, basso consumo 2000W<\/span><\/h6>\n<h6><strong>supporto tecnico incluso<\/strong><\/h6>","protected":false},"featured_media":2946,"comment_status":"open","ping_status":"closed","template":"","meta":{"wds_primary_product_brand":0,"wds_primary_product_cat":0},"product_brand":[],"product_cat":[30,68],"product_tag":[],"class_list":{"0":"post-2945","1":"product","2":"type-product","3":"status-publish","4":"has-post-thumbnail","6":"product_cat-maquinaria-apicola","7":"product_cat-trituradoras-picadoras-de-frutas-y-verduras","8":"product_shipping_class-express","10":"first","11":"instock","12":"sale","13":"taxable","14":"shipping-taxable","15":"purchasable","16":"product-type-simple"},"yoast_head":"<!-- This site is optimized with the Yoast SEO Premium plugin v24.9 (Yoast SEO v26.1) - https:\/\/yoast.com\/wordpress\/plugins\/seo\/ -->\n<title>Molino para granos el\u00e9ctrico 50 kg - distribuci\u00f3n ARC<\/title>\n<meta name=\"robots\" content=\"index, follow, max-snippet:-1, max-image-preview:large, max-video-preview:-1\" \/>\n<link rel=\"canonical\" href=\"https:\/\/distribucionarc.com\/it\/prodotto\/mulino-per-grani-elettrico-50-kg\/\" \/>\n<meta property=\"og:locale\" content=\"it_IT\" \/>\n<meta property=\"og:type\" content=\"article\" \/>\n<meta property=\"og:title\" content=\"Molino para granos el\u00e9ctrico 50 kg\" \/>\n<meta property=\"og:description\" content=\"Molino para granos el\u00e9ctrico 50 kg ARC\u00a0Te ofrece un\u00a0molinillo el\u00e9ctrico de alta calidad. De tama\u00f1o peque\u00f1o, liviano, altamente eficiente y f\u00e1cil de usar. Hecho de material inoxidable de grado alimenticio, seguro y duradero. Con el potente motor de 2000 vatios, puede moler 50 kg de comida al mismo tiempo. Tambi\u00e9n cuenta con protecci\u00f3n segura contra sobrecargas para evitar que el motor se queme. Puede hacer polvo r\u00e1pidamente todo tipo de alimentos deshidratados, arroz, ma\u00edz, s\u00e9samo, soja, alimento para peces, pimienta, medicamentos, etc., adecuado para todo tipo de material. Garant\u00eda\u00a0ARC 2 A\u00d1OS Molinillo el\u00e9ctrico eficiente, bajo consumo 2000W soporte t\u00e9cnico incluido\" \/>\n<meta property=\"og:url\" content=\"https:\/\/distribucionarc.com\/it\/prodotto\/mulino-per-grani-elettrico-50-kg\/\" \/>\n<meta property=\"og:site_name\" content=\"distribuci\u00f3n ARC\" \/>\n<meta property=\"article:modified_time\" content=\"2023-04-25T16:32:49+00:00\" \/>\n<meta property=\"og:image\" content=\"https:\/\/distribucionarc.com\/wp-content\/uploads\/2020\/08\/Molino-para-granos-el\u00e9ctrico-50-kg-0.jpg\" \/>\n\t<meta property=\"og:image:width\" content=\"1600\" \/>\n\t<meta property=\"og:image:height\" content=\"1600\" \/>\n\t<meta property=\"og:image:type\" content=\"image\/jpeg\" \/>\n<meta name=\"twitter:card\" content=\"summary_large_image\" \/>\n<meta name=\"twitter:label1\" content=\"Tempo di lettura stimato\" \/>\n\t<meta name=\"twitter:data1\" content=\"1 minuto\" \/>\n<script type=\"application\/ld+json\" class=\"yoast-schema-graph\">{\"@context\":\"https:\/\/schema.org\",\"@graph\":[{\"@type\":\"WebPage\",\"@id\":\"https:\/\/distribucionarc.com\/lt\/producto\/molino-para-granos-electrico-50-kg\/\",\"url\":\"https:\/\/distribucionarc.com\/lt\/producto\/molino-para-granos-electrico-50-kg\/\",\"name\":\"Molino para granos el\u00e9ctrico 50 kg - distribuci\u00f3n ARC\",\"isPartOf\":{\"@id\":\"https:\/\/distribucionarc.com\/ro\/#website\"},\"primaryImageOfPage\":{\"@id\":\"https:\/\/distribucionarc.com\/lt\/producto\/molino-para-granos-electrico-50-kg\/#primaryimage\"},\"image\":{\"@id\":\"https:\/\/distribucionarc.com\/lt\/producto\/molino-para-granos-electrico-50-kg\/#primaryimage\"},\"thumbnailUrl\":\"https:\/\/distribucionarc.com\/wp-content\/uploads\/2020\/08\/Molino-para-granos-el\u00e9ctrico-50-kg-0.jpg\",\"datePublished\":\"2020-08-27T10:10:59+00:00\",\"dateModified\":\"2023-04-25T16:32:49+00:00\",\"breadcrumb\":{\"@id\":\"https:\/\/distribucionarc.com\/lt\/producto\/molino-para-granos-electrico-50-kg\/#breadcrumb\"},\"inLanguage\":\"it-IT\",\"potentialAction\":[{\"@type\":\"ReadAction\",\"target\":[\"https:\/\/distribucionarc.com\/lt\/producto\/molino-para-granos-electrico-50-kg\/\"]}]},{\"@type\":\"ImageObject\",\"inLanguage\":\"it-IT\",\"@id\":\"https:\/\/distribucionarc.com\/lt\/producto\/molino-para-granos-electrico-50-kg\/#primaryimage\",\"url\":\"https:\/\/distribucionarc.com\/wp-content\/uploads\/2020\/08\/Molino-para-granos-el\u00e9ctrico-50-kg-0.jpg\",\"contentUrl\":\"https:\/\/distribucionarc.com\/wp-content\/uploads\/2020\/08\/Molino-para-granos-el\u00e9ctrico-50-kg-0.jpg\",\"width\":1600,\"height\":1600,\"caption\":\"Molino para granos el\u00e9ctrico 50 kg\"},{\"@type\":\"BreadcrumbList\",\"@id\":\"https:\/\/distribucionarc.com\/lt\/producto\/molino-para-granos-electrico-50-kg\/#breadcrumb\",\"itemListElement\":[{\"@type\":\"ListItem\",\"position\":1,\"name\":\"Portada\",\"item\":\"https:\/\/distribucionarc.com\/ar\/\"},{\"@type\":\"ListItem\",\"position\":2,\"name\":\"Proizvodi\",\"item\":\"https:\/\/www.distribucionarc.com\/hr\/ducan\/\"},{\"@type\":\"ListItem\",\"position\":3,\"name\":\"Molino para granos el\u00e9ctrico 50 kg\"}]},{\"@type\":\"WebSite\",\"@id\":\"https:\/\/distribucionarc.com\/ro\/#website\",\"url\":\"https:\/\/distribucionarc.com\/ro\/\",\"name\":\"distribuci\u00f3n ARC\",\"description\":\"Empresa especializada en la fabricaci\u00f3n y distribuci\u00f3n de maquinaria industrial, selladoras de latas, Maquinas de hacer pastillas, Maquinas de cortar carne...\",\"publisher\":{\"@id\":\"https:\/\/distribucionarc.com\/ro\/#organization\"},\"potentialAction\":[{\"@type\":\"SearchAction\",\"target\":{\"@type\":\"EntryPoint\",\"urlTemplate\":\"https:\/\/distribucionarc.com\/ro\/?s={search_term_string}\"},\"query-input\":{\"@type\":\"PropertyValueSpecification\",\"valueRequired\":true,\"valueName\":\"search_term_string\"}}],\"inLanguage\":\"it-IT\"},{\"@type\":\"Organization\",\"@id\":\"https:\/\/distribucionarc.com\/ro\/#organization\",\"name\":\"Distribuci\u00f3n ARC\",\"url\":\"https:\/\/distribucionarc.com\/ro\/\",\"logo\":{\"@type\":\"ImageObject\",\"inLanguage\":\"it-IT\",\"@id\":\"https:\/\/distribucionarc.com\/ro\/#\/schema\/logo\/image\/\",\"url\":\"https:\/\/distribucionarc.com\/wp-content\/uploads\/2024\/10\/distribucion-ARC-COLOR-SIN-FONDO-e1732295305345.png\",\"contentUrl\":\"https:\/\/distribucionarc.com\/wp-content\/uploads\/2024\/10\/distribucion-ARC-COLOR-SIN-FONDO-e1732295305345.png\",\"width\":1164,\"height\":558,\"caption\":\"Distribuci\u00f3n ARC\"},\"image\":{\"@id\":\"https:\/\/distribucionarc.com\/ro\/#\/schema\/logo\/image\/\"},\"description\":\"Empresa especializada en la fabricaci\u00f3n y distribuci\u00f3n de maquinaria industrial para los sectores alimentario y farmac\u00e9utico. Nos especializamos en: M\u00e1quinas de cortar carne Fabricaci\u00f3n de comprimidos Sistemas de transporte industrial L\u00edneas de embotellado Dosificadores Y mucho m\u00e1s... Ofrecemos soluciones innovadoras y personalizadas para optimizar los procesos productivos de tu empresa.\",\"email\":\"Admistracion@distribucionarc.com\",\"telephone\":\"+34 643496664\",\"legalName\":\"ARC TECH SOLUTIONS\",\"foundingDate\":\"2024-04-09\",\"vatID\":\"B55480172\",\"numberOfEmployees\":{\"@type\":\"QuantitativeValue\",\"minValue\":\"1\",\"maxValue\":\"10\"}}]}<\/script>\n<!-- \/ Yoast SEO Premium plugin. -->","yoast_head_json":{"title":"Mulino elettrico per cereali 50 kg - distribuzione ARC","robots":{"index":"index","follow":"follow","max-snippet":"max-snippet:-1","max-image-preview":"max-image-preview:large","max-video-preview":"max-video-preview:-1"},"canonical":"https:\/\/distribucionarc.com\/it\/prodotto\/mulino-per-grani-elettrico-50-kg\/","og_locale":"it_IT","og_type":"article","og_title":"Molino para granos el\u00e9ctrico 50 kg","og_description":"Molino para granos el\u00e9ctrico 50 kg ARC\u00a0Te ofrece un\u00a0molinillo el\u00e9ctrico de alta calidad. De tama\u00f1o peque\u00f1o, liviano, altamente eficiente y f\u00e1cil de usar. Hecho de material inoxidable de grado alimenticio, seguro y duradero. Con el potente motor de 2000 vatios, puede moler 50 kg de comida al mismo tiempo. Tambi\u00e9n cuenta con protecci\u00f3n segura contra sobrecargas para evitar que el motor se queme. Puede hacer polvo r\u00e1pidamente todo tipo de alimentos deshidratados, arroz, ma\u00edz, s\u00e9samo, soja, alimento para peces, pimienta, medicamentos, etc., adecuado para todo tipo de material. Garant\u00eda\u00a0ARC 2 A\u00d1OS Molinillo el\u00e9ctrico eficiente, bajo consumo 2000W soporte t\u00e9cnico incluido","og_url":"https:\/\/distribucionarc.com\/it\/prodotto\/mulino-per-grani-elettrico-50-kg\/","og_site_name":"distribuci\u00f3n ARC","article_modified_time":"2023-04-25T16:32:49+00:00","og_image":[{"width":1600,"height":1600,"url":"https:\/\/distribucionarc.com\/wp-content\/uploads\/2020\/08\/Molino-para-granos-el\u00e9ctrico-50-kg-0.jpg","type":"image\/jpeg"}],"twitter_card":"summary_large_image","twitter_misc":{"Tempo di lettura stimato":"1 minuto"},"schema":{"@context":"https:\/\/schema.org","@graph":[{"@type":"WebPage","@id":"https:\/\/distribucionarc.com\/lt\/producto\/molino-para-granos-electrico-50-kg\/","url":"https:\/\/distribucionarc.com\/lt\/producto\/molino-para-granos-electrico-50-kg\/","name":"Mulino elettrico per cereali 50 kg - distribuzione ARC","isPartOf":{"@id":"https:\/\/distribucionarc.com\/ro\/#website"},"primaryImageOfPage":{"@id":"https:\/\/distribucionarc.com\/lt\/producto\/molino-para-granos-electrico-50-kg\/#primaryimage"},"image":{"@id":"https:\/\/distribucionarc.com\/lt\/producto\/molino-para-granos-electrico-50-kg\/#primaryimage"},"thumbnailUrl":"https:\/\/distribucionarc.com\/wp-content\/uploads\/2020\/08\/Molino-para-granos-el\u00e9ctrico-50-kg-0.jpg","datePublished":"2020-08-27T10:10:59+00:00","dateModified":"2023-04-25T16:32:49+00:00","breadcrumb":{"@id":"https:\/\/distribucionarc.com\/lt\/producto\/molino-para-granos-electrico-50-kg\/#breadcrumb"},"inLanguage":"it-IT","potentialAction":[{"@type":"ReadAction","target":["https:\/\/distribucionarc.com\/lt\/producto\/molino-para-granos-electrico-50-kg\/"]}]},{"@type":"ImageObject","inLanguage":"it-IT","@id":"https:\/\/distribucionarc.com\/lt\/producto\/molino-para-granos-electrico-50-kg\/#primaryimage","url":"https:\/\/distribucionarc.com\/wp-content\/uploads\/2020\/08\/Molino-para-granos-el\u00e9ctrico-50-kg-0.jpg","contentUrl":"https:\/\/distribucionarc.com\/wp-content\/uploads\/2020\/08\/Molino-para-granos-el\u00e9ctrico-50-kg-0.jpg","width":1600,"height":1600,"caption":"Molino para granos el\u00e9ctrico 50 kg"},{"@type":"BreadcrumbList","@id":"https:\/\/distribucionarc.com\/lt\/producto\/molino-para-granos-electrico-50-kg\/#breadcrumb","itemListElement":[{"@type":"ListItem","position":1,"name":"Portada","item":"https:\/\/distribucionarc.com\/ar\/"},{"@type":"ListItem","position":2,"name":"Proizvodi","item":"https:\/\/www.distribucionarc.com\/hr\/ducan\/"},{"@type":"ListItem","position":3,"name":"Molino para granos el\u00e9ctrico 50 kg"}]},{"@type":"WebSite","@id":"https:\/\/distribucionarc.com\/ro\/#website","url":"https:\/\/distribucionarc.com\/ro\/","name":"Distribuzione dell&#039;ARCO","description":"Azienda specializzata nella produzione e distribuzione di macchinari industriali, macchine sigillatrici di lattine, macchine per la produzione di compresse, macchine per il taglio della carne...","publisher":{"@id":"https:\/\/distribucionarc.com\/ro\/#organization"},"potentialAction":[{"@type":"SearchAction","target":{"@type":"EntryPoint","urlTemplate":"https:\/\/distribucionarc.com\/ro\/?s={search_term_string}"},"query-input":{"@type":"PropertyValueSpecification","valueRequired":true,"valueName":"search_term_string"}}],"inLanguage":"it-IT"},{"@type":"Organization","@id":"https:\/\/distribucionarc.com\/ro\/#organization","name":"Distribuzione dell&#039;ARC","url":"https:\/\/distribucionarc.com\/ro\/","logo":{"@type":"ImageObject","inLanguage":"it-IT","@id":"https:\/\/distribucionarc.com\/ro\/#\/schema\/logo\/image\/","url":"https:\/\/distribucionarc.com\/wp-content\/uploads\/2024\/10\/distribucion-ARC-COLOR-SIN-FONDO-e1732295305345.png","contentUrl":"https:\/\/distribucionarc.com\/wp-content\/uploads\/2024\/10\/distribucion-ARC-COLOR-SIN-FONDO-e1732295305345.png","width":1164,"height":558,"caption":"Distribuci\u00f3n ARC"},"image":{"@id":"https:\/\/distribucionarc.com\/ro\/#\/schema\/logo\/image\/"},"description":"Azienda specializzata nella produzione e distribuzione di macchinari industriali per il settore alimentare e farmaceutico. Siamo specializzati in: Macchine per il taglio della carne Produzione di compresse Sistemi di trasporto industriale Linee di imbottigliamento Dispenser E molto altro ancora... Offriamo soluzioni innovative e personalizzate per ottimizzare i processi produttivi della vostra azienda.","email":"Admistracion@distribucionarc.com","telephone":"+34 643496664","legalName":"ARC TECH SOLUTIONS","foundingDate":"2024-04-09","vatID":"B55480172","numberOfEmployees":{"@type":"QuantitativeValue","minValue":"1","maxValue":"10"}}]}},"_links":{"self":[{"href":"https:\/\/distribucionarc.com\/it\/wp-json\/wp\/v2\/product\/2945","targetHints":{"allow":["GET"]}}],"collection":[{"href":"https:\/\/distribucionarc.com\/it\/wp-json\/wp\/v2\/product"}],"about":[{"href":"https:\/\/distribucionarc.com\/it\/wp-json\/wp\/v2\/types\/product"}],"replies":[{"embeddable":true,"href":"https:\/\/distribucionarc.com\/it\/wp-json\/wp\/v2\/comments?post=2945"}],"version-history":[{"count":0,"href":"https:\/\/distribucionarc.com\/it\/wp-json\/wp\/v2\/product\/2945\/revisions"}],"wp:featuredmedia":[{"embeddable":true,"href":"https:\/\/distribucionarc.com\/it\/wp-json\/wp\/v2\/media\/2946"}],"wp:attachment":[{"href":"https:\/\/distribucionarc.com\/it\/wp-json\/wp\/v2\/media?parent=2945"}],"wp:term":[{"taxonomy":"product_brand","embeddable":true,"href":"https:\/\/distribucionarc.com\/it\/wp-json\/wp\/v2\/product_brand?post=2945"},{"taxonomy":"product_cat","embeddable":true,"href":"https:\/\/distribucionarc.com\/it\/wp-json\/wp\/v2\/product_cat?post=2945"},{"taxonomy":"product_tag","embeddable":true,"href":"https:\/\/distribucionarc.com\/it\/wp-json\/wp\/v2\/product_tag?post=2945"}],"curies":[{"name":"wp","href":"https:\/\/api.w.org\/{rel}","templated":true}]}}