{"id":3091,"date":"2020-09-21T14:37:20","date_gmt":"2020-09-21T14:37:20","guid":{"rendered":"https:\/\/distribucionarc.com\/?post_type=product&#038;p=3091"},"modified":"2023-05-04T11:34:07","modified_gmt":"2023-05-04T11:34:07","slug":"elettrico-spremi-canna-da-zucchero","status":"publish","type":"product","link":"https:\/\/distribucionarc.com\/it\/producto\/exprimidor-electrico-para-cana-de-azucar\/","title":{"rendered":"Spremitore elettrico per canna da zucchero"},"content":{"rendered":"<h3>Spremitore elettrico per canna da zucchero<\/h3>\n<p>L&#039;involucro esterno, tutti gli ingressi e le uscite del <strong>spremitore industriale per canna da zucchero <span style=\"color: #ff0000;\">A<\/span><span style=\"color: #0000ff;\">R<\/span>C<\/strong> Adotta acciaio inossidabile 304 per uso alimentare pi\u00f9 durevole e igienico, i 4 rulli interni sono in acciaio inossidabile solido, stabile e durevole. Questi facilitano la facile separazione del succo e dei residui della canna da zucchero. Premendo due volte si ottiene inoltre una separazione pi\u00f9 completa <strong>maggiore quantit\u00e0 di succo.<\/strong><\/p>\n<p>La dimensione e la profondit\u00e0 adeguate della zona di ingresso facilitano l&#039;ingresso nella canna da zucchero. Ha un grande scarico di grande diametro, scaricando cos\u00ec efficacemente i rifiuti; L&#039;uscita del succo ha un angolo di inclinazione ragionevole per garantire un flusso regolare del succo. Ha una porta in acrilico trasparente che permette di osservare l&#039;intera procedura.<\/p>\n<p>IL <strong>estrattore di canna da zucchero <span style=\"color: #ff0000;\">A<\/span><span style=\"color: #0000ff;\">R<\/span>CECA4<\/strong> Ha una buona ventilazione, riducendo cos\u00ec efficacemente il calore generato dai componenti e contribuendo a prolungare la vita utile della macchina. Dispone di un interruttore di sicurezza per cambiare la direzione dei rulli nel caso in cui rimangano bloccati.<\/p>\n<h6><strong>Garanzia\u00a0<span style=\"color: #ff0000;\">A<\/span><span style=\"color: #0000ff;\">R<\/span>C 2 ANNI<\/strong><\/h6>\n<h6><span style=\"color: #008000;\">Efficiente spremitore per canna da zucchero, basso consumo 700w<\/span><\/h6>\n<h6><strong>supporto tecnico incluso<\/strong><\/h6>\n<p>&nbsp;<\/p>\n<table role=\"presentation\" width=\"100%\" cellspacing=\"0\" cellpadding=\"0\">\n<tbody>\n<tr>\n<td class=\"attrLabels\">Marca:<\/td>\n<td width=\"50.0%\">ARCO<\/td>\n<\/tr>\n<tr>\n<td class=\"attrLabels\">Paese di distribuzione:<\/td>\n<td width=\"50.0%\">Spagna, Germania, Stati Uniti<\/td>\n<td class=\"attrLabels\">Peso:<\/td>\n<td width=\"50.0%\">68 kg<\/td>\n<\/tr>\n<tr>\n<td class=\"attrLabels\">Garanzia:<\/td>\n<td width=\"50.0%\">2 anni<\/td>\n<td class=\"attrLabels\">Altezza:<\/td>\n<td width=\"50.0%\">46,8 cm<\/td>\n<\/tr>\n<tr>\n<td class=\"attrLabels\">Colore:<\/td>\n<td width=\"50.0%\">Argento<\/td>\n<td class=\"attrLabels\">Lungo:<\/td>\n<td width=\"50.0%\">36,8 centimetri<\/td>\n<\/tr>\n<tr>\n<td class=\"attrLabels\">Tipo di prodotto:<\/td>\n<td width=\"50.0%\">Spremitore di canna da zucchero<\/td>\n<td class=\"attrLabels\">Ampio:<\/td>\n<td width=\"50.0%\">31,7 cm<\/td>\n<\/tr>\n<tr>\n<td class=\"attrLabels\">Numero del produttore:<\/td>\n<td width=\"50.0%\">ARCECA4<\/td>\n<td class=\"attrLabels\">Numero e dimensione dei rulli:<\/td>\n<td width=\"50.0%\">4 di 7x10 cm<\/td>\n<\/tr>\n<tr>\n<td class=\"attrLabels\">Materiale:<\/td>\n<td width=\"50.0%\">acciaio inossidabile, motore efficiente<\/td>\n<td class=\"attrLabels\">Voltaggio in ingresso:<\/td>\n<td width=\"50.0%\">220 V \u2013 50 Hz<\/td>\n<\/tr>\n<tr>\n<td class=\"attrLabels\">Energia:<\/td>\n<td width=\"50.0%\">\u00a0 700 W<\/td>\n<td class=\"attrLabels\">Accusa:<\/td>\n<td width=\"50.0%\">250 kg all&#039;ora<\/td>\n<\/tr>\n<tr>\n<td class=\"attrLabels\">Voltaggio in ingresso:<\/td>\n<td width=\"50.0%\">220 V \u2013 50 Hz<\/td>\n<td class=\"attrLabels\">Velocit\u00e0 di rotazione:<\/td>\n<td width=\"50.0%\">15 giri<\/td>\n<\/tr>\n<\/tbody>\n<\/table>","protected":false},"excerpt":{"rendered":"<h2>Spremitore elettrico per canna da zucchero<\/h2>\n<p>Questo <strong>estrattore elettrico di succo di canna <span style=\"color: #ff0000;\">A<\/span><span style=\"color: #0000ff;\">R<\/span>C<\/strong> \u00c8 realizzato in acciaio inossidabile alimentare resistente e stabile. Utilizza 4 rulli in acciaio inossidabile totalmente solidi per separare facilmente il succo e i residui dalla canna da zucchero <strong>spremere due volte<\/strong> per garantire a <strong>separazione pi\u00f9 completa<\/strong> e quindi estrarre il <strong>massimo beneficio<\/strong> di ogni canna da zucchero. \u00c8 facile da usare ed \u00e8 particolarmente adatto per hotel, negozi di frutta, negozi di bevande fredde, scuole, ecc.<\/p>\n<h6><strong>Garanzia\u00a0<span style=\"color: #ff0000;\">A<\/span><span style=\"color: #0000ff;\">R<\/span>C 2 ANNI<\/strong><\/h6>\n<h6><span style=\"color: #008000;\">Efficiente spremitore per canna da zucchero, basso consumo 700w<\/span><\/h6>\n<h6><strong>supporto tecnico incluso<\/strong><\/h6>","protected":false},"featured_media":3098,"comment_status":"open","ping_status":"closed","template":"","meta":{"wds_primary_product_brand":0,"wds_primary_product_cat":0},"product_brand":[],"product_cat":[30,65],"product_tag":[],"class_list":{"0":"post-3091","1":"product","2":"type-product","3":"status-publish","4":"has-post-thumbnail","6":"product_cat-maquinaria-apicola","7":"product_cat-maquinaria-industrial-para-procesar-fruta-verdura-panales","8":"product_shipping_class-express","10":"first","11":"instock","12":"taxable","13":"shipping-taxable","14":"purchasable","15":"product-type-simple"},"yoast_head":"<!-- This site is optimized with the Yoast SEO Premium plugin v24.9 (Yoast SEO v26.1) - https:\/\/yoast.com\/wordpress\/plugins\/seo\/ -->\n<title>Exprimidor el\u00e9ctrico para ca\u00f1a de az\u00facar - distribuci\u00f3n ARC<\/title>\n<meta name=\"robots\" content=\"index, follow, max-snippet:-1, max-image-preview:large, max-video-preview:-1\" \/>\n<link rel=\"canonical\" href=\"https:\/\/distribucionarc.com\/it\/prodotto\/elettrico-spremi-canna-da-zucchero\/\" \/>\n<meta property=\"og:locale\" content=\"it_IT\" \/>\n<meta property=\"og:type\" content=\"article\" \/>\n<meta property=\"og:title\" content=\"Exprimidor el\u00e9ctrico para ca\u00f1a de az\u00facar\" \/>\n<meta property=\"og:description\" content=\"Exprimidor el\u00e9ctrico para ca\u00f1a de az\u00facar Este extractor de zumo de ca\u00f1a el\u00e9ctrico ARC est\u00e1 hecho de acero inoxidable alimenticio fuerte y estable. Utiliza 4 rodillos de acero inoxidable totalmente s\u00f3lidos para separar f\u00e1cil el jugo y los residuos de la ca\u00f1a de az\u00facar, esta se exprime dos veces para asegurar una separaci\u00f3n m\u00e1s completa y as\u00ed sacar el m\u00e1ximo provecho de cada ca\u00f1a de az\u00facar. Es f\u00e1cil de operar y es especialmente adecuado para hoteles, fruter\u00edas, tiendas de bebidas fr\u00edas, escuelas, etc. Garant\u00eda\u00a0ARC 2 A\u00d1OS Exprimidor para ca\u00f1a de az\u00facar eficiente, bajo consumo 700w soporte t\u00e9cnico incluido\" \/>\n<meta property=\"og:url\" content=\"https:\/\/distribucionarc.com\/it\/prodotto\/elettrico-spremi-canna-da-zucchero\/\" \/>\n<meta property=\"og:site_name\" content=\"distribuci\u00f3n ARC\" \/>\n<meta property=\"article:modified_time\" content=\"2023-05-04T11:34:07+00:00\" \/>\n<meta property=\"og:image\" content=\"https:\/\/distribucionarc.com\/wp-content\/uploads\/2020\/09\/Exprimidor-el\u00e9ctrico-para-ca\u00f1a-de-az\u00facar-0.jpg\" \/>\n\t<meta property=\"og:image:width\" content=\"1600\" \/>\n\t<meta property=\"og:image:height\" content=\"1600\" \/>\n\t<meta property=\"og:image:type\" content=\"image\/jpeg\" \/>\n<meta name=\"twitter:card\" content=\"summary_large_image\" \/>\n<meta name=\"twitter:label1\" content=\"Tempo di lettura stimato\" \/>\n\t<meta name=\"twitter:data1\" content=\"2 minuti\" \/>\n<script type=\"application\/ld+json\" class=\"yoast-schema-graph\">{\"@context\":\"https:\/\/schema.org\",\"@graph\":[{\"@type\":\"WebPage\",\"@id\":\"https:\/\/distribucionarc.com\/de\/producto\/exprimidor-electrico-para-cana-de-azucar\/\",\"url\":\"https:\/\/distribucionarc.com\/de\/producto\/exprimidor-electrico-para-cana-de-azucar\/\",\"name\":\"Exprimidor el\u00e9ctrico para ca\u00f1a de az\u00facar - distribuci\u00f3n ARC\",\"isPartOf\":{\"@id\":\"https:\/\/www.distribucionarc.com\/sl\/#website\"},\"primaryImageOfPage\":{\"@id\":\"https:\/\/distribucionarc.com\/de\/producto\/exprimidor-electrico-para-cana-de-azucar\/#primaryimage\"},\"image\":{\"@id\":\"https:\/\/distribucionarc.com\/de\/producto\/exprimidor-electrico-para-cana-de-azucar\/#primaryimage\"},\"thumbnailUrl\":\"https:\/\/distribucionarc.com\/wp-content\/uploads\/2020\/09\/Exprimidor-el\u00e9ctrico-para-ca\u00f1a-de-az\u00facar-0.jpg\",\"datePublished\":\"2020-09-21T14:37:20+00:00\",\"dateModified\":\"2023-05-04T11:34:07+00:00\",\"breadcrumb\":{\"@id\":\"https:\/\/distribucionarc.com\/de\/producto\/exprimidor-electrico-para-cana-de-azucar\/#breadcrumb\"},\"inLanguage\":\"it-IT\",\"potentialAction\":[{\"@type\":\"ReadAction\",\"target\":[\"https:\/\/distribucionarc.com\/de\/producto\/exprimidor-electrico-para-cana-de-azucar\/\"]}]},{\"@type\":\"ImageObject\",\"inLanguage\":\"it-IT\",\"@id\":\"https:\/\/distribucionarc.com\/de\/producto\/exprimidor-electrico-para-cana-de-azucar\/#primaryimage\",\"url\":\"https:\/\/distribucionarc.com\/wp-content\/uploads\/2020\/09\/Exprimidor-el\u00e9ctrico-para-ca\u00f1a-de-az\u00facar-0.jpg\",\"contentUrl\":\"https:\/\/distribucionarc.com\/wp-content\/uploads\/2020\/09\/Exprimidor-el\u00e9ctrico-para-ca\u00f1a-de-az\u00facar-0.jpg\",\"width\":1600,\"height\":1600,\"caption\":\"Exprimidor el\u00e9ctrico para ca\u00f1a de az\u00facar\"},{\"@type\":\"BreadcrumbList\",\"@id\":\"https:\/\/distribucionarc.com\/de\/producto\/exprimidor-electrico-para-cana-de-azucar\/#breadcrumb\",\"itemListElement\":[{\"@type\":\"ListItem\",\"position\":1,\"name\":\"Portada\",\"item\":\"https:\/\/www.distribucionarc.com\/\"},{\"@type\":\"ListItem\",\"position\":2,\"name\":\"\u00dcr\u00fcnler\",\"item\":\"https:\/\/www.distribucionarc.com\/tr\/magaza\/\"},{\"@type\":\"ListItem\",\"position\":3,\"name\":\"Exprimidor el\u00e9ctrico para ca\u00f1a de az\u00facar\"}]},{\"@type\":\"WebSite\",\"@id\":\"https:\/\/www.distribucionarc.com\/sl\/#website\",\"url\":\"https:\/\/www.distribucionarc.com\/sl\/\",\"name\":\"distribuci\u00f3n ARC\",\"description\":\"Empresa especializada en la fabricaci\u00f3n y distribuci\u00f3n de maquinaria industrial, selladoras de latas, Maquinas de hacer pastillas, Maquinas de cortar carne...\",\"publisher\":{\"@id\":\"https:\/\/www.distribucionarc.com\/sl\/#organization\"},\"potentialAction\":[{\"@type\":\"SearchAction\",\"target\":{\"@type\":\"EntryPoint\",\"urlTemplate\":\"https:\/\/www.distribucionarc.com\/sl\/?s={search_term_string}\"},\"query-input\":{\"@type\":\"PropertyValueSpecification\",\"valueRequired\":true,\"valueName\":\"search_term_string\"}}],\"inLanguage\":\"it-IT\"},{\"@type\":\"Organization\",\"@id\":\"https:\/\/www.distribucionarc.com\/sl\/#organization\",\"name\":\"Distribuci\u00f3n ARC\",\"url\":\"https:\/\/www.distribucionarc.com\/sl\/\",\"logo\":{\"@type\":\"ImageObject\",\"inLanguage\":\"it-IT\",\"@id\":\"https:\/\/www.distribucionarc.com\/sl\/#\/schema\/logo\/image\/\",\"url\":\"https:\/\/distribucionarc.com\/wp-content\/uploads\/2024\/10\/distribucion-ARC-COLOR-SIN-FONDO-e1732295305345.png\",\"contentUrl\":\"https:\/\/distribucionarc.com\/wp-content\/uploads\/2024\/10\/distribucion-ARC-COLOR-SIN-FONDO-e1732295305345.png\",\"width\":1164,\"height\":558,\"caption\":\"Distribuci\u00f3n ARC\"},\"image\":{\"@id\":\"https:\/\/www.distribucionarc.com\/sl\/#\/schema\/logo\/image\/\"},\"description\":\"Empresa especializada en la fabricaci\u00f3n y distribuci\u00f3n de maquinaria industrial para los sectores alimentario y farmac\u00e9utico. Nos especializamos en: M\u00e1quinas de cortar carne Fabricaci\u00f3n de comprimidos Sistemas de transporte industrial L\u00edneas de embotellado Dosificadores Y mucho m\u00e1s... Ofrecemos soluciones innovadoras y personalizadas para optimizar los procesos productivos de tu empresa.\",\"email\":\"Admistracion@distribucionarc.com\",\"telephone\":\"+34 643496664\",\"legalName\":\"ARC TECH SOLUTIONS\",\"foundingDate\":\"2024-04-09\",\"vatID\":\"B55480172\",\"numberOfEmployees\":{\"@type\":\"QuantitativeValue\",\"minValue\":\"1\",\"maxValue\":\"10\"}}]}<\/script>\n<!-- \/ Yoast SEO Premium plugin. -->","yoast_head_json":{"title":"Spremiagrumi elettrico per canna da zucchero - distribuzione ARC","robots":{"index":"index","follow":"follow","max-snippet":"max-snippet:-1","max-image-preview":"max-image-preview:large","max-video-preview":"max-video-preview:-1"},"canonical":"https:\/\/distribucionarc.com\/it\/prodotto\/elettrico-spremi-canna-da-zucchero\/","og_locale":"it_IT","og_type":"article","og_title":"Exprimidor el\u00e9ctrico para ca\u00f1a de az\u00facar","og_description":"Exprimidor el\u00e9ctrico para ca\u00f1a de az\u00facar Este extractor de zumo de ca\u00f1a el\u00e9ctrico ARC est\u00e1 hecho de acero inoxidable alimenticio fuerte y estable. Utiliza 4 rodillos de acero inoxidable totalmente s\u00f3lidos para separar f\u00e1cil el jugo y los residuos de la ca\u00f1a de az\u00facar, esta se exprime dos veces para asegurar una separaci\u00f3n m\u00e1s completa y as\u00ed sacar el m\u00e1ximo provecho de cada ca\u00f1a de az\u00facar. Es f\u00e1cil de operar y es especialmente adecuado para hoteles, fruter\u00edas, tiendas de bebidas fr\u00edas, escuelas, etc. Garant\u00eda\u00a0ARC 2 A\u00d1OS Exprimidor para ca\u00f1a de az\u00facar eficiente, bajo consumo 700w soporte t\u00e9cnico incluido","og_url":"https:\/\/distribucionarc.com\/it\/prodotto\/elettrico-spremi-canna-da-zucchero\/","og_site_name":"distribuci\u00f3n ARC","article_modified_time":"2023-05-04T11:34:07+00:00","og_image":[{"width":1600,"height":1600,"url":"https:\/\/distribucionarc.com\/wp-content\/uploads\/2020\/09\/Exprimidor-el\u00e9ctrico-para-ca\u00f1a-de-az\u00facar-0.jpg","type":"image\/jpeg"}],"twitter_card":"summary_large_image","twitter_misc":{"Tempo di lettura stimato":"2 minuti"},"schema":{"@context":"https:\/\/schema.org","@graph":[{"@type":"WebPage","@id":"https:\/\/distribucionarc.com\/de\/producto\/exprimidor-electrico-para-cana-de-azucar\/","url":"https:\/\/distribucionarc.com\/de\/producto\/exprimidor-electrico-para-cana-de-azucar\/","name":"Spremiagrumi elettrico per canna da zucchero - distribuzione ARC","isPartOf":{"@id":"https:\/\/www.distribucionarc.com\/sl\/#website"},"primaryImageOfPage":{"@id":"https:\/\/distribucionarc.com\/de\/producto\/exprimidor-electrico-para-cana-de-azucar\/#primaryimage"},"image":{"@id":"https:\/\/distribucionarc.com\/de\/producto\/exprimidor-electrico-para-cana-de-azucar\/#primaryimage"},"thumbnailUrl":"https:\/\/distribucionarc.com\/wp-content\/uploads\/2020\/09\/Exprimidor-el\u00e9ctrico-para-ca\u00f1a-de-az\u00facar-0.jpg","datePublished":"2020-09-21T14:37:20+00:00","dateModified":"2023-05-04T11:34:07+00:00","breadcrumb":{"@id":"https:\/\/distribucionarc.com\/de\/producto\/exprimidor-electrico-para-cana-de-azucar\/#breadcrumb"},"inLanguage":"it-IT","potentialAction":[{"@type":"ReadAction","target":["https:\/\/distribucionarc.com\/de\/producto\/exprimidor-electrico-para-cana-de-azucar\/"]}]},{"@type":"ImageObject","inLanguage":"it-IT","@id":"https:\/\/distribucionarc.com\/de\/producto\/exprimidor-electrico-para-cana-de-azucar\/#primaryimage","url":"https:\/\/distribucionarc.com\/wp-content\/uploads\/2020\/09\/Exprimidor-el\u00e9ctrico-para-ca\u00f1a-de-az\u00facar-0.jpg","contentUrl":"https:\/\/distribucionarc.com\/wp-content\/uploads\/2020\/09\/Exprimidor-el\u00e9ctrico-para-ca\u00f1a-de-az\u00facar-0.jpg","width":1600,"height":1600,"caption":"Exprimidor el\u00e9ctrico para ca\u00f1a de az\u00facar"},{"@type":"BreadcrumbList","@id":"https:\/\/distribucionarc.com\/de\/producto\/exprimidor-electrico-para-cana-de-azucar\/#breadcrumb","itemListElement":[{"@type":"ListItem","position":1,"name":"Portada","item":"https:\/\/www.distribucionarc.com\/"},{"@type":"ListItem","position":2,"name":"\u00dcr\u00fcnler","item":"https:\/\/www.distribucionarc.com\/tr\/magaza\/"},{"@type":"ListItem","position":3,"name":"Exprimidor el\u00e9ctrico para ca\u00f1a de az\u00facar"}]},{"@type":"WebSite","@id":"https:\/\/www.distribucionarc.com\/sl\/#website","url":"https:\/\/www.distribucionarc.com\/sl\/","name":"Distribuzione dell&#039;ARCO","description":"Azienda specializzata nella produzione e distribuzione di macchinari industriali, macchine sigillatrici di lattine, macchine per la produzione di compresse, macchine per il taglio della carne...","publisher":{"@id":"https:\/\/www.distribucionarc.com\/sl\/#organization"},"potentialAction":[{"@type":"SearchAction","target":{"@type":"EntryPoint","urlTemplate":"https:\/\/www.distribucionarc.com\/sl\/?s={search_term_string}"},"query-input":{"@type":"PropertyValueSpecification","valueRequired":true,"valueName":"search_term_string"}}],"inLanguage":"it-IT"},{"@type":"Organization","@id":"https:\/\/www.distribucionarc.com\/sl\/#organization","name":"Distribuzione dell&#039;ARC","url":"https:\/\/www.distribucionarc.com\/sl\/","logo":{"@type":"ImageObject","inLanguage":"it-IT","@id":"https:\/\/www.distribucionarc.com\/sl\/#\/schema\/logo\/image\/","url":"https:\/\/distribucionarc.com\/wp-content\/uploads\/2024\/10\/distribucion-ARC-COLOR-SIN-FONDO-e1732295305345.png","contentUrl":"https:\/\/distribucionarc.com\/wp-content\/uploads\/2024\/10\/distribucion-ARC-COLOR-SIN-FONDO-e1732295305345.png","width":1164,"height":558,"caption":"Distribuci\u00f3n ARC"},"image":{"@id":"https:\/\/www.distribucionarc.com\/sl\/#\/schema\/logo\/image\/"},"description":"Azienda specializzata nella produzione e distribuzione di macchinari industriali per il settore alimentare e farmaceutico. Siamo specializzati in: Macchine per il taglio della carne Produzione di compresse Sistemi di trasporto industriale Linee di imbottigliamento Dispenser E molto altro ancora... Offriamo soluzioni innovative e personalizzate per ottimizzare i processi produttivi della vostra azienda.","email":"Admistracion@distribucionarc.com","telephone":"+34 643496664","legalName":"ARC TECH SOLUTIONS","foundingDate":"2024-04-09","vatID":"B55480172","numberOfEmployees":{"@type":"QuantitativeValue","minValue":"1","maxValue":"10"}}]}},"_links":{"self":[{"href":"https:\/\/distribucionarc.com\/it\/wp-json\/wp\/v2\/product\/3091","targetHints":{"allow":["GET"]}}],"collection":[{"href":"https:\/\/distribucionarc.com\/it\/wp-json\/wp\/v2\/product"}],"about":[{"href":"https:\/\/distribucionarc.com\/it\/wp-json\/wp\/v2\/types\/product"}],"replies":[{"embeddable":true,"href":"https:\/\/distribucionarc.com\/it\/wp-json\/wp\/v2\/comments?post=3091"}],"version-history":[{"count":0,"href":"https:\/\/distribucionarc.com\/it\/wp-json\/wp\/v2\/product\/3091\/revisions"}],"wp:featuredmedia":[{"embeddable":true,"href":"https:\/\/distribucionarc.com\/it\/wp-json\/wp\/v2\/media\/3098"}],"wp:attachment":[{"href":"https:\/\/distribucionarc.com\/it\/wp-json\/wp\/v2\/media?parent=3091"}],"wp:term":[{"taxonomy":"product_brand","embeddable":true,"href":"https:\/\/distribucionarc.com\/it\/wp-json\/wp\/v2\/product_brand?post=3091"},{"taxonomy":"product_cat","embeddable":true,"href":"https:\/\/distribucionarc.com\/it\/wp-json\/wp\/v2\/product_cat?post=3091"},{"taxonomy":"product_tag","embeddable":true,"href":"https:\/\/distribucionarc.com\/it\/wp-json\/wp\/v2\/product_tag?post=3091"}],"curies":[{"name":"wp","href":"https:\/\/api.w.org\/{rel}","templated":true}]}}