{"id":325,"date":"2020-04-17T12:08:24","date_gmt":"2020-04-17T12:08:24","guid":{"rendered":"https:\/\/distribucionarc.com\/?post_type=product&#038;p=325"},"modified":"2025-05-08T20:54:03","modified_gmt":"2025-05-08T18:54:03","slug":"dispenser-per-imbottigliamento-con-riempimento-di-liquidi-digitale-da-2-ml-%f0%9f%8d%be-3500-ml","status":"publish","type":"product","link":"https:\/\/distribucionarc.com\/it\/producto\/dosificadora-embotelladora-llenadora-de-liquidos-%f0%9f%8d%be-digital-de-2ml-%f0%9f%94%9b-3500ml\/","title":{"rendered":"Dosaggio, imbottigliamento, riempimento di liquidi? 2ml digitale? 3500 ml"},"content":{"rendered":"<h2><strong>Dosaggio, imbottigliamento, riempimento di liquidi? 2ml digitale? 3500 ml<\/strong><\/h2>\n<p>&nbsp;<\/p>\n<p>Ampiamente usato in medicina, chimica, cibo, bevande, olio, cosmetici, ecc.<br \/>\nFunzione automatica per contare e controllare la quantit\u00e0 di riempimento.<br \/>\nMicrocomputer a chip singolo ad alta efficienza e basso consumo energetico.<br \/>\nDisplay LCD con touch screen molto facile da usare.<br \/>\nElevata precisione di riempimento e volume.<br \/>\nLa prestazione lavorativa \u00e8 stabile e pu\u00f2 essere utilizzata a lungo.<br \/>\nDesign antigoccia e struttura in acciaio inossidabile.<\/p>\n<p>Questa macchina \u00e8 progettata per liquidi a bassa viscosit\u00e0, il prodotto pi\u00f9 denso che pu\u00f2 erogare, \u00e8 come la consistenza dell&#039;olio o liquidi a bassa viscosit\u00e0 come ammorbidente, per prodotti con densit\u00e0 maggiore consigliamo un dosatore a pistone pneumatico. poich\u00e9 queste macchine, per le loro caratteristiche, possono darci prestazioni migliori e maggiore produttivit\u00e0.<\/p>\n<ul>\n<li>Voltaggio: 220 V.<\/li>\n<li>Potenza: 30 W.<\/li>\n<li>Velocit\u00e0 di riempimento fino a: 3,2 litri al minuto.<\/li>\n<li>Misure di riempimento da: 2ml \u27a1\ufe0f 3500 ml.<\/li>\n<li>Distanza di aspirazione: 2 metri.<\/li>\n<li>Margine di errore: &lt;0,5%<\/li>\n<li>Dimensioni: 40 x 40 x 20 cm.<\/li>\n<li>Peso: 6,0 kg.<\/li>\n<\/ul>\n<p><iframe loading=\"lazy\" src=\"https:\/\/www.youtube.com\/embed\/-kZNNjctB0Y\" width=\"560\" height=\"315\" frameborder=\"0\" allowfullscreen=\"allowfullscreen\"><\/iframe><\/p>\n<p><iframe loading=\"lazy\" src=\"https:\/\/www.youtube.com\/embed\/idvit7Rznto\" width=\"560\" height=\"315\" frameborder=\"0\" allowfullscreen=\"allowfullscreen\"><\/iframe><\/p>","protected":false},"excerpt":{"rendered":"<p>Questa macchina utilizza un microcomputer per controllare il tempo e la velocit\u00e0 della pompa, in modo che possa riempirsi in modo fluido e preciso.<br \/>\nIl motore elettrico \u00e8 separato dalla pompa.<br \/>\nHa 9 velocit\u00e0 di riempimento, Impostazione per il riempimento: 0,01\u279699,99 s, Intervallo di tempo tra il riempimento: 0,01\u279699,99 s.<br \/>\nSalva fino a 6 impostazioni per diverse dimensioni di bottiglia in modo da poter scegliere facilmente.<br \/>\n\u00c8 una macchina compatta e portatile.<br \/>\nL&#039;involucro \u00e8 in acciaio inossidabile, \u00e8 inoltre resistente e facile da pulire.<br \/>\nPu\u00f2 essere utilizzato per molti tipi di liquidi trasparenti e sottili, come:<br \/>\nAcqua, olio d&#039;oliva, carburante, bevande, aceto, latte, ecc.<\/p>","protected":false},"featured_media":17454,"comment_status":"open","ping_status":"closed","template":"","meta":{"wds_primary_product_brand":0,"wds_primary_product_cat":0},"product_brand":[],"product_cat":[18,19,74,73,320,21],"product_tag":[],"class_list":{"0":"post-325","1":"product","2":"type-product","3":"status-publish","4":"has-post-thumbnail","6":"product_cat-dosificadoras","7":"product_cat-dosificadoras-de-liquidos","8":"product_cat-llenadoras-de-botellas","9":"product_cat-llenadoras-de-liquidos","10":"product_cat-llenadoras-de-liquidos-por-gravedad","11":"product_cat-maquinas-llenadoras","13":"first","14":"instock","15":"sale","16":"taxable","17":"shipping-taxable","18":"purchasable","19":"product-type-simple"},"yoast_head":"<!-- This site is optimized with the Yoast SEO Premium plugin v24.9 (Yoast SEO v26.1) - https:\/\/yoast.com\/wordpress\/plugins\/seo\/ -->\n<title>Dosificadora, Embotelladora, Llenadora de L\u00edquidos ? Digital de 2 ml ? 3500 ml - distribuci\u00f3n ARC<\/title>\n<meta name=\"robots\" content=\"index, follow, max-snippet:-1, max-image-preview:large, max-video-preview:-1\" \/>\n<link rel=\"canonical\" href=\"https:\/\/distribucionarc.com\/it\/prodotto\/dispenser-per-imbottigliamento-con-riempimento-di-liquidi-digitale-da-2-ml-\ud83c\udf7e-3500-ml\/\" \/>\n<meta property=\"og:locale\" content=\"it_IT\" \/>\n<meta property=\"og:type\" content=\"article\" \/>\n<meta property=\"og:title\" content=\"Dosificadora, Embotelladora, Llenadora de L\u00edquidos ? Digital de 2 ml ? 3500 ml\" \/>\n<meta property=\"og:description\" content=\"Esta m\u00e1quina utiliza un microordenador para controlar el tiempo y la velocidad de la bomba, para que pueda llenar con fluidez y precisi\u00f3n. El motor el\u00e9ctrico est\u00e1 separado de la bomba. Cuenta con 9 Velocidades de llenado, Ajuste para llenado de: 0.01\u279699.99s, Intervalo de tiempo entre llenado de: 0.01\u279699.99s. Guarda hasta 6 configuraciones para los diferentes tama\u00f1os de botellas y as\u00ed poder elegir f\u00e1cilmente. Es una m\u00e1quina compacta y port\u00e1til. La carcasa es de acero inoxidable, adem\u00e1s es resistente y f\u00e1cil de limpiar. Se puede utilizar para muchos tipos de l\u00edquidos claros y delgados, tales como: Agua, aceite de oliva, combustible, bebidas, vinagre, leche, etc.\" \/>\n<meta property=\"og:url\" content=\"https:\/\/distribucionarc.com\/it\/prodotto\/dispenser-per-imbottigliamento-con-riempimento-di-liquidi-digitale-da-2-ml-\ud83c\udf7e-3500-ml\/\" \/>\n<meta property=\"og:site_name\" content=\"distribuci\u00f3n ARC\" \/>\n<meta property=\"article:modified_time\" content=\"2025-05-08T18:54:03+00:00\" \/>\n<meta property=\"og:image\" content=\"https:\/\/distribucionarc.com\/wp-content\/uploads\/2020\/04\/maquina-de-llenado-de-liquidos-en-botellas-asta-3-litros-por-minuto.png\" \/>\n\t<meta property=\"og:image:width\" content=\"828\" \/>\n\t<meta property=\"og:image:height\" content=\"527\" \/>\n\t<meta property=\"og:image:type\" content=\"image\/png\" \/>\n<meta name=\"twitter:card\" content=\"summary_large_image\" \/>\n<meta name=\"twitter:label1\" content=\"Tempo di lettura stimato\" \/>\n\t<meta name=\"twitter:data1\" content=\"2 minuti\" \/>\n<script type=\"application\/ld+json\" class=\"yoast-schema-graph\">{\"@context\":\"https:\/\/schema.org\",\"@graph\":[{\"@type\":\"WebPage\",\"@id\":\"https:\/\/distribucionarc.com\/nb\/producto\/dosificadora-embotelladora-llenadora-de-liquidos-%f0%9f%8d%be-digital-de-2ml-%f0%9f%94%9b-3500ml\/\",\"url\":\"https:\/\/distribucionarc.com\/nb\/producto\/dosificadora-embotelladora-llenadora-de-liquidos-%f0%9f%8d%be-digital-de-2ml-%f0%9f%94%9b-3500ml\/\",\"name\":\"Dosificadora, Embotelladora, Llenadora de L\u00edquidos ? Digital de 2 ml ? 3500 ml - distribuci\u00f3n ARC\",\"isPartOf\":{\"@id\":\"https:\/\/www.distribucionarc.com\/sl\/#website\"},\"primaryImageOfPage\":{\"@id\":\"https:\/\/distribucionarc.com\/nb\/producto\/dosificadora-embotelladora-llenadora-de-liquidos-%f0%9f%8d%be-digital-de-2ml-%f0%9f%94%9b-3500ml\/#primaryimage\"},\"image\":{\"@id\":\"https:\/\/distribucionarc.com\/nb\/producto\/dosificadora-embotelladora-llenadora-de-liquidos-%f0%9f%8d%be-digital-de-2ml-%f0%9f%94%9b-3500ml\/#primaryimage\"},\"thumbnailUrl\":\"https:\/\/distribucionarc.com\/wp-content\/uploads\/2020\/04\/maquina-de-llenado-de-liquidos-en-botellas-asta-3-litros-por-minuto.png\",\"datePublished\":\"2020-04-17T12:08:24+00:00\",\"dateModified\":\"2025-05-08T18:54:03+00:00\",\"breadcrumb\":{\"@id\":\"https:\/\/distribucionarc.com\/nb\/producto\/dosificadora-embotelladora-llenadora-de-liquidos-%f0%9f%8d%be-digital-de-2ml-%f0%9f%94%9b-3500ml\/#breadcrumb\"},\"inLanguage\":\"it-IT\",\"potentialAction\":[{\"@type\":\"ReadAction\",\"target\":[\"https:\/\/distribucionarc.com\/nb\/producto\/dosificadora-embotelladora-llenadora-de-liquidos-%f0%9f%8d%be-digital-de-2ml-%f0%9f%94%9b-3500ml\/\"]}]},{\"@type\":\"ImageObject\",\"inLanguage\":\"it-IT\",\"@id\":\"https:\/\/distribucionarc.com\/nb\/producto\/dosificadora-embotelladora-llenadora-de-liquidos-%f0%9f%8d%be-digital-de-2ml-%f0%9f%94%9b-3500ml\/#primaryimage\",\"url\":\"https:\/\/distribucionarc.com\/wp-content\/uploads\/2020\/04\/maquina-de-llenado-de-liquidos-en-botellas-asta-3-litros-por-minuto.png\",\"contentUrl\":\"https:\/\/distribucionarc.com\/wp-content\/uploads\/2020\/04\/maquina-de-llenado-de-liquidos-en-botellas-asta-3-litros-por-minuto.png\",\"width\":828,\"height\":527,\"caption\":\"Maquina de llenado para botellas peque\u00f1as liqudis de baja densidad\"},{\"@type\":\"BreadcrumbList\",\"@id\":\"https:\/\/distribucionarc.com\/nb\/producto\/dosificadora-embotelladora-llenadora-de-liquidos-%f0%9f%8d%be-digital-de-2ml-%f0%9f%94%9b-3500ml\/#breadcrumb\",\"itemListElement\":[{\"@type\":\"ListItem\",\"position\":1,\"name\":\"Portada\",\"item\":\"https:\/\/www.distribucionarc.com\/\"},{\"@type\":\"ListItem\",\"position\":2,\"name\":\"\u00dcr\u00fcnler\",\"item\":\"https:\/\/www.distribucionarc.com\/tr\/magaza\/\"},{\"@type\":\"ListItem\",\"position\":3,\"name\":\"Dosificadora, Embotelladora, Llenadora de L\u00edquidos ? Digital de 2 ml ? 3500 ml\"}]},{\"@type\":\"WebSite\",\"@id\":\"https:\/\/www.distribucionarc.com\/sl\/#website\",\"url\":\"https:\/\/www.distribucionarc.com\/sl\/\",\"name\":\"distribuci\u00f3n ARC\",\"description\":\"Empresa especializada en la fabricaci\u00f3n y distribuci\u00f3n de maquinaria industrial, selladoras de latas, Maquinas de hacer pastillas, Maquinas de cortar carne...\",\"publisher\":{\"@id\":\"https:\/\/www.distribucionarc.com\/sl\/#organization\"},\"potentialAction\":[{\"@type\":\"SearchAction\",\"target\":{\"@type\":\"EntryPoint\",\"urlTemplate\":\"https:\/\/www.distribucionarc.com\/sl\/?s={search_term_string}\"},\"query-input\":{\"@type\":\"PropertyValueSpecification\",\"valueRequired\":true,\"valueName\":\"search_term_string\"}}],\"inLanguage\":\"it-IT\"},{\"@type\":\"Organization\",\"@id\":\"https:\/\/www.distribucionarc.com\/sl\/#organization\",\"name\":\"Distribuci\u00f3n ARC\",\"url\":\"https:\/\/www.distribucionarc.com\/sl\/\",\"logo\":{\"@type\":\"ImageObject\",\"inLanguage\":\"it-IT\",\"@id\":\"https:\/\/www.distribucionarc.com\/sl\/#\/schema\/logo\/image\/\",\"url\":\"https:\/\/distribucionarc.com\/wp-content\/uploads\/2024\/10\/distribucion-ARC-COLOR-SIN-FONDO-e1732295305345.png\",\"contentUrl\":\"https:\/\/distribucionarc.com\/wp-content\/uploads\/2024\/10\/distribucion-ARC-COLOR-SIN-FONDO-e1732295305345.png\",\"width\":1164,\"height\":558,\"caption\":\"Distribuci\u00f3n ARC\"},\"image\":{\"@id\":\"https:\/\/www.distribucionarc.com\/sl\/#\/schema\/logo\/image\/\"},\"description\":\"Empresa especializada en la fabricaci\u00f3n y distribuci\u00f3n de maquinaria industrial para los sectores alimentario y farmac\u00e9utico. Nos especializamos en: M\u00e1quinas de cortar carne Fabricaci\u00f3n de comprimidos Sistemas de transporte industrial L\u00edneas de embotellado Dosificadores Y mucho m\u00e1s... Ofrecemos soluciones innovadoras y personalizadas para optimizar los procesos productivos de tu empresa.\",\"email\":\"Admistracion@distribucionarc.com\",\"telephone\":\"+34 643496664\",\"legalName\":\"ARC TECH SOLUTIONS\",\"foundingDate\":\"2024-04-09\",\"vatID\":\"B55480172\",\"numberOfEmployees\":{\"@type\":\"QuantitativeValue\",\"minValue\":\"1\",\"maxValue\":\"10\"}}]}<\/script>\n<!-- \/ Yoast SEO Premium plugin. -->","yoast_head_json":{"title":"Dosaggio, imbottigliamento, riempimento di liquidi? 2ml digitale? 3500 ml - Distribuzione ARC","robots":{"index":"index","follow":"follow","max-snippet":"max-snippet:-1","max-image-preview":"max-image-preview:large","max-video-preview":"max-video-preview:-1"},"canonical":"https:\/\/distribucionarc.com\/it\/prodotto\/dispenser-per-imbottigliamento-con-riempimento-di-liquidi-digitale-da-2-ml-\ud83c\udf7e-3500-ml\/","og_locale":"it_IT","og_type":"article","og_title":"Dosificadora, Embotelladora, Llenadora de L\u00edquidos ? Digital de 2 ml ? 3500 ml","og_description":"Esta m\u00e1quina utiliza un microordenador para controlar el tiempo y la velocidad de la bomba, para que pueda llenar con fluidez y precisi\u00f3n. El motor el\u00e9ctrico est\u00e1 separado de la bomba. Cuenta con 9 Velocidades de llenado, Ajuste para llenado de: 0.01\u279699.99s, Intervalo de tiempo entre llenado de: 0.01\u279699.99s. Guarda hasta 6 configuraciones para los diferentes tama\u00f1os de botellas y as\u00ed poder elegir f\u00e1cilmente. Es una m\u00e1quina compacta y port\u00e1til. La carcasa es de acero inoxidable, adem\u00e1s es resistente y f\u00e1cil de limpiar. Se puede utilizar para muchos tipos de l\u00edquidos claros y delgados, tales como: Agua, aceite de oliva, combustible, bebidas, vinagre, leche, etc.","og_url":"https:\/\/distribucionarc.com\/it\/prodotto\/dispenser-per-imbottigliamento-con-riempimento-di-liquidi-digitale-da-2-ml-\ud83c\udf7e-3500-ml\/","og_site_name":"distribuci\u00f3n ARC","article_modified_time":"2025-05-08T18:54:03+00:00","og_image":[{"width":828,"height":527,"url":"https:\/\/distribucionarc.com\/wp-content\/uploads\/2020\/04\/maquina-de-llenado-de-liquidos-en-botellas-asta-3-litros-por-minuto.png","type":"image\/png"}],"twitter_card":"summary_large_image","twitter_misc":{"Tempo di lettura stimato":"2 minuti"},"schema":{"@context":"https:\/\/schema.org","@graph":[{"@type":"WebPage","@id":"https:\/\/distribucionarc.com\/nb\/producto\/dosificadora-embotelladora-llenadora-de-liquidos-%f0%9f%8d%be-digital-de-2ml-%f0%9f%94%9b-3500ml\/","url":"https:\/\/distribucionarc.com\/nb\/producto\/dosificadora-embotelladora-llenadora-de-liquidos-%f0%9f%8d%be-digital-de-2ml-%f0%9f%94%9b-3500ml\/","name":"Dosaggio, imbottigliamento, riempimento di liquidi? 2ml digitale? 3500 ml - Distribuzione ARC","isPartOf":{"@id":"https:\/\/www.distribucionarc.com\/sl\/#website"},"primaryImageOfPage":{"@id":"https:\/\/distribucionarc.com\/nb\/producto\/dosificadora-embotelladora-llenadora-de-liquidos-%f0%9f%8d%be-digital-de-2ml-%f0%9f%94%9b-3500ml\/#primaryimage"},"image":{"@id":"https:\/\/distribucionarc.com\/nb\/producto\/dosificadora-embotelladora-llenadora-de-liquidos-%f0%9f%8d%be-digital-de-2ml-%f0%9f%94%9b-3500ml\/#primaryimage"},"thumbnailUrl":"https:\/\/distribucionarc.com\/wp-content\/uploads\/2020\/04\/maquina-de-llenado-de-liquidos-en-botellas-asta-3-litros-por-minuto.png","datePublished":"2020-04-17T12:08:24+00:00","dateModified":"2025-05-08T18:54:03+00:00","breadcrumb":{"@id":"https:\/\/distribucionarc.com\/nb\/producto\/dosificadora-embotelladora-llenadora-de-liquidos-%f0%9f%8d%be-digital-de-2ml-%f0%9f%94%9b-3500ml\/#breadcrumb"},"inLanguage":"it-IT","potentialAction":[{"@type":"ReadAction","target":["https:\/\/distribucionarc.com\/nb\/producto\/dosificadora-embotelladora-llenadora-de-liquidos-%f0%9f%8d%be-digital-de-2ml-%f0%9f%94%9b-3500ml\/"]}]},{"@type":"ImageObject","inLanguage":"it-IT","@id":"https:\/\/distribucionarc.com\/nb\/producto\/dosificadora-embotelladora-llenadora-de-liquidos-%f0%9f%8d%be-digital-de-2ml-%f0%9f%94%9b-3500ml\/#primaryimage","url":"https:\/\/distribucionarc.com\/wp-content\/uploads\/2020\/04\/maquina-de-llenado-de-liquidos-en-botellas-asta-3-litros-por-minuto.png","contentUrl":"https:\/\/distribucionarc.com\/wp-content\/uploads\/2020\/04\/maquina-de-llenado-de-liquidos-en-botellas-asta-3-litros-por-minuto.png","width":828,"height":527,"caption":"Maquina de llenado para botellas peque\u00f1as liqudis de baja densidad"},{"@type":"BreadcrumbList","@id":"https:\/\/distribucionarc.com\/nb\/producto\/dosificadora-embotelladora-llenadora-de-liquidos-%f0%9f%8d%be-digital-de-2ml-%f0%9f%94%9b-3500ml\/#breadcrumb","itemListElement":[{"@type":"ListItem","position":1,"name":"Portada","item":"https:\/\/www.distribucionarc.com\/"},{"@type":"ListItem","position":2,"name":"\u00dcr\u00fcnler","item":"https:\/\/www.distribucionarc.com\/tr\/magaza\/"},{"@type":"ListItem","position":3,"name":"Dosificadora, Embotelladora, Llenadora de L\u00edquidos ? Digital de 2 ml ? 3500 ml"}]},{"@type":"WebSite","@id":"https:\/\/www.distribucionarc.com\/sl\/#website","url":"https:\/\/www.distribucionarc.com\/sl\/","name":"Distribuzione dell&#039;ARCO","description":"Azienda specializzata nella produzione e distribuzione di macchinari industriali, macchine sigillatrici di lattine, macchine per la produzione di compresse, macchine per il taglio della carne...","publisher":{"@id":"https:\/\/www.distribucionarc.com\/sl\/#organization"},"potentialAction":[{"@type":"SearchAction","target":{"@type":"EntryPoint","urlTemplate":"https:\/\/www.distribucionarc.com\/sl\/?s={search_term_string}"},"query-input":{"@type":"PropertyValueSpecification","valueRequired":true,"valueName":"search_term_string"}}],"inLanguage":"it-IT"},{"@type":"Organization","@id":"https:\/\/www.distribucionarc.com\/sl\/#organization","name":"Distribuzione dell&#039;ARC","url":"https:\/\/www.distribucionarc.com\/sl\/","logo":{"@type":"ImageObject","inLanguage":"it-IT","@id":"https:\/\/www.distribucionarc.com\/sl\/#\/schema\/logo\/image\/","url":"https:\/\/distribucionarc.com\/wp-content\/uploads\/2024\/10\/distribucion-ARC-COLOR-SIN-FONDO-e1732295305345.png","contentUrl":"https:\/\/distribucionarc.com\/wp-content\/uploads\/2024\/10\/distribucion-ARC-COLOR-SIN-FONDO-e1732295305345.png","width":1164,"height":558,"caption":"Distribuci\u00f3n ARC"},"image":{"@id":"https:\/\/www.distribucionarc.com\/sl\/#\/schema\/logo\/image\/"},"description":"Azienda specializzata nella produzione e distribuzione di macchinari industriali per il settore alimentare e farmaceutico. Siamo specializzati in: Macchine per il taglio della carne Produzione di compresse Sistemi di trasporto industriale Linee di imbottigliamento Dispenser E molto altro ancora... Offriamo soluzioni innovative e personalizzate per ottimizzare i processi produttivi della vostra azienda.","email":"Admistracion@distribucionarc.com","telephone":"+34 643496664","legalName":"ARC TECH SOLUTIONS","foundingDate":"2024-04-09","vatID":"B55480172","numberOfEmployees":{"@type":"QuantitativeValue","minValue":"1","maxValue":"10"}}]}},"_links":{"self":[{"href":"https:\/\/distribucionarc.com\/it\/wp-json\/wp\/v2\/product\/325","targetHints":{"allow":["GET"]}}],"collection":[{"href":"https:\/\/distribucionarc.com\/it\/wp-json\/wp\/v2\/product"}],"about":[{"href":"https:\/\/distribucionarc.com\/it\/wp-json\/wp\/v2\/types\/product"}],"replies":[{"embeddable":true,"href":"https:\/\/distribucionarc.com\/it\/wp-json\/wp\/v2\/comments?post=325"}],"version-history":[{"count":1,"href":"https:\/\/distribucionarc.com\/it\/wp-json\/wp\/v2\/product\/325\/revisions"}],"predecessor-version":[{"id":17455,"href":"https:\/\/distribucionarc.com\/it\/wp-json\/wp\/v2\/product\/325\/revisions\/17455"}],"wp:featuredmedia":[{"embeddable":true,"href":"https:\/\/distribucionarc.com\/it\/wp-json\/wp\/v2\/media\/17454"}],"wp:attachment":[{"href":"https:\/\/distribucionarc.com\/it\/wp-json\/wp\/v2\/media?parent=325"}],"wp:term":[{"taxonomy":"product_brand","embeddable":true,"href":"https:\/\/distribucionarc.com\/it\/wp-json\/wp\/v2\/product_brand?post=325"},{"taxonomy":"product_cat","embeddable":true,"href":"https:\/\/distribucionarc.com\/it\/wp-json\/wp\/v2\/product_cat?post=325"},{"taxonomy":"product_tag","embeddable":true,"href":"https:\/\/distribucionarc.com\/it\/wp-json\/wp\/v2\/product_tag?post=325"}],"curies":[{"name":"wp","href":"https:\/\/api.w.org\/{rel}","templated":true}]}}