{"id":3443,"date":"2020-10-02T14:44:31","date_gmt":"2020-10-02T14:44:31","guid":{"rendered":"https:\/\/distribucionarc.com\/?post_type=product&#038;p=3443"},"modified":"2020-10-03T10:37:08","modified_gmt":"2020-10-03T10:37:08","slug":"spruzzatore-di-vernice-airless","status":"publish","type":"product","link":"https:\/\/distribucionarc.com\/it\/producto\/pulverizador-de-pintura-sin-aire\/","title":{"rendered":"Spruzzatore di vernice airless"},"content":{"rendered":"<h3>Spruzzatore di vernice airless<\/h3>\n<p>Questo<strong> pistola per pittura murale <span style=\"color: #0000ff;\"><span style=\"color: #ff0000;\">A<\/span>R<\/span>C<\/strong> Realizzato in acciaio inossidabile di alta qualit\u00e0, \u00e8 resistente alla ruggine e durevole. Tutti i componenti sono realizzati per durare a lungo.  Il design staccabile offre una pulizia facile e veloce dopo la spruzzatura. Con la funzione di arresto automatico, questa pistola per verniciatura murale \u00e8 anche facile da usare.<\/p>\n<p>Dotato di un motore brushless super potente da 1650 W, questo motore <strong>pistola per verniciatura airless <span style=\"color: #ff0000;\">A<\/span><span style=\"color: #0000ff;\">R<\/span>CPPA18<\/strong> garantisce un&#039;elevata durabilit\u00e0. Migliora notevolmente l&#039;efficienza del tuo lavoro e risparmia tempo prezioso. Il rivestimento ad alta efficienza rispetto a 80% (spruzzo ad aria 30%) consente di risparmiare materia prima.<\/p>\n<p>Nostro <strong>spruzzatore di vernice per pareti<\/strong> Ha una capacit\u00e0 di carico massima e lo spruzzatore airless \u00e8 adatto per la verniciatura di materiali, comprese vernici per interni ed esterni a base di acqua e olio. Alta pressione, alta penetrabilit\u00e0, aumentano il rivestimento del morso meccanico con il corpo della parete, risolvono meglio il rivestimento di bolle, crepe e altri problemi.<\/p>\n<h6><strong>Garanzia\u00a0<span style=\"color: #ff0000;\">A<\/span><span style=\"color: #0000ff;\">R<\/span>C 2 ANNI<\/strong><\/h6>\n<h6><span style=\"color: #008000;\"><strong>Efficiente pistola airless da muro, basso consumo 1650w<\/strong><\/span><\/h6>\n<h6><strong>supporto tecnico incluso.<\/strong><\/h6>\n<p>&nbsp;<\/p>\n<table role=\"presentation\" width=\"100%\" cellspacing=\"0\" cellpadding=\"0\">\n<tbody>\n<tr>\n<td class=\"attrLabels\">Marca:<\/td>\n<td width=\"50.0%\">ARCO<\/td>\n<\/tr>\n<tr>\n<td class=\"attrLabels\">Paese di distribuzione:<\/td>\n<td width=\"50.0%\">Spagna, Germania, Stati Uniti<\/td>\n<td class=\"attrLabels\">Peso:<\/td>\n<td width=\"50.0%\">18 kg<\/td>\n<\/tr>\n<tr>\n<td class=\"attrLabels\">Tipo di prodotto:<\/td>\n<td width=\"50.0%\">Spruzzatore airless<\/td>\n<td class=\"attrLabels\">Altezza:<\/td>\n<td width=\"50.0%\">42,5 centimetri<\/td>\n<\/tr>\n<tr>\n<td class=\"attrLabels\">Colore:<\/td>\n<td width=\"50.0%\">rosso, nero<\/td>\n<td class=\"attrLabels\">Lungo:<\/td>\n<td width=\"50.0%\">40,8 cm<\/td>\n<\/tr>\n<tr>\n<td class=\"attrLabels\">Numero del produttore:<\/td>\n<td width=\"50.0%\">ARCPPA18<\/td>\n<td class=\"attrLabels\">Ampio:<\/td>\n<td width=\"50.0%\">12&quot;<\/td>\n<\/tr>\n<tr>\n<td class=\"attrLabels\">Garanzia:<\/td>\n<td width=\"50.0%\">2 anni<\/td>\n<td class=\"attrLabels\">Pressione della pistola:<\/td>\n<td width=\"50.0%\">2800PSI<\/td>\n<\/tr>\n<tr>\n<td class=\"attrLabels\">Materiale:<\/td>\n<td width=\"50.0%\">acciaio inossidabile, motore efficiente<\/td>\n<td class=\"attrLabels\">Distanza di spruzzo:<\/td>\n<td width=\"50.0%\">35 cm<\/td>\n<\/tr>\n<tr>\n<td class=\"attrLabels\">\u00a0Energia:<\/td>\n<td width=\"50.0%\">1650W<\/td>\n<td class=\"attrLabels\">Larghezza di spruzzo:<\/td>\n<td width=\"50.0%\">30 cm<\/td>\n<\/tr>\n<tr>\n<td class=\"attrLabels\">Voltaggio in ingresso:<\/td>\n<td width=\"50.0%\">220 V \u2013 50 Hz<\/td>\n<td class=\"attrLabels\">Fluire:<\/td>\n<td width=\"50.0%\">2,3 litri al minuto<\/td>\n<\/tr>\n<\/tbody>\n<\/table>\n<p>&nbsp;<\/p>","protected":false},"excerpt":{"rendered":"<h2>Spruzzatore di vernice airless<\/h2>\n<p>Questo <strong>pistola per verniciatura<\/strong> parete <strong>senz&#039;aria<span style=\"color: #ff0000;\"> A<\/span><span style=\"color: #0000ff;\">R<\/span>C<\/strong> \u00c8 prodotto con tecnologia ad alta efficienza. Ha un motore brushless super potente da 1650 W, ultra silenzioso e garantisce una lunga vita utile. Anello di tenuta in pelle bovina, resistente all&#039;usura.  Il design staccabile offre una pulizia facile e veloce dopo la spruzzatura. Con il contenitore da 1000 ml non \u00e8 necessario aggiungere vernice frequentemente.<\/p>\n<h6><strong>Garanzia\u00a0<span style=\"color: #ff0000;\">A<\/span><span style=\"color: #0000ff;\">R<\/span>C 2 ANNI<\/strong><\/h6>\n<h6><span style=\"color: #008000;\"><strong>Efficiente pistola airless da muro, basso consumo 1650w<\/strong><\/span><\/h6>\n<h6><strong>supporto tecnico incluso.<\/strong><\/h6>\n<p>&nbsp;<\/p>\n<p>&nbsp;<\/p>","protected":false},"featured_media":3449,"comment_status":"open","ping_status":"closed","template":"","meta":{"wds_primary_product_brand":0,"wds_primary_product_cat":0},"product_brand":[],"product_cat":[71,69],"product_tag":[],"class_list":{"0":"post-3443","1":"product","2":"type-product","3":"status-publish","4":"has-post-thumbnail","6":"product_cat-maquinas-para-pintar","7":"product_cat-maquinas-variadas","8":"product_shipping_class-hosteleria","10":"first","11":"instock","12":"sale","13":"taxable","14":"shipping-taxable","15":"purchasable","16":"product-type-simple"},"yoast_head":"<!-- This site is optimized with the Yoast SEO Premium plugin v24.9 (Yoast SEO v26.1) - https:\/\/yoast.com\/wordpress\/plugins\/seo\/ -->\n<title>Pulverizador de pintura sin aire - distribuci\u00f3n ARC<\/title>\n<meta name=\"robots\" content=\"index, follow, max-snippet:-1, max-image-preview:large, max-video-preview:-1\" \/>\n<link rel=\"canonical\" href=\"https:\/\/www.distribucionarc.com\/sk\/producto\/pulverizador-de-pintura-sin-aire\/\" \/>\n<meta property=\"og:locale\" content=\"it_IT\" \/>\n<meta property=\"og:type\" content=\"article\" \/>\n<meta property=\"og:title\" content=\"Pulverizador de pintura sin aire\" \/>\n<meta property=\"og:description\" content=\"Pulverizador de pintura sin aire Esta pistola de pintura de pared sin aire ARC est\u00e1 fabricada con tecnolog\u00eda de alta eficiencia. Cuenta con un motor sin escobillas de 1650 W superpotente, ultra silencioso y le asegura una larga vida \u00fatil. Anillo de sello de piel de vaca, resistente al desgaste. \u00a0El dise\u00f1o desmontable ofrece una limpieza r\u00e1pida y sencilla despu\u00e9s de la pulverizaci\u00f3n. Con el recipiente de 1000 ml, no es necesario agregar la pintura con frecuencia. Garant\u00eda\u00a0ARC 2 A\u00d1OS Pistola de pared sin aire eficiente, bajo consumo 1650w soporte t\u00e9cnico incluido. &nbsp;  &nbsp;\" \/>\n<meta property=\"og:url\" content=\"https:\/\/www.distribucionarc.com\/sk\/producto\/pulverizador-de-pintura-sin-aire\/\" \/>\n<meta property=\"og:site_name\" content=\"distribuci\u00f3n ARC\" \/>\n<meta property=\"article:modified_time\" content=\"2020-10-03T10:37:08+00:00\" \/>\n<meta property=\"og:image\" content=\"https:\/\/www.distribucionarc.com\/wp-content\/uploads\/2020\/10\/Pulverizador-de-pintura-sin-aire-0.jpg\" \/>\n\t<meta property=\"og:image:width\" content=\"1001\" \/>\n\t<meta property=\"og:image:height\" content=\"1001\" \/>\n\t<meta property=\"og:image:type\" content=\"image\/jpeg\" \/>\n<meta name=\"twitter:card\" content=\"summary_large_image\" \/>\n<meta name=\"twitter:label1\" content=\"Tempo di lettura stimato\" \/>\n\t<meta name=\"twitter:data1\" content=\"1 minuto\" \/>\n<script type=\"application\/ld+json\" class=\"yoast-schema-graph\">{\"@context\":\"https:\/\/schema.org\",\"@graph\":[{\"@type\":\"WebPage\",\"@id\":\"https:\/\/www.distribucionarc.com\/sk\/producto\/pulverizador-de-pintura-sin-aire\/\",\"url\":\"https:\/\/www.distribucionarc.com\/sk\/producto\/pulverizador-de-pintura-sin-aire\/\",\"name\":\"Pulverizador de pintura sin aire - distribuci\u00f3n ARC\",\"isPartOf\":{\"@id\":\"https:\/\/www.distribucionarc.com\/de\/#website\"},\"primaryImageOfPage\":{\"@id\":\"https:\/\/www.distribucionarc.com\/sk\/producto\/pulverizador-de-pintura-sin-aire\/#primaryimage\"},\"image\":{\"@id\":\"https:\/\/www.distribucionarc.com\/sk\/producto\/pulverizador-de-pintura-sin-aire\/#primaryimage\"},\"thumbnailUrl\":\"https:\/\/distribucionarc.com\/wp-content\/uploads\/2020\/10\/Pulverizador-de-pintura-sin-aire-0.jpg\",\"datePublished\":\"2020-10-02T14:44:31+00:00\",\"dateModified\":\"2020-10-03T10:37:08+00:00\",\"breadcrumb\":{\"@id\":\"https:\/\/www.distribucionarc.com\/sk\/producto\/pulverizador-de-pintura-sin-aire\/#breadcrumb\"},\"inLanguage\":\"it-IT\",\"potentialAction\":[{\"@type\":\"ReadAction\",\"target\":[\"https:\/\/www.distribucionarc.com\/sk\/producto\/pulverizador-de-pintura-sin-aire\/\"]}]},{\"@type\":\"ImageObject\",\"inLanguage\":\"it-IT\",\"@id\":\"https:\/\/www.distribucionarc.com\/sk\/producto\/pulverizador-de-pintura-sin-aire\/#primaryimage\",\"url\":\"https:\/\/distribucionarc.com\/wp-content\/uploads\/2020\/10\/Pulverizador-de-pintura-sin-aire-0.jpg\",\"contentUrl\":\"https:\/\/distribucionarc.com\/wp-content\/uploads\/2020\/10\/Pulverizador-de-pintura-sin-aire-0.jpg\",\"width\":1001,\"height\":1001,\"caption\":\"Pulverizador de pintura sin aire\"},{\"@type\":\"BreadcrumbList\",\"@id\":\"https:\/\/www.distribucionarc.com\/sk\/producto\/pulverizador-de-pintura-sin-aire\/#breadcrumb\",\"itemListElement\":[{\"@type\":\"ListItem\",\"position\":1,\"name\":\"Portada\",\"item\":\"https:\/\/www.distribucionarc.com\/en\/\"},{\"@type\":\"ListItem\",\"position\":2,\"name\":\"Products\",\"item\":\"https:\/\/www.distribucionarc.com\/en\/shop\/\"},{\"@type\":\"ListItem\",\"position\":3,\"name\":\"Pulverizador de pintura sin aire\"}]},{\"@type\":\"WebSite\",\"@id\":\"https:\/\/www.distribucionarc.com\/de\/#website\",\"url\":\"https:\/\/www.distribucionarc.com\/de\/\",\"name\":\"distribuci\u00f3n ARC\",\"description\":\"Empresa especializada en la fabricaci\u00f3n y distribuci\u00f3n de maquinaria industrial, selladoras de latas, Maquinas de hacer pastillas, Maquinas de cortar carne...\",\"publisher\":{\"@id\":\"https:\/\/www.distribucionarc.com\/de\/#organization\"},\"potentialAction\":[{\"@type\":\"SearchAction\",\"target\":{\"@type\":\"EntryPoint\",\"urlTemplate\":\"https:\/\/www.distribucionarc.com\/de\/?s={search_term_string}\"},\"query-input\":{\"@type\":\"PropertyValueSpecification\",\"valueRequired\":true,\"valueName\":\"search_term_string\"}}],\"inLanguage\":\"it-IT\"},{\"@type\":\"Organization\",\"@id\":\"https:\/\/www.distribucionarc.com\/de\/#organization\",\"name\":\"Distribuci\u00f3n ARC\",\"url\":\"https:\/\/www.distribucionarc.com\/de\/\",\"logo\":{\"@type\":\"ImageObject\",\"inLanguage\":\"it-IT\",\"@id\":\"https:\/\/www.distribucionarc.com\/de\/#\/schema\/logo\/image\/\",\"url\":\"https:\/\/distribucionarc.com\/wp-content\/uploads\/2024\/10\/distribucion-ARC-COLOR-SIN-FONDO-e1732295305345.png\",\"contentUrl\":\"https:\/\/distribucionarc.com\/wp-content\/uploads\/2024\/10\/distribucion-ARC-COLOR-SIN-FONDO-e1732295305345.png\",\"width\":1164,\"height\":558,\"caption\":\"Distribuci\u00f3n ARC\"},\"image\":{\"@id\":\"https:\/\/www.distribucionarc.com\/de\/#\/schema\/logo\/image\/\"},\"description\":\"Empresa especializada en la fabricaci\u00f3n y distribuci\u00f3n de maquinaria industrial para los sectores alimentario y farmac\u00e9utico. Nos especializamos en: M\u00e1quinas de cortar carne Fabricaci\u00f3n de comprimidos Sistemas de transporte industrial L\u00edneas de embotellado Dosificadores Y mucho m\u00e1s... Ofrecemos soluciones innovadoras y personalizadas para optimizar los procesos productivos de tu empresa.\",\"email\":\"Admistracion@distribucionarc.com\",\"telephone\":\"+34 643496664\",\"legalName\":\"ARC TECH SOLUTIONS\",\"foundingDate\":\"2024-04-09\",\"vatID\":\"B55480172\",\"numberOfEmployees\":{\"@type\":\"QuantitativeValue\",\"minValue\":\"1\",\"maxValue\":\"10\"}}]}<\/script>\n<!-- \/ Yoast SEO Premium plugin. -->","yoast_head_json":{"title":"Spruzzatore airless per verniciatura - distribuzione ARC","robots":{"index":"index","follow":"follow","max-snippet":"max-snippet:-1","max-image-preview":"max-image-preview:large","max-video-preview":"max-video-preview:-1"},"canonical":"https:\/\/www.distribucionarc.com\/sk\/producto\/pulverizador-de-pintura-sin-aire\/","og_locale":"it_IT","og_type":"article","og_title":"Pulverizador de pintura sin aire","og_description":"Pulverizador de pintura sin aire Esta pistola de pintura de pared sin aire ARC est\u00e1 fabricada con tecnolog\u00eda de alta eficiencia. Cuenta con un motor sin escobillas de 1650 W superpotente, ultra silencioso y le asegura una larga vida \u00fatil. Anillo de sello de piel de vaca, resistente al desgaste. \u00a0El dise\u00f1o desmontable ofrece una limpieza r\u00e1pida y sencilla despu\u00e9s de la pulverizaci\u00f3n. Con el recipiente de 1000 ml, no es necesario agregar la pintura con frecuencia. Garant\u00eda\u00a0ARC 2 A\u00d1OS Pistola de pared sin aire eficiente, bajo consumo 1650w soporte t\u00e9cnico incluido. &nbsp;  &nbsp;","og_url":"https:\/\/www.distribucionarc.com\/sk\/producto\/pulverizador-de-pintura-sin-aire\/","og_site_name":"distribuci\u00f3n ARC","article_modified_time":"2020-10-03T10:37:08+00:00","og_image":[{"width":1001,"height":1001,"url":"https:\/\/www.distribucionarc.com\/wp-content\/uploads\/2020\/10\/Pulverizador-de-pintura-sin-aire-0.jpg","type":"image\/jpeg"}],"twitter_card":"summary_large_image","twitter_misc":{"Tempo di lettura stimato":"1 minuto"},"schema":{"@context":"https:\/\/schema.org","@graph":[{"@type":"WebPage","@id":"https:\/\/www.distribucionarc.com\/sk\/producto\/pulverizador-de-pintura-sin-aire\/","url":"https:\/\/www.distribucionarc.com\/sk\/producto\/pulverizador-de-pintura-sin-aire\/","name":"Spruzzatore airless per verniciatura - distribuzione ARC","isPartOf":{"@id":"https:\/\/www.distribucionarc.com\/de\/#website"},"primaryImageOfPage":{"@id":"https:\/\/www.distribucionarc.com\/sk\/producto\/pulverizador-de-pintura-sin-aire\/#primaryimage"},"image":{"@id":"https:\/\/www.distribucionarc.com\/sk\/producto\/pulverizador-de-pintura-sin-aire\/#primaryimage"},"thumbnailUrl":"https:\/\/distribucionarc.com\/wp-content\/uploads\/2020\/10\/Pulverizador-de-pintura-sin-aire-0.jpg","datePublished":"2020-10-02T14:44:31+00:00","dateModified":"2020-10-03T10:37:08+00:00","breadcrumb":{"@id":"https:\/\/www.distribucionarc.com\/sk\/producto\/pulverizador-de-pintura-sin-aire\/#breadcrumb"},"inLanguage":"it-IT","potentialAction":[{"@type":"ReadAction","target":["https:\/\/www.distribucionarc.com\/sk\/producto\/pulverizador-de-pintura-sin-aire\/"]}]},{"@type":"ImageObject","inLanguage":"it-IT","@id":"https:\/\/www.distribucionarc.com\/sk\/producto\/pulverizador-de-pintura-sin-aire\/#primaryimage","url":"https:\/\/distribucionarc.com\/wp-content\/uploads\/2020\/10\/Pulverizador-de-pintura-sin-aire-0.jpg","contentUrl":"https:\/\/distribucionarc.com\/wp-content\/uploads\/2020\/10\/Pulverizador-de-pintura-sin-aire-0.jpg","width":1001,"height":1001,"caption":"Pulverizador de pintura sin aire"},{"@type":"BreadcrumbList","@id":"https:\/\/www.distribucionarc.com\/sk\/producto\/pulverizador-de-pintura-sin-aire\/#breadcrumb","itemListElement":[{"@type":"ListItem","position":1,"name":"Portada","item":"https:\/\/www.distribucionarc.com\/en\/"},{"@type":"ListItem","position":2,"name":"Products","item":"https:\/\/www.distribucionarc.com\/en\/shop\/"},{"@type":"ListItem","position":3,"name":"Pulverizador de pintura sin aire"}]},{"@type":"WebSite","@id":"https:\/\/www.distribucionarc.com\/de\/#website","url":"https:\/\/www.distribucionarc.com\/de\/","name":"Distribuzione dell&#039;ARCO","description":"Azienda specializzata nella produzione e distribuzione di macchinari industriali, macchine sigillatrici di lattine, macchine per la produzione di compresse, macchine per il taglio della carne...","publisher":{"@id":"https:\/\/www.distribucionarc.com\/de\/#organization"},"potentialAction":[{"@type":"SearchAction","target":{"@type":"EntryPoint","urlTemplate":"https:\/\/www.distribucionarc.com\/de\/?s={search_term_string}"},"query-input":{"@type":"PropertyValueSpecification","valueRequired":true,"valueName":"search_term_string"}}],"inLanguage":"it-IT"},{"@type":"Organization","@id":"https:\/\/www.distribucionarc.com\/de\/#organization","name":"Distribuzione dell&#039;ARC","url":"https:\/\/www.distribucionarc.com\/de\/","logo":{"@type":"ImageObject","inLanguage":"it-IT","@id":"https:\/\/www.distribucionarc.com\/de\/#\/schema\/logo\/image\/","url":"https:\/\/distribucionarc.com\/wp-content\/uploads\/2024\/10\/distribucion-ARC-COLOR-SIN-FONDO-e1732295305345.png","contentUrl":"https:\/\/distribucionarc.com\/wp-content\/uploads\/2024\/10\/distribucion-ARC-COLOR-SIN-FONDO-e1732295305345.png","width":1164,"height":558,"caption":"Distribuci\u00f3n ARC"},"image":{"@id":"https:\/\/www.distribucionarc.com\/de\/#\/schema\/logo\/image\/"},"description":"Azienda specializzata nella produzione e distribuzione di macchinari industriali per il settore alimentare e farmaceutico. Siamo specializzati in: Macchine per il taglio della carne Produzione di compresse Sistemi di trasporto industriale Linee di imbottigliamento Dispenser E molto altro ancora... Offriamo soluzioni innovative e personalizzate per ottimizzare i processi produttivi della vostra azienda.","email":"Admistracion@distribucionarc.com","telephone":"+34 643496664","legalName":"ARC TECH SOLUTIONS","foundingDate":"2024-04-09","vatID":"B55480172","numberOfEmployees":{"@type":"QuantitativeValue","minValue":"1","maxValue":"10"}}]}},"_links":{"self":[{"href":"https:\/\/distribucionarc.com\/it\/wp-json\/wp\/v2\/product\/3443","targetHints":{"allow":["GET"]}}],"collection":[{"href":"https:\/\/distribucionarc.com\/it\/wp-json\/wp\/v2\/product"}],"about":[{"href":"https:\/\/distribucionarc.com\/it\/wp-json\/wp\/v2\/types\/product"}],"replies":[{"embeddable":true,"href":"https:\/\/distribucionarc.com\/it\/wp-json\/wp\/v2\/comments?post=3443"}],"version-history":[{"count":0,"href":"https:\/\/distribucionarc.com\/it\/wp-json\/wp\/v2\/product\/3443\/revisions"}],"wp:featuredmedia":[{"embeddable":true,"href":"https:\/\/distribucionarc.com\/it\/wp-json\/wp\/v2\/media\/3449"}],"wp:attachment":[{"href":"https:\/\/distribucionarc.com\/it\/wp-json\/wp\/v2\/media?parent=3443"}],"wp:term":[{"taxonomy":"product_brand","embeddable":true,"href":"https:\/\/distribucionarc.com\/it\/wp-json\/wp\/v2\/product_brand?post=3443"},{"taxonomy":"product_cat","embeddable":true,"href":"https:\/\/distribucionarc.com\/it\/wp-json\/wp\/v2\/product_cat?post=3443"},{"taxonomy":"product_tag","embeddable":true,"href":"https:\/\/distribucionarc.com\/it\/wp-json\/wp\/v2\/product_tag?post=3443"}],"curies":[{"name":"wp","href":"https:\/\/api.w.org\/{rel}","templated":true}]}}