{"id":3456,"date":"2020-10-02T15:43:08","date_gmt":"2020-10-02T15:43:08","guid":{"rendered":"https:\/\/distribucionarc.com\/?post_type=product&#038;p=3456"},"modified":"2020-10-08T15:05:18","modified_gmt":"2020-10-08T15:05:18","slug":"sistema-di-verniciatura-a-polvere-elettrostatica","status":"publish","type":"product","link":"https:\/\/distribucionarc.com\/it\/producto\/sistema-de-pintado-en-polvo-electrostatico\/","title":{"rendered":"Impianto di verniciatura a polvere elettrostatica"},"content":{"rendered":"<h3>Impianto di verniciatura a polvere elettrostatica<\/h3>\n<p>Questo <strong>macchina per verniciatura a polvere<span style=\"color: #ff0000;\"> A<\/span><span style=\"color: #0000ff;\">R<\/span>C<\/strong> Ha un volume ridotto, ma garantisce una grande usabilit\u00e0. Il design dell&#039;impugnatura riduce l&#039;affaticamento dell&#039;utente, la sua elevata resistenza all&#039;ispessimento previene notevolmente la manutenzione.<\/p>\n<p>La protezione del circuito consente di regolare il livello di tensione per garantire un effetto spray perfetto. A sua volta, il modulo ad alta tensione vicino all&#039;ugello pu\u00f2 essere modificato con una tensione superiore o inferiore per facilitare la manutenzione.<\/p>\n<p>Lui <strong>sistema di verniciatura elettrostatica<span style=\"color: #ff0000;\"> A<\/span><span style=\"color: #0000ff;\">R<\/span>CSPP40<\/strong> Ha due design del gas centrale per migliorare l&#039;effetto di scarico, in modo che l&#039;ago non sia pi\u00f9 polvere fluida guidata dall&#039;ago. Il flusso d&#039;aria nebulizzato migliora notevolmente la qualit\u00e0 del rivestimento. L&#039;uso di componenti pneumatici converte la pressione dell&#039;aria in una potenza inferiore per aumentare notevolmente la potenza di spruzzatura.<\/p>\n<h6><strong>Garanzia\u00a0<span style=\"color: #ff0000;\">A<\/span><span style=\"color: #0000ff;\">R<\/span>C 2 ANNI<\/strong><\/h6>\n<h6><span style=\"color: #008000;\">Macchina per verniciatura a polvere, basso consumo 30w<\/span><\/h6>\n<h6><strong>supporto tecnico incluso<\/strong><\/h6>\n<p>&nbsp;<\/p>\n<p>&nbsp;<\/p>\n<table role=\"presentation\" width=\"100%\" cellspacing=\"0\" cellpadding=\"0\">\n<tbody>\n<tr>\n<td class=\"attrLabels\">Temperatura:<\/td>\n<td width=\"50.0%\">Freddo: 5 \u2013 12 \u00baCH Caldo: 50 \u2013 58 \u00baC<\/td>\n<\/tr>\n<tr>\n<td class=\"attrLabels\">Paese di distribuzione:<\/td>\n<td width=\"50.0%\">Spagna, Germania, Stati Uniti<\/td>\n<td class=\"attrLabels\">Peso:<\/td>\n<td width=\"50.0%\">25,4 kg<\/td>\n<\/tr>\n<tr>\n<td class=\"attrLabels\">Marca:<\/td>\n<td width=\"50.0%\">ARCO<\/td>\n<td class=\"attrLabels\">Altezza:<\/td>\n<td width=\"50.0%\">60 centimetri<\/td>\n<\/tr>\n<tr>\n<td class=\"attrLabels\">Colore:<\/td>\n<td width=\"50.0%\">Argento, giallo<\/td>\n<td class=\"attrLabels\">Lungo:<\/td>\n<td width=\"50.0%\">48 centimetri<\/td>\n<\/tr>\n<tr>\n<td class=\"attrLabels\">Tipo di prodotto:<\/td>\n<td width=\"50.0%\">Sistema di verniciatura elettrostatica<\/td>\n<td class=\"attrLabels\">Ampio:<\/td>\n<td width=\"50.0%\">\u00a048 centimetri<\/td>\n<\/tr>\n<tr>\n<td class=\"attrLabels\">Numero del produttore:<\/td>\n<td width=\"50.0%\">ARCSPP40<\/td>\n<td class=\"attrLabels\">Energia:<\/td>\n<td width=\"50.0%\">30W<\/td>\n<\/tr>\n<tr>\n<td class=\"attrLabels\">Materiale:<\/td>\n<td width=\"50.0%\">acciaio inossidabile<\/td>\n<td class=\"attrLabels\">tensione di ingresso<\/td>\n<td width=\"50.0%\">220 V \u2013 50\/60 Hz<\/td>\n<\/tr>\n<tr>\n<td class=\"attrLabels\">Garanzia:<\/td>\n<td width=\"50.0%\">2 ANNI<\/td>\n<td class=\"attrLabels\">Peso della canna:<\/td>\n<td width=\"50.0%\">480 g<\/td>\n<\/tr>\n<tr>\n<td class=\"attrLabels\">Strumenti di installazione:<\/td>\n<td width=\"50.0%\">S\u00ec<\/td>\n<td class=\"attrLabels\">Capacit\u00e0 della tramoggia:<\/td>\n<td width=\"50.0%\">40 litri<\/td>\n<\/tr>\n<\/tbody>\n<\/table>","protected":false},"excerpt":{"rendered":"<h2>Impianto di verniciatura a polvere elettrostatica<\/h2>\n<p>Questo <strong>macchina per verniciatura a polvere elettrostatica<\/strong> \u00e8 un processo di finitura a secco, che utilizza particelle finemente macinate di pigmento e resina che vengono solitamente caricate elettrostaticamente e spruzzate su parti collegate elettricamente a terra. Le particelle di polvere caricate aderiscono alle parti e rimangono l\u00ec finch\u00e9 non si sciolgono e si fondono in un rivestimento liscio in un forno di polimerizzazione.<\/p>\n<h6><strong>Garanzia\u00a0<span style=\"color: #ff0000;\">A<\/span><span style=\"color: #0000ff;\">R<\/span>C 2 ANNI<\/strong><\/h6>\n<h6><span style=\"color: #008000;\">Macchina per verniciatura a polvere, basso consumo 30w<\/span><\/h6>\n<h6><strong>supporto tecnico incluso<\/strong><\/h6>","protected":false},"featured_media":3464,"comment_status":"open","ping_status":"closed","template":"","meta":{"wds_primary_product_brand":0,"wds_primary_product_cat":0},"product_brand":[],"product_cat":[71,69],"product_tag":[],"class_list":{"0":"post-3456","1":"product","2":"type-product","3":"status-publish","4":"has-post-thumbnail","6":"product_cat-maquinas-para-pintar","7":"product_cat-maquinas-variadas","8":"product_shipping_class-express","10":"first","11":"instock","12":"sale","13":"taxable","14":"shipping-taxable","15":"purchasable","16":"product-type-simple"},"yoast_head":"<!-- This site is optimized with the Yoast SEO Premium plugin v24.9 (Yoast SEO v26.1) - https:\/\/yoast.com\/wordpress\/plugins\/seo\/ -->\n<title>Sistema de pintado en polvo electrost\u00e1tico - distribuci\u00f3n ARC<\/title>\n<meta name=\"robots\" content=\"index, follow, max-snippet:-1, max-image-preview:large, max-video-preview:-1\" \/>\n<link rel=\"canonical\" href=\"https:\/\/www.distribucionarc.com\/fr\/producto\/sistema-de-pintado-en-polvo-electrostatico\/\" \/>\n<meta property=\"og:locale\" content=\"it_IT\" \/>\n<meta property=\"og:type\" content=\"article\" \/>\n<meta property=\"og:title\" content=\"Sistema de pintado en polvo electrost\u00e1tico\" \/>\n<meta property=\"og:description\" content=\"Sistema de pintado en polvo electrost\u00e1tico Esta m\u00e1quina de recubrimiento en polvo electrost\u00e1tico es un proceso de acabado en seco, que utiliza part\u00edculas finamente molidas de pigmento y resina que generalmente se cargan electrost\u00e1ticamente y se pulverizan sobre piezas el\u00e9ctricamente puestas a tierra. Las part\u00edculas de polvo cargadas se adhieren a las piezas y se mantienen all\u00ed hasta que se derriten y se fusionan en un recubrimiento liso en un horno de curado. Garant\u00eda\u00a0ARC 2 A\u00d1OS M\u00e1quina de recubrimiento en polvo, bajo consumo 30w soporte t\u00e9cnico incluido\" \/>\n<meta property=\"og:url\" content=\"https:\/\/www.distribucionarc.com\/fr\/producto\/sistema-de-pintado-en-polvo-electrostatico\/\" \/>\n<meta property=\"og:site_name\" content=\"distribuci\u00f3n ARC\" \/>\n<meta property=\"article:modified_time\" content=\"2020-10-08T15:05:18+00:00\" \/>\n<meta property=\"og:image\" content=\"https:\/\/distribucionarc.com\/wp-content\/uploads\/2020\/10\/Sistema-de-pintado-en-polvo-electrost\u00e1tico-0.jpg\" \/>\n\t<meta property=\"og:image:width\" content=\"1001\" \/>\n\t<meta property=\"og:image:height\" content=\"1001\" \/>\n\t<meta property=\"og:image:type\" content=\"image\/jpeg\" \/>\n<meta name=\"twitter:card\" content=\"summary_large_image\" \/>\n<meta name=\"twitter:label1\" content=\"Tempo di lettura stimato\" \/>\n\t<meta name=\"twitter:data1\" content=\"1 minuto\" \/>\n<script type=\"application\/ld+json\" class=\"yoast-schema-graph\">{\"@context\":\"https:\/\/schema.org\",\"@graph\":[{\"@type\":\"WebPage\",\"@id\":\"https:\/\/www.distribucionarc.com\/fr\/producto\/sistema-de-pintado-en-polvo-electrostatico\/\",\"url\":\"https:\/\/www.distribucionarc.com\/fr\/producto\/sistema-de-pintado-en-polvo-electrostatico\/\",\"name\":\"Sistema de pintado en polvo electrost\u00e1tico - distribuci\u00f3n ARC\",\"isPartOf\":{\"@id\":\"https:\/\/distribucionarc.com\/bg\/#website\"},\"primaryImageOfPage\":{\"@id\":\"https:\/\/www.distribucionarc.com\/fr\/producto\/sistema-de-pintado-en-polvo-electrostatico\/#primaryimage\"},\"image\":{\"@id\":\"https:\/\/www.distribucionarc.com\/fr\/producto\/sistema-de-pintado-en-polvo-electrostatico\/#primaryimage\"},\"thumbnailUrl\":\"https:\/\/distribucionarc.com\/wp-content\/uploads\/2020\/10\/Sistema-de-pintado-en-polvo-electrost\u00e1tico-0.jpg\",\"datePublished\":\"2020-10-02T15:43:08+00:00\",\"dateModified\":\"2020-10-08T15:05:18+00:00\",\"breadcrumb\":{\"@id\":\"https:\/\/www.distribucionarc.com\/fr\/producto\/sistema-de-pintado-en-polvo-electrostatico\/#breadcrumb\"},\"inLanguage\":\"it-IT\",\"potentialAction\":[{\"@type\":\"ReadAction\",\"target\":[\"https:\/\/www.distribucionarc.com\/fr\/producto\/sistema-de-pintado-en-polvo-electrostatico\/\"]}]},{\"@type\":\"ImageObject\",\"inLanguage\":\"it-IT\",\"@id\":\"https:\/\/www.distribucionarc.com\/fr\/producto\/sistema-de-pintado-en-polvo-electrostatico\/#primaryimage\",\"url\":\"https:\/\/distribucionarc.com\/wp-content\/uploads\/2020\/10\/Sistema-de-pintado-en-polvo-electrost\u00e1tico-0.jpg\",\"contentUrl\":\"https:\/\/distribucionarc.com\/wp-content\/uploads\/2020\/10\/Sistema-de-pintado-en-polvo-electrost\u00e1tico-0.jpg\",\"width\":1001,\"height\":1001,\"caption\":\"Sistema de pintado en polvo electrost\u00e1tico\"},{\"@type\":\"BreadcrumbList\",\"@id\":\"https:\/\/www.distribucionarc.com\/fr\/producto\/sistema-de-pintado-en-polvo-electrostatico\/#breadcrumb\",\"itemListElement\":[{\"@type\":\"ListItem\",\"position\":1,\"name\":\"Portada\",\"item\":\"https:\/\/distribucionarc.com\/nb\/\"},{\"@type\":\"ListItem\",\"position\":2,\"name\":\"Products\",\"item\":\"https:\/\/www.distribucionarc.com\/en\/shop\/\"},{\"@type\":\"ListItem\",\"position\":3,\"name\":\"Sistema de pintado en polvo electrost\u00e1tico\"}]},{\"@type\":\"WebSite\",\"@id\":\"https:\/\/distribucionarc.com\/bg\/#website\",\"url\":\"https:\/\/distribucionarc.com\/bg\/\",\"name\":\"distribuci\u00f3n ARC\",\"description\":\"Empresa especializada en la fabricaci\u00f3n y distribuci\u00f3n de maquinaria industrial, selladoras de latas, Maquinas de hacer pastillas, Maquinas de cortar carne...\",\"publisher\":{\"@id\":\"https:\/\/distribucionarc.com\/bg\/#organization\"},\"potentialAction\":[{\"@type\":\"SearchAction\",\"target\":{\"@type\":\"EntryPoint\",\"urlTemplate\":\"https:\/\/distribucionarc.com\/bg\/?s={search_term_string}\"},\"query-input\":{\"@type\":\"PropertyValueSpecification\",\"valueRequired\":true,\"valueName\":\"search_term_string\"}}],\"inLanguage\":\"it-IT\"},{\"@type\":\"Organization\",\"@id\":\"https:\/\/distribucionarc.com\/bg\/#organization\",\"name\":\"Distribuci\u00f3n ARC\",\"url\":\"https:\/\/distribucionarc.com\/bg\/\",\"logo\":{\"@type\":\"ImageObject\",\"inLanguage\":\"it-IT\",\"@id\":\"https:\/\/distribucionarc.com\/bg\/#\/schema\/logo\/image\/\",\"url\":\"https:\/\/distribucionarc.com\/wp-content\/uploads\/2024\/10\/distribucion-ARC-COLOR-SIN-FONDO-e1732295305345.png\",\"contentUrl\":\"https:\/\/distribucionarc.com\/wp-content\/uploads\/2024\/10\/distribucion-ARC-COLOR-SIN-FONDO-e1732295305345.png\",\"width\":1164,\"height\":558,\"caption\":\"Distribuci\u00f3n ARC\"},\"image\":{\"@id\":\"https:\/\/distribucionarc.com\/bg\/#\/schema\/logo\/image\/\"},\"description\":\"Empresa especializada en la fabricaci\u00f3n y distribuci\u00f3n de maquinaria industrial para los sectores alimentario y farmac\u00e9utico. Nos especializamos en: M\u00e1quinas de cortar carne Fabricaci\u00f3n de comprimidos Sistemas de transporte industrial L\u00edneas de embotellado Dosificadores Y mucho m\u00e1s... Ofrecemos soluciones innovadoras y personalizadas para optimizar los procesos productivos de tu empresa.\",\"email\":\"Admistracion@distribucionarc.com\",\"telephone\":\"+34 643496664\",\"legalName\":\"ARC TECH SOLUTIONS\",\"foundingDate\":\"2024-04-09\",\"vatID\":\"B55480172\",\"numberOfEmployees\":{\"@type\":\"QuantitativeValue\",\"minValue\":\"1\",\"maxValue\":\"10\"}}]}<\/script>\n<!-- \/ Yoast SEO Premium plugin. -->","yoast_head_json":{"title":"Impianto di verniciatura elettrostatica a polveri - distribuzione ARC","robots":{"index":"index","follow":"follow","max-snippet":"max-snippet:-1","max-image-preview":"max-image-preview:large","max-video-preview":"max-video-preview:-1"},"canonical":"https:\/\/www.distribucionarc.com\/fr\/producto\/sistema-de-pintado-en-polvo-electrostatico\/","og_locale":"it_IT","og_type":"article","og_title":"Sistema de pintado en polvo electrost\u00e1tico","og_description":"Sistema de pintado en polvo electrost\u00e1tico Esta m\u00e1quina de recubrimiento en polvo electrost\u00e1tico es un proceso de acabado en seco, que utiliza part\u00edculas finamente molidas de pigmento y resina que generalmente se cargan electrost\u00e1ticamente y se pulverizan sobre piezas el\u00e9ctricamente puestas a tierra. Las part\u00edculas de polvo cargadas se adhieren a las piezas y se mantienen all\u00ed hasta que se derriten y se fusionan en un recubrimiento liso en un horno de curado. Garant\u00eda\u00a0ARC 2 A\u00d1OS M\u00e1quina de recubrimiento en polvo, bajo consumo 30w soporte t\u00e9cnico incluido","og_url":"https:\/\/www.distribucionarc.com\/fr\/producto\/sistema-de-pintado-en-polvo-electrostatico\/","og_site_name":"distribuci\u00f3n ARC","article_modified_time":"2020-10-08T15:05:18+00:00","og_image":[{"width":1001,"height":1001,"url":"https:\/\/distribucionarc.com\/wp-content\/uploads\/2020\/10\/Sistema-de-pintado-en-polvo-electrost\u00e1tico-0.jpg","type":"image\/jpeg"}],"twitter_card":"summary_large_image","twitter_misc":{"Tempo di lettura stimato":"1 minuto"},"schema":{"@context":"https:\/\/schema.org","@graph":[{"@type":"WebPage","@id":"https:\/\/www.distribucionarc.com\/fr\/producto\/sistema-de-pintado-en-polvo-electrostatico\/","url":"https:\/\/www.distribucionarc.com\/fr\/producto\/sistema-de-pintado-en-polvo-electrostatico\/","name":"Impianto di verniciatura elettrostatica a polveri - distribuzione ARC","isPartOf":{"@id":"https:\/\/distribucionarc.com\/bg\/#website"},"primaryImageOfPage":{"@id":"https:\/\/www.distribucionarc.com\/fr\/producto\/sistema-de-pintado-en-polvo-electrostatico\/#primaryimage"},"image":{"@id":"https:\/\/www.distribucionarc.com\/fr\/producto\/sistema-de-pintado-en-polvo-electrostatico\/#primaryimage"},"thumbnailUrl":"https:\/\/distribucionarc.com\/wp-content\/uploads\/2020\/10\/Sistema-de-pintado-en-polvo-electrost\u00e1tico-0.jpg","datePublished":"2020-10-02T15:43:08+00:00","dateModified":"2020-10-08T15:05:18+00:00","breadcrumb":{"@id":"https:\/\/www.distribucionarc.com\/fr\/producto\/sistema-de-pintado-en-polvo-electrostatico\/#breadcrumb"},"inLanguage":"it-IT","potentialAction":[{"@type":"ReadAction","target":["https:\/\/www.distribucionarc.com\/fr\/producto\/sistema-de-pintado-en-polvo-electrostatico\/"]}]},{"@type":"ImageObject","inLanguage":"it-IT","@id":"https:\/\/www.distribucionarc.com\/fr\/producto\/sistema-de-pintado-en-polvo-electrostatico\/#primaryimage","url":"https:\/\/distribucionarc.com\/wp-content\/uploads\/2020\/10\/Sistema-de-pintado-en-polvo-electrost\u00e1tico-0.jpg","contentUrl":"https:\/\/distribucionarc.com\/wp-content\/uploads\/2020\/10\/Sistema-de-pintado-en-polvo-electrost\u00e1tico-0.jpg","width":1001,"height":1001,"caption":"Sistema de pintado en polvo electrost\u00e1tico"},{"@type":"BreadcrumbList","@id":"https:\/\/www.distribucionarc.com\/fr\/producto\/sistema-de-pintado-en-polvo-electrostatico\/#breadcrumb","itemListElement":[{"@type":"ListItem","position":1,"name":"Portada","item":"https:\/\/distribucionarc.com\/nb\/"},{"@type":"ListItem","position":2,"name":"Products","item":"https:\/\/www.distribucionarc.com\/en\/shop\/"},{"@type":"ListItem","position":3,"name":"Sistema de pintado en polvo electrost\u00e1tico"}]},{"@type":"WebSite","@id":"https:\/\/distribucionarc.com\/bg\/#website","url":"https:\/\/distribucionarc.com\/bg\/","name":"Distribuzione dell&#039;ARCO","description":"Azienda specializzata nella produzione e distribuzione di macchinari industriali, macchine sigillatrici di lattine, macchine per la produzione di compresse, macchine per il taglio della carne...","publisher":{"@id":"https:\/\/distribucionarc.com\/bg\/#organization"},"potentialAction":[{"@type":"SearchAction","target":{"@type":"EntryPoint","urlTemplate":"https:\/\/distribucionarc.com\/bg\/?s={search_term_string}"},"query-input":{"@type":"PropertyValueSpecification","valueRequired":true,"valueName":"search_term_string"}}],"inLanguage":"it-IT"},{"@type":"Organization","@id":"https:\/\/distribucionarc.com\/bg\/#organization","name":"Distribuzione dell&#039;ARC","url":"https:\/\/distribucionarc.com\/bg\/","logo":{"@type":"ImageObject","inLanguage":"it-IT","@id":"https:\/\/distribucionarc.com\/bg\/#\/schema\/logo\/image\/","url":"https:\/\/distribucionarc.com\/wp-content\/uploads\/2024\/10\/distribucion-ARC-COLOR-SIN-FONDO-e1732295305345.png","contentUrl":"https:\/\/distribucionarc.com\/wp-content\/uploads\/2024\/10\/distribucion-ARC-COLOR-SIN-FONDO-e1732295305345.png","width":1164,"height":558,"caption":"Distribuci\u00f3n ARC"},"image":{"@id":"https:\/\/distribucionarc.com\/bg\/#\/schema\/logo\/image\/"},"description":"Azienda specializzata nella produzione e distribuzione di macchinari industriali per il settore alimentare e farmaceutico. Siamo specializzati in: Macchine per il taglio della carne Produzione di compresse Sistemi di trasporto industriale Linee di imbottigliamento Dispenser E molto altro ancora... Offriamo soluzioni innovative e personalizzate per ottimizzare i processi produttivi della vostra azienda.","email":"Admistracion@distribucionarc.com","telephone":"+34 643496664","legalName":"ARC TECH SOLUTIONS","foundingDate":"2024-04-09","vatID":"B55480172","numberOfEmployees":{"@type":"QuantitativeValue","minValue":"1","maxValue":"10"}}]}},"_links":{"self":[{"href":"https:\/\/distribucionarc.com\/it\/wp-json\/wp\/v2\/product\/3456","targetHints":{"allow":["GET"]}}],"collection":[{"href":"https:\/\/distribucionarc.com\/it\/wp-json\/wp\/v2\/product"}],"about":[{"href":"https:\/\/distribucionarc.com\/it\/wp-json\/wp\/v2\/types\/product"}],"replies":[{"embeddable":true,"href":"https:\/\/distribucionarc.com\/it\/wp-json\/wp\/v2\/comments?post=3456"}],"version-history":[{"count":0,"href":"https:\/\/distribucionarc.com\/it\/wp-json\/wp\/v2\/product\/3456\/revisions"}],"wp:featuredmedia":[{"embeddable":true,"href":"https:\/\/distribucionarc.com\/it\/wp-json\/wp\/v2\/media\/3464"}],"wp:attachment":[{"href":"https:\/\/distribucionarc.com\/it\/wp-json\/wp\/v2\/media?parent=3456"}],"wp:term":[{"taxonomy":"product_brand","embeddable":true,"href":"https:\/\/distribucionarc.com\/it\/wp-json\/wp\/v2\/product_brand?post=3456"},{"taxonomy":"product_cat","embeddable":true,"href":"https:\/\/distribucionarc.com\/it\/wp-json\/wp\/v2\/product_cat?post=3456"},{"taxonomy":"product_tag","embeddable":true,"href":"https:\/\/distribucionarc.com\/it\/wp-json\/wp\/v2\/product_tag?post=3456"}],"curies":[{"name":"wp","href":"https:\/\/api.w.org\/{rel}","templated":true}]}}