{"id":3541,"date":"2020-10-05T09:06:24","date_gmt":"2020-10-05T09:06:24","guid":{"rendered":"https:\/\/distribucionarc.com\/?post_type=product&#038;p=3541"},"modified":"2020-10-05T09:20:34","modified_gmt":"2020-10-05T09:20:34","slug":"termopressa-tessile-5","status":"publish","type":"product","link":"https:\/\/distribucionarc.com\/it\/producto\/prensa-termica-textil-5\/","title":{"rendered":"Pressa termica tessile 5"},"content":{"rendered":"<h3>Piastra per sublimazione termopressa 38 x 38 cm<\/h3>\n<p>Questo <strong>macchina da stampa tessile<\/strong> Dispone di una piastra riscaldante da 38 x 38 cm che fornisce un&#039;ampia superficie di stampa. La piastra rivestita in teflon non \u00e8 adesiva, impedisce ai vinili di bruciarsi e non necessita di una pellicola di silicone separata per evitare che si attacchino alla macchina. IL <strong>macchina per sublimazione <span style=\"color: #ff0000;\">A<\/span><span style=\"color: #0000ff;\">R<\/span>C<\/strong> \u00c8 <strong>5 in 1<\/strong> Con vari accessori, tra cui: pressa a rullo, pressa per cappelli, pressa per tazze e due presse per piastre, consente di trasferire motivi su magliette, berretti, tazze, piatti e altri oggetti con superficie liscia.<\/p>\n<p>Dotato di un preciso timer LCD digitale e di un regolatore di temperatura, imposta e regola il ferro da stiro in base alle tue esigenze. \u00c8 dotato di un allarme acustico intelligente che suona appena in tempo per farti sapere quando la stampa \u00e8 terminata. La rotazione completa di 360 gradi del braccio girevole consente all&#039;elemento riscaldante di spostarsi in sicurezza dove si desidera, per garantire la sicurezza dell&#039;utente del<strong> pressa di calore <span style=\"color: #ff0000;\">A<\/span><span style=\"color: #0000ff;\">R<\/span>CPTT5<\/strong> ed evitare contatti accidentali. La maniglia esercita una pressione di chiusura attraverso un sistema di molle e piastre di pressione, in modo che il peso possa essere distribuito in modo pi\u00f9 uniforme su tutta la piastra riscaldante durante la chiusura.<\/p>\n<h6><strong>Garanzia\u00a0<span style=\"color: #ff0000;\">A<\/span><span style=\"color: #0000ff;\">R<\/span>C 2 ANNI<\/strong><\/h6>\n<h6><span style=\"color: #008000;\">Pressa a caldo efficiente, basso consumo 1000w<\/span><\/h6>\n<h6><strong>supporto tecnico incluso<\/strong><\/h6>\n<p>&nbsp;<\/p>\n<table role=\"presentation\" width=\"100%\" cellspacing=\"0\" cellpadding=\"0\">\n<tbody>\n<tr>\n<td class=\"attrLabels\">Marca:<\/td>\n<td width=\"50.0%\">ARCO<\/td>\n<\/tr>\n<tr>\n<td class=\"attrLabels\">Paese di distribuzione:<\/td>\n<td width=\"50.0%\">Spagna, Germania, Stati Uniti<\/td>\n<td class=\"attrLabels\">Peso:<\/td>\n<td width=\"50.0%\">27,2 kg<\/td>\n<\/tr>\n<tr>\n<td class=\"attrLabels\">Colore:<\/td>\n<td width=\"50.0%\">Nero<\/td>\n<td class=\"attrLabels\">Altezza:<\/td>\n<td width=\"50.0%\">38 cm<\/td>\n<\/tr>\n<tr>\n<td class=\"attrLabels\">Tipo di prodotto:<\/td>\n<td width=\"50.0%\">Pressa termoadesiva<\/td>\n<td class=\"attrLabels\">Lungo:<\/td>\n<td width=\"50.0%\">38,5 cm<\/td>\n<\/tr>\n<tr>\n<td class=\"attrLabels\">Numero del produttore:<\/td>\n<td width=\"50.0%\">ARCPTT5<\/td>\n<td class=\"attrLabels\">Ampio:<\/td>\n<td width=\"50.0%\">\u00a038,5 cm<\/td>\n<\/tr>\n<tr>\n<td class=\"attrLabels\">Materiale:<\/td>\n<td width=\"50.0%\">Pressa con piano rivestito in teflon, display digitale, regolatore di tempo e temperatura, LED<\/td>\n<td class=\"attrLabels\">Intervallo di temperatura:<\/td>\n<td width=\"50.0%\">0 \u2013 250\u00baC<\/td>\n<\/tr>\n<tr>\n<td class=\"attrLabels\">Strumenti di installazione:<\/td>\n<td width=\"50.0%\">S\u00ec<\/td>\n<td class=\"attrLabels\">Dimensioni del ferro termico:<\/td>\n<td width=\"50.0%\">38x38 cm<\/td>\n<\/tr>\n<tr>\n<td class=\"attrLabels\">Voltaggio in ingresso:<\/td>\n<td width=\"50.0%\">220V \u2013 60\/50Hz<\/td>\n<td class=\"attrLabels\">Presse:<\/td>\n<td width=\"50.0%\">Tappi 15 x 8 cm Piatto-1 12,7 cm diametro<\/p>\n<p>Tazze 7,6 x 8,9 cm Piatto-2 15 cm diametro<\/td>\n<\/tr>\n<tr>\n<td class=\"attrLabels\">Energia:<\/td>\n<td width=\"50.0%\">1000W<\/td>\n<td class=\"attrLabels\">Altezza regolabile:<\/td>\n<td width=\"50.0%\">35 \u2013 43 centimetri<\/td>\n<\/tr>\n<\/tbody>\n<\/table>","protected":false},"excerpt":{"rendered":"<h2>Piatto per sublimazione della pressa termica 38 x 38 cm<\/h2>\n<p>Questo <strong>Pressa tessile 5 in 1 <span style=\"color: #ff0000;\">A<\/span><span style=\"color: #0000ff;\">R<\/span>C<\/strong> ha un <strong>Piastra riscaldante 38 x 38 cm<\/strong> Rivestito in teflon. \u00c8 dotato di una selezione completa di serpentine di riscaldamento per garantire una superficie uniforme. Il design rotativo oscillante della pressa di calore offre tutti gli accessori indispensabili. Pu\u00f2 essere utilizzato per magliette, berretti, piatti in ceramica, piastrelle, tazze, sottobicchieri, tappetini per il mouse, puzzle e altri tessuti o materiali diversi.<\/p>\n<h6><strong>Garanzia\u00a0<span style=\"color: #ff0000;\">A<\/span><span style=\"color: #0000ff;\">R<\/span>C 2 ANNI<\/strong><\/h6>\n<h6><span style=\"color: #008000;\">Pressa a caldo efficiente, basso consumo 1000w<\/span><\/h6>\n<h6><strong>supporto tecnico incluso<\/strong><\/h6>","protected":false},"featured_media":3548,"comment_status":"open","ping_status":"closed","template":"","meta":{"wds_primary_product_brand":0,"wds_primary_product_cat":0},"product_brand":[],"product_cat":[69],"product_tag":[],"class_list":{"0":"post-3541","1":"product","2":"type-product","3":"status-publish","4":"has-post-thumbnail","6":"product_cat-maquinas-variadas","7":"product_shipping_class-hosteleria","9":"first","10":"instock","11":"sale","12":"taxable","13":"shipping-taxable","14":"purchasable","15":"product-type-simple"},"yoast_head":"<!-- This site is optimized with the Yoast SEO Premium plugin v24.9 (Yoast SEO v26.1) - https:\/\/yoast.com\/wordpress\/plugins\/seo\/ -->\n<title>Prensa t\u00e9rmica textil 5 - distribuci\u00f3n ARC<\/title>\n<meta name=\"robots\" content=\"index, follow, max-snippet:-1, max-image-preview:large, max-video-preview:-1\" \/>\n<link rel=\"canonical\" href=\"https:\/\/distribucionarc.com\/it\/prodotto\/termopressa-tessile-5\/\" \/>\n<meta property=\"og:locale\" content=\"it_IT\" \/>\n<meta property=\"og:type\" content=\"article\" \/>\n<meta property=\"og:title\" content=\"Prensa t\u00e9rmica textil 5\" \/>\n<meta property=\"og:description\" content=\"Prensa termica plancha de sublimaci\u00f3n 38 x 38 cm Esta prensa textil 5 en 1 ARC cuenta con una placa de calentamiento de 38 x 38 cm recubierta de tefl\u00f3n. Cuenta con una selecci\u00f3n completa de bobinas de calentamiento para garantizar una superficie uniforme. El dise\u00f1o giratorio de oscilaci\u00f3n de la m\u00e1quina de prensado en caliente ofrece todos los accesorios indispensables. Se puede utilizar para camisetas, gorras, placas de cer\u00e1mica, azulejos, tazas, posavasos, almohadillas de rat\u00f3n, rompecabezas y otros tejidos o diferentes materiales. Garant\u00eda\u00a0ARC 2 A\u00d1OS Prensa t\u00e9rmica eficiente, bajo consumo 1000w soporte t\u00e9cnico\u00a0incluido\" \/>\n<meta property=\"og:url\" content=\"https:\/\/distribucionarc.com\/it\/prodotto\/termopressa-tessile-5\/\" \/>\n<meta property=\"og:site_name\" content=\"distribuci\u00f3n ARC\" \/>\n<meta property=\"article:modified_time\" content=\"2020-10-05T09:20:34+00:00\" \/>\n<meta property=\"og:image\" content=\"https:\/\/distribucionarc.com\/wp-content\/uploads\/2020\/10\/Prensa-t\u00e9rmica-textil-5-0.jpg\" \/>\n\t<meta property=\"og:image:width\" content=\"1500\" \/>\n\t<meta property=\"og:image:height\" content=\"1500\" \/>\n\t<meta property=\"og:image:type\" content=\"image\/jpeg\" \/>\n<meta name=\"twitter:card\" content=\"summary_large_image\" \/>\n<meta name=\"twitter:label1\" content=\"Tempo di lettura stimato\" \/>\n\t<meta name=\"twitter:data1\" content=\"2 minuti\" \/>\n<script type=\"application\/ld+json\" class=\"yoast-schema-graph\">{\"@context\":\"https:\/\/schema.org\",\"@graph\":[{\"@type\":\"WebPage\",\"@id\":\"https:\/\/distribucionarc.com\/fr\/producto\/prensa-termica-textil-5\/\",\"url\":\"https:\/\/distribucionarc.com\/fr\/producto\/prensa-termica-textil-5\/\",\"name\":\"Prensa t\u00e9rmica textil 5 - distribuci\u00f3n ARC\",\"isPartOf\":{\"@id\":\"https:\/\/distribucionarc.com\/de\/#website\"},\"primaryImageOfPage\":{\"@id\":\"https:\/\/distribucionarc.com\/fr\/producto\/prensa-termica-textil-5\/#primaryimage\"},\"image\":{\"@id\":\"https:\/\/distribucionarc.com\/fr\/producto\/prensa-termica-textil-5\/#primaryimage\"},\"thumbnailUrl\":\"https:\/\/distribucionarc.com\/wp-content\/uploads\/2020\/10\/Prensa-t\u00e9rmica-textil-5-0.jpg\",\"datePublished\":\"2020-10-05T09:06:24+00:00\",\"dateModified\":\"2020-10-05T09:20:34+00:00\",\"breadcrumb\":{\"@id\":\"https:\/\/distribucionarc.com\/fr\/producto\/prensa-termica-textil-5\/#breadcrumb\"},\"inLanguage\":\"it-IT\",\"potentialAction\":[{\"@type\":\"ReadAction\",\"target\":[\"https:\/\/distribucionarc.com\/fr\/producto\/prensa-termica-textil-5\/\"]}]},{\"@type\":\"ImageObject\",\"inLanguage\":\"it-IT\",\"@id\":\"https:\/\/distribucionarc.com\/fr\/producto\/prensa-termica-textil-5\/#primaryimage\",\"url\":\"https:\/\/distribucionarc.com\/wp-content\/uploads\/2020\/10\/Prensa-t\u00e9rmica-textil-5-0.jpg\",\"contentUrl\":\"https:\/\/distribucionarc.com\/wp-content\/uploads\/2020\/10\/Prensa-t\u00e9rmica-textil-5-0.jpg\",\"width\":1500,\"height\":1500,\"caption\":\"Prensa t\u00e9rmica textil 5\"},{\"@type\":\"BreadcrumbList\",\"@id\":\"https:\/\/distribucionarc.com\/fr\/producto\/prensa-termica-textil-5\/#breadcrumb\",\"itemListElement\":[{\"@type\":\"ListItem\",\"position\":1,\"name\":\"Portada\",\"item\":\"https:\/\/distribucionarc.com\/pl\/\"},{\"@type\":\"ListItem\",\"position\":2,\"name\":\"Produkty\",\"item\":\"https:\/\/distribucionarc.com\/pl\/shop\/\"},{\"@type\":\"ListItem\",\"position\":3,\"name\":\"Prensa t\u00e9rmica textil 5\"}]},{\"@type\":\"WebSite\",\"@id\":\"https:\/\/distribucionarc.com\/de\/#website\",\"url\":\"https:\/\/distribucionarc.com\/de\/\",\"name\":\"distribuci\u00f3n ARC\",\"description\":\"Empresa especializada en la fabricaci\u00f3n y distribuci\u00f3n de maquinaria industrial, selladoras de latas, Maquinas de hacer pastillas, Maquinas de cortar carne...\",\"publisher\":{\"@id\":\"https:\/\/distribucionarc.com\/de\/#organization\"},\"potentialAction\":[{\"@type\":\"SearchAction\",\"target\":{\"@type\":\"EntryPoint\",\"urlTemplate\":\"https:\/\/distribucionarc.com\/de\/?s={search_term_string}\"},\"query-input\":{\"@type\":\"PropertyValueSpecification\",\"valueRequired\":true,\"valueName\":\"search_term_string\"}}],\"inLanguage\":\"it-IT\"},{\"@type\":\"Organization\",\"@id\":\"https:\/\/distribucionarc.com\/de\/#organization\",\"name\":\"Distribuci\u00f3n ARC\",\"url\":\"https:\/\/distribucionarc.com\/de\/\",\"logo\":{\"@type\":\"ImageObject\",\"inLanguage\":\"it-IT\",\"@id\":\"https:\/\/distribucionarc.com\/de\/#\/schema\/logo\/image\/\",\"url\":\"https:\/\/distribucionarc.com\/wp-content\/uploads\/2024\/10\/distribucion-ARC-COLOR-SIN-FONDO-e1732295305345.png\",\"contentUrl\":\"https:\/\/distribucionarc.com\/wp-content\/uploads\/2024\/10\/distribucion-ARC-COLOR-SIN-FONDO-e1732295305345.png\",\"width\":1164,\"height\":558,\"caption\":\"Distribuci\u00f3n ARC\"},\"image\":{\"@id\":\"https:\/\/distribucionarc.com\/de\/#\/schema\/logo\/image\/\"},\"description\":\"Empresa especializada en la fabricaci\u00f3n y distribuci\u00f3n de maquinaria industrial para los sectores alimentario y farmac\u00e9utico. Nos especializamos en: M\u00e1quinas de cortar carne Fabricaci\u00f3n de comprimidos Sistemas de transporte industrial L\u00edneas de embotellado Dosificadores Y mucho m\u00e1s... Ofrecemos soluciones innovadoras y personalizadas para optimizar los procesos productivos de tu empresa.\",\"email\":\"Admistracion@distribucionarc.com\",\"telephone\":\"+34 643496664\",\"legalName\":\"ARC TECH SOLUTIONS\",\"foundingDate\":\"2024-04-09\",\"vatID\":\"B55480172\",\"numberOfEmployees\":{\"@type\":\"QuantitativeValue\",\"minValue\":\"1\",\"maxValue\":\"10\"}}]}<\/script>\n<!-- \/ Yoast SEO Premium plugin. -->","yoast_head_json":{"title":"Pressa termica tessile 5 - Distribuzione ARC","robots":{"index":"index","follow":"follow","max-snippet":"max-snippet:-1","max-image-preview":"max-image-preview:large","max-video-preview":"max-video-preview:-1"},"canonical":"https:\/\/distribucionarc.com\/it\/prodotto\/termopressa-tessile-5\/","og_locale":"it_IT","og_type":"article","og_title":"Prensa t\u00e9rmica textil 5","og_description":"Prensa termica plancha de sublimaci\u00f3n 38 x 38 cm Esta prensa textil 5 en 1 ARC cuenta con una placa de calentamiento de 38 x 38 cm recubierta de tefl\u00f3n. Cuenta con una selecci\u00f3n completa de bobinas de calentamiento para garantizar una superficie uniforme. El dise\u00f1o giratorio de oscilaci\u00f3n de la m\u00e1quina de prensado en caliente ofrece todos los accesorios indispensables. Se puede utilizar para camisetas, gorras, placas de cer\u00e1mica, azulejos, tazas, posavasos, almohadillas de rat\u00f3n, rompecabezas y otros tejidos o diferentes materiales. Garant\u00eda\u00a0ARC 2 A\u00d1OS Prensa t\u00e9rmica eficiente, bajo consumo 1000w soporte t\u00e9cnico\u00a0incluido","og_url":"https:\/\/distribucionarc.com\/it\/prodotto\/termopressa-tessile-5\/","og_site_name":"distribuci\u00f3n ARC","article_modified_time":"2020-10-05T09:20:34+00:00","og_image":[{"width":1500,"height":1500,"url":"https:\/\/distribucionarc.com\/wp-content\/uploads\/2020\/10\/Prensa-t\u00e9rmica-textil-5-0.jpg","type":"image\/jpeg"}],"twitter_card":"summary_large_image","twitter_misc":{"Tempo di lettura stimato":"2 minuti"},"schema":{"@context":"https:\/\/schema.org","@graph":[{"@type":"WebPage","@id":"https:\/\/distribucionarc.com\/fr\/producto\/prensa-termica-textil-5\/","url":"https:\/\/distribucionarc.com\/fr\/producto\/prensa-termica-textil-5\/","name":"Pressa termica tessile 5 - Distribuzione ARC","isPartOf":{"@id":"https:\/\/distribucionarc.com\/de\/#website"},"primaryImageOfPage":{"@id":"https:\/\/distribucionarc.com\/fr\/producto\/prensa-termica-textil-5\/#primaryimage"},"image":{"@id":"https:\/\/distribucionarc.com\/fr\/producto\/prensa-termica-textil-5\/#primaryimage"},"thumbnailUrl":"https:\/\/distribucionarc.com\/wp-content\/uploads\/2020\/10\/Prensa-t\u00e9rmica-textil-5-0.jpg","datePublished":"2020-10-05T09:06:24+00:00","dateModified":"2020-10-05T09:20:34+00:00","breadcrumb":{"@id":"https:\/\/distribucionarc.com\/fr\/producto\/prensa-termica-textil-5\/#breadcrumb"},"inLanguage":"it-IT","potentialAction":[{"@type":"ReadAction","target":["https:\/\/distribucionarc.com\/fr\/producto\/prensa-termica-textil-5\/"]}]},{"@type":"ImageObject","inLanguage":"it-IT","@id":"https:\/\/distribucionarc.com\/fr\/producto\/prensa-termica-textil-5\/#primaryimage","url":"https:\/\/distribucionarc.com\/wp-content\/uploads\/2020\/10\/Prensa-t\u00e9rmica-textil-5-0.jpg","contentUrl":"https:\/\/distribucionarc.com\/wp-content\/uploads\/2020\/10\/Prensa-t\u00e9rmica-textil-5-0.jpg","width":1500,"height":1500,"caption":"Prensa t\u00e9rmica textil 5"},{"@type":"BreadcrumbList","@id":"https:\/\/distribucionarc.com\/fr\/producto\/prensa-termica-textil-5\/#breadcrumb","itemListElement":[{"@type":"ListItem","position":1,"name":"Portada","item":"https:\/\/distribucionarc.com\/pl\/"},{"@type":"ListItem","position":2,"name":"Produkty","item":"https:\/\/distribucionarc.com\/pl\/shop\/"},{"@type":"ListItem","position":3,"name":"Prensa t\u00e9rmica textil 5"}]},{"@type":"WebSite","@id":"https:\/\/distribucionarc.com\/de\/#website","url":"https:\/\/distribucionarc.com\/de\/","name":"Distribuzione dell&#039;ARCO","description":"Azienda specializzata nella produzione e distribuzione di macchinari industriali, macchine sigillatrici di lattine, macchine per la produzione di compresse, macchine per il taglio della carne...","publisher":{"@id":"https:\/\/distribucionarc.com\/de\/#organization"},"potentialAction":[{"@type":"SearchAction","target":{"@type":"EntryPoint","urlTemplate":"https:\/\/distribucionarc.com\/de\/?s={search_term_string}"},"query-input":{"@type":"PropertyValueSpecification","valueRequired":true,"valueName":"search_term_string"}}],"inLanguage":"it-IT"},{"@type":"Organization","@id":"https:\/\/distribucionarc.com\/de\/#organization","name":"Distribuzione dell&#039;ARC","url":"https:\/\/distribucionarc.com\/de\/","logo":{"@type":"ImageObject","inLanguage":"it-IT","@id":"https:\/\/distribucionarc.com\/de\/#\/schema\/logo\/image\/","url":"https:\/\/distribucionarc.com\/wp-content\/uploads\/2024\/10\/distribucion-ARC-COLOR-SIN-FONDO-e1732295305345.png","contentUrl":"https:\/\/distribucionarc.com\/wp-content\/uploads\/2024\/10\/distribucion-ARC-COLOR-SIN-FONDO-e1732295305345.png","width":1164,"height":558,"caption":"Distribuci\u00f3n ARC"},"image":{"@id":"https:\/\/distribucionarc.com\/de\/#\/schema\/logo\/image\/"},"description":"Azienda specializzata nella produzione e distribuzione di macchinari industriali per il settore alimentare e farmaceutico. Siamo specializzati in: Macchine per il taglio della carne Produzione di compresse Sistemi di trasporto industriale Linee di imbottigliamento Dispenser E molto altro ancora... Offriamo soluzioni innovative e personalizzate per ottimizzare i processi produttivi della vostra azienda.","email":"Admistracion@distribucionarc.com","telephone":"+34 643496664","legalName":"ARC TECH SOLUTIONS","foundingDate":"2024-04-09","vatID":"B55480172","numberOfEmployees":{"@type":"QuantitativeValue","minValue":"1","maxValue":"10"}}]}},"_links":{"self":[{"href":"https:\/\/distribucionarc.com\/it\/wp-json\/wp\/v2\/product\/3541","targetHints":{"allow":["GET"]}}],"collection":[{"href":"https:\/\/distribucionarc.com\/it\/wp-json\/wp\/v2\/product"}],"about":[{"href":"https:\/\/distribucionarc.com\/it\/wp-json\/wp\/v2\/types\/product"}],"replies":[{"embeddable":true,"href":"https:\/\/distribucionarc.com\/it\/wp-json\/wp\/v2\/comments?post=3541"}],"version-history":[{"count":0,"href":"https:\/\/distribucionarc.com\/it\/wp-json\/wp\/v2\/product\/3541\/revisions"}],"wp:featuredmedia":[{"embeddable":true,"href":"https:\/\/distribucionarc.com\/it\/wp-json\/wp\/v2\/media\/3548"}],"wp:attachment":[{"href":"https:\/\/distribucionarc.com\/it\/wp-json\/wp\/v2\/media?parent=3541"}],"wp:term":[{"taxonomy":"product_brand","embeddable":true,"href":"https:\/\/distribucionarc.com\/it\/wp-json\/wp\/v2\/product_brand?post=3541"},{"taxonomy":"product_cat","embeddable":true,"href":"https:\/\/distribucionarc.com\/it\/wp-json\/wp\/v2\/product_cat?post=3541"},{"taxonomy":"product_tag","embeddable":true,"href":"https:\/\/distribucionarc.com\/it\/wp-json\/wp\/v2\/product_tag?post=3541"}],"curies":[{"name":"wp","href":"https:\/\/api.w.org\/{rel}","templated":true}]}}