{"id":3604,"date":"2020-10-05T14:10:27","date_gmt":"2020-10-05T14:10:27","guid":{"rendered":"https:\/\/distribucionarc.com\/?post_type=product&#038;p=3604"},"modified":"2025-05-08T22:19:18","modified_gmt":"2025-05-08T20:19:18","slug":"dosatore-per-imbottigliamento-con-miscelatore-e-doppio-riempitore-100-ml-%f0%9f%94%9b-1000-ml","status":"publish","type":"product","link":"https:\/\/distribucionarc.com\/it\/producto\/dosificadora-embotelladora-con-batidor-y-doble-llenador-100-ml-%f0%9f%94%9b-1000-ml\/","title":{"rendered":"Dispenser, Imbottigliamento, con mixer e doppio riempitore 100 ml? 1000ml"},"content":{"rendered":"<h2 data-start=\"460\" data-end=\"548\">\ud83c\udf6f Macchina dosatrice e imbottigliatrice ad alta viscosit\u00e0 con doppio ugello \u2013 da 100 a 1000 ml<\/h2>\n<p data-start=\"550\" data-end=\"936\">IL <strong data-start=\"553\" data-end=\"619\">macchina dosatrice e imbottigliatrice semiautomatica con doppio ugello<\/strong> \u00c8 appositamente progettato per il riempimento di prodotti di <strong data-start=\"680\" data-end=\"699\">alta viscosit\u00e0<\/strong> senza bisogno di mixer, offrendo un flusso preciso, pulito e costante. \u00c8 ideale per le aziende che necessitano di una soluzione robusta ed efficiente per confezionare prodotti densi, senza tracce solide che possono causare sedimentazione.<\/p>\n<p data-start=\"938\" data-end=\"1304\">Grazie al tuo <strong data-start=\"951\" data-end=\"982\">sistema a pistone pneumatico<\/strong>, il suo design con <strong data-start=\"998\" data-end=\"1040\">valvole rotanti ad alte prestazioni<\/strong> e il suo <strong data-start=\"1046\" data-end=\"1085\">doppia testa con sistema antigoccia<\/strong>Questa macchina consente un dosaggio rapido, preciso e senza gocciolamenti. La sua struttura modulare facilita la manutenzione e, in caso di guasto, \u00e8 possibile sostituire interi moduli per riparazioni rapide ed economiche.<\/p>\n<p data-start=\"1306\" data-end=\"1352\">\u00c8 perfetto per il riempimento di prodotti come:<\/p>\n<ul data-start=\"1354\" data-end=\"1602\">\n<li data-start=\"1354\" data-end=\"1386\">\n<p data-start=\"1356\" data-end=\"1386\">\ud83e\udd5c <strong data-start=\"1359\" data-end=\"1386\">Burro di arachidi cremoso<\/strong><\/p>\n<\/li>\n<li data-start=\"1387\" data-end=\"1429\">\n<p data-start=\"1389\" data-end=\"1429\">\ud83c\udf53 <strong data-start=\"1392\" data-end=\"1429\">Marmellate senza pezzi n\u00e9 semi<\/strong><\/p>\n<\/li>\n<li data-start=\"1430\" data-end=\"1450\">\n<p data-start=\"1432\" data-end=\"1450\">\ud83c\udf6f <strong data-start=\"1435\" data-end=\"1450\">Miele denso<\/strong><\/p>\n<\/li>\n<li data-start=\"1451\" data-end=\"1497\">\n<p data-start=\"1453\" data-end=\"1497\">\ud83e\uddf4 <strong data-start=\"1456\" data-end=\"1497\">Creme ed emulsioni cosmetiche dense<\/strong><\/p>\n<\/li>\n<li data-start=\"1498\" data-end=\"1535\">\n<p data-start=\"1500\" data-end=\"1535\">\ud83c\udf6b <strong data-start=\"1503\" data-end=\"1535\">Cioccolato liquido senza grumi<\/strong><\/p>\n<\/li>\n<li data-start=\"1536\" data-end=\"1602\">\n<p data-start=\"1538\" data-end=\"1602\">\ud83c\udf45 <strong data-start=\"1541\" data-end=\"1602\">Salse dense e omogenee (come il ketchup delicato o la sriracha)<\/strong><\/p>\n<\/li>\n<\/ul>\n<p data-start=\"1604\" data-end=\"1829\"><strong data-start=\"1604\" data-end=\"1618\">Importante<\/strong>: Per i prodotti con tracce solide (pezzi di frutta, semi, arachidi o simili) si consiglia l&#039;uso di una tramoggia con sbattitore per garantire un dosaggio omogeneo ed evitare intasamenti.<\/p>\n<p data-start=\"1831\" data-end=\"2178\">Questo modello ha <strong data-start=\"1854\" data-end=\"1895\">doppio ugello per maggiori prestazioni<\/strong>, consentendo il riempimento simultaneo di due contenitori e raggiungendo velocit\u00e0 fino a 60 bottiglie al minuto. Include un indicatore della pressione dell&#039;aria, regolazione del volume e della velocit\u00e0 di riempimento e pu\u00f2 funzionare in modalit\u00e0 <strong data-start=\"2116\" data-end=\"2147\">automatico o semiautomatico<\/strong> come richiesto dall&#039;operatore.<\/p>\n<p data-start=\"2180\" data-end=\"2261\">Include <strong data-start=\"2188\" data-end=\"2208\">Certificazione CE<\/strong>, garanzia di 2 anni e supporto tecnico personalizzato.<\/p>\n<hr data-start=\"2263\" data-end=\"2266\" \/>\n<h3 data-start=\"2268\" data-end=\"2297\">Specifiche tecniche<\/h3>\n<div class=\"_tableContainer_16hzy_1\">\n<div class=\"_tableWrapper_16hzy_14 group flex w-fit flex-col-reverse\" tabindex=\"-1\">\n<table class=\"w-fit min-w-(--thread-content-width)\" data-start=\"2299\" data-end=\"3941\">\n<thead data-start=\"2299\" data-end=\"2374\">\n<tr data-start=\"2299\" data-end=\"2374\">\n<th data-start=\"2299\" data-end=\"2333\" data-col-size=\"sm\">Caratteristica<\/th>\n<th data-start=\"2333\" data-end=\"2374\" data-col-size=\"md\">Dettaglio<\/th>\n<\/tr>\n<\/thead>\n<tbody data-start=\"2451\" data-end=\"3941\">\n<tr data-start=\"2451\" data-end=\"2536\">\n<td data-start=\"2451\" data-end=\"2485\" data-col-size=\"sm\">Tipo di macchina<\/td>\n<td data-col-size=\"md\" data-start=\"2485\" data-end=\"2536\">Macchina per l&#039;imbottigliamento e il dosaggio ad alta viscosit\u00e0<\/td>\n<\/tr>\n<tr data-start=\"2537\" data-end=\"2636\">\n<td data-start=\"2537\" data-end=\"2571\" data-col-size=\"sm\">Tipologia di prodotti<\/td>\n<td data-col-size=\"md\" data-start=\"2571\" data-end=\"2636\">Creme dense, marmellate senza pezzi, miele, salse omogenee<\/td>\n<\/tr>\n<tr data-start=\"2637\" data-end=\"2712\">\n<td data-start=\"2637\" data-end=\"2671\" data-col-size=\"sm\">Applicazioni<\/td>\n<td data-col-size=\"md\" data-start=\"2671\" data-end=\"2712\">Alimenti, cosmetici, prodotti farmaceutici<\/td>\n<\/tr>\n<tr data-start=\"2713\" data-end=\"2789\">\n<td data-start=\"2713\" data-end=\"2747\" data-col-size=\"sm\">Sistema di riempimento<\/td>\n<td data-col-size=\"md\" data-start=\"2747\" data-end=\"2789\">Pistone pneumatico con valvola rotativa<\/td>\n<\/tr>\n<tr data-start=\"2790\" data-end=\"2865\">\n<td data-start=\"2790\" data-end=\"2824\" data-col-size=\"sm\">Precisione di riempimento<\/td>\n<td data-col-size=\"md\" data-start=\"2824\" data-end=\"2865\">\u00b11%<\/td>\n<\/tr>\n<tr data-start=\"2866\" data-end=\"2942\">\n<td data-start=\"2866\" data-end=\"2900\" data-col-size=\"sm\">Intervallo di riempimento<\/td>\n<td data-col-size=\"md\" data-start=\"2900\" data-end=\"2942\">100 ml \u2013 1000 ml<\/td>\n<\/tr>\n<tr data-start=\"2943\" data-end=\"3017\">\n<td data-start=\"2943\" data-end=\"2976\" data-col-size=\"sm\">Capacit\u00e0 della tramoggia<\/td>\n<td data-col-size=\"md\" data-start=\"2976\" data-end=\"3017\">50 litri<\/td>\n<\/tr>\n<tr data-start=\"3018\" data-end=\"3093\">\n<td data-start=\"3018\" data-end=\"3052\" data-col-size=\"sm\">Velocit\u00e0 di produzione<\/td>\n<td data-col-size=\"md\" data-start=\"3052\" data-end=\"3093\">20 \u2013 60 bottiglie al minuto<\/td>\n<\/tr>\n<tr data-start=\"3094\" data-end=\"3169\">\n<td data-start=\"3094\" data-end=\"3128\" data-col-size=\"sm\">Testa di riempimento<\/td>\n<td data-col-size=\"md\" data-start=\"3128\" data-end=\"3169\">Doppio ugello con sistema antigoccia<\/td>\n<\/tr>\n<tr data-start=\"3170\" data-end=\"3246\">\n<td data-start=\"3170\" data-end=\"3204\" data-col-size=\"sm\">Alimentazione elettrica<\/td>\n<td data-col-size=\"md\" data-start=\"3204\" data-end=\"3246\">220 V<\/td>\n<\/tr>\n<tr data-start=\"3247\" data-end=\"3323\">\n<td data-start=\"3247\" data-end=\"3281\" data-col-size=\"sm\">Pressione di lavoro<\/td>\n<td data-col-size=\"md\" data-start=\"3281\" data-end=\"3323\">0,4 \u2013 0,9 MPa<\/td>\n<\/tr>\n<tr data-start=\"3324\" data-end=\"3399\">\n<td data-start=\"3324\" data-end=\"3358\" data-col-size=\"sm\">Materiale a contatto<\/td>\n<td data-col-size=\"md\" data-start=\"3358\" data-end=\"3399\">Acciaio inossidabile per uso alimentare<\/td>\n<\/tr>\n<tr data-start=\"3400\" data-end=\"3475\">\n<td data-start=\"3400\" data-end=\"3434\" data-col-size=\"sm\">Materiale generale<\/td>\n<td data-col-size=\"md\" data-start=\"3434\" data-end=\"3475\">Acciaio inossidabile 304\/316<\/td>\n<\/tr>\n<tr data-start=\"3476\" data-end=\"3551\">\n<td data-start=\"3476\" data-end=\"3510\" data-col-size=\"sm\">Modalit\u00e0 di funzionamento<\/td>\n<td data-col-size=\"md\" data-start=\"3510\" data-end=\"3551\">Semiautomatico \/ Automatico<\/td>\n<\/tr>\n<tr data-start=\"3552\" data-end=\"3634\">\n<td data-start=\"3552\" data-end=\"3586\" data-col-size=\"sm\">Indicatori e controlli<\/td>\n<td data-col-size=\"md\" data-start=\"3586\" data-end=\"3634\">Manometro, regolazione del volume e della velocit\u00e0<\/td>\n<\/tr>\n<tr data-start=\"3635\" data-end=\"3710\">\n<td data-start=\"3635\" data-end=\"3669\" data-col-size=\"sm\">Pulizia e manutenzione<\/td>\n<td data-col-size=\"md\" data-start=\"3669\" data-end=\"3710\">Facile smontaggio e pulizia<\/td>\n<\/tr>\n<tr data-start=\"3711\" data-end=\"3787\">\n<td data-start=\"3711\" data-end=\"3745\" data-col-size=\"sm\">Certificazione<\/td>\n<td data-col-size=\"md\" data-start=\"3745\" data-end=\"3787\">CE<\/td>\n<\/tr>\n<tr data-start=\"3788\" data-end=\"3864\">\n<td data-start=\"3788\" data-end=\"3822\" data-col-size=\"sm\">Garanzia<\/td>\n<td data-col-size=\"md\" data-start=\"3822\" data-end=\"3864\">2 anni<\/td>\n<\/tr>\n<tr data-start=\"3865\" data-end=\"3941\">\n<td data-start=\"3865\" data-end=\"3899\" data-col-size=\"sm\">Supporto tecnico<\/td>\n<td data-col-size=\"md\" data-start=\"3899\" data-end=\"3941\">Compreso<\/td>\n<\/tr>\n<\/tbody>\n<\/table>\n<div class=\"sticky end-(--thread-content-margin) h-0 self-end select-none\">\n<div class=\"absolute end-0 flex items-end\"><\/div>\n<\/div>\n<\/div>\n<\/div>","protected":false},"excerpt":{"rendered":"<h2>Dispenser, Imbottigliamento, con mixer e doppio riempitore 100 ml? 1000ml<\/h2>\n<p><strong>Macchina riempitrice di liquidi<\/strong> semiautomatico ad alta viscosit\u00e0, azionato da pistone pneumatico, realizzato con materiali di prima qualit\u00e0. Dotato di cinque valvole che controllano il flusso dei prodotti, \u00e8 inoltre dotato di un doppio erogatore per un riempimento pi\u00f9 rapido ed efficiente. Struttura dal design superiore e tutti i modelli sono facili da usare. I componenti pneumatici utilizzati sono realizzati in Germania e Taiwan. Tutti i materiali di contatto utilizzati sono in acciaio inossidabile 316, conformi ai requisiti GMP. La quantit\u00e0 del volume e la velocit\u00e0 di riempimento possono essere regolate con grande precisione.<\/p>\n<p>&nbsp;<\/p>","protected":false},"featured_media":3612,"comment_status":"open","ping_status":"closed","template":"","meta":{"wds_primary_product_brand":0,"wds_primary_product_cat":0},"product_brand":[],"product_cat":[18,20,321,21],"product_tag":[],"class_list":{"0":"post-3604","1":"product","2":"type-product","3":"status-publish","4":"has-post-thumbnail","6":"product_cat-dosificadoras","7":"product_cat-dosificadoras-de-pastosos","8":"product_cat-llenadoras-de-piston","9":"product_cat-maquinas-llenadoras","10":"product_shipping_class-express","12":"first","13":"instock","14":"sale","15":"taxable","16":"shipping-taxable","17":"purchasable","18":"product-type-simple"},"yoast_head":"<!-- This site is optimized with the Yoast SEO Premium plugin v24.9 (Yoast SEO v26.1) - https:\/\/yoast.com\/wordpress\/plugins\/seo\/ -->\n<title>Dosificadora, Embotelladora, con batidor y doble llenador 100 ml ? 1000 ml - distribuci\u00f3n ARC<\/title>\n<meta name=\"robots\" content=\"index, follow, max-snippet:-1, max-image-preview:large, max-video-preview:-1\" \/>\n<link rel=\"canonical\" href=\"https:\/\/www.distribucionarc.com\/tr\/producto\/dosificadora-embotelladora-con-batidor-y-doble-llenador-100-ml-\ud83d\udd1b-1000-ml\/\" \/>\n<meta property=\"og:locale\" content=\"it_IT\" \/>\n<meta property=\"og:type\" content=\"article\" \/>\n<meta property=\"og:title\" content=\"Dosificadora, Embotelladora, con batidor y doble llenador 100 ml ? 1000 ml\" \/>\n<meta property=\"og:description\" content=\"Dosificadora, Embotelladora, con batidor y doble llenador 100 ml ? 1000 ml M\u00e1quina para llenado de l\u00edquidos muy viscosos semiautom\u00e1tica, impulsada por un pist\u00f3n neum\u00e1tico, fabricada con materiales de primera calidad. Equipada con cinco v\u00e1lvulas que controlan el flujo de los productos adem\u00e1s, cuenta con doble dosificador para un llenado m\u00e1s eficaz y r\u00e1pido. Estructura con dise\u00f1o superior y todos los modelos son f\u00e1ciles de operar. Los componentes neum\u00e1ticos utilizados son hechos en Alemania y Taiwan. Todos los materiales de contacto utilizados, son de acero inoxidable 316 de acuerdo con los requisitos de GMP. La cantidad de volumen y la velocidad de llenado pueden ser regulados con una gran precisi\u00f3n.  &nbsp;\" \/>\n<meta property=\"og:url\" content=\"https:\/\/www.distribucionarc.com\/tr\/producto\/dosificadora-embotelladora-con-batidor-y-doble-llenador-100-ml-\ud83d\udd1b-1000-ml\/\" \/>\n<meta property=\"og:site_name\" content=\"distribuci\u00f3n ARC\" \/>\n<meta property=\"article:modified_time\" content=\"2025-05-08T20:19:18+00:00\" \/>\n<meta property=\"og:image\" content=\"https:\/\/www.distribucionarc.com\/wp-content\/uploads\/2020\/10\/Dosificadora-Embotelladora-con-batidor-y-doble-llenador-100-ml-1000-ml-0.jpg\" \/>\n\t<meta property=\"og:image:width\" content=\"1600\" \/>\n\t<meta property=\"og:image:height\" content=\"1600\" \/>\n\t<meta property=\"og:image:type\" content=\"image\/jpeg\" \/>\n<meta name=\"twitter:card\" content=\"summary_large_image\" \/>\n<meta name=\"twitter:label1\" content=\"Tempo di lettura stimato\" \/>\n\t<meta name=\"twitter:data1\" content=\"2 minuti\" \/>\n<script type=\"application\/ld+json\" class=\"yoast-schema-graph\">{\"@context\":\"https:\/\/schema.org\",\"@graph\":[{\"@type\":\"WebPage\",\"@id\":\"https:\/\/www.distribucionarc.com\/tr\/producto\/dosificadora-embotelladora-con-batidor-y-doble-llenador-100-ml-%f0%9f%94%9b-1000-ml\/\",\"url\":\"https:\/\/www.distribucionarc.com\/tr\/producto\/dosificadora-embotelladora-con-batidor-y-doble-llenador-100-ml-%f0%9f%94%9b-1000-ml\/\",\"name\":\"Dosificadora, Embotelladora, con batidor y doble llenador 100 ml ? 1000 ml - distribuci\u00f3n ARC\",\"isPartOf\":{\"@id\":\"https:\/\/distribucionarc.com\/de\/#website\"},\"primaryImageOfPage\":{\"@id\":\"https:\/\/www.distribucionarc.com\/tr\/producto\/dosificadora-embotelladora-con-batidor-y-doble-llenador-100-ml-%f0%9f%94%9b-1000-ml\/#primaryimage\"},\"image\":{\"@id\":\"https:\/\/www.distribucionarc.com\/tr\/producto\/dosificadora-embotelladora-con-batidor-y-doble-llenador-100-ml-%f0%9f%94%9b-1000-ml\/#primaryimage\"},\"thumbnailUrl\":\"https:\/\/distribucionarc.com\/wp-content\/uploads\/2020\/10\/Dosificadora-Embotelladora-con-batidor-y-doble-llenador-100-ml-1000-ml-0.jpg\",\"datePublished\":\"2020-10-05T14:10:27+00:00\",\"dateModified\":\"2025-05-08T20:19:18+00:00\",\"breadcrumb\":{\"@id\":\"https:\/\/www.distribucionarc.com\/tr\/producto\/dosificadora-embotelladora-con-batidor-y-doble-llenador-100-ml-%f0%9f%94%9b-1000-ml\/#breadcrumb\"},\"inLanguage\":\"it-IT\",\"potentialAction\":[{\"@type\":\"ReadAction\",\"target\":[\"https:\/\/www.distribucionarc.com\/tr\/producto\/dosificadora-embotelladora-con-batidor-y-doble-llenador-100-ml-%f0%9f%94%9b-1000-ml\/\"]}]},{\"@type\":\"ImageObject\",\"inLanguage\":\"it-IT\",\"@id\":\"https:\/\/www.distribucionarc.com\/tr\/producto\/dosificadora-embotelladora-con-batidor-y-doble-llenador-100-ml-%f0%9f%94%9b-1000-ml\/#primaryimage\",\"url\":\"https:\/\/distribucionarc.com\/wp-content\/uploads\/2020\/10\/Dosificadora-Embotelladora-con-batidor-y-doble-llenador-100-ml-1000-ml-0.jpg\",\"contentUrl\":\"https:\/\/distribucionarc.com\/wp-content\/uploads\/2020\/10\/Dosificadora-Embotelladora-con-batidor-y-doble-llenador-100-ml-1000-ml-0.jpg\",\"width\":1600,\"height\":1600,\"caption\":\"Dosificadora, Embotelladora, con batidor y doble llenador 100 ml 1000 ml\"},{\"@type\":\"BreadcrumbList\",\"@id\":\"https:\/\/www.distribucionarc.com\/tr\/producto\/dosificadora-embotelladora-con-batidor-y-doble-llenador-100-ml-%f0%9f%94%9b-1000-ml\/#breadcrumb\",\"itemListElement\":[{\"@type\":\"ListItem\",\"position\":1,\"name\":\"Portada\",\"item\":\"https:\/\/distribucionarc.com\/pl\/\"},{\"@type\":\"ListItem\",\"position\":2,\"name\":\"Produkty\",\"item\":\"https:\/\/distribucionarc.com\/pl\/shop\/\"},{\"@type\":\"ListItem\",\"position\":3,\"name\":\"Dosificadora, Embotelladora, con batidor y doble llenador 100 ml ? 1000 ml\"}]},{\"@type\":\"WebSite\",\"@id\":\"https:\/\/distribucionarc.com\/de\/#website\",\"url\":\"https:\/\/distribucionarc.com\/de\/\",\"name\":\"distribuci\u00f3n ARC\",\"description\":\"Empresa especializada en la fabricaci\u00f3n y distribuci\u00f3n de maquinaria industrial, selladoras de latas, Maquinas de hacer pastillas, Maquinas de cortar carne...\",\"publisher\":{\"@id\":\"https:\/\/distribucionarc.com\/de\/#organization\"},\"potentialAction\":[{\"@type\":\"SearchAction\",\"target\":{\"@type\":\"EntryPoint\",\"urlTemplate\":\"https:\/\/distribucionarc.com\/de\/?s={search_term_string}\"},\"query-input\":{\"@type\":\"PropertyValueSpecification\",\"valueRequired\":true,\"valueName\":\"search_term_string\"}}],\"inLanguage\":\"it-IT\"},{\"@type\":\"Organization\",\"@id\":\"https:\/\/distribucionarc.com\/de\/#organization\",\"name\":\"Distribuci\u00f3n ARC\",\"url\":\"https:\/\/distribucionarc.com\/de\/\",\"logo\":{\"@type\":\"ImageObject\",\"inLanguage\":\"it-IT\",\"@id\":\"https:\/\/distribucionarc.com\/de\/#\/schema\/logo\/image\/\",\"url\":\"https:\/\/distribucionarc.com\/wp-content\/uploads\/2024\/10\/distribucion-ARC-COLOR-SIN-FONDO-e1732295305345.png\",\"contentUrl\":\"https:\/\/distribucionarc.com\/wp-content\/uploads\/2024\/10\/distribucion-ARC-COLOR-SIN-FONDO-e1732295305345.png\",\"width\":1164,\"height\":558,\"caption\":\"Distribuci\u00f3n ARC\"},\"image\":{\"@id\":\"https:\/\/distribucionarc.com\/de\/#\/schema\/logo\/image\/\"},\"description\":\"Empresa especializada en la fabricaci\u00f3n y distribuci\u00f3n de maquinaria industrial para los sectores alimentario y farmac\u00e9utico. Nos especializamos en: M\u00e1quinas de cortar carne Fabricaci\u00f3n de comprimidos Sistemas de transporte industrial L\u00edneas de embotellado Dosificadores Y mucho m\u00e1s... Ofrecemos soluciones innovadoras y personalizadas para optimizar los procesos productivos de tu empresa.\",\"email\":\"Admistracion@distribucionarc.com\",\"telephone\":\"+34 643496664\",\"legalName\":\"ARC TECH SOLUTIONS\",\"foundingDate\":\"2024-04-09\",\"vatID\":\"B55480172\",\"numberOfEmployees\":{\"@type\":\"QuantitativeValue\",\"minValue\":\"1\",\"maxValue\":\"10\"}}]}<\/script>\n<!-- \/ Yoast SEO Premium plugin. -->","yoast_head_json":{"title":"Dosaggio, imbottigliamento, con miscelatore e doppia riempitrice da 100 ml? 1000 ml - Distribuzione ARC","robots":{"index":"index","follow":"follow","max-snippet":"max-snippet:-1","max-image-preview":"max-image-preview:large","max-video-preview":"max-video-preview:-1"},"canonical":"https:\/\/www.distribucionarc.com\/tr\/producto\/dosificadora-embotelladora-con-batidor-y-doble-llenador-100-ml-\ud83d\udd1b-1000-ml\/","og_locale":"it_IT","og_type":"article","og_title":"Dosificadora, Embotelladora, con batidor y doble llenador 100 ml ? 1000 ml","og_description":"Dosificadora, Embotelladora, con batidor y doble llenador 100 ml ? 1000 ml M\u00e1quina para llenado de l\u00edquidos muy viscosos semiautom\u00e1tica, impulsada por un pist\u00f3n neum\u00e1tico, fabricada con materiales de primera calidad. Equipada con cinco v\u00e1lvulas que controlan el flujo de los productos adem\u00e1s, cuenta con doble dosificador para un llenado m\u00e1s eficaz y r\u00e1pido. Estructura con dise\u00f1o superior y todos los modelos son f\u00e1ciles de operar. Los componentes neum\u00e1ticos utilizados son hechos en Alemania y Taiwan. Todos los materiales de contacto utilizados, son de acero inoxidable 316 de acuerdo con los requisitos de GMP. La cantidad de volumen y la velocidad de llenado pueden ser regulados con una gran precisi\u00f3n.  &nbsp;","og_url":"https:\/\/www.distribucionarc.com\/tr\/producto\/dosificadora-embotelladora-con-batidor-y-doble-llenador-100-ml-\ud83d\udd1b-1000-ml\/","og_site_name":"distribuci\u00f3n ARC","article_modified_time":"2025-05-08T20:19:18+00:00","og_image":[{"width":1600,"height":1600,"url":"https:\/\/www.distribucionarc.com\/wp-content\/uploads\/2020\/10\/Dosificadora-Embotelladora-con-batidor-y-doble-llenador-100-ml-1000-ml-0.jpg","type":"image\/jpeg"}],"twitter_card":"summary_large_image","twitter_misc":{"Tempo di lettura stimato":"2 minuti"},"schema":{"@context":"https:\/\/schema.org","@graph":[{"@type":"WebPage","@id":"https:\/\/www.distribucionarc.com\/tr\/producto\/dosificadora-embotelladora-con-batidor-y-doble-llenador-100-ml-%f0%9f%94%9b-1000-ml\/","url":"https:\/\/www.distribucionarc.com\/tr\/producto\/dosificadora-embotelladora-con-batidor-y-doble-llenador-100-ml-%f0%9f%94%9b-1000-ml\/","name":"Dosaggio, imbottigliamento, con miscelatore e doppia riempitrice da 100 ml? 1000 ml - Distribuzione ARC","isPartOf":{"@id":"https:\/\/distribucionarc.com\/de\/#website"},"primaryImageOfPage":{"@id":"https:\/\/www.distribucionarc.com\/tr\/producto\/dosificadora-embotelladora-con-batidor-y-doble-llenador-100-ml-%f0%9f%94%9b-1000-ml\/#primaryimage"},"image":{"@id":"https:\/\/www.distribucionarc.com\/tr\/producto\/dosificadora-embotelladora-con-batidor-y-doble-llenador-100-ml-%f0%9f%94%9b-1000-ml\/#primaryimage"},"thumbnailUrl":"https:\/\/distribucionarc.com\/wp-content\/uploads\/2020\/10\/Dosificadora-Embotelladora-con-batidor-y-doble-llenador-100-ml-1000-ml-0.jpg","datePublished":"2020-10-05T14:10:27+00:00","dateModified":"2025-05-08T20:19:18+00:00","breadcrumb":{"@id":"https:\/\/www.distribucionarc.com\/tr\/producto\/dosificadora-embotelladora-con-batidor-y-doble-llenador-100-ml-%f0%9f%94%9b-1000-ml\/#breadcrumb"},"inLanguage":"it-IT","potentialAction":[{"@type":"ReadAction","target":["https:\/\/www.distribucionarc.com\/tr\/producto\/dosificadora-embotelladora-con-batidor-y-doble-llenador-100-ml-%f0%9f%94%9b-1000-ml\/"]}]},{"@type":"ImageObject","inLanguage":"it-IT","@id":"https:\/\/www.distribucionarc.com\/tr\/producto\/dosificadora-embotelladora-con-batidor-y-doble-llenador-100-ml-%f0%9f%94%9b-1000-ml\/#primaryimage","url":"https:\/\/distribucionarc.com\/wp-content\/uploads\/2020\/10\/Dosificadora-Embotelladora-con-batidor-y-doble-llenador-100-ml-1000-ml-0.jpg","contentUrl":"https:\/\/distribucionarc.com\/wp-content\/uploads\/2020\/10\/Dosificadora-Embotelladora-con-batidor-y-doble-llenador-100-ml-1000-ml-0.jpg","width":1600,"height":1600,"caption":"Dosificadora, Embotelladora, con batidor y doble llenador 100 ml 1000 ml"},{"@type":"BreadcrumbList","@id":"https:\/\/www.distribucionarc.com\/tr\/producto\/dosificadora-embotelladora-con-batidor-y-doble-llenador-100-ml-%f0%9f%94%9b-1000-ml\/#breadcrumb","itemListElement":[{"@type":"ListItem","position":1,"name":"Portada","item":"https:\/\/distribucionarc.com\/pl\/"},{"@type":"ListItem","position":2,"name":"Produkty","item":"https:\/\/distribucionarc.com\/pl\/shop\/"},{"@type":"ListItem","position":3,"name":"Dosificadora, Embotelladora, con batidor y doble llenador 100 ml ? 1000 ml"}]},{"@type":"WebSite","@id":"https:\/\/distribucionarc.com\/de\/#website","url":"https:\/\/distribucionarc.com\/de\/","name":"Distribuzione dell&#039;ARCO","description":"Azienda specializzata nella produzione e distribuzione di macchinari industriali, macchine sigillatrici di lattine, macchine per la produzione di compresse, macchine per il taglio della carne...","publisher":{"@id":"https:\/\/distribucionarc.com\/de\/#organization"},"potentialAction":[{"@type":"SearchAction","target":{"@type":"EntryPoint","urlTemplate":"https:\/\/distribucionarc.com\/de\/?s={search_term_string}"},"query-input":{"@type":"PropertyValueSpecification","valueRequired":true,"valueName":"search_term_string"}}],"inLanguage":"it-IT"},{"@type":"Organization","@id":"https:\/\/distribucionarc.com\/de\/#organization","name":"Distribuzione dell&#039;ARC","url":"https:\/\/distribucionarc.com\/de\/","logo":{"@type":"ImageObject","inLanguage":"it-IT","@id":"https:\/\/distribucionarc.com\/de\/#\/schema\/logo\/image\/","url":"https:\/\/distribucionarc.com\/wp-content\/uploads\/2024\/10\/distribucion-ARC-COLOR-SIN-FONDO-e1732295305345.png","contentUrl":"https:\/\/distribucionarc.com\/wp-content\/uploads\/2024\/10\/distribucion-ARC-COLOR-SIN-FONDO-e1732295305345.png","width":1164,"height":558,"caption":"Distribuci\u00f3n ARC"},"image":{"@id":"https:\/\/distribucionarc.com\/de\/#\/schema\/logo\/image\/"},"description":"Azienda specializzata nella produzione e distribuzione di macchinari industriali per il settore alimentare e farmaceutico. Siamo specializzati in: Macchine per il taglio della carne Produzione di compresse Sistemi di trasporto industriale Linee di imbottigliamento Dispenser E molto altro ancora... Offriamo soluzioni innovative e personalizzate per ottimizzare i processi produttivi della vostra azienda.","email":"Admistracion@distribucionarc.com","telephone":"+34 643496664","legalName":"ARC TECH SOLUTIONS","foundingDate":"2024-04-09","vatID":"B55480172","numberOfEmployees":{"@type":"QuantitativeValue","minValue":"1","maxValue":"10"}}]}},"_links":{"self":[{"href":"https:\/\/distribucionarc.com\/it\/wp-json\/wp\/v2\/product\/3604","targetHints":{"allow":["GET"]}}],"collection":[{"href":"https:\/\/distribucionarc.com\/it\/wp-json\/wp\/v2\/product"}],"about":[{"href":"https:\/\/distribucionarc.com\/it\/wp-json\/wp\/v2\/types\/product"}],"replies":[{"embeddable":true,"href":"https:\/\/distribucionarc.com\/it\/wp-json\/wp\/v2\/comments?post=3604"}],"version-history":[{"count":3,"href":"https:\/\/distribucionarc.com\/it\/wp-json\/wp\/v2\/product\/3604\/revisions"}],"predecessor-version":[{"id":17467,"href":"https:\/\/distribucionarc.com\/it\/wp-json\/wp\/v2\/product\/3604\/revisions\/17467"}],"wp:featuredmedia":[{"embeddable":true,"href":"https:\/\/distribucionarc.com\/it\/wp-json\/wp\/v2\/media\/3612"}],"wp:attachment":[{"href":"https:\/\/distribucionarc.com\/it\/wp-json\/wp\/v2\/media?parent=3604"}],"wp:term":[{"taxonomy":"product_brand","embeddable":true,"href":"https:\/\/distribucionarc.com\/it\/wp-json\/wp\/v2\/product_brand?post=3604"},{"taxonomy":"product_cat","embeddable":true,"href":"https:\/\/distribucionarc.com\/it\/wp-json\/wp\/v2\/product_cat?post=3604"},{"taxonomy":"product_tag","embeddable":true,"href":"https:\/\/distribucionarc.com\/it\/wp-json\/wp\/v2\/product_tag?post=3604"}],"curies":[{"name":"wp","href":"https:\/\/api.w.org\/{rel}","templated":true}]}}