{"id":3644,"date":"2020-10-05T15:31:50","date_gmt":"2020-10-05T15:31:50","guid":{"rendered":"https:\/\/distribucionarc.com\/?post_type=product&#038;p=3644"},"modified":"2025-05-08T22:52:56","modified_gmt":"2025-05-08T20:52:56","slug":"imbottigliatrice-liquidi-viscosi-olio-detergente-500-a-5000ml-2","status":"publish","type":"product","link":"https:\/\/distribucionarc.com\/it\/producto\/embotelladora-de-agua-liquidos-lejia-reactivos-zumo-1000-5000ml\/","title":{"rendered":"Imbottigliatrice per acqua, liquidi, candeggina, reagenti, succhi 1000-5000ml"},"content":{"rendered":"<h2 data-start=\"380\" data-end=\"461\">Riempitrice pneumatica ad aspirazione per liquidi alimentari \u2013 da 1000 a 5000 ml<\/h2>\n<p data-start=\"463\" data-end=\"882\">IL <strong data-start=\"466\" data-end=\"512\">riempitrice ad aspirazione con pistone pneumatico<\/strong> Si tratta di una macchina progettata per la <strong data-start=\"545\" data-end=\"618\">Riempimento di liquidi alimentari e prodotti a media-bassa viscosit\u00e0<\/strong>, senza sedimenti. \u00c8 ideale per il confezionamento di grandi volumi come bottiglie da 1 litro, caraffe da 3 litri o contenitori fino a 5 litri e consente <strong data-start=\"769\" data-end=\"817\">connettersi direttamente a repository esterni<\/strong> tramite tubo flessibile o integrati in sistemi di riempimento lineari.<\/p>\n<p data-start=\"884\" data-end=\"1215\">Grazie alla sua struttura in <strong data-start=\"911\" data-end=\"967\">Acciaio inossidabile lucidato per uso alimentare (SS304)<\/strong>Questo riempitivo soddisfa gli standard GMP ed \u00e8 resistente alla corrosione, facile da pulire e manutenere. Il pistone pneumatico ad alta precisione consente la regolazione sia della <strong data-start=\"1138\" data-end=\"1178\">volume come velocit\u00e0 di riempimento<\/strong> in base alle esigenze di produzione.<\/p>\n<p data-start=\"1217\" data-end=\"1472\">E&#039; consigliato per i prodotti <strong data-start=\"1246\" data-end=\"1282\">senza particelle o tracce solide<\/strong>poich\u00e9 il sistema di aspirazione e valvola rotante \u00e8 ottimizzato per liquidi omogenei. Questa macchina non \u00e8 adatta per prodotti ad alta viscosit\u00e0 o che potrebbero causare intasamenti.<\/p>\n<h3 data-start=\"1474\" data-end=\"1508\">Esempi di prodotti ideali:<\/h3>\n<ul data-start=\"1510\" data-end=\"1805\">\n<li data-start=\"1510\" data-end=\"1534\">\n<p data-start=\"1512\" data-end=\"1534\">\ud83e\udd64 <strong data-start=\"1515\" data-end=\"1534\">Succhi senza polpa<\/strong><\/p>\n<\/li>\n<li data-start=\"1535\" data-end=\"1585\">\n<p data-start=\"1537\" data-end=\"1585\">\ud83e\udd5b <strong data-start=\"1540\" data-end=\"1585\">Bevande vegetali (soia, avena, mandorla)<\/strong><\/p>\n<\/li>\n<li data-start=\"1586\" data-end=\"1618\">\n<p data-start=\"1588\" data-end=\"1618\">\ud83c\udf76 <strong data-start=\"1591\" data-end=\"1618\">Olio vegetale raffinato<\/strong><\/p>\n<\/li>\n<li data-start=\"1619\" data-end=\"1651\">\n<p data-start=\"1621\" data-end=\"1651\">\ud83e\uddc3 <strong data-start=\"1624\" data-end=\"1651\">Sciroppi liquidi trasparenti<\/strong><\/p>\n<\/li>\n<li data-start=\"1652\" data-end=\"1686\">\n<p data-start=\"1654\" data-end=\"1686\">\ud83d\udca7 <strong data-start=\"1657\" data-end=\"1686\">Acqua aromatizzata o minerale<\/strong><\/p>\n<\/li>\n<li data-start=\"1687\" data-end=\"1715\">\n<p data-start=\"1689\" data-end=\"1715\">\ud83e\uddf4 <strong data-start=\"1692\" data-end=\"1715\">Gel idroalcolico<\/strong><\/p>\n<\/li>\n<li data-start=\"1716\" data-end=\"1747\">\n<p data-start=\"1718\" data-end=\"1747\">\ud83c\udf77 <strong data-start=\"1721\" data-end=\"1747\">Vini e distillati leggeri<\/strong><\/p>\n<\/li>\n<li data-start=\"1748\" data-end=\"1805\">\n<p data-start=\"1750\" data-end=\"1805\">\ud83e\uddea <strong data-start=\"1753\" data-end=\"1805\">Soluzioni liquide per alimenti e prodotti farmaceutici<\/strong><\/p>\n<\/li>\n<\/ul>\n<h3 data-start=\"1807\" data-end=\"1836\">Esempi di utilizzo pratico:<\/h3>\n<ul data-start=\"1838\" data-end=\"2098\">\n<li data-start=\"1838\" data-end=\"1923\">\n<p data-start=\"1840\" data-end=\"1923\">Riempimento di <strong data-start=\"1851\" data-end=\"1878\">bottiglie in PET da 1 litro<\/strong> su una linea di imbottigliamento semiautomatica<\/p>\n<\/li>\n<li data-start=\"1924\" data-end=\"2021\">\n<p data-start=\"1926\" data-end=\"2021\">Dosaggio di <strong data-start=\"1940\" data-end=\"1959\">olio raffinato<\/strong> da un serbatoio IBC da 1000 litri collegato tramite tubo flessibile<\/p>\n<\/li>\n<li data-start=\"2022\" data-end=\"2098\">\n<p data-start=\"2024\" data-end=\"2098\">Imballaggio di <strong data-start=\"2036\" data-end=\"2068\">sciroppi o estratti liquidi<\/strong> in bottiglie da 3 a 5 litri<\/p>\n<\/li>\n<\/ul>\n<p data-start=\"2100\" data-end=\"2293\">Grazie al peso leggero (25 kg) e alle dimensioni compatte, questa macchina \u00e8 ideale per le aziende che necessitano di una soluzione flessibile, economica e precisa per il riempimento di liquidi in grandi volumi.<\/p>\n<p data-start=\"2295\" data-end=\"2519\">Include <strong data-start=\"2303\" data-end=\"2336\">testina ugello regolabile<\/strong>, sistema antigoccia, regolazione della pressione dell&#039;aria e pu\u00f2 funzionare in modalit\u00e0 <strong data-start=\"2413\" data-end=\"2444\">automatico o semiautomatico<\/strong>. Certificazione <strong data-start=\"2460\" data-end=\"2466\">CE<\/strong>, garanzia di 2 anni e supporto tecnico personalizzato.<\/p>\n<hr data-start=\"2521\" data-end=\"2524\" \/>\n<h3 data-start=\"2526\" data-end=\"2555\">Specifiche tecniche<\/h3>\n<div class=\"_tableContainer_16hzy_1\">\n<div class=\"_tableWrapper_16hzy_14 group flex w-fit flex-col-reverse\" tabindex=\"-1\">\n<table class=\"w-fit min-w-(--thread-content-width)\" data-start=\"2557\" data-end=\"4281\">\n<thead data-start=\"2557\" data-end=\"2632\">\n<tr data-start=\"2557\" data-end=\"2632\">\n<th data-start=\"2557\" data-end=\"2591\" data-col-size=\"sm\">Caratteristica<\/th>\n<th data-start=\"2591\" data-end=\"2632\" data-col-size=\"md\">Dettaglio<\/th>\n<\/tr>\n<\/thead>\n<tbody data-start=\"2709\" data-end=\"4281\">\n<tr data-start=\"2709\" data-end=\"2785\">\n<td data-start=\"2709\" data-end=\"2743\" data-col-size=\"sm\">Tipo di macchina<\/td>\n<td data-col-size=\"md\" data-start=\"2743\" data-end=\"2785\">Riempitrice pneumatica ad aspirazione<\/td>\n<\/tr>\n<tr data-start=\"2786\" data-end=\"2862\">\n<td data-start=\"2786\" data-end=\"2820\" data-col-size=\"sm\">Tipologia di prodotti<\/td>\n<td data-col-size=\"md\" data-start=\"2820\" data-end=\"2862\">Liquidi alimentari senza sedimenti<\/td>\n<\/tr>\n<tr data-start=\"2863\" data-end=\"2940\">\n<td data-start=\"2863\" data-end=\"2897\" data-col-size=\"sm\">Applicazioni<\/td>\n<td data-col-size=\"md\" data-start=\"2897\" data-end=\"2940\">Alimenti, bevande, prodotti farmaceutici<\/td>\n<\/tr>\n<tr data-start=\"2941\" data-end=\"3039\">\n<td data-start=\"2941\" data-end=\"2975\" data-col-size=\"sm\">Prodotti compatibili<\/td>\n<td data-col-size=\"md\" data-start=\"2975\" data-end=\"3039\">Succhi, bevande vegetali, sciroppi, acqua, gel idroalcolico<\/td>\n<\/tr>\n<tr data-start=\"3040\" data-end=\"3116\">\n<td data-start=\"3040\" data-end=\"3074\" data-col-size=\"sm\">Sistema di riempimento<\/td>\n<td data-col-size=\"md\" data-start=\"3074\" data-end=\"3116\">Pistone pneumatico con valvola rotativa<\/td>\n<\/tr>\n<tr data-start=\"3117\" data-end=\"3192\">\n<td data-start=\"3117\" data-end=\"3151\" data-col-size=\"sm\">Precisione di riempimento<\/td>\n<td data-col-size=\"md\" data-start=\"3151\" data-end=\"3192\">\u00b11%<\/td>\n<\/tr>\n<tr data-start=\"3193\" data-end=\"3269\">\n<td data-start=\"3193\" data-end=\"3227\" data-col-size=\"sm\">Intervallo di riempimento<\/td>\n<td data-col-size=\"md\" data-start=\"3227\" data-end=\"3269\">1000 ml \u2013 5000 ml<\/td>\n<\/tr>\n<tr data-start=\"3270\" data-end=\"3345\">\n<td data-start=\"3270\" data-end=\"3304\" data-col-size=\"sm\">Velocit\u00e0 di produzione<\/td>\n<td data-col-size=\"md\" data-start=\"3304\" data-end=\"3345\">Fino a 40 contenitori al minuto<\/td>\n<\/tr>\n<tr data-start=\"3346\" data-end=\"3425\">\n<td data-start=\"3346\" data-end=\"3380\" data-col-size=\"sm\">Testa di riempimento<\/td>\n<td data-col-size=\"md\" data-start=\"3380\" data-end=\"3425\">1 unit\u00e0, regolabile con sistema antigoccia<\/td>\n<\/tr>\n<tr data-start=\"3426\" data-end=\"3502\">\n<td data-start=\"3426\" data-end=\"3460\" data-col-size=\"sm\">Alimentazione elettrica<\/td>\n<td data-col-size=\"md\" data-start=\"3460\" data-end=\"3502\">220 V<\/td>\n<\/tr>\n<tr data-start=\"3503\" data-end=\"3579\">\n<td data-start=\"3503\" data-end=\"3537\" data-col-size=\"sm\">Pressione di lavoro<\/td>\n<td data-col-size=\"md\" data-start=\"3537\" data-end=\"3579\">0,4 \u2013 0,9 MPa<\/td>\n<\/tr>\n<tr data-start=\"3580\" data-end=\"3655\">\n<td data-start=\"3580\" data-end=\"3614\" data-col-size=\"sm\">Materiale a contatto<\/td>\n<td data-col-size=\"md\" data-start=\"3614\" data-end=\"3655\">Acciaio inossidabile lucidato (SS304)<\/td>\n<\/tr>\n<tr data-start=\"3656\" data-end=\"3739\">\n<td data-start=\"3656\" data-end=\"3690\" data-col-size=\"sm\">superficie interna<\/td>\n<td data-col-size=\"md\" data-start=\"3690\" data-end=\"3739\">Rugosit\u00e0 Ra \u2264 0,2\u20130,4 \u03bcm (certificazione GMP)<\/td>\n<\/tr>\n<tr data-start=\"3740\" data-end=\"3815\">\n<td data-start=\"3740\" data-end=\"3774\" data-col-size=\"sm\">Modalit\u00e0 di funzionamento<\/td>\n<td data-col-size=\"md\" data-start=\"3774\" data-end=\"3815\">Semiautomatico \/ Automatico<\/td>\n<\/tr>\n<tr data-start=\"3816\" data-end=\"3896\">\n<td data-start=\"3816\" data-end=\"3850\" data-col-size=\"sm\">Input del prodotto<\/td>\n<td data-col-size=\"md\" data-start=\"3850\" data-end=\"3896\">Tramoggia o collegamento diretto tramite tubo flessibile<\/td>\n<\/tr>\n<tr data-start=\"3897\" data-end=\"3973\">\n<td data-start=\"3897\" data-end=\"3931\" data-col-size=\"sm\">Dimensioni della macchina<\/td>\n<td data-col-size=\"md\" data-start=\"3931\" data-end=\"3973\">1260 \u00d7 370 \u00d7 550 millimetri<\/td>\n<\/tr>\n<tr data-start=\"3974\" data-end=\"4050\">\n<td data-start=\"3974\" data-end=\"4008\" data-col-size=\"sm\">Peso<\/td>\n<td data-col-size=\"md\" data-start=\"4008\" data-end=\"4050\">25 kg<\/td>\n<\/tr>\n<tr data-start=\"4051\" data-end=\"4127\">\n<td data-start=\"4051\" data-end=\"4085\" data-col-size=\"sm\">Certificazione<\/td>\n<td data-col-size=\"md\" data-start=\"4085\" data-end=\"4127\">CE<\/td>\n<\/tr>\n<tr data-start=\"4128\" data-end=\"4204\">\n<td data-start=\"4128\" data-end=\"4162\" data-col-size=\"sm\">Garanzia<\/td>\n<td data-col-size=\"md\" data-start=\"4162\" data-end=\"4204\">2 anni<\/td>\n<\/tr>\n<tr data-start=\"4205\" data-end=\"4281\">\n<td data-start=\"4205\" data-end=\"4239\" data-col-size=\"sm\">Supporto tecnico<\/td>\n<td data-col-size=\"md\" data-start=\"4239\" data-end=\"4281\">Compreso<\/td>\n<\/tr>\n<\/tbody>\n<\/table>\n<\/div>\n<\/div>","protected":false},"excerpt":{"rendered":"<h2>Imbottigliamento di riempimento di liquidi con pistone di aspirazione pneumatico, erogazione di 1000-5000 ml?<\/h2>\n<p>Riempitrice pneumatica per dispositivi di imbottigliamento da 1000ML \u27a1\ufe0f5000ML per shampoo, olio, acqua, profumo<\/p>\n<p>riempitrice semiautomatica di bottiglie<\/p>\n<p>RIEMPITRICE PNEUMATICA DI LIQUIDI PER SHAMPOO, OLIO, PROFUMO ACQUA GEL<\/p>\n<p>1000ML \u27a1\ufe0f5000ML<\/p>\n<p>Puoi dosare diversi tipi di liquidi come shampoo, olio, acqua, profumo e gel chimico. Puoi dosare diverse quantit\u00e0 di prodotto che vanno da 1000 Ml \u27a1\ufe0f5000 Ml<\/p>","protected":false},"featured_media":3645,"comment_status":"open","ping_status":"closed","template":"","meta":{"wds_primary_product_brand":0,"wds_primary_product_cat":0},"product_brand":[],"product_cat":[18,19,321,21],"product_tag":[],"class_list":{"0":"post-3644","1":"product","2":"type-product","3":"status-publish","4":"has-post-thumbnail","6":"product_cat-dosificadoras","7":"product_cat-dosificadoras-de-liquidos","8":"product_cat-llenadoras-de-piston","9":"product_cat-maquinas-llenadoras","10":"product_shipping_class-express","12":"first","13":"instock","14":"sale","15":"taxable","16":"shipping-taxable","17":"purchasable","18":"product-type-simple"},"yoast_head":"<!-- This site is optimized with the Yoast SEO Premium plugin v24.9 (Yoast SEO v26.1) - https:\/\/yoast.com\/wordpress\/plugins\/seo\/ -->\n<title>Embotelladora de agua, l\u00edquidos, lej\u00eda, reactivos, zumo 1000-5000ml - distribuci\u00f3n ARC<\/title>\n<meta name=\"robots\" content=\"index, follow, max-snippet:-1, max-image-preview:large, max-video-preview:-1\" \/>\n<link rel=\"canonical\" href=\"https:\/\/distribucionarc.com\/it\/prodotto\/imbottigliatrice-liquidi-viscosi-olio-detergente-500-a-5000ml-2\/\" \/>\n<meta property=\"og:locale\" content=\"it_IT\" \/>\n<meta property=\"og:type\" content=\"article\" \/>\n<meta property=\"og:title\" content=\"Embotelladora de agua, l\u00edquidos, lej\u00eda, reactivos, zumo 1000-5000ml\" \/>\n<meta property=\"og:description\" content=\"Llenadora de L\u00edquidos Pist\u00f3n Neum\u00e1tico por Succi\u00f3n Embotelladora, Dosificadora 1000-5000 ml? Dispositivo de embotellado neum\u00e1tico 1000ML \u27a1\ufe0f 5000ML m\u00e1quina de rellenar para el champ\u00fa, aceite, agua, perfume  llenadora de botellas semiautom\u00e1tica  MAQUINA DE LLENADO DE LIQUIDO NEUMATICA PARA CHAMPU, ACEITE, PERFUME DE AGUA GEL  1000 ML \u27a1\ufe0f 5000 ML  Usted puede dosificar diversas clases de l\u00edquidos como champ\u00fa, aceite, agua, perfume, y gel el producto qu\u00edmico. Puede dosificar diferentes cantidades de producto que van desde los 1000 Ml \u27a1\ufe0f5000 Ml\" \/>\n<meta property=\"og:url\" content=\"https:\/\/distribucionarc.com\/it\/prodotto\/imbottigliatrice-liquidi-viscosi-olio-detergente-500-a-5000ml-2\/\" \/>\n<meta property=\"og:site_name\" content=\"distribuci\u00f3n ARC\" \/>\n<meta property=\"article:modified_time\" content=\"2025-05-08T20:52:56+00:00\" \/>\n<meta property=\"og:image\" content=\"https:\/\/distribucionarc.com\/wp-content\/uploads\/2020\/10\/Llenadora-de-L\u00edquidos-Pist\u00f3n-Neum\u00e1tico-por-Succi\u00f3n-Embotelladora-Dosificadora-1000-5000-ml-0.jpg\" \/>\n\t<meta property=\"og:image:width\" content=\"1600\" \/>\n\t<meta property=\"og:image:height\" content=\"1600\" \/>\n\t<meta property=\"og:image:type\" content=\"image\/jpeg\" \/>\n<meta name=\"twitter:card\" content=\"summary_large_image\" \/>\n<meta name=\"twitter:label1\" content=\"Tempo di lettura stimato\" \/>\n\t<meta name=\"twitter:data1\" content=\"3 minuti\" \/>\n<script type=\"application\/ld+json\" class=\"yoast-schema-graph\">{\"@context\":\"https:\/\/schema.org\",\"@graph\":[{\"@type\":\"WebPage\",\"@id\":\"https:\/\/distribucionarc.com\/pt\/producto\/embotelladora-de-agua-liquidos-lejia-reactivos-zumo-1000-5000ml\/\",\"url\":\"https:\/\/distribucionarc.com\/pt\/producto\/embotelladora-de-agua-liquidos-lejia-reactivos-zumo-1000-5000ml\/\",\"name\":\"Embotelladora de agua, l\u00edquidos, lej\u00eda, reactivos, zumo 1000-5000ml - distribuci\u00f3n ARC\",\"isPartOf\":{\"@id\":\"https:\/\/www.distribucionarc.com\/tr\/#website\"},\"primaryImageOfPage\":{\"@id\":\"https:\/\/distribucionarc.com\/pt\/producto\/embotelladora-de-agua-liquidos-lejia-reactivos-zumo-1000-5000ml\/#primaryimage\"},\"image\":{\"@id\":\"https:\/\/distribucionarc.com\/pt\/producto\/embotelladora-de-agua-liquidos-lejia-reactivos-zumo-1000-5000ml\/#primaryimage\"},\"thumbnailUrl\":\"https:\/\/distribucionarc.com\/wp-content\/uploads\/2020\/10\/Llenadora-de-L\u00edquidos-Pist\u00f3n-Neum\u00e1tico-por-Succi\u00f3n-Embotelladora-Dosificadora-1000-5000-ml-0.jpg\",\"datePublished\":\"2020-10-05T15:31:50+00:00\",\"dateModified\":\"2025-05-08T20:52:56+00:00\",\"breadcrumb\":{\"@id\":\"https:\/\/distribucionarc.com\/pt\/producto\/embotelladora-de-agua-liquidos-lejia-reactivos-zumo-1000-5000ml\/#breadcrumb\"},\"inLanguage\":\"it-IT\",\"potentialAction\":[{\"@type\":\"ReadAction\",\"target\":[\"https:\/\/distribucionarc.com\/pt\/producto\/embotelladora-de-agua-liquidos-lejia-reactivos-zumo-1000-5000ml\/\"]}]},{\"@type\":\"ImageObject\",\"inLanguage\":\"it-IT\",\"@id\":\"https:\/\/distribucionarc.com\/pt\/producto\/embotelladora-de-agua-liquidos-lejia-reactivos-zumo-1000-5000ml\/#primaryimage\",\"url\":\"https:\/\/distribucionarc.com\/wp-content\/uploads\/2020\/10\/Llenadora-de-L\u00edquidos-Pist\u00f3n-Neum\u00e1tico-por-Succi\u00f3n-Embotelladora-Dosificadora-1000-5000-ml-0.jpg\",\"contentUrl\":\"https:\/\/distribucionarc.com\/wp-content\/uploads\/2020\/10\/Llenadora-de-L\u00edquidos-Pist\u00f3n-Neum\u00e1tico-por-Succi\u00f3n-Embotelladora-Dosificadora-1000-5000-ml-0.jpg\",\"width\":1600,\"height\":1600,\"caption\":\"liquid filling machine liquid filling machine automatic manual liquid filling machine pneumatic machine filling machine for liquid filling machine bottle filling machine filling machine rotary filling machine 50-500ml cream filling machine\"},{\"@type\":\"BreadcrumbList\",\"@id\":\"https:\/\/distribucionarc.com\/pt\/producto\/embotelladora-de-agua-liquidos-lejia-reactivos-zumo-1000-5000ml\/#breadcrumb\",\"itemListElement\":[{\"@type\":\"ListItem\",\"position\":1,\"name\":\"Portada\",\"item\":\"https:\/\/www.distribucionarc.com\/tr\/\"},{\"@type\":\"ListItem\",\"position\":2,\"name\":\"Produktai\",\"item\":\"https:\/\/distribucionarc.com\/lt\/parduotuve\/\"},{\"@type\":\"ListItem\",\"position\":3,\"name\":\"Embotelladora de agua, l\u00edquidos, lej\u00eda, reactivos, zumo 1000-5000ml\"}]},{\"@type\":\"WebSite\",\"@id\":\"https:\/\/www.distribucionarc.com\/tr\/#website\",\"url\":\"https:\/\/www.distribucionarc.com\/tr\/\",\"name\":\"distribuci\u00f3n ARC\",\"description\":\"Empresa especializada en la fabricaci\u00f3n y distribuci\u00f3n de maquinaria industrial, selladoras de latas, Maquinas de hacer pastillas, Maquinas de cortar carne...\",\"publisher\":{\"@id\":\"https:\/\/www.distribucionarc.com\/tr\/#organization\"},\"potentialAction\":[{\"@type\":\"SearchAction\",\"target\":{\"@type\":\"EntryPoint\",\"urlTemplate\":\"https:\/\/www.distribucionarc.com\/tr\/?s={search_term_string}\"},\"query-input\":{\"@type\":\"PropertyValueSpecification\",\"valueRequired\":true,\"valueName\":\"search_term_string\"}}],\"inLanguage\":\"it-IT\"},{\"@type\":\"Organization\",\"@id\":\"https:\/\/www.distribucionarc.com\/tr\/#organization\",\"name\":\"Distribuci\u00f3n ARC\",\"url\":\"https:\/\/www.distribucionarc.com\/tr\/\",\"logo\":{\"@type\":\"ImageObject\",\"inLanguage\":\"it-IT\",\"@id\":\"https:\/\/www.distribucionarc.com\/tr\/#\/schema\/logo\/image\/\",\"url\":\"https:\/\/distribucionarc.com\/wp-content\/uploads\/2024\/10\/distribucion-ARC-COLOR-SIN-FONDO-e1732295305345.png\",\"contentUrl\":\"https:\/\/distribucionarc.com\/wp-content\/uploads\/2024\/10\/distribucion-ARC-COLOR-SIN-FONDO-e1732295305345.png\",\"width\":1164,\"height\":558,\"caption\":\"Distribuci\u00f3n ARC\"},\"image\":{\"@id\":\"https:\/\/www.distribucionarc.com\/tr\/#\/schema\/logo\/image\/\"},\"description\":\"Empresa especializada en la fabricaci\u00f3n y distribuci\u00f3n de maquinaria industrial para los sectores alimentario y farmac\u00e9utico. Nos especializamos en: M\u00e1quinas de cortar carne Fabricaci\u00f3n de comprimidos Sistemas de transporte industrial L\u00edneas de embotellado Dosificadores Y mucho m\u00e1s... Ofrecemos soluciones innovadoras y personalizadas para optimizar los procesos productivos de tu empresa.\",\"email\":\"Admistracion@distribucionarc.com\",\"telephone\":\"+34 643496664\",\"legalName\":\"ARC TECH SOLUTIONS\",\"foundingDate\":\"2024-04-09\",\"vatID\":\"B55480172\",\"numberOfEmployees\":{\"@type\":\"QuantitativeValue\",\"minValue\":\"1\",\"maxValue\":\"10\"}}]}<\/script>\n<!-- \/ Yoast SEO Premium plugin. -->","yoast_head_json":{"title":"Imbottigliamento acqua, liquidi, candeggina, reagenti, succhi 1000-5000ml - Distribuzione ARC","robots":{"index":"index","follow":"follow","max-snippet":"max-snippet:-1","max-image-preview":"max-image-preview:large","max-video-preview":"max-video-preview:-1"},"canonical":"https:\/\/distribucionarc.com\/it\/prodotto\/imbottigliatrice-liquidi-viscosi-olio-detergente-500-a-5000ml-2\/","og_locale":"it_IT","og_type":"article","og_title":"Embotelladora de agua, l\u00edquidos, lej\u00eda, reactivos, zumo 1000-5000ml","og_description":"Llenadora de L\u00edquidos Pist\u00f3n Neum\u00e1tico por Succi\u00f3n Embotelladora, Dosificadora 1000-5000 ml? Dispositivo de embotellado neum\u00e1tico 1000ML \u27a1\ufe0f 5000ML m\u00e1quina de rellenar para el champ\u00fa, aceite, agua, perfume  llenadora de botellas semiautom\u00e1tica  MAQUINA DE LLENADO DE LIQUIDO NEUMATICA PARA CHAMPU, ACEITE, PERFUME DE AGUA GEL  1000 ML \u27a1\ufe0f 5000 ML  Usted puede dosificar diversas clases de l\u00edquidos como champ\u00fa, aceite, agua, perfume, y gel el producto qu\u00edmico. Puede dosificar diferentes cantidades de producto que van desde los 1000 Ml \u27a1\ufe0f5000 Ml","og_url":"https:\/\/distribucionarc.com\/it\/prodotto\/imbottigliatrice-liquidi-viscosi-olio-detergente-500-a-5000ml-2\/","og_site_name":"distribuci\u00f3n ARC","article_modified_time":"2025-05-08T20:52:56+00:00","og_image":[{"width":1600,"height":1600,"url":"https:\/\/distribucionarc.com\/wp-content\/uploads\/2020\/10\/Llenadora-de-L\u00edquidos-Pist\u00f3n-Neum\u00e1tico-por-Succi\u00f3n-Embotelladora-Dosificadora-1000-5000-ml-0.jpg","type":"image\/jpeg"}],"twitter_card":"summary_large_image","twitter_misc":{"Tempo di lettura stimato":"3 minuti"},"schema":{"@context":"https:\/\/schema.org","@graph":[{"@type":"WebPage","@id":"https:\/\/distribucionarc.com\/pt\/producto\/embotelladora-de-agua-liquidos-lejia-reactivos-zumo-1000-5000ml\/","url":"https:\/\/distribucionarc.com\/pt\/producto\/embotelladora-de-agua-liquidos-lejia-reactivos-zumo-1000-5000ml\/","name":"Imbottigliamento acqua, liquidi, candeggina, reagenti, succhi 1000-5000ml - Distribuzione ARC","isPartOf":{"@id":"https:\/\/www.distribucionarc.com\/tr\/#website"},"primaryImageOfPage":{"@id":"https:\/\/distribucionarc.com\/pt\/producto\/embotelladora-de-agua-liquidos-lejia-reactivos-zumo-1000-5000ml\/#primaryimage"},"image":{"@id":"https:\/\/distribucionarc.com\/pt\/producto\/embotelladora-de-agua-liquidos-lejia-reactivos-zumo-1000-5000ml\/#primaryimage"},"thumbnailUrl":"https:\/\/distribucionarc.com\/wp-content\/uploads\/2020\/10\/Llenadora-de-L\u00edquidos-Pist\u00f3n-Neum\u00e1tico-por-Succi\u00f3n-Embotelladora-Dosificadora-1000-5000-ml-0.jpg","datePublished":"2020-10-05T15:31:50+00:00","dateModified":"2025-05-08T20:52:56+00:00","breadcrumb":{"@id":"https:\/\/distribucionarc.com\/pt\/producto\/embotelladora-de-agua-liquidos-lejia-reactivos-zumo-1000-5000ml\/#breadcrumb"},"inLanguage":"it-IT","potentialAction":[{"@type":"ReadAction","target":["https:\/\/distribucionarc.com\/pt\/producto\/embotelladora-de-agua-liquidos-lejia-reactivos-zumo-1000-5000ml\/"]}]},{"@type":"ImageObject","inLanguage":"it-IT","@id":"https:\/\/distribucionarc.com\/pt\/producto\/embotelladora-de-agua-liquidos-lejia-reactivos-zumo-1000-5000ml\/#primaryimage","url":"https:\/\/distribucionarc.com\/wp-content\/uploads\/2020\/10\/Llenadora-de-L\u00edquidos-Pist\u00f3n-Neum\u00e1tico-por-Succi\u00f3n-Embotelladora-Dosificadora-1000-5000-ml-0.jpg","contentUrl":"https:\/\/distribucionarc.com\/wp-content\/uploads\/2020\/10\/Llenadora-de-L\u00edquidos-Pist\u00f3n-Neum\u00e1tico-por-Succi\u00f3n-Embotelladora-Dosificadora-1000-5000-ml-0.jpg","width":1600,"height":1600,"caption":"liquid filling machine liquid filling machine automatic manual liquid filling machine pneumatic machine filling machine for liquid filling machine bottle filling machine filling machine rotary filling machine 50-500ml cream filling machine"},{"@type":"BreadcrumbList","@id":"https:\/\/distribucionarc.com\/pt\/producto\/embotelladora-de-agua-liquidos-lejia-reactivos-zumo-1000-5000ml\/#breadcrumb","itemListElement":[{"@type":"ListItem","position":1,"name":"Portada","item":"https:\/\/www.distribucionarc.com\/tr\/"},{"@type":"ListItem","position":2,"name":"Produktai","item":"https:\/\/distribucionarc.com\/lt\/parduotuve\/"},{"@type":"ListItem","position":3,"name":"Embotelladora de agua, l\u00edquidos, lej\u00eda, reactivos, zumo 1000-5000ml"}]},{"@type":"WebSite","@id":"https:\/\/www.distribucionarc.com\/tr\/#website","url":"https:\/\/www.distribucionarc.com\/tr\/","name":"Distribuzione dell&#039;ARCO","description":"Azienda specializzata nella produzione e distribuzione di macchinari industriali, macchine sigillatrici di lattine, macchine per la produzione di compresse, macchine per il taglio della carne...","publisher":{"@id":"https:\/\/www.distribucionarc.com\/tr\/#organization"},"potentialAction":[{"@type":"SearchAction","target":{"@type":"EntryPoint","urlTemplate":"https:\/\/www.distribucionarc.com\/tr\/?s={search_term_string}"},"query-input":{"@type":"PropertyValueSpecification","valueRequired":true,"valueName":"search_term_string"}}],"inLanguage":"it-IT"},{"@type":"Organization","@id":"https:\/\/www.distribucionarc.com\/tr\/#organization","name":"Distribuzione dell&#039;ARC","url":"https:\/\/www.distribucionarc.com\/tr\/","logo":{"@type":"ImageObject","inLanguage":"it-IT","@id":"https:\/\/www.distribucionarc.com\/tr\/#\/schema\/logo\/image\/","url":"https:\/\/distribucionarc.com\/wp-content\/uploads\/2024\/10\/distribucion-ARC-COLOR-SIN-FONDO-e1732295305345.png","contentUrl":"https:\/\/distribucionarc.com\/wp-content\/uploads\/2024\/10\/distribucion-ARC-COLOR-SIN-FONDO-e1732295305345.png","width":1164,"height":558,"caption":"Distribuci\u00f3n ARC"},"image":{"@id":"https:\/\/www.distribucionarc.com\/tr\/#\/schema\/logo\/image\/"},"description":"Azienda specializzata nella produzione e distribuzione di macchinari industriali per il settore alimentare e farmaceutico. Siamo specializzati in: Macchine per il taglio della carne Produzione di compresse Sistemi di trasporto industriale Linee di imbottigliamento Dispenser E molto altro ancora... Offriamo soluzioni innovative e personalizzate per ottimizzare i processi produttivi della vostra azienda.","email":"Admistracion@distribucionarc.com","telephone":"+34 643496664","legalName":"ARC TECH SOLUTIONS","foundingDate":"2024-04-09","vatID":"B55480172","numberOfEmployees":{"@type":"QuantitativeValue","minValue":"1","maxValue":"10"}}]}},"_links":{"self":[{"href":"https:\/\/distribucionarc.com\/it\/wp-json\/wp\/v2\/product\/3644","targetHints":{"allow":["GET"]}}],"collection":[{"href":"https:\/\/distribucionarc.com\/it\/wp-json\/wp\/v2\/product"}],"about":[{"href":"https:\/\/distribucionarc.com\/it\/wp-json\/wp\/v2\/types\/product"}],"replies":[{"embeddable":true,"href":"https:\/\/distribucionarc.com\/it\/wp-json\/wp\/v2\/comments?post=3644"}],"version-history":[{"count":2,"href":"https:\/\/distribucionarc.com\/it\/wp-json\/wp\/v2\/product\/3644\/revisions"}],"predecessor-version":[{"id":17471,"href":"https:\/\/distribucionarc.com\/it\/wp-json\/wp\/v2\/product\/3644\/revisions\/17471"}],"wp:featuredmedia":[{"embeddable":true,"href":"https:\/\/distribucionarc.com\/it\/wp-json\/wp\/v2\/media\/3645"}],"wp:attachment":[{"href":"https:\/\/distribucionarc.com\/it\/wp-json\/wp\/v2\/media?parent=3644"}],"wp:term":[{"taxonomy":"product_brand","embeddable":true,"href":"https:\/\/distribucionarc.com\/it\/wp-json\/wp\/v2\/product_brand?post=3644"},{"taxonomy":"product_cat","embeddable":true,"href":"https:\/\/distribucionarc.com\/it\/wp-json\/wp\/v2\/product_cat?post=3644"},{"taxonomy":"product_tag","embeddable":true,"href":"https:\/\/distribucionarc.com\/it\/wp-json\/wp\/v2\/product_tag?post=3644"}],"curies":[{"name":"wp","href":"https:\/\/api.w.org\/{rel}","templated":true}]}}