{"id":3656,"date":"2020-10-06T08:43:12","date_gmt":"2020-10-06T08:43:12","guid":{"rendered":"https:\/\/distribucionarc.com\/?post_type=product&#038;p=3656"},"modified":"2023-11-13T10:16:14","modified_gmt":"2023-11-13T10:16:14","slug":"macchina-ribobinatrice-per-etichette","status":"publish","type":"product","link":"https:\/\/distribucionarc.com\/it\/producto\/maquina-para-rebobinar-etiquetas\/","title":{"rendered":"Macchina ribobinatrice per etichette"},"content":{"rendered":"<h3>Macchina ribobinatrice per etichette<\/h3>\n<p>IL <strong>macchina avvolgitrice per etichette <span style=\"color: #ff0000;\">A<\/span><span style=\"color: #0000ff;\">R<\/span>C<\/strong> \u00c8 progettato con una manopola di regolazione manuale della velocit\u00e0. Girare in senso orario per aumentare la velocit\u00e0 e in senso antiorario per diminuirla. La barra di scorrimento garantisce che l&#039;etichetta sia ordinata e previene il disallineamento. Semplice da usare con un interruttore one-touch per un funzionamento sicuro.<\/p>\n<p>Questo <strong>riavvolgitore elettrico <span style=\"color: #ff0000;\">A<\/span><span style=\"color: #0000ff;\">R<\/span>CRE01<\/strong> \u00c8 realizzato in acciaio inossidabile e alluminio rinforzato. Per fornirti un dispositivo stabile e durevole. La gamma di dimensioni del rotolo di etichette \u00e8: larghezza del rotolo 115 mm; diametro esterno massimo di rotolamento 218 mm.<\/p>\n<p>IL <strong>macchine ribobinatrici automatiche per etichette<\/strong> Possono essere utilizzati con varie marche di stampanti. Sono adatte a molti settori che hanno la necessit\u00e0 di riavvolgere grandi quantit\u00e0 di etichette, come l&#039;industria logistica, alimentare, farmaceutica ed elettrica.<\/p>\n<h6><strong>Garanzia\u00a0<span style=\"color: #ff0000;\">A<\/span><span style=\"color: #0000ff;\">R<\/span>C 2 ANNI<\/strong><\/h6>\n<h6><span style=\"color: #008000;\">Avvolgitore elettrico efficiente, basso consumo 20w<\/span><\/h6>\n<h6><strong>supporto tecnico incluso<\/strong><\/h6>\n<p>&nbsp;<\/p>\n<table role=\"presentation\" width=\"100%\" cellspacing=\"0\" cellpadding=\"0\">\n<tbody>\n<tr>\n<td class=\"attrLabels\">Marca:<\/td>\n<td width=\"50.0%\">ARCO<\/td>\n<\/tr>\n<tr>\n<td class=\"attrLabels\">Paese di distribuzione:<\/td>\n<td width=\"50.0%\">Spagna, Germania, Stati Uniti<\/td>\n<td class=\"attrLabels\">Peso:<\/td>\n<td width=\"50.0%\">3,5 kg<\/td>\n<\/tr>\n<tr>\n<td class=\"attrLabels\">Garanzia:<\/td>\n<td width=\"50.0%\">2 anni<\/td>\n<td class=\"attrLabels\">Altezza:<\/td>\n<td width=\"50.0%\">24,1 centimetri<\/td>\n<\/tr>\n<tr>\n<td class=\"attrLabels\">Colore:<\/td>\n<td width=\"50.0%\">Argento<\/td>\n<td class=\"attrLabels\">Lungo:<\/td>\n<td width=\"50.0%\">20,3 cm<\/td>\n<\/tr>\n<tr>\n<td class=\"attrLabels\">Tipo di prodotto:<\/td>\n<td width=\"50.0%\">Macchina ribobinatrice per etichette<\/td>\n<td class=\"attrLabels\">Ampio:<\/td>\n<td width=\"50.0%\">24,1 centimetri<\/td>\n<\/tr>\n<tr>\n<td class=\"attrLabels\">Numero del produttore:<\/td>\n<td width=\"50.0%\">ARCRE01<\/td>\n<td class=\"attrLabels\">Energia:<\/td>\n<td width=\"50.0%\">20 W<\/td>\n<\/tr>\n<tr>\n<td class=\"attrLabels\">Materiale:<\/td>\n<td width=\"50.0%\">acciaio inossidabile, alluminio rinforzato, controllo automatico<\/td>\n<td class=\"attrLabels\">tensione di ingresso<\/td>\n<td width=\"50.0%\">220 V \u2013 60 Hz<\/td>\n<\/tr>\n<tr>\n<td class=\"attrLabels\">Strumenti di installazione:<\/td>\n<td width=\"50.0%\">S\u00ec<\/td>\n<td class=\"attrLabels\">Velocit\u00e0:<\/td>\n<td width=\"50.0%\">0 \u2013 50 giri\/min regolabile<\/td>\n<\/tr>\n<tr>\n<td class=\"attrLabels\">Operazione:<\/td>\n<td width=\"50.0%\">Elettrico\/manuale<\/td>\n<td class=\"attrLabels\">Capacit\u00e0 di conteggio:<\/td>\n<td width=\"50.0%\">\u00a09999 giri<\/td>\n<\/tr>\n<\/tbody>\n<\/table>","protected":false},"excerpt":{"rendered":"<h2>Macchina ribobinatrice per etichette<\/h2>\n<p>Lui<strong> riavvolgimento automatico delle etichette <span style=\"color: #ff0000;\">A<\/span><span style=\"color: #0000ff;\">R<\/span>C<\/strong> \u00c8 la macchina adatta per le industrie che realizzano in proprio etichette, lotti, codici a barre, ecc.; Configura il dispositivo e attivalo con la semplice pressione di un pulsante per ordinarli in pochi minuti.  L&#039;uso di questo<strong> riavvolgitore di etichette<\/strong> Risparmier\u00e0 il tuo lavoro e ridurr\u00e0 l&#039;intensit\u00e0 del lavoro dei lavoratori. \u00c8 un tipo di dispositivo pratico adatto all&#039;elaborazione batch e alla stampa di etichette.<\/p>\n<h6><strong>Garanzia\u00a0<span style=\"color: #ff0000;\">A<\/span><span style=\"color: #0000ff;\">R<\/span>C 2 ANNI<\/strong><\/h6>\n<h6><span style=\"color: #008000;\">Avvolgitore elettrico efficiente, basso consumo 20w<\/span><\/h6>\n<h6><strong>supporto tecnico incluso<\/strong><\/h6>","protected":false},"featured_media":3657,"comment_status":"open","ping_status":"closed","template":"","meta":{"wds_primary_product_brand":0,"wds_primary_product_cat":0},"product_brand":[],"product_cat":[44,69],"product_tag":[],"class_list":{"0":"post-3656","1":"product","2":"type-product","3":"status-publish","4":"has-post-thumbnail","6":"product_cat-etiquetadoras-de-botellas","7":"product_cat-maquinas-variadas","8":"product_shipping_class-hosteleria","10":"first","11":"instock","12":"taxable","13":"shipping-taxable","14":"purchasable","15":"product-type-simple"},"yoast_head":"<!-- This site is optimized with the Yoast SEO Premium plugin v24.9 (Yoast SEO v26.1) - https:\/\/yoast.com\/wordpress\/plugins\/seo\/ -->\n<title>M\u00e1quina para rebobinar etiquetas - distribuci\u00f3n ARC<\/title>\n<meta name=\"robots\" content=\"index, follow, max-snippet:-1, max-image-preview:large, max-video-preview:-1\" \/>\n<link rel=\"canonical\" href=\"https:\/\/distribucionarc.com\/it\/prodotto\/macchina-ribobinatrice-per-etichette\/\" \/>\n<meta property=\"og:locale\" content=\"it_IT\" \/>\n<meta property=\"og:type\" content=\"article\" \/>\n<meta property=\"og:title\" content=\"M\u00e1quina para rebobinar etiquetas\" \/>\n<meta property=\"og:description\" content=\"M\u00e1quina para rebobinar etiquetas El rebobinado autom\u00e1tico de etiquetas ARC es la m\u00e1quina adecuada para las industrias que elaboren sus propias etiquetas, lotes, c\u00f3digos de barras, etc; configure el dispositivo y acci\u00f3nelo pulsando un bot\u00f3n para ordenar las en unos minutos. \u00a0El uso de esta rebobinadora de etiquetas le ahorrar\u00e1 mano de obra y reducir\u00e1 la intensidad laboral de los trabajadores. Es un tipo de dispositivo pr\u00e1ctico adecuado para el procesamiento por lotes y la impresi\u00f3n de etiquetas. Garant\u00eda\u00a0ARC 2 A\u00d1OS Rebobinadora el\u00e9ctrica eficiente, bajo consumo 20w soporte t\u00e9cnico incluido\" \/>\n<meta property=\"og:url\" content=\"https:\/\/distribucionarc.com\/it\/prodotto\/macchina-ribobinatrice-per-etichette\/\" \/>\n<meta property=\"og:site_name\" content=\"distribuci\u00f3n ARC\" \/>\n<meta property=\"article:modified_time\" content=\"2023-11-13T10:16:14+00:00\" \/>\n<meta property=\"og:image\" content=\"https:\/\/distribucionarc.com\/wp-content\/uploads\/2020\/10\/M\u00e1quina-para-rebobinar-etiquetas-0.jpg\" \/>\n\t<meta property=\"og:image:width\" content=\"1600\" \/>\n\t<meta property=\"og:image:height\" content=\"1600\" \/>\n\t<meta property=\"og:image:type\" content=\"image\/jpeg\" \/>\n<meta name=\"twitter:card\" content=\"summary_large_image\" \/>\n<meta name=\"twitter:label1\" content=\"Tempo di lettura stimato\" \/>\n\t<meta name=\"twitter:data1\" content=\"1 minuto\" \/>\n<script type=\"application\/ld+json\" class=\"yoast-schema-graph\">{\"@context\":\"https:\/\/schema.org\",\"@graph\":[{\"@type\":\"WebPage\",\"@id\":\"https:\/\/distribucionarc.com\/bg\/producto\/maquina-para-rebobinar-etiquetas\/\",\"url\":\"https:\/\/distribucionarc.com\/bg\/producto\/maquina-para-rebobinar-etiquetas\/\",\"name\":\"M\u00e1quina para rebobinar etiquetas - distribuci\u00f3n ARC\",\"isPartOf\":{\"@id\":\"https:\/\/distribucionarc.com\/ar\/#website\"},\"primaryImageOfPage\":{\"@id\":\"https:\/\/distribucionarc.com\/bg\/producto\/maquina-para-rebobinar-etiquetas\/#primaryimage\"},\"image\":{\"@id\":\"https:\/\/distribucionarc.com\/bg\/producto\/maquina-para-rebobinar-etiquetas\/#primaryimage\"},\"thumbnailUrl\":\"https:\/\/distribucionarc.com\/wp-content\/uploads\/2020\/10\/M\u00e1quina-para-rebobinar-etiquetas-0.jpg\",\"datePublished\":\"2020-10-06T08:43:12+00:00\",\"dateModified\":\"2023-11-13T10:16:14+00:00\",\"breadcrumb\":{\"@id\":\"https:\/\/distribucionarc.com\/bg\/producto\/maquina-para-rebobinar-etiquetas\/#breadcrumb\"},\"inLanguage\":\"it-IT\",\"potentialAction\":[{\"@type\":\"ReadAction\",\"target\":[\"https:\/\/distribucionarc.com\/bg\/producto\/maquina-para-rebobinar-etiquetas\/\"]}]},{\"@type\":\"ImageObject\",\"inLanguage\":\"it-IT\",\"@id\":\"https:\/\/distribucionarc.com\/bg\/producto\/maquina-para-rebobinar-etiquetas\/#primaryimage\",\"url\":\"https:\/\/distribucionarc.com\/wp-content\/uploads\/2020\/10\/M\u00e1quina-para-rebobinar-etiquetas-0.jpg\",\"contentUrl\":\"https:\/\/distribucionarc.com\/wp-content\/uploads\/2020\/10\/M\u00e1quina-para-rebobinar-etiquetas-0.jpg\",\"width\":1600,\"height\":1600,\"caption\":\"M\u00e1quina para rebobinar etiquetas\"},{\"@type\":\"BreadcrumbList\",\"@id\":\"https:\/\/distribucionarc.com\/bg\/producto\/maquina-para-rebobinar-etiquetas\/#breadcrumb\",\"itemListElement\":[{\"@type\":\"ListItem\",\"position\":1,\"name\":\"Portada\",\"item\":\"https:\/\/www.distribucionarc.com\/pt\/\"},{\"@type\":\"ListItem\",\"position\":2,\"name\":\"Produtos\",\"item\":\"https:\/\/www.distribucionarc.com\/pt\/shop\/\"},{\"@type\":\"ListItem\",\"position\":3,\"name\":\"M\u00e1quina para rebobinar etiquetas\"}]},{\"@type\":\"WebSite\",\"@id\":\"https:\/\/distribucionarc.com\/ar\/#website\",\"url\":\"https:\/\/distribucionarc.com\/ar\/\",\"name\":\"distribuci\u00f3n ARC\",\"description\":\"Empresa especializada en la fabricaci\u00f3n y distribuci\u00f3n de maquinaria industrial, selladoras de latas, Maquinas de hacer pastillas, Maquinas de cortar carne...\",\"publisher\":{\"@id\":\"https:\/\/distribucionarc.com\/ar\/#organization\"},\"potentialAction\":[{\"@type\":\"SearchAction\",\"target\":{\"@type\":\"EntryPoint\",\"urlTemplate\":\"https:\/\/distribucionarc.com\/ar\/?s={search_term_string}\"},\"query-input\":{\"@type\":\"PropertyValueSpecification\",\"valueRequired\":true,\"valueName\":\"search_term_string\"}}],\"inLanguage\":\"it-IT\"},{\"@type\":\"Organization\",\"@id\":\"https:\/\/distribucionarc.com\/ar\/#organization\",\"name\":\"Distribuci\u00f3n ARC\",\"url\":\"https:\/\/distribucionarc.com\/ar\/\",\"logo\":{\"@type\":\"ImageObject\",\"inLanguage\":\"it-IT\",\"@id\":\"https:\/\/distribucionarc.com\/ar\/#\/schema\/logo\/image\/\",\"url\":\"https:\/\/distribucionarc.com\/wp-content\/uploads\/2024\/10\/distribucion-ARC-COLOR-SIN-FONDO-e1732295305345.png\",\"contentUrl\":\"https:\/\/distribucionarc.com\/wp-content\/uploads\/2024\/10\/distribucion-ARC-COLOR-SIN-FONDO-e1732295305345.png\",\"width\":1164,\"height\":558,\"caption\":\"Distribuci\u00f3n ARC\"},\"image\":{\"@id\":\"https:\/\/distribucionarc.com\/ar\/#\/schema\/logo\/image\/\"},\"description\":\"Empresa especializada en la fabricaci\u00f3n y distribuci\u00f3n de maquinaria industrial para los sectores alimentario y farmac\u00e9utico. Nos especializamos en: M\u00e1quinas de cortar carne Fabricaci\u00f3n de comprimidos Sistemas de transporte industrial L\u00edneas de embotellado Dosificadores Y mucho m\u00e1s... Ofrecemos soluciones innovadoras y personalizadas para optimizar los procesos productivos de tu empresa.\",\"email\":\"Admistracion@distribucionarc.com\",\"telephone\":\"+34 643496664\",\"legalName\":\"ARC TECH SOLUTIONS\",\"foundingDate\":\"2024-04-09\",\"vatID\":\"B55480172\",\"numberOfEmployees\":{\"@type\":\"QuantitativeValue\",\"minValue\":\"1\",\"maxValue\":\"10\"}}]}<\/script>\n<!-- \/ Yoast SEO Premium plugin. -->","yoast_head_json":{"title":"Macchina ribobinatrice etichette - distribuzione ARC","robots":{"index":"index","follow":"follow","max-snippet":"max-snippet:-1","max-image-preview":"max-image-preview:large","max-video-preview":"max-video-preview:-1"},"canonical":"https:\/\/distribucionarc.com\/it\/prodotto\/macchina-ribobinatrice-per-etichette\/","og_locale":"it_IT","og_type":"article","og_title":"M\u00e1quina para rebobinar etiquetas","og_description":"M\u00e1quina para rebobinar etiquetas El rebobinado autom\u00e1tico de etiquetas ARC es la m\u00e1quina adecuada para las industrias que elaboren sus propias etiquetas, lotes, c\u00f3digos de barras, etc; configure el dispositivo y acci\u00f3nelo pulsando un bot\u00f3n para ordenar las en unos minutos. \u00a0El uso de esta rebobinadora de etiquetas le ahorrar\u00e1 mano de obra y reducir\u00e1 la intensidad laboral de los trabajadores. Es un tipo de dispositivo pr\u00e1ctico adecuado para el procesamiento por lotes y la impresi\u00f3n de etiquetas. Garant\u00eda\u00a0ARC 2 A\u00d1OS Rebobinadora el\u00e9ctrica eficiente, bajo consumo 20w soporte t\u00e9cnico incluido","og_url":"https:\/\/distribucionarc.com\/it\/prodotto\/macchina-ribobinatrice-per-etichette\/","og_site_name":"distribuci\u00f3n ARC","article_modified_time":"2023-11-13T10:16:14+00:00","og_image":[{"width":1600,"height":1600,"url":"https:\/\/distribucionarc.com\/wp-content\/uploads\/2020\/10\/M\u00e1quina-para-rebobinar-etiquetas-0.jpg","type":"image\/jpeg"}],"twitter_card":"summary_large_image","twitter_misc":{"Tempo di lettura stimato":"1 minuto"},"schema":{"@context":"https:\/\/schema.org","@graph":[{"@type":"WebPage","@id":"https:\/\/distribucionarc.com\/bg\/producto\/maquina-para-rebobinar-etiquetas\/","url":"https:\/\/distribucionarc.com\/bg\/producto\/maquina-para-rebobinar-etiquetas\/","name":"Macchina ribobinatrice etichette - distribuzione ARC","isPartOf":{"@id":"https:\/\/distribucionarc.com\/ar\/#website"},"primaryImageOfPage":{"@id":"https:\/\/distribucionarc.com\/bg\/producto\/maquina-para-rebobinar-etiquetas\/#primaryimage"},"image":{"@id":"https:\/\/distribucionarc.com\/bg\/producto\/maquina-para-rebobinar-etiquetas\/#primaryimage"},"thumbnailUrl":"https:\/\/distribucionarc.com\/wp-content\/uploads\/2020\/10\/M\u00e1quina-para-rebobinar-etiquetas-0.jpg","datePublished":"2020-10-06T08:43:12+00:00","dateModified":"2023-11-13T10:16:14+00:00","breadcrumb":{"@id":"https:\/\/distribucionarc.com\/bg\/producto\/maquina-para-rebobinar-etiquetas\/#breadcrumb"},"inLanguage":"it-IT","potentialAction":[{"@type":"ReadAction","target":["https:\/\/distribucionarc.com\/bg\/producto\/maquina-para-rebobinar-etiquetas\/"]}]},{"@type":"ImageObject","inLanguage":"it-IT","@id":"https:\/\/distribucionarc.com\/bg\/producto\/maquina-para-rebobinar-etiquetas\/#primaryimage","url":"https:\/\/distribucionarc.com\/wp-content\/uploads\/2020\/10\/M\u00e1quina-para-rebobinar-etiquetas-0.jpg","contentUrl":"https:\/\/distribucionarc.com\/wp-content\/uploads\/2020\/10\/M\u00e1quina-para-rebobinar-etiquetas-0.jpg","width":1600,"height":1600,"caption":"M\u00e1quina para rebobinar etiquetas"},{"@type":"BreadcrumbList","@id":"https:\/\/distribucionarc.com\/bg\/producto\/maquina-para-rebobinar-etiquetas\/#breadcrumb","itemListElement":[{"@type":"ListItem","position":1,"name":"Portada","item":"https:\/\/www.distribucionarc.com\/pt\/"},{"@type":"ListItem","position":2,"name":"Produtos","item":"https:\/\/www.distribucionarc.com\/pt\/shop\/"},{"@type":"ListItem","position":3,"name":"M\u00e1quina para rebobinar etiquetas"}]},{"@type":"WebSite","@id":"https:\/\/distribucionarc.com\/ar\/#website","url":"https:\/\/distribucionarc.com\/ar\/","name":"Distribuzione dell&#039;ARCO","description":"Azienda specializzata nella produzione e distribuzione di macchinari industriali, macchine sigillatrici di lattine, macchine per la produzione di compresse, macchine per il taglio della carne...","publisher":{"@id":"https:\/\/distribucionarc.com\/ar\/#organization"},"potentialAction":[{"@type":"SearchAction","target":{"@type":"EntryPoint","urlTemplate":"https:\/\/distribucionarc.com\/ar\/?s={search_term_string}"},"query-input":{"@type":"PropertyValueSpecification","valueRequired":true,"valueName":"search_term_string"}}],"inLanguage":"it-IT"},{"@type":"Organization","@id":"https:\/\/distribucionarc.com\/ar\/#organization","name":"Distribuzione dell&#039;ARC","url":"https:\/\/distribucionarc.com\/ar\/","logo":{"@type":"ImageObject","inLanguage":"it-IT","@id":"https:\/\/distribucionarc.com\/ar\/#\/schema\/logo\/image\/","url":"https:\/\/distribucionarc.com\/wp-content\/uploads\/2024\/10\/distribucion-ARC-COLOR-SIN-FONDO-e1732295305345.png","contentUrl":"https:\/\/distribucionarc.com\/wp-content\/uploads\/2024\/10\/distribucion-ARC-COLOR-SIN-FONDO-e1732295305345.png","width":1164,"height":558,"caption":"Distribuci\u00f3n ARC"},"image":{"@id":"https:\/\/distribucionarc.com\/ar\/#\/schema\/logo\/image\/"},"description":"Azienda specializzata nella produzione e distribuzione di macchinari industriali per il settore alimentare e farmaceutico. Siamo specializzati in: Macchine per il taglio della carne Produzione di compresse Sistemi di trasporto industriale Linee di imbottigliamento Dispenser E molto altro ancora... Offriamo soluzioni innovative e personalizzate per ottimizzare i processi produttivi della vostra azienda.","email":"Admistracion@distribucionarc.com","telephone":"+34 643496664","legalName":"ARC TECH SOLUTIONS","foundingDate":"2024-04-09","vatID":"B55480172","numberOfEmployees":{"@type":"QuantitativeValue","minValue":"1","maxValue":"10"}}]}},"_links":{"self":[{"href":"https:\/\/distribucionarc.com\/it\/wp-json\/wp\/v2\/product\/3656","targetHints":{"allow":["GET"]}}],"collection":[{"href":"https:\/\/distribucionarc.com\/it\/wp-json\/wp\/v2\/product"}],"about":[{"href":"https:\/\/distribucionarc.com\/it\/wp-json\/wp\/v2\/types\/product"}],"replies":[{"embeddable":true,"href":"https:\/\/distribucionarc.com\/it\/wp-json\/wp\/v2\/comments?post=3656"}],"version-history":[{"count":0,"href":"https:\/\/distribucionarc.com\/it\/wp-json\/wp\/v2\/product\/3656\/revisions"}],"wp:featuredmedia":[{"embeddable":true,"href":"https:\/\/distribucionarc.com\/it\/wp-json\/wp\/v2\/media\/3657"}],"wp:attachment":[{"href":"https:\/\/distribucionarc.com\/it\/wp-json\/wp\/v2\/media?parent=3656"}],"wp:term":[{"taxonomy":"product_brand","embeddable":true,"href":"https:\/\/distribucionarc.com\/it\/wp-json\/wp\/v2\/product_brand?post=3656"},{"taxonomy":"product_cat","embeddable":true,"href":"https:\/\/distribucionarc.com\/it\/wp-json\/wp\/v2\/product_cat?post=3656"},{"taxonomy":"product_tag","embeddable":true,"href":"https:\/\/distribucionarc.com\/it\/wp-json\/wp\/v2\/product_tag?post=3656"}],"curies":[{"name":"wp","href":"https:\/\/api.w.org\/{rel}","templated":true}]}}