{"id":3679,"date":"2020-10-06T11:17:17","date_gmt":"2020-10-06T11:17:17","guid":{"rendered":"https:\/\/distribucionarc.com\/?post_type=product&#038;p=3679"},"modified":"2023-01-11T18:35:32","modified_gmt":"2023-01-11T18:35:32","slug":"taglia-tessuto-industriale","status":"publish","type":"product","link":"https:\/\/distribucionarc.com\/it\/producto\/cortadora-de-tela-industrial\/","title":{"rendered":"macchina da taglio industriale per tessuti"},"content":{"rendered":"<h3>macchina da taglio industriale per tessuti<\/h3>\n<p>IL<strong> macchina per il taglio del tessuto<\/strong> E&#039; dotato di dispositivo per affilare le pietre. Se necessario, pu\u00f2 essere sostituito rapidamente e facilmente senza smontare la lama. Lui<strong> taglierina elettrica per tessuti <span style=\"color: #ff0000;\">A<\/span><span style=\"color: #0000ff;\">R<\/span>C<\/strong> Utilizza lame in acciaio di alta qualit\u00e0 che sono affilate, durevoli e robuste. Il bordo esterno della lama \u00e8 dotato di una copertura protettiva per garantire la sicurezza dell&#039;utente.<\/p>\n<p>Il manico del <strong>macchina da taglio rotativa per tessuti<span style=\"color: #ff0000;\"> A<\/span><span style=\"color: #0000ff;\">R<\/span>CCTE90<\/strong> Ha un design ergonomico per facilitare la presa e il processo di taglio. La struttura progettata per l&#039;utilizzo con una sola mano ti consente pi\u00f9 comfort per effettuare tagli pi\u00f9 precisi. La base ispessita \u00e8 pi\u00f9 stabile e sicura. Inoltre, contribuisce a un taglio pi\u00f9 preciso e senza sforzo.<\/p>\n<p>Il taglia tessuti elettrico \u00e8 un&#039;attrezzatura essenziale per l&#039;abbigliamento ed \u00e8 adatto per eseguire tagli precisi su lotti di tessuto di cotone, lana, lino, pelle, ecc.<\/p>\n<h6><strong>Garanzia\u00a0<span style=\"color: #ff0000;\">A<\/span><span style=\"color: #0000ff;\">R<\/span>C 2 ANNI<\/strong><\/h6>\n<h6><span style=\"color: #008000;\">Efficiente taglierino per tessuti, basso consumo 165w<\/span><\/h6>\n<h6><strong>supporto tecnico incluso<\/strong><\/h6>\n<p>&nbsp;<\/p>\n<table role=\"presentation\" width=\"100%\" cellspacing=\"0\" cellpadding=\"0\">\n<tbody>\n<tr>\n<td class=\"attrLabels\">Marca:<\/td>\n<td width=\"50.0%\">ARCO<\/td>\n<\/tr>\n<tr>\n<td class=\"attrLabels\">Paese di distribuzione:<\/td>\n<td width=\"50.0%\">Spagna, Germania, Stati Uniti<\/td>\n<td class=\"attrLabels\">Peso:<\/td>\n<td width=\"50.0%\">2,4 kg<\/td>\n<\/tr>\n<tr>\n<td class=\"attrLabels\">Garanzia:<\/td>\n<td width=\"50.0%\">2 anni<\/td>\n<td class=\"attrLabels\">Altezza:<\/td>\n<td width=\"50.0%\">21,8 cm<\/td>\n<\/tr>\n<tr>\n<td class=\"attrLabels\">Colore:<\/td>\n<td width=\"50.0%\">Argento<\/td>\n<td class=\"attrLabels\">Lungo:<\/td>\n<td width=\"50.0%\">17,9 centimetri<\/td>\n<\/tr>\n<tr>\n<td class=\"attrLabels\">Tipo di prodotto:<\/td>\n<td width=\"50.0%\">Taglierina elettrica per tessuti<\/td>\n<td class=\"attrLabels\">Ampio:<\/td>\n<td width=\"50.0%\">8,9 cm<\/td>\n<\/tr>\n<tr>\n<td class=\"attrLabels\">Numero del produttore:<\/td>\n<td width=\"50.0%\">ARCCTE90<\/td>\n<td class=\"attrLabels\">Energia:<\/td>\n<td width=\"50.0%\">165 W<\/td>\n<\/tr>\n<tr>\n<td class=\"attrLabels\">Materiale:<\/td>\n<td width=\"50.0%\">acciaio inossidabile, motore efficiente,<\/td>\n<td class=\"attrLabels\">tensione di ingresso<\/td>\n<td width=\"50.0%\">220 V \u2013 60 Hz<\/td>\n<\/tr>\n<tr>\n<td class=\"attrLabels\">Strumenti di installazione:<\/td>\n<td width=\"50.0%\">S\u00ec<\/td>\n<td class=\"attrLabels\">Dimensioni del foglio:<\/td>\n<td width=\"50.0%\">90 mm<\/td>\n<\/tr>\n<tr>\n<td class=\"attrLabels\">Operazione:<\/td>\n<td width=\"50.0%\">Elettrico\/manuale<\/td>\n<td class=\"attrLabels\">Capacit\u00e0 di taglio:<\/td>\n<td width=\"50.0%\">\u00a023 mm<\/td>\n<\/tr>\n<\/tbody>\n<\/table>","protected":false},"excerpt":{"rendered":"<h2>macchina da taglio industriale per tessuti<\/h2>\n<p>Lui <strong>Taglierina rotativa elettrica ARC<\/strong> \u00c8 dotato di lame affilate in acciaio di alta qualit\u00e0. La trasmissione in miniatura e gli ingranaggi senza riduzione rendono il <span style=\"color: #008000;\"><strong>motore<\/strong><\/span> Essere<span style=\"color: #008000;\"><strong> efficiente dal punto di vista energetico<\/strong><\/span>; tagliare i tessuti in modo rapido e senza sforzo. Ampiamente usato nell&#039;industria dell&#039;abbigliamento, della carta, dei tappeti, dell&#039;artigianato, degli articoli da regalo, dei mobili, della tappezzeria, ecc.<\/p>\n<h6><strong>Garanzia\u00a0<span style=\"color: #ff0000;\">A<\/span><span style=\"color: #0000ff;\">R<\/span>C 2 ANNI<\/strong><\/h6>\n<h6><span style=\"color: #008000;\">Efficiente taglierino per tessuti, basso consumo 165w<\/span><\/h6>\n<h6><strong>supporto tecnico incluso<\/strong><\/h6>\n<p>&nbsp;<\/p>","protected":false},"featured_media":3686,"comment_status":"open","ping_status":"closed","template":"","meta":{"wds_primary_product_brand":0,"wds_primary_product_cat":0},"product_brand":[],"product_cat":[69],"product_tag":[],"class_list":{"0":"post-3679","1":"product","2":"type-product","3":"status-publish","4":"has-post-thumbnail","6":"product_cat-maquinas-variadas","7":"product_shipping_class-hosteleria","9":"first","10":"instock","11":"taxable","12":"shipping-taxable","13":"purchasable","14":"product-type-simple"},"yoast_head":"<!-- This site is optimized with the Yoast SEO Premium plugin v24.9 (Yoast SEO v26.1) - https:\/\/yoast.com\/wordpress\/plugins\/seo\/ -->\n<title>Cortadora de tela industrial - distribuci\u00f3n ARC<\/title>\n<meta name=\"robots\" content=\"index, follow, max-snippet:-1, max-image-preview:large, max-video-preview:-1\" \/>\n<link rel=\"canonical\" href=\"https:\/\/distribucionarc.com\/it\/prodotto\/taglia-tessuto-industriale\/\" \/>\n<meta property=\"og:locale\" content=\"it_IT\" \/>\n<meta property=\"og:type\" content=\"article\" \/>\n<meta property=\"og:title\" content=\"Cortadora de tela industrial\" \/>\n<meta property=\"og:description\" content=\"Cortadora de tela industrial El cortador rotatorio el\u00e9ctrico ARC cuenta con cuchillas de acero afiladas de alta calidad. El accionamiento en miniatura y engranajes sin reducci\u00f3n hacen que el motor sea energ\u00e9ticamente eficiente; cortando la materia textil r\u00e1pidamente y sin esfuerzo. Ampliamente utilizado en la industria de prendas de vestir, papel, alfombras, manualidades, regalos, muebles, tapizados, etc. Garant\u00eda\u00a0ARC 2 A\u00d1OS Cortadora de tela eficiente, bajo consumo 165w soporte t\u00e9cnico incluido &nbsp;\" \/>\n<meta property=\"og:url\" content=\"https:\/\/distribucionarc.com\/it\/prodotto\/taglia-tessuto-industriale\/\" \/>\n<meta property=\"og:site_name\" content=\"distribuci\u00f3n ARC\" \/>\n<meta property=\"article:modified_time\" content=\"2023-01-11T18:35:32+00:00\" \/>\n<meta property=\"og:image\" content=\"https:\/\/distribucionarc.com\/wp-content\/uploads\/2020\/10\/Cortadora-de-tela-industrial-0.jpg\" \/>\n\t<meta property=\"og:image:width\" content=\"1600\" \/>\n\t<meta property=\"og:image:height\" content=\"1600\" \/>\n\t<meta property=\"og:image:type\" content=\"image\/jpeg\" \/>\n<meta name=\"twitter:card\" content=\"summary_large_image\" \/>\n<meta name=\"twitter:label1\" content=\"Tempo di lettura stimato\" \/>\n\t<meta name=\"twitter:data1\" content=\"1 minuto\" \/>\n<script type=\"application\/ld+json\" class=\"yoast-schema-graph\">{\"@context\":\"https:\/\/schema.org\",\"@graph\":[{\"@type\":\"WebPage\",\"@id\":\"https:\/\/distribucionarc.com\/pt\/producto\/cortadora-de-tela-industrial\/\",\"url\":\"https:\/\/distribucionarc.com\/pt\/producto\/cortadora-de-tela-industrial\/\",\"name\":\"Cortadora de tela industrial - distribuci\u00f3n ARC\",\"isPartOf\":{\"@id\":\"https:\/\/distribucionarc.com\/de\/#website\"},\"primaryImageOfPage\":{\"@id\":\"https:\/\/distribucionarc.com\/pt\/producto\/cortadora-de-tela-industrial\/#primaryimage\"},\"image\":{\"@id\":\"https:\/\/distribucionarc.com\/pt\/producto\/cortadora-de-tela-industrial\/#primaryimage\"},\"thumbnailUrl\":\"https:\/\/distribucionarc.com\/wp-content\/uploads\/2020\/10\/Cortadora-de-tela-industrial-0.jpg\",\"datePublished\":\"2020-10-06T11:17:17+00:00\",\"dateModified\":\"2023-01-11T18:35:32+00:00\",\"breadcrumb\":{\"@id\":\"https:\/\/distribucionarc.com\/pt\/producto\/cortadora-de-tela-industrial\/#breadcrumb\"},\"inLanguage\":\"it-IT\",\"potentialAction\":[{\"@type\":\"ReadAction\",\"target\":[\"https:\/\/distribucionarc.com\/pt\/producto\/cortadora-de-tela-industrial\/\"]}]},{\"@type\":\"ImageObject\",\"inLanguage\":\"it-IT\",\"@id\":\"https:\/\/distribucionarc.com\/pt\/producto\/cortadora-de-tela-industrial\/#primaryimage\",\"url\":\"https:\/\/distribucionarc.com\/wp-content\/uploads\/2020\/10\/Cortadora-de-tela-industrial-0.jpg\",\"contentUrl\":\"https:\/\/distribucionarc.com\/wp-content\/uploads\/2020\/10\/Cortadora-de-tela-industrial-0.jpg\",\"width\":1600,\"height\":1600,\"caption\":\"Cortadora de tela industrial\"},{\"@type\":\"BreadcrumbList\",\"@id\":\"https:\/\/distribucionarc.com\/pt\/producto\/cortadora-de-tela-industrial\/#breadcrumb\",\"itemListElement\":[{\"@type\":\"ListItem\",\"position\":1,\"name\":\"Portada\",\"item\":\"https:\/\/distribucionarc.com\/pl\/\"},{\"@type\":\"ListItem\",\"position\":2,\"name\":\"Produkty\",\"item\":\"https:\/\/distribucionarc.com\/pl\/shop\/\"},{\"@type\":\"ListItem\",\"position\":3,\"name\":\"Cortadora de tela industrial\"}]},{\"@type\":\"WebSite\",\"@id\":\"https:\/\/distribucionarc.com\/de\/#website\",\"url\":\"https:\/\/distribucionarc.com\/de\/\",\"name\":\"distribuci\u00f3n ARC\",\"description\":\"Empresa especializada en la fabricaci\u00f3n y distribuci\u00f3n de maquinaria industrial, selladoras de latas, Maquinas de hacer pastillas, Maquinas de cortar carne...\",\"publisher\":{\"@id\":\"https:\/\/distribucionarc.com\/de\/#organization\"},\"potentialAction\":[{\"@type\":\"SearchAction\",\"target\":{\"@type\":\"EntryPoint\",\"urlTemplate\":\"https:\/\/distribucionarc.com\/de\/?s={search_term_string}\"},\"query-input\":{\"@type\":\"PropertyValueSpecification\",\"valueRequired\":true,\"valueName\":\"search_term_string\"}}],\"inLanguage\":\"it-IT\"},{\"@type\":\"Organization\",\"@id\":\"https:\/\/distribucionarc.com\/de\/#organization\",\"name\":\"Distribuci\u00f3n ARC\",\"url\":\"https:\/\/distribucionarc.com\/de\/\",\"logo\":{\"@type\":\"ImageObject\",\"inLanguage\":\"it-IT\",\"@id\":\"https:\/\/distribucionarc.com\/de\/#\/schema\/logo\/image\/\",\"url\":\"https:\/\/distribucionarc.com\/wp-content\/uploads\/2024\/10\/distribucion-ARC-COLOR-SIN-FONDO-e1732295305345.png\",\"contentUrl\":\"https:\/\/distribucionarc.com\/wp-content\/uploads\/2024\/10\/distribucion-ARC-COLOR-SIN-FONDO-e1732295305345.png\",\"width\":1164,\"height\":558,\"caption\":\"Distribuci\u00f3n ARC\"},\"image\":{\"@id\":\"https:\/\/distribucionarc.com\/de\/#\/schema\/logo\/image\/\"},\"description\":\"Empresa especializada en la fabricaci\u00f3n y distribuci\u00f3n de maquinaria industrial para los sectores alimentario y farmac\u00e9utico. Nos especializamos en: M\u00e1quinas de cortar carne Fabricaci\u00f3n de comprimidos Sistemas de transporte industrial L\u00edneas de embotellado Dosificadores Y mucho m\u00e1s... Ofrecemos soluciones innovadoras y personalizadas para optimizar los procesos productivos de tu empresa.\",\"email\":\"Admistracion@distribucionarc.com\",\"telephone\":\"+34 643496664\",\"legalName\":\"ARC TECH SOLUTIONS\",\"foundingDate\":\"2024-04-09\",\"vatID\":\"B55480172\",\"numberOfEmployees\":{\"@type\":\"QuantitativeValue\",\"minValue\":\"1\",\"maxValue\":\"10\"}}]}<\/script>\n<!-- \/ Yoast SEO Premium plugin. -->","yoast_head_json":{"title":"Macchina da taglio industriale per tessuti - distribuzione ARC","robots":{"index":"index","follow":"follow","max-snippet":"max-snippet:-1","max-image-preview":"max-image-preview:large","max-video-preview":"max-video-preview:-1"},"canonical":"https:\/\/distribucionarc.com\/it\/prodotto\/taglia-tessuto-industriale\/","og_locale":"it_IT","og_type":"article","og_title":"Cortadora de tela industrial","og_description":"Cortadora de tela industrial El cortador rotatorio el\u00e9ctrico ARC cuenta con cuchillas de acero afiladas de alta calidad. El accionamiento en miniatura y engranajes sin reducci\u00f3n hacen que el motor sea energ\u00e9ticamente eficiente; cortando la materia textil r\u00e1pidamente y sin esfuerzo. Ampliamente utilizado en la industria de prendas de vestir, papel, alfombras, manualidades, regalos, muebles, tapizados, etc. Garant\u00eda\u00a0ARC 2 A\u00d1OS Cortadora de tela eficiente, bajo consumo 165w soporte t\u00e9cnico incluido &nbsp;","og_url":"https:\/\/distribucionarc.com\/it\/prodotto\/taglia-tessuto-industriale\/","og_site_name":"distribuci\u00f3n ARC","article_modified_time":"2023-01-11T18:35:32+00:00","og_image":[{"width":1600,"height":1600,"url":"https:\/\/distribucionarc.com\/wp-content\/uploads\/2020\/10\/Cortadora-de-tela-industrial-0.jpg","type":"image\/jpeg"}],"twitter_card":"summary_large_image","twitter_misc":{"Tempo di lettura stimato":"1 minuto"},"schema":{"@context":"https:\/\/schema.org","@graph":[{"@type":"WebPage","@id":"https:\/\/distribucionarc.com\/pt\/producto\/cortadora-de-tela-industrial\/","url":"https:\/\/distribucionarc.com\/pt\/producto\/cortadora-de-tela-industrial\/","name":"Macchina da taglio industriale per tessuti - distribuzione ARC","isPartOf":{"@id":"https:\/\/distribucionarc.com\/de\/#website"},"primaryImageOfPage":{"@id":"https:\/\/distribucionarc.com\/pt\/producto\/cortadora-de-tela-industrial\/#primaryimage"},"image":{"@id":"https:\/\/distribucionarc.com\/pt\/producto\/cortadora-de-tela-industrial\/#primaryimage"},"thumbnailUrl":"https:\/\/distribucionarc.com\/wp-content\/uploads\/2020\/10\/Cortadora-de-tela-industrial-0.jpg","datePublished":"2020-10-06T11:17:17+00:00","dateModified":"2023-01-11T18:35:32+00:00","breadcrumb":{"@id":"https:\/\/distribucionarc.com\/pt\/producto\/cortadora-de-tela-industrial\/#breadcrumb"},"inLanguage":"it-IT","potentialAction":[{"@type":"ReadAction","target":["https:\/\/distribucionarc.com\/pt\/producto\/cortadora-de-tela-industrial\/"]}]},{"@type":"ImageObject","inLanguage":"it-IT","@id":"https:\/\/distribucionarc.com\/pt\/producto\/cortadora-de-tela-industrial\/#primaryimage","url":"https:\/\/distribucionarc.com\/wp-content\/uploads\/2020\/10\/Cortadora-de-tela-industrial-0.jpg","contentUrl":"https:\/\/distribucionarc.com\/wp-content\/uploads\/2020\/10\/Cortadora-de-tela-industrial-0.jpg","width":1600,"height":1600,"caption":"Cortadora de tela industrial"},{"@type":"BreadcrumbList","@id":"https:\/\/distribucionarc.com\/pt\/producto\/cortadora-de-tela-industrial\/#breadcrumb","itemListElement":[{"@type":"ListItem","position":1,"name":"Portada","item":"https:\/\/distribucionarc.com\/pl\/"},{"@type":"ListItem","position":2,"name":"Produkty","item":"https:\/\/distribucionarc.com\/pl\/shop\/"},{"@type":"ListItem","position":3,"name":"Cortadora de tela industrial"}]},{"@type":"WebSite","@id":"https:\/\/distribucionarc.com\/de\/#website","url":"https:\/\/distribucionarc.com\/de\/","name":"Distribuzione dell&#039;ARCO","description":"Azienda specializzata nella produzione e distribuzione di macchinari industriali, macchine sigillatrici di lattine, macchine per la produzione di compresse, macchine per il taglio della carne...","publisher":{"@id":"https:\/\/distribucionarc.com\/de\/#organization"},"potentialAction":[{"@type":"SearchAction","target":{"@type":"EntryPoint","urlTemplate":"https:\/\/distribucionarc.com\/de\/?s={search_term_string}"},"query-input":{"@type":"PropertyValueSpecification","valueRequired":true,"valueName":"search_term_string"}}],"inLanguage":"it-IT"},{"@type":"Organization","@id":"https:\/\/distribucionarc.com\/de\/#organization","name":"Distribuzione dell&#039;ARC","url":"https:\/\/distribucionarc.com\/de\/","logo":{"@type":"ImageObject","inLanguage":"it-IT","@id":"https:\/\/distribucionarc.com\/de\/#\/schema\/logo\/image\/","url":"https:\/\/distribucionarc.com\/wp-content\/uploads\/2024\/10\/distribucion-ARC-COLOR-SIN-FONDO-e1732295305345.png","contentUrl":"https:\/\/distribucionarc.com\/wp-content\/uploads\/2024\/10\/distribucion-ARC-COLOR-SIN-FONDO-e1732295305345.png","width":1164,"height":558,"caption":"Distribuci\u00f3n ARC"},"image":{"@id":"https:\/\/distribucionarc.com\/de\/#\/schema\/logo\/image\/"},"description":"Azienda specializzata nella produzione e distribuzione di macchinari industriali per il settore alimentare e farmaceutico. Siamo specializzati in: Macchine per il taglio della carne Produzione di compresse Sistemi di trasporto industriale Linee di imbottigliamento Dispenser E molto altro ancora... Offriamo soluzioni innovative e personalizzate per ottimizzare i processi produttivi della vostra azienda.","email":"Admistracion@distribucionarc.com","telephone":"+34 643496664","legalName":"ARC TECH SOLUTIONS","foundingDate":"2024-04-09","vatID":"B55480172","numberOfEmployees":{"@type":"QuantitativeValue","minValue":"1","maxValue":"10"}}]}},"_links":{"self":[{"href":"https:\/\/distribucionarc.com\/it\/wp-json\/wp\/v2\/product\/3679","targetHints":{"allow":["GET"]}}],"collection":[{"href":"https:\/\/distribucionarc.com\/it\/wp-json\/wp\/v2\/product"}],"about":[{"href":"https:\/\/distribucionarc.com\/it\/wp-json\/wp\/v2\/types\/product"}],"replies":[{"embeddable":true,"href":"https:\/\/distribucionarc.com\/it\/wp-json\/wp\/v2\/comments?post=3679"}],"version-history":[{"count":0,"href":"https:\/\/distribucionarc.com\/it\/wp-json\/wp\/v2\/product\/3679\/revisions"}],"wp:featuredmedia":[{"embeddable":true,"href":"https:\/\/distribucionarc.com\/it\/wp-json\/wp\/v2\/media\/3686"}],"wp:attachment":[{"href":"https:\/\/distribucionarc.com\/it\/wp-json\/wp\/v2\/media?parent=3679"}],"wp:term":[{"taxonomy":"product_brand","embeddable":true,"href":"https:\/\/distribucionarc.com\/it\/wp-json\/wp\/v2\/product_brand?post=3679"},{"taxonomy":"product_cat","embeddable":true,"href":"https:\/\/distribucionarc.com\/it\/wp-json\/wp\/v2\/product_cat?post=3679"},{"taxonomy":"product_tag","embeddable":true,"href":"https:\/\/distribucionarc.com\/it\/wp-json\/wp\/v2\/product_tag?post=3679"}],"curies":[{"name":"wp","href":"https:\/\/api.w.org\/{rel}","templated":true}]}}