{"id":3692,"date":"2020-10-06T14:38:36","date_gmt":"2020-10-06T14:38:36","guid":{"rendered":"https:\/\/distribucionarc.com\/?post_type=product&#038;p=3692"},"modified":"2023-07-26T16:52:46","modified_gmt":"2023-07-26T16:52:46","slug":"confezionatrice-sottovuoto-a-doppia-camera","status":"publish","type":"product","link":"https:\/\/distribucionarc.com\/it\/producto\/maquina-de-envasado-al-vacio-doble-camara\/","title":{"rendered":"Confezionatrice sottovuoto a doppia campana"},"content":{"rendered":"<h3>Confezionatrice sottovuoto a doppia campana<\/h3>\n<p>I principali materiali del <strong>macchina confezionatrice sottovuoto <span style=\"color: #ff0000;\">A<\/span><span style=\"color: #0000ff;\">R<\/span>C<\/strong> Sono realizzati in acciaio inossidabile 304; normativo per soddisfare i requisiti di igiene alimentare. L&#039;intera macchina adotta il design piatto della camera a vuoto per facilitare la pulizia dei materiali che cadono durante il processo di confezionamento come grasso, olio, tracce. E&#039; dotato di ruote resistenti e freni per agevolare lo spostamento della macchina.<\/p>\n<p>IL <strong>macchina confezionatrice sottovuoto <span style=\"color: #ff0000;\">A<\/span><span style=\"color: #0000ff;\">R<\/span>C6002S<\/strong> \u00c8 dotato di una pompa a vuoto ad alta potenza per eseguire un processo rapido ed efficiente. Questo \u00e8 controllato da un microcomputer per adattarsi alle esigenze di confezionamento, garantendo grande precisione. La striscia di tenuta a forma di V \u00e8 realizzata con materiali ad alta densit\u00e0 che garantiscono prestazioni di tenuta, resistenza alla pressione e resistenza all&#039;usura nel lavoro quotidiano.<\/p>\n<p>Molto facile da usare grazie alla struttura a bilanciamento dinamico, che permette di spingerlo con la forza di un dito, riducendo l&#039;intensit\u00e0 di lavoro. Dispone di un sistema di arresto di emergenza che pu\u00f2 essere attivato ogni volta che l&#039;utente lo considera. Dispone della funzione di raffreddamento dell&#039;aria di scarico<\/p>\n<h6><strong>Garanzia\u00a0<span style=\"color: #ff0000;\">A<\/span><span style=\"color: #0000ff;\">R<\/span>C 2 ANNI<\/strong><\/h6>\n<h6><span style=\"color: #008000;\">Sottovuoto efficiente, basso consumo 2000 w<\/span><\/h6>\n<h6><strong>supporto tecnico incluso<\/strong><\/h6>\n<p>&nbsp;<\/p>\n<table role=\"presentation\" width=\"100%\" cellspacing=\"0\" cellpadding=\"0\">\n<tbody>\n<tr>\n<td class=\"attrLabels\">Marca:<\/td>\n<td width=\"50.0%\">ARCO<\/td>\n<\/tr>\n<tr>\n<td class=\"attrLabels\">Paese di distribuzione:<\/td>\n<td width=\"50.0%\">Spagna, Germania, Stati Uniti<\/td>\n<td class=\"attrLabels\">Peso:<\/td>\n<td width=\"50.0%\">320 kg<\/td>\n<\/tr>\n<tr>\n<td class=\"attrLabels\">Numero del produttore:<\/td>\n<td width=\"50.0%\">ARC6002<\/td>\n<td class=\"attrLabels\">Dimensioni macchina:<\/td>\n<td width=\"50.0%\">151x68,5x96 cm<\/td>\n<\/tr>\n<tr>\n<td class=\"attrLabels\">Colore:<\/td>\n<td width=\"50.0%\">Argento<\/td>\n<td class=\"attrLabels\">Dimensioni della camera vuota:<\/td>\n<td width=\"50.0%\">72x55x16 cm<\/td>\n<\/tr>\n<tr>\n<td class=\"attrLabels\">Tipo di prodotto:<\/td>\n<td width=\"50.0%\">Confezionatrice industriale sottovuoto<\/td>\n<td class=\"attrLabels\">Sigillatura termica efficace:<\/td>\n<td width=\"50.0%\">60x55x16 cm<\/td>\n<\/tr>\n<tr>\n<td class=\"attrLabels\">Materiale:<\/td>\n<td width=\"50.0%\">Acciaio inossidabile 304<\/td>\n<td class=\"attrLabels\">Interlinea di sigillatura:<\/td>\n<td width=\"50.0%\">43 cm<\/td>\n<\/tr>\n<tr>\n<td class=\"attrLabels\">Strumenti di installazione:<\/td>\n<td width=\"50.0%\">S\u00ec<\/td>\n<td class=\"attrLabels\">Pompa a vuoto:<\/td>\n<td width=\"50.0%\">20x2 m3\/h<\/td>\n<\/tr>\n<tr>\n<td class=\"attrLabels\">Energia:<\/td>\n<td width=\"50.0%\">2000 W<\/td>\n<td class=\"attrLabels\">Ciclo di lavoro:<\/td>\n<td width=\"50.0%\">4-5 volte\/minuto<\/td>\n<\/tr>\n<tr>\n<td class=\"attrLabels\">Voltaggio in ingresso:<\/td>\n<td width=\"50.0%\">380 V \u2013 50 Hz<\/td>\n<td class=\"attrLabels\">Garanzia:<\/td>\n<td width=\"50.0%\">ARCO 2 ANNI<\/td>\n<\/tr>\n<\/tbody>\n<\/table>\n<p>&nbsp;<\/p>","protected":false},"excerpt":{"rendered":"<h2>Confezionatrice sottovuoto a doppia campana<\/h2>\n<p>Questo <strong>macchina confezionatrice sottovuoto industriale <span style=\"color: #ff0000;\">A<\/span><span style=\"color: #0000ff;\">R<\/span>C<\/strong> Adotta il sistema di controllo del microcomputer per rendere l&#039;impostazione dei parametri di sigillatura pi\u00f9 semplice e precisa; \u00c8 possibile impostare il tempo di messa sottovuoto, il tempo di sigillatura e il tempo di confezionamento in base alle proprie esigenze. Riuscire ad adattarsi alle esigenze del prodotto o del materiale di confezionamento, questo <strong>macchina confezionatrice<\/strong> \u00c8 adatto a diversi settori: alimentare, farmaceutico, meccanico, elettrico, ecc.<\/p>\n<h6><strong>Garanzia\u00a0<span style=\"color: #ff0000;\">A<\/span><span style=\"color: #0000ff;\">R<\/span>C 2 ANNI<\/strong><\/h6>\n<h6><span style=\"color: #008000;\">Sottovuoto efficiente, basso consumo 2000 w<\/span><\/h6>\n<h6><strong>supporto tecnico incluso<\/strong><\/h6>\n<p>&nbsp;<\/p>","protected":false},"featured_media":3701,"comment_status":"open","ping_status":"closed","template":"","meta":{"wds_primary_product_brand":0,"wds_primary_product_cat":0},"product_brand":[],"product_cat":[49,27],"product_tag":[],"class_list":{"0":"post-3692","1":"product","2":"type-product","3":"status-publish","4":"has-post-thumbnail","6":"product_cat-envasadoras-al-vacio","7":"product_cat-selladoras-de-bolsas","8":"product_shipping_class-express","10":"first","11":"instock","12":"taxable","13":"shipping-taxable","14":"purchasable","15":"product-type-simple"},"yoast_head":"<!-- This site is optimized with the Yoast SEO Premium plugin v24.9 (Yoast SEO v26.1) - https:\/\/yoast.com\/wordpress\/plugins\/seo\/ -->\n<title>M\u00e1quina de envasado al vac\u00edo doble c\u00e1mara - distribuci\u00f3n ARC<\/title>\n<meta name=\"robots\" content=\"index, follow, max-snippet:-1, max-image-preview:large, max-video-preview:-1\" \/>\n<link rel=\"canonical\" href=\"https:\/\/www.distribucionarc.com\/ro\/producto\/maquina-de-envasado-al-vacio-doble-camara\/\" \/>\n<meta property=\"og:locale\" content=\"it_IT\" \/>\n<meta property=\"og:type\" content=\"article\" \/>\n<meta property=\"og:title\" content=\"M\u00e1quina de envasado al vac\u00edo doble c\u00e1mara\" \/>\n<meta property=\"og:description\" content=\"M\u00e1quina de envasado al vac\u00edo doble c\u00e1mara Esta envasadora al vac\u00edo industrial ARC adopta un sistema de control por microordenador para que la configuraci\u00f3n de los par\u00e1metros de sellado sea m\u00e1s f\u00e1cil y precisa; puede establecer el tiempo de aspirado, tiempo de sellado y tiempo de embalaje de acuerdo con sus necesidades. Logrando adaptarse a las necesidades del producto o material de embalaje, esta m\u00e1quina de envasado es adecuada para diferentes industrias: alimentaria, farmac\u00e9utica, mec\u00e1nica, el\u00e9ctrica etc. Garant\u00eda\u00a0ARC 2 A\u00d1OS Envasadora al vac\u00edo eficiente, bajo consumo 2000 w soporte t\u00e9cnico incluido &nbsp;\" \/>\n<meta property=\"og:url\" content=\"https:\/\/www.distribucionarc.com\/ro\/producto\/maquina-de-envasado-al-vacio-doble-camara\/\" \/>\n<meta property=\"og:site_name\" content=\"distribuci\u00f3n ARC\" \/>\n<meta property=\"article:modified_time\" content=\"2023-07-26T16:52:46+00:00\" \/>\n<meta property=\"og:image\" content=\"https:\/\/distribucionarc.com\/wp-content\/uploads\/2020\/10\/M\u00e1quina-de-envasado-al-vac\u00edo-doble-c\u00e1mara-0-1.jpg\" \/>\n\t<meta property=\"og:image:width\" content=\"800\" \/>\n\t<meta property=\"og:image:height\" content=\"800\" \/>\n\t<meta property=\"og:image:type\" content=\"image\/jpeg\" \/>\n<meta name=\"twitter:card\" content=\"summary_large_image\" \/>\n<meta name=\"twitter:label1\" content=\"Tempo di lettura stimato\" \/>\n\t<meta name=\"twitter:data1\" content=\"2 minuti\" \/>\n<script type=\"application\/ld+json\" class=\"yoast-schema-graph\">{\"@context\":\"https:\/\/schema.org\",\"@graph\":[{\"@type\":\"WebPage\",\"@id\":\"https:\/\/www.distribucionarc.com\/ro\/producto\/maquina-de-envasado-al-vacio-doble-camara\/\",\"url\":\"https:\/\/www.distribucionarc.com\/ro\/producto\/maquina-de-envasado-al-vacio-doble-camara\/\",\"name\":\"M\u00e1quina de envasado al vac\u00edo doble c\u00e1mara - distribuci\u00f3n ARC\",\"isPartOf\":{\"@id\":\"https:\/\/www.distribucionarc.com\/de\/#website\"},\"primaryImageOfPage\":{\"@id\":\"https:\/\/www.distribucionarc.com\/ro\/producto\/maquina-de-envasado-al-vacio-doble-camara\/#primaryimage\"},\"image\":{\"@id\":\"https:\/\/www.distribucionarc.com\/ro\/producto\/maquina-de-envasado-al-vacio-doble-camara\/#primaryimage\"},\"thumbnailUrl\":\"https:\/\/distribucionarc.com\/wp-content\/uploads\/2020\/10\/M\u00e1quina-de-envasado-al-vac\u00edo-doble-c\u00e1mara-0-1.jpg\",\"datePublished\":\"2020-10-06T14:38:36+00:00\",\"dateModified\":\"2023-07-26T16:52:46+00:00\",\"breadcrumb\":{\"@id\":\"https:\/\/www.distribucionarc.com\/ro\/producto\/maquina-de-envasado-al-vacio-doble-camara\/#breadcrumb\"},\"inLanguage\":\"it-IT\",\"potentialAction\":[{\"@type\":\"ReadAction\",\"target\":[\"https:\/\/www.distribucionarc.com\/ro\/producto\/maquina-de-envasado-al-vacio-doble-camara\/\"]}]},{\"@type\":\"ImageObject\",\"inLanguage\":\"it-IT\",\"@id\":\"https:\/\/www.distribucionarc.com\/ro\/producto\/maquina-de-envasado-al-vacio-doble-camara\/#primaryimage\",\"url\":\"https:\/\/distribucionarc.com\/wp-content\/uploads\/2020\/10\/M\u00e1quina-de-envasado-al-vac\u00edo-doble-c\u00e1mara-0-1.jpg\",\"contentUrl\":\"https:\/\/distribucionarc.com\/wp-content\/uploads\/2020\/10\/M\u00e1quina-de-envasado-al-vac\u00edo-doble-c\u00e1mara-0-1.jpg\",\"width\":800,\"height\":800,\"caption\":\"M\u00e1quina de envasado al vac\u00edo doble c\u00e1mara\"},{\"@type\":\"BreadcrumbList\",\"@id\":\"https:\/\/www.distribucionarc.com\/ro\/producto\/maquina-de-envasado-al-vacio-doble-camara\/#breadcrumb\",\"itemListElement\":[{\"@type\":\"ListItem\",\"position\":1,\"name\":\"Portada\",\"item\":\"https:\/\/www.distribucionarc.com\/en\/\"},{\"@type\":\"ListItem\",\"position\":2,\"name\":\"Products\",\"item\":\"https:\/\/www.distribucionarc.com\/en\/shop\/\"},{\"@type\":\"ListItem\",\"position\":3,\"name\":\"M\u00e1quina de envasado al vac\u00edo doble c\u00e1mara\"}]},{\"@type\":\"WebSite\",\"@id\":\"https:\/\/www.distribucionarc.com\/de\/#website\",\"url\":\"https:\/\/www.distribucionarc.com\/de\/\",\"name\":\"distribuci\u00f3n ARC\",\"description\":\"Empresa especializada en la fabricaci\u00f3n y distribuci\u00f3n de maquinaria industrial, selladoras de latas, Maquinas de hacer pastillas, Maquinas de cortar carne...\",\"publisher\":{\"@id\":\"https:\/\/www.distribucionarc.com\/de\/#organization\"},\"potentialAction\":[{\"@type\":\"SearchAction\",\"target\":{\"@type\":\"EntryPoint\",\"urlTemplate\":\"https:\/\/www.distribucionarc.com\/de\/?s={search_term_string}\"},\"query-input\":{\"@type\":\"PropertyValueSpecification\",\"valueRequired\":true,\"valueName\":\"search_term_string\"}}],\"inLanguage\":\"it-IT\"},{\"@type\":\"Organization\",\"@id\":\"https:\/\/www.distribucionarc.com\/de\/#organization\",\"name\":\"Distribuci\u00f3n ARC\",\"url\":\"https:\/\/www.distribucionarc.com\/de\/\",\"logo\":{\"@type\":\"ImageObject\",\"inLanguage\":\"it-IT\",\"@id\":\"https:\/\/www.distribucionarc.com\/de\/#\/schema\/logo\/image\/\",\"url\":\"https:\/\/distribucionarc.com\/wp-content\/uploads\/2024\/10\/distribucion-ARC-COLOR-SIN-FONDO-e1732295305345.png\",\"contentUrl\":\"https:\/\/distribucionarc.com\/wp-content\/uploads\/2024\/10\/distribucion-ARC-COLOR-SIN-FONDO-e1732295305345.png\",\"width\":1164,\"height\":558,\"caption\":\"Distribuci\u00f3n ARC\"},\"image\":{\"@id\":\"https:\/\/www.distribucionarc.com\/de\/#\/schema\/logo\/image\/\"},\"description\":\"Empresa especializada en la fabricaci\u00f3n y distribuci\u00f3n de maquinaria industrial para los sectores alimentario y farmac\u00e9utico. Nos especializamos en: M\u00e1quinas de cortar carne Fabricaci\u00f3n de comprimidos Sistemas de transporte industrial L\u00edneas de embotellado Dosificadores Y mucho m\u00e1s... Ofrecemos soluciones innovadoras y personalizadas para optimizar los procesos productivos de tu empresa.\",\"email\":\"Admistracion@distribucionarc.com\",\"telephone\":\"+34 643496664\",\"legalName\":\"ARC TECH SOLUTIONS\",\"foundingDate\":\"2024-04-09\",\"vatID\":\"B55480172\",\"numberOfEmployees\":{\"@type\":\"QuantitativeValue\",\"minValue\":\"1\",\"maxValue\":\"10\"}}]}<\/script>\n<!-- \/ Yoast SEO Premium plugin. -->","yoast_head_json":{"title":"Confezionatrice sottovuoto a doppia campana - distribuzione ARC","robots":{"index":"index","follow":"follow","max-snippet":"max-snippet:-1","max-image-preview":"max-image-preview:large","max-video-preview":"max-video-preview:-1"},"canonical":"https:\/\/www.distribucionarc.com\/ro\/producto\/maquina-de-envasado-al-vacio-doble-camara\/","og_locale":"it_IT","og_type":"article","og_title":"M\u00e1quina de envasado al vac\u00edo doble c\u00e1mara","og_description":"M\u00e1quina de envasado al vac\u00edo doble c\u00e1mara Esta envasadora al vac\u00edo industrial ARC adopta un sistema de control por microordenador para que la configuraci\u00f3n de los par\u00e1metros de sellado sea m\u00e1s f\u00e1cil y precisa; puede establecer el tiempo de aspirado, tiempo de sellado y tiempo de embalaje de acuerdo con sus necesidades. Logrando adaptarse a las necesidades del producto o material de embalaje, esta m\u00e1quina de envasado es adecuada para diferentes industrias: alimentaria, farmac\u00e9utica, mec\u00e1nica, el\u00e9ctrica etc. Garant\u00eda\u00a0ARC 2 A\u00d1OS Envasadora al vac\u00edo eficiente, bajo consumo 2000 w soporte t\u00e9cnico incluido &nbsp;","og_url":"https:\/\/www.distribucionarc.com\/ro\/producto\/maquina-de-envasado-al-vacio-doble-camara\/","og_site_name":"distribuci\u00f3n ARC","article_modified_time":"2023-07-26T16:52:46+00:00","og_image":[{"width":800,"height":800,"url":"https:\/\/distribucionarc.com\/wp-content\/uploads\/2020\/10\/M\u00e1quina-de-envasado-al-vac\u00edo-doble-c\u00e1mara-0-1.jpg","type":"image\/jpeg"}],"twitter_card":"summary_large_image","twitter_misc":{"Tempo di lettura stimato":"2 minuti"},"schema":{"@context":"https:\/\/schema.org","@graph":[{"@type":"WebPage","@id":"https:\/\/www.distribucionarc.com\/ro\/producto\/maquina-de-envasado-al-vacio-doble-camara\/","url":"https:\/\/www.distribucionarc.com\/ro\/producto\/maquina-de-envasado-al-vacio-doble-camara\/","name":"Confezionatrice sottovuoto a doppia campana - distribuzione ARC","isPartOf":{"@id":"https:\/\/www.distribucionarc.com\/de\/#website"},"primaryImageOfPage":{"@id":"https:\/\/www.distribucionarc.com\/ro\/producto\/maquina-de-envasado-al-vacio-doble-camara\/#primaryimage"},"image":{"@id":"https:\/\/www.distribucionarc.com\/ro\/producto\/maquina-de-envasado-al-vacio-doble-camara\/#primaryimage"},"thumbnailUrl":"https:\/\/distribucionarc.com\/wp-content\/uploads\/2020\/10\/M\u00e1quina-de-envasado-al-vac\u00edo-doble-c\u00e1mara-0-1.jpg","datePublished":"2020-10-06T14:38:36+00:00","dateModified":"2023-07-26T16:52:46+00:00","breadcrumb":{"@id":"https:\/\/www.distribucionarc.com\/ro\/producto\/maquina-de-envasado-al-vacio-doble-camara\/#breadcrumb"},"inLanguage":"it-IT","potentialAction":[{"@type":"ReadAction","target":["https:\/\/www.distribucionarc.com\/ro\/producto\/maquina-de-envasado-al-vacio-doble-camara\/"]}]},{"@type":"ImageObject","inLanguage":"it-IT","@id":"https:\/\/www.distribucionarc.com\/ro\/producto\/maquina-de-envasado-al-vacio-doble-camara\/#primaryimage","url":"https:\/\/distribucionarc.com\/wp-content\/uploads\/2020\/10\/M\u00e1quina-de-envasado-al-vac\u00edo-doble-c\u00e1mara-0-1.jpg","contentUrl":"https:\/\/distribucionarc.com\/wp-content\/uploads\/2020\/10\/M\u00e1quina-de-envasado-al-vac\u00edo-doble-c\u00e1mara-0-1.jpg","width":800,"height":800,"caption":"M\u00e1quina de envasado al vac\u00edo doble c\u00e1mara"},{"@type":"BreadcrumbList","@id":"https:\/\/www.distribucionarc.com\/ro\/producto\/maquina-de-envasado-al-vacio-doble-camara\/#breadcrumb","itemListElement":[{"@type":"ListItem","position":1,"name":"Portada","item":"https:\/\/www.distribucionarc.com\/en\/"},{"@type":"ListItem","position":2,"name":"Products","item":"https:\/\/www.distribucionarc.com\/en\/shop\/"},{"@type":"ListItem","position":3,"name":"M\u00e1quina de envasado al vac\u00edo doble c\u00e1mara"}]},{"@type":"WebSite","@id":"https:\/\/www.distribucionarc.com\/de\/#website","url":"https:\/\/www.distribucionarc.com\/de\/","name":"Distribuzione dell&#039;ARCO","description":"Azienda specializzata nella produzione e distribuzione di macchinari industriali, macchine sigillatrici di lattine, macchine per la produzione di compresse, macchine per il taglio della carne...","publisher":{"@id":"https:\/\/www.distribucionarc.com\/de\/#organization"},"potentialAction":[{"@type":"SearchAction","target":{"@type":"EntryPoint","urlTemplate":"https:\/\/www.distribucionarc.com\/de\/?s={search_term_string}"},"query-input":{"@type":"PropertyValueSpecification","valueRequired":true,"valueName":"search_term_string"}}],"inLanguage":"it-IT"},{"@type":"Organization","@id":"https:\/\/www.distribucionarc.com\/de\/#organization","name":"Distribuzione dell&#039;ARC","url":"https:\/\/www.distribucionarc.com\/de\/","logo":{"@type":"ImageObject","inLanguage":"it-IT","@id":"https:\/\/www.distribucionarc.com\/de\/#\/schema\/logo\/image\/","url":"https:\/\/distribucionarc.com\/wp-content\/uploads\/2024\/10\/distribucion-ARC-COLOR-SIN-FONDO-e1732295305345.png","contentUrl":"https:\/\/distribucionarc.com\/wp-content\/uploads\/2024\/10\/distribucion-ARC-COLOR-SIN-FONDO-e1732295305345.png","width":1164,"height":558,"caption":"Distribuci\u00f3n ARC"},"image":{"@id":"https:\/\/www.distribucionarc.com\/de\/#\/schema\/logo\/image\/"},"description":"Azienda specializzata nella produzione e distribuzione di macchinari industriali per il settore alimentare e farmaceutico. Siamo specializzati in: Macchine per il taglio della carne Produzione di compresse Sistemi di trasporto industriale Linee di imbottigliamento Dispenser E molto altro ancora... Offriamo soluzioni innovative e personalizzate per ottimizzare i processi produttivi della vostra azienda.","email":"Admistracion@distribucionarc.com","telephone":"+34 643496664","legalName":"ARC TECH SOLUTIONS","foundingDate":"2024-04-09","vatID":"B55480172","numberOfEmployees":{"@type":"QuantitativeValue","minValue":"1","maxValue":"10"}}]}},"_links":{"self":[{"href":"https:\/\/distribucionarc.com\/it\/wp-json\/wp\/v2\/product\/3692","targetHints":{"allow":["GET"]}}],"collection":[{"href":"https:\/\/distribucionarc.com\/it\/wp-json\/wp\/v2\/product"}],"about":[{"href":"https:\/\/distribucionarc.com\/it\/wp-json\/wp\/v2\/types\/product"}],"replies":[{"embeddable":true,"href":"https:\/\/distribucionarc.com\/it\/wp-json\/wp\/v2\/comments?post=3692"}],"version-history":[{"count":0,"href":"https:\/\/distribucionarc.com\/it\/wp-json\/wp\/v2\/product\/3692\/revisions"}],"wp:featuredmedia":[{"embeddable":true,"href":"https:\/\/distribucionarc.com\/it\/wp-json\/wp\/v2\/media\/3701"}],"wp:attachment":[{"href":"https:\/\/distribucionarc.com\/it\/wp-json\/wp\/v2\/media?parent=3692"}],"wp:term":[{"taxonomy":"product_brand","embeddable":true,"href":"https:\/\/distribucionarc.com\/it\/wp-json\/wp\/v2\/product_brand?post=3692"},{"taxonomy":"product_cat","embeddable":true,"href":"https:\/\/distribucionarc.com\/it\/wp-json\/wp\/v2\/product_cat?post=3692"},{"taxonomy":"product_tag","embeddable":true,"href":"https:\/\/distribucionarc.com\/it\/wp-json\/wp\/v2\/product_tag?post=3692"}],"curies":[{"name":"wp","href":"https:\/\/api.w.org\/{rel}","templated":true}]}}