{"id":3710,"date":"2020-10-07T08:51:23","date_gmt":"2020-10-07T08:51:23","guid":{"rendered":"https:\/\/distribucionarc.com\/?post_type=product&#038;p=3710"},"modified":"2020-10-29T12:19:37","modified_gmt":"2020-10-29T12:19:37","slug":"duplicatore-di-chiavi","status":"publish","type":"product","link":"https:\/\/distribucionarc.com\/it\/producto\/maquina-para-duplicar-llaves\/","title":{"rendered":"Macchina duplicatrice e duplicatrice chiavi\u00a0"},"content":{"rendered":"<h3>Macchina per la duplicazione delle chiavi<\/h3>\n<p>La struttura di questo<strong> fresatrice per chiavi <span style=\"color: #ff0000\">A<\/span><span style=\"color: #0000ff\">R<\/span>C<\/strong> \u00c8 robusto e compatto, realizzato in acciaio rinforzato con una pellicola antiruggine per garantire la durata della macchina. Il motore a filo di rame garantisce elevate prestazioni nell&#039;uso quotidiano, oltre ad essere pi\u00f9 resistente rispetto ad altri motori. Contiene un ago sottile per realizzare profondit\u00e0 e tagli precisi in diversi tipi di chiavi per porte, armadi, casseforti, finestre, vetrine ecc. Grazie alla lampada LED potrai effettuare il processo in modo semplice e preciso.<\/p>\n<p>Il disco da taglio rotante<strong> macchina per la duplicazione delle chiavi <span style=\"color: #ff0000\">A<\/span><span style=\"color: #0000ff\">R<\/span>CMLL238<\/strong> Realizzato in titanio, \u00e8 in grado di effettuare tagli precisi e veloci. \u00c8 dotato di una protezione di sicurezza per evitare schegge metalliche proteggendo l&#039;utente durante la duplicazione. Posizionare manualmente il disco per garantire un lavoro preciso. Questo disco \u00e8 adatto per chiavi semicircolari a denti dritti, chiavi per alberi, chiavi per auto o moto, ecc.<\/p>\n<h6><strong>Garanzia\u00a0<span style=\"color: #ff0000\">A<\/span><span style=\"color: #0000ff\">R<\/span>C 2 ANNI<\/strong><\/h6>\n<h6><span style=\"color: #008000\">Fresatrice per chiavi efficiente, basso consumo 100w<\/span><\/h6>\n<h6><strong>supporto tecnico incluso<\/strong><\/h6>\n<p>&nbsp;<\/p>\n<p>&nbsp;<\/p>\n<table role=\"presentation\" width=\"100%\" cellspacing=\"0\" cellpadding=\"0\">\n<tbody>\n<tr>\n<td class=\"attrLabels\">Marca:<\/td>\n<td width=\"50.0%\">ARCO<\/td>\n<\/tr>\n<tr>\n<td class=\"attrLabels\">Paese di distribuzione:<\/td>\n<td width=\"50.0%\">Spagna, Germania, Stati Uniti<\/td>\n<td class=\"attrLabels\">Peso:<\/td>\n<td width=\"50.0%\">10,5 kg<\/td>\n<\/tr>\n<tr>\n<td class=\"attrLabels\">Garanzia:<\/td>\n<td width=\"50.0%\">2 anni<\/td>\n<td class=\"attrLabels\">Altezza:<\/td>\n<td width=\"50.0%\">15 cm<\/td>\n<\/tr>\n<tr>\n<td class=\"attrLabels\">Colore:<\/td>\n<td width=\"50.0%\">arancione, argento<\/td>\n<td class=\"attrLabels\">Lungo:<\/td>\n<td width=\"50.0%\">34 cm<\/td>\n<\/tr>\n<tr>\n<td class=\"attrLabels\">Tipo di prodotto:<\/td>\n<td width=\"50.0%\">Taglierina elettrica per tessuti<\/td>\n<td class=\"attrLabels\">Ampio:<\/td>\n<td width=\"50.0%\">16 centimetri<\/td>\n<\/tr>\n<tr>\n<td class=\"attrLabels\">Numero del produttore:<\/td>\n<td width=\"50.0%\">ARCMLL238<\/td>\n<td class=\"attrLabels\">Energia:<\/td>\n<td width=\"50.0%\">100 W<\/td>\n<\/tr>\n<tr>\n<td class=\"attrLabels\">Materiale:<\/td>\n<td width=\"50.0%\">acciaio rinforzato, motore in rame, disco in titanio, luce LED<\/td>\n<td class=\"attrLabels\">tensione di ingresso<\/td>\n<td width=\"50.0%\">220 V \u2013 60 Hz<\/td>\n<\/tr>\n<tr>\n<td class=\"attrLabels\">Strumenti di installazione:<\/td>\n<td width=\"50.0%\">S\u00ec<\/td>\n<td class=\"attrLabels\">Adatto per:<\/td>\n<td width=\"50.0%\">Chiave diritta, chiave dentata a semicerchio, chiavi per albero, chiavi lunghe per auto, chiavi per moto, ecc.<\/td>\n<\/tr>\n<tr>\n<td class=\"attrLabels\">Operazione:<\/td>\n<td width=\"50.0%\">Elettrico\/manuale<\/td>\n<td class=\"attrLabels\"><\/td>\n<td width=\"50.0%\"><\/td>\n<\/tr>\n<\/tbody>\n<\/table>\n<p>&nbsp;<\/p>","protected":false},"excerpt":{"rendered":"<h2>Macchina per la duplicazione delle chiavi<\/h2>\n<p>IL <strong>fotocopiatrice per chiavi <span style=\"color: #ff0000\">A<\/span><span style=\"color: #0000ff\">R<\/span>C<\/strong> Dispone di un&#039;unica testa portatile con ago sottile per il taglio e la marcatura, diverse profondit\u00e0 per un processo rapido e preciso. Dotato di un resistente disco da taglio rotante in titanio in grado di effettuare tagli in qualsiasi materiale. Il motore a filo di rame garantisce grandi prestazioni, oltre alla durata nel tempo<strong> fresatrice per chiavi<\/strong>. Dispone di una piccola lampada a LED per aiutare l&#039;utente a eseguire il processo nel modo pi\u00f9 confortevole.<\/p>\n<h6><strong>Garanzia\u00a0<span style=\"color: #ff0000\">A<\/span><span style=\"color: #0000ff\">R<\/span>C 2 ANNI<\/strong><\/h6>\n<h6><span style=\"color: #008000\">Fresatrice per chiavi efficiente, basso consumo 100w<\/span><\/h6>\n<h6><strong>supporto tecnico incluso<\/strong><\/h6>","protected":false},"featured_media":3719,"comment_status":"open","ping_status":"closed","template":"","meta":{"wds_primary_product_brand":0,"wds_primary_product_cat":0},"product_brand":[],"product_cat":[69,70],"product_tag":[],"class_list":{"0":"post-3710","1":"product","2":"type-product","3":"status-publish","4":"has-post-thumbnail","6":"product_cat-maquinas-variadas","7":"product_cat-talladoras-marcadoras-de-metal-grabadoras-laser","8":"product_shipping_class-express","10":"first","11":"instock","12":"sale","13":"taxable","14":"shipping-taxable","15":"purchasable","16":"product-type-simple"},"yoast_head":"<!-- This site is optimized with the Yoast SEO Premium plugin v24.9 (Yoast SEO v26.1) - https:\/\/yoast.com\/wordpress\/plugins\/seo\/ -->\n<title>M\u00e1quina para cortar y duplicar llaves\u00a0 - distribuci\u00f3n ARC<\/title>\n<meta name=\"robots\" content=\"index, follow, max-snippet:-1, max-image-preview:large, max-video-preview:-1\" \/>\n<link rel=\"canonical\" href=\"https:\/\/www.distribucionarc.com\/pl\/producto\/maquina-para-duplicar-llaves\/\" \/>\n<meta property=\"og:locale\" content=\"it_IT\" \/>\n<meta property=\"og:type\" content=\"article\" \/>\n<meta property=\"og:title\" content=\"M\u00e1quina para cortar y duplicar llaves\u00a0\" \/>\n<meta property=\"og:description\" content=\"M\u00e1quina para duplicar llaves La m\u00e1quina para realizar copias de llaves ARC dispone de una sola cabeza port\u00e1til de aguja fina para cortar y marcar, distintas profundidades para realizar un proceso r\u00e1pido y preciso. Equipada con un disco de corte rotativo en titanio resistente y capaz de realizar cortes en cualquier material. El motor de alambre de cobre asegura un gran rendimiento, adem\u00e1s de la durabilidad de la fresadora de llaves. Dispone de una peque\u00f1a l\u00e1mpara LED para ayudar al usuario a realizar el proceso de la forma m\u00e1s c\u00f3moda. Garant\u00eda\u00a0ARC 2 A\u00d1OS Fresadora de llaves eficiente, bajo consumo 100w soporte t\u00e9cnico incluido\" \/>\n<meta property=\"og:url\" content=\"https:\/\/www.distribucionarc.com\/pl\/producto\/maquina-para-duplicar-llaves\/\" \/>\n<meta property=\"og:site_name\" content=\"distribuci\u00f3n ARC\" \/>\n<meta property=\"article:modified_time\" content=\"2020-10-29T12:19:37+00:00\" \/>\n<meta property=\"og:image\" content=\"https:\/\/distribucionarc.com\/wp-content\/uploads\/2020\/10\/M\u00e1quina-para-duplicar-llaves-0.jpg\" \/>\n\t<meta property=\"og:image:width\" content=\"1000\" \/>\n\t<meta property=\"og:image:height\" content=\"1000\" \/>\n\t<meta property=\"og:image:type\" content=\"image\/jpeg\" \/>\n<meta name=\"twitter:card\" content=\"summary_large_image\" \/>\n<meta name=\"twitter:label1\" content=\"Tempo di lettura stimato\" \/>\n\t<meta name=\"twitter:data1\" content=\"1 minuto\" \/>\n<script type=\"application\/ld+json\" class=\"yoast-schema-graph\">{\"@context\":\"https:\/\/schema.org\",\"@graph\":[{\"@type\":\"WebPage\",\"@id\":\"https:\/\/www.distribucionarc.com\/pl\/producto\/maquina-para-duplicar-llaves\/\",\"url\":\"https:\/\/www.distribucionarc.com\/pl\/producto\/maquina-para-duplicar-llaves\/\",\"name\":\"M\u00e1quina para cortar y duplicar llaves\u00a0 - distribuci\u00f3n ARC\",\"isPartOf\":{\"@id\":\"https:\/\/distribucionarc.com\/bg\/#website\"},\"primaryImageOfPage\":{\"@id\":\"https:\/\/www.distribucionarc.com\/pl\/producto\/maquina-para-duplicar-llaves\/#primaryimage\"},\"image\":{\"@id\":\"https:\/\/www.distribucionarc.com\/pl\/producto\/maquina-para-duplicar-llaves\/#primaryimage\"},\"thumbnailUrl\":\"https:\/\/distribucionarc.com\/wp-content\/uploads\/2020\/10\/M\u00e1quina-para-duplicar-llaves-0.jpg\",\"datePublished\":\"2020-10-07T08:51:23+00:00\",\"dateModified\":\"2020-10-29T12:19:37+00:00\",\"breadcrumb\":{\"@id\":\"https:\/\/www.distribucionarc.com\/pl\/producto\/maquina-para-duplicar-llaves\/#breadcrumb\"},\"inLanguage\":\"it-IT\",\"potentialAction\":[{\"@type\":\"ReadAction\",\"target\":[\"https:\/\/www.distribucionarc.com\/pl\/producto\/maquina-para-duplicar-llaves\/\"]}]},{\"@type\":\"ImageObject\",\"inLanguage\":\"it-IT\",\"@id\":\"https:\/\/www.distribucionarc.com\/pl\/producto\/maquina-para-duplicar-llaves\/#primaryimage\",\"url\":\"https:\/\/distribucionarc.com\/wp-content\/uploads\/2020\/10\/M\u00e1quina-para-duplicar-llaves-0.jpg\",\"contentUrl\":\"https:\/\/distribucionarc.com\/wp-content\/uploads\/2020\/10\/M\u00e1quina-para-duplicar-llaves-0.jpg\",\"width\":1000,\"height\":1000,\"caption\":\"M\u00e1quina para duplicar llaves\u00a0\"},{\"@type\":\"BreadcrumbList\",\"@id\":\"https:\/\/www.distribucionarc.com\/pl\/producto\/maquina-para-duplicar-llaves\/#breadcrumb\",\"itemListElement\":[{\"@type\":\"ListItem\",\"position\":1,\"name\":\"Portada\",\"item\":\"https:\/\/distribucionarc.com\/el\/\"},{\"@type\":\"ListItem\",\"position\":2,\"name\":\"Proizvodi\",\"item\":\"https:\/\/www.distribucionarc.com\/hr\/ducan\/\"},{\"@type\":\"ListItem\",\"position\":3,\"name\":\"M\u00e1quina para cortar y duplicar llaves\u00a0\"}]},{\"@type\":\"WebSite\",\"@id\":\"https:\/\/distribucionarc.com\/bg\/#website\",\"url\":\"https:\/\/distribucionarc.com\/bg\/\",\"name\":\"distribuci\u00f3n ARC\",\"description\":\"Empresa especializada en la fabricaci\u00f3n y distribuci\u00f3n de maquinaria industrial, selladoras de latas, Maquinas de hacer pastillas, Maquinas de cortar carne...\",\"publisher\":{\"@id\":\"https:\/\/distribucionarc.com\/bg\/#organization\"},\"potentialAction\":[{\"@type\":\"SearchAction\",\"target\":{\"@type\":\"EntryPoint\",\"urlTemplate\":\"https:\/\/distribucionarc.com\/bg\/?s={search_term_string}\"},\"query-input\":{\"@type\":\"PropertyValueSpecification\",\"valueRequired\":true,\"valueName\":\"search_term_string\"}}],\"inLanguage\":\"it-IT\"},{\"@type\":\"Organization\",\"@id\":\"https:\/\/distribucionarc.com\/bg\/#organization\",\"name\":\"Distribuci\u00f3n ARC\",\"url\":\"https:\/\/distribucionarc.com\/bg\/\",\"logo\":{\"@type\":\"ImageObject\",\"inLanguage\":\"it-IT\",\"@id\":\"https:\/\/distribucionarc.com\/bg\/#\/schema\/logo\/image\/\",\"url\":\"https:\/\/distribucionarc.com\/wp-content\/uploads\/2024\/10\/distribucion-ARC-COLOR-SIN-FONDO-e1732295305345.png\",\"contentUrl\":\"https:\/\/distribucionarc.com\/wp-content\/uploads\/2024\/10\/distribucion-ARC-COLOR-SIN-FONDO-e1732295305345.png\",\"width\":1164,\"height\":558,\"caption\":\"Distribuci\u00f3n ARC\"},\"image\":{\"@id\":\"https:\/\/distribucionarc.com\/bg\/#\/schema\/logo\/image\/\"},\"description\":\"Empresa especializada en la fabricaci\u00f3n y distribuci\u00f3n de maquinaria industrial para los sectores alimentario y farmac\u00e9utico. Nos especializamos en: M\u00e1quinas de cortar carne Fabricaci\u00f3n de comprimidos Sistemas de transporte industrial L\u00edneas de embotellado Dosificadores Y mucho m\u00e1s... Ofrecemos soluciones innovadoras y personalizadas para optimizar los procesos productivos de tu empresa.\",\"email\":\"Admistracion@distribucionarc.com\",\"telephone\":\"+34 643496664\",\"legalName\":\"ARC TECH SOLUTIONS\",\"foundingDate\":\"2024-04-09\",\"vatID\":\"B55480172\",\"numberOfEmployees\":{\"@type\":\"QuantitativeValue\",\"minValue\":\"1\",\"maxValue\":\"10\"}}]}<\/script>\n<!-- \/ Yoast SEO Premium plugin. -->","yoast_head_json":{"title":"Duplicatrice e duplicatrice chiavi - Distribuzione ARC","robots":{"index":"index","follow":"follow","max-snippet":"max-snippet:-1","max-image-preview":"max-image-preview:large","max-video-preview":"max-video-preview:-1"},"canonical":"https:\/\/www.distribucionarc.com\/pl\/producto\/maquina-para-duplicar-llaves\/","og_locale":"it_IT","og_type":"article","og_title":"M\u00e1quina para cortar y duplicar llaves\u00a0","og_description":"M\u00e1quina para duplicar llaves La m\u00e1quina para realizar copias de llaves ARC dispone de una sola cabeza port\u00e1til de aguja fina para cortar y marcar, distintas profundidades para realizar un proceso r\u00e1pido y preciso. Equipada con un disco de corte rotativo en titanio resistente y capaz de realizar cortes en cualquier material. El motor de alambre de cobre asegura un gran rendimiento, adem\u00e1s de la durabilidad de la fresadora de llaves. Dispone de una peque\u00f1a l\u00e1mpara LED para ayudar al usuario a realizar el proceso de la forma m\u00e1s c\u00f3moda. Garant\u00eda\u00a0ARC 2 A\u00d1OS Fresadora de llaves eficiente, bajo consumo 100w soporte t\u00e9cnico incluido","og_url":"https:\/\/www.distribucionarc.com\/pl\/producto\/maquina-para-duplicar-llaves\/","og_site_name":"distribuci\u00f3n ARC","article_modified_time":"2020-10-29T12:19:37+00:00","og_image":[{"width":1000,"height":1000,"url":"https:\/\/distribucionarc.com\/wp-content\/uploads\/2020\/10\/M\u00e1quina-para-duplicar-llaves-0.jpg","type":"image\/jpeg"}],"twitter_card":"summary_large_image","twitter_misc":{"Tempo di lettura stimato":"1 minuto"},"schema":{"@context":"https:\/\/schema.org","@graph":[{"@type":"WebPage","@id":"https:\/\/www.distribucionarc.com\/pl\/producto\/maquina-para-duplicar-llaves\/","url":"https:\/\/www.distribucionarc.com\/pl\/producto\/maquina-para-duplicar-llaves\/","name":"Duplicatrice e duplicatrice chiavi - Distribuzione ARC","isPartOf":{"@id":"https:\/\/distribucionarc.com\/bg\/#website"},"primaryImageOfPage":{"@id":"https:\/\/www.distribucionarc.com\/pl\/producto\/maquina-para-duplicar-llaves\/#primaryimage"},"image":{"@id":"https:\/\/www.distribucionarc.com\/pl\/producto\/maquina-para-duplicar-llaves\/#primaryimage"},"thumbnailUrl":"https:\/\/distribucionarc.com\/wp-content\/uploads\/2020\/10\/M\u00e1quina-para-duplicar-llaves-0.jpg","datePublished":"2020-10-07T08:51:23+00:00","dateModified":"2020-10-29T12:19:37+00:00","breadcrumb":{"@id":"https:\/\/www.distribucionarc.com\/pl\/producto\/maquina-para-duplicar-llaves\/#breadcrumb"},"inLanguage":"it-IT","potentialAction":[{"@type":"ReadAction","target":["https:\/\/www.distribucionarc.com\/pl\/producto\/maquina-para-duplicar-llaves\/"]}]},{"@type":"ImageObject","inLanguage":"it-IT","@id":"https:\/\/www.distribucionarc.com\/pl\/producto\/maquina-para-duplicar-llaves\/#primaryimage","url":"https:\/\/distribucionarc.com\/wp-content\/uploads\/2020\/10\/M\u00e1quina-para-duplicar-llaves-0.jpg","contentUrl":"https:\/\/distribucionarc.com\/wp-content\/uploads\/2020\/10\/M\u00e1quina-para-duplicar-llaves-0.jpg","width":1000,"height":1000,"caption":"M\u00e1quina para duplicar llaves\u00a0"},{"@type":"BreadcrumbList","@id":"https:\/\/www.distribucionarc.com\/pl\/producto\/maquina-para-duplicar-llaves\/#breadcrumb","itemListElement":[{"@type":"ListItem","position":1,"name":"Portada","item":"https:\/\/distribucionarc.com\/el\/"},{"@type":"ListItem","position":2,"name":"Proizvodi","item":"https:\/\/www.distribucionarc.com\/hr\/ducan\/"},{"@type":"ListItem","position":3,"name":"M\u00e1quina para cortar y duplicar llaves\u00a0"}]},{"@type":"WebSite","@id":"https:\/\/distribucionarc.com\/bg\/#website","url":"https:\/\/distribucionarc.com\/bg\/","name":"Distribuzione dell&#039;ARCO","description":"Azienda specializzata nella produzione e distribuzione di macchinari industriali, macchine sigillatrici di lattine, macchine per la produzione di compresse, macchine per il taglio della carne...","publisher":{"@id":"https:\/\/distribucionarc.com\/bg\/#organization"},"potentialAction":[{"@type":"SearchAction","target":{"@type":"EntryPoint","urlTemplate":"https:\/\/distribucionarc.com\/bg\/?s={search_term_string}"},"query-input":{"@type":"PropertyValueSpecification","valueRequired":true,"valueName":"search_term_string"}}],"inLanguage":"it-IT"},{"@type":"Organization","@id":"https:\/\/distribucionarc.com\/bg\/#organization","name":"Distribuzione dell&#039;ARC","url":"https:\/\/distribucionarc.com\/bg\/","logo":{"@type":"ImageObject","inLanguage":"it-IT","@id":"https:\/\/distribucionarc.com\/bg\/#\/schema\/logo\/image\/","url":"https:\/\/distribucionarc.com\/wp-content\/uploads\/2024\/10\/distribucion-ARC-COLOR-SIN-FONDO-e1732295305345.png","contentUrl":"https:\/\/distribucionarc.com\/wp-content\/uploads\/2024\/10\/distribucion-ARC-COLOR-SIN-FONDO-e1732295305345.png","width":1164,"height":558,"caption":"Distribuci\u00f3n ARC"},"image":{"@id":"https:\/\/distribucionarc.com\/bg\/#\/schema\/logo\/image\/"},"description":"Azienda specializzata nella produzione e distribuzione di macchinari industriali per il settore alimentare e farmaceutico. Siamo specializzati in: Macchine per il taglio della carne Produzione di compresse Sistemi di trasporto industriale Linee di imbottigliamento Dispenser E molto altro ancora... Offriamo soluzioni innovative e personalizzate per ottimizzare i processi produttivi della vostra azienda.","email":"Admistracion@distribucionarc.com","telephone":"+34 643496664","legalName":"ARC TECH SOLUTIONS","foundingDate":"2024-04-09","vatID":"B55480172","numberOfEmployees":{"@type":"QuantitativeValue","minValue":"1","maxValue":"10"}}]}},"_links":{"self":[{"href":"https:\/\/distribucionarc.com\/it\/wp-json\/wp\/v2\/product\/3710","targetHints":{"allow":["GET"]}}],"collection":[{"href":"https:\/\/distribucionarc.com\/it\/wp-json\/wp\/v2\/product"}],"about":[{"href":"https:\/\/distribucionarc.com\/it\/wp-json\/wp\/v2\/types\/product"}],"replies":[{"embeddable":true,"href":"https:\/\/distribucionarc.com\/it\/wp-json\/wp\/v2\/comments?post=3710"}],"version-history":[{"count":0,"href":"https:\/\/distribucionarc.com\/it\/wp-json\/wp\/v2\/product\/3710\/revisions"}],"wp:featuredmedia":[{"embeddable":true,"href":"https:\/\/distribucionarc.com\/it\/wp-json\/wp\/v2\/media\/3719"}],"wp:attachment":[{"href":"https:\/\/distribucionarc.com\/it\/wp-json\/wp\/v2\/media?parent=3710"}],"wp:term":[{"taxonomy":"product_brand","embeddable":true,"href":"https:\/\/distribucionarc.com\/it\/wp-json\/wp\/v2\/product_brand?post=3710"},{"taxonomy":"product_cat","embeddable":true,"href":"https:\/\/distribucionarc.com\/it\/wp-json\/wp\/v2\/product_cat?post=3710"},{"taxonomy":"product_tag","embeddable":true,"href":"https:\/\/distribucionarc.com\/it\/wp-json\/wp\/v2\/product_tag?post=3710"}],"curies":[{"name":"wp","href":"https:\/\/api.w.org\/{rel}","templated":true}]}}