{"id":3751,"date":"2020-10-07T13:01:49","date_gmt":"2020-10-07T13:01:49","guid":{"rendered":"https:\/\/distribucionarc.com\/?post_type=product&#038;p=3751"},"modified":"2023-12-05T11:26:40","modified_gmt":"2023-12-05T11:26:40","slug":"macchina-per-lavvolgimento-del-filato","status":"publish","type":"product","link":"https:\/\/distribucionarc.com\/it\/producto\/maquina-bobinadora-de-hilo\/","title":{"rendered":"macchina avvolgicavo"},"content":{"rendered":"<h3>macchina avvolgicavo<\/h3>\n<p>Questo<strong> macchina avvolgitrice di fili <span style=\"color: #ff0000;\">A<\/span><span style=\"color: #0000ff;\">R<\/span>C<\/strong> \u00c8 completamente automatico e dispone di un sistema intelligente all&#039;avanguardia, sincronizzato e ad alta precisione che controlla tutti i guasti durante il processo. Questa funzione intelligente segnala eventuali eccessi di velocit\u00e0 durante il processo, calibra la velocit\u00e0 di avvolgimento ed esegue un processo di autocontrollo. La funzione calibro consente di misurare facilmente la larghezza dell&#039;avvolgimento<\/p>\n<p>Il motore del<strong> avvolgitore automatico <span style=\"color: #ff0000;\">A<\/span><span style=\"color: #0000ff;\">R<\/span>Numero di modello: CMBH10<\/strong> \u00c8 controllato da un computer che controlla la velocit\u00e0; che consente di controllare la velocit\u00e0 durante il processo sincronizzando con essa l&#039;oscillatore a corda.<\/p>\n<p>\u00c8 possibile impostare tutti i dati quali: punto di partenza, dimensione del filo, ampiezza di compensazione dell&#039;avvolgimento, velocit\u00e0 di avvio dell&#039;avvolgimento, arresto lento, velocit\u00e0 di avvolgimento, velocit\u00e0 di rotazione lenta, direzione di compensazione dell&#039;avvolgimento, direzione di avvolgimento, arresto bipolare, riavvio e avvio automatici. Ha una capacit\u00e0 di memoria di 999 parametri.<\/p>\n<h6><strong>Garanzia\u00a0<span style=\"color: #ff0000;\">A<\/span><span style=\"color: #0000ff;\">R<\/span>C 2 ANNI<\/strong><\/h6>\n<h6><span style=\"color: #008000;\">Efficiente avvolgitore di fili, basso consumo 350w<\/span><\/h6>\n<h6><strong>supporto tecnico incluso<\/strong><\/h6>\n<p>&nbsp;<\/p>\n<p>&nbsp;<\/p>\n<table role=\"presentation\" width=\"100%\" cellspacing=\"0\" cellpadding=\"0\">\n<tbody>\n<tr>\n<td class=\"attrLabels\">Marca:<\/td>\n<td width=\"50.0%\">ARCO<\/td>\n<\/tr>\n<tr>\n<td class=\"attrLabels\">Paese di distribuzione:<\/td>\n<td width=\"50.0%\">Spagna, Germania, Stati Uniti<\/td>\n<td class=\"attrLabels\">Dimensioni macchina:<\/td>\n<td width=\"50.0%\">Dimensioni: 47 x 48 x 39 cm<\/td>\n<\/tr>\n<tr>\n<td class=\"attrLabels\">Garanzia:<\/td>\n<td width=\"50.0%\">2 anni<\/td>\n<td class=\"attrLabels\">Energia:<\/td>\n<td width=\"50.0%\">350 W<\/td>\n<\/tr>\n<tr>\n<td class=\"attrLabels\">Colore:<\/td>\n<td width=\"50.0%\">Argento<\/td>\n<td class=\"attrLabels\">Voltaggio in ingresso:<\/td>\n<td width=\"50.0%\">220 V \u2013 60 Hz<\/td>\n<\/tr>\n<tr>\n<td class=\"attrLabels\">Tipo di prodotto:<\/td>\n<td width=\"50.0%\">Avvolgitore elettrico per fili<\/td>\n<td class=\"attrLabels\">Larghezza massima di avvolgimento:<\/td>\n<td width=\"50.0%\">110 millimetri<\/td>\n<\/tr>\n<tr>\n<td class=\"attrLabels\">Numero del produttore:<\/td>\n<td width=\"50.0%\">ARCMBH10<\/td>\n<td class=\"attrLabels\">Dimensioni del filo:<\/td>\n<td width=\"50.0%\">0,03 \u2013 1,2 millimetri<\/td>\n<\/tr>\n<tr>\n<td class=\"attrLabels\">Materiale:<\/td>\n<td width=\"50.0%\">Acciaio rinforzato, motore efficiente, computer intelligente<\/td>\n<td class=\"attrLabels\">Velocit\u00e0 massima di sterzata:<\/td>\n<td width=\"50.0%\">6000 giri al minuto<\/td>\n<\/tr>\n<tr>\n<td class=\"attrLabels\">Strumenti di installazione:<\/td>\n<td width=\"50.0%\">S\u00ec<\/td>\n<td class=\"attrLabels\">Risoluzione del conteggio:<\/td>\n<td width=\"50.0%\">0,1 cerchi<\/td>\n<\/tr>\n<tr>\n<td class=\"attrLabels\">Peso:<\/td>\n<td width=\"50.0%\">29 Kg<\/td>\n<td class=\"attrLabels\">Gruppi memorizzabili:<\/td>\n<td width=\"50.0%\">999 ricordi tortuosi<\/td>\n<\/tr>\n<\/tbody>\n<\/table>","protected":false},"excerpt":{"rendered":"<h2>macchina avvolgicavo<\/h2>\n<p>Questo<strong> avvolgitore di filo <span style=\"color: #ff0000;\">A<\/span><span style=\"color: #0000ff;\">R<\/span>C automatico<\/strong> Controllato dal computer, adotta i pi\u00f9 recenti sistemi di avvolgimento sincronizzati ad alta precisione e fluidi; quando si verificano disallineamenti durante il processo di avvolgimento a velocit\u00e0 eccessiva. \u00c8 dotato di un sistema super intelligente con funzioni di autocontrollo, errori delle apparecchiature, monitoraggio della velocit\u00e0 eccessiva e calibrazione della velocit\u00e0. Puoi configurare i parametri di velocit\u00e0 pi\u00f9 adatti alle tue esigenze. Questo <strong>macchina avvolgitrice di fili<\/strong> \u00c8 adatto per metalli sottili come rame, acciaio, alluminio, fili metallici o anche nylon spesso.<\/p>\n<h6><strong>Garanzia\u00a0<span style=\"color: #ff0000;\">A<\/span><span style=\"color: #0000ff;\">R<\/span>C 2 ANNI<\/strong><\/h6>\n<h6><span style=\"color: #008000;\">Efficiente avvolgitore di fili, basso consumo 350w<\/span><\/h6>\n<h6><strong>supporto tecnico incluso<\/strong><\/h6>","protected":false},"featured_media":3757,"comment_status":"open","ping_status":"closed","template":"","meta":{"wds_primary_product_brand":0,"wds_primary_product_cat":0},"product_brand":[],"product_cat":[69],"product_tag":[],"class_list":{"0":"post-3751","1":"product","2":"type-product","3":"status-publish","4":"has-post-thumbnail","6":"product_cat-maquinas-variadas","7":"product_shipping_class-hosteleria","9":"first","10":"instock","11":"taxable","12":"shipping-taxable","13":"purchasable","14":"product-type-simple"},"yoast_head":"<!-- This site is optimized with the Yoast SEO Premium plugin v24.9 (Yoast SEO v26.1) - https:\/\/yoast.com\/wordpress\/plugins\/seo\/ -->\n<title>M\u00e1quina bobinadora de cable - distribuci\u00f3n ARC<\/title>\n<meta name=\"robots\" content=\"index, follow, max-snippet:-1, max-image-preview:large, max-video-preview:-1\" \/>\n<link rel=\"canonical\" href=\"https:\/\/distribucionarc.com\/it\/prodotto\/macchina-per-lavvolgimento-del-filato\/\" \/>\n<meta property=\"og:locale\" content=\"it_IT\" \/>\n<meta property=\"og:type\" content=\"article\" \/>\n<meta property=\"og:title\" content=\"M\u00e1quina bobinadora de cable\" \/>\n<meta property=\"og:description\" content=\"M\u00e1quina bobinadora de cable Esta bobinadora de hilo ARC autom\u00e1tica controlada por ordenador, adopta los \u00faltimos sistemas de bobinado sincronizado de alta precisi\u00f3n y sin problemas; cuando aparecen desalineaciones en el proceso de bobinado a una velocidad excesiva. Cuenta con un sistema super inteligente con funciones de autocomprobaci\u00f3n, errores del equipo, seguimiento de velocidad excesiva y calibraci\u00f3n de la velocidad. Puede configurar los par\u00e1metros de velocidad que m\u00e1s se adapten a su necesidad. Esta maquina para bobinar hilo est\u00e1 adaptada para metales finos como cobre, acero, aluminio, alambre o incluso nylon grueso. Garant\u00eda\u00a0ARC 2 A\u00d1OS Rebobinadora de hilo eficiente, bajo consumo 350w soporte t\u00e9cnico incluido\" \/>\n<meta property=\"og:url\" content=\"https:\/\/distribucionarc.com\/it\/prodotto\/macchina-per-lavvolgimento-del-filato\/\" \/>\n<meta property=\"og:site_name\" content=\"distribuci\u00f3n ARC\" \/>\n<meta property=\"article:modified_time\" content=\"2023-12-05T11:26:40+00:00\" \/>\n<meta property=\"og:image\" content=\"https:\/\/distribucionarc.com\/wp-content\/uploads\/2020\/10\/M\u00e1quina-bobinadora-de-hilo-2.jpg\" \/>\n\t<meta property=\"og:image:width\" content=\"1000\" \/>\n\t<meta property=\"og:image:height\" content=\"1000\" \/>\n\t<meta property=\"og:image:type\" content=\"image\/jpeg\" \/>\n<meta name=\"twitter:card\" content=\"summary_large_image\" \/>\n<meta name=\"twitter:label1\" content=\"Tempo di lettura stimato\" \/>\n\t<meta name=\"twitter:data1\" content=\"1 minuto\" \/>\n<script type=\"application\/ld+json\" class=\"yoast-schema-graph\">{\"@context\":\"https:\/\/schema.org\",\"@graph\":[{\"@type\":\"WebPage\",\"@id\":\"https:\/\/distribucionarc.com\/it\/producto\/maquina-bobinadora-de-hilo\/\",\"url\":\"https:\/\/distribucionarc.com\/it\/producto\/maquina-bobinadora-de-hilo\/\",\"name\":\"M\u00e1quina bobinadora de cable - distribuci\u00f3n ARC\",\"isPartOf\":{\"@id\":\"https:\/\/www.distribucionarc.com\/sl\/#website\"},\"primaryImageOfPage\":{\"@id\":\"https:\/\/distribucionarc.com\/it\/producto\/maquina-bobinadora-de-hilo\/#primaryimage\"},\"image\":{\"@id\":\"https:\/\/distribucionarc.com\/it\/producto\/maquina-bobinadora-de-hilo\/#primaryimage\"},\"thumbnailUrl\":\"https:\/\/distribucionarc.com\/wp-content\/uploads\/2020\/10\/M\u00e1quina-bobinadora-de-hilo-2.jpg\",\"datePublished\":\"2020-10-07T13:01:49+00:00\",\"dateModified\":\"2023-12-05T11:26:40+00:00\",\"breadcrumb\":{\"@id\":\"https:\/\/distribucionarc.com\/it\/producto\/maquina-bobinadora-de-hilo\/#breadcrumb\"},\"inLanguage\":\"it-IT\",\"potentialAction\":[{\"@type\":\"ReadAction\",\"target\":[\"https:\/\/distribucionarc.com\/it\/producto\/maquina-bobinadora-de-hilo\/\"]}]},{\"@type\":\"ImageObject\",\"inLanguage\":\"it-IT\",\"@id\":\"https:\/\/distribucionarc.com\/it\/producto\/maquina-bobinadora-de-hilo\/#primaryimage\",\"url\":\"https:\/\/distribucionarc.com\/wp-content\/uploads\/2020\/10\/M\u00e1quina-bobinadora-de-hilo-2.jpg\",\"contentUrl\":\"https:\/\/distribucionarc.com\/wp-content\/uploads\/2020\/10\/M\u00e1quina-bobinadora-de-hilo-2.jpg\",\"width\":1000,\"height\":1000,\"caption\":\"M\u00e1quina bobinadora de hilo\"},{\"@type\":\"BreadcrumbList\",\"@id\":\"https:\/\/distribucionarc.com\/it\/producto\/maquina-bobinadora-de-hilo\/#breadcrumb\",\"itemListElement\":[{\"@type\":\"ListItem\",\"position\":1,\"name\":\"Portada\",\"item\":\"https:\/\/www.distribucionarc.com\/\"},{\"@type\":\"ListItem\",\"position\":2,\"name\":\"\u00dcr\u00fcnler\",\"item\":\"https:\/\/www.distribucionarc.com\/tr\/magaza\/\"},{\"@type\":\"ListItem\",\"position\":3,\"name\":\"M\u00e1quina bobinadora de cable\"}]},{\"@type\":\"WebSite\",\"@id\":\"https:\/\/www.distribucionarc.com\/sl\/#website\",\"url\":\"https:\/\/www.distribucionarc.com\/sl\/\",\"name\":\"distribuci\u00f3n ARC\",\"description\":\"Empresa especializada en la fabricaci\u00f3n y distribuci\u00f3n de maquinaria industrial, selladoras de latas, Maquinas de hacer pastillas, Maquinas de cortar carne...\",\"publisher\":{\"@id\":\"https:\/\/www.distribucionarc.com\/sl\/#organization\"},\"potentialAction\":[{\"@type\":\"SearchAction\",\"target\":{\"@type\":\"EntryPoint\",\"urlTemplate\":\"https:\/\/www.distribucionarc.com\/sl\/?s={search_term_string}\"},\"query-input\":{\"@type\":\"PropertyValueSpecification\",\"valueRequired\":true,\"valueName\":\"search_term_string\"}}],\"inLanguage\":\"it-IT\"},{\"@type\":\"Organization\",\"@id\":\"https:\/\/www.distribucionarc.com\/sl\/#organization\",\"name\":\"Distribuci\u00f3n ARC\",\"url\":\"https:\/\/www.distribucionarc.com\/sl\/\",\"logo\":{\"@type\":\"ImageObject\",\"inLanguage\":\"it-IT\",\"@id\":\"https:\/\/www.distribucionarc.com\/sl\/#\/schema\/logo\/image\/\",\"url\":\"https:\/\/distribucionarc.com\/wp-content\/uploads\/2024\/10\/distribucion-ARC-COLOR-SIN-FONDO-e1732295305345.png\",\"contentUrl\":\"https:\/\/distribucionarc.com\/wp-content\/uploads\/2024\/10\/distribucion-ARC-COLOR-SIN-FONDO-e1732295305345.png\",\"width\":1164,\"height\":558,\"caption\":\"Distribuci\u00f3n ARC\"},\"image\":{\"@id\":\"https:\/\/www.distribucionarc.com\/sl\/#\/schema\/logo\/image\/\"},\"description\":\"Empresa especializada en la fabricaci\u00f3n y distribuci\u00f3n de maquinaria industrial para los sectores alimentario y farmac\u00e9utico. Nos especializamos en: M\u00e1quinas de cortar carne Fabricaci\u00f3n de comprimidos Sistemas de transporte industrial L\u00edneas de embotellado Dosificadores Y mucho m\u00e1s... Ofrecemos soluciones innovadoras y personalizadas para optimizar los procesos productivos de tu empresa.\",\"email\":\"Admistracion@distribucionarc.com\",\"telephone\":\"+34 643496664\",\"legalName\":\"ARC TECH SOLUTIONS\",\"foundingDate\":\"2024-04-09\",\"vatID\":\"B55480172\",\"numberOfEmployees\":{\"@type\":\"QuantitativeValue\",\"minValue\":\"1\",\"maxValue\":\"10\"}}]}<\/script>\n<!-- \/ Yoast SEO Premium plugin. -->","yoast_head_json":{"title":"Macchina avvolgitrice per cavi - Distribuzione ARC","robots":{"index":"index","follow":"follow","max-snippet":"max-snippet:-1","max-image-preview":"max-image-preview:large","max-video-preview":"max-video-preview:-1"},"canonical":"https:\/\/distribucionarc.com\/it\/prodotto\/macchina-per-lavvolgimento-del-filato\/","og_locale":"it_IT","og_type":"article","og_title":"M\u00e1quina bobinadora de cable","og_description":"M\u00e1quina bobinadora de cable Esta bobinadora de hilo ARC autom\u00e1tica controlada por ordenador, adopta los \u00faltimos sistemas de bobinado sincronizado de alta precisi\u00f3n y sin problemas; cuando aparecen desalineaciones en el proceso de bobinado a una velocidad excesiva. Cuenta con un sistema super inteligente con funciones de autocomprobaci\u00f3n, errores del equipo, seguimiento de velocidad excesiva y calibraci\u00f3n de la velocidad. Puede configurar los par\u00e1metros de velocidad que m\u00e1s se adapten a su necesidad. Esta maquina para bobinar hilo est\u00e1 adaptada para metales finos como cobre, acero, aluminio, alambre o incluso nylon grueso. Garant\u00eda\u00a0ARC 2 A\u00d1OS Rebobinadora de hilo eficiente, bajo consumo 350w soporte t\u00e9cnico incluido","og_url":"https:\/\/distribucionarc.com\/it\/prodotto\/macchina-per-lavvolgimento-del-filato\/","og_site_name":"distribuci\u00f3n ARC","article_modified_time":"2023-12-05T11:26:40+00:00","og_image":[{"width":1000,"height":1000,"url":"https:\/\/distribucionarc.com\/wp-content\/uploads\/2020\/10\/M\u00e1quina-bobinadora-de-hilo-2.jpg","type":"image\/jpeg"}],"twitter_card":"summary_large_image","twitter_misc":{"Tempo di lettura stimato":"1 minuto"},"schema":{"@context":"https:\/\/schema.org","@graph":[{"@type":"WebPage","@id":"https:\/\/distribucionarc.com\/it\/producto\/maquina-bobinadora-de-hilo\/","url":"https:\/\/distribucionarc.com\/it\/producto\/maquina-bobinadora-de-hilo\/","name":"Macchina avvolgitrice per cavi - Distribuzione ARC","isPartOf":{"@id":"https:\/\/www.distribucionarc.com\/sl\/#website"},"primaryImageOfPage":{"@id":"https:\/\/distribucionarc.com\/it\/producto\/maquina-bobinadora-de-hilo\/#primaryimage"},"image":{"@id":"https:\/\/distribucionarc.com\/it\/producto\/maquina-bobinadora-de-hilo\/#primaryimage"},"thumbnailUrl":"https:\/\/distribucionarc.com\/wp-content\/uploads\/2020\/10\/M\u00e1quina-bobinadora-de-hilo-2.jpg","datePublished":"2020-10-07T13:01:49+00:00","dateModified":"2023-12-05T11:26:40+00:00","breadcrumb":{"@id":"https:\/\/distribucionarc.com\/it\/producto\/maquina-bobinadora-de-hilo\/#breadcrumb"},"inLanguage":"it-IT","potentialAction":[{"@type":"ReadAction","target":["https:\/\/distribucionarc.com\/it\/producto\/maquina-bobinadora-de-hilo\/"]}]},{"@type":"ImageObject","inLanguage":"it-IT","@id":"https:\/\/distribucionarc.com\/it\/producto\/maquina-bobinadora-de-hilo\/#primaryimage","url":"https:\/\/distribucionarc.com\/wp-content\/uploads\/2020\/10\/M\u00e1quina-bobinadora-de-hilo-2.jpg","contentUrl":"https:\/\/distribucionarc.com\/wp-content\/uploads\/2020\/10\/M\u00e1quina-bobinadora-de-hilo-2.jpg","width":1000,"height":1000,"caption":"M\u00e1quina bobinadora de hilo"},{"@type":"BreadcrumbList","@id":"https:\/\/distribucionarc.com\/it\/producto\/maquina-bobinadora-de-hilo\/#breadcrumb","itemListElement":[{"@type":"ListItem","position":1,"name":"Portada","item":"https:\/\/www.distribucionarc.com\/"},{"@type":"ListItem","position":2,"name":"\u00dcr\u00fcnler","item":"https:\/\/www.distribucionarc.com\/tr\/magaza\/"},{"@type":"ListItem","position":3,"name":"M\u00e1quina bobinadora de cable"}]},{"@type":"WebSite","@id":"https:\/\/www.distribucionarc.com\/sl\/#website","url":"https:\/\/www.distribucionarc.com\/sl\/","name":"Distribuzione dell&#039;ARCO","description":"Azienda specializzata nella produzione e distribuzione di macchinari industriali, macchine sigillatrici di lattine, macchine per la produzione di compresse, macchine per il taglio della carne...","publisher":{"@id":"https:\/\/www.distribucionarc.com\/sl\/#organization"},"potentialAction":[{"@type":"SearchAction","target":{"@type":"EntryPoint","urlTemplate":"https:\/\/www.distribucionarc.com\/sl\/?s={search_term_string}"},"query-input":{"@type":"PropertyValueSpecification","valueRequired":true,"valueName":"search_term_string"}}],"inLanguage":"it-IT"},{"@type":"Organization","@id":"https:\/\/www.distribucionarc.com\/sl\/#organization","name":"Distribuzione dell&#039;ARC","url":"https:\/\/www.distribucionarc.com\/sl\/","logo":{"@type":"ImageObject","inLanguage":"it-IT","@id":"https:\/\/www.distribucionarc.com\/sl\/#\/schema\/logo\/image\/","url":"https:\/\/distribucionarc.com\/wp-content\/uploads\/2024\/10\/distribucion-ARC-COLOR-SIN-FONDO-e1732295305345.png","contentUrl":"https:\/\/distribucionarc.com\/wp-content\/uploads\/2024\/10\/distribucion-ARC-COLOR-SIN-FONDO-e1732295305345.png","width":1164,"height":558,"caption":"Distribuci\u00f3n ARC"},"image":{"@id":"https:\/\/www.distribucionarc.com\/sl\/#\/schema\/logo\/image\/"},"description":"Azienda specializzata nella produzione e distribuzione di macchinari industriali per il settore alimentare e farmaceutico. Siamo specializzati in: Macchine per il taglio della carne Produzione di compresse Sistemi di trasporto industriale Linee di imbottigliamento Dispenser E molto altro ancora... Offriamo soluzioni innovative e personalizzate per ottimizzare i processi produttivi della vostra azienda.","email":"Admistracion@distribucionarc.com","telephone":"+34 643496664","legalName":"ARC TECH SOLUTIONS","foundingDate":"2024-04-09","vatID":"B55480172","numberOfEmployees":{"@type":"QuantitativeValue","minValue":"1","maxValue":"10"}}]}},"_links":{"self":[{"href":"https:\/\/distribucionarc.com\/it\/wp-json\/wp\/v2\/product\/3751","targetHints":{"allow":["GET"]}}],"collection":[{"href":"https:\/\/distribucionarc.com\/it\/wp-json\/wp\/v2\/product"}],"about":[{"href":"https:\/\/distribucionarc.com\/it\/wp-json\/wp\/v2\/types\/product"}],"replies":[{"embeddable":true,"href":"https:\/\/distribucionarc.com\/it\/wp-json\/wp\/v2\/comments?post=3751"}],"version-history":[{"count":0,"href":"https:\/\/distribucionarc.com\/it\/wp-json\/wp\/v2\/product\/3751\/revisions"}],"wp:featuredmedia":[{"embeddable":true,"href":"https:\/\/distribucionarc.com\/it\/wp-json\/wp\/v2\/media\/3757"}],"wp:attachment":[{"href":"https:\/\/distribucionarc.com\/it\/wp-json\/wp\/v2\/media?parent=3751"}],"wp:term":[{"taxonomy":"product_brand","embeddable":true,"href":"https:\/\/distribucionarc.com\/it\/wp-json\/wp\/v2\/product_brand?post=3751"},{"taxonomy":"product_cat","embeddable":true,"href":"https:\/\/distribucionarc.com\/it\/wp-json\/wp\/v2\/product_cat?post=3751"},{"taxonomy":"product_tag","embeddable":true,"href":"https:\/\/distribucionarc.com\/it\/wp-json\/wp\/v2\/product_tag?post=3751"}],"curies":[{"name":"wp","href":"https:\/\/api.w.org\/{rel}","templated":true}]}}