{"id":3777,"date":"2020-10-08T10:21:14","date_gmt":"2020-10-08T10:21:14","guid":{"rendered":"https:\/\/distribucionarc.com\/?post_type=product&#038;p=3777"},"modified":"2020-10-08T10:21:14","modified_gmt":"2020-10-08T10:21:14","slug":"forno-di-asciugatura-sottovuoto-digitale","status":"publish","type":"product","link":"https:\/\/distribucionarc.com\/it\/producto\/horno-de-secado-al-vacio-digital\/","title":{"rendered":"Forno di essiccazione sotto vuoto digitale\u00a0"},"content":{"rendered":"<h3>Forno di essiccazione sotto vuoto digitale<\/h3>\n<p>Lui <strong><span style=\"color: #ff0000;\">A<\/span><span style=\"color: #0000ff;\">R<\/span>CHS6020<\/strong> \u00c8 dotato di un nuovo regolatore di temperatura intelligente basato su MCU ad alte prestazioni con algoritmo PID avanzato che seleziona automaticamente il miglior parametro in base alla temperatura, senza quindi richiedere alcun intervento nell&#039;impostazione dei parametri. Questo<strong> macchina per la cottura sottovuoto<\/strong> Dispone di una camera a vuoto elettrolucidata ad alta resistenza e facile da pulire. Con un buon isolamento termico per ottenere un basso consumo energetico. Grazie alla guarnizione sagomata della porta in gomma siliconica integrata nella camera, mantiene un livello di vuoto costante anche per un funzionamento prolungato. Le porte in vetro blindato a due piani facilitano l&#039;osservazione nella camera di lavoro. Ha un ampio schermo LCD, in grado di visualizzare i dati di vari gruppi.<\/p>\n<p>Questo<strong> forno di essiccazione sotto vuoto <span style=\"color: #ff0000;\">A<\/span><span style=\"color: #0000ff;\">R<\/span>C<\/strong> \u00c8 progettato per asciugare delicatamente con la sua distribuzione omogenea della temperatura, garantendo un trasferimento di calore ottimale e una variazione minima di temperatura nello spazio. Con il controller della temperatura a guadagno variabile, pu\u00f2 mantenere una precisione di +\/- 0,5\u00b0C dalla temperatura ambiente a 250\u00b0C. La cremagliera in alluminio stampato con tecniche speciali \u00e8 in grado di condurre rapidamente il calore e resistere all&#039;ossidazione ad alta temperatura.<\/p>\n<p>Ampiamente usato nell&#039;industria biochimica, nella chimica farmaceutica, nella sanit\u00e0 medica, nella ricerca agricola, nella protezione ambientale e in altri campi di ricerca. Particolarmente adatto per l&#039;asciugatura rapida ed efficace di articoli a sostanza secca sensibili al calore, facilmente decomposti o altamente ossidabili, nonch\u00e9 di altri articoli con componenti complessi.<\/p>\n<h6><strong>Garanzia\u00a0<span style=\"color: #ff0000;\">A<\/span><span style=\"color: #0000ff;\">R<\/span>C 2 ANNI<\/strong><\/h6>\n<h6><span style=\"color: #008000;\">Efficiente forno di essiccazione sottovuoto, basso consumo 350w<\/span><\/h6>\n<h6><strong>supporto tecnico incluso<\/strong><\/h6>\n<p>&nbsp;<\/p>\n<table role=\"presentation\" width=\"100%\" cellspacing=\"0\" cellpadding=\"0\">\n<tbody>\n<tr>\n<td class=\"attrLabels\">Marca:<\/td>\n<td width=\"50.0%\">ARCO<\/td>\n<\/tr>\n<tr>\n<td class=\"attrLabels\">Paese di distribuzione:<\/td>\n<td width=\"50.0%\">Spagna, Germania, Stati Uniti<\/td>\n<td class=\"attrLabels\">Dimensioni macchina:<\/td>\n<td width=\"50.0%\">58,5x47,2x45 cm<\/td>\n<\/tr>\n<tr>\n<td class=\"attrLabels\">Garanzia:<\/td>\n<td width=\"50.0%\">2 anni<\/td>\n<td class=\"attrLabels\">Energia:<\/td>\n<td width=\"50.0%\">350 W<\/td>\n<\/tr>\n<tr>\n<td class=\"attrLabels\">Colore:<\/td>\n<td width=\"50.0%\">Argento<\/td>\n<td class=\"attrLabels\">voltaggio:<\/td>\n<td width=\"50.0%\">220 V \u2013 60 Hz<\/td>\n<\/tr>\n<tr>\n<td class=\"attrLabels\">Tipo di prodotto:<\/td>\n<td width=\"50.0%\">Forno di essiccazione sotto vuoto<\/td>\n<td class=\"attrLabels\">Volume della camera:<\/td>\n<td width=\"50.0%\">25 litri<\/td>\n<\/tr>\n<tr>\n<td class=\"attrLabels\">Numero del produttore:<\/td>\n<td width=\"50.0%\">ARCHS6020<\/td>\n<td class=\"attrLabels\">Dimensioni della fodera:<\/td>\n<td width=\"50.0%\">30\u00d729,5\u00d727,5 cm<\/td>\n<\/tr>\n<tr>\n<td class=\"attrLabels\">Materiale:<\/td>\n<td width=\"50.0%\">Alluminio stampato, termoregolatore intelligente, Porte blindate, Schermo LCD, Camera elettrolucidata<\/td>\n<td class=\"attrLabels\">Livello di vuoto finale:<\/td>\n<td width=\"50.0%\">&lt; 133 Pascal<\/td>\n<\/tr>\n<tr>\n<td class=\"attrLabels\">Strumenti di installazione:<\/td>\n<td width=\"50.0%\">S\u00ec<\/td>\n<td class=\"attrLabels\">Intervallo di temperatura:<\/td>\n<td width=\"50.0%\">TA + 10 \u2013 250\u00ba C<\/td>\n<\/tr>\n<tr>\n<td class=\"attrLabels\">Peso:<\/td>\n<td width=\"50.0%\">35,5 kg<\/td>\n<td class=\"attrLabels\">Fluttuazione costante della temperatura:<\/td>\n<td width=\"50.0%\">\u00b11%<\/td>\n<\/tr>\n<\/tbody>\n<\/table>\n<p>&nbsp;<\/p>\n<p>&nbsp;<\/p>","protected":false},"excerpt":{"rendered":"<h2>Forno di essiccazione sotto vuoto digitale<\/h2>\n<p>Questo <strong>forno di essiccazione sotto vuoto scientifico <span style=\"color: #ff0000;\">A<\/span><span style=\"color: #0000ff;\">R<\/span>C<\/strong> \u00c8 progettato per asciugare delicatamente con una distribuzione omogenea della temperatura, che garantisce un trasferimento di calore ottimale evitando variazioni minime di temperatura nello spazio. Questo strumento \u00e8 adatto per l&#039;asciugatura o la cottura rapida ed efficace di sostanze secche sensibili al calore, oltre ad essere utilizzato per la disinfezione e la sterilizzazione di vari tipi di contenitori in vetro.<\/p>\n<h6><strong>Garanzia\u00a0<span style=\"color: #ff0000;\">A<\/span><span style=\"color: #0000ff;\">R<\/span>C 2 ANNI<\/strong><\/h6>\n<h6><span style=\"color: #008000;\">Efficiente forno di essiccazione sottovuoto, basso consumo 350w<\/span><\/h6>\n<h6><strong>supporto tecnico incluso<\/strong><\/h6>","protected":false},"featured_media":3786,"comment_status":"open","ping_status":"closed","template":"","meta":{"wds_primary_product_brand":0,"wds_primary_product_cat":0},"product_brand":[],"product_cat":[29],"product_tag":[],"class_list":{"0":"post-3777","1":"product","2":"type-product","3":"status-publish","4":"has-post-thumbnail","6":"product_cat-maquinas-industria-quimica","7":"product_shipping_class-express","9":"first","10":"outofstock","11":"sale","12":"taxable","13":"shipping-taxable","14":"purchasable","15":"product-type-simple"},"yoast_head":"<!-- This site is optimized with the Yoast SEO Premium plugin v24.9 (Yoast SEO v26.1) - https:\/\/yoast.com\/wordpress\/plugins\/seo\/ -->\n<title>Horno de secado al vac\u00edo digital\u00a0 - distribuci\u00f3n ARC<\/title>\n<meta name=\"robots\" content=\"index, follow, max-snippet:-1, max-image-preview:large, max-video-preview:-1\" \/>\n<link rel=\"canonical\" href=\"https:\/\/www.distribucionarc.com\/lt\/producto\/horno-de-secado-al-vacio-digital\/\" \/>\n<meta property=\"og:locale\" content=\"it_IT\" \/>\n<meta property=\"og:type\" content=\"article\" \/>\n<meta property=\"og:title\" content=\"Horno de secado al vac\u00edo digital\u00a0\" \/>\n<meta property=\"og:description\" content=\"Horno de secado al vac\u00edo digital Este horno de secado al vac\u00edo cient\u00edfico ARC est\u00e1 dise\u00f1ado para secar suavemente con una distribuci\u00f3n de temperatura homog\u00e9nea, lo que garantiza una transferencia de calor \u00f3ptima a su vez que evita la m\u00ednima variaci\u00f3n de temperatura en el espacio. Esta herramienta es adecuada para el secado u horneado r\u00e1pido y eficaz de art\u00edculos de sustancias secas sensibles al calor, adem\u00e1s de usarse para la desinfecci\u00f3n y esterilizaci\u00f3n de varios tipos de envases de vidrio. Garant\u00eda\u00a0ARC 2 A\u00d1OS Horno de secado al vac\u00edo eficiente, bajo consumo 350w soporte t\u00e9cnico incluido\" \/>\n<meta property=\"og:url\" content=\"https:\/\/www.distribucionarc.com\/lt\/producto\/horno-de-secado-al-vacio-digital\/\" \/>\n<meta property=\"og:site_name\" content=\"distribuci\u00f3n ARC\" \/>\n<meta property=\"og:image\" content=\"https:\/\/distribucionarc.com\/wp-content\/uploads\/2020\/10\/Horno-de-secado-al-vac\u00edo-digital-0.jpg\" \/>\n\t<meta property=\"og:image:width\" content=\"1001\" \/>\n\t<meta property=\"og:image:height\" content=\"1001\" \/>\n\t<meta property=\"og:image:type\" content=\"image\/jpeg\" \/>\n<meta name=\"twitter:card\" content=\"summary_large_image\" \/>\n<meta name=\"twitter:label1\" content=\"Tempo di lettura stimato\" \/>\n\t<meta name=\"twitter:data1\" content=\"2 minuti\" \/>\n<script type=\"application\/ld+json\" class=\"yoast-schema-graph\">{\"@context\":\"https:\/\/schema.org\",\"@graph\":[{\"@type\":\"WebPage\",\"@id\":\"https:\/\/www.distribucionarc.com\/lt\/producto\/horno-de-secado-al-vacio-digital\/\",\"url\":\"https:\/\/www.distribucionarc.com\/lt\/producto\/horno-de-secado-al-vacio-digital\/\",\"name\":\"Horno de secado al vac\u00edo digital\u00a0 - distribuci\u00f3n ARC\",\"isPartOf\":{\"@id\":\"https:\/\/www.distribucionarc.com\/sl\/#website\"},\"primaryImageOfPage\":{\"@id\":\"https:\/\/www.distribucionarc.com\/lt\/producto\/horno-de-secado-al-vacio-digital\/#primaryimage\"},\"image\":{\"@id\":\"https:\/\/www.distribucionarc.com\/lt\/producto\/horno-de-secado-al-vacio-digital\/#primaryimage\"},\"thumbnailUrl\":\"https:\/\/distribucionarc.com\/wp-content\/uploads\/2020\/10\/Horno-de-secado-al-vac\u00edo-digital-0.jpg\",\"datePublished\":\"2020-10-08T10:21:14+00:00\",\"breadcrumb\":{\"@id\":\"https:\/\/www.distribucionarc.com\/lt\/producto\/horno-de-secado-al-vacio-digital\/#breadcrumb\"},\"inLanguage\":\"it-IT\",\"potentialAction\":[{\"@type\":\"ReadAction\",\"target\":[\"https:\/\/www.distribucionarc.com\/lt\/producto\/horno-de-secado-al-vacio-digital\/\"]}]},{\"@type\":\"ImageObject\",\"inLanguage\":\"it-IT\",\"@id\":\"https:\/\/www.distribucionarc.com\/lt\/producto\/horno-de-secado-al-vacio-digital\/#primaryimage\",\"url\":\"https:\/\/distribucionarc.com\/wp-content\/uploads\/2020\/10\/Horno-de-secado-al-vac\u00edo-digital-0.jpg\",\"contentUrl\":\"https:\/\/distribucionarc.com\/wp-content\/uploads\/2020\/10\/Horno-de-secado-al-vac\u00edo-digital-0.jpg\",\"width\":1001,\"height\":1001,\"caption\":\"Horno de secado al vac\u00edo digital\u00a0\"},{\"@type\":\"BreadcrumbList\",\"@id\":\"https:\/\/www.distribucionarc.com\/lt\/producto\/horno-de-secado-al-vacio-digital\/#breadcrumb\",\"itemListElement\":[{\"@type\":\"ListItem\",\"position\":1,\"name\":\"Portada\",\"item\":\"https:\/\/www.distribucionarc.com\/\"},{\"@type\":\"ListItem\",\"position\":2,\"name\":\"\u00dcr\u00fcnler\",\"item\":\"https:\/\/www.distribucionarc.com\/tr\/magaza\/\"},{\"@type\":\"ListItem\",\"position\":3,\"name\":\"Horno de secado al vac\u00edo digital\u00a0\"}]},{\"@type\":\"WebSite\",\"@id\":\"https:\/\/www.distribucionarc.com\/sl\/#website\",\"url\":\"https:\/\/www.distribucionarc.com\/sl\/\",\"name\":\"distribuci\u00f3n ARC\",\"description\":\"Empresa especializada en la fabricaci\u00f3n y distribuci\u00f3n de maquinaria industrial, selladoras de latas, Maquinas de hacer pastillas, Maquinas de cortar carne...\",\"publisher\":{\"@id\":\"https:\/\/www.distribucionarc.com\/sl\/#organization\"},\"potentialAction\":[{\"@type\":\"SearchAction\",\"target\":{\"@type\":\"EntryPoint\",\"urlTemplate\":\"https:\/\/www.distribucionarc.com\/sl\/?s={search_term_string}\"},\"query-input\":{\"@type\":\"PropertyValueSpecification\",\"valueRequired\":true,\"valueName\":\"search_term_string\"}}],\"inLanguage\":\"it-IT\"},{\"@type\":\"Organization\",\"@id\":\"https:\/\/www.distribucionarc.com\/sl\/#organization\",\"name\":\"Distribuci\u00f3n ARC\",\"url\":\"https:\/\/www.distribucionarc.com\/sl\/\",\"logo\":{\"@type\":\"ImageObject\",\"inLanguage\":\"it-IT\",\"@id\":\"https:\/\/www.distribucionarc.com\/sl\/#\/schema\/logo\/image\/\",\"url\":\"https:\/\/distribucionarc.com\/wp-content\/uploads\/2024\/10\/distribucion-ARC-COLOR-SIN-FONDO-e1732295305345.png\",\"contentUrl\":\"https:\/\/distribucionarc.com\/wp-content\/uploads\/2024\/10\/distribucion-ARC-COLOR-SIN-FONDO-e1732295305345.png\",\"width\":1164,\"height\":558,\"caption\":\"Distribuci\u00f3n ARC\"},\"image\":{\"@id\":\"https:\/\/www.distribucionarc.com\/sl\/#\/schema\/logo\/image\/\"},\"description\":\"Empresa especializada en la fabricaci\u00f3n y distribuci\u00f3n de maquinaria industrial para los sectores alimentario y farmac\u00e9utico. Nos especializamos en: M\u00e1quinas de cortar carne Fabricaci\u00f3n de comprimidos Sistemas de transporte industrial L\u00edneas de embotellado Dosificadores Y mucho m\u00e1s... Ofrecemos soluciones innovadoras y personalizadas para optimizar los procesos productivos de tu empresa.\",\"email\":\"Admistracion@distribucionarc.com\",\"telephone\":\"+34 643496664\",\"legalName\":\"ARC TECH SOLUTIONS\",\"foundingDate\":\"2024-04-09\",\"vatID\":\"B55480172\",\"numberOfEmployees\":{\"@type\":\"QuantitativeValue\",\"minValue\":\"1\",\"maxValue\":\"10\"}}]}<\/script>\n<!-- \/ Yoast SEO Premium plugin. -->","yoast_head_json":{"title":"Forno digitale per essiccazione sottovuoto - distribuzione ARC","robots":{"index":"index","follow":"follow","max-snippet":"max-snippet:-1","max-image-preview":"max-image-preview:large","max-video-preview":"max-video-preview:-1"},"canonical":"https:\/\/www.distribucionarc.com\/lt\/producto\/horno-de-secado-al-vacio-digital\/","og_locale":"it_IT","og_type":"article","og_title":"Horno de secado al vac\u00edo digital\u00a0","og_description":"Horno de secado al vac\u00edo digital Este horno de secado al vac\u00edo cient\u00edfico ARC est\u00e1 dise\u00f1ado para secar suavemente con una distribuci\u00f3n de temperatura homog\u00e9nea, lo que garantiza una transferencia de calor \u00f3ptima a su vez que evita la m\u00ednima variaci\u00f3n de temperatura en el espacio. Esta herramienta es adecuada para el secado u horneado r\u00e1pido y eficaz de art\u00edculos de sustancias secas sensibles al calor, adem\u00e1s de usarse para la desinfecci\u00f3n y esterilizaci\u00f3n de varios tipos de envases de vidrio. Garant\u00eda\u00a0ARC 2 A\u00d1OS Horno de secado al vac\u00edo eficiente, bajo consumo 350w soporte t\u00e9cnico incluido","og_url":"https:\/\/www.distribucionarc.com\/lt\/producto\/horno-de-secado-al-vacio-digital\/","og_site_name":"distribuci\u00f3n ARC","og_image":[{"width":1001,"height":1001,"url":"https:\/\/distribucionarc.com\/wp-content\/uploads\/2020\/10\/Horno-de-secado-al-vac\u00edo-digital-0.jpg","type":"image\/jpeg"}],"twitter_card":"summary_large_image","twitter_misc":{"Tempo di lettura stimato":"2 minuti"},"schema":{"@context":"https:\/\/schema.org","@graph":[{"@type":"WebPage","@id":"https:\/\/www.distribucionarc.com\/lt\/producto\/horno-de-secado-al-vacio-digital\/","url":"https:\/\/www.distribucionarc.com\/lt\/producto\/horno-de-secado-al-vacio-digital\/","name":"Forno digitale per essiccazione sottovuoto - distribuzione ARC","isPartOf":{"@id":"https:\/\/www.distribucionarc.com\/sl\/#website"},"primaryImageOfPage":{"@id":"https:\/\/www.distribucionarc.com\/lt\/producto\/horno-de-secado-al-vacio-digital\/#primaryimage"},"image":{"@id":"https:\/\/www.distribucionarc.com\/lt\/producto\/horno-de-secado-al-vacio-digital\/#primaryimage"},"thumbnailUrl":"https:\/\/distribucionarc.com\/wp-content\/uploads\/2020\/10\/Horno-de-secado-al-vac\u00edo-digital-0.jpg","datePublished":"2020-10-08T10:21:14+00:00","breadcrumb":{"@id":"https:\/\/www.distribucionarc.com\/lt\/producto\/horno-de-secado-al-vacio-digital\/#breadcrumb"},"inLanguage":"it-IT","potentialAction":[{"@type":"ReadAction","target":["https:\/\/www.distribucionarc.com\/lt\/producto\/horno-de-secado-al-vacio-digital\/"]}]},{"@type":"ImageObject","inLanguage":"it-IT","@id":"https:\/\/www.distribucionarc.com\/lt\/producto\/horno-de-secado-al-vacio-digital\/#primaryimage","url":"https:\/\/distribucionarc.com\/wp-content\/uploads\/2020\/10\/Horno-de-secado-al-vac\u00edo-digital-0.jpg","contentUrl":"https:\/\/distribucionarc.com\/wp-content\/uploads\/2020\/10\/Horno-de-secado-al-vac\u00edo-digital-0.jpg","width":1001,"height":1001,"caption":"Horno de secado al vac\u00edo digital\u00a0"},{"@type":"BreadcrumbList","@id":"https:\/\/www.distribucionarc.com\/lt\/producto\/horno-de-secado-al-vacio-digital\/#breadcrumb","itemListElement":[{"@type":"ListItem","position":1,"name":"Portada","item":"https:\/\/www.distribucionarc.com\/"},{"@type":"ListItem","position":2,"name":"\u00dcr\u00fcnler","item":"https:\/\/www.distribucionarc.com\/tr\/magaza\/"},{"@type":"ListItem","position":3,"name":"Horno de secado al vac\u00edo digital\u00a0"}]},{"@type":"WebSite","@id":"https:\/\/www.distribucionarc.com\/sl\/#website","url":"https:\/\/www.distribucionarc.com\/sl\/","name":"Distribuzione dell&#039;ARCO","description":"Azienda specializzata nella produzione e distribuzione di macchinari industriali, macchine sigillatrici di lattine, macchine per la produzione di compresse, macchine per il taglio della carne...","publisher":{"@id":"https:\/\/www.distribucionarc.com\/sl\/#organization"},"potentialAction":[{"@type":"SearchAction","target":{"@type":"EntryPoint","urlTemplate":"https:\/\/www.distribucionarc.com\/sl\/?s={search_term_string}"},"query-input":{"@type":"PropertyValueSpecification","valueRequired":true,"valueName":"search_term_string"}}],"inLanguage":"it-IT"},{"@type":"Organization","@id":"https:\/\/www.distribucionarc.com\/sl\/#organization","name":"Distribuzione dell&#039;ARC","url":"https:\/\/www.distribucionarc.com\/sl\/","logo":{"@type":"ImageObject","inLanguage":"it-IT","@id":"https:\/\/www.distribucionarc.com\/sl\/#\/schema\/logo\/image\/","url":"https:\/\/distribucionarc.com\/wp-content\/uploads\/2024\/10\/distribucion-ARC-COLOR-SIN-FONDO-e1732295305345.png","contentUrl":"https:\/\/distribucionarc.com\/wp-content\/uploads\/2024\/10\/distribucion-ARC-COLOR-SIN-FONDO-e1732295305345.png","width":1164,"height":558,"caption":"Distribuci\u00f3n ARC"},"image":{"@id":"https:\/\/www.distribucionarc.com\/sl\/#\/schema\/logo\/image\/"},"description":"Azienda specializzata nella produzione e distribuzione di macchinari industriali per il settore alimentare e farmaceutico. Siamo specializzati in: Macchine per il taglio della carne Produzione di compresse Sistemi di trasporto industriale Linee di imbottigliamento Dispenser E molto altro ancora... Offriamo soluzioni innovative e personalizzate per ottimizzare i processi produttivi della vostra azienda.","email":"Admistracion@distribucionarc.com","telephone":"+34 643496664","legalName":"ARC TECH SOLUTIONS","foundingDate":"2024-04-09","vatID":"B55480172","numberOfEmployees":{"@type":"QuantitativeValue","minValue":"1","maxValue":"10"}}]}},"_links":{"self":[{"href":"https:\/\/distribucionarc.com\/it\/wp-json\/wp\/v2\/product\/3777","targetHints":{"allow":["GET"]}}],"collection":[{"href":"https:\/\/distribucionarc.com\/it\/wp-json\/wp\/v2\/product"}],"about":[{"href":"https:\/\/distribucionarc.com\/it\/wp-json\/wp\/v2\/types\/product"}],"replies":[{"embeddable":true,"href":"https:\/\/distribucionarc.com\/it\/wp-json\/wp\/v2\/comments?post=3777"}],"version-history":[{"count":0,"href":"https:\/\/distribucionarc.com\/it\/wp-json\/wp\/v2\/product\/3777\/revisions"}],"wp:featuredmedia":[{"embeddable":true,"href":"https:\/\/distribucionarc.com\/it\/wp-json\/wp\/v2\/media\/3786"}],"wp:attachment":[{"href":"https:\/\/distribucionarc.com\/it\/wp-json\/wp\/v2\/media?parent=3777"}],"wp:term":[{"taxonomy":"product_brand","embeddable":true,"href":"https:\/\/distribucionarc.com\/it\/wp-json\/wp\/v2\/product_brand?post=3777"},{"taxonomy":"product_cat","embeddable":true,"href":"https:\/\/distribucionarc.com\/it\/wp-json\/wp\/v2\/product_cat?post=3777"},{"taxonomy":"product_tag","embeddable":true,"href":"https:\/\/distribucionarc.com\/it\/wp-json\/wp\/v2\/product_tag?post=3777"}],"curies":[{"name":"wp","href":"https:\/\/api.w.org\/{rel}","templated":true}]}}