{"id":3821,"date":"2020-10-09T14:05:43","date_gmt":"2020-10-09T14:05:43","guid":{"rendered":"https:\/\/distribucionarc.com\/?post_type=product&#038;p=3821"},"modified":"2020-10-09T14:05:44","modified_gmt":"2020-10-09T14:05:44","slug":"serbatoio-di-vernice-a-pressione-30l","status":"publish","type":"product","link":"https:\/\/distribucionarc.com\/it\/producto\/tanque-de-pintura-a-presion-30l\/","title":{"rendered":"Serbatoio vernice a pressione da 30 litri"},"content":{"rendered":"<h3>Serbatoio per agitazione manuale della vernice a pressione da 30 litri<\/h3>\n<p>La progettazione di <strong>serbatoio di vernice <span style=\"color: #ff0000;\">A<\/span><span style=\"color: #0000ff;\">R<\/span>C<\/strong> La forte tenuta \u00e8 realizzata in acciaio inossidabile addensato e rinforzato; Con lavorazioni meccaniche di precisione, resistenza alla corrosione, alle sostanze acide e alcaline. Il serbatoio a pressione da 30 litri ha una rete di isolamento per isolare le impurit\u00e0; La lama agitatrice mescola la vernice per evitare precipitazioni irregolari<\/p>\n<p>Ingresso di alimentazione sigillato di qualit\u00e0 e alimentazione ultra spessa, pu\u00f2 essere aperto dopo che la valvola di pressione \u00e8 stata scaricata. Dotato di manometro e regolatore di pressione del fluido per garantire una perfetta aderenza, il manometro visualizza accuratamente la pressione della canna. La valvola di regolazione regola l&#039;influenza del manometro.<\/p>\n<p>Lui<strong> serbatoio a pressione della vernice <span style=\"color: #ff0000;\">A<\/span><span style=\"color: #0000ff;\">R<\/span>CTPP30<\/strong> \u00c8 adatto per l&#039;uso in vernici commerciali o dove \u00e8 richiesta una grande quantit\u00e0 di spruzzatura. \u00c8 dotato di un&#039;uscita con valvola di sicurezza per rilasciare il gas in modo sicuro e affidabile quando la pressione dell&#039;aria supera la pressione dell&#039;aria di sicurezza.<\/p>\n<h6><strong>Garanzia\u00a0<span style=\"color: #ff0000;\">A<\/span><span style=\"color: #0000ff;\">R<\/span>C 2 ANNI<\/strong><\/h6>\n<h6><strong>supporto tecnico incluso<\/strong><\/h6>\n<p>&nbsp;<\/p>\n<table width=\"100%\">\n<tbody>\n<tr>\n<td>Paese di distribuzione:<\/td>\n<td width=\"33%\">Spagna, Germania, Stati Uniti<\/td>\n<td width=\"15%\">Peso:<\/td>\n<td width=\"32%\">30 kg<\/td>\n<\/tr>\n<tr>\n<td>Marca:<\/td>\n<td width=\"33%\">ARCO<\/td>\n<td width=\"15%\">Altezza:<\/td>\n<td width=\"32%\">83,2 centimetri<\/td>\n<\/tr>\n<tr>\n<td>Colore:<\/td>\n<td width=\"33%\">Nero<\/td>\n<td width=\"15%\">Lungo:<\/td>\n<td width=\"32%\">31 cm<\/td>\n<\/tr>\n<tr>\n<td>Tipo di prodotto:<\/td>\n<td width=\"33%\">Serbatoio di vernice a pressione<\/td>\n<td width=\"15%\">Ampio:<\/td>\n<td width=\"32%\">31 cm<\/td>\n<\/tr>\n<tr>\n<td>Numero del produttore:<\/td>\n<td width=\"33%\">ARCTPP30<\/td>\n<td width=\"15%\">Pressione massima:<\/td>\n<td width=\"32%\">6,2 bar<\/td>\n<\/tr>\n<tr>\n<td>Materiale:<\/td>\n<td width=\"33%\">acciaio inossidabile<\/td>\n<td width=\"15%\">Valvola limitatrice di pressione<\/td>\n<td width=\"32%\">4 bar per la sicurezza<\/td>\n<\/tr>\n<tr>\n<td>Garanzia:<\/td>\n<td width=\"33%\">2 ANNI<\/td>\n<td width=\"15%\">Uscita fluido:<\/td>\n<td width=\"32%\">\u00a09,5 mm<\/td>\n<\/tr>\n<tr>\n<td>Strumenti di installazione:<\/td>\n<td width=\"33%\">S\u00ec<\/td>\n<td width=\"15%\">Pressione di esercizio ottimale:<\/td>\n<td width=\"32%\">1,4 \u2013 2,1 bar<\/td>\n<\/tr>\n<tr>\n<td>Capacit\u00e0 del serbatoio:<\/td>\n<td width=\"33%\">30 litri<\/td>\n<td width=\"15%\">Recipiente a pressione:<\/td>\n<td width=\"32%\">6,35 mm<\/td>\n<\/tr>\n<tr>\n<td>Dimensioni copertura:<\/td>\n<td width=\"33%\">30x33 cm<\/td>\n<td width=\"15%\">Diametro profondit\u00e0 benna:<\/td>\n<td width=\"32%\">31,2 x 38,1 cm<\/td>\n<\/tr>\n<\/tbody>\n<\/table>\n<p>&nbsp;<\/p>","protected":false},"excerpt":{"rendered":"<h2>Serbatoio per agitazione manuale della vernice a pressione da 30 litri<\/h2>\n<p>Questo <strong>Serbatoio a pressione per vernice ARC<\/strong> Spray adotta materiali di prima qualit\u00e0, resistenti alla corrosione, agli acidi, alle sostanze con propriet\u00e0 alcaline, ecc. L&#039;agitatore per vernice \u00e8 dotato di un regolatore della pressione del fluido, che pu\u00f2 essere impostato con precisione. Serbatoio rimovibile in acciaio inossidabile e design della maniglia per un funzionamento regolare. Questa macchina per verniciatura \u00e8 adatta per l&#039;industria automobilistica, vernici a base di olio, lattice, vernici, primer, rivestimenti per legno, adesivi e altri rivestimenti.<\/p>\n<h6><strong>Garanzia\u00a0<span style=\"color: #ff0000;\">A<\/span><span style=\"color: #0000ff;\">R<\/span>C 2 ANNI<\/strong><\/h6>\n<h6><strong>supporto tecnico incluso<\/strong><\/h6>","protected":false},"featured_media":3829,"comment_status":"open","ping_status":"closed","template":"","meta":{"wds_primary_product_brand":0,"wds_primary_product_cat":0},"product_brand":[],"product_cat":[71,69],"product_tag":[],"class_list":{"0":"post-3821","1":"product","2":"type-product","3":"status-publish","4":"has-post-thumbnail","6":"product_cat-maquinas-para-pintar","7":"product_cat-maquinas-variadas","8":"product_shipping_class-express","10":"first","11":"instock","12":"sale","13":"taxable","14":"shipping-taxable","15":"purchasable","16":"product-type-simple"},"yoast_head":"<!-- This site is optimized with the Yoast SEO Premium plugin v24.9 (Yoast SEO v26.1) - https:\/\/yoast.com\/wordpress\/plugins\/seo\/ -->\n<title>Tanque de pintura a presi\u00f3n 30L - distribuci\u00f3n ARC<\/title>\n<meta name=\"robots\" content=\"index, follow, max-snippet:-1, max-image-preview:large, max-video-preview:-1\" \/>\n<link rel=\"canonical\" href=\"https:\/\/distribucionarc.com\/it\/prodotto\/serbatoio-di-vernice-a-pressione-30l\/\" \/>\n<meta property=\"og:locale\" content=\"it_IT\" \/>\n<meta property=\"og:type\" content=\"article\" \/>\n<meta property=\"og:title\" content=\"Tanque de pintura a presi\u00f3n 30L\" \/>\n<meta property=\"og:description\" content=\"Tanque agitador de pintura a presi\u00f3n manual\u00a0 30L Este Tanque de presi\u00f3n para pintura ARC en aerosol adopta materiales de primera calidad, resistentes a la corrosi\u00f3n, \u00e1cidos, sustancias con propiedades alcalinas, etc. El agitador de pintura est\u00e1 equipado con un regulador de presi\u00f3n de fluido, que se puede configurar con precisi\u00f3n. Dise\u00f1o de dep\u00f3sito y mango de acero inoxidable extra\u00edble para un funcionamiento suave. Esta m\u00e1quina para pintar es la adecuada para la industria automotriz, pinturas con base de aceite, l\u00e1tex, barniz, imprimaci\u00f3n, revestimiento de madera, adhesivo y dem\u00e1s revestimientos. Garant\u00eda\u00a0ARC 2 A\u00d1OS soporte t\u00e9cnico incluido\" \/>\n<meta property=\"og:url\" content=\"https:\/\/distribucionarc.com\/it\/prodotto\/serbatoio-di-vernice-a-pressione-30l\/\" \/>\n<meta property=\"og:site_name\" content=\"distribuci\u00f3n ARC\" \/>\n<meta property=\"article:modified_time\" content=\"2020-10-09T14:05:44+00:00\" \/>\n<meta property=\"og:image\" content=\"https:\/\/distribucionarc.com\/wp-content\/uploads\/2020\/10\/Tanque-de-pintura-a-presi\u00f3n-30L-0.jpg\" \/>\n\t<meta property=\"og:image:width\" content=\"1600\" \/>\n\t<meta property=\"og:image:height\" content=\"1600\" \/>\n\t<meta property=\"og:image:type\" content=\"image\/jpeg\" \/>\n<meta name=\"twitter:card\" content=\"summary_large_image\" \/>\n<meta name=\"twitter:label1\" content=\"Tempo di lettura stimato\" \/>\n\t<meta name=\"twitter:data1\" content=\"1 minuto\" \/>\n<script type=\"application\/ld+json\" class=\"yoast-schema-graph\">{\"@context\":\"https:\/\/schema.org\",\"@graph\":[{\"@type\":\"WebPage\",\"@id\":\"https:\/\/distribucionarc.com\/hr\/producto\/tanque-de-pintura-a-presion-30l\/\",\"url\":\"https:\/\/distribucionarc.com\/hr\/producto\/tanque-de-pintura-a-presion-30l\/\",\"name\":\"Tanque de pintura a presi\u00f3n 30L - distribuci\u00f3n ARC\",\"isPartOf\":{\"@id\":\"https:\/\/distribucionarc.com\/ro\/#website\"},\"primaryImageOfPage\":{\"@id\":\"https:\/\/distribucionarc.com\/hr\/producto\/tanque-de-pintura-a-presion-30l\/#primaryimage\"},\"image\":{\"@id\":\"https:\/\/distribucionarc.com\/hr\/producto\/tanque-de-pintura-a-presion-30l\/#primaryimage\"},\"thumbnailUrl\":\"https:\/\/distribucionarc.com\/wp-content\/uploads\/2020\/10\/Tanque-de-pintura-a-presi\u00f3n-30L-0.jpg\",\"datePublished\":\"2020-10-09T14:05:43+00:00\",\"dateModified\":\"2020-10-09T14:05:44+00:00\",\"breadcrumb\":{\"@id\":\"https:\/\/distribucionarc.com\/hr\/producto\/tanque-de-pintura-a-presion-30l\/#breadcrumb\"},\"inLanguage\":\"it-IT\",\"potentialAction\":[{\"@type\":\"ReadAction\",\"target\":[\"https:\/\/distribucionarc.com\/hr\/producto\/tanque-de-pintura-a-presion-30l\/\"]}]},{\"@type\":\"ImageObject\",\"inLanguage\":\"it-IT\",\"@id\":\"https:\/\/distribucionarc.com\/hr\/producto\/tanque-de-pintura-a-presion-30l\/#primaryimage\",\"url\":\"https:\/\/distribucionarc.com\/wp-content\/uploads\/2020\/10\/Tanque-de-pintura-a-presi\u00f3n-30L-0.jpg\",\"contentUrl\":\"https:\/\/distribucionarc.com\/wp-content\/uploads\/2020\/10\/Tanque-de-pintura-a-presi\u00f3n-30L-0.jpg\",\"width\":1600,\"height\":1600,\"caption\":\"Tanque de pintura a presi\u00f3n 30L\"},{\"@type\":\"BreadcrumbList\",\"@id\":\"https:\/\/distribucionarc.com\/hr\/producto\/tanque-de-pintura-a-presion-30l\/#breadcrumb\",\"itemListElement\":[{\"@type\":\"ListItem\",\"position\":1,\"name\":\"Portada\",\"item\":\"https:\/\/distribucionarc.com\/ar\/\"},{\"@type\":\"ListItem\",\"position\":2,\"name\":\"Proizvodi\",\"item\":\"https:\/\/www.distribucionarc.com\/hr\/ducan\/\"},{\"@type\":\"ListItem\",\"position\":3,\"name\":\"Tanque de pintura a presi\u00f3n 30L\"}]},{\"@type\":\"WebSite\",\"@id\":\"https:\/\/distribucionarc.com\/ro\/#website\",\"url\":\"https:\/\/distribucionarc.com\/ro\/\",\"name\":\"distribuci\u00f3n ARC\",\"description\":\"Empresa especializada en la fabricaci\u00f3n y distribuci\u00f3n de maquinaria industrial, selladoras de latas, Maquinas de hacer pastillas, Maquinas de cortar carne...\",\"publisher\":{\"@id\":\"https:\/\/distribucionarc.com\/ro\/#organization\"},\"potentialAction\":[{\"@type\":\"SearchAction\",\"target\":{\"@type\":\"EntryPoint\",\"urlTemplate\":\"https:\/\/distribucionarc.com\/ro\/?s={search_term_string}\"},\"query-input\":{\"@type\":\"PropertyValueSpecification\",\"valueRequired\":true,\"valueName\":\"search_term_string\"}}],\"inLanguage\":\"it-IT\"},{\"@type\":\"Organization\",\"@id\":\"https:\/\/distribucionarc.com\/ro\/#organization\",\"name\":\"Distribuci\u00f3n ARC\",\"url\":\"https:\/\/distribucionarc.com\/ro\/\",\"logo\":{\"@type\":\"ImageObject\",\"inLanguage\":\"it-IT\",\"@id\":\"https:\/\/distribucionarc.com\/ro\/#\/schema\/logo\/image\/\",\"url\":\"https:\/\/distribucionarc.com\/wp-content\/uploads\/2024\/10\/distribucion-ARC-COLOR-SIN-FONDO-e1732295305345.png\",\"contentUrl\":\"https:\/\/distribucionarc.com\/wp-content\/uploads\/2024\/10\/distribucion-ARC-COLOR-SIN-FONDO-e1732295305345.png\",\"width\":1164,\"height\":558,\"caption\":\"Distribuci\u00f3n ARC\"},\"image\":{\"@id\":\"https:\/\/distribucionarc.com\/ro\/#\/schema\/logo\/image\/\"},\"description\":\"Empresa especializada en la fabricaci\u00f3n y distribuci\u00f3n de maquinaria industrial para los sectores alimentario y farmac\u00e9utico. Nos especializamos en: M\u00e1quinas de cortar carne Fabricaci\u00f3n de comprimidos Sistemas de transporte industrial L\u00edneas de embotellado Dosificadores Y mucho m\u00e1s... Ofrecemos soluciones innovadoras y personalizadas para optimizar los procesos productivos de tu empresa.\",\"email\":\"Admistracion@distribucionarc.com\",\"telephone\":\"+34 643496664\",\"legalName\":\"ARC TECH SOLUTIONS\",\"foundingDate\":\"2024-04-09\",\"vatID\":\"B55480172\",\"numberOfEmployees\":{\"@type\":\"QuantitativeValue\",\"minValue\":\"1\",\"maxValue\":\"10\"}}]}<\/script>\n<!-- \/ Yoast SEO Premium plugin. -->","yoast_head_json":{"title":"Serbatoio vernice a pressione da 30 litri - distribuzione ARC","robots":{"index":"index","follow":"follow","max-snippet":"max-snippet:-1","max-image-preview":"max-image-preview:large","max-video-preview":"max-video-preview:-1"},"canonical":"https:\/\/distribucionarc.com\/it\/prodotto\/serbatoio-di-vernice-a-pressione-30l\/","og_locale":"it_IT","og_type":"article","og_title":"Tanque de pintura a presi\u00f3n 30L","og_description":"Tanque agitador de pintura a presi\u00f3n manual\u00a0 30L Este Tanque de presi\u00f3n para pintura ARC en aerosol adopta materiales de primera calidad, resistentes a la corrosi\u00f3n, \u00e1cidos, sustancias con propiedades alcalinas, etc. El agitador de pintura est\u00e1 equipado con un regulador de presi\u00f3n de fluido, que se puede configurar con precisi\u00f3n. Dise\u00f1o de dep\u00f3sito y mango de acero inoxidable extra\u00edble para un funcionamiento suave. Esta m\u00e1quina para pintar es la adecuada para la industria automotriz, pinturas con base de aceite, l\u00e1tex, barniz, imprimaci\u00f3n, revestimiento de madera, adhesivo y dem\u00e1s revestimientos. Garant\u00eda\u00a0ARC 2 A\u00d1OS soporte t\u00e9cnico incluido","og_url":"https:\/\/distribucionarc.com\/it\/prodotto\/serbatoio-di-vernice-a-pressione-30l\/","og_site_name":"distribuci\u00f3n ARC","article_modified_time":"2020-10-09T14:05:44+00:00","og_image":[{"width":1600,"height":1600,"url":"https:\/\/distribucionarc.com\/wp-content\/uploads\/2020\/10\/Tanque-de-pintura-a-presi\u00f3n-30L-0.jpg","type":"image\/jpeg"}],"twitter_card":"summary_large_image","twitter_misc":{"Tempo di lettura stimato":"1 minuto"},"schema":{"@context":"https:\/\/schema.org","@graph":[{"@type":"WebPage","@id":"https:\/\/distribucionarc.com\/hr\/producto\/tanque-de-pintura-a-presion-30l\/","url":"https:\/\/distribucionarc.com\/hr\/producto\/tanque-de-pintura-a-presion-30l\/","name":"Serbatoio vernice a pressione da 30 litri - distribuzione ARC","isPartOf":{"@id":"https:\/\/distribucionarc.com\/ro\/#website"},"primaryImageOfPage":{"@id":"https:\/\/distribucionarc.com\/hr\/producto\/tanque-de-pintura-a-presion-30l\/#primaryimage"},"image":{"@id":"https:\/\/distribucionarc.com\/hr\/producto\/tanque-de-pintura-a-presion-30l\/#primaryimage"},"thumbnailUrl":"https:\/\/distribucionarc.com\/wp-content\/uploads\/2020\/10\/Tanque-de-pintura-a-presi\u00f3n-30L-0.jpg","datePublished":"2020-10-09T14:05:43+00:00","dateModified":"2020-10-09T14:05:44+00:00","breadcrumb":{"@id":"https:\/\/distribucionarc.com\/hr\/producto\/tanque-de-pintura-a-presion-30l\/#breadcrumb"},"inLanguage":"it-IT","potentialAction":[{"@type":"ReadAction","target":["https:\/\/distribucionarc.com\/hr\/producto\/tanque-de-pintura-a-presion-30l\/"]}]},{"@type":"ImageObject","inLanguage":"it-IT","@id":"https:\/\/distribucionarc.com\/hr\/producto\/tanque-de-pintura-a-presion-30l\/#primaryimage","url":"https:\/\/distribucionarc.com\/wp-content\/uploads\/2020\/10\/Tanque-de-pintura-a-presi\u00f3n-30L-0.jpg","contentUrl":"https:\/\/distribucionarc.com\/wp-content\/uploads\/2020\/10\/Tanque-de-pintura-a-presi\u00f3n-30L-0.jpg","width":1600,"height":1600,"caption":"Tanque de pintura a presi\u00f3n 30L"},{"@type":"BreadcrumbList","@id":"https:\/\/distribucionarc.com\/hr\/producto\/tanque-de-pintura-a-presion-30l\/#breadcrumb","itemListElement":[{"@type":"ListItem","position":1,"name":"Portada","item":"https:\/\/distribucionarc.com\/ar\/"},{"@type":"ListItem","position":2,"name":"Proizvodi","item":"https:\/\/www.distribucionarc.com\/hr\/ducan\/"},{"@type":"ListItem","position":3,"name":"Tanque de pintura a presi\u00f3n 30L"}]},{"@type":"WebSite","@id":"https:\/\/distribucionarc.com\/ro\/#website","url":"https:\/\/distribucionarc.com\/ro\/","name":"Distribuzione dell&#039;ARCO","description":"Azienda specializzata nella produzione e distribuzione di macchinari industriali, macchine sigillatrici di lattine, macchine per la produzione di compresse, macchine per il taglio della carne...","publisher":{"@id":"https:\/\/distribucionarc.com\/ro\/#organization"},"potentialAction":[{"@type":"SearchAction","target":{"@type":"EntryPoint","urlTemplate":"https:\/\/distribucionarc.com\/ro\/?s={search_term_string}"},"query-input":{"@type":"PropertyValueSpecification","valueRequired":true,"valueName":"search_term_string"}}],"inLanguage":"it-IT"},{"@type":"Organization","@id":"https:\/\/distribucionarc.com\/ro\/#organization","name":"Distribuzione dell&#039;ARC","url":"https:\/\/distribucionarc.com\/ro\/","logo":{"@type":"ImageObject","inLanguage":"it-IT","@id":"https:\/\/distribucionarc.com\/ro\/#\/schema\/logo\/image\/","url":"https:\/\/distribucionarc.com\/wp-content\/uploads\/2024\/10\/distribucion-ARC-COLOR-SIN-FONDO-e1732295305345.png","contentUrl":"https:\/\/distribucionarc.com\/wp-content\/uploads\/2024\/10\/distribucion-ARC-COLOR-SIN-FONDO-e1732295305345.png","width":1164,"height":558,"caption":"Distribuci\u00f3n ARC"},"image":{"@id":"https:\/\/distribucionarc.com\/ro\/#\/schema\/logo\/image\/"},"description":"Azienda specializzata nella produzione e distribuzione di macchinari industriali per il settore alimentare e farmaceutico. Siamo specializzati in: Macchine per il taglio della carne Produzione di compresse Sistemi di trasporto industriale Linee di imbottigliamento Dispenser E molto altro ancora... Offriamo soluzioni innovative e personalizzate per ottimizzare i processi produttivi della vostra azienda.","email":"Admistracion@distribucionarc.com","telephone":"+34 643496664","legalName":"ARC TECH SOLUTIONS","foundingDate":"2024-04-09","vatID":"B55480172","numberOfEmployees":{"@type":"QuantitativeValue","minValue":"1","maxValue":"10"}}]}},"_links":{"self":[{"href":"https:\/\/distribucionarc.com\/it\/wp-json\/wp\/v2\/product\/3821","targetHints":{"allow":["GET"]}}],"collection":[{"href":"https:\/\/distribucionarc.com\/it\/wp-json\/wp\/v2\/product"}],"about":[{"href":"https:\/\/distribucionarc.com\/it\/wp-json\/wp\/v2\/types\/product"}],"replies":[{"embeddable":true,"href":"https:\/\/distribucionarc.com\/it\/wp-json\/wp\/v2\/comments?post=3821"}],"version-history":[{"count":0,"href":"https:\/\/distribucionarc.com\/it\/wp-json\/wp\/v2\/product\/3821\/revisions"}],"wp:featuredmedia":[{"embeddable":true,"href":"https:\/\/distribucionarc.com\/it\/wp-json\/wp\/v2\/media\/3829"}],"wp:attachment":[{"href":"https:\/\/distribucionarc.com\/it\/wp-json\/wp\/v2\/media?parent=3821"}],"wp:term":[{"taxonomy":"product_brand","embeddable":true,"href":"https:\/\/distribucionarc.com\/it\/wp-json\/wp\/v2\/product_brand?post=3821"},{"taxonomy":"product_cat","embeddable":true,"href":"https:\/\/distribucionarc.com\/it\/wp-json\/wp\/v2\/product_cat?post=3821"},{"taxonomy":"product_tag","embeddable":true,"href":"https:\/\/distribucionarc.com\/it\/wp-json\/wp\/v2\/product_tag?post=3821"}],"curies":[{"name":"wp","href":"https:\/\/api.w.org\/{rel}","templated":true}]}}