{"id":3846,"date":"2020-10-10T09:01:48","date_gmt":"2020-10-10T09:01:48","guid":{"rendered":"https:\/\/distribucionarc.com\/?post_type=product&#038;p=3846"},"modified":"2020-10-10T09:01:49","modified_gmt":"2020-10-10T09:01:49","slug":"dispenser-caffettiera-azoto","status":"publish","type":"product","link":"https:\/\/distribucionarc.com\/it\/producto\/dispensador-cafetera-nitrogeno\/","title":{"rendered":"Erogatore per caffettiera ad azoto"},"content":{"rendered":"<h3>Erogatore per caffettiera ad azoto<\/h3>\n<p>La struttura del <strong>caffettiera all&#039;azoto <span style=\"color: #ff0000;\">A<\/span><span style=\"color: #0000ff;\">R<\/span>C<\/strong> Utilizza acciaio inossidabile alimentare 304 addensato con uno spessore di 0,8 mm. Resistente, igienico, facile da pulire e durevole nel quotidiano. Ha due fessure vuote su ciascun lato del<strong> caffettiera nitro<\/strong>Per un facile trasporto, il design compatto e piccolo ti consente di riporlo nei frigoriferi o nei portabottiglie, riducendo l&#039;utilizzo dello spazio. Il rubinetto \u00e8 incorporato nel coperchio per una facile sostituzione per facilitare l&#039;utilizzo di diversi liquidi come caff\u00e8, birra, soda, ecc.<\/p>\n<p>Lui <strong>distributore di freddo <span style=\"color: #ff0000;\">A<\/span><span style=\"color: #0000ff;\">R<\/span>CDCN2<\/strong> Ha una grande capacit\u00e0 di riempimento di 2 litri. Facilitare lo stoccaggio di grandi quantit\u00e0 di caff\u00e8 azotato e di vari tipi di bevande. La preparazione a freddo Nitro pu\u00f2 essere ottenuta semplicemente spremendo la cartuccia di azoto e quindi premendo leggermente il rubinetto.<\/p>\n<h6><strong>Garanzia\u00a0<span style=\"color: #ff0000;\">A<\/span><span style=\"color: #0000ff;\">R<\/span>C 2 ANNI<\/strong><\/h6>\n<h6><strong>supporto tecnico incluso<\/strong><\/h6>\n<p>&nbsp;<\/p>\n<table width=\"100%\">\n<tbody>\n<tr>\n<td>Marca:<\/td>\n<td width=\"32%\">ARCO<\/td>\n<td>Peso:<\/td>\n<td width=\"30%\">1,4 kg<\/td>\n<\/tr>\n<tr>\n<td>Paese di distribuzione:<\/td>\n<td width=\"32%\">Spagna, Germania, Stati Uniti<\/td>\n<td>Altezza:<\/td>\n<td width=\"30%\">19,5 cm<\/td>\n<\/tr>\n<tr>\n<td>Colore:<\/td>\n<td width=\"32%\">Argento<\/td>\n<td>Lungo:<\/td>\n<td width=\"30%\">13,4 centimetri<\/td>\n<\/tr>\n<tr>\n<td>Tipo di prodotto:<\/td>\n<td width=\"32%\">Distributore di caff\u00e8 Nitro<\/td>\n<td>Ampio:<\/td>\n<td width=\"30%\">33,4 cm<\/td>\n<\/tr>\n<tr>\n<td>Numero del produttore:<\/td>\n<td width=\"32%\">ARCDCN2<\/td>\n<td>Capacit\u00e0:<\/td>\n<td width=\"30%\">2 litri<\/td>\n<\/tr>\n<tr>\n<td>Materiale:<\/td>\n<td width=\"32%\">Acciaio inossidabile SUS 304<\/td>\n<td>Diametro del serbatoio:<\/td>\n<td width=\"30%\">13,4 cm<\/td>\n<\/tr>\n<tr>\n<td>Spessore dell&#039;acciaio:<\/td>\n<td width=\"32%\">0,8 mm<\/td>\n<td>\u00a0Garanzia:<\/td>\n<td width=\"30%\">2 ANNI<\/td>\n<\/tr>\n<\/tbody>\n<\/table>","protected":false},"excerpt":{"rendered":"<h2>Erogatore per caffettiera ad azoto<\/h2>\n<p>Nostro<strong> distributore di caff\u00e8 <span style=\"color: #ff0000;\">A<\/span><span style=\"color: #0000ff;\">R<\/span>C<\/strong> \u00c8 realizzato in acciaio inossidabile alimentare 304 per facilitare la pulizia e soddisfare i requisiti sanitari. Questo erogatore permette di preparare un gustoso caff\u00e8 azotato, oltre ad essere utile come erogatore per birra, bibite, bibite gassate, ecc. Le sue dimensioni ridotte lo rendono portatile e facile da riporre nei frigoriferi. Con fessure cave su entrambi i lati per un facile trasporto.<\/p>\n<h6><strong>Garanzia\u00a0<span style=\"color: #ff0000;\">A<\/span><span style=\"color: #0000ff;\">R<\/span>C 2 ANNI<\/strong><\/h6>\n<h6><strong>supporto tecnico incluso<\/strong><\/h6>","protected":false},"featured_media":3856,"comment_status":"open","ping_status":"closed","template":"","meta":{"wds_primary_product_brand":0,"wds_primary_product_cat":0},"product_brand":[],"product_cat":[57],"product_tag":[],"class_list":{"0":"post-3846","1":"product","2":"type-product","3":"status-publish","4":"has-post-thumbnail","6":"product_cat-dosificadores-dispensadores","7":"product_shipping_class-hosteleria","9":"first","10":"instock","11":"sale","12":"taxable","13":"shipping-taxable","14":"purchasable","15":"product-type-simple"},"yoast_head":"<!-- This site is optimized with the Yoast SEO Premium plugin v24.9 (Yoast SEO v26.1) - https:\/\/yoast.com\/wordpress\/plugins\/seo\/ -->\n<title>Dispensador cafetera nitr\u00f3geno - distribuci\u00f3n ARC<\/title>\n<meta name=\"robots\" content=\"index, follow, max-snippet:-1, max-image-preview:large, max-video-preview:-1\" \/>\n<link rel=\"canonical\" href=\"https:\/\/distribucionarc.com\/it\/prodotto\/dispenser-caffettiera-azoto\/\" \/>\n<meta property=\"og:locale\" content=\"it_IT\" \/>\n<meta property=\"og:type\" content=\"article\" \/>\n<meta property=\"og:title\" content=\"Dispensador cafetera nitr\u00f3geno\" \/>\n<meta property=\"og:description\" content=\"Dispensador cafetera nitr\u00f3geno Nuestro dispensador cafetera ARC est\u00e1 hecha de acero inoxidable 304 de grado alimenticio para mayor facilidad de limpieza a su vez que cumple con los requisitos sanitarios. Este dispensador le permite realizar un sabroso caf\u00e9 nitrogenado, adem\u00e1s de ser \u00fatil como dispensador de cerveza, refrescos, bebidas gaseosas, etc. Su peque\u00f1o tama\u00f1o lo hace port\u00e1til y f\u00e1cil de guardar en sus neveras. Con ranuras huecas en ambos lados para facilitar su transporte. Garant\u00eda\u00a0ARC 2 A\u00d1OS soporte t\u00e9cnico incluido\" \/>\n<meta property=\"og:url\" content=\"https:\/\/distribucionarc.com\/it\/prodotto\/dispenser-caffettiera-azoto\/\" \/>\n<meta property=\"og:site_name\" content=\"distribuci\u00f3n ARC\" \/>\n<meta property=\"article:modified_time\" content=\"2020-10-10T09:01:49+00:00\" \/>\n<meta property=\"og:image\" content=\"https:\/\/distribucionarc.com\/wp-content\/uploads\/2020\/10\/Dispensador-cafetera-nitr\u00f3geno-0.jpg\" \/>\n\t<meta property=\"og:image:width\" content=\"1600\" \/>\n\t<meta property=\"og:image:height\" content=\"1600\" \/>\n\t<meta property=\"og:image:type\" content=\"image\/jpeg\" \/>\n<meta name=\"twitter:card\" content=\"summary_large_image\" \/>\n<meta name=\"twitter:label1\" content=\"Tempo di lettura stimato\" \/>\n\t<meta name=\"twitter:data1\" content=\"1 minuto\" \/>\n<script type=\"application\/ld+json\" class=\"yoast-schema-graph\">{\"@context\":\"https:\/\/schema.org\",\"@graph\":[{\"@type\":\"WebPage\",\"@id\":\"https:\/\/distribucionarc.com\/pt\/producto\/dispensador-cafetera-nitrogeno\/\",\"url\":\"https:\/\/distribucionarc.com\/pt\/producto\/dispensador-cafetera-nitrogeno\/\",\"name\":\"Dispensador cafetera nitr\u00f3geno - distribuci\u00f3n ARC\",\"isPartOf\":{\"@id\":\"https:\/\/distribucionarc.com\/de\/#website\"},\"primaryImageOfPage\":{\"@id\":\"https:\/\/distribucionarc.com\/pt\/producto\/dispensador-cafetera-nitrogeno\/#primaryimage\"},\"image\":{\"@id\":\"https:\/\/distribucionarc.com\/pt\/producto\/dispensador-cafetera-nitrogeno\/#primaryimage\"},\"thumbnailUrl\":\"https:\/\/distribucionarc.com\/wp-content\/uploads\/2020\/10\/Dispensador-cafetera-nitr\u00f3geno-0.jpg\",\"datePublished\":\"2020-10-10T09:01:48+00:00\",\"dateModified\":\"2020-10-10T09:01:49+00:00\",\"breadcrumb\":{\"@id\":\"https:\/\/distribucionarc.com\/pt\/producto\/dispensador-cafetera-nitrogeno\/#breadcrumb\"},\"inLanguage\":\"it-IT\",\"potentialAction\":[{\"@type\":\"ReadAction\",\"target\":[\"https:\/\/distribucionarc.com\/pt\/producto\/dispensador-cafetera-nitrogeno\/\"]}]},{\"@type\":\"ImageObject\",\"inLanguage\":\"it-IT\",\"@id\":\"https:\/\/distribucionarc.com\/pt\/producto\/dispensador-cafetera-nitrogeno\/#primaryimage\",\"url\":\"https:\/\/distribucionarc.com\/wp-content\/uploads\/2020\/10\/Dispensador-cafetera-nitr\u00f3geno-0.jpg\",\"contentUrl\":\"https:\/\/distribucionarc.com\/wp-content\/uploads\/2020\/10\/Dispensador-cafetera-nitr\u00f3geno-0.jpg\",\"width\":1600,\"height\":1600,\"caption\":\"Dispensador cafetera nitr\u00f3geno 5L\"},{\"@type\":\"BreadcrumbList\",\"@id\":\"https:\/\/distribucionarc.com\/pt\/producto\/dispensador-cafetera-nitrogeno\/#breadcrumb\",\"itemListElement\":[{\"@type\":\"ListItem\",\"position\":1,\"name\":\"Portada\",\"item\":\"https:\/\/distribucionarc.com\/pl\/\"},{\"@type\":\"ListItem\",\"position\":2,\"name\":\"Produkty\",\"item\":\"https:\/\/distribucionarc.com\/pl\/shop\/\"},{\"@type\":\"ListItem\",\"position\":3,\"name\":\"Dispensador cafetera nitr\u00f3geno\"}]},{\"@type\":\"WebSite\",\"@id\":\"https:\/\/distribucionarc.com\/de\/#website\",\"url\":\"https:\/\/distribucionarc.com\/de\/\",\"name\":\"distribuci\u00f3n ARC\",\"description\":\"Empresa especializada en la fabricaci\u00f3n y distribuci\u00f3n de maquinaria industrial, selladoras de latas, Maquinas de hacer pastillas, Maquinas de cortar carne...\",\"publisher\":{\"@id\":\"https:\/\/distribucionarc.com\/de\/#organization\"},\"potentialAction\":[{\"@type\":\"SearchAction\",\"target\":{\"@type\":\"EntryPoint\",\"urlTemplate\":\"https:\/\/distribucionarc.com\/de\/?s={search_term_string}\"},\"query-input\":{\"@type\":\"PropertyValueSpecification\",\"valueRequired\":true,\"valueName\":\"search_term_string\"}}],\"inLanguage\":\"it-IT\"},{\"@type\":\"Organization\",\"@id\":\"https:\/\/distribucionarc.com\/de\/#organization\",\"name\":\"Distribuci\u00f3n ARC\",\"url\":\"https:\/\/distribucionarc.com\/de\/\",\"logo\":{\"@type\":\"ImageObject\",\"inLanguage\":\"it-IT\",\"@id\":\"https:\/\/distribucionarc.com\/de\/#\/schema\/logo\/image\/\",\"url\":\"https:\/\/distribucionarc.com\/wp-content\/uploads\/2024\/10\/distribucion-ARC-COLOR-SIN-FONDO-e1732295305345.png\",\"contentUrl\":\"https:\/\/distribucionarc.com\/wp-content\/uploads\/2024\/10\/distribucion-ARC-COLOR-SIN-FONDO-e1732295305345.png\",\"width\":1164,\"height\":558,\"caption\":\"Distribuci\u00f3n ARC\"},\"image\":{\"@id\":\"https:\/\/distribucionarc.com\/de\/#\/schema\/logo\/image\/\"},\"description\":\"Empresa especializada en la fabricaci\u00f3n y distribuci\u00f3n de maquinaria industrial para los sectores alimentario y farmac\u00e9utico. Nos especializamos en: M\u00e1quinas de cortar carne Fabricaci\u00f3n de comprimidos Sistemas de transporte industrial L\u00edneas de embotellado Dosificadores Y mucho m\u00e1s... Ofrecemos soluciones innovadoras y personalizadas para optimizar los procesos productivos de tu empresa.\",\"email\":\"Admistracion@distribucionarc.com\",\"telephone\":\"+34 643496664\",\"legalName\":\"ARC TECH SOLUTIONS\",\"foundingDate\":\"2024-04-09\",\"vatID\":\"B55480172\",\"numberOfEmployees\":{\"@type\":\"QuantitativeValue\",\"minValue\":\"1\",\"maxValue\":\"10\"}}]}<\/script>\n<!-- \/ Yoast SEO Premium plugin. -->","yoast_head_json":{"title":"Erogatore caffettiera ad azoto - distribuzione ARC","robots":{"index":"index","follow":"follow","max-snippet":"max-snippet:-1","max-image-preview":"max-image-preview:large","max-video-preview":"max-video-preview:-1"},"canonical":"https:\/\/distribucionarc.com\/it\/prodotto\/dispenser-caffettiera-azoto\/","og_locale":"it_IT","og_type":"article","og_title":"Dispensador cafetera nitr\u00f3geno","og_description":"Dispensador cafetera nitr\u00f3geno Nuestro dispensador cafetera ARC est\u00e1 hecha de acero inoxidable 304 de grado alimenticio para mayor facilidad de limpieza a su vez que cumple con los requisitos sanitarios. Este dispensador le permite realizar un sabroso caf\u00e9 nitrogenado, adem\u00e1s de ser \u00fatil como dispensador de cerveza, refrescos, bebidas gaseosas, etc. Su peque\u00f1o tama\u00f1o lo hace port\u00e1til y f\u00e1cil de guardar en sus neveras. Con ranuras huecas en ambos lados para facilitar su transporte. Garant\u00eda\u00a0ARC 2 A\u00d1OS soporte t\u00e9cnico incluido","og_url":"https:\/\/distribucionarc.com\/it\/prodotto\/dispenser-caffettiera-azoto\/","og_site_name":"distribuci\u00f3n ARC","article_modified_time":"2020-10-10T09:01:49+00:00","og_image":[{"width":1600,"height":1600,"url":"https:\/\/distribucionarc.com\/wp-content\/uploads\/2020\/10\/Dispensador-cafetera-nitr\u00f3geno-0.jpg","type":"image\/jpeg"}],"twitter_card":"summary_large_image","twitter_misc":{"Tempo di lettura stimato":"1 minuto"},"schema":{"@context":"https:\/\/schema.org","@graph":[{"@type":"WebPage","@id":"https:\/\/distribucionarc.com\/pt\/producto\/dispensador-cafetera-nitrogeno\/","url":"https:\/\/distribucionarc.com\/pt\/producto\/dispensador-cafetera-nitrogeno\/","name":"Erogatore caffettiera ad azoto - distribuzione ARC","isPartOf":{"@id":"https:\/\/distribucionarc.com\/de\/#website"},"primaryImageOfPage":{"@id":"https:\/\/distribucionarc.com\/pt\/producto\/dispensador-cafetera-nitrogeno\/#primaryimage"},"image":{"@id":"https:\/\/distribucionarc.com\/pt\/producto\/dispensador-cafetera-nitrogeno\/#primaryimage"},"thumbnailUrl":"https:\/\/distribucionarc.com\/wp-content\/uploads\/2020\/10\/Dispensador-cafetera-nitr\u00f3geno-0.jpg","datePublished":"2020-10-10T09:01:48+00:00","dateModified":"2020-10-10T09:01:49+00:00","breadcrumb":{"@id":"https:\/\/distribucionarc.com\/pt\/producto\/dispensador-cafetera-nitrogeno\/#breadcrumb"},"inLanguage":"it-IT","potentialAction":[{"@type":"ReadAction","target":["https:\/\/distribucionarc.com\/pt\/producto\/dispensador-cafetera-nitrogeno\/"]}]},{"@type":"ImageObject","inLanguage":"it-IT","@id":"https:\/\/distribucionarc.com\/pt\/producto\/dispensador-cafetera-nitrogeno\/#primaryimage","url":"https:\/\/distribucionarc.com\/wp-content\/uploads\/2020\/10\/Dispensador-cafetera-nitr\u00f3geno-0.jpg","contentUrl":"https:\/\/distribucionarc.com\/wp-content\/uploads\/2020\/10\/Dispensador-cafetera-nitr\u00f3geno-0.jpg","width":1600,"height":1600,"caption":"Dispensador cafetera nitr\u00f3geno 5L"},{"@type":"BreadcrumbList","@id":"https:\/\/distribucionarc.com\/pt\/producto\/dispensador-cafetera-nitrogeno\/#breadcrumb","itemListElement":[{"@type":"ListItem","position":1,"name":"Portada","item":"https:\/\/distribucionarc.com\/pl\/"},{"@type":"ListItem","position":2,"name":"Produkty","item":"https:\/\/distribucionarc.com\/pl\/shop\/"},{"@type":"ListItem","position":3,"name":"Dispensador cafetera nitr\u00f3geno"}]},{"@type":"WebSite","@id":"https:\/\/distribucionarc.com\/de\/#website","url":"https:\/\/distribucionarc.com\/de\/","name":"Distribuzione dell&#039;ARCO","description":"Azienda specializzata nella produzione e distribuzione di macchinari industriali, macchine sigillatrici di lattine, macchine per la produzione di compresse, macchine per il taglio della carne...","publisher":{"@id":"https:\/\/distribucionarc.com\/de\/#organization"},"potentialAction":[{"@type":"SearchAction","target":{"@type":"EntryPoint","urlTemplate":"https:\/\/distribucionarc.com\/de\/?s={search_term_string}"},"query-input":{"@type":"PropertyValueSpecification","valueRequired":true,"valueName":"search_term_string"}}],"inLanguage":"it-IT"},{"@type":"Organization","@id":"https:\/\/distribucionarc.com\/de\/#organization","name":"Distribuzione dell&#039;ARC","url":"https:\/\/distribucionarc.com\/de\/","logo":{"@type":"ImageObject","inLanguage":"it-IT","@id":"https:\/\/distribucionarc.com\/de\/#\/schema\/logo\/image\/","url":"https:\/\/distribucionarc.com\/wp-content\/uploads\/2024\/10\/distribucion-ARC-COLOR-SIN-FONDO-e1732295305345.png","contentUrl":"https:\/\/distribucionarc.com\/wp-content\/uploads\/2024\/10\/distribucion-ARC-COLOR-SIN-FONDO-e1732295305345.png","width":1164,"height":558,"caption":"Distribuci\u00f3n ARC"},"image":{"@id":"https:\/\/distribucionarc.com\/de\/#\/schema\/logo\/image\/"},"description":"Azienda specializzata nella produzione e distribuzione di macchinari industriali per il settore alimentare e farmaceutico. Siamo specializzati in: Macchine per il taglio della carne Produzione di compresse Sistemi di trasporto industriale Linee di imbottigliamento Dispenser E molto altro ancora... Offriamo soluzioni innovative e personalizzate per ottimizzare i processi produttivi della vostra azienda.","email":"Admistracion@distribucionarc.com","telephone":"+34 643496664","legalName":"ARC TECH SOLUTIONS","foundingDate":"2024-04-09","vatID":"B55480172","numberOfEmployees":{"@type":"QuantitativeValue","minValue":"1","maxValue":"10"}}]}},"_links":{"self":[{"href":"https:\/\/distribucionarc.com\/it\/wp-json\/wp\/v2\/product\/3846","targetHints":{"allow":["GET"]}}],"collection":[{"href":"https:\/\/distribucionarc.com\/it\/wp-json\/wp\/v2\/product"}],"about":[{"href":"https:\/\/distribucionarc.com\/it\/wp-json\/wp\/v2\/types\/product"}],"replies":[{"embeddable":true,"href":"https:\/\/distribucionarc.com\/it\/wp-json\/wp\/v2\/comments?post=3846"}],"version-history":[{"count":0,"href":"https:\/\/distribucionarc.com\/it\/wp-json\/wp\/v2\/product\/3846\/revisions"}],"wp:featuredmedia":[{"embeddable":true,"href":"https:\/\/distribucionarc.com\/it\/wp-json\/wp\/v2\/media\/3856"}],"wp:attachment":[{"href":"https:\/\/distribucionarc.com\/it\/wp-json\/wp\/v2\/media?parent=3846"}],"wp:term":[{"taxonomy":"product_brand","embeddable":true,"href":"https:\/\/distribucionarc.com\/it\/wp-json\/wp\/v2\/product_brand?post=3846"},{"taxonomy":"product_cat","embeddable":true,"href":"https:\/\/distribucionarc.com\/it\/wp-json\/wp\/v2\/product_cat?post=3846"},{"taxonomy":"product_tag","embeddable":true,"href":"https:\/\/distribucionarc.com\/it\/wp-json\/wp\/v2\/product_tag?post=3846"}],"curies":[{"name":"wp","href":"https:\/\/api.w.org\/{rel}","templated":true}]}}