{"id":3874,"date":"2020-10-10T13:23:22","date_gmt":"2020-10-10T13:23:22","guid":{"rendered":"https:\/\/distribucionarc.com\/?post_type=product&#038;p=3874"},"modified":"2023-01-04T17:20:22","modified_gmt":"2023-01-04T17:20:22","slug":"legatrice-manuale-per-salsicce","status":"publish","type":"product","link":"https:\/\/distribucionarc.com\/it\/producto\/atadora-de-embutidos-manual\/","title":{"rendered":"Legatrice manuale per salsicce\u00a0"},"content":{"rendered":"<h3>Legatrice manuale per salsicce 32mm<\/h3>\n<p>Questo <strong>macchina progettata per legare salsicce<span style=\"color: #ff0000;\"> A<\/span><span style=\"color: #0000ff;\">R<\/span>C<\/strong> \u00c8 realizzato in acciaio inossidabile 304 di alta qualit\u00e0, antiruggine, resistente all&#039;usura, facile da pulire e conforme alle norme sanitarie e igieniche. \u00c8 possibile regolare la lunghezza delle salsicce, accettare a <strong>diametro 0 \u2013 32 mm<\/strong>.<\/p>\n<p>Ha una maniglia ergonomica e ingranaggi di precisione per un processo rapido e preciso. Questa macchina manuale si svolge facilmente senza sforzo e risparmia energia rispetto ad altre legatrici. Il design del tavolo consente di risparmiare spazio e garantisce un processo stabile durante l&#039;uso. Questo<strong> falegname per salsicce <span style=\"color: #ff0000;\">A<\/span><span style=\"color: #0000ff;\">R<\/span>CAS32<\/strong> utilizza un sistema di percorso circolare invece di tagliare i fili a mano. Per migliorare il tasso di produzione dei prodotti dell&#039;industria di piccola trasformazione. Grazie a questo sistema \u00e8 in grado di produrre<span style=\"color: #ff0000;\"><strong> 50 \u2013 60 pezzi al minuto<\/strong><\/span>, oltre a risparmiare sul costo del materiale e dello sforzo fisico.<\/p>\n<h6><strong>Garanzia\u00a0<span style=\"color: #ff0000;\">A<\/span><span style=\"color: #0000ff;\">R<\/span>C 2 ANNI<\/strong><\/h6>\n<h6><strong>supporto tecnico incluso<\/strong><\/h6>\n<p>&nbsp;<\/p>\n<table width=\"100%\">\n<tbody>\n<tr>\n<td>Marca:<\/td>\n<td width=\"32%\">ARCO<\/td>\n<td>Peso:<\/td>\n<td width=\"30%\">5,5 kg<\/td>\n<\/tr>\n<tr>\n<td>Paese di distribuzione:<\/td>\n<td width=\"32%\">Spagna, Germania, Stati Uniti<\/td>\n<td>Altezza:<\/td>\n<td width=\"30%\">18,7 centimetri<\/td>\n<\/tr>\n<tr>\n<td>Colore:<\/td>\n<td width=\"32%\">Argento<\/td>\n<td>Lungo:<\/td>\n<td width=\"30%\">35,5 cm<\/td>\n<\/tr>\n<tr>\n<td>Tipo di prodotto:<\/td>\n<td width=\"32%\">Distributore di caff\u00e8 Nitro<\/td>\n<td>Ampio:<\/td>\n<td width=\"30%\">16,7 centimetri<\/td>\n<\/tr>\n<tr>\n<td>Numero del produttore:<\/td>\n<td width=\"32%\">ARCDCN2<\/td>\n<td>Diametro della salsiccia:<\/td>\n<td width=\"30%\">32 mm<\/td>\n<\/tr>\n<tr>\n<td>Materiale:<\/td>\n<td width=\"32%\">Acciaio inossidabile 304<\/td>\n<td>Produzione:<\/td>\n<td width=\"30%\">50 \u2013 60 pezzi<\/td>\n<\/tr>\n<tr>\n<td>Tipo:<\/td>\n<td width=\"32%\">manuale<\/td>\n<td>\u00a0Garanzia:<\/td>\n<td width=\"30%\">2 ANNI<\/td>\n<\/tr>\n<\/tbody>\n<\/table>\n<p>&nbsp;<\/p>","protected":false},"excerpt":{"rendered":"<h2>\u00a0Legatrice manuale per salsicce 32mm<\/h2>\n<p>Questo<strong> macchina manuale per legare salsicce e salsicce <span style=\"color: #ff0000;\">A<\/span><span style=\"color: #0000ff;\">R<\/span>C<\/strong> \u00c8 realizzato con materiali di alta qualit\u00e0; Acciaio inossidabile 304 Grazie a questo <strong>legante per salsicce<\/strong> pu\u00f2 migliorare la produzione dei tuoi prodotti. Il suo design compatto e piccolo consente di risparmiare sui costi riducendo i problemi inutili con dispositivi di grandi dimensioni. \u00c8 studiato per legare le salsicce in modo circolare senza dover tagliare i fili, velocizzando il processo donando al tuo prodotto un design artigianale.<\/p>\n<h6><strong>Garanzia\u00a0<span style=\"color: #ff0000;\">A<\/span><span style=\"color: #0000ff;\">R<\/span>C 2 ANNI<\/strong><\/h6>\n<h6><strong>supporto tecnico incluso<\/strong><\/h6>\n<p>&nbsp;<\/p>","protected":false},"featured_media":3882,"comment_status":"open","ping_status":"closed","template":"","meta":{"wds_primary_product_brand":0,"wds_primary_product_cat":0},"product_brand":[],"product_cat":[50],"product_tag":[],"class_list":{"0":"post-3874","1":"product","2":"type-product","3":"status-publish","4":"has-post-thumbnail","6":"product_cat-elaboradoras-de-croquetas-y-albondigas","7":"product_shipping_class-hosteleria","9":"first","10":"instock","11":"sale","12":"taxable","13":"shipping-taxable","14":"purchasable","15":"product-type-simple"},"yoast_head":"<!-- This site is optimized with the Yoast SEO Premium plugin v24.9 (Yoast SEO v26.1) - https:\/\/yoast.com\/wordpress\/plugins\/seo\/ -->\n<title>Atadora de embutidos manual\u00a0 - distribuci\u00f3n ARC<\/title>\n<meta name=\"robots\" content=\"index, follow, max-snippet:-1, max-image-preview:large, max-video-preview:-1\" \/>\n<link rel=\"canonical\" href=\"https:\/\/www.distribucionarc.com\/producto\/atadora-de-embutidos-manual\/\" \/>\n<meta property=\"og:locale\" content=\"it_IT\" \/>\n<meta property=\"og:type\" content=\"article\" \/>\n<meta property=\"og:title\" content=\"Atadora de embutidos manual\u00a0\" \/>\n<meta property=\"og:description\" content=\"\u00a0Atadora de embutidos manual 32mm Esta m\u00e1quina manual para el atado de salchichas y embutidos ARC est\u00e1 fabricada con materiales de alta calidad; acero inoxidable 304. Gracias a esta atadora de salchichas puede mejorar la producci\u00f3n de sus productos. Su dise\u00f1o compacto y peque\u00f1o le permite ahorrar as\u00ed costes reduciendo problemas innecesarios con dispositivos grandes. Est\u00e1 dise\u00f1ada para atar los embutidos de forma circular sin necesidad de cortar hilos, acelerando el proceso d\u00e1ndole a su producto un dise\u00f1o artesanal. Garant\u00eda\u00a0ARC 2 A\u00d1OS soporte t\u00e9cnico incluido &nbsp;\" \/>\n<meta property=\"og:url\" content=\"https:\/\/www.distribucionarc.com\/producto\/atadora-de-embutidos-manual\/\" \/>\n<meta property=\"og:site_name\" content=\"distribuci\u00f3n ARC\" \/>\n<meta property=\"article:modified_time\" content=\"2023-01-04T17:20:22+00:00\" \/>\n<meta property=\"og:image\" content=\"https:\/\/www.distribucionarc.com\/wp-content\/uploads\/2020\/10\/Atadora-de-embutidos-manual-32mm-0.jpg\" \/>\n\t<meta property=\"og:image:width\" content=\"1600\" \/>\n\t<meta property=\"og:image:height\" content=\"1600\" \/>\n\t<meta property=\"og:image:type\" content=\"image\/jpeg\" \/>\n<meta name=\"twitter:card\" content=\"summary_large_image\" \/>\n<meta name=\"twitter:label1\" content=\"Tempo di lettura stimato\" \/>\n\t<meta name=\"twitter:data1\" content=\"1 minuto\" \/>\n<script type=\"application\/ld+json\" class=\"yoast-schema-graph\">{\"@context\":\"https:\/\/schema.org\",\"@graph\":[{\"@type\":\"WebPage\",\"@id\":\"https:\/\/www.distribucionarc.com\/producto\/atadora-de-embutidos-manual\/\",\"url\":\"https:\/\/www.distribucionarc.com\/producto\/atadora-de-embutidos-manual\/\",\"name\":\"Atadora de embutidos manual\u00a0 - distribuci\u00f3n ARC\",\"isPartOf\":{\"@id\":\"https:\/\/www.distribucionarc.com\/sl\/#website\"},\"primaryImageOfPage\":{\"@id\":\"https:\/\/www.distribucionarc.com\/producto\/atadora-de-embutidos-manual\/#primaryimage\"},\"image\":{\"@id\":\"https:\/\/www.distribucionarc.com\/producto\/atadora-de-embutidos-manual\/#primaryimage\"},\"thumbnailUrl\":\"https:\/\/distribucionarc.com\/wp-content\/uploads\/2020\/10\/Atadora-de-embutidos-manual-32mm-0.jpg\",\"datePublished\":\"2020-10-10T13:23:22+00:00\",\"dateModified\":\"2023-01-04T17:20:22+00:00\",\"breadcrumb\":{\"@id\":\"https:\/\/www.distribucionarc.com\/producto\/atadora-de-embutidos-manual\/#breadcrumb\"},\"inLanguage\":\"it-IT\",\"potentialAction\":[{\"@type\":\"ReadAction\",\"target\":[\"https:\/\/www.distribucionarc.com\/producto\/atadora-de-embutidos-manual\/\"]}]},{\"@type\":\"ImageObject\",\"inLanguage\":\"it-IT\",\"@id\":\"https:\/\/www.distribucionarc.com\/producto\/atadora-de-embutidos-manual\/#primaryimage\",\"url\":\"https:\/\/distribucionarc.com\/wp-content\/uploads\/2020\/10\/Atadora-de-embutidos-manual-32mm-0.jpg\",\"contentUrl\":\"https:\/\/distribucionarc.com\/wp-content\/uploads\/2020\/10\/Atadora-de-embutidos-manual-32mm-0.jpg\",\"width\":1600,\"height\":1600,\"caption\":\"Atadora de embutidos manual\u00a0\"},{\"@type\":\"BreadcrumbList\",\"@id\":\"https:\/\/www.distribucionarc.com\/producto\/atadora-de-embutidos-manual\/#breadcrumb\",\"itemListElement\":[{\"@type\":\"ListItem\",\"position\":1,\"name\":\"Portada\",\"item\":\"https:\/\/www.distribucionarc.com\/\"},{\"@type\":\"ListItem\",\"position\":2,\"name\":\"\u00dcr\u00fcnler\",\"item\":\"https:\/\/www.distribucionarc.com\/tr\/magaza\/\"},{\"@type\":\"ListItem\",\"position\":3,\"name\":\"Atadora de embutidos manual\u00a0\"}]},{\"@type\":\"WebSite\",\"@id\":\"https:\/\/www.distribucionarc.com\/sl\/#website\",\"url\":\"https:\/\/www.distribucionarc.com\/sl\/\",\"name\":\"distribuci\u00f3n ARC\",\"description\":\"Empresa especializada en la fabricaci\u00f3n y distribuci\u00f3n de maquinaria industrial, selladoras de latas, Maquinas de hacer pastillas, Maquinas de cortar carne...\",\"publisher\":{\"@id\":\"https:\/\/www.distribucionarc.com\/sl\/#organization\"},\"potentialAction\":[{\"@type\":\"SearchAction\",\"target\":{\"@type\":\"EntryPoint\",\"urlTemplate\":\"https:\/\/www.distribucionarc.com\/sl\/?s={search_term_string}\"},\"query-input\":{\"@type\":\"PropertyValueSpecification\",\"valueRequired\":true,\"valueName\":\"search_term_string\"}}],\"inLanguage\":\"it-IT\"},{\"@type\":\"Organization\",\"@id\":\"https:\/\/www.distribucionarc.com\/sl\/#organization\",\"name\":\"Distribuci\u00f3n ARC\",\"url\":\"https:\/\/www.distribucionarc.com\/sl\/\",\"logo\":{\"@type\":\"ImageObject\",\"inLanguage\":\"it-IT\",\"@id\":\"https:\/\/www.distribucionarc.com\/sl\/#\/schema\/logo\/image\/\",\"url\":\"https:\/\/distribucionarc.com\/wp-content\/uploads\/2024\/10\/distribucion-ARC-COLOR-SIN-FONDO-e1732295305345.png\",\"contentUrl\":\"https:\/\/distribucionarc.com\/wp-content\/uploads\/2024\/10\/distribucion-ARC-COLOR-SIN-FONDO-e1732295305345.png\",\"width\":1164,\"height\":558,\"caption\":\"Distribuci\u00f3n ARC\"},\"image\":{\"@id\":\"https:\/\/www.distribucionarc.com\/sl\/#\/schema\/logo\/image\/\"},\"description\":\"Empresa especializada en la fabricaci\u00f3n y distribuci\u00f3n de maquinaria industrial para los sectores alimentario y farmac\u00e9utico. Nos especializamos en: M\u00e1quinas de cortar carne Fabricaci\u00f3n de comprimidos Sistemas de transporte industrial L\u00edneas de embotellado Dosificadores Y mucho m\u00e1s... Ofrecemos soluciones innovadoras y personalizadas para optimizar los procesos productivos de tu empresa.\",\"email\":\"Admistracion@distribucionarc.com\",\"telephone\":\"+34 643496664\",\"legalName\":\"ARC TECH SOLUTIONS\",\"foundingDate\":\"2024-04-09\",\"vatID\":\"B55480172\",\"numberOfEmployees\":{\"@type\":\"QuantitativeValue\",\"minValue\":\"1\",\"maxValue\":\"10\"}}]}<\/script>\n<!-- \/ Yoast SEO Premium plugin. -->","yoast_head_json":{"title":"Legatrice manuale per salsicce - distribuzione ARC","robots":{"index":"index","follow":"follow","max-snippet":"max-snippet:-1","max-image-preview":"max-image-preview:large","max-video-preview":"max-video-preview:-1"},"canonical":"https:\/\/www.distribucionarc.com\/producto\/atadora-de-embutidos-manual\/","og_locale":"it_IT","og_type":"article","og_title":"Atadora de embutidos manual\u00a0","og_description":"\u00a0Atadora de embutidos manual 32mm Esta m\u00e1quina manual para el atado de salchichas y embutidos ARC est\u00e1 fabricada con materiales de alta calidad; acero inoxidable 304. Gracias a esta atadora de salchichas puede mejorar la producci\u00f3n de sus productos. Su dise\u00f1o compacto y peque\u00f1o le permite ahorrar as\u00ed costes reduciendo problemas innecesarios con dispositivos grandes. Est\u00e1 dise\u00f1ada para atar los embutidos de forma circular sin necesidad de cortar hilos, acelerando el proceso d\u00e1ndole a su producto un dise\u00f1o artesanal. Garant\u00eda\u00a0ARC 2 A\u00d1OS soporte t\u00e9cnico incluido &nbsp;","og_url":"https:\/\/www.distribucionarc.com\/producto\/atadora-de-embutidos-manual\/","og_site_name":"distribuci\u00f3n ARC","article_modified_time":"2023-01-04T17:20:22+00:00","og_image":[{"width":1600,"height":1600,"url":"https:\/\/www.distribucionarc.com\/wp-content\/uploads\/2020\/10\/Atadora-de-embutidos-manual-32mm-0.jpg","type":"image\/jpeg"}],"twitter_card":"summary_large_image","twitter_misc":{"Tempo di lettura stimato":"1 minuto"},"schema":{"@context":"https:\/\/schema.org","@graph":[{"@type":"WebPage","@id":"https:\/\/www.distribucionarc.com\/producto\/atadora-de-embutidos-manual\/","url":"https:\/\/www.distribucionarc.com\/producto\/atadora-de-embutidos-manual\/","name":"Legatrice manuale per salsicce - distribuzione ARC","isPartOf":{"@id":"https:\/\/www.distribucionarc.com\/sl\/#website"},"primaryImageOfPage":{"@id":"https:\/\/www.distribucionarc.com\/producto\/atadora-de-embutidos-manual\/#primaryimage"},"image":{"@id":"https:\/\/www.distribucionarc.com\/producto\/atadora-de-embutidos-manual\/#primaryimage"},"thumbnailUrl":"https:\/\/distribucionarc.com\/wp-content\/uploads\/2020\/10\/Atadora-de-embutidos-manual-32mm-0.jpg","datePublished":"2020-10-10T13:23:22+00:00","dateModified":"2023-01-04T17:20:22+00:00","breadcrumb":{"@id":"https:\/\/www.distribucionarc.com\/producto\/atadora-de-embutidos-manual\/#breadcrumb"},"inLanguage":"it-IT","potentialAction":[{"@type":"ReadAction","target":["https:\/\/www.distribucionarc.com\/producto\/atadora-de-embutidos-manual\/"]}]},{"@type":"ImageObject","inLanguage":"it-IT","@id":"https:\/\/www.distribucionarc.com\/producto\/atadora-de-embutidos-manual\/#primaryimage","url":"https:\/\/distribucionarc.com\/wp-content\/uploads\/2020\/10\/Atadora-de-embutidos-manual-32mm-0.jpg","contentUrl":"https:\/\/distribucionarc.com\/wp-content\/uploads\/2020\/10\/Atadora-de-embutidos-manual-32mm-0.jpg","width":1600,"height":1600,"caption":"Atadora de embutidos manual\u00a0"},{"@type":"BreadcrumbList","@id":"https:\/\/www.distribucionarc.com\/producto\/atadora-de-embutidos-manual\/#breadcrumb","itemListElement":[{"@type":"ListItem","position":1,"name":"Portada","item":"https:\/\/www.distribucionarc.com\/"},{"@type":"ListItem","position":2,"name":"\u00dcr\u00fcnler","item":"https:\/\/www.distribucionarc.com\/tr\/magaza\/"},{"@type":"ListItem","position":3,"name":"Atadora de embutidos manual\u00a0"}]},{"@type":"WebSite","@id":"https:\/\/www.distribucionarc.com\/sl\/#website","url":"https:\/\/www.distribucionarc.com\/sl\/","name":"Distribuzione dell&#039;ARCO","description":"Azienda specializzata nella produzione e distribuzione di macchinari industriali, macchine sigillatrici di lattine, macchine per la produzione di compresse, macchine per il taglio della carne...","publisher":{"@id":"https:\/\/www.distribucionarc.com\/sl\/#organization"},"potentialAction":[{"@type":"SearchAction","target":{"@type":"EntryPoint","urlTemplate":"https:\/\/www.distribucionarc.com\/sl\/?s={search_term_string}"},"query-input":{"@type":"PropertyValueSpecification","valueRequired":true,"valueName":"search_term_string"}}],"inLanguage":"it-IT"},{"@type":"Organization","@id":"https:\/\/www.distribucionarc.com\/sl\/#organization","name":"Distribuzione dell&#039;ARC","url":"https:\/\/www.distribucionarc.com\/sl\/","logo":{"@type":"ImageObject","inLanguage":"it-IT","@id":"https:\/\/www.distribucionarc.com\/sl\/#\/schema\/logo\/image\/","url":"https:\/\/distribucionarc.com\/wp-content\/uploads\/2024\/10\/distribucion-ARC-COLOR-SIN-FONDO-e1732295305345.png","contentUrl":"https:\/\/distribucionarc.com\/wp-content\/uploads\/2024\/10\/distribucion-ARC-COLOR-SIN-FONDO-e1732295305345.png","width":1164,"height":558,"caption":"Distribuci\u00f3n ARC"},"image":{"@id":"https:\/\/www.distribucionarc.com\/sl\/#\/schema\/logo\/image\/"},"description":"Azienda specializzata nella produzione e distribuzione di macchinari industriali per il settore alimentare e farmaceutico. Siamo specializzati in: Macchine per il taglio della carne Produzione di compresse Sistemi di trasporto industriale Linee di imbottigliamento Dispenser E molto altro ancora... Offriamo soluzioni innovative e personalizzate per ottimizzare i processi produttivi della vostra azienda.","email":"Admistracion@distribucionarc.com","telephone":"+34 643496664","legalName":"ARC TECH SOLUTIONS","foundingDate":"2024-04-09","vatID":"B55480172","numberOfEmployees":{"@type":"QuantitativeValue","minValue":"1","maxValue":"10"}}]}},"_links":{"self":[{"href":"https:\/\/distribucionarc.com\/it\/wp-json\/wp\/v2\/product\/3874","targetHints":{"allow":["GET"]}}],"collection":[{"href":"https:\/\/distribucionarc.com\/it\/wp-json\/wp\/v2\/product"}],"about":[{"href":"https:\/\/distribucionarc.com\/it\/wp-json\/wp\/v2\/types\/product"}],"replies":[{"embeddable":true,"href":"https:\/\/distribucionarc.com\/it\/wp-json\/wp\/v2\/comments?post=3874"}],"version-history":[{"count":0,"href":"https:\/\/distribucionarc.com\/it\/wp-json\/wp\/v2\/product\/3874\/revisions"}],"wp:featuredmedia":[{"embeddable":true,"href":"https:\/\/distribucionarc.com\/it\/wp-json\/wp\/v2\/media\/3882"}],"wp:attachment":[{"href":"https:\/\/distribucionarc.com\/it\/wp-json\/wp\/v2\/media?parent=3874"}],"wp:term":[{"taxonomy":"product_brand","embeddable":true,"href":"https:\/\/distribucionarc.com\/it\/wp-json\/wp\/v2\/product_brand?post=3874"},{"taxonomy":"product_cat","embeddable":true,"href":"https:\/\/distribucionarc.com\/it\/wp-json\/wp\/v2\/product_cat?post=3874"},{"taxonomy":"product_tag","embeddable":true,"href":"https:\/\/distribucionarc.com\/it\/wp-json\/wp\/v2\/product_tag?post=3874"}],"curies":[{"name":"wp","href":"https:\/\/api.w.org\/{rel}","templated":true}]}}