{"id":4167,"date":"2020-12-20T18:40:47","date_gmt":"2020-12-20T18:40:47","guid":{"rendered":"https:\/\/distribucionarc.com\/?post_type=product&#038;p=4167"},"modified":"2020-12-20T18:40:47","modified_gmt":"2020-12-20T18:40:47","slug":"sedia-a-rotelle-elettrica-per-salire-le-scale-2","status":"publish","type":"product","link":"https:\/\/distribucionarc.com\/it\/producto\/silla-ruedas-electrica-para-subir-escaleras-2\/","title":{"rendered":"Sedia a rotelle elettrica per salire le scale"},"content":{"rendered":"<h3 class=\"product_title entry-title\">Sedia a rotelle elettrica per salire le scale<\/h3>\n<p>Con questo\u00a0<strong>sedia a rotelle elettrica\u00a0<span style=\"color: #ff0000;\">A<\/span><span style=\"color: #0000ff;\">R<\/span>C<\/strong>\u00a0pu\u00f2 trasportare i pazienti attraverso spazi ristretti e su o gi\u00f9 per le scale, in modo sicuro ed efficiente, grazie al\u00a0<strong>potente motore da 120 W<\/strong>\u00a0pu\u00f2 rendere il trasporto pi\u00f9 sicuro sia per l&#039;utilizzatore della sedia che per la persona incaricata di effettuare il trasporto. Dotato di un robusto telaio in alluminio \u00e8 abbastanza robusto da supportare fino a\u00a0<strong>160 kg<\/strong>. La cintura di sicurezza per il corpo e altri design ergonomici garantiscono il comfort e la sicurezza degli utenti. Le maniglie con diverse funzioni ti consentono di manovrarlo\u00a0<strong>sedia per scale<\/strong>\u00a0facilmente.<\/p>\n<h6><strong>Garanzia\u00a0<\/strong><span style=\"color: #ff0000;\"><strong>A<\/strong><\/span><span style=\"color: #0000ff;\"><strong>R<\/strong><\/span><strong>C 2 ANNI<\/strong><\/h6>\n<h6><span style=\"color: #008000;\">Sedia a rotelle elettrica efficiente, consumo elettrico 100W<\/span><\/h6>\n<h6><strong>supporto tecnico incluso<\/strong><\/h6>\n<p>&nbsp;<\/p>\n<table width=\"100%\">\n<tbody>\n<tr>\n<td>Tipo:<\/td>\n<td width=\"50%\">Elettrico\/manuale<\/td>\n<td colspan=\"2\" width=\"327\"><\/td>\n<\/tr>\n<tr>\n<td>Paese di distribuzione:<\/td>\n<td width=\"50%\">Spagna, Germania, Stati Uniti<\/td>\n<td>Peso:<\/td>\n<td width=\"50%\">30kg<\/td>\n<\/tr>\n<tr>\n<td>Marca:<\/td>\n<td width=\"50%\">ARCO<\/td>\n<td>Altezza:<\/td>\n<td width=\"50%\">115 cm<\/td>\n<\/tr>\n<tr>\n<td>Colore:<\/td>\n<td width=\"50%\">Verde, nero<\/td>\n<td>Lungo:<\/td>\n<td width=\"50%\">65 cm<\/td>\n<\/tr>\n<tr>\n<td>Tipo di prodotto:<\/td>\n<td width=\"50%\">sedia a rotelle per scale<\/td>\n<td>Ampio:<\/td>\n<td width=\"50%\">50 cm<\/td>\n<\/tr>\n<tr>\n<td>Numero del produttore:<\/td>\n<td width=\"50%\">ARCSRE3<\/td>\n<td>Tipo di scalatore:<\/td>\n<td width=\"50%\">binari rinforzati<\/td>\n<\/tr>\n<tr>\n<td>Materiale:<\/td>\n<td width=\"50%\">\u00a0lega di alluminio, gomma addensata, motore efficiente<\/td>\n<td>Altezza massima:<\/td>\n<td width=\"50%\">162 cm<\/td>\n<\/tr>\n<tr>\n<td>Garanzia:<\/td>\n<td width=\"50%\">2 ANNI<\/td>\n<td>Materiale del sedile:<\/td>\n<td width=\"50%\">Schiuma imbottita<\/td>\n<\/tr>\n<tr>\n<td>Strumenti di installazione:<\/td>\n<td width=\"50%\">S\u00ec<\/td>\n<td>Materiale della ruota:<\/td>\n<td width=\"50%\">gomma<\/td>\n<\/tr>\n<\/tbody>\n<\/table>","protected":false},"excerpt":{"rendered":"<h2 class=\"product_title entry-title\">Sedia a rotelle elettrica per salire le scale<\/h2>\n<p><!--more--><\/p>\n<p><!--more--><\/p>\n<p>Il sedile e lo schienale del\u00a0<strong>sedia a rotelle\u00a0<span style=\"color: #ff0000;\">A<\/span><span style=\"color: #0000ff;\">R<\/span>C<\/strong>\u00a0Sono soffici, morbidi e confortevoli, facili anche da sterilizzare e pulire. Due cinture garantiscono la sicurezza degli utenti durante la salita\/discesa delle scale. Il bracciolo pieghevole e il poggiapiedi sono ergonomici.  Supporta una grande capacit\u00e0 fino a 160 kg<\/p>\n<p>I cingoli in gomma si ispessiscono e si allungano. Si aprono e chiudono semplicemente con una leggera pressione. Sono progettati per contrastare la gravit\u00e0 e la discesa lenta con attrito; Questi eseguono il movimento a frizione azionato da un motore da 120W per il minimo sforzo e una maggiore sicurezza. Dispone di una batteria al litio da 24 V in grado di salire e scendere 15 piani per 15 volte al massimo delle prestazioni, fornendo\u00a0<strong>Durata 2-3 ore<\/strong>. Le ruote sono in gomma, resistenti ai graffi e durevoli.<\/p>\n<p>Il retro del\u00a0<strong>sedia di evacuazione <span style=\"color: #ff0000;\">A<\/span><span style=\"color: #0000ff;\">R<\/span>CSRE3<\/strong>\u00a0\u00c8 progettato con due maniglie ripiegate che si bloccano in posizione, consentendo agli operatori impugnature antiscivolo per una movimentazione sicura e una facile sterzata. Le maniglie anteriori sono retrattili premendo il pulsante rosso, utilizzato per sollevare la sedia.<\/p>\n<h6><strong>Garanzia\u00a0<\/strong><span style=\"color: #ff0000;\"><strong>A<\/strong><\/span><span style=\"color: #0000ff;\"><strong>R<\/strong><\/span><strong>C 2 ANNI<\/strong><\/h6>\n<h6><span style=\"color: #008000;\">Sedia a rotelle elettrica efficiente, consumo elettrico 100W<\/span><\/h6>\n<h6><strong>supporto tecnico incluso<\/strong><\/h6>\n<p>&nbsp;<\/p>","protected":false},"featured_media":4177,"comment_status":"open","ping_status":"closed","template":"","meta":{"wds_primary_product_brand":0,"wds_primary_product_cat":0},"product_brand":[],"product_cat":[69],"product_tag":[],"class_list":{"0":"post-4167","1":"product","2":"type-product","3":"status-publish","4":"has-post-thumbnail","6":"product_cat-maquinas-variadas","7":"product_shipping_class-express","9":"first","10":"instock","11":"sale","12":"taxable","13":"shipping-taxable","14":"purchasable","15":"product-type-simple"},"yoast_head":"<!-- This site is optimized with the Yoast SEO Premium plugin v24.9 (Yoast SEO v26.1) - https:\/\/yoast.com\/wordpress\/plugins\/seo\/ -->\n<title>Silla ruedas el\u00e9ctrica para subir escaleras - distribuci\u00f3n ARC<\/title>\n<meta name=\"robots\" content=\"index, follow, max-snippet:-1, max-image-preview:large, max-video-preview:-1\" \/>\n<link rel=\"canonical\" href=\"https:\/\/distribucionarc.com\/it\/prodotto\/sedia-a-rotelle-elettrica-per-salire-le-scale-2\/\" \/>\n<meta property=\"og:locale\" content=\"it_IT\" \/>\n<meta property=\"og:type\" content=\"article\" \/>\n<meta property=\"og:title\" content=\"Silla ruedas el\u00e9ctrica para subir escaleras\" \/>\n<meta property=\"og:description\" content=\"Silla ruedas el\u00e9ctrica para subir escaleras     El asiento y el respaldo de la\u00a0silla de ruedas\u00a0ARC\u00a0son esponjosos, suaves y c\u00f3modos tambi\u00e9n f\u00e1ciles de esterilizar y limpiar. Dos cinturones garantizan la seguridad de los usuarios cuando suben \/ bajan escaleras. El reposabrazos y el reposapi\u00e9s plegables son ergon\u00f3micos. \u00a0Soporta gran capacidad de hasta 160 kg  Las orugas de goma engrosadas y alargadas. Se abren y cierran sencillamente con una prensa ligera. Est\u00e1n dise\u00f1adas para contrarrestar la gravedad y ralentizar el descenso con fricci\u00f3n; estas realizan el movimiento de fricci\u00f3n impulsadas por un motor de 120W para un m\u00ednimo esfuerzo y mayor seguridad. Dispone una una bater\u00eda de litio 24V capaz de subir y bajar 15 pisos 15 veces a m\u00e1ximo rendimiento aportandole de\u00a02-3 H duraci\u00f3n. Las ruedas est\u00e1n hechas de goma, son resistentes a los ara\u00f1azos y duraderas.  La parte posterior de la\u00a0silla de evacuaci\u00f3n ARCSRE3\u00a0est\u00e1 dise\u00f1ada con dos manijas plegadas que se bloquean en su posici\u00f3n, lo que permite a los operadores agarres antideslizantes para un manejo seguro y una direcci\u00f3n f\u00e1cil. Las manijas delanteras son retr\u00e1ctiles presionando el bot\u00f3n rojo, usado para levantar la silla. Garant\u00eda\u00a0ARC 2 A\u00d1OS Silla de ruedas el\u00e9ctrica eficiente,\u00a0 consumo el\u00e9ctrico 100W soporte t\u00e9cnico\u00a0incluido &nbsp;\" \/>\n<meta property=\"og:url\" content=\"https:\/\/distribucionarc.com\/it\/prodotto\/sedia-a-rotelle-elettrica-per-salire-le-scale-2\/\" \/>\n<meta property=\"og:site_name\" content=\"distribuci\u00f3n ARC\" \/>\n<meta property=\"og:image\" content=\"https:\/\/distribucionarc.com\/wp-content\/uploads\/2020\/12\/Silla-electrica-ARC-1.jpg\" \/>\n\t<meta property=\"og:image:width\" content=\"1001\" \/>\n\t<meta property=\"og:image:height\" content=\"1001\" \/>\n\t<meta property=\"og:image:type\" content=\"image\/jpeg\" \/>\n<meta name=\"twitter:card\" content=\"summary_large_image\" \/>\n<meta name=\"twitter:label1\" content=\"Tempo di lettura stimato\" \/>\n\t<meta name=\"twitter:data1\" content=\"1 minuto\" \/>\n<script type=\"application\/ld+json\" class=\"yoast-schema-graph\">{\"@context\":\"https:\/\/schema.org\",\"@graph\":[{\"@type\":\"WebPage\",\"@id\":\"https:\/\/distribucionarc.com\/pt\/producto\/silla-ruedas-electrica-para-subir-escaleras-2\/\",\"url\":\"https:\/\/distribucionarc.com\/pt\/producto\/silla-ruedas-electrica-para-subir-escaleras-2\/\",\"name\":\"Silla ruedas el\u00e9ctrica para subir escaleras - distribuci\u00f3n ARC\",\"isPartOf\":{\"@id\":\"https:\/\/distribucionarc.com\/de\/#website\"},\"primaryImageOfPage\":{\"@id\":\"https:\/\/distribucionarc.com\/pt\/producto\/silla-ruedas-electrica-para-subir-escaleras-2\/#primaryimage\"},\"image\":{\"@id\":\"https:\/\/distribucionarc.com\/pt\/producto\/silla-ruedas-electrica-para-subir-escaleras-2\/#primaryimage\"},\"thumbnailUrl\":\"https:\/\/distribucionarc.com\/wp-content\/uploads\/2020\/12\/Silla-electrica-ARC-1.jpg\",\"datePublished\":\"2020-12-20T18:40:47+00:00\",\"breadcrumb\":{\"@id\":\"https:\/\/distribucionarc.com\/pt\/producto\/silla-ruedas-electrica-para-subir-escaleras-2\/#breadcrumb\"},\"inLanguage\":\"it-IT\",\"potentialAction\":[{\"@type\":\"ReadAction\",\"target\":[\"https:\/\/distribucionarc.com\/pt\/producto\/silla-ruedas-electrica-para-subir-escaleras-2\/\"]}]},{\"@type\":\"ImageObject\",\"inLanguage\":\"it-IT\",\"@id\":\"https:\/\/distribucionarc.com\/pt\/producto\/silla-ruedas-electrica-para-subir-escaleras-2\/#primaryimage\",\"url\":\"https:\/\/distribucionarc.com\/wp-content\/uploads\/2020\/12\/Silla-electrica-ARC-1.jpg\",\"contentUrl\":\"https:\/\/distribucionarc.com\/wp-content\/uploads\/2020\/12\/Silla-electrica-ARC-1.jpg\",\"width\":1001,\"height\":1001},{\"@type\":\"BreadcrumbList\",\"@id\":\"https:\/\/distribucionarc.com\/pt\/producto\/silla-ruedas-electrica-para-subir-escaleras-2\/#breadcrumb\",\"itemListElement\":[{\"@type\":\"ListItem\",\"position\":1,\"name\":\"Portada\",\"item\":\"https:\/\/distribucionarc.com\/pl\/\"},{\"@type\":\"ListItem\",\"position\":2,\"name\":\"Produkty\",\"item\":\"https:\/\/distribucionarc.com\/pl\/shop\/\"},{\"@type\":\"ListItem\",\"position\":3,\"name\":\"Silla ruedas el\u00e9ctrica para subir escaleras\"}]},{\"@type\":\"WebSite\",\"@id\":\"https:\/\/distribucionarc.com\/de\/#website\",\"url\":\"https:\/\/distribucionarc.com\/de\/\",\"name\":\"distribuci\u00f3n ARC\",\"description\":\"Empresa especializada en la fabricaci\u00f3n y distribuci\u00f3n de maquinaria industrial, selladoras de latas, Maquinas de hacer pastillas, Maquinas de cortar carne...\",\"publisher\":{\"@id\":\"https:\/\/distribucionarc.com\/de\/#organization\"},\"potentialAction\":[{\"@type\":\"SearchAction\",\"target\":{\"@type\":\"EntryPoint\",\"urlTemplate\":\"https:\/\/distribucionarc.com\/de\/?s={search_term_string}\"},\"query-input\":{\"@type\":\"PropertyValueSpecification\",\"valueRequired\":true,\"valueName\":\"search_term_string\"}}],\"inLanguage\":\"it-IT\"},{\"@type\":\"Organization\",\"@id\":\"https:\/\/distribucionarc.com\/de\/#organization\",\"name\":\"Distribuci\u00f3n ARC\",\"url\":\"https:\/\/distribucionarc.com\/de\/\",\"logo\":{\"@type\":\"ImageObject\",\"inLanguage\":\"it-IT\",\"@id\":\"https:\/\/distribucionarc.com\/de\/#\/schema\/logo\/image\/\",\"url\":\"https:\/\/distribucionarc.com\/wp-content\/uploads\/2024\/10\/distribucion-ARC-COLOR-SIN-FONDO-e1732295305345.png\",\"contentUrl\":\"https:\/\/distribucionarc.com\/wp-content\/uploads\/2024\/10\/distribucion-ARC-COLOR-SIN-FONDO-e1732295305345.png\",\"width\":1164,\"height\":558,\"caption\":\"Distribuci\u00f3n ARC\"},\"image\":{\"@id\":\"https:\/\/distribucionarc.com\/de\/#\/schema\/logo\/image\/\"},\"description\":\"Empresa especializada en la fabricaci\u00f3n y distribuci\u00f3n de maquinaria industrial para los sectores alimentario y farmac\u00e9utico. Nos especializamos en: M\u00e1quinas de cortar carne Fabricaci\u00f3n de comprimidos Sistemas de transporte industrial L\u00edneas de embotellado Dosificadores Y mucho m\u00e1s... Ofrecemos soluciones innovadoras y personalizadas para optimizar los procesos productivos de tu empresa.\",\"email\":\"Admistracion@distribucionarc.com\",\"telephone\":\"+34 643496664\",\"legalName\":\"ARC TECH SOLUTIONS\",\"foundingDate\":\"2024-04-09\",\"vatID\":\"B55480172\",\"numberOfEmployees\":{\"@type\":\"QuantitativeValue\",\"minValue\":\"1\",\"maxValue\":\"10\"}}]}<\/script>\n<!-- \/ Yoast SEO Premium plugin. -->","yoast_head_json":{"title":"Carrozzina elettrica per salita scale - distribuzione ARC","robots":{"index":"index","follow":"follow","max-snippet":"max-snippet:-1","max-image-preview":"max-image-preview:large","max-video-preview":"max-video-preview:-1"},"canonical":"https:\/\/distribucionarc.com\/it\/prodotto\/sedia-a-rotelle-elettrica-per-salire-le-scale-2\/","og_locale":"it_IT","og_type":"article","og_title":"Silla ruedas el\u00e9ctrica para subir escaleras","og_description":"Silla ruedas el\u00e9ctrica para subir escaleras     El asiento y el respaldo de la\u00a0silla de ruedas\u00a0ARC\u00a0son esponjosos, suaves y c\u00f3modos tambi\u00e9n f\u00e1ciles de esterilizar y limpiar. Dos cinturones garantizan la seguridad de los usuarios cuando suben \/ bajan escaleras. El reposabrazos y el reposapi\u00e9s plegables son ergon\u00f3micos. \u00a0Soporta gran capacidad de hasta 160 kg  Las orugas de goma engrosadas y alargadas. Se abren y cierran sencillamente con una prensa ligera. Est\u00e1n dise\u00f1adas para contrarrestar la gravedad y ralentizar el descenso con fricci\u00f3n; estas realizan el movimiento de fricci\u00f3n impulsadas por un motor de 120W para un m\u00ednimo esfuerzo y mayor seguridad. Dispone una una bater\u00eda de litio 24V capaz de subir y bajar 15 pisos 15 veces a m\u00e1ximo rendimiento aportandole de\u00a02-3 H duraci\u00f3n. Las ruedas est\u00e1n hechas de goma, son resistentes a los ara\u00f1azos y duraderas.  La parte posterior de la\u00a0silla de evacuaci\u00f3n ARCSRE3\u00a0est\u00e1 dise\u00f1ada con dos manijas plegadas que se bloquean en su posici\u00f3n, lo que permite a los operadores agarres antideslizantes para un manejo seguro y una direcci\u00f3n f\u00e1cil. Las manijas delanteras son retr\u00e1ctiles presionando el bot\u00f3n rojo, usado para levantar la silla. Garant\u00eda\u00a0ARC 2 A\u00d1OS Silla de ruedas el\u00e9ctrica eficiente,\u00a0 consumo el\u00e9ctrico 100W soporte t\u00e9cnico\u00a0incluido &nbsp;","og_url":"https:\/\/distribucionarc.com\/it\/prodotto\/sedia-a-rotelle-elettrica-per-salire-le-scale-2\/","og_site_name":"distribuci\u00f3n ARC","og_image":[{"width":1001,"height":1001,"url":"https:\/\/distribucionarc.com\/wp-content\/uploads\/2020\/12\/Silla-electrica-ARC-1.jpg","type":"image\/jpeg"}],"twitter_card":"summary_large_image","twitter_misc":{"Tempo di lettura stimato":"1 minuto"},"schema":{"@context":"https:\/\/schema.org","@graph":[{"@type":"WebPage","@id":"https:\/\/distribucionarc.com\/pt\/producto\/silla-ruedas-electrica-para-subir-escaleras-2\/","url":"https:\/\/distribucionarc.com\/pt\/producto\/silla-ruedas-electrica-para-subir-escaleras-2\/","name":"Carrozzina elettrica per salita scale - distribuzione ARC","isPartOf":{"@id":"https:\/\/distribucionarc.com\/de\/#website"},"primaryImageOfPage":{"@id":"https:\/\/distribucionarc.com\/pt\/producto\/silla-ruedas-electrica-para-subir-escaleras-2\/#primaryimage"},"image":{"@id":"https:\/\/distribucionarc.com\/pt\/producto\/silla-ruedas-electrica-para-subir-escaleras-2\/#primaryimage"},"thumbnailUrl":"https:\/\/distribucionarc.com\/wp-content\/uploads\/2020\/12\/Silla-electrica-ARC-1.jpg","datePublished":"2020-12-20T18:40:47+00:00","breadcrumb":{"@id":"https:\/\/distribucionarc.com\/pt\/producto\/silla-ruedas-electrica-para-subir-escaleras-2\/#breadcrumb"},"inLanguage":"it-IT","potentialAction":[{"@type":"ReadAction","target":["https:\/\/distribucionarc.com\/pt\/producto\/silla-ruedas-electrica-para-subir-escaleras-2\/"]}]},{"@type":"ImageObject","inLanguage":"it-IT","@id":"https:\/\/distribucionarc.com\/pt\/producto\/silla-ruedas-electrica-para-subir-escaleras-2\/#primaryimage","url":"https:\/\/distribucionarc.com\/wp-content\/uploads\/2020\/12\/Silla-electrica-ARC-1.jpg","contentUrl":"https:\/\/distribucionarc.com\/wp-content\/uploads\/2020\/12\/Silla-electrica-ARC-1.jpg","width":1001,"height":1001},{"@type":"BreadcrumbList","@id":"https:\/\/distribucionarc.com\/pt\/producto\/silla-ruedas-electrica-para-subir-escaleras-2\/#breadcrumb","itemListElement":[{"@type":"ListItem","position":1,"name":"Portada","item":"https:\/\/distribucionarc.com\/pl\/"},{"@type":"ListItem","position":2,"name":"Produkty","item":"https:\/\/distribucionarc.com\/pl\/shop\/"},{"@type":"ListItem","position":3,"name":"Silla ruedas el\u00e9ctrica para subir escaleras"}]},{"@type":"WebSite","@id":"https:\/\/distribucionarc.com\/de\/#website","url":"https:\/\/distribucionarc.com\/de\/","name":"Distribuzione dell&#039;ARCO","description":"Azienda specializzata nella produzione e distribuzione di macchinari industriali, macchine sigillatrici di lattine, macchine per la produzione di compresse, macchine per il taglio della carne...","publisher":{"@id":"https:\/\/distribucionarc.com\/de\/#organization"},"potentialAction":[{"@type":"SearchAction","target":{"@type":"EntryPoint","urlTemplate":"https:\/\/distribucionarc.com\/de\/?s={search_term_string}"},"query-input":{"@type":"PropertyValueSpecification","valueRequired":true,"valueName":"search_term_string"}}],"inLanguage":"it-IT"},{"@type":"Organization","@id":"https:\/\/distribucionarc.com\/de\/#organization","name":"Distribuzione dell&#039;ARC","url":"https:\/\/distribucionarc.com\/de\/","logo":{"@type":"ImageObject","inLanguage":"it-IT","@id":"https:\/\/distribucionarc.com\/de\/#\/schema\/logo\/image\/","url":"https:\/\/distribucionarc.com\/wp-content\/uploads\/2024\/10\/distribucion-ARC-COLOR-SIN-FONDO-e1732295305345.png","contentUrl":"https:\/\/distribucionarc.com\/wp-content\/uploads\/2024\/10\/distribucion-ARC-COLOR-SIN-FONDO-e1732295305345.png","width":1164,"height":558,"caption":"Distribuci\u00f3n ARC"},"image":{"@id":"https:\/\/distribucionarc.com\/de\/#\/schema\/logo\/image\/"},"description":"Azienda specializzata nella produzione e distribuzione di macchinari industriali per il settore alimentare e farmaceutico. Siamo specializzati in: Macchine per il taglio della carne Produzione di compresse Sistemi di trasporto industriale Linee di imbottigliamento Dispenser E molto altro ancora... Offriamo soluzioni innovative e personalizzate per ottimizzare i processi produttivi della vostra azienda.","email":"Admistracion@distribucionarc.com","telephone":"+34 643496664","legalName":"ARC TECH SOLUTIONS","foundingDate":"2024-04-09","vatID":"B55480172","numberOfEmployees":{"@type":"QuantitativeValue","minValue":"1","maxValue":"10"}}]}},"_links":{"self":[{"href":"https:\/\/distribucionarc.com\/it\/wp-json\/wp\/v2\/product\/4167","targetHints":{"allow":["GET"]}}],"collection":[{"href":"https:\/\/distribucionarc.com\/it\/wp-json\/wp\/v2\/product"}],"about":[{"href":"https:\/\/distribucionarc.com\/it\/wp-json\/wp\/v2\/types\/product"}],"replies":[{"embeddable":true,"href":"https:\/\/distribucionarc.com\/it\/wp-json\/wp\/v2\/comments?post=4167"}],"version-history":[{"count":0,"href":"https:\/\/distribucionarc.com\/it\/wp-json\/wp\/v2\/product\/4167\/revisions"}],"wp:featuredmedia":[{"embeddable":true,"href":"https:\/\/distribucionarc.com\/it\/wp-json\/wp\/v2\/media\/4177"}],"wp:attachment":[{"href":"https:\/\/distribucionarc.com\/it\/wp-json\/wp\/v2\/media?parent=4167"}],"wp:term":[{"taxonomy":"product_brand","embeddable":true,"href":"https:\/\/distribucionarc.com\/it\/wp-json\/wp\/v2\/product_brand?post=4167"},{"taxonomy":"product_cat","embeddable":true,"href":"https:\/\/distribucionarc.com\/it\/wp-json\/wp\/v2\/product_cat?post=4167"},{"taxonomy":"product_tag","embeddable":true,"href":"https:\/\/distribucionarc.com\/it\/wp-json\/wp\/v2\/product_tag?post=4167"}],"curies":[{"name":"wp","href":"https:\/\/api.w.org\/{rel}","templated":true}]}}