{"id":4250,"date":"2021-01-26T11:00:28","date_gmt":"2021-01-26T11:00:28","guid":{"rendered":"https:\/\/distribucionarc.com\/?post_type=product&#038;p=4250"},"modified":"2021-01-26T11:00:28","modified_gmt":"2021-01-26T11:00:28","slug":"lampada-a-conservazione-di-calore","status":"publish","type":"product","link":"https:\/\/distribucionarc.com\/it\/producto\/lampara-conservadora-de-calor-para-alimentos\/","title":{"rendered":"Lampada per la conservazione del calore degli alimenti"},"content":{"rendered":"<h2>Lampada per la conservazione del calore degli alimenti<\/h2>\n<p>Nostro <strong>lampada termica commerciale <span style=\"color: #ff0000;\">A<\/span><span style=\"color: #0000ff;\">R<\/span>CLCA60<\/strong> \u00c8 realizzato con materiali in acciaio inossidabile ad alta resistenza, con finitura spazzolata, completamente saldati per una grande durata. \u00c8 accessibile da tre lati. IL <strong>lampada calda per il cibo <\/strong>E&#039; dotato di scolapiatti piano forato e vaschetta raccogligocce per far scolare l&#039;olio in eccesso dai fritti; Staccabile per una pulizia facile e veloce. IL <strong>base scaldapollo fritto<\/strong> Ha un vassoio in acciaio inossidabile per una variet\u00e0 di cibi; con dimensioni di 525 x 325 x 65 mm. Oltretutto,. Tutte le parti sono rimovibili per una comoda pulizia.<\/p>\n<p>Gli elementi<strong> riscaldatori a infrarossi<\/strong> A forma di U percorrono tutta la parte superiore del <strong>lampada a potenza termica<span style=\"color: #ff0000;\"> A<\/span><span style=\"color: #0000ff;\">R<\/span>CLCA60<\/strong>, quindi emettono una distribuzione del calore pi\u00f9 uniforme, anche per ottenere un riscaldamento rapido e un&#039;elevata efficienza.<\/p>\n<p>Questo<strong> Vassoio per patatine fritte<\/strong> Sulla parte superiore \u00e8 incorporata una lampadina termostabile con luce calda, che illumina la zona del cibo in modo da poter vedere chiaramente il cibo e lasciare che i cibi fritti emanino un colore attraente. Questo <strong>lampada riscaldante per friggere<\/strong> \u00c8 perfetto per mantenere patatine fritte, anelli di cipolla, pollo fritto, pizze, bastoncini di formaggio e altro a una temperatura adeguata, compresa tra 30 \u2103 e 85 \u2103. Aiuta a mantenere il cibo caldo, gustoso e croccante.<\/p>\n<h6>Garanzia<strong>\u00a0<span style=\"color: #ff0000;\">A<\/span><span style=\"color: #0000ff;\">R<\/span>C 2 ANNI<\/strong><\/h6>\n<h6><span style=\"color: #008000;\">Lampada per conservazione alimenti, efficiente a basso consumo 800w<\/span><\/h6>\n<h6>supporto tecnico incluso<\/h6>\n<p>&nbsp;<\/p>\n<p>&nbsp;<\/p>\n<table role=\"presentation\" width=\"100%\" cellspacing=\"0\" cellpadding=\"0\">\n<tbody>\n<tr>\n<td class=\"attrLabels\">Marca:<\/td>\n<td width=\"50.0%\">ARCO<\/td>\n<\/tr>\n<tr>\n<td class=\"attrLabels\">Garanzia:<\/td>\n<td width=\"50.0%\">2 anni<\/td>\n<td class=\"attrLabels\">Peso:<\/td>\n<td width=\"50.0%\">6 kg<\/td>\n<\/tr>\n<tr>\n<td class=\"attrLabels\">Paese di distribuzione:<\/td>\n<td width=\"50.0%\">Spagna, Germania, Stati Uniti<\/td>\n<td class=\"attrLabels\">Altezza:<\/td>\n<td width=\"50.0%\">60,5 cm<\/td>\n<\/tr>\n<tr>\n<td class=\"attrLabels\">Colore:<\/td>\n<td width=\"50.0%\">Argento<\/td>\n<td class=\"attrLabels\">Lungo:<\/td>\n<td width=\"50.0%\">55 cm<\/td>\n<\/tr>\n<tr>\n<td class=\"attrLabels\">Tipo di prodotto:<\/td>\n<td width=\"50.0%\">Vassoio portavivande riscaldato<\/td>\n<td class=\"attrLabels\">Ampio:<\/td>\n<td width=\"50.0%\">\u00a034,2 centimetri<\/td>\n<\/tr>\n<tr>\n<td class=\"attrLabels\">Numero del produttore:<\/td>\n<td width=\"50.0%\">ARCLCA60<\/td>\n<td class=\"attrLabels\">Vassoio riscaldato:<\/td>\n<td width=\"50.0%\">52,5x32,5x6,5 cm<\/td>\n<\/tr>\n<tr>\n<td class=\"attrLabels\">Materiale:<\/td>\n<td width=\"50.0%\">acciaio inossidabile, lampada a infrarossi, riscaldatore a infrarossi U, vaschetta raccogligocce<\/td>\n<td class=\"attrLabels\">Intervallo di temperatura:<\/td>\n<td width=\"50.0%\">30\u00baC \u2013 85\u00baC<\/td>\n<\/tr>\n<tr>\n<td class=\"attrLabels\">Energia:<\/td>\n<td width=\"50.0%\">800 W<\/td>\n<td class=\"attrLabels\">Utensili:<\/td>\n<td width=\"50.0%\">S\u00ec<\/td>\n<\/tr>\n<tr>\n<td class=\"attrLabels\">voltaggio:<\/td>\n<td width=\"50.0%\">220 V da 50 Hz a 60 Hz<\/td>\n<td class=\"attrLabels\"><\/td>\n<td width=\"50.0%\"><\/td>\n<\/tr>\n<\/tbody>\n<\/table>","protected":false},"excerpt":{"rendered":"<h2>Lampada per la conservazione del calore degli alimenti<\/h2>\n<p>Nostro <strong>lampada a infrarossi per patate <span style=\"color: #ff0000;\">A<\/span><span style=\"color: #0000ff;\">R<\/span>C<\/strong> \u00c8 costruito in acciaio inossidabile ad alta resistenza con eccellente durata e igiene. Questo <strong>conservante termico per cibi fritti<\/strong> Ti aiuta a facilitare l&#039;accesso al cibo da tre lati. La base di questo <strong>riscaldatore a infrarossi<\/strong> <strong><span style=\"color: #ff0000;\">A<\/span><span style=\"color: #0000ff;\">R<\/span>CLCA60<\/strong> Viene fornito con un vassoio per alimenti rimovibile con un bordo di drenaggio forato per il drenaggio del grasso in eccesso. Gli elementi<strong> riscaldatori a infrarossi<\/strong> La forma a U fornisce calore per mantenere i cibi fritti caldi e croccanti. Questo <strong>lampada per la conservazione del calore<\/strong> \u00c8 perfetto per conservare patatine fritte, anelli di cipolla, pollo fritto, ecc. Con tutto il suo sapore e la sua consistenza.<\/p>\n<h6>Garanzia<strong>\u00a0<span style=\"color: #ff0000;\">A<\/span><span style=\"color: #0000ff;\">R<\/span>C 2 ANNI<\/strong><\/h6>\n<h6><span style=\"color: #008000;\">Lampada per conservazione alimenti, efficiente a basso consumo 800w<\/span><\/h6>\n<h6>supporto tecnico incluso.<\/h6>","protected":false},"featured_media":4251,"comment_status":"open","ping_status":"closed","template":"","meta":{"wds_primary_product_brand":0,"wds_primary_product_cat":0},"product_brand":[],"product_cat":[41],"product_tag":[],"class_list":{"0":"post-4250","1":"product","2":"type-product","3":"status-publish","4":"has-post-thumbnail","6":"product_cat-expositor-de-alimentos","7":"product_shipping_class-hosteleria","9":"first","10":"instock","11":"sale","12":"taxable","13":"shipping-taxable","14":"purchasable","15":"product-type-simple"},"yoast_head":"<!-- This site is optimized with the Yoast SEO Premium plugin v24.9 (Yoast SEO v26.1) - https:\/\/yoast.com\/wordpress\/plugins\/seo\/ -->\n<title>L\u00e1mpara conservadora de calor para alimentos - distribuci\u00f3n ARC<\/title>\n<meta name=\"robots\" content=\"index, follow, max-snippet:-1, max-image-preview:large, max-video-preview:-1\" \/>\n<link rel=\"canonical\" href=\"https:\/\/distribucionarc.com\/it\/prodotto\/lampada-a-conservazione-di-calore\/\" \/>\n<meta property=\"og:locale\" content=\"it_IT\" \/>\n<meta property=\"og:type\" content=\"article\" \/>\n<meta property=\"og:title\" content=\"L\u00e1mpara conservadora de calor para alimentos\" \/>\n<meta property=\"og:description\" content=\"L\u00e1mpara conservadora de calor para alimentos Nuestra l\u00e1mpara infrarroja para patatas ARC est\u00e1 construida en acero inoxidable de alta resistencia con una excelente durabilidad e higiene. Este conservador de calor para fritos le ayuda a realizar un f\u00e1cil acceso a la comida desde los tres lados. La base de esta Calentador de infrarrojos ARCLCA60 viene con una bandeja de comida desmontable con una tabla de drenaje perforada para el drenaje del exceso de grasa. Los elementos calefactores infrarrojos en forma de U entregan el calor para mantener los alimentos fritos calientes y crujientes. Esta l\u00e1mpara conservadora de calor es perfecto para conservar las patatas fritas, aros de cebolla, pollo frito, etc. Con todo su sabor y textura. Garant\u00eda\u00a0ARC 2 A\u00d1OS L\u00e1mpara conservadora de alimentos, eficiente bajo consumo 800w soporte t\u00e9cnico\u00a0incluido.\" \/>\n<meta property=\"og:url\" content=\"https:\/\/distribucionarc.com\/it\/prodotto\/lampada-a-conservazione-di-calore\/\" \/>\n<meta property=\"og:site_name\" content=\"distribuci\u00f3n ARC\" \/>\n<meta property=\"og:image\" content=\"https:\/\/distribucionarc.com\/wp-content\/uploads\/2021\/01\/Lampara-conservadora-de-calor-para-alimentos-0.jpg\" \/>\n\t<meta property=\"og:image:width\" content=\"1469\" \/>\n\t<meta property=\"og:image:height\" content=\"1500\" \/>\n\t<meta property=\"og:image:type\" content=\"image\/jpeg\" \/>\n<meta name=\"twitter:card\" content=\"summary_large_image\" \/>\n<meta name=\"twitter:label1\" content=\"Tempo di lettura stimato\" \/>\n\t<meta name=\"twitter:data1\" content=\"2 minuti\" \/>\n<script type=\"application\/ld+json\" class=\"yoast-schema-graph\">{\"@context\":\"https:\/\/schema.org\",\"@graph\":[{\"@type\":\"WebPage\",\"@id\":\"https:\/\/distribucionarc.com\/nb\/producto\/lampara-conservadora-de-calor-para-alimentos\/\",\"url\":\"https:\/\/distribucionarc.com\/nb\/producto\/lampara-conservadora-de-calor-para-alimentos\/\",\"name\":\"L\u00e1mpara conservadora de calor para alimentos - distribuci\u00f3n ARC\",\"isPartOf\":{\"@id\":\"https:\/\/distribucionarc.com\/ro\/#website\"},\"primaryImageOfPage\":{\"@id\":\"https:\/\/distribucionarc.com\/nb\/producto\/lampara-conservadora-de-calor-para-alimentos\/#primaryimage\"},\"image\":{\"@id\":\"https:\/\/distribucionarc.com\/nb\/producto\/lampara-conservadora-de-calor-para-alimentos\/#primaryimage\"},\"thumbnailUrl\":\"https:\/\/distribucionarc.com\/wp-content\/uploads\/2021\/01\/Lampara-conservadora-de-calor-para-alimentos-0.jpg\",\"datePublished\":\"2021-01-26T11:00:28+00:00\",\"breadcrumb\":{\"@id\":\"https:\/\/distribucionarc.com\/nb\/producto\/lampara-conservadora-de-calor-para-alimentos\/#breadcrumb\"},\"inLanguage\":\"it-IT\",\"potentialAction\":[{\"@type\":\"ReadAction\",\"target\":[\"https:\/\/distribucionarc.com\/nb\/producto\/lampara-conservadora-de-calor-para-alimentos\/\"]}]},{\"@type\":\"ImageObject\",\"inLanguage\":\"it-IT\",\"@id\":\"https:\/\/distribucionarc.com\/nb\/producto\/lampara-conservadora-de-calor-para-alimentos\/#primaryimage\",\"url\":\"https:\/\/distribucionarc.com\/wp-content\/uploads\/2021\/01\/Lampara-conservadora-de-calor-para-alimentos-0.jpg\",\"contentUrl\":\"https:\/\/distribucionarc.com\/wp-content\/uploads\/2021\/01\/Lampara-conservadora-de-calor-para-alimentos-0.jpg\",\"width\":1469,\"height\":1500,\"caption\":\"L\u00e1mpara conservadora de calor para alimentos\"},{\"@type\":\"BreadcrumbList\",\"@id\":\"https:\/\/distribucionarc.com\/nb\/producto\/lampara-conservadora-de-calor-para-alimentos\/#breadcrumb\",\"itemListElement\":[{\"@type\":\"ListItem\",\"position\":1,\"name\":\"Portada\",\"item\":\"https:\/\/distribucionarc.com\/ar\/\"},{\"@type\":\"ListItem\",\"position\":2,\"name\":\"Proizvodi\",\"item\":\"https:\/\/www.distribucionarc.com\/hr\/ducan\/\"},{\"@type\":\"ListItem\",\"position\":3,\"name\":\"L\u00e1mpara conservadora de calor para alimentos\"}]},{\"@type\":\"WebSite\",\"@id\":\"https:\/\/distribucionarc.com\/ro\/#website\",\"url\":\"https:\/\/distribucionarc.com\/ro\/\",\"name\":\"distribuci\u00f3n ARC\",\"description\":\"Empresa especializada en la fabricaci\u00f3n y distribuci\u00f3n de maquinaria industrial, selladoras de latas, Maquinas de hacer pastillas, Maquinas de cortar carne...\",\"publisher\":{\"@id\":\"https:\/\/distribucionarc.com\/ro\/#organization\"},\"potentialAction\":[{\"@type\":\"SearchAction\",\"target\":{\"@type\":\"EntryPoint\",\"urlTemplate\":\"https:\/\/distribucionarc.com\/ro\/?s={search_term_string}\"},\"query-input\":{\"@type\":\"PropertyValueSpecification\",\"valueRequired\":true,\"valueName\":\"search_term_string\"}}],\"inLanguage\":\"it-IT\"},{\"@type\":\"Organization\",\"@id\":\"https:\/\/distribucionarc.com\/ro\/#organization\",\"name\":\"Distribuci\u00f3n ARC\",\"url\":\"https:\/\/distribucionarc.com\/ro\/\",\"logo\":{\"@type\":\"ImageObject\",\"inLanguage\":\"it-IT\",\"@id\":\"https:\/\/distribucionarc.com\/ro\/#\/schema\/logo\/image\/\",\"url\":\"https:\/\/distribucionarc.com\/wp-content\/uploads\/2024\/10\/distribucion-ARC-COLOR-SIN-FONDO-e1732295305345.png\",\"contentUrl\":\"https:\/\/distribucionarc.com\/wp-content\/uploads\/2024\/10\/distribucion-ARC-COLOR-SIN-FONDO-e1732295305345.png\",\"width\":1164,\"height\":558,\"caption\":\"Distribuci\u00f3n ARC\"},\"image\":{\"@id\":\"https:\/\/distribucionarc.com\/ro\/#\/schema\/logo\/image\/\"},\"description\":\"Empresa especializada en la fabricaci\u00f3n y distribuci\u00f3n de maquinaria industrial para los sectores alimentario y farmac\u00e9utico. Nos especializamos en: M\u00e1quinas de cortar carne Fabricaci\u00f3n de comprimidos Sistemas de transporte industrial L\u00edneas de embotellado Dosificadores Y mucho m\u00e1s... Ofrecemos soluciones innovadoras y personalizadas para optimizar los procesos productivos de tu empresa.\",\"email\":\"Admistracion@distribucionarc.com\",\"telephone\":\"+34 643496664\",\"legalName\":\"ARC TECH SOLUTIONS\",\"foundingDate\":\"2024-04-09\",\"vatID\":\"B55480172\",\"numberOfEmployees\":{\"@type\":\"QuantitativeValue\",\"minValue\":\"1\",\"maxValue\":\"10\"}}]}<\/script>\n<!-- \/ Yoast SEO Premium plugin. -->","yoast_head_json":{"title":"Lampada per la conservazione del calore degli alimenti - distribuzione ARC","robots":{"index":"index","follow":"follow","max-snippet":"max-snippet:-1","max-image-preview":"max-image-preview:large","max-video-preview":"max-video-preview:-1"},"canonical":"https:\/\/distribucionarc.com\/it\/prodotto\/lampada-a-conservazione-di-calore\/","og_locale":"it_IT","og_type":"article","og_title":"L\u00e1mpara conservadora de calor para alimentos","og_description":"L\u00e1mpara conservadora de calor para alimentos Nuestra l\u00e1mpara infrarroja para patatas ARC est\u00e1 construida en acero inoxidable de alta resistencia con una excelente durabilidad e higiene. Este conservador de calor para fritos le ayuda a realizar un f\u00e1cil acceso a la comida desde los tres lados. La base de esta Calentador de infrarrojos ARCLCA60 viene con una bandeja de comida desmontable con una tabla de drenaje perforada para el drenaje del exceso de grasa. Los elementos calefactores infrarrojos en forma de U entregan el calor para mantener los alimentos fritos calientes y crujientes. Esta l\u00e1mpara conservadora de calor es perfecto para conservar las patatas fritas, aros de cebolla, pollo frito, etc. Con todo su sabor y textura. Garant\u00eda\u00a0ARC 2 A\u00d1OS L\u00e1mpara conservadora de alimentos, eficiente bajo consumo 800w soporte t\u00e9cnico\u00a0incluido.","og_url":"https:\/\/distribucionarc.com\/it\/prodotto\/lampada-a-conservazione-di-calore\/","og_site_name":"distribuci\u00f3n ARC","og_image":[{"width":1469,"height":1500,"url":"https:\/\/distribucionarc.com\/wp-content\/uploads\/2021\/01\/Lampara-conservadora-de-calor-para-alimentos-0.jpg","type":"image\/jpeg"}],"twitter_card":"summary_large_image","twitter_misc":{"Tempo di lettura stimato":"2 minuti"},"schema":{"@context":"https:\/\/schema.org","@graph":[{"@type":"WebPage","@id":"https:\/\/distribucionarc.com\/nb\/producto\/lampara-conservadora-de-calor-para-alimentos\/","url":"https:\/\/distribucionarc.com\/nb\/producto\/lampara-conservadora-de-calor-para-alimentos\/","name":"Lampada per la conservazione del calore degli alimenti - distribuzione ARC","isPartOf":{"@id":"https:\/\/distribucionarc.com\/ro\/#website"},"primaryImageOfPage":{"@id":"https:\/\/distribucionarc.com\/nb\/producto\/lampara-conservadora-de-calor-para-alimentos\/#primaryimage"},"image":{"@id":"https:\/\/distribucionarc.com\/nb\/producto\/lampara-conservadora-de-calor-para-alimentos\/#primaryimage"},"thumbnailUrl":"https:\/\/distribucionarc.com\/wp-content\/uploads\/2021\/01\/Lampara-conservadora-de-calor-para-alimentos-0.jpg","datePublished":"2021-01-26T11:00:28+00:00","breadcrumb":{"@id":"https:\/\/distribucionarc.com\/nb\/producto\/lampara-conservadora-de-calor-para-alimentos\/#breadcrumb"},"inLanguage":"it-IT","potentialAction":[{"@type":"ReadAction","target":["https:\/\/distribucionarc.com\/nb\/producto\/lampara-conservadora-de-calor-para-alimentos\/"]}]},{"@type":"ImageObject","inLanguage":"it-IT","@id":"https:\/\/distribucionarc.com\/nb\/producto\/lampara-conservadora-de-calor-para-alimentos\/#primaryimage","url":"https:\/\/distribucionarc.com\/wp-content\/uploads\/2021\/01\/Lampara-conservadora-de-calor-para-alimentos-0.jpg","contentUrl":"https:\/\/distribucionarc.com\/wp-content\/uploads\/2021\/01\/Lampara-conservadora-de-calor-para-alimentos-0.jpg","width":1469,"height":1500,"caption":"L\u00e1mpara conservadora de calor para alimentos"},{"@type":"BreadcrumbList","@id":"https:\/\/distribucionarc.com\/nb\/producto\/lampara-conservadora-de-calor-para-alimentos\/#breadcrumb","itemListElement":[{"@type":"ListItem","position":1,"name":"Portada","item":"https:\/\/distribucionarc.com\/ar\/"},{"@type":"ListItem","position":2,"name":"Proizvodi","item":"https:\/\/www.distribucionarc.com\/hr\/ducan\/"},{"@type":"ListItem","position":3,"name":"L\u00e1mpara conservadora de calor para alimentos"}]},{"@type":"WebSite","@id":"https:\/\/distribucionarc.com\/ro\/#website","url":"https:\/\/distribucionarc.com\/ro\/","name":"Distribuzione dell&#039;ARCO","description":"Azienda specializzata nella produzione e distribuzione di macchinari industriali, macchine sigillatrici di lattine, macchine per la produzione di compresse, macchine per il taglio della carne...","publisher":{"@id":"https:\/\/distribucionarc.com\/ro\/#organization"},"potentialAction":[{"@type":"SearchAction","target":{"@type":"EntryPoint","urlTemplate":"https:\/\/distribucionarc.com\/ro\/?s={search_term_string}"},"query-input":{"@type":"PropertyValueSpecification","valueRequired":true,"valueName":"search_term_string"}}],"inLanguage":"it-IT"},{"@type":"Organization","@id":"https:\/\/distribucionarc.com\/ro\/#organization","name":"Distribuzione dell&#039;ARC","url":"https:\/\/distribucionarc.com\/ro\/","logo":{"@type":"ImageObject","inLanguage":"it-IT","@id":"https:\/\/distribucionarc.com\/ro\/#\/schema\/logo\/image\/","url":"https:\/\/distribucionarc.com\/wp-content\/uploads\/2024\/10\/distribucion-ARC-COLOR-SIN-FONDO-e1732295305345.png","contentUrl":"https:\/\/distribucionarc.com\/wp-content\/uploads\/2024\/10\/distribucion-ARC-COLOR-SIN-FONDO-e1732295305345.png","width":1164,"height":558,"caption":"Distribuci\u00f3n ARC"},"image":{"@id":"https:\/\/distribucionarc.com\/ro\/#\/schema\/logo\/image\/"},"description":"Azienda specializzata nella produzione e distribuzione di macchinari industriali per il settore alimentare e farmaceutico. Siamo specializzati in: Macchine per il taglio della carne Produzione di compresse Sistemi di trasporto industriale Linee di imbottigliamento Dispenser E molto altro ancora... Offriamo soluzioni innovative e personalizzate per ottimizzare i processi produttivi della vostra azienda.","email":"Admistracion@distribucionarc.com","telephone":"+34 643496664","legalName":"ARC TECH SOLUTIONS","foundingDate":"2024-04-09","vatID":"B55480172","numberOfEmployees":{"@type":"QuantitativeValue","minValue":"1","maxValue":"10"}}]}},"_links":{"self":[{"href":"https:\/\/distribucionarc.com\/it\/wp-json\/wp\/v2\/product\/4250","targetHints":{"allow":["GET"]}}],"collection":[{"href":"https:\/\/distribucionarc.com\/it\/wp-json\/wp\/v2\/product"}],"about":[{"href":"https:\/\/distribucionarc.com\/it\/wp-json\/wp\/v2\/types\/product"}],"replies":[{"embeddable":true,"href":"https:\/\/distribucionarc.com\/it\/wp-json\/wp\/v2\/comments?post=4250"}],"version-history":[{"count":0,"href":"https:\/\/distribucionarc.com\/it\/wp-json\/wp\/v2\/product\/4250\/revisions"}],"wp:featuredmedia":[{"embeddable":true,"href":"https:\/\/distribucionarc.com\/it\/wp-json\/wp\/v2\/media\/4251"}],"wp:attachment":[{"href":"https:\/\/distribucionarc.com\/it\/wp-json\/wp\/v2\/media?parent=4250"}],"wp:term":[{"taxonomy":"product_brand","embeddable":true,"href":"https:\/\/distribucionarc.com\/it\/wp-json\/wp\/v2\/product_brand?post=4250"},{"taxonomy":"product_cat","embeddable":true,"href":"https:\/\/distribucionarc.com\/it\/wp-json\/wp\/v2\/product_cat?post=4250"},{"taxonomy":"product_tag","embeddable":true,"href":"https:\/\/distribucionarc.com\/it\/wp-json\/wp\/v2\/product_tag?post=4250"}],"curies":[{"name":"wp","href":"https:\/\/api.w.org\/{rel}","templated":true}]}}