{"id":4260,"date":"2021-01-27T09:18:15","date_gmt":"2021-01-27T09:18:15","guid":{"rendered":"https:\/\/distribucionarc.com\/?post_type=product&#038;p=4260"},"modified":"2023-02-24T11:02:56","modified_gmt":"2023-02-24T11:02:56","slug":"riempitrice-dispenser-con-sigillatrice-automatica-per-bustine","status":"publish","type":"product","link":"https:\/\/distribucionarc.com\/it\/producto\/llenadora-dosificador-con-sellado-automatico-para-sobres\/","title":{"rendered":"Riempitrice, dispenser con chiusura automatica per buste"},"content":{"rendered":"<h3>Riempitrice, dispenser con chiusura automatica per buste<\/h3>\n<p>IL <strong>riempitrice automatica con sigillo per liquidi <span style=\"color: #ff0000;\">A<\/span><span style=\"color: #0000ff;\">R<\/span>C<\/strong> Incorpora tutto il necessario per eseguire un processo a catena di dosaggio, sigillatura e taglio di bustine da 3 a 100 g. Questo <strong>macchina confezionatrice per bustine<\/strong> incorpora: una pompa autoadescante specializzata per garantire l&#039;igiene e la qualit\u00e0 del vostro prodotto. Agitazione per evitare sacche d&#039;aria nel prodotto, riempimento, sigillatura e taglio automatici che consentono di lavorare senza fatica.<\/p>\n<p>Questo<strong> erogatore di sigillatura <span style=\"color: #ff0000;\">A<\/span><span style=\"color: #0000ff;\">R<\/span>CDS3-100<\/strong> \u00c8 realizzato in resistente materiale in acciaio inossidabile. Tutti i materiali che entrano in contatto con il prodotto sono anticorrosivi e resistenti all&#039;ossidazione, oltre ad essere normativi per gli imballaggi nell&#039;industria farmaceutica, alimentare, chimica, ecc. Grazie ai materiali in questo <strong>pressa per buste millimetriche<\/strong> Rendono estremamente facile la pulizia e la manutenzione per il dosaggio di diversi prodotti.<\/p>\n<p>Rispetto ad altri, il nostro <strong>riempitivo sigillante <span style=\"color: #ff0000;\">A<\/span><span style=\"color: #0000ff;\">R<\/span>CDS3-100<\/strong> Dispone di aggraffatura elettrica, in grado di sigillare pi\u00f9 sacchetti con diversi tipi di chiusura con intervalli di riempimento di 3-100 g, oltre ad essere in grado di sigillare ad una velocit\u00e0 maggiore di 20-40 sacchetti\/min. A questo viene applicata la tecnologia avanzata di controllo del microcomputer importato <strong>macchina confezionatrice sigillante<\/strong> per separare e confezionare in modo accurato e automatico. Puoi controllare l&#039;intero processo attraverso il pannello di controllo del dispenser termicamente chiuso per modificare la velocit\u00e0, l&#039;intervallo di riempimento e il tipo di chiusura.<\/p>\n<ul>\n<li>Intervallo buste: 1-200 g<\/li>\n<li>Velocit\u00e0 di confezionamento: 20-40 buste\/min<\/li>\n<li>Larghezza della pellicola: 12,5 cm<\/li>\n<li>Lunghezza borsa: 0-15 cm (regolabile)<\/li>\n<\/ul>\n<h6><strong>Garanzia\u00a0<span style=\"color: #ff0000;\">A<\/span><span style=\"color: #0000ff;\">R<\/span>C 2 ANNI<\/strong><\/h6>\n<h6><span style=\"color: #008000;\">Efficiente riempitrice di buste lineare, a basso consumo 300W<\/span><\/h6>\n<h6><strong>supporto tecnico incluso<\/strong><\/h6>\n<p>&nbsp;<\/p>\n<table role=\"presentation\" width=\"100%\" cellspacing=\"0\" cellpadding=\"0\">\n<tbody>\n<tr>\n<td class=\"attrLabels\">Marca:<\/td>\n<td width=\"50.0%\">ARCO<\/td>\n<\/tr>\n<tr>\n<td class=\"attrLabels\">Garanzia:<\/td>\n<td width=\"50.0%\">2 anni<\/td>\n<td class=\"attrLabels\">Peso:<\/td>\n<td width=\"50.0%\">36 kg<\/td>\n<\/tr>\n<tr>\n<td class=\"attrLabels\">Paese di distribuzione:<\/td>\n<td width=\"50.0%\">Spagna, Germania, Stati Uniti<\/td>\n<td class=\"attrLabels\">Altezza:<\/td>\n<td width=\"50.0%\">95 cm<\/td>\n<\/tr>\n<tr>\n<td class=\"attrLabels\">Colore:<\/td>\n<td width=\"50.0%\">Argento<\/td>\n<td class=\"attrLabels\">Lungo:<\/td>\n<td width=\"50.0%\">53 cm<\/td>\n<\/tr>\n<tr>\n<td class=\"attrLabels\">Tipo di prodotto:<\/td>\n<td width=\"50.0%\">Dispenser con termosigillatrice<\/td>\n<td class=\"attrLabels\">Ampio:<\/td>\n<td width=\"50.0%\">42 cm<\/td>\n<\/tr>\n<tr>\n<td class=\"attrLabels\">Numero del produttore:<\/td>\n<td width=\"50.0%\">ARCDS3-100<\/td>\n<td class=\"attrLabels\">Intervallo di riempimento:<\/td>\n<td width=\"50.0%\">1 \u2013 200 g<\/td>\n<\/tr>\n<tr>\n<td class=\"attrLabels\">Materiale:<\/td>\n<td width=\"50.0%\">Acciaio inossidabile alimentare 304<\/td>\n<td class=\"attrLabels\">Velocit\u00e0 di riempimento:<\/td>\n<td width=\"50.0%\">20 \u2013 40 buste\/min<\/td>\n<\/tr>\n<tr>\n<td class=\"attrLabels\">Operazione:<\/td>\n<td width=\"50.0%\">Energico<\/td>\n<td class=\"attrLabels\">Lunghezza borsa:<\/td>\n<td width=\"50.0%\">0-15 cm regolabile<\/td>\n<\/tr>\n<tr>\n<td class=\"attrLabels\">Consumo elettrico:<\/td>\n<td width=\"50.0%\">300W<\/td>\n<td class=\"attrLabels\">voltaggio:<\/td>\n<td width=\"50.0%\">220 V 50 Hz<\/td>\n<\/tr>\n<\/tbody>\n<\/table>","protected":false},"excerpt":{"rendered":"<h2>Riempitrice, dispenser con chiusura automatica per buste<\/h2>\n<p>Questo <strong>Distributore di buste <span style=\"color: #ff0000;\">A<\/span><span style=\"color: #0000ff;\">R<\/span>C<\/strong> \u00c8 adatto al confezionamento millimetrico di liquidi o salse come olio, ketchup, marmellata, miele, condimenti per insalata, aceto, latticini, latte condensato, miele.<\/p>\n<p>Questo<strong> riempitivo di crema<\/strong> Facilita il processo lineare per aumentare la produzione e il comfort poich\u00e9 adotta un sistema di controllo automatico con microcomputer che garantiscono un processo di riempimento preciso e ad alta velocit\u00e0, oltre a effettuare un taglio preciso per preservare il processo a catena e il processo fino a <strong>40 sacchi al minuto<\/strong>. Questo <strong>macchina confezionatrice sigillante automatica <span style=\"color: #ff0000;\">A<\/span><span style=\"color: #0000ff;\">R<\/span>C<\/strong> Pu\u00f2 adattarsi a diverse densit\u00e0 e prodotti per facilitare il riempimento e la sigillatura di diverse salse, creme, marmellate, burri, oli, pasta, ecc.<\/p>\n<h6><strong>Garanzia\u00a0<span style=\"color: #ff0000;\">A<\/span><span style=\"color: #0000ff;\">R<\/span>C 2 ANNI<\/strong><\/h6>\n<h6><span style=\"color: #008000;\">Efficiente riempitrice di buste lineare, a basso consumo 300W<\/span><\/h6>\n<h6><strong>supporto tecnico incluso<\/strong><\/h6>\n<p>&nbsp;<\/p>","protected":false},"featured_media":4262,"comment_status":"open","ping_status":"closed","template":"","meta":{"wds_primary_product_brand":0,"wds_primary_product_cat":0},"product_brand":[],"product_cat":[18,19,20,15,27],"product_tag":[],"class_list":{"0":"post-4260","1":"product","2":"type-product","3":"status-publish","4":"has-post-thumbnail","6":"product_cat-dosificadoras","7":"product_cat-dosificadoras-de-liquidos","8":"product_cat-dosificadoras-de-pastosos","9":"product_cat-llenadoras-y-selladoras-automaticas-flow-pack-sachet","10":"product_cat-selladoras-de-bolsas","11":"product_shipping_class-express","13":"first","14":"instock","15":"sale","16":"taxable","17":"shipping-taxable","18":"purchasable","19":"product-type-simple"},"yoast_head":"<!-- This site is optimized with the Yoast SEO Premium plugin v24.9 (Yoast SEO v26.1) - https:\/\/yoast.com\/wordpress\/plugins\/seo\/ -->\n<title>Llenadora, dosificador con sellado autom\u00e1tico para sobres - distribuci\u00f3n ARC<\/title>\n<meta name=\"robots\" content=\"index, follow, max-snippet:-1, max-image-preview:large, max-video-preview:-1\" \/>\n<link rel=\"canonical\" href=\"https:\/\/www.distribucionarc.com\/producto\/llenadora-dosificador-con-sellado-automatico-para-sobres\/\" \/>\n<meta property=\"og:locale\" content=\"it_IT\" \/>\n<meta property=\"og:type\" content=\"article\" \/>\n<meta property=\"og:title\" content=\"Llenadora, dosificador con sellado autom\u00e1tico para sobres\" \/>\n<meta property=\"og:description\" content=\"Llenadora, dosificador con sellado autom\u00e1tico para sobres Esta Dosificadora de sobres ARC es adecuada para el envasado milim\u00e9trico de l\u00edquidos o salsas como aceite, k\u00e9tchup, mermelada, miel, aderezo para ensaladas, vinagre, bebida l\u00e1ctea, leche condensada, miel.  Esta llenadora de cremas le facilita el proceso lineal para aumentar su producci\u00f3n y comodidad ya que adopta un sistema de control autom\u00e1tico con microordenadores que le aseguran un proceso de llenado preciso y de alta velocidad, adem\u00e1s, de realizar un corte preciso para conservar el proceso en cadena y procesar hasta 40 bolsas por minuto. Esta envasadora con sellado autom\u00e1tico ARC puede adaptarse a diferentes densidades y productos para facilitar el llenado y sellado de diferentes salsas, cremas, mermeladas, mantequillas, aceites, pastas, etc. Garant\u00eda\u00a0ARC 2 A\u00d1OS Llenadora lineal para sobres eficiente, bajo consumo\u00a0 300W soporte t\u00e9cnico incluido &nbsp;\" \/>\n<meta property=\"og:url\" content=\"https:\/\/www.distribucionarc.com\/producto\/llenadora-dosificador-con-sellado-automatico-para-sobres\/\" \/>\n<meta property=\"og:site_name\" content=\"distribuci\u00f3n ARC\" \/>\n<meta property=\"article:modified_time\" content=\"2023-02-24T11:02:56+00:00\" \/>\n<meta property=\"og:image\" content=\"https:\/\/www.distribucionarc.com\/wp-content\/uploads\/2021\/01\/Llenadora-dosificador-con-sellado-automatico-para-sobres-0.jpg\" \/>\n\t<meta property=\"og:image:width\" content=\"1600\" \/>\n\t<meta property=\"og:image:height\" content=\"1600\" \/>\n\t<meta property=\"og:image:type\" content=\"image\/jpeg\" \/>\n<meta name=\"twitter:card\" content=\"summary_large_image\" \/>\n<meta name=\"twitter:label1\" content=\"Tempo di lettura stimato\" \/>\n\t<meta name=\"twitter:data1\" content=\"2 minuti\" \/>\n<script type=\"application\/ld+json\" class=\"yoast-schema-graph\">{\"@context\":\"https:\/\/schema.org\",\"@graph\":[{\"@type\":\"WebPage\",\"@id\":\"https:\/\/www.distribucionarc.com\/producto\/llenadora-dosificador-con-sellado-automatico-para-sobres\/\",\"url\":\"https:\/\/www.distribucionarc.com\/producto\/llenadora-dosificador-con-sellado-automatico-para-sobres\/\",\"name\":\"Llenadora, dosificador con sellado autom\u00e1tico para sobres - distribuci\u00f3n ARC\",\"isPartOf\":{\"@id\":\"https:\/\/www.distribucionarc.com\/de\/#website\"},\"primaryImageOfPage\":{\"@id\":\"https:\/\/www.distribucionarc.com\/producto\/llenadora-dosificador-con-sellado-automatico-para-sobres\/#primaryimage\"},\"image\":{\"@id\":\"https:\/\/www.distribucionarc.com\/producto\/llenadora-dosificador-con-sellado-automatico-para-sobres\/#primaryimage\"},\"thumbnailUrl\":\"https:\/\/distribucionarc.com\/wp-content\/uploads\/2021\/01\/Llenadora-dosificador-con-sellado-automatico-para-sobres-0.jpg\",\"datePublished\":\"2021-01-27T09:18:15+00:00\",\"dateModified\":\"2023-02-24T11:02:56+00:00\",\"breadcrumb\":{\"@id\":\"https:\/\/www.distribucionarc.com\/producto\/llenadora-dosificador-con-sellado-automatico-para-sobres\/#breadcrumb\"},\"inLanguage\":\"it-IT\",\"potentialAction\":[{\"@type\":\"ReadAction\",\"target\":[\"https:\/\/www.distribucionarc.com\/producto\/llenadora-dosificador-con-sellado-automatico-para-sobres\/\"]}]},{\"@type\":\"ImageObject\",\"inLanguage\":\"it-IT\",\"@id\":\"https:\/\/www.distribucionarc.com\/producto\/llenadora-dosificador-con-sellado-automatico-para-sobres\/#primaryimage\",\"url\":\"https:\/\/distribucionarc.com\/wp-content\/uploads\/2021\/01\/Llenadora-dosificador-con-sellado-automatico-para-sobres-0.jpg\",\"contentUrl\":\"https:\/\/distribucionarc.com\/wp-content\/uploads\/2021\/01\/Llenadora-dosificador-con-sellado-automatico-para-sobres-0.jpg\",\"width\":1600,\"height\":1600,\"caption\":\"automatic liquid sealing machine liquid quantitative dispenser automatic liquid quantitative packaging sealing machine 5ml liquid filling machine sauce packing machine liquid filling machine packing sealing machine liquid filling machine automatic\"},{\"@type\":\"BreadcrumbList\",\"@id\":\"https:\/\/www.distribucionarc.com\/producto\/llenadora-dosificador-con-sellado-automatico-para-sobres\/#breadcrumb\",\"itemListElement\":[{\"@type\":\"ListItem\",\"position\":1,\"name\":\"Portada\",\"item\":\"https:\/\/www.distribucionarc.com\/en\/\"},{\"@type\":\"ListItem\",\"position\":2,\"name\":\"Products\",\"item\":\"https:\/\/www.distribucionarc.com\/en\/shop\/\"},{\"@type\":\"ListItem\",\"position\":3,\"name\":\"Llenadora, dosificador con sellado autom\u00e1tico para sobres\"}]},{\"@type\":\"WebSite\",\"@id\":\"https:\/\/www.distribucionarc.com\/de\/#website\",\"url\":\"https:\/\/www.distribucionarc.com\/de\/\",\"name\":\"distribuci\u00f3n ARC\",\"description\":\"Empresa especializada en la fabricaci\u00f3n y distribuci\u00f3n de maquinaria industrial, selladoras de latas, Maquinas de hacer pastillas, Maquinas de cortar carne...\",\"publisher\":{\"@id\":\"https:\/\/www.distribucionarc.com\/de\/#organization\"},\"potentialAction\":[{\"@type\":\"SearchAction\",\"target\":{\"@type\":\"EntryPoint\",\"urlTemplate\":\"https:\/\/www.distribucionarc.com\/de\/?s={search_term_string}\"},\"query-input\":{\"@type\":\"PropertyValueSpecification\",\"valueRequired\":true,\"valueName\":\"search_term_string\"}}],\"inLanguage\":\"it-IT\"},{\"@type\":\"Organization\",\"@id\":\"https:\/\/www.distribucionarc.com\/de\/#organization\",\"name\":\"Distribuci\u00f3n ARC\",\"url\":\"https:\/\/www.distribucionarc.com\/de\/\",\"logo\":{\"@type\":\"ImageObject\",\"inLanguage\":\"it-IT\",\"@id\":\"https:\/\/www.distribucionarc.com\/de\/#\/schema\/logo\/image\/\",\"url\":\"https:\/\/distribucionarc.com\/wp-content\/uploads\/2024\/10\/distribucion-ARC-COLOR-SIN-FONDO-e1732295305345.png\",\"contentUrl\":\"https:\/\/distribucionarc.com\/wp-content\/uploads\/2024\/10\/distribucion-ARC-COLOR-SIN-FONDO-e1732295305345.png\",\"width\":1164,\"height\":558,\"caption\":\"Distribuci\u00f3n ARC\"},\"image\":{\"@id\":\"https:\/\/www.distribucionarc.com\/de\/#\/schema\/logo\/image\/\"},\"description\":\"Empresa especializada en la fabricaci\u00f3n y distribuci\u00f3n de maquinaria industrial para los sectores alimentario y farmac\u00e9utico. Nos especializamos en: M\u00e1quinas de cortar carne Fabricaci\u00f3n de comprimidos Sistemas de transporte industrial L\u00edneas de embotellado Dosificadores Y mucho m\u00e1s... Ofrecemos soluciones innovadoras y personalizadas para optimizar los procesos productivos de tu empresa.\",\"email\":\"Admistracion@distribucionarc.com\",\"telephone\":\"+34 643496664\",\"legalName\":\"ARC TECH SOLUTIONS\",\"foundingDate\":\"2024-04-09\",\"vatID\":\"B55480172\",\"numberOfEmployees\":{\"@type\":\"QuantitativeValue\",\"minValue\":\"1\",\"maxValue\":\"10\"}}]}<\/script>\n<!-- \/ Yoast SEO Premium plugin. -->","yoast_head_json":{"title":"Riempitrice, dispenser con chiusura automatica per buste - distribuzione ARC","robots":{"index":"index","follow":"follow","max-snippet":"max-snippet:-1","max-image-preview":"max-image-preview:large","max-video-preview":"max-video-preview:-1"},"canonical":"https:\/\/www.distribucionarc.com\/producto\/llenadora-dosificador-con-sellado-automatico-para-sobres\/","og_locale":"it_IT","og_type":"article","og_title":"Llenadora, dosificador con sellado autom\u00e1tico para sobres","og_description":"Llenadora, dosificador con sellado autom\u00e1tico para sobres Esta Dosificadora de sobres ARC es adecuada para el envasado milim\u00e9trico de l\u00edquidos o salsas como aceite, k\u00e9tchup, mermelada, miel, aderezo para ensaladas, vinagre, bebida l\u00e1ctea, leche condensada, miel.  Esta llenadora de cremas le facilita el proceso lineal para aumentar su producci\u00f3n y comodidad ya que adopta un sistema de control autom\u00e1tico con microordenadores que le aseguran un proceso de llenado preciso y de alta velocidad, adem\u00e1s, de realizar un corte preciso para conservar el proceso en cadena y procesar hasta 40 bolsas por minuto. Esta envasadora con sellado autom\u00e1tico ARC puede adaptarse a diferentes densidades y productos para facilitar el llenado y sellado de diferentes salsas, cremas, mermeladas, mantequillas, aceites, pastas, etc. Garant\u00eda\u00a0ARC 2 A\u00d1OS Llenadora lineal para sobres eficiente, bajo consumo\u00a0 300W soporte t\u00e9cnico incluido &nbsp;","og_url":"https:\/\/www.distribucionarc.com\/producto\/llenadora-dosificador-con-sellado-automatico-para-sobres\/","og_site_name":"distribuci\u00f3n ARC","article_modified_time":"2023-02-24T11:02:56+00:00","og_image":[{"width":1600,"height":1600,"url":"https:\/\/www.distribucionarc.com\/wp-content\/uploads\/2021\/01\/Llenadora-dosificador-con-sellado-automatico-para-sobres-0.jpg","type":"image\/jpeg"}],"twitter_card":"summary_large_image","twitter_misc":{"Tempo di lettura stimato":"2 minuti"},"schema":{"@context":"https:\/\/schema.org","@graph":[{"@type":"WebPage","@id":"https:\/\/www.distribucionarc.com\/producto\/llenadora-dosificador-con-sellado-automatico-para-sobres\/","url":"https:\/\/www.distribucionarc.com\/producto\/llenadora-dosificador-con-sellado-automatico-para-sobres\/","name":"Riempitrice, dispenser con chiusura automatica per buste - distribuzione ARC","isPartOf":{"@id":"https:\/\/www.distribucionarc.com\/de\/#website"},"primaryImageOfPage":{"@id":"https:\/\/www.distribucionarc.com\/producto\/llenadora-dosificador-con-sellado-automatico-para-sobres\/#primaryimage"},"image":{"@id":"https:\/\/www.distribucionarc.com\/producto\/llenadora-dosificador-con-sellado-automatico-para-sobres\/#primaryimage"},"thumbnailUrl":"https:\/\/distribucionarc.com\/wp-content\/uploads\/2021\/01\/Llenadora-dosificador-con-sellado-automatico-para-sobres-0.jpg","datePublished":"2021-01-27T09:18:15+00:00","dateModified":"2023-02-24T11:02:56+00:00","breadcrumb":{"@id":"https:\/\/www.distribucionarc.com\/producto\/llenadora-dosificador-con-sellado-automatico-para-sobres\/#breadcrumb"},"inLanguage":"it-IT","potentialAction":[{"@type":"ReadAction","target":["https:\/\/www.distribucionarc.com\/producto\/llenadora-dosificador-con-sellado-automatico-para-sobres\/"]}]},{"@type":"ImageObject","inLanguage":"it-IT","@id":"https:\/\/www.distribucionarc.com\/producto\/llenadora-dosificador-con-sellado-automatico-para-sobres\/#primaryimage","url":"https:\/\/distribucionarc.com\/wp-content\/uploads\/2021\/01\/Llenadora-dosificador-con-sellado-automatico-para-sobres-0.jpg","contentUrl":"https:\/\/distribucionarc.com\/wp-content\/uploads\/2021\/01\/Llenadora-dosificador-con-sellado-automatico-para-sobres-0.jpg","width":1600,"height":1600,"caption":"automatic liquid sealing machine liquid quantitative dispenser automatic liquid quantitative packaging sealing machine 5ml liquid filling machine sauce packing machine liquid filling machine packing sealing machine liquid filling machine automatic"},{"@type":"BreadcrumbList","@id":"https:\/\/www.distribucionarc.com\/producto\/llenadora-dosificador-con-sellado-automatico-para-sobres\/#breadcrumb","itemListElement":[{"@type":"ListItem","position":1,"name":"Portada","item":"https:\/\/www.distribucionarc.com\/en\/"},{"@type":"ListItem","position":2,"name":"Products","item":"https:\/\/www.distribucionarc.com\/en\/shop\/"},{"@type":"ListItem","position":3,"name":"Llenadora, dosificador con sellado autom\u00e1tico para sobres"}]},{"@type":"WebSite","@id":"https:\/\/www.distribucionarc.com\/de\/#website","url":"https:\/\/www.distribucionarc.com\/de\/","name":"Distribuzione dell&#039;ARCO","description":"Azienda specializzata nella produzione e distribuzione di macchinari industriali, macchine sigillatrici di lattine, macchine per la produzione di compresse, macchine per il taglio della carne...","publisher":{"@id":"https:\/\/www.distribucionarc.com\/de\/#organization"},"potentialAction":[{"@type":"SearchAction","target":{"@type":"EntryPoint","urlTemplate":"https:\/\/www.distribucionarc.com\/de\/?s={search_term_string}"},"query-input":{"@type":"PropertyValueSpecification","valueRequired":true,"valueName":"search_term_string"}}],"inLanguage":"it-IT"},{"@type":"Organization","@id":"https:\/\/www.distribucionarc.com\/de\/#organization","name":"Distribuzione dell&#039;ARC","url":"https:\/\/www.distribucionarc.com\/de\/","logo":{"@type":"ImageObject","inLanguage":"it-IT","@id":"https:\/\/www.distribucionarc.com\/de\/#\/schema\/logo\/image\/","url":"https:\/\/distribucionarc.com\/wp-content\/uploads\/2024\/10\/distribucion-ARC-COLOR-SIN-FONDO-e1732295305345.png","contentUrl":"https:\/\/distribucionarc.com\/wp-content\/uploads\/2024\/10\/distribucion-ARC-COLOR-SIN-FONDO-e1732295305345.png","width":1164,"height":558,"caption":"Distribuci\u00f3n ARC"},"image":{"@id":"https:\/\/www.distribucionarc.com\/de\/#\/schema\/logo\/image\/"},"description":"Azienda specializzata nella produzione e distribuzione di macchinari industriali per il settore alimentare e farmaceutico. Siamo specializzati in: Macchine per il taglio della carne Produzione di compresse Sistemi di trasporto industriale Linee di imbottigliamento Dispenser E molto altro ancora... Offriamo soluzioni innovative e personalizzate per ottimizzare i processi produttivi della vostra azienda.","email":"Admistracion@distribucionarc.com","telephone":"+34 643496664","legalName":"ARC TECH SOLUTIONS","foundingDate":"2024-04-09","vatID":"B55480172","numberOfEmployees":{"@type":"QuantitativeValue","minValue":"1","maxValue":"10"}}]}},"_links":{"self":[{"href":"https:\/\/distribucionarc.com\/it\/wp-json\/wp\/v2\/product\/4260","targetHints":{"allow":["GET"]}}],"collection":[{"href":"https:\/\/distribucionarc.com\/it\/wp-json\/wp\/v2\/product"}],"about":[{"href":"https:\/\/distribucionarc.com\/it\/wp-json\/wp\/v2\/types\/product"}],"replies":[{"embeddable":true,"href":"https:\/\/distribucionarc.com\/it\/wp-json\/wp\/v2\/comments?post=4260"}],"version-history":[{"count":0,"href":"https:\/\/distribucionarc.com\/it\/wp-json\/wp\/v2\/product\/4260\/revisions"}],"wp:featuredmedia":[{"embeddable":true,"href":"https:\/\/distribucionarc.com\/it\/wp-json\/wp\/v2\/media\/4262"}],"wp:attachment":[{"href":"https:\/\/distribucionarc.com\/it\/wp-json\/wp\/v2\/media?parent=4260"}],"wp:term":[{"taxonomy":"product_brand","embeddable":true,"href":"https:\/\/distribucionarc.com\/it\/wp-json\/wp\/v2\/product_brand?post=4260"},{"taxonomy":"product_cat","embeddable":true,"href":"https:\/\/distribucionarc.com\/it\/wp-json\/wp\/v2\/product_cat?post=4260"},{"taxonomy":"product_tag","embeddable":true,"href":"https:\/\/distribucionarc.com\/it\/wp-json\/wp\/v2\/product_tag?post=4260"}],"curies":[{"name":"wp","href":"https:\/\/api.w.org\/{rel}","templated":true}]}}