{"id":4303,"date":"2021-01-28T11:21:17","date_gmt":"2021-01-28T11:21:17","guid":{"rendered":"https:\/\/distribucionarc.com\/?post_type=product&#038;p=4303"},"modified":"2021-01-28T11:21:18","modified_gmt":"2021-01-28T11:21:18","slug":"griglia-tostapane-con-nastro-trasportatore","status":"publish","type":"product","link":"https:\/\/distribucionarc.com\/it\/producto\/tostador-grill-con-cinta-transportadora\/","title":{"rendered":"Tostapane grill con nastro trasportatore"},"content":{"rendered":"<h3>Tostapane grill con nastro trasportatore<\/h3>\n<p>Questo<strong> tostapane a nastro trasportatore<\/strong> Di <strong><span style=\"color: #ff0000;\">A<\/span><span style=\"color: #0000ff;\">R<\/span>C<\/strong> \u00c8 adatto praticamente a tutte le cucine commerciali, veloce, efficiente e facile da usare. Pu\u00f2 preparare fino a 300 fette di pane all&#039;ora. Questo <strong>Griglia per tostapane<\/strong> Ha sette velocit\u00e0 regolabili e tre modalit\u00e0 di tostatura per controllare il colore e la freschezza del pane. Lascia che l&#039;irresistibile aroma del pane tostato caldo e dorato tenti i tuoi clienti. Questo <strong>tostapane per il pane<\/strong> \u00c8 ideale per bar, buffet e caffetterie. Evita di far aspettare i tuoi clienti!<\/p>\n<p>Lui <strong>griglia con nastro adesivo <span style=\"color: #ff0000;\">A<\/span><span style=\"color: #0000ff;\">R<\/span>CTPC300<\/strong> \u00a0\u00c8 realizzato in materiale alimentare ed \u00e8 inoltre fortificato per lunghi periodi di utilizzo e garantisce resistenza alla corrosione. Con questo <strong>tostapane industriale<\/strong> Il processo di cottura, manutenzione e pulizia sar\u00e0 facile grazie alle sue parti rimovibili.<\/p>\n<p>Nostro <strong>cintura per tostapane <span style=\"color: #ff0000;\">A<\/span><span style=\"color: #0000ff;\">R<\/span>C<\/strong> Pu\u00f2 tostare fino a 300 fette di pane all&#039;ora. Puoi regolare la velocit\u00e0 del nastro per controllare la tostatura del pane, 7 diverse consistenze di pane tra cui scegliere. Lui <strong>griglia con nastro adesivo<\/strong> \u00c8 adatto per 3 diverse modalit\u00e0 di tostatura per garantire che il pane sia perfettamente croccante.<\/p>\n<p>Dispone di aperture di ventilazione per un&#039;efficace dissipazione del calore. Con questo <strong>tostapane alla griglia <span style=\"color: #ff0000;\">A<\/span><span style=\"color: #0000ff;\">R<\/span>CTPC300<\/strong> Un vassoio raccoglibriciole rimovibile \u00e8 incluso per una facile pulizia. Questo <strong>forno per arrostire<\/strong> \u00c8 dotato di una rete a catena per alimenti che pu\u00f2 distribuire il pane in modo rapido e senza intoppi. Quattro piedini antiscivolo che mantengono il <strong>stufa con nastro adesivo<\/strong>. Presenta la possibilit\u00e0 di erogare il pane dalla tramoggia anteriore o posteriore, gli utenti possono cambiare a piacimento per soddisfare le diverse esigenze.<\/p>\n<h6><strong>Garanzia\u00a0<span style=\"color: #ff0000;\">A<\/span><span style=\"color: #0000ff;\">R<\/span>C 2 ANNI<\/strong><\/h6>\n<h6>\u00a0<span style=\"color: #008000;\">Tostapane con cinghia efficiente, basso consumo 1800w<\/span><\/h6>\n<h6><strong>supporto tecnico incluso<\/strong><\/h6>\n<p>&nbsp;<\/p>\n<table role=\"presentation\" width=\"100%\" cellspacing=\"0\" cellpadding=\"0\">\n<tbody>\n<tr>\n<td class=\"attrLabels\">Marca:<\/td>\n<td width=\"50.0%\">ARCO<\/td>\n<\/tr>\n<tr>\n<td class=\"attrLabels\">Garanzia:<\/td>\n<td width=\"50.0%\">2 anni<\/td>\n<td class=\"attrLabels\">Peso:<\/td>\n<td width=\"50.0%\">16 kg<\/td>\n<\/tr>\n<tr>\n<td class=\"attrLabels\">Paese di distribuzione:<\/td>\n<td width=\"50.0%\">Spagna, Germania, Stati Uniti<\/td>\n<td class=\"attrLabels\">Altezza:<\/td>\n<td width=\"50.0%\">38,7 cm<\/td>\n<\/tr>\n<tr>\n<td class=\"attrLabels\">Colore:<\/td>\n<td width=\"50.0%\">Argento<\/td>\n<td class=\"attrLabels\">Lungo:<\/td>\n<td width=\"50.0%\">36,8 centimetri<\/td>\n<\/tr>\n<tr>\n<td class=\"attrLabels\">Tipo di prodotto:<\/td>\n<td width=\"50.0%\">Tostapane con nastro adesivo<\/td>\n<td class=\"attrLabels\">Ampio:<\/td>\n<td width=\"50.0%\">\u00a041,8 centimetri<\/td>\n<\/tr>\n<tr>\n<td class=\"attrLabels\">Numero del produttore:<\/td>\n<td width=\"50.0%\">ARCTPC300<\/td>\n<td class=\"attrLabels\">Produzione:<\/td>\n<td width=\"50.0%\">300 pezzi all&#039;ora<\/td>\n<\/tr>\n<tr>\n<td class=\"attrLabels\">Materiale:<\/td>\n<td width=\"50.0%\">acciaio inossidabile, nastro trasportatore, riscaldatore a infrarossi, vassoio raccogli briciole<\/td>\n<td class=\"attrLabels\">Intervallo di temperatura:<\/td>\n<td width=\"50.0%\">30\u00baC \u2013 250\u00baC<\/td>\n<\/tr>\n<tr>\n<td class=\"attrLabels\">Energia:<\/td>\n<td width=\"50.0%\">1800 W<\/td>\n<td class=\"attrLabels\">Regolamento:<\/td>\n<td width=\"50.0%\">7 temperature per tostature diverse<\/td>\n<\/tr>\n<tr>\n<td class=\"attrLabels\">voltaggio:<\/td>\n<td width=\"50.0%\">220 V da 50 Hz a 60 Hz<\/td>\n<td class=\"attrLabels\">Strumenti di installazione:<\/td>\n<td width=\"50.0%\">S\u00ec<\/td>\n<\/tr>\n<\/tbody>\n<\/table>\n<p>&nbsp;<\/p>","protected":false},"excerpt":{"rendered":"<h2>Tostapane grill con nastro trasportatore<\/h2>\n<p>Questo <strong>tostapane a nastro trasportatore<\/strong> Di <strong><span style=\"color: #ff0000;\">A<\/span><span style=\"color: #0000ff;\">R<\/span>C<\/strong> \u00c8 adatto praticamente a tutte le cucine commerciali, veloce, efficiente e facile da usare. Pu\u00f2 preparare fino a 300 fette di pane all&#039;ora. Questo <strong>Griglia per tostapane<\/strong> Ha sette velocit\u00e0 regolabili e tre modalit\u00e0 di tostatura per controllare il colore e la freschezza del pane. Lascia che l&#039;irresistibile aroma del pane tostato caldo e dorato tenti i tuoi clienti. Questo <strong>tostapane per il pane<\/strong> \u00c8 ideale per bar, buffet e caffetterie. Evita di far aspettare i tuoi clienti!<\/p>\n<h6><strong>Garanzia\u00a0<span style=\"color: #ff0000;\">A<\/span><span style=\"color: #0000ff;\">R<\/span>C 2 ANNI<\/strong><\/h6>\n<h6>\u00a0<span style=\"color: #008000;\">Tostapane con cinghia efficiente, basso consumo 1800w<\/span><\/h6>\n<h6><strong>supporto tecnico incluso<\/strong><\/h6>","protected":false},"featured_media":4305,"comment_status":"open","ping_status":"closed","template":"","meta":{"wds_primary_product_brand":0,"wds_primary_product_cat":0},"product_brand":[],"product_cat":[40,53],"product_tag":[],"class_list":{"0":"post-4303","1":"product","2":"type-product","3":"status-publish","4":"has-post-thumbnail","6":"product_cat-hornos","7":"product_cat-panaderia-y-pasteleria-industrial","8":"product_shipping_class-hosteleria","10":"first","11":"instock","12":"sale","13":"taxable","14":"shipping-taxable","15":"purchasable","16":"product-type-simple"},"yoast_head":"<!-- This site is optimized with the Yoast SEO Premium plugin v24.9 (Yoast SEO v26.1) - https:\/\/yoast.com\/wordpress\/plugins\/seo\/ -->\n<title>Tostador grill con cinta transportadora - distribuci\u00f3n ARC<\/title>\n<meta name=\"robots\" content=\"index, follow, max-snippet:-1, max-image-preview:large, max-video-preview:-1\" \/>\n<link rel=\"canonical\" href=\"https:\/\/www.distribucionarc.com\/hr\/producto\/tostador-grill-con-cinta-transportadora\/\" \/>\n<meta property=\"og:locale\" content=\"it_IT\" \/>\n<meta property=\"og:type\" content=\"article\" \/>\n<meta property=\"og:title\" content=\"Tostador grill con cinta transportadora\" \/>\n<meta property=\"og:description\" content=\"Tostador grill con cinta transportadora Esta tostadora con cinta transportadora de ARC es adecuada para pr\u00e1cticamente todas las cocinas comerciales r\u00e1pida, eficiente y f\u00e1cil de usar. Puede preparar hasta 300 rebanadas de pan por hora. Este Grill tostador dispone de siete velocidades ajustables y tres modos de tostado para controlar el color y la frescura del pan. Deje que el aroma irresistible del pan tostado c\u00e1lido y dorado tiente a sus clientes. Esta Tostadora de pan es ideal para caf\u00e9s, buf\u00e9s y cafeter\u00edas. \u00a1Evite que sus clientes esperen! Garant\u00eda\u00a0ARC 2 A\u00d1OS \u00a0Tostadora con cinta eficiente, bajo consumo 1800w soporte t\u00e9cnico incluido\" \/>\n<meta property=\"og:url\" content=\"https:\/\/www.distribucionarc.com\/hr\/producto\/tostador-grill-con-cinta-transportadora\/\" \/>\n<meta property=\"og:site_name\" content=\"distribuci\u00f3n ARC\" \/>\n<meta property=\"article:modified_time\" content=\"2021-01-28T11:21:18+00:00\" \/>\n<meta property=\"og:image\" content=\"https:\/\/www.distribucionarc.com\/wp-content\/uploads\/2021\/01\/Tostador-grill-con-cinta-transportadora-0.jpg\" \/>\n\t<meta property=\"og:image:width\" content=\"1600\" \/>\n\t<meta property=\"og:image:height\" content=\"1600\" \/>\n\t<meta property=\"og:image:type\" content=\"image\/jpeg\" \/>\n<meta name=\"twitter:card\" content=\"summary_large_image\" \/>\n<meta name=\"twitter:label1\" content=\"Tempo di lettura stimato\" \/>\n\t<meta name=\"twitter:data1\" content=\"2 minuti\" \/>\n<script type=\"application\/ld+json\" class=\"yoast-schema-graph\">{\"@context\":\"https:\/\/schema.org\",\"@graph\":[{\"@type\":\"WebPage\",\"@id\":\"https:\/\/www.distribucionarc.com\/hr\/producto\/tostador-grill-con-cinta-transportadora\/\",\"url\":\"https:\/\/www.distribucionarc.com\/hr\/producto\/tostador-grill-con-cinta-transportadora\/\",\"name\":\"Tostador grill con cinta transportadora - distribuci\u00f3n ARC\",\"isPartOf\":{\"@id\":\"https:\/\/www.distribucionarc.com\/sl\/#website\"},\"primaryImageOfPage\":{\"@id\":\"https:\/\/www.distribucionarc.com\/hr\/producto\/tostador-grill-con-cinta-transportadora\/#primaryimage\"},\"image\":{\"@id\":\"https:\/\/www.distribucionarc.com\/hr\/producto\/tostador-grill-con-cinta-transportadora\/#primaryimage\"},\"thumbnailUrl\":\"https:\/\/distribucionarc.com\/wp-content\/uploads\/2021\/01\/Tostador-grill-con-cinta-transportadora-0.jpg\",\"datePublished\":\"2021-01-28T11:21:17+00:00\",\"dateModified\":\"2021-01-28T11:21:18+00:00\",\"breadcrumb\":{\"@id\":\"https:\/\/www.distribucionarc.com\/hr\/producto\/tostador-grill-con-cinta-transportadora\/#breadcrumb\"},\"inLanguage\":\"it-IT\",\"potentialAction\":[{\"@type\":\"ReadAction\",\"target\":[\"https:\/\/www.distribucionarc.com\/hr\/producto\/tostador-grill-con-cinta-transportadora\/\"]}]},{\"@type\":\"ImageObject\",\"inLanguage\":\"it-IT\",\"@id\":\"https:\/\/www.distribucionarc.com\/hr\/producto\/tostador-grill-con-cinta-transportadora\/#primaryimage\",\"url\":\"https:\/\/distribucionarc.com\/wp-content\/uploads\/2021\/01\/Tostador-grill-con-cinta-transportadora-0.jpg\",\"contentUrl\":\"https:\/\/distribucionarc.com\/wp-content\/uploads\/2021\/01\/Tostador-grill-con-cinta-transportadora-0.jpg\",\"width\":1600,\"height\":1600,\"caption\":\"Tostador grill con cinta transportadora\"},{\"@type\":\"BreadcrumbList\",\"@id\":\"https:\/\/www.distribucionarc.com\/hr\/producto\/tostador-grill-con-cinta-transportadora\/#breadcrumb\",\"itemListElement\":[{\"@type\":\"ListItem\",\"position\":1,\"name\":\"Portada\",\"item\":\"https:\/\/www.distribucionarc.com\/\"},{\"@type\":\"ListItem\",\"position\":2,\"name\":\"\u00dcr\u00fcnler\",\"item\":\"https:\/\/www.distribucionarc.com\/tr\/magaza\/\"},{\"@type\":\"ListItem\",\"position\":3,\"name\":\"Tostador grill con cinta transportadora\"}]},{\"@type\":\"WebSite\",\"@id\":\"https:\/\/www.distribucionarc.com\/sl\/#website\",\"url\":\"https:\/\/www.distribucionarc.com\/sl\/\",\"name\":\"distribuci\u00f3n ARC\",\"description\":\"Empresa especializada en la fabricaci\u00f3n y distribuci\u00f3n de maquinaria industrial, selladoras de latas, Maquinas de hacer pastillas, Maquinas de cortar carne...\",\"publisher\":{\"@id\":\"https:\/\/www.distribucionarc.com\/sl\/#organization\"},\"potentialAction\":[{\"@type\":\"SearchAction\",\"target\":{\"@type\":\"EntryPoint\",\"urlTemplate\":\"https:\/\/www.distribucionarc.com\/sl\/?s={search_term_string}\"},\"query-input\":{\"@type\":\"PropertyValueSpecification\",\"valueRequired\":true,\"valueName\":\"search_term_string\"}}],\"inLanguage\":\"it-IT\"},{\"@type\":\"Organization\",\"@id\":\"https:\/\/www.distribucionarc.com\/sl\/#organization\",\"name\":\"Distribuci\u00f3n ARC\",\"url\":\"https:\/\/www.distribucionarc.com\/sl\/\",\"logo\":{\"@type\":\"ImageObject\",\"inLanguage\":\"it-IT\",\"@id\":\"https:\/\/www.distribucionarc.com\/sl\/#\/schema\/logo\/image\/\",\"url\":\"https:\/\/distribucionarc.com\/wp-content\/uploads\/2024\/10\/distribucion-ARC-COLOR-SIN-FONDO-e1732295305345.png\",\"contentUrl\":\"https:\/\/distribucionarc.com\/wp-content\/uploads\/2024\/10\/distribucion-ARC-COLOR-SIN-FONDO-e1732295305345.png\",\"width\":1164,\"height\":558,\"caption\":\"Distribuci\u00f3n ARC\"},\"image\":{\"@id\":\"https:\/\/www.distribucionarc.com\/sl\/#\/schema\/logo\/image\/\"},\"description\":\"Empresa especializada en la fabricaci\u00f3n y distribuci\u00f3n de maquinaria industrial para los sectores alimentario y farmac\u00e9utico. Nos especializamos en: M\u00e1quinas de cortar carne Fabricaci\u00f3n de comprimidos Sistemas de transporte industrial L\u00edneas de embotellado Dosificadores Y mucho m\u00e1s... Ofrecemos soluciones innovadoras y personalizadas para optimizar los procesos productivos de tu empresa.\",\"email\":\"Admistracion@distribucionarc.com\",\"telephone\":\"+34 643496664\",\"legalName\":\"ARC TECH SOLUTIONS\",\"foundingDate\":\"2024-04-09\",\"vatID\":\"B55480172\",\"numberOfEmployees\":{\"@type\":\"QuantitativeValue\",\"minValue\":\"1\",\"maxValue\":\"10\"}}]}<\/script>\n<!-- \/ Yoast SEO Premium plugin. -->","yoast_head_json":{"title":"Tostiera grill con nastro trasportatore - distribuzione ARC","robots":{"index":"index","follow":"follow","max-snippet":"max-snippet:-1","max-image-preview":"max-image-preview:large","max-video-preview":"max-video-preview:-1"},"canonical":"https:\/\/www.distribucionarc.com\/hr\/producto\/tostador-grill-con-cinta-transportadora\/","og_locale":"it_IT","og_type":"article","og_title":"Tostador grill con cinta transportadora","og_description":"Tostador grill con cinta transportadora Esta tostadora con cinta transportadora de ARC es adecuada para pr\u00e1cticamente todas las cocinas comerciales r\u00e1pida, eficiente y f\u00e1cil de usar. Puede preparar hasta 300 rebanadas de pan por hora. Este Grill tostador dispone de siete velocidades ajustables y tres modos de tostado para controlar el color y la frescura del pan. Deje que el aroma irresistible del pan tostado c\u00e1lido y dorado tiente a sus clientes. Esta Tostadora de pan es ideal para caf\u00e9s, buf\u00e9s y cafeter\u00edas. \u00a1Evite que sus clientes esperen! Garant\u00eda\u00a0ARC 2 A\u00d1OS \u00a0Tostadora con cinta eficiente, bajo consumo 1800w soporte t\u00e9cnico incluido","og_url":"https:\/\/www.distribucionarc.com\/hr\/producto\/tostador-grill-con-cinta-transportadora\/","og_site_name":"distribuci\u00f3n ARC","article_modified_time":"2021-01-28T11:21:18+00:00","og_image":[{"width":1600,"height":1600,"url":"https:\/\/www.distribucionarc.com\/wp-content\/uploads\/2021\/01\/Tostador-grill-con-cinta-transportadora-0.jpg","type":"image\/jpeg"}],"twitter_card":"summary_large_image","twitter_misc":{"Tempo di lettura stimato":"2 minuti"},"schema":{"@context":"https:\/\/schema.org","@graph":[{"@type":"WebPage","@id":"https:\/\/www.distribucionarc.com\/hr\/producto\/tostador-grill-con-cinta-transportadora\/","url":"https:\/\/www.distribucionarc.com\/hr\/producto\/tostador-grill-con-cinta-transportadora\/","name":"Tostiera grill con nastro trasportatore - distribuzione ARC","isPartOf":{"@id":"https:\/\/www.distribucionarc.com\/sl\/#website"},"primaryImageOfPage":{"@id":"https:\/\/www.distribucionarc.com\/hr\/producto\/tostador-grill-con-cinta-transportadora\/#primaryimage"},"image":{"@id":"https:\/\/www.distribucionarc.com\/hr\/producto\/tostador-grill-con-cinta-transportadora\/#primaryimage"},"thumbnailUrl":"https:\/\/distribucionarc.com\/wp-content\/uploads\/2021\/01\/Tostador-grill-con-cinta-transportadora-0.jpg","datePublished":"2021-01-28T11:21:17+00:00","dateModified":"2021-01-28T11:21:18+00:00","breadcrumb":{"@id":"https:\/\/www.distribucionarc.com\/hr\/producto\/tostador-grill-con-cinta-transportadora\/#breadcrumb"},"inLanguage":"it-IT","potentialAction":[{"@type":"ReadAction","target":["https:\/\/www.distribucionarc.com\/hr\/producto\/tostador-grill-con-cinta-transportadora\/"]}]},{"@type":"ImageObject","inLanguage":"it-IT","@id":"https:\/\/www.distribucionarc.com\/hr\/producto\/tostador-grill-con-cinta-transportadora\/#primaryimage","url":"https:\/\/distribucionarc.com\/wp-content\/uploads\/2021\/01\/Tostador-grill-con-cinta-transportadora-0.jpg","contentUrl":"https:\/\/distribucionarc.com\/wp-content\/uploads\/2021\/01\/Tostador-grill-con-cinta-transportadora-0.jpg","width":1600,"height":1600,"caption":"Tostador grill con cinta transportadora"},{"@type":"BreadcrumbList","@id":"https:\/\/www.distribucionarc.com\/hr\/producto\/tostador-grill-con-cinta-transportadora\/#breadcrumb","itemListElement":[{"@type":"ListItem","position":1,"name":"Portada","item":"https:\/\/www.distribucionarc.com\/"},{"@type":"ListItem","position":2,"name":"\u00dcr\u00fcnler","item":"https:\/\/www.distribucionarc.com\/tr\/magaza\/"},{"@type":"ListItem","position":3,"name":"Tostador grill con cinta transportadora"}]},{"@type":"WebSite","@id":"https:\/\/www.distribucionarc.com\/sl\/#website","url":"https:\/\/www.distribucionarc.com\/sl\/","name":"Distribuzione dell&#039;ARCO","description":"Azienda specializzata nella produzione e distribuzione di macchinari industriali, macchine sigillatrici di lattine, macchine per la produzione di compresse, macchine per il taglio della carne...","publisher":{"@id":"https:\/\/www.distribucionarc.com\/sl\/#organization"},"potentialAction":[{"@type":"SearchAction","target":{"@type":"EntryPoint","urlTemplate":"https:\/\/www.distribucionarc.com\/sl\/?s={search_term_string}"},"query-input":{"@type":"PropertyValueSpecification","valueRequired":true,"valueName":"search_term_string"}}],"inLanguage":"it-IT"},{"@type":"Organization","@id":"https:\/\/www.distribucionarc.com\/sl\/#organization","name":"Distribuzione dell&#039;ARC","url":"https:\/\/www.distribucionarc.com\/sl\/","logo":{"@type":"ImageObject","inLanguage":"it-IT","@id":"https:\/\/www.distribucionarc.com\/sl\/#\/schema\/logo\/image\/","url":"https:\/\/distribucionarc.com\/wp-content\/uploads\/2024\/10\/distribucion-ARC-COLOR-SIN-FONDO-e1732295305345.png","contentUrl":"https:\/\/distribucionarc.com\/wp-content\/uploads\/2024\/10\/distribucion-ARC-COLOR-SIN-FONDO-e1732295305345.png","width":1164,"height":558,"caption":"Distribuci\u00f3n ARC"},"image":{"@id":"https:\/\/www.distribucionarc.com\/sl\/#\/schema\/logo\/image\/"},"description":"Azienda specializzata nella produzione e distribuzione di macchinari industriali per il settore alimentare e farmaceutico. Siamo specializzati in: Macchine per il taglio della carne Produzione di compresse Sistemi di trasporto industriale Linee di imbottigliamento Dispenser E molto altro ancora... Offriamo soluzioni innovative e personalizzate per ottimizzare i processi produttivi della vostra azienda.","email":"Admistracion@distribucionarc.com","telephone":"+34 643496664","legalName":"ARC TECH SOLUTIONS","foundingDate":"2024-04-09","vatID":"B55480172","numberOfEmployees":{"@type":"QuantitativeValue","minValue":"1","maxValue":"10"}}]}},"_links":{"self":[{"href":"https:\/\/distribucionarc.com\/it\/wp-json\/wp\/v2\/product\/4303","targetHints":{"allow":["GET"]}}],"collection":[{"href":"https:\/\/distribucionarc.com\/it\/wp-json\/wp\/v2\/product"}],"about":[{"href":"https:\/\/distribucionarc.com\/it\/wp-json\/wp\/v2\/types\/product"}],"replies":[{"embeddable":true,"href":"https:\/\/distribucionarc.com\/it\/wp-json\/wp\/v2\/comments?post=4303"}],"version-history":[{"count":0,"href":"https:\/\/distribucionarc.com\/it\/wp-json\/wp\/v2\/product\/4303\/revisions"}],"wp:featuredmedia":[{"embeddable":true,"href":"https:\/\/distribucionarc.com\/it\/wp-json\/wp\/v2\/media\/4305"}],"wp:attachment":[{"href":"https:\/\/distribucionarc.com\/it\/wp-json\/wp\/v2\/media?parent=4303"}],"wp:term":[{"taxonomy":"product_brand","embeddable":true,"href":"https:\/\/distribucionarc.com\/it\/wp-json\/wp\/v2\/product_brand?post=4303"},{"taxonomy":"product_cat","embeddable":true,"href":"https:\/\/distribucionarc.com\/it\/wp-json\/wp\/v2\/product_cat?post=4303"},{"taxonomy":"product_tag","embeddable":true,"href":"https:\/\/distribucionarc.com\/it\/wp-json\/wp\/v2\/product_tag?post=4303"}],"curies":[{"name":"wp","href":"https:\/\/api.w.org\/{rel}","templated":true}]}}