{"id":4330,"date":"2021-01-28T15:10:44","date_gmt":"2021-01-28T15:10:44","guid":{"rendered":"https:\/\/distribucionarc.com\/?post_type=product&#038;p=4330"},"modified":"2021-01-28T15:10:44","modified_gmt":"2021-01-28T15:10:44","slug":"taglierina-affettatrice-multifunzionale","status":"publish","type":"product","link":"https:\/\/distribucionarc.com\/it\/producto\/cortador-de-rodajas-multifuncional\/","title":{"rendered":"Affettatrice multifunzione"},"content":{"rendered":"<h3>Affettatrice multifunzione<\/h3>\n<p>Le lame di questo <strong>affettatrice per frutta<\/strong> Sono realizzati in acciaio inossidabile 420, sono affilati e resistenti e tagliano vari tipi di frutta e verdura (cipolle, patate, limoni, cipollotti, ecc.) in pezzi, strisce e cubetti uniformi. Il corpo principale di questo <strong>affetta limone<span style=\"color: #ff0000;\"> A<\/span><span style=\"color: #0000ff;\">R<\/span>CCRM64<\/strong> \u00c8 progettato in alluminio pressofuso, \u00e8 leggero, robusto, durevole e facile da trasportare. L&#039;intera taglierina a pressione pu\u00f2 essere sciacquata direttamente con acqua.<\/p>\n<p>La lunga maniglia della leva, con una distanza sufficiente per muoversi e facile da impugnare, consente di risparmiare tempo e fatica. Con questo<strong> Affettatrice <span style=\"color: #ff0000;\">A<\/span><span style=\"color: #0000ff;\">R<\/span>CCRM64<\/strong>, pu\u00f2 tagliare pi\u00f9 facilmente anche i materiali duri. Il vassoio in dotazione mantiene fermi i prodotti tagliati ed evita che il succo di frutta\/verdura schizzi durante il taglio.<\/p>\n<p>IL <strong>affetta limone<\/strong> \u00c8 dotato di quattro piedini antiscivolo per una maggiore resistenza allo scivolamento. Il materiale in gomma riduce le vibrazioni grazie all&#039;elasticit\u00e0. In questo modo \u00e8 possibile ridurre anche il rumore, rendendo il processo di taglio fluido e stabile. Questo tagliacipolle \u00e8 particolarmente adatto per frutta e verdura.<\/p>\n<h6><strong>Garanzia\u00a0<span style=\"color: #ff0000;\">A<\/span><span style=\"color: #0000ff;\">R<\/span>C 2 ANNI<\/strong><\/h6>\n<h6><strong>supporto tecnico incluso<\/strong><\/h6>\n<p>&nbsp;<\/p>\n<table width=\"100%\">\n<tbody>\n<tr>\n<td>Marca:<\/td>\n<td width=\"32%\">ARCO<\/td>\n<td>Peso:<\/td>\n<td width=\"30%\">8,9 kg<\/td>\n<\/tr>\n<tr>\n<td>Paese di distribuzione:<\/td>\n<td width=\"32%\">Spagna, Germania, Stati Uniti<\/td>\n<td>Altezza:<\/td>\n<td width=\"30%\">80,2 centimetri<\/td>\n<\/tr>\n<tr>\n<td>Colore:<\/td>\n<td width=\"32%\">Argento<\/td>\n<td>Lungo:<\/td>\n<td width=\"30%\">25,9 centimetri<\/td>\n<\/tr>\n<tr>\n<td>Tipo di prodotto:<\/td>\n<td width=\"32%\">Taglierina affettatrice<\/td>\n<td>Ampio:<\/td>\n<td width=\"30%\">49,5 centimetri<\/td>\n<\/tr>\n<tr>\n<td>Numero del produttore:<\/td>\n<td width=\"32%\">ARCCRM64<\/td>\n<td>Lama da taglio:<\/td>\n<td width=\"30%\">Acciaio inossidabile. 420<\/td>\n<\/tr>\n<tr>\n<td>Materiale:<\/td>\n<td width=\"32%\">acciaio inossidabile<\/td>\n<td>Quantit\u00e0 di taglio:<\/td>\n<td width=\"30%\">15 fette<\/td>\n<\/tr>\n<tr>\n<td>Dimensioni del taglio:<\/td>\n<td width=\"32%\">6,5 millimetri<\/td>\n<td>Garanzia:<\/td>\n<td width=\"30%\">2 ANNI<\/td>\n<\/tr>\n<\/tbody>\n<\/table>\n<p>&nbsp;<\/p>","protected":false},"excerpt":{"rendered":"<h2>Affettatrice multifunzione<\/h2>\n<p>Con questa resistenza <strong>taglia limone<\/strong> pu\u00f2 far risparmiare tempo, fatica e creare fette uniformi. Questo <strong>taglierina industriale <span style=\"color: #ff0000;\">A<\/span><span style=\"color: #0000ff;\">R<\/span>C<\/strong> \u00c8 facile da usare. Basta posizionare la frutta o la verdura tra le lame e premere verso il basso l&#039;impugnatura ergonomica. Realizzato in alluminio resistente e acciaio inossidabile, <strong>affettatrice per verdure<\/strong> garantisce un utilizzo a lungo termine, uno strumento sicuro ed efficiente per cucine commerciali e private.<\/p>\n<h6><strong>Garanzia\u00a0<span style=\"color: #ff0000;\">A<\/span><span style=\"color: #0000ff;\">R<\/span>C 2 ANNI<\/strong><\/h6>\n<h6><strong>supporto tecnico incluso<\/strong><\/h6>","protected":false},"featured_media":4331,"comment_status":"open","ping_status":"closed","template":"","meta":{"wds_primary_product_brand":0,"wds_primary_product_cat":0},"product_brand":[],"product_cat":[43],"product_tag":[],"class_list":{"0":"post-4330","1":"product","2":"type-product","3":"status-publish","4":"has-post-thumbnail","6":"product_cat-cortadoras-de-alimentos","7":"product_shipping_class-hosteleria","9":"first","10":"instock","11":"sale","12":"taxable","13":"shipping-taxable","14":"purchasable","15":"product-type-simple"},"yoast_head":"<!-- This site is optimized with the Yoast SEO Premium plugin v24.9 (Yoast SEO v26.1) - https:\/\/yoast.com\/wordpress\/plugins\/seo\/ -->\n<title>Cortador de rodajas multifuncional - distribuci\u00f3n ARC<\/title>\n<meta name=\"robots\" content=\"index, follow, max-snippet:-1, max-image-preview:large, max-video-preview:-1\" \/>\n<link rel=\"canonical\" href=\"https:\/\/distribucionarc.com\/it\/prodotto\/taglierina-affettatrice-multifunzionale\/\" \/>\n<meta property=\"og:locale\" content=\"it_IT\" \/>\n<meta property=\"og:type\" content=\"article\" \/>\n<meta property=\"og:title\" content=\"Cortador de rodajas multifuncional\" \/>\n<meta property=\"og:description\" content=\"Cortador de rodajas multifuncional Con este resistente cortador de limones puede ahorrar tiempo, trabajo y crear rodajas uniformes. Este cortador industrial ARC es f\u00e1cil de usar. Simplemente coloca la fruta o verdura entre las cuchillas y presiona el mango ergon\u00f3mico hacia abajo. Hecho de aluminio duradero y acero inoxidable el fileteador de verduras garantiza un uso a largo plazo, una herramienta segura y eficiente para cocinas comerciales y privadas. Garant\u00eda\u00a0ARC 2 A\u00d1OS soporte t\u00e9cnico incluido\" \/>\n<meta property=\"og:url\" content=\"https:\/\/distribucionarc.com\/it\/prodotto\/taglierina-affettatrice-multifunzionale\/\" \/>\n<meta property=\"og:site_name\" content=\"distribuci\u00f3n ARC\" \/>\n<meta property=\"og:image\" content=\"https:\/\/distribucionarc.com\/wp-content\/uploads\/2021\/01\/Cortador-de-rodajas-multifuncional-0.jpg\" \/>\n\t<meta property=\"og:image:width\" content=\"1600\" \/>\n\t<meta property=\"og:image:height\" content=\"1600\" \/>\n\t<meta property=\"og:image:type\" content=\"image\/jpeg\" \/>\n<meta name=\"twitter:card\" content=\"summary_large_image\" \/>\n<meta name=\"twitter:label1\" content=\"Tempo di lettura stimato\" \/>\n\t<meta name=\"twitter:data1\" content=\"1 minuto\" \/>\n<script type=\"application\/ld+json\" class=\"yoast-schema-graph\">{\"@context\":\"https:\/\/schema.org\",\"@graph\":[{\"@type\":\"WebPage\",\"@id\":\"https:\/\/distribucionarc.com\/it\/producto\/cortador-de-rodajas-multifuncional\/\",\"url\":\"https:\/\/distribucionarc.com\/it\/producto\/cortador-de-rodajas-multifuncional\/\",\"name\":\"Cortador de rodajas multifuncional - distribuci\u00f3n ARC\",\"isPartOf\":{\"@id\":\"https:\/\/distribucionarc.com\/de\/#website\"},\"primaryImageOfPage\":{\"@id\":\"https:\/\/distribucionarc.com\/it\/producto\/cortador-de-rodajas-multifuncional\/#primaryimage\"},\"image\":{\"@id\":\"https:\/\/distribucionarc.com\/it\/producto\/cortador-de-rodajas-multifuncional\/#primaryimage\"},\"thumbnailUrl\":\"https:\/\/distribucionarc.com\/wp-content\/uploads\/2021\/01\/Cortador-de-rodajas-multifuncional-0.jpg\",\"datePublished\":\"2021-01-28T15:10:44+00:00\",\"breadcrumb\":{\"@id\":\"https:\/\/distribucionarc.com\/it\/producto\/cortador-de-rodajas-multifuncional\/#breadcrumb\"},\"inLanguage\":\"it-IT\",\"potentialAction\":[{\"@type\":\"ReadAction\",\"target\":[\"https:\/\/distribucionarc.com\/it\/producto\/cortador-de-rodajas-multifuncional\/\"]}]},{\"@type\":\"ImageObject\",\"inLanguage\":\"it-IT\",\"@id\":\"https:\/\/distribucionarc.com\/it\/producto\/cortador-de-rodajas-multifuncional\/#primaryimage\",\"url\":\"https:\/\/distribucionarc.com\/wp-content\/uploads\/2021\/01\/Cortador-de-rodajas-multifuncional-0.jpg\",\"contentUrl\":\"https:\/\/distribucionarc.com\/wp-content\/uploads\/2021\/01\/Cortador-de-rodajas-multifuncional-0.jpg\",\"width\":1600,\"height\":1600,\"caption\":\"Cortador de rodajas multifuncional\"},{\"@type\":\"BreadcrumbList\",\"@id\":\"https:\/\/distribucionarc.com\/it\/producto\/cortador-de-rodajas-multifuncional\/#breadcrumb\",\"itemListElement\":[{\"@type\":\"ListItem\",\"position\":1,\"name\":\"Portada\",\"item\":\"https:\/\/distribucionarc.com\/pl\/\"},{\"@type\":\"ListItem\",\"position\":2,\"name\":\"Produkty\",\"item\":\"https:\/\/distribucionarc.com\/pl\/shop\/\"},{\"@type\":\"ListItem\",\"position\":3,\"name\":\"Cortador de rodajas multifuncional\"}]},{\"@type\":\"WebSite\",\"@id\":\"https:\/\/distribucionarc.com\/de\/#website\",\"url\":\"https:\/\/distribucionarc.com\/de\/\",\"name\":\"distribuci\u00f3n ARC\",\"description\":\"Empresa especializada en la fabricaci\u00f3n y distribuci\u00f3n de maquinaria industrial, selladoras de latas, Maquinas de hacer pastillas, Maquinas de cortar carne...\",\"publisher\":{\"@id\":\"https:\/\/distribucionarc.com\/de\/#organization\"},\"potentialAction\":[{\"@type\":\"SearchAction\",\"target\":{\"@type\":\"EntryPoint\",\"urlTemplate\":\"https:\/\/distribucionarc.com\/de\/?s={search_term_string}\"},\"query-input\":{\"@type\":\"PropertyValueSpecification\",\"valueRequired\":true,\"valueName\":\"search_term_string\"}}],\"inLanguage\":\"it-IT\"},{\"@type\":\"Organization\",\"@id\":\"https:\/\/distribucionarc.com\/de\/#organization\",\"name\":\"Distribuci\u00f3n ARC\",\"url\":\"https:\/\/distribucionarc.com\/de\/\",\"logo\":{\"@type\":\"ImageObject\",\"inLanguage\":\"it-IT\",\"@id\":\"https:\/\/distribucionarc.com\/de\/#\/schema\/logo\/image\/\",\"url\":\"https:\/\/distribucionarc.com\/wp-content\/uploads\/2024\/10\/distribucion-ARC-COLOR-SIN-FONDO-e1732295305345.png\",\"contentUrl\":\"https:\/\/distribucionarc.com\/wp-content\/uploads\/2024\/10\/distribucion-ARC-COLOR-SIN-FONDO-e1732295305345.png\",\"width\":1164,\"height\":558,\"caption\":\"Distribuci\u00f3n ARC\"},\"image\":{\"@id\":\"https:\/\/distribucionarc.com\/de\/#\/schema\/logo\/image\/\"},\"description\":\"Empresa especializada en la fabricaci\u00f3n y distribuci\u00f3n de maquinaria industrial para los sectores alimentario y farmac\u00e9utico. Nos especializamos en: M\u00e1quinas de cortar carne Fabricaci\u00f3n de comprimidos Sistemas de transporte industrial L\u00edneas de embotellado Dosificadores Y mucho m\u00e1s... Ofrecemos soluciones innovadoras y personalizadas para optimizar los procesos productivos de tu empresa.\",\"email\":\"Admistracion@distribucionarc.com\",\"telephone\":\"+34 643496664\",\"legalName\":\"ARC TECH SOLUTIONS\",\"foundingDate\":\"2024-04-09\",\"vatID\":\"B55480172\",\"numberOfEmployees\":{\"@type\":\"QuantitativeValue\",\"minValue\":\"1\",\"maxValue\":\"10\"}}]}<\/script>\n<!-- \/ Yoast SEO Premium plugin. -->","yoast_head_json":{"title":"Affettatrice multifunzionale - Distribuzione ARC","robots":{"index":"index","follow":"follow","max-snippet":"max-snippet:-1","max-image-preview":"max-image-preview:large","max-video-preview":"max-video-preview:-1"},"canonical":"https:\/\/distribucionarc.com\/it\/prodotto\/taglierina-affettatrice-multifunzionale\/","og_locale":"it_IT","og_type":"article","og_title":"Cortador de rodajas multifuncional","og_description":"Cortador de rodajas multifuncional Con este resistente cortador de limones puede ahorrar tiempo, trabajo y crear rodajas uniformes. Este cortador industrial ARC es f\u00e1cil de usar. Simplemente coloca la fruta o verdura entre las cuchillas y presiona el mango ergon\u00f3mico hacia abajo. Hecho de aluminio duradero y acero inoxidable el fileteador de verduras garantiza un uso a largo plazo, una herramienta segura y eficiente para cocinas comerciales y privadas. Garant\u00eda\u00a0ARC 2 A\u00d1OS soporte t\u00e9cnico incluido","og_url":"https:\/\/distribucionarc.com\/it\/prodotto\/taglierina-affettatrice-multifunzionale\/","og_site_name":"distribuci\u00f3n ARC","og_image":[{"width":1600,"height":1600,"url":"https:\/\/distribucionarc.com\/wp-content\/uploads\/2021\/01\/Cortador-de-rodajas-multifuncional-0.jpg","type":"image\/jpeg"}],"twitter_card":"summary_large_image","twitter_misc":{"Tempo di lettura stimato":"1 minuto"},"schema":{"@context":"https:\/\/schema.org","@graph":[{"@type":"WebPage","@id":"https:\/\/distribucionarc.com\/it\/producto\/cortador-de-rodajas-multifuncional\/","url":"https:\/\/distribucionarc.com\/it\/producto\/cortador-de-rodajas-multifuncional\/","name":"Affettatrice multifunzionale - Distribuzione ARC","isPartOf":{"@id":"https:\/\/distribucionarc.com\/de\/#website"},"primaryImageOfPage":{"@id":"https:\/\/distribucionarc.com\/it\/producto\/cortador-de-rodajas-multifuncional\/#primaryimage"},"image":{"@id":"https:\/\/distribucionarc.com\/it\/producto\/cortador-de-rodajas-multifuncional\/#primaryimage"},"thumbnailUrl":"https:\/\/distribucionarc.com\/wp-content\/uploads\/2021\/01\/Cortador-de-rodajas-multifuncional-0.jpg","datePublished":"2021-01-28T15:10:44+00:00","breadcrumb":{"@id":"https:\/\/distribucionarc.com\/it\/producto\/cortador-de-rodajas-multifuncional\/#breadcrumb"},"inLanguage":"it-IT","potentialAction":[{"@type":"ReadAction","target":["https:\/\/distribucionarc.com\/it\/producto\/cortador-de-rodajas-multifuncional\/"]}]},{"@type":"ImageObject","inLanguage":"it-IT","@id":"https:\/\/distribucionarc.com\/it\/producto\/cortador-de-rodajas-multifuncional\/#primaryimage","url":"https:\/\/distribucionarc.com\/wp-content\/uploads\/2021\/01\/Cortador-de-rodajas-multifuncional-0.jpg","contentUrl":"https:\/\/distribucionarc.com\/wp-content\/uploads\/2021\/01\/Cortador-de-rodajas-multifuncional-0.jpg","width":1600,"height":1600,"caption":"Cortador de rodajas multifuncional"},{"@type":"BreadcrumbList","@id":"https:\/\/distribucionarc.com\/it\/producto\/cortador-de-rodajas-multifuncional\/#breadcrumb","itemListElement":[{"@type":"ListItem","position":1,"name":"Portada","item":"https:\/\/distribucionarc.com\/pl\/"},{"@type":"ListItem","position":2,"name":"Produkty","item":"https:\/\/distribucionarc.com\/pl\/shop\/"},{"@type":"ListItem","position":3,"name":"Cortador de rodajas multifuncional"}]},{"@type":"WebSite","@id":"https:\/\/distribucionarc.com\/de\/#website","url":"https:\/\/distribucionarc.com\/de\/","name":"Distribuzione dell&#039;ARCO","description":"Azienda specializzata nella produzione e distribuzione di macchinari industriali, macchine sigillatrici di lattine, macchine per la produzione di compresse, macchine per il taglio della carne...","publisher":{"@id":"https:\/\/distribucionarc.com\/de\/#organization"},"potentialAction":[{"@type":"SearchAction","target":{"@type":"EntryPoint","urlTemplate":"https:\/\/distribucionarc.com\/de\/?s={search_term_string}"},"query-input":{"@type":"PropertyValueSpecification","valueRequired":true,"valueName":"search_term_string"}}],"inLanguage":"it-IT"},{"@type":"Organization","@id":"https:\/\/distribucionarc.com\/de\/#organization","name":"Distribuzione dell&#039;ARC","url":"https:\/\/distribucionarc.com\/de\/","logo":{"@type":"ImageObject","inLanguage":"it-IT","@id":"https:\/\/distribucionarc.com\/de\/#\/schema\/logo\/image\/","url":"https:\/\/distribucionarc.com\/wp-content\/uploads\/2024\/10\/distribucion-ARC-COLOR-SIN-FONDO-e1732295305345.png","contentUrl":"https:\/\/distribucionarc.com\/wp-content\/uploads\/2024\/10\/distribucion-ARC-COLOR-SIN-FONDO-e1732295305345.png","width":1164,"height":558,"caption":"Distribuci\u00f3n ARC"},"image":{"@id":"https:\/\/distribucionarc.com\/de\/#\/schema\/logo\/image\/"},"description":"Azienda specializzata nella produzione e distribuzione di macchinari industriali per il settore alimentare e farmaceutico. Siamo specializzati in: Macchine per il taglio della carne Produzione di compresse Sistemi di trasporto industriale Linee di imbottigliamento Dispenser E molto altro ancora... Offriamo soluzioni innovative e personalizzate per ottimizzare i processi produttivi della vostra azienda.","email":"Admistracion@distribucionarc.com","telephone":"+34 643496664","legalName":"ARC TECH SOLUTIONS","foundingDate":"2024-04-09","vatID":"B55480172","numberOfEmployees":{"@type":"QuantitativeValue","minValue":"1","maxValue":"10"}}]}},"_links":{"self":[{"href":"https:\/\/distribucionarc.com\/it\/wp-json\/wp\/v2\/product\/4330","targetHints":{"allow":["GET"]}}],"collection":[{"href":"https:\/\/distribucionarc.com\/it\/wp-json\/wp\/v2\/product"}],"about":[{"href":"https:\/\/distribucionarc.com\/it\/wp-json\/wp\/v2\/types\/product"}],"replies":[{"embeddable":true,"href":"https:\/\/distribucionarc.com\/it\/wp-json\/wp\/v2\/comments?post=4330"}],"version-history":[{"count":0,"href":"https:\/\/distribucionarc.com\/it\/wp-json\/wp\/v2\/product\/4330\/revisions"}],"wp:featuredmedia":[{"embeddable":true,"href":"https:\/\/distribucionarc.com\/it\/wp-json\/wp\/v2\/media\/4331"}],"wp:attachment":[{"href":"https:\/\/distribucionarc.com\/it\/wp-json\/wp\/v2\/media?parent=4330"}],"wp:term":[{"taxonomy":"product_brand","embeddable":true,"href":"https:\/\/distribucionarc.com\/it\/wp-json\/wp\/v2\/product_brand?post=4330"},{"taxonomy":"product_cat","embeddable":true,"href":"https:\/\/distribucionarc.com\/it\/wp-json\/wp\/v2\/product_cat?post=4330"},{"taxonomy":"product_tag","embeddable":true,"href":"https:\/\/distribucionarc.com\/it\/wp-json\/wp\/v2\/product_tag?post=4330"}],"curies":[{"name":"wp","href":"https:\/\/api.w.org\/{rel}","templated":true}]}}