{"id":4345,"date":"2021-01-29T10:05:10","date_gmt":"2021-01-29T10:05:10","guid":{"rendered":"https:\/\/distribucionarc.com\/?post_type=product&#038;p=4345"},"modified":"2021-01-29T10:05:10","modified_gmt":"2021-01-29T10:05:10","slug":"gonfiatore-per-mais-cereali-frumento-riso","status":"publish","type":"product","link":"https:\/\/distribucionarc.com\/it\/producto\/inflador-para-maiz-cereales-trigo-arroz\/","title":{"rendered":"Gonfiatore per mais, cereali, frumento, riso"},"content":{"rendered":"<h3>Gonfiatore per mais, cereali, frumento, riso<\/h3>\n<p>Con questo <strong>gonfiatore per snack <span style=\"color: #ff0000;\">A<\/span><span style=\"color: #0000ff;\">R<\/span>C<\/strong> pu\u00f2 preparare diversi cereali o spuntini. Grazie al tuo <strong>caldo gonfiato<\/strong> pu\u00f2 esaltare il sapore degli impasti a base di riso, grano, mais, ecc. Con questo <strong>estrusore di cereali <span style=\"color: #ff0000;\">A<\/span><span style=\"color: #0000ff;\">R<\/span>CIC35<\/strong> Puoi combinare diversi gusti per personalizzare il tuo prodotto. Richiede un motore diesel da 6 CV o un motore elettrico da 3,5 kW.<\/p>\n<p>Questo <strong>gonfiatore per snack<\/strong> Include 7 stampi per preparare diversi tipi di cereali o snack. Grazie al sistema di riscaldamento di questo <strong>estrusore per snack <span style=\"color: #ff0000;\">A<\/span><span style=\"color: #0000ff;\">R<\/span>C<\/strong> Puoi arricchire il tuo prodotto creando snack o cereali unici con il tuo tocco personale.<\/p>\n<h6><\/h6>\n<h6><strong>Garanzia\u00a0<span style=\"color: #ff0000;\">A<\/span><span style=\"color: #0000ff;\">R<\/span>C 2 ANNI<\/strong><\/h6>\n<h6><span style=\"color: #008000;\">Efficiente soffiatore per cereali, basso consumo 3,5 kW<\/span><\/h6>\n<h6><strong>supporto tecnico incluso<\/strong><\/h6>\n<hr \/>\n<p>Potenza richiesta: motore da 4-5,5 kW o diesel da 6 CV<\/p>\n<p>Velocit\u00e0 motore richiesta: 1400r\/m<\/p>\n<p>Velocit\u00e0 della macchina: 440-500r\/m<\/p>\n<p>Diametro delle motociclette: 90-100mm<\/p>\n<p>Capacit\u00e0: circa 20 kg\/h<\/p>\n<p>Materie prime: farina di frumento, riso e mais.<\/p>\n<p>7 forme, 1 tramoggia, 2 coppie di viti, 2 ingranaggi, 1 ruota, 1 fresa<\/p>\n<p>&nbsp;<\/p>\n<table role=\"presentation\" width=\"100%\" cellspacing=\"0\" cellpadding=\"0\">\n<tbody>\n<tr>\n<td class=\"attrLabels\">Marca:<\/td>\n<td width=\"50.0%\">ARCO<\/td>\n<\/tr>\n<tr>\n<td class=\"attrLabels\">Garanzia:<\/td>\n<td width=\"50.0%\">2 anni<\/td>\n<td class=\"attrLabels\">Altezza:<\/td>\n<td width=\"50.0%\">72 cm<\/td>\n<\/tr>\n<tr>\n<td class=\"attrLabels\">Paese di distribuzione:<\/td>\n<td width=\"50.0%\">Spagna, Germania, Stati Uniti<\/td>\n<td class=\"attrLabels\">Lungo:<\/td>\n<td width=\"50.0%\">85 cm<\/td>\n<\/tr>\n<tr>\n<td class=\"attrLabels\">Colore:<\/td>\n<td width=\"50.0%\">verde<\/td>\n<td class=\"attrLabels\">Ampio:<\/td>\n<td width=\"50.0%\">45 cm<\/td>\n<\/tr>\n<tr>\n<td class=\"attrLabels\">Tipo di prodotto:<\/td>\n<td width=\"50.0%\">Gonfiatore per snack<\/td>\n<td class=\"attrLabels\">Capacit\u00e0 della tramoggia:<\/td>\n<td width=\"50.0%\">20kg<\/td>\n<\/tr>\n<tr>\n<td class=\"attrLabels\">Numero del produttore:<\/td>\n<td width=\"50.0%\">ARCIC35<\/td>\n<td class=\"attrLabels\">Energia elettrica:<\/td>\n<td width=\"50.0%\">3500W<\/td>\n<\/tr>\n<tr>\n<td class=\"attrLabels\">Materiale:<\/td>\n<td width=\"50.0%\">Acciaio inossidabile alimentare 304<\/td>\n<td class=\"attrLabels\">Potenza del motore:<\/td>\n<td width=\"50.0%\">Diesel 6 CV<\/td>\n<\/tr>\n<tr>\n<td class=\"attrLabels\">Operazione:<\/td>\n<td width=\"50.0%\">Energia o motore diesel<\/td>\n<td class=\"attrLabels\">Tipo di inflazione:<\/td>\n<td width=\"50.0%\">Estrusore a caldo<\/td>\n<\/tr>\n<tr>\n<td class=\"attrLabels\">Peso:<\/td>\n<td width=\"50.0%\">15 kg<\/td>\n<td class=\"attrLabels\">Diametro bobina:<\/td>\n<td width=\"50.0%\">90 \u2013 100 millimetri<\/td>\n<\/tr>\n<\/tbody>\n<\/table>\n<p>&nbsp;<\/p>\n<p>&nbsp;<\/p>\n<p>&nbsp;<\/p>","protected":false},"excerpt":{"rendered":"<h2>Gonfiatore per mais, cereali, frumento, riso<\/h2>\n<p>Questo <strong>cereali soffiati<span style=\"color: #ff0000;\"> A<\/span><span style=\"color: #0000ff;\">R<\/span>C<\/strong> Presenta vantaggi dovuti alle dimensioni ridotte, al peso leggero, alla struttura di qualit\u00e0 e alla semplicit\u00e0 di funzionamento. Con questo<strong> estrusore<\/strong> <strong>di riso<\/strong> \u00c8 possibile utilizzare come materie prime diversi prodotti, come riso o pasta di mais, e aggiungere vari aromi per produrre cereali o snack diversi. Questo <strong>gonfiatore industriale <\/strong>Incorpora un riscaldatore per raccogliere il prodotto originale e aumentarne il sapore fino a 90 volte. IL <strong>estrusore di mais <span style=\"color: #ff0000;\">A<\/span><span style=\"color: #0000ff;\">R<\/span>C<\/strong> Grazie alla variet\u00e0 di stampi inclusi, \u00e8 possibile creare forme diverse per preparare snack piccanti, dolci e salati.<\/p>\n<h6><strong>Garanzia\u00a0<span style=\"color: #ff0000;\">A<\/span><span style=\"color: #0000ff;\">R<\/span>C 2 ANNI<\/strong><\/h6>\n<h6><span style=\"color: #008000;\">Efficiente soffiatore per cereali, basso consumo 3,5 kW<\/span><\/h6>\n<h6><strong>supporto tecnico incluso<\/strong><\/h6>","protected":false},"featured_media":4348,"comment_status":"open","ping_status":"closed","template":"","meta":{"wds_primary_product_brand":0,"wds_primary_product_cat":0},"product_brand":[],"product_cat":[266],"product_tag":[],"class_list":{"0":"post-4345","1":"product","2":"type-product","3":"status-publish","4":"has-post-thumbnail","6":"product_cat-accessories","7":"product_shipping_class-express","9":"first","10":"instock","11":"sale","12":"taxable","13":"shipping-taxable","14":"purchasable","15":"product-type-simple"},"yoast_head":"<!-- This site is optimized with the Yoast SEO Premium plugin v24.9 (Yoast SEO v26.1) - https:\/\/yoast.com\/wordpress\/plugins\/seo\/ -->\n<title>Inflador para ma\u00edz, cereales, trigo, arroz - distribuci\u00f3n ARC<\/title>\n<meta name=\"robots\" content=\"index, follow, max-snippet:-1, max-image-preview:large, max-video-preview:-1\" \/>\n<link rel=\"canonical\" href=\"https:\/\/distribucionarc.com\/it\/prodotto\/gonfiatore-per-mais-cereali-frumento-riso\/\" \/>\n<meta property=\"og:locale\" content=\"it_IT\" \/>\n<meta property=\"og:type\" content=\"article\" \/>\n<meta property=\"og:title\" content=\"Inflador para ma\u00edz, cereales, trigo, arroz\" \/>\n<meta property=\"og:description\" content=\"Inflador para ma\u00edz, cereales, trigo, arroz Esta infladora de cereales ARC tiene ventajas debido a su reducido tama\u00f1o, peso ligero, estructura de calidad, a su vez que el funcionamiento es sencillo. Con este extrusora de arroz puede utilizar diferentes productos como arroz, masa de ma\u00edz como materia prima y agregar varios sabores para producir diferentes cereales o aperitivos. Este inflador industrial incorpora un calentador para recoger el producto original e incrementar el sabor hasta 90 veces. La extrusora de ma\u00edz ARC puede hacer diferentes formas con la variedad de moldes que incorpora, para elaborar aperitivos picantes, dulces, salados. Garant\u00eda\u00a0ARC 2 A\u00d1OS Infladora para cereales eficiente, bajo consumo\u00a0 3,5 kW soporte t\u00e9cnico incluido\" \/>\n<meta property=\"og:url\" content=\"https:\/\/distribucionarc.com\/it\/prodotto\/gonfiatore-per-mais-cereali-frumento-riso\/\" \/>\n<meta property=\"og:site_name\" content=\"distribuci\u00f3n ARC\" \/>\n<meta property=\"og:image\" content=\"https:\/\/distribucionarc.com\/wp-content\/uploads\/2021\/01\/Inflador-para-maiz-cereales-trigo-arroz-0.jpg\" \/>\n\t<meta property=\"og:image:width\" content=\"1000\" \/>\n\t<meta property=\"og:image:height\" content=\"1000\" \/>\n\t<meta property=\"og:image:type\" content=\"image\/jpeg\" \/>\n<meta name=\"twitter:card\" content=\"summary_large_image\" \/>\n<meta name=\"twitter:label1\" content=\"Tempo di lettura stimato\" \/>\n\t<meta name=\"twitter:data1\" content=\"1 minuto\" \/>\n<script type=\"application\/ld+json\" class=\"yoast-schema-graph\">{\"@context\":\"https:\/\/schema.org\",\"@graph\":[{\"@type\":\"WebPage\",\"@id\":\"https:\/\/distribucionarc.com\/en\/producto\/inflador-para-maiz-cereales-trigo-arroz\/\",\"url\":\"https:\/\/distribucionarc.com\/en\/producto\/inflador-para-maiz-cereales-trigo-arroz\/\",\"name\":\"Inflador para ma\u00edz, cereales, trigo, arroz - distribuci\u00f3n ARC\",\"isPartOf\":{\"@id\":\"https:\/\/distribucionarc.com\/pl\/#website\"},\"primaryImageOfPage\":{\"@id\":\"https:\/\/distribucionarc.com\/en\/producto\/inflador-para-maiz-cereales-trigo-arroz\/#primaryimage\"},\"image\":{\"@id\":\"https:\/\/distribucionarc.com\/en\/producto\/inflador-para-maiz-cereales-trigo-arroz\/#primaryimage\"},\"thumbnailUrl\":\"https:\/\/distribucionarc.com\/wp-content\/uploads\/2021\/01\/Inflador-para-maiz-cereales-trigo-arroz-0.jpg\",\"datePublished\":\"2021-01-29T10:05:10+00:00\",\"breadcrumb\":{\"@id\":\"https:\/\/distribucionarc.com\/en\/producto\/inflador-para-maiz-cereales-trigo-arroz\/#breadcrumb\"},\"inLanguage\":\"it-IT\",\"potentialAction\":[{\"@type\":\"ReadAction\",\"target\":[\"https:\/\/distribucionarc.com\/en\/producto\/inflador-para-maiz-cereales-trigo-arroz\/\"]}]},{\"@type\":\"ImageObject\",\"inLanguage\":\"it-IT\",\"@id\":\"https:\/\/distribucionarc.com\/en\/producto\/inflador-para-maiz-cereales-trigo-arroz\/#primaryimage\",\"url\":\"https:\/\/distribucionarc.com\/wp-content\/uploads\/2021\/01\/Inflador-para-maiz-cereales-trigo-arroz-0.jpg\",\"contentUrl\":\"https:\/\/distribucionarc.com\/wp-content\/uploads\/2021\/01\/Inflador-para-maiz-cereales-trigo-arroz-0.jpg\",\"width\":1000,\"height\":1000,\"caption\":\"Inflador para ma\u00edz, cereales, trigo, arroz\"},{\"@type\":\"BreadcrumbList\",\"@id\":\"https:\/\/distribucionarc.com\/en\/producto\/inflador-para-maiz-cereales-trigo-arroz\/#breadcrumb\",\"itemListElement\":[{\"@type\":\"ListItem\",\"position\":1,\"name\":\"Portada\",\"item\":\"https:\/\/www.distribucionarc.com\/tr\/\"},{\"@type\":\"ListItem\",\"position\":2,\"name\":\"Izdelki\",\"item\":\"https:\/\/www.distribucionarc.com\/sl\/trgovina\/\"},{\"@type\":\"ListItem\",\"position\":3,\"name\":\"Inflador para ma\u00edz, cereales, trigo, arroz\"}]},{\"@type\":\"WebSite\",\"@id\":\"https:\/\/distribucionarc.com\/pl\/#website\",\"url\":\"https:\/\/distribucionarc.com\/pl\/\",\"name\":\"distribuci\u00f3n ARC\",\"description\":\"Empresa especializada en la fabricaci\u00f3n y distribuci\u00f3n de maquinaria industrial, selladoras de latas, Maquinas de hacer pastillas, Maquinas de cortar carne...\",\"publisher\":{\"@id\":\"https:\/\/distribucionarc.com\/pl\/#organization\"},\"potentialAction\":[{\"@type\":\"SearchAction\",\"target\":{\"@type\":\"EntryPoint\",\"urlTemplate\":\"https:\/\/distribucionarc.com\/pl\/?s={search_term_string}\"},\"query-input\":{\"@type\":\"PropertyValueSpecification\",\"valueRequired\":true,\"valueName\":\"search_term_string\"}}],\"inLanguage\":\"it-IT\"},{\"@type\":\"Organization\",\"@id\":\"https:\/\/distribucionarc.com\/pl\/#organization\",\"name\":\"Distribuci\u00f3n ARC\",\"url\":\"https:\/\/distribucionarc.com\/pl\/\",\"logo\":{\"@type\":\"ImageObject\",\"inLanguage\":\"it-IT\",\"@id\":\"https:\/\/distribucionarc.com\/pl\/#\/schema\/logo\/image\/\",\"url\":\"https:\/\/distribucionarc.com\/wp-content\/uploads\/2024\/10\/distribucion-ARC-COLOR-SIN-FONDO-e1732295305345.png\",\"contentUrl\":\"https:\/\/distribucionarc.com\/wp-content\/uploads\/2024\/10\/distribucion-ARC-COLOR-SIN-FONDO-e1732295305345.png\",\"width\":1164,\"height\":558,\"caption\":\"Distribuci\u00f3n ARC\"},\"image\":{\"@id\":\"https:\/\/distribucionarc.com\/pl\/#\/schema\/logo\/image\/\"},\"description\":\"Empresa especializada en la fabricaci\u00f3n y distribuci\u00f3n de maquinaria industrial para los sectores alimentario y farmac\u00e9utico. Nos especializamos en: M\u00e1quinas de cortar carne Fabricaci\u00f3n de comprimidos Sistemas de transporte industrial L\u00edneas de embotellado Dosificadores Y mucho m\u00e1s... Ofrecemos soluciones innovadoras y personalizadas para optimizar los procesos productivos de tu empresa.\",\"email\":\"Admistracion@distribucionarc.com\",\"telephone\":\"+34 643496664\",\"legalName\":\"ARC TECH SOLUTIONS\",\"foundingDate\":\"2024-04-09\",\"vatID\":\"B55480172\",\"numberOfEmployees\":{\"@type\":\"QuantitativeValue\",\"minValue\":\"1\",\"maxValue\":\"10\"}}]}<\/script>\n<!-- \/ Yoast SEO Premium plugin. -->","yoast_head_json":{"title":"Gonfiatore per mais, cereali, grano, riso - Distribuzione ARC","robots":{"index":"index","follow":"follow","max-snippet":"max-snippet:-1","max-image-preview":"max-image-preview:large","max-video-preview":"max-video-preview:-1"},"canonical":"https:\/\/distribucionarc.com\/it\/prodotto\/gonfiatore-per-mais-cereali-frumento-riso\/","og_locale":"it_IT","og_type":"article","og_title":"Inflador para ma\u00edz, cereales, trigo, arroz","og_description":"Inflador para ma\u00edz, cereales, trigo, arroz Esta infladora de cereales ARC tiene ventajas debido a su reducido tama\u00f1o, peso ligero, estructura de calidad, a su vez que el funcionamiento es sencillo. Con este extrusora de arroz puede utilizar diferentes productos como arroz, masa de ma\u00edz como materia prima y agregar varios sabores para producir diferentes cereales o aperitivos. Este inflador industrial incorpora un calentador para recoger el producto original e incrementar el sabor hasta 90 veces. La extrusora de ma\u00edz ARC puede hacer diferentes formas con la variedad de moldes que incorpora, para elaborar aperitivos picantes, dulces, salados. Garant\u00eda\u00a0ARC 2 A\u00d1OS Infladora para cereales eficiente, bajo consumo\u00a0 3,5 kW soporte t\u00e9cnico incluido","og_url":"https:\/\/distribucionarc.com\/it\/prodotto\/gonfiatore-per-mais-cereali-frumento-riso\/","og_site_name":"distribuci\u00f3n ARC","og_image":[{"width":1000,"height":1000,"url":"https:\/\/distribucionarc.com\/wp-content\/uploads\/2021\/01\/Inflador-para-maiz-cereales-trigo-arroz-0.jpg","type":"image\/jpeg"}],"twitter_card":"summary_large_image","twitter_misc":{"Tempo di lettura stimato":"1 minuto"},"schema":{"@context":"https:\/\/schema.org","@graph":[{"@type":"WebPage","@id":"https:\/\/distribucionarc.com\/en\/producto\/inflador-para-maiz-cereales-trigo-arroz\/","url":"https:\/\/distribucionarc.com\/en\/producto\/inflador-para-maiz-cereales-trigo-arroz\/","name":"Gonfiatore per mais, cereali, grano, riso - Distribuzione ARC","isPartOf":{"@id":"https:\/\/distribucionarc.com\/pl\/#website"},"primaryImageOfPage":{"@id":"https:\/\/distribucionarc.com\/en\/producto\/inflador-para-maiz-cereales-trigo-arroz\/#primaryimage"},"image":{"@id":"https:\/\/distribucionarc.com\/en\/producto\/inflador-para-maiz-cereales-trigo-arroz\/#primaryimage"},"thumbnailUrl":"https:\/\/distribucionarc.com\/wp-content\/uploads\/2021\/01\/Inflador-para-maiz-cereales-trigo-arroz-0.jpg","datePublished":"2021-01-29T10:05:10+00:00","breadcrumb":{"@id":"https:\/\/distribucionarc.com\/en\/producto\/inflador-para-maiz-cereales-trigo-arroz\/#breadcrumb"},"inLanguage":"it-IT","potentialAction":[{"@type":"ReadAction","target":["https:\/\/distribucionarc.com\/en\/producto\/inflador-para-maiz-cereales-trigo-arroz\/"]}]},{"@type":"ImageObject","inLanguage":"it-IT","@id":"https:\/\/distribucionarc.com\/en\/producto\/inflador-para-maiz-cereales-trigo-arroz\/#primaryimage","url":"https:\/\/distribucionarc.com\/wp-content\/uploads\/2021\/01\/Inflador-para-maiz-cereales-trigo-arroz-0.jpg","contentUrl":"https:\/\/distribucionarc.com\/wp-content\/uploads\/2021\/01\/Inflador-para-maiz-cereales-trigo-arroz-0.jpg","width":1000,"height":1000,"caption":"Inflador para ma\u00edz, cereales, trigo, arroz"},{"@type":"BreadcrumbList","@id":"https:\/\/distribucionarc.com\/en\/producto\/inflador-para-maiz-cereales-trigo-arroz\/#breadcrumb","itemListElement":[{"@type":"ListItem","position":1,"name":"Portada","item":"https:\/\/www.distribucionarc.com\/tr\/"},{"@type":"ListItem","position":2,"name":"Izdelki","item":"https:\/\/www.distribucionarc.com\/sl\/trgovina\/"},{"@type":"ListItem","position":3,"name":"Inflador para ma\u00edz, cereales, trigo, arroz"}]},{"@type":"WebSite","@id":"https:\/\/distribucionarc.com\/pl\/#website","url":"https:\/\/distribucionarc.com\/pl\/","name":"Distribuzione dell&#039;ARCO","description":"Azienda specializzata nella produzione e distribuzione di macchinari industriali, macchine sigillatrici di lattine, macchine per la produzione di compresse, macchine per il taglio della carne...","publisher":{"@id":"https:\/\/distribucionarc.com\/pl\/#organization"},"potentialAction":[{"@type":"SearchAction","target":{"@type":"EntryPoint","urlTemplate":"https:\/\/distribucionarc.com\/pl\/?s={search_term_string}"},"query-input":{"@type":"PropertyValueSpecification","valueRequired":true,"valueName":"search_term_string"}}],"inLanguage":"it-IT"},{"@type":"Organization","@id":"https:\/\/distribucionarc.com\/pl\/#organization","name":"Distribuzione dell&#039;ARC","url":"https:\/\/distribucionarc.com\/pl\/","logo":{"@type":"ImageObject","inLanguage":"it-IT","@id":"https:\/\/distribucionarc.com\/pl\/#\/schema\/logo\/image\/","url":"https:\/\/distribucionarc.com\/wp-content\/uploads\/2024\/10\/distribucion-ARC-COLOR-SIN-FONDO-e1732295305345.png","contentUrl":"https:\/\/distribucionarc.com\/wp-content\/uploads\/2024\/10\/distribucion-ARC-COLOR-SIN-FONDO-e1732295305345.png","width":1164,"height":558,"caption":"Distribuci\u00f3n ARC"},"image":{"@id":"https:\/\/distribucionarc.com\/pl\/#\/schema\/logo\/image\/"},"description":"Azienda specializzata nella produzione e distribuzione di macchinari industriali per il settore alimentare e farmaceutico. Siamo specializzati in: Macchine per il taglio della carne Produzione di compresse Sistemi di trasporto industriale Linee di imbottigliamento Dispenser E molto altro ancora... Offriamo soluzioni innovative e personalizzate per ottimizzare i processi produttivi della vostra azienda.","email":"Admistracion@distribucionarc.com","telephone":"+34 643496664","legalName":"ARC TECH SOLUTIONS","foundingDate":"2024-04-09","vatID":"B55480172","numberOfEmployees":{"@type":"QuantitativeValue","minValue":"1","maxValue":"10"}}]}},"_links":{"self":[{"href":"https:\/\/distribucionarc.com\/it\/wp-json\/wp\/v2\/product\/4345","targetHints":{"allow":["GET"]}}],"collection":[{"href":"https:\/\/distribucionarc.com\/it\/wp-json\/wp\/v2\/product"}],"about":[{"href":"https:\/\/distribucionarc.com\/it\/wp-json\/wp\/v2\/types\/product"}],"replies":[{"embeddable":true,"href":"https:\/\/distribucionarc.com\/it\/wp-json\/wp\/v2\/comments?post=4345"}],"version-history":[{"count":0,"href":"https:\/\/distribucionarc.com\/it\/wp-json\/wp\/v2\/product\/4345\/revisions"}],"wp:featuredmedia":[{"embeddable":true,"href":"https:\/\/distribucionarc.com\/it\/wp-json\/wp\/v2\/media\/4348"}],"wp:attachment":[{"href":"https:\/\/distribucionarc.com\/it\/wp-json\/wp\/v2\/media?parent=4345"}],"wp:term":[{"taxonomy":"product_brand","embeddable":true,"href":"https:\/\/distribucionarc.com\/it\/wp-json\/wp\/v2\/product_brand?post=4345"},{"taxonomy":"product_cat","embeddable":true,"href":"https:\/\/distribucionarc.com\/it\/wp-json\/wp\/v2\/product_cat?post=4345"},{"taxonomy":"product_tag","embeddable":true,"href":"https:\/\/distribucionarc.com\/it\/wp-json\/wp\/v2\/product_tag?post=4345"}],"curies":[{"name":"wp","href":"https:\/\/api.w.org\/{rel}","templated":true}]}}