{"id":4352,"date":"2021-01-29T11:28:31","date_gmt":"2021-01-29T11:28:31","guid":{"rendered":"https:\/\/distribucionarc.com\/?post_type=product&#038;p=4352"},"modified":"2023-02-24T11:07:34","modified_gmt":"2023-02-24T11:07:34","slug":"termosaldatrice-verticale","status":"publish","type":"product","link":"https:\/\/distribucionarc.com\/it\/producto\/selladora-termica-de-bolsas-vertical\/","title":{"rendered":"Termosaldatrice verticale per buste"},"content":{"rendered":"<h3>Termosaldatrice verticale per buste<\/h3>\n<p><strong>Termosigillatrice verticale <span style=\"color: #ff0000;\">A<\/span><span style=\"color: #0000ff;\">R<\/span>CSTV10<\/strong> in continuo. macchina da tavolo per <strong>aggraffatrice termica<\/strong> Realizzata in acciaio inox, ideale per medie e grandi produzioni. Molto semplice da configurare, garantisce una perfetta saldatura di qualsiasi materiale termosaldabile: polietilene (PE), polipropilene (PP) e laminati. Adatto a tutti i tipi di borse.<\/p>\n<ul>\n<li>Saldatura verticale continua di sacchetti da tavolo ideale per medie e grandi produzioni.<\/li>\n<li>Realizzato in acciaio inossidabile.<\/li>\n<li>Salda sacchetti di qualsiasi materiale plastico. Il suo utilizzo pu\u00f2 spaziare da quello alimentare alle buste sterilizzate per uso medico.<\/li>\n<li>Velocit\u00e0 del nastro trasportatore regolabile.<\/li>\n<li>Temperatura di saldatura regolabile.<\/li>\n<li>Include pennarello.<\/li>\n<li>\u00c8 un&#039;attrezzatura molto robusta realizzata in acciaio verniciato, questa sigillatrice a nastro continuo \u00e8 progettata per uso industriale.<\/li>\n<li>Il passaggio da un materiale all&#039;altro \u00e8 molto semplice e l&#039;operatore pu\u00f2 effettuare in modo semplice e veloce le regolazioni del tipo di saldatura: pressione di saldatura, temperatura e velocit\u00e0. In questo modo si ottiene un risultato perfetto.<\/li>\n<li>La larghezza del sigillante ottenuto varia da 5 mm a 17 mm, e non ha limiti di lunghezza.<\/li>\n<li>La manutenzione di questa saldatrice \u00e8 molto semplice ed economica, bastano pochi minuti per sostituire i nastri di saldatura.<\/li>\n<\/ul>\n<h6><strong>Garanzia<span style=\"color: #ff0000;\">\u00a0A<\/span><span style=\"color: #0000ff;\">R<\/span>C 2 ANNI<\/strong><\/h6>\n<h6><span style=\"color: #008000;\">Saldatrice verticale efficiente, a basso consumo 400W<\/span><\/h6>\n<h6><strong>supporto tecnico incluso<\/strong><\/h6>\n<p>&nbsp;<\/p>\n<hr \/>\n<div class=\"woocommerce-tabs wc-tabs-wrapper\">\n<div id=\"tab-description\" class=\"woocommerce-Tabs-panel woocommerce-Tabs-panel--description panel entry-content wc-tab\" role=\"tabpanel\" aria-labelledby=\"tab-title-description\">\n<p>&nbsp;<\/p>\n<table border=\"0\" cellspacing=\"0\" cellpadding=\"0\">\n<thead>\n<tr>\n<th>CARATTERISTICHE TECNICHE<\/th>\n<th>SALDATRICE CONTINUA AR900<\/th>\n<\/tr>\n<\/thead>\n<tfoot>\n<tr>\n<td colspan=\"2\"><\/td>\n<\/tr>\n<\/tfoot>\n<tbody>\n<tr>\n<td>Voltaggio<\/td>\n<td>220 V, 50 Hz<\/td>\n<\/tr>\n<tr>\n<td>Energia<\/td>\n<td>400W<\/td>\n<\/tr>\n<tr>\n<td>Dimensioni<\/td>\n<td>81 x 37 x 62 cm (L x P x A)<\/td>\n<\/tr>\n<tr>\n<td>Larghezza della saldatura<\/td>\n<td>da 6 mm a 12 mm<\/td>\n<\/tr>\n<tr>\n<td>Intervallo di temperatura<\/td>\n<td>0-300\u00baC<\/td>\n<\/tr>\n<tr>\n<td>Peso<\/td>\n<td>30 kg<\/td>\n<\/tr>\n<tr>\n<td>Velocit\u00e0 di saldatura<\/td>\n<td>0-12 metri\/min<\/td>\n<\/tr>\n<\/tbody>\n<\/table>\n<\/div>\n<\/div>\n<section class=\"related products\">\n<div class=\"astra-shop-summary-wrap\"><\/div>\n<\/section>","protected":false},"excerpt":{"rendered":"<h2>Termosaldatrice verticale per buste<\/h2>\n<p>Questo <strong>aggraffatrice per sacchetti <span style=\"color: #ff0000;\">A<\/span><span style=\"color: #0000ff;\">R<\/span>C<\/strong> utilizza il controllo elettronico della temperatura costante e un dispositivo di trasporto automatico, con il quale con questo <strong>Termosigillatrice<\/strong> Possono controllare e utilizzare strisce di film plastico di diverse forme in una linea di confezionamento. IL <strong>Sigillante termoplastico<\/strong> \u00c8 dotato di un pannello di controllo semplice, intuitivo e intuitivo. Questo<strong> sigillatrice verticale per sacchetti<\/strong> Ha un motore ad alte prestazioni con lunga durata e funzionamento pi\u00f9 stabile. Il tavolo trasportatore di questo <strong>macchina termosaldatrice <span style=\"color: #ff0000;\">A<\/span><span style=\"color: #0000ff;\">R<\/span>C<\/strong> Pu\u00f2 essere regolato su e gi\u00f9 e pu\u00f2 essere regolato in base ai requisiti effettivi per migliorare l&#039;efficienza.<\/p>\n<h6><strong>Garanzia<span style=\"color: #ff0000;\">\u00a0A<\/span><span style=\"color: #0000ff;\">R<\/span>C 2 ANNI<\/strong><\/h6>\n<h6><span style=\"color: #008000;\">Saldatrice verticale efficiente, a basso consumo 400W<\/span><\/h6>\n<h6><strong>supporto tecnico incluso<\/strong><\/h6>","protected":false},"featured_media":4353,"comment_status":"open","ping_status":"closed","template":"","meta":{"wds_primary_product_brand":0,"wds_primary_product_cat":0},"product_brand":[],"product_cat":[15,27],"product_tag":[],"class_list":{"0":"post-4352","1":"product","2":"type-product","3":"status-publish","4":"has-post-thumbnail","6":"product_cat-llenadoras-y-selladoras-automaticas-flow-pack-sachet","7":"product_cat-selladoras-de-bolsas","8":"product_shipping_class-express","10":"first","11":"instock","12":"sale","13":"taxable","14":"shipping-taxable","15":"purchasable","16":"product-type-simple"},"yoast_head":"<!-- This site is optimized with the Yoast SEO Premium plugin v24.9 (Yoast SEO v26.1) - https:\/\/yoast.com\/wordpress\/plugins\/seo\/ -->\n<title>Selladora t\u00e9rmica de bolsas vertical - distribuci\u00f3n ARC<\/title>\n<meta name=\"robots\" content=\"index, follow, max-snippet:-1, max-image-preview:large, max-video-preview:-1\" \/>\n<link rel=\"canonical\" href=\"https:\/\/www.distribucionarc.com\/pl\/producto\/selladora-termica-de-bolsas-vertical\/\" \/>\n<meta property=\"og:locale\" content=\"it_IT\" \/>\n<meta property=\"og:type\" content=\"article\" \/>\n<meta property=\"og:title\" content=\"Selladora t\u00e9rmica de bolsas vertical\" \/>\n<meta property=\"og:description\" content=\"Selladora t\u00e9rmica de bolsas vertical Esta cerradora de bolsas ARC utiliza control electr\u00f3nico de temperatura constante y un dispositivo de transporte autom\u00e1tico, con el cual con esta Selladora t\u00e9rmica pueden controlar y utilizar tiras de pel\u00edcula pl\u00e1stica de diferentes formas en una l\u00ednea de envasado. La Selladora termopl\u00e1stica cuenta con un panel de control simple, f\u00e1cil de usar y f\u00e1cil de usar. Esta cerradora de bolsas vertical cuenta con un motor de alto rendimiento con una larga vida \u00fatil y un funcionamiento m\u00e1s estable. La mesa del transportador de esta m\u00e1quina de sellado t\u00e9rmico ARC se puede ajustar hacia arriba y hacia abajo, y se puede ajustar de acuerdo con los requisitos reales para mejorar la eficiencia. Garant\u00eda\u00a0ARC 2 A\u00d1OS Selladora vertical eficiente, bajo consumo\u00a0 400W soporte t\u00e9cnico incluido\" \/>\n<meta property=\"og:url\" content=\"https:\/\/www.distribucionarc.com\/pl\/producto\/selladora-termica-de-bolsas-vertical\/\" \/>\n<meta property=\"og:site_name\" content=\"distribuci\u00f3n ARC\" \/>\n<meta property=\"article:modified_time\" content=\"2023-02-24T11:07:34+00:00\" \/>\n<meta property=\"og:image\" content=\"https:\/\/www.distribucionarc.com\/wp-content\/uploads\/2021\/01\/Selladora-termica-de-bolsas-vertical-0.jpg\" \/>\n\t<meta property=\"og:image:width\" content=\"1000\" \/>\n\t<meta property=\"og:image:height\" content=\"1000\" \/>\n\t<meta property=\"og:image:type\" content=\"image\/jpeg\" \/>\n<meta name=\"twitter:card\" content=\"summary_large_image\" \/>\n<meta name=\"twitter:label1\" content=\"Tempo di lettura stimato\" \/>\n\t<meta name=\"twitter:data1\" content=\"1 minuto\" \/>\n<script type=\"application\/ld+json\" class=\"yoast-schema-graph\">{\"@context\":\"https:\/\/schema.org\",\"@graph\":[{\"@type\":\"WebPage\",\"@id\":\"https:\/\/www.distribucionarc.com\/pl\/producto\/selladora-termica-de-bolsas-vertical\/\",\"url\":\"https:\/\/www.distribucionarc.com\/pl\/producto\/selladora-termica-de-bolsas-vertical\/\",\"name\":\"Selladora t\u00e9rmica de bolsas vertical - distribuci\u00f3n ARC\",\"isPartOf\":{\"@id\":\"https:\/\/distribucionarc.com\/ar\/#website\"},\"primaryImageOfPage\":{\"@id\":\"https:\/\/www.distribucionarc.com\/pl\/producto\/selladora-termica-de-bolsas-vertical\/#primaryimage\"},\"image\":{\"@id\":\"https:\/\/www.distribucionarc.com\/pl\/producto\/selladora-termica-de-bolsas-vertical\/#primaryimage\"},\"thumbnailUrl\":\"https:\/\/distribucionarc.com\/wp-content\/uploads\/2021\/01\/Selladora-termica-de-bolsas-vertical-0.jpg\",\"datePublished\":\"2021-01-29T11:28:31+00:00\",\"dateModified\":\"2023-02-24T11:07:34+00:00\",\"breadcrumb\":{\"@id\":\"https:\/\/www.distribucionarc.com\/pl\/producto\/selladora-termica-de-bolsas-vertical\/#breadcrumb\"},\"inLanguage\":\"it-IT\",\"potentialAction\":[{\"@type\":\"ReadAction\",\"target\":[\"https:\/\/www.distribucionarc.com\/pl\/producto\/selladora-termica-de-bolsas-vertical\/\"]}]},{\"@type\":\"ImageObject\",\"inLanguage\":\"it-IT\",\"@id\":\"https:\/\/www.distribucionarc.com\/pl\/producto\/selladora-termica-de-bolsas-vertical\/#primaryimage\",\"url\":\"https:\/\/distribucionarc.com\/wp-content\/uploads\/2021\/01\/Selladora-termica-de-bolsas-vertical-0.jpg\",\"contentUrl\":\"https:\/\/distribucionarc.com\/wp-content\/uploads\/2021\/01\/Selladora-termica-de-bolsas-vertical-0.jpg\",\"width\":1000,\"height\":1000,\"caption\":\"Selladora t\u00e9rmica de bolsas vertical\"},{\"@type\":\"BreadcrumbList\",\"@id\":\"https:\/\/www.distribucionarc.com\/pl\/producto\/selladora-termica-de-bolsas-vertical\/#breadcrumb\",\"itemListElement\":[{\"@type\":\"ListItem\",\"position\":1,\"name\":\"Portada\",\"item\":\"https:\/\/www.distribucionarc.com\/pt\/\"},{\"@type\":\"ListItem\",\"position\":2,\"name\":\"Produtos\",\"item\":\"https:\/\/www.distribucionarc.com\/pt\/shop\/\"},{\"@type\":\"ListItem\",\"position\":3,\"name\":\"Selladora t\u00e9rmica de bolsas vertical\"}]},{\"@type\":\"WebSite\",\"@id\":\"https:\/\/distribucionarc.com\/ar\/#website\",\"url\":\"https:\/\/distribucionarc.com\/ar\/\",\"name\":\"distribuci\u00f3n ARC\",\"description\":\"Empresa especializada en la fabricaci\u00f3n y distribuci\u00f3n de maquinaria industrial, selladoras de latas, Maquinas de hacer pastillas, Maquinas de cortar carne...\",\"publisher\":{\"@id\":\"https:\/\/distribucionarc.com\/ar\/#organization\"},\"potentialAction\":[{\"@type\":\"SearchAction\",\"target\":{\"@type\":\"EntryPoint\",\"urlTemplate\":\"https:\/\/distribucionarc.com\/ar\/?s={search_term_string}\"},\"query-input\":{\"@type\":\"PropertyValueSpecification\",\"valueRequired\":true,\"valueName\":\"search_term_string\"}}],\"inLanguage\":\"it-IT\"},{\"@type\":\"Organization\",\"@id\":\"https:\/\/distribucionarc.com\/ar\/#organization\",\"name\":\"Distribuci\u00f3n ARC\",\"url\":\"https:\/\/distribucionarc.com\/ar\/\",\"logo\":{\"@type\":\"ImageObject\",\"inLanguage\":\"it-IT\",\"@id\":\"https:\/\/distribucionarc.com\/ar\/#\/schema\/logo\/image\/\",\"url\":\"https:\/\/distribucionarc.com\/wp-content\/uploads\/2024\/10\/distribucion-ARC-COLOR-SIN-FONDO-e1732295305345.png\",\"contentUrl\":\"https:\/\/distribucionarc.com\/wp-content\/uploads\/2024\/10\/distribucion-ARC-COLOR-SIN-FONDO-e1732295305345.png\",\"width\":1164,\"height\":558,\"caption\":\"Distribuci\u00f3n ARC\"},\"image\":{\"@id\":\"https:\/\/distribucionarc.com\/ar\/#\/schema\/logo\/image\/\"},\"description\":\"Empresa especializada en la fabricaci\u00f3n y distribuci\u00f3n de maquinaria industrial para los sectores alimentario y farmac\u00e9utico. Nos especializamos en: M\u00e1quinas de cortar carne Fabricaci\u00f3n de comprimidos Sistemas de transporte industrial L\u00edneas de embotellado Dosificadores Y mucho m\u00e1s... Ofrecemos soluciones innovadoras y personalizadas para optimizar los procesos productivos de tu empresa.\",\"email\":\"Admistracion@distribucionarc.com\",\"telephone\":\"+34 643496664\",\"legalName\":\"ARC TECH SOLUTIONS\",\"foundingDate\":\"2024-04-09\",\"vatID\":\"B55480172\",\"numberOfEmployees\":{\"@type\":\"QuantitativeValue\",\"minValue\":\"1\",\"maxValue\":\"10\"}}]}<\/script>\n<!-- \/ Yoast SEO Premium plugin. -->","yoast_head_json":{"title":"Sigillatrice termica verticale per buste - distribuzione ARC","robots":{"index":"index","follow":"follow","max-snippet":"max-snippet:-1","max-image-preview":"max-image-preview:large","max-video-preview":"max-video-preview:-1"},"canonical":"https:\/\/www.distribucionarc.com\/pl\/producto\/selladora-termica-de-bolsas-vertical\/","og_locale":"it_IT","og_type":"article","og_title":"Selladora t\u00e9rmica de bolsas vertical","og_description":"Selladora t\u00e9rmica de bolsas vertical Esta cerradora de bolsas ARC utiliza control electr\u00f3nico de temperatura constante y un dispositivo de transporte autom\u00e1tico, con el cual con esta Selladora t\u00e9rmica pueden controlar y utilizar tiras de pel\u00edcula pl\u00e1stica de diferentes formas en una l\u00ednea de envasado. La Selladora termopl\u00e1stica cuenta con un panel de control simple, f\u00e1cil de usar y f\u00e1cil de usar. Esta cerradora de bolsas vertical cuenta con un motor de alto rendimiento con una larga vida \u00fatil y un funcionamiento m\u00e1s estable. La mesa del transportador de esta m\u00e1quina de sellado t\u00e9rmico ARC se puede ajustar hacia arriba y hacia abajo, y se puede ajustar de acuerdo con los requisitos reales para mejorar la eficiencia. Garant\u00eda\u00a0ARC 2 A\u00d1OS Selladora vertical eficiente, bajo consumo\u00a0 400W soporte t\u00e9cnico incluido","og_url":"https:\/\/www.distribucionarc.com\/pl\/producto\/selladora-termica-de-bolsas-vertical\/","og_site_name":"distribuci\u00f3n ARC","article_modified_time":"2023-02-24T11:07:34+00:00","og_image":[{"width":1000,"height":1000,"url":"https:\/\/www.distribucionarc.com\/wp-content\/uploads\/2021\/01\/Selladora-termica-de-bolsas-vertical-0.jpg","type":"image\/jpeg"}],"twitter_card":"summary_large_image","twitter_misc":{"Tempo di lettura stimato":"1 minuto"},"schema":{"@context":"https:\/\/schema.org","@graph":[{"@type":"WebPage","@id":"https:\/\/www.distribucionarc.com\/pl\/producto\/selladora-termica-de-bolsas-vertical\/","url":"https:\/\/www.distribucionarc.com\/pl\/producto\/selladora-termica-de-bolsas-vertical\/","name":"Sigillatrice termica verticale per buste - distribuzione ARC","isPartOf":{"@id":"https:\/\/distribucionarc.com\/ar\/#website"},"primaryImageOfPage":{"@id":"https:\/\/www.distribucionarc.com\/pl\/producto\/selladora-termica-de-bolsas-vertical\/#primaryimage"},"image":{"@id":"https:\/\/www.distribucionarc.com\/pl\/producto\/selladora-termica-de-bolsas-vertical\/#primaryimage"},"thumbnailUrl":"https:\/\/distribucionarc.com\/wp-content\/uploads\/2021\/01\/Selladora-termica-de-bolsas-vertical-0.jpg","datePublished":"2021-01-29T11:28:31+00:00","dateModified":"2023-02-24T11:07:34+00:00","breadcrumb":{"@id":"https:\/\/www.distribucionarc.com\/pl\/producto\/selladora-termica-de-bolsas-vertical\/#breadcrumb"},"inLanguage":"it-IT","potentialAction":[{"@type":"ReadAction","target":["https:\/\/www.distribucionarc.com\/pl\/producto\/selladora-termica-de-bolsas-vertical\/"]}]},{"@type":"ImageObject","inLanguage":"it-IT","@id":"https:\/\/www.distribucionarc.com\/pl\/producto\/selladora-termica-de-bolsas-vertical\/#primaryimage","url":"https:\/\/distribucionarc.com\/wp-content\/uploads\/2021\/01\/Selladora-termica-de-bolsas-vertical-0.jpg","contentUrl":"https:\/\/distribucionarc.com\/wp-content\/uploads\/2021\/01\/Selladora-termica-de-bolsas-vertical-0.jpg","width":1000,"height":1000,"caption":"Selladora t\u00e9rmica de bolsas vertical"},{"@type":"BreadcrumbList","@id":"https:\/\/www.distribucionarc.com\/pl\/producto\/selladora-termica-de-bolsas-vertical\/#breadcrumb","itemListElement":[{"@type":"ListItem","position":1,"name":"Portada","item":"https:\/\/www.distribucionarc.com\/pt\/"},{"@type":"ListItem","position":2,"name":"Produtos","item":"https:\/\/www.distribucionarc.com\/pt\/shop\/"},{"@type":"ListItem","position":3,"name":"Selladora t\u00e9rmica de bolsas vertical"}]},{"@type":"WebSite","@id":"https:\/\/distribucionarc.com\/ar\/#website","url":"https:\/\/distribucionarc.com\/ar\/","name":"Distribuzione dell&#039;ARCO","description":"Azienda specializzata nella produzione e distribuzione di macchinari industriali, macchine sigillatrici di lattine, macchine per la produzione di compresse, macchine per il taglio della carne...","publisher":{"@id":"https:\/\/distribucionarc.com\/ar\/#organization"},"potentialAction":[{"@type":"SearchAction","target":{"@type":"EntryPoint","urlTemplate":"https:\/\/distribucionarc.com\/ar\/?s={search_term_string}"},"query-input":{"@type":"PropertyValueSpecification","valueRequired":true,"valueName":"search_term_string"}}],"inLanguage":"it-IT"},{"@type":"Organization","@id":"https:\/\/distribucionarc.com\/ar\/#organization","name":"Distribuzione dell&#039;ARC","url":"https:\/\/distribucionarc.com\/ar\/","logo":{"@type":"ImageObject","inLanguage":"it-IT","@id":"https:\/\/distribucionarc.com\/ar\/#\/schema\/logo\/image\/","url":"https:\/\/distribucionarc.com\/wp-content\/uploads\/2024\/10\/distribucion-ARC-COLOR-SIN-FONDO-e1732295305345.png","contentUrl":"https:\/\/distribucionarc.com\/wp-content\/uploads\/2024\/10\/distribucion-ARC-COLOR-SIN-FONDO-e1732295305345.png","width":1164,"height":558,"caption":"Distribuci\u00f3n ARC"},"image":{"@id":"https:\/\/distribucionarc.com\/ar\/#\/schema\/logo\/image\/"},"description":"Azienda specializzata nella produzione e distribuzione di macchinari industriali per il settore alimentare e farmaceutico. Siamo specializzati in: Macchine per il taglio della carne Produzione di compresse Sistemi di trasporto industriale Linee di imbottigliamento Dispenser E molto altro ancora... Offriamo soluzioni innovative e personalizzate per ottimizzare i processi produttivi della vostra azienda.","email":"Admistracion@distribucionarc.com","telephone":"+34 643496664","legalName":"ARC TECH SOLUTIONS","foundingDate":"2024-04-09","vatID":"B55480172","numberOfEmployees":{"@type":"QuantitativeValue","minValue":"1","maxValue":"10"}}]}},"_links":{"self":[{"href":"https:\/\/distribucionarc.com\/it\/wp-json\/wp\/v2\/product\/4352","targetHints":{"allow":["GET"]}}],"collection":[{"href":"https:\/\/distribucionarc.com\/it\/wp-json\/wp\/v2\/product"}],"about":[{"href":"https:\/\/distribucionarc.com\/it\/wp-json\/wp\/v2\/types\/product"}],"replies":[{"embeddable":true,"href":"https:\/\/distribucionarc.com\/it\/wp-json\/wp\/v2\/comments?post=4352"}],"version-history":[{"count":0,"href":"https:\/\/distribucionarc.com\/it\/wp-json\/wp\/v2\/product\/4352\/revisions"}],"wp:featuredmedia":[{"embeddable":true,"href":"https:\/\/distribucionarc.com\/it\/wp-json\/wp\/v2\/media\/4353"}],"wp:attachment":[{"href":"https:\/\/distribucionarc.com\/it\/wp-json\/wp\/v2\/media?parent=4352"}],"wp:term":[{"taxonomy":"product_brand","embeddable":true,"href":"https:\/\/distribucionarc.com\/it\/wp-json\/wp\/v2\/product_brand?post=4352"},{"taxonomy":"product_cat","embeddable":true,"href":"https:\/\/distribucionarc.com\/it\/wp-json\/wp\/v2\/product_cat?post=4352"},{"taxonomy":"product_tag","embeddable":true,"href":"https:\/\/distribucionarc.com\/it\/wp-json\/wp\/v2\/product_tag?post=4352"}],"curies":[{"name":"wp","href":"https:\/\/api.w.org\/{rel}","templated":true}]}}