{"id":4366,"date":"2021-01-29T12:46:54","date_gmt":"2021-01-29T12:46:54","guid":{"rendered":"https:\/\/distribucionarc.com\/?post_type=product&#038;p=4366"},"modified":"2022-11-03T23:48:20","modified_gmt":"2022-11-03T23:48:20","slug":"sigillante-per-bevande-fresche-istantanee","status":"publish","type":"product","link":"https:\/\/distribucionarc.com\/it\/producto\/selladora-de-bebidas-frescas-instantanea\/","title":{"rendered":"Sigillante istantaneo per bevande fresche"},"content":{"rendered":"<h3>Sigillante istantaneo per bevande fresche<\/h3>\n<p>Con il\u00a0<strong>tappatore del contenitore\u00a0<span style=\"color: #ff0000;\">A<\/span><span style=\"color: #0000ff;\">R<\/span>C<\/strong> I tuoi clienti non aspetteranno molto per gustare il tuo prodotto consigliato per succhi naturali, frullati, frullati, caff\u00e8, t\u00e8 con perle, bevande con perle aromatizzate, ecc. Questo <strong>Termosigillatrice<\/strong> La migliore alternativa per rinfrescare i tuoi clienti ovunque. Oltre a preservare tutto il sapore e le sostanze nutritive del prodotto, il <strong>guarnizione antigoccia<\/strong>\u00a0garantir\u00e0 il prodotto in ogni situazione.<\/p>\n<p>Il processo con\u00a0<strong>il sigillante per frullati\u00a0 <span style=\"color: #ff0000;\">A<\/span><span style=\"color: #0000ff;\">R<\/span>CSES225<\/strong> \u00c8 completamente automatico e intelligente, basta aggiungere il rotolo saldante che desideri per preparare la tappatrice, regolare le dimensioni e la temperatura che desideri, posizionare il contenitore e premere il pulsante di avvio. Questo\u00a0<strong>macchina sigillatrice<\/strong>\u00a0\u00c8 progettato per rimanere operativo quando necessario, risparmiando energia quando la sua funzione non \u00e8 richiesta.<\/p>\n<p>IL <strong>tappatore termico per succhi<\/strong> \u00c8 realizzato in acciaio inossidabile per garantirne durata e stabilit\u00e0, \u00e8 dotato di griglie di ventilazione per evitare il surriscaldamento del motore e della guarnizione di tenuta. Lui\u00a0 <span style=\"color: #008000;\"><strong>motore efficiente di questo <span style=\"color: #000000;\">Termosigillatrice per imballaggi<\/span> contribuisce a ridurre il consumo energetico<\/strong><\/span>.<\/p>\n<h6>Garanzia<strong>\u00a0<\/strong><span style=\"color: #ff0000;\"><strong>A<\/strong><\/span><span style=\"color: #0000ff;\"><strong>R<\/strong><\/span><strong>C 2 ANNI<\/strong><\/h6>\n<h6><span style=\"color: #008000;\">Termosigillatrice efficiente, basso consumo 225W<\/span><\/h6>\n<h6>supporto tecnico incluso<\/h6>\n<p>&nbsp;<\/p>\n<hr \/>\n<ul>\n<li>Intervallo di controllo della temperatura: 0\u00baC-250\u00baC<\/li>\n<li>Tensione in ingresso: AC220V<\/li>\n<li>Peso lordo: 14kg<\/li>\n<li>Diametro tazza adatto: 9,5 cm<\/li>\n<li>Altezza della tazza adatta: meno di 17 cm<\/li>\n<\/ul>\n<p>&nbsp;<\/p>\n<table role=\"presentation\" width=\"100%\" cellspacing=\"0\" cellpadding=\"0\">\n<tbody>\n<tr>\n<td class=\"attrLabels\">Garanzia:<\/td>\n<td width=\"50.0%\">2 ANNI<\/td>\n<\/tr>\n<tr>\n<td class=\"attrLabels\">Colore:<\/td>\n<td width=\"50.0%\">Argento<\/td>\n<td class=\"attrLabels\">Altezza:<\/td>\n<td width=\"50.0%\">65 cm<\/td>\n<\/tr>\n<tr>\n<td class=\"attrLabels\">Paese di distribuzione:<\/td>\n<td width=\"50.0%\">Spagna, Germania, Stati Uniti<\/td>\n<td class=\"attrLabels\">Lungo:<\/td>\n<td width=\"50.0%\">27 cm<\/td>\n<\/tr>\n<tr>\n<td class=\"attrLabels\">Marca:<\/td>\n<td width=\"50.0%\">ARCO<\/td>\n<td class=\"attrLabels\">Ampio:<\/td>\n<td width=\"50.0%\">\u00a027 cm<\/td>\n<\/tr>\n<tr>\n<td class=\"attrLabels\">Tipo di prodotto:<\/td>\n<td width=\"50.0%\">Sigillatrice professionale per bevande<\/td>\n<td class=\"attrLabels\">Energia:<\/td>\n<td width=\"50.0%\">225 W<\/td>\n<\/tr>\n<tr>\n<td class=\"attrLabels\">Numero del produttore:<\/td>\n<td width=\"50.0%\">ARCSES225<\/td>\n<td class=\"attrLabels\">voltaggio:<\/td>\n<td width=\"50.0%\">220 V 50 Hz<\/td>\n<\/tr>\n<tr>\n<td class=\"attrLabels\">Materiale:<\/td>\n<td width=\"50.0%\">Acciaio inossidabile 304, motore efficiente, controllo della temperatura<\/td>\n<td class=\"attrLabels\">Diametro della tazza:<\/td>\n<td width=\"50.0%\">\u00a09,5 cm<\/td>\n<\/tr>\n<tr>\n<td class=\"attrLabels\">Strumenti di installazione:<\/td>\n<td width=\"50.0%\">S\u00ec<\/td>\n<td class=\"attrLabels\">Velocit\u00e0 di saldatura:<\/td>\n<td width=\"50.0%\">10 \u2013 20 al minuto (dipende dall&#039;operatore)<\/td>\n<\/tr>\n<tr>\n<td class=\"attrLabels\">Peso:<\/td>\n<td width=\"50.0%\">14kg<\/td>\n<td class=\"attrLabels\">Intervalli di temperatura:<\/td>\n<td width=\"50.0%\">50\u00baC \u2013 250\u00baC<\/td>\n<\/tr>\n<\/tbody>\n<\/table>\n<p>&nbsp;<\/p>","protected":false},"excerpt":{"rendered":"<h2>Sigillante istantaneo per bevande fresche<\/h2>\n<p>Se vuoi che i tuoi clienti conservino tutte le propriet\u00e0 dei loro succhi, frullati, t\u00e8 con topping, ecc. IL\u00a0<strong>sigillatrice semiautomatica <span style=\"color: #ff0000;\">A<\/span><span style=\"color: #0000ff;\">R<\/span>C<\/strong> Ti aiuter\u00e0 grazie alla sua velocit\u00e0. Il processo con questo <strong>Aggraffatrice per frullati<\/strong> il sistema di sigillatura semiautomatico dipende solo da un pulsante per attivare il <strong>tappatore del contenitore.<\/strong> L&#039;azionamento termoplastico di questo <strong>Sigillatrice istantanea per vassoi per bevande<\/strong> \u00c8 l&#039;ideale per consentire ai tuoi clienti di gustare i loro succhi naturali, frullati, ecc. in qualsiasi momento.<\/p>\n<h6>Garanzia<strong>\u00a0<\/strong><span style=\"color: #ff0000;\"><strong>A<\/strong><\/span><span style=\"color: #0000ff;\"><strong>R<\/strong><\/span><strong>C 2 ANNI<\/strong><\/h6>\n<h6><span style=\"color: #008000;\">Termosigillatrice efficiente, basso consumo 225W<\/span><\/h6>\n<h6>supporto tecnico incluso<\/h6>","protected":false},"featured_media":4367,"comment_status":"open","ping_status":"closed","template":"","meta":{"wds_primary_product_brand":0,"wds_primary_product_cat":0},"product_brand":[],"product_cat":[45,28],"product_tag":[],"class_list":{"0":"post-4366","1":"product","2":"type-product","3":"status-publish","4":"has-post-thumbnail","6":"product_cat-selladoras-de-induccion","7":"product_cat-tapadoras","8":"product_shipping_class-express","10":"first","11":"instock","12":"sale","13":"taxable","14":"shipping-taxable","15":"purchasable","16":"product-type-simple"},"yoast_head":"<!-- This site is optimized with the Yoast SEO Premium plugin v24.9 (Yoast SEO v26.1) - https:\/\/yoast.com\/wordpress\/plugins\/seo\/ -->\n<title>Selladora de bebidas frescas instant\u00e1nea - distribuci\u00f3n ARC<\/title>\n<meta name=\"robots\" content=\"index, follow, max-snippet:-1, max-image-preview:large, max-video-preview:-1\" \/>\n<link rel=\"canonical\" href=\"https:\/\/distribucionarc.com\/it\/prodotto\/sigillante-per-bevande-fresche-istantanee\/\" \/>\n<meta property=\"og:locale\" content=\"it_IT\" \/>\n<meta property=\"og:type\" content=\"article\" \/>\n<meta property=\"og:title\" content=\"Selladora de bebidas frescas instant\u00e1nea\" \/>\n<meta property=\"og:description\" content=\"Selladora de bebidas frescas instant\u00e1nea Si quiere que sus clientes conserven todas las propiedades de sus zumos, batidos, t\u00e9 con toppings, etc. La\u00a0selladora semiautom\u00e1tica ARC le ayudar\u00e1 gracias a su velocidad. El proceso con esta Cerradora de batidos de sellado semiautom\u00e1tico solo depende de un bot\u00f3n para accionar la tapadora de envases. El accionamiento termopl\u00e1stico de esta Termoselladora\u00a0de bebidas instant\u00e1nea es ideal para que sus clientes disfruten de sus zumos naturales, batidos, etc, en cualquier momento. Garant\u00eda\u00a0ARC 2 A\u00d1OS Selladora t\u00e9rmica eficiente, bajo consumo 225W soporte t\u00e9cnico\u00a0incluido\" \/>\n<meta property=\"og:url\" content=\"https:\/\/distribucionarc.com\/it\/prodotto\/sigillante-per-bevande-fresche-istantanee\/\" \/>\n<meta property=\"og:site_name\" content=\"distribuci\u00f3n ARC\" \/>\n<meta property=\"article:modified_time\" content=\"2022-11-03T23:48:20+00:00\" \/>\n<meta property=\"og:image\" content=\"https:\/\/distribucionarc.com\/wp-content\/uploads\/2021\/01\/Selladora-de-bebidas-frescas-instantanea-0.jpg\" \/>\n\t<meta property=\"og:image:width\" content=\"500\" \/>\n\t<meta property=\"og:image:height\" content=\"500\" \/>\n\t<meta property=\"og:image:type\" content=\"image\/jpeg\" \/>\n<meta name=\"twitter:card\" content=\"summary_large_image\" \/>\n<meta name=\"twitter:label1\" content=\"Tempo di lettura stimato\" \/>\n\t<meta name=\"twitter:data1\" content=\"2 minuti\" \/>\n<script type=\"application\/ld+json\" class=\"yoast-schema-graph\">{\"@context\":\"https:\/\/schema.org\",\"@graph\":[{\"@type\":\"WebPage\",\"@id\":\"https:\/\/distribucionarc.com\/nl\/producto\/selladora-de-bebidas-frescas-instantanea\/\",\"url\":\"https:\/\/distribucionarc.com\/nl\/producto\/selladora-de-bebidas-frescas-instantanea\/\",\"name\":\"Selladora de bebidas frescas instant\u00e1nea - distribuci\u00f3n ARC\",\"isPartOf\":{\"@id\":\"https:\/\/www.distribucionarc.com\/de\/#website\"},\"primaryImageOfPage\":{\"@id\":\"https:\/\/distribucionarc.com\/nl\/producto\/selladora-de-bebidas-frescas-instantanea\/#primaryimage\"},\"image\":{\"@id\":\"https:\/\/distribucionarc.com\/nl\/producto\/selladora-de-bebidas-frescas-instantanea\/#primaryimage\"},\"thumbnailUrl\":\"https:\/\/distribucionarc.com\/wp-content\/uploads\/2021\/01\/Selladora-de-bebidas-frescas-instantanea-0.jpg\",\"datePublished\":\"2021-01-29T12:46:54+00:00\",\"dateModified\":\"2022-11-03T23:48:20+00:00\",\"breadcrumb\":{\"@id\":\"https:\/\/distribucionarc.com\/nl\/producto\/selladora-de-bebidas-frescas-instantanea\/#breadcrumb\"},\"inLanguage\":\"it-IT\",\"potentialAction\":[{\"@type\":\"ReadAction\",\"target\":[\"https:\/\/distribucionarc.com\/nl\/producto\/selladora-de-bebidas-frescas-instantanea\/\"]}]},{\"@type\":\"ImageObject\",\"inLanguage\":\"it-IT\",\"@id\":\"https:\/\/distribucionarc.com\/nl\/producto\/selladora-de-bebidas-frescas-instantanea\/#primaryimage\",\"url\":\"https:\/\/distribucionarc.com\/wp-content\/uploads\/2021\/01\/Selladora-de-bebidas-frescas-instantanea-0.jpg\",\"contentUrl\":\"https:\/\/distribucionarc.com\/wp-content\/uploads\/2021\/01\/Selladora-de-bebidas-frescas-instantanea-0.jpg\",\"width\":500,\"height\":500,\"caption\":\"Selladora de bebidas frescas instant\u00e1nea\"},{\"@type\":\"BreadcrumbList\",\"@id\":\"https:\/\/distribucionarc.com\/nl\/producto\/selladora-de-bebidas-frescas-instantanea\/#breadcrumb\",\"itemListElement\":[{\"@type\":\"ListItem\",\"position\":1,\"name\":\"Portada\",\"item\":\"https:\/\/www.distribucionarc.com\/en\/\"},{\"@type\":\"ListItem\",\"position\":2,\"name\":\"Products\",\"item\":\"https:\/\/www.distribucionarc.com\/en\/shop\/\"},{\"@type\":\"ListItem\",\"position\":3,\"name\":\"Selladora de bebidas frescas instant\u00e1nea\"}]},{\"@type\":\"WebSite\",\"@id\":\"https:\/\/www.distribucionarc.com\/de\/#website\",\"url\":\"https:\/\/www.distribucionarc.com\/de\/\",\"name\":\"distribuci\u00f3n ARC\",\"description\":\"Empresa especializada en la fabricaci\u00f3n y distribuci\u00f3n de maquinaria industrial, selladoras de latas, Maquinas de hacer pastillas, Maquinas de cortar carne...\",\"publisher\":{\"@id\":\"https:\/\/www.distribucionarc.com\/de\/#organization\"},\"potentialAction\":[{\"@type\":\"SearchAction\",\"target\":{\"@type\":\"EntryPoint\",\"urlTemplate\":\"https:\/\/www.distribucionarc.com\/de\/?s={search_term_string}\"},\"query-input\":{\"@type\":\"PropertyValueSpecification\",\"valueRequired\":true,\"valueName\":\"search_term_string\"}}],\"inLanguage\":\"it-IT\"},{\"@type\":\"Organization\",\"@id\":\"https:\/\/www.distribucionarc.com\/de\/#organization\",\"name\":\"Distribuci\u00f3n ARC\",\"url\":\"https:\/\/www.distribucionarc.com\/de\/\",\"logo\":{\"@type\":\"ImageObject\",\"inLanguage\":\"it-IT\",\"@id\":\"https:\/\/www.distribucionarc.com\/de\/#\/schema\/logo\/image\/\",\"url\":\"https:\/\/distribucionarc.com\/wp-content\/uploads\/2024\/10\/distribucion-ARC-COLOR-SIN-FONDO-e1732295305345.png\",\"contentUrl\":\"https:\/\/distribucionarc.com\/wp-content\/uploads\/2024\/10\/distribucion-ARC-COLOR-SIN-FONDO-e1732295305345.png\",\"width\":1164,\"height\":558,\"caption\":\"Distribuci\u00f3n ARC\"},\"image\":{\"@id\":\"https:\/\/www.distribucionarc.com\/de\/#\/schema\/logo\/image\/\"},\"description\":\"Empresa especializada en la fabricaci\u00f3n y distribuci\u00f3n de maquinaria industrial para los sectores alimentario y farmac\u00e9utico. Nos especializamos en: M\u00e1quinas de cortar carne Fabricaci\u00f3n de comprimidos Sistemas de transporte industrial L\u00edneas de embotellado Dosificadores Y mucho m\u00e1s... Ofrecemos soluciones innovadoras y personalizadas para optimizar los procesos productivos de tu empresa.\",\"email\":\"Admistracion@distribucionarc.com\",\"telephone\":\"+34 643496664\",\"legalName\":\"ARC TECH SOLUTIONS\",\"foundingDate\":\"2024-04-09\",\"vatID\":\"B55480172\",\"numberOfEmployees\":{\"@type\":\"QuantitativeValue\",\"minValue\":\"1\",\"maxValue\":\"10\"}}]}<\/script>\n<!-- \/ Yoast SEO Premium plugin. -->","yoast_head_json":{"title":"Sigillatrice istantanea per bevande fresche - distribuzione ARC","robots":{"index":"index","follow":"follow","max-snippet":"max-snippet:-1","max-image-preview":"max-image-preview:large","max-video-preview":"max-video-preview:-1"},"canonical":"https:\/\/distribucionarc.com\/it\/prodotto\/sigillante-per-bevande-fresche-istantanee\/","og_locale":"it_IT","og_type":"article","og_title":"Selladora de bebidas frescas instant\u00e1nea","og_description":"Selladora de bebidas frescas instant\u00e1nea Si quiere que sus clientes conserven todas las propiedades de sus zumos, batidos, t\u00e9 con toppings, etc. La\u00a0selladora semiautom\u00e1tica ARC le ayudar\u00e1 gracias a su velocidad. El proceso con esta Cerradora de batidos de sellado semiautom\u00e1tico solo depende de un bot\u00f3n para accionar la tapadora de envases. El accionamiento termopl\u00e1stico de esta Termoselladora\u00a0de bebidas instant\u00e1nea es ideal para que sus clientes disfruten de sus zumos naturales, batidos, etc, en cualquier momento. Garant\u00eda\u00a0ARC 2 A\u00d1OS Selladora t\u00e9rmica eficiente, bajo consumo 225W soporte t\u00e9cnico\u00a0incluido","og_url":"https:\/\/distribucionarc.com\/it\/prodotto\/sigillante-per-bevande-fresche-istantanee\/","og_site_name":"distribuci\u00f3n ARC","article_modified_time":"2022-11-03T23:48:20+00:00","og_image":[{"width":500,"height":500,"url":"https:\/\/distribucionarc.com\/wp-content\/uploads\/2021\/01\/Selladora-de-bebidas-frescas-instantanea-0.jpg","type":"image\/jpeg"}],"twitter_card":"summary_large_image","twitter_misc":{"Tempo di lettura stimato":"2 minuti"},"schema":{"@context":"https:\/\/schema.org","@graph":[{"@type":"WebPage","@id":"https:\/\/distribucionarc.com\/nl\/producto\/selladora-de-bebidas-frescas-instantanea\/","url":"https:\/\/distribucionarc.com\/nl\/producto\/selladora-de-bebidas-frescas-instantanea\/","name":"Sigillatrice istantanea per bevande fresche - distribuzione ARC","isPartOf":{"@id":"https:\/\/www.distribucionarc.com\/de\/#website"},"primaryImageOfPage":{"@id":"https:\/\/distribucionarc.com\/nl\/producto\/selladora-de-bebidas-frescas-instantanea\/#primaryimage"},"image":{"@id":"https:\/\/distribucionarc.com\/nl\/producto\/selladora-de-bebidas-frescas-instantanea\/#primaryimage"},"thumbnailUrl":"https:\/\/distribucionarc.com\/wp-content\/uploads\/2021\/01\/Selladora-de-bebidas-frescas-instantanea-0.jpg","datePublished":"2021-01-29T12:46:54+00:00","dateModified":"2022-11-03T23:48:20+00:00","breadcrumb":{"@id":"https:\/\/distribucionarc.com\/nl\/producto\/selladora-de-bebidas-frescas-instantanea\/#breadcrumb"},"inLanguage":"it-IT","potentialAction":[{"@type":"ReadAction","target":["https:\/\/distribucionarc.com\/nl\/producto\/selladora-de-bebidas-frescas-instantanea\/"]}]},{"@type":"ImageObject","inLanguage":"it-IT","@id":"https:\/\/distribucionarc.com\/nl\/producto\/selladora-de-bebidas-frescas-instantanea\/#primaryimage","url":"https:\/\/distribucionarc.com\/wp-content\/uploads\/2021\/01\/Selladora-de-bebidas-frescas-instantanea-0.jpg","contentUrl":"https:\/\/distribucionarc.com\/wp-content\/uploads\/2021\/01\/Selladora-de-bebidas-frescas-instantanea-0.jpg","width":500,"height":500,"caption":"Selladora de bebidas frescas instant\u00e1nea"},{"@type":"BreadcrumbList","@id":"https:\/\/distribucionarc.com\/nl\/producto\/selladora-de-bebidas-frescas-instantanea\/#breadcrumb","itemListElement":[{"@type":"ListItem","position":1,"name":"Portada","item":"https:\/\/www.distribucionarc.com\/en\/"},{"@type":"ListItem","position":2,"name":"Products","item":"https:\/\/www.distribucionarc.com\/en\/shop\/"},{"@type":"ListItem","position":3,"name":"Selladora de bebidas frescas instant\u00e1nea"}]},{"@type":"WebSite","@id":"https:\/\/www.distribucionarc.com\/de\/#website","url":"https:\/\/www.distribucionarc.com\/de\/","name":"Distribuzione dell&#039;ARCO","description":"Azienda specializzata nella produzione e distribuzione di macchinari industriali, macchine sigillatrici di lattine, macchine per la produzione di compresse, macchine per il taglio della carne...","publisher":{"@id":"https:\/\/www.distribucionarc.com\/de\/#organization"},"potentialAction":[{"@type":"SearchAction","target":{"@type":"EntryPoint","urlTemplate":"https:\/\/www.distribucionarc.com\/de\/?s={search_term_string}"},"query-input":{"@type":"PropertyValueSpecification","valueRequired":true,"valueName":"search_term_string"}}],"inLanguage":"it-IT"},{"@type":"Organization","@id":"https:\/\/www.distribucionarc.com\/de\/#organization","name":"Distribuzione dell&#039;ARC","url":"https:\/\/www.distribucionarc.com\/de\/","logo":{"@type":"ImageObject","inLanguage":"it-IT","@id":"https:\/\/www.distribucionarc.com\/de\/#\/schema\/logo\/image\/","url":"https:\/\/distribucionarc.com\/wp-content\/uploads\/2024\/10\/distribucion-ARC-COLOR-SIN-FONDO-e1732295305345.png","contentUrl":"https:\/\/distribucionarc.com\/wp-content\/uploads\/2024\/10\/distribucion-ARC-COLOR-SIN-FONDO-e1732295305345.png","width":1164,"height":558,"caption":"Distribuci\u00f3n ARC"},"image":{"@id":"https:\/\/www.distribucionarc.com\/de\/#\/schema\/logo\/image\/"},"description":"Azienda specializzata nella produzione e distribuzione di macchinari industriali per il settore alimentare e farmaceutico. Siamo specializzati in: Macchine per il taglio della carne Produzione di compresse Sistemi di trasporto industriale Linee di imbottigliamento Dispenser E molto altro ancora... Offriamo soluzioni innovative e personalizzate per ottimizzare i processi produttivi della vostra azienda.","email":"Admistracion@distribucionarc.com","telephone":"+34 643496664","legalName":"ARC TECH SOLUTIONS","foundingDate":"2024-04-09","vatID":"B55480172","numberOfEmployees":{"@type":"QuantitativeValue","minValue":"1","maxValue":"10"}}]}},"_links":{"self":[{"href":"https:\/\/distribucionarc.com\/it\/wp-json\/wp\/v2\/product\/4366","targetHints":{"allow":["GET"]}}],"collection":[{"href":"https:\/\/distribucionarc.com\/it\/wp-json\/wp\/v2\/product"}],"about":[{"href":"https:\/\/distribucionarc.com\/it\/wp-json\/wp\/v2\/types\/product"}],"replies":[{"embeddable":true,"href":"https:\/\/distribucionarc.com\/it\/wp-json\/wp\/v2\/comments?post=4366"}],"version-history":[{"count":0,"href":"https:\/\/distribucionarc.com\/it\/wp-json\/wp\/v2\/product\/4366\/revisions"}],"wp:featuredmedia":[{"embeddable":true,"href":"https:\/\/distribucionarc.com\/it\/wp-json\/wp\/v2\/media\/4367"}],"wp:attachment":[{"href":"https:\/\/distribucionarc.com\/it\/wp-json\/wp\/v2\/media?parent=4366"}],"wp:term":[{"taxonomy":"product_brand","embeddable":true,"href":"https:\/\/distribucionarc.com\/it\/wp-json\/wp\/v2\/product_brand?post=4366"},{"taxonomy":"product_cat","embeddable":true,"href":"https:\/\/distribucionarc.com\/it\/wp-json\/wp\/v2\/product_cat?post=4366"},{"taxonomy":"product_tag","embeddable":true,"href":"https:\/\/distribucionarc.com\/it\/wp-json\/wp\/v2\/product_tag?post=4366"}],"curies":[{"name":"wp","href":"https:\/\/api.w.org\/{rel}","templated":true}]}}