{"id":437,"date":"2020-04-18T19:36:10","date_gmt":"2020-04-18T19:36:10","guid":{"rendered":"https:\/\/distribucionarc.com\/?post_type=product&#038;p=437"},"modified":"2022-03-01T16:32:24","modified_gmt":"2022-03-01T16:32:24","slug":"confezionatrice-riempitrice-dosatrice-per-polvere-di-lenticchie-verdure","status":"publish","type":"product","link":"https:\/\/distribucionarc.com\/it\/producto\/empaquetadora-llenadora-de-bolsas-dosificadora-para-polvo-lentejas-legumbres\/","title":{"rendered":"Pressa, Macchina confezionatrice, Riempitrice di sacchi, Dosatore per polvere, Lenticchie e Legumi?"},"content":{"rendered":"<h3 class=\"LC20lb DKV0Md\">Insaccatrice, Pressa, Confezionatrice, Riempitrice per sacchi, Dosatore per Polvere, Lenticchie e Legumi?<\/h3>\n<p>&nbsp;<\/p>\n<p>Macchina confezionatrice 10g\u27961000g<\/p>\n<p>Con la nostra confezionatrice puoi avere una soluzione efficace e di qualit\u00e0 fino a 5.000 sacchetti al giorno. Questa macchina \u00e8 perfetta per erogare arachidi non sbucciate. Questo ci offre una gamma di possibilit\u00e0 per erogare qualsiasi tipo di legume o altro prodotto.<\/p>\n<p>Il sistema di confezionamento \u00e8 semplice, \u00e8 un sistema di vibrazione, mette il prodotto in alto. Puoi programmare la macchina con 3 livelli: morbido\/medio\/veloce Alcuni prodotti funzionano meglio con un livello o un altro Devi selezionare quello che meglio si adatta al tuo prodotto. la tramoggia che ha al suo interno un vibratore per far cadere il prodotto nell&#039;altra tramoggia, che peser\u00e0 il prodotto fino al raggiungimento della tacca di riempimento stabilita dall&#039;operatore, si fermer\u00e0 e aprir\u00e0 la serranda per dosarlo nel sacco<\/p>\n<p>Finiture in acciaio inox 304<\/p>\n<p>La nostra confezionatrice \u00e8 progettata per moduli, in caso di guasto dovrai solo sostituire il modulo, abbiamo una garanzia di 2 anni, le nostre macchine superano un rigoroso controllo di qualit\u00e0<\/p>\n<p>Specifiche:<br \/>\nTipo: riempitrice per polvere per pannelli intelligenti MG-999g<br \/>\nVoltaggio operativo: solo 220V<br \/>\nPotenza: 180 W<br \/>\nVelocit\u00e0: da 10 a 15 sacchetti\/minuto<br \/>\nPortata: 10 \u2796 999 g (regolabile liberamente)<br \/>\nDimensioni: (30 \u2716\ufe0f 50 \u2716\ufe0f 125 cm) 11,8&quot; \u2716\ufe0f 19,68&quot; \u2716\ufe0f 48&quot;<br \/>\nPrecisione: 2 g (a seconda del materiale che stai riempiendo)<br \/>\nMateriale della macchina: acciaio inossidabile<br \/>\nPeso netto: 26Kg<br \/>\nPeso imballo: 38Kg (scatola di legno standard)<br \/>\nGaranzia di qualit\u00e0: 2 anni<\/p>\n<p>Certificato CE<\/p>\n<p>Qui vi lasciamo il video della macchina in funzione<\/p>\n<p><iframe loading=\"lazy\" src=\"https:\/\/www.youtube.com\/embed\/G3fXjF5u1L4\" width=\"560\" height=\"315\" frameborder=\"0\" allowfullscreen=\"allowfullscreen\"><\/iframe><\/p>","protected":false},"excerpt":{"rendered":"<p>Macchina confezionatrice 10g\u27961000g<\/p>\n<p>Qualit\u00e0 con 2\ufe0f\u20e3 anni di garanzia<\/p>\n<p>Supporto tecnico in caso di guasto<\/p>\n<p>Con la nostra confezionatrice puoi avere una soluzione efficace e di qualit\u00e0 fino a 5000 sacchetti al giorno, questa macchina \u00e8 perfetta, la dimensione pi\u00f9 grande che pu\u00f2 dosare arachidi non sbucciate, questo ci d\u00e0 un ventaglio di possibilit\u00e0 per dosare qualsiasi tipo di legume o altro tipo di prodotti.<\/p>","protected":false},"featured_media":445,"comment_status":"open","ping_status":"closed","template":"","meta":{"wds_primary_product_brand":0,"wds_primary_product_cat":0},"product_brand":[],"product_cat":[22,21],"product_tag":[],"class_list":{"0":"post-437","1":"product","2":"type-product","3":"status-publish","4":"has-post-thumbnail","6":"product_cat-llenadora-de-bolsas-granos-y-polvo","7":"product_cat-maquinas-llenadoras","9":"first","10":"instock","11":"sale","12":"taxable","13":"shipping-taxable","14":"purchasable","15":"product-type-simple"},"yoast_head":"<!-- This site is optimized with the Yoast SEO Premium plugin v24.9 (Yoast SEO v26.1) - https:\/\/yoast.com\/wordpress\/plugins\/seo\/ -->\n<title>Empacadora, Empaquetadora, Llenadora de Bolsas, Dosificadora para polvo, Lentejas y Legumbres? - distribuci\u00f3n ARC<\/title>\n<meta name=\"robots\" content=\"index, follow, max-snippet:-1, max-image-preview:large, max-video-preview:-1\" \/>\n<link rel=\"canonical\" href=\"https:\/\/www.distribucionarc.com\/tr\/producto\/empaquetadora-llenadora-de-bolsas-dosificadora-para-polvo-lentejas-legumbres\/\" \/>\n<meta property=\"og:locale\" content=\"it_IT\" \/>\n<meta property=\"og:type\" content=\"article\" \/>\n<meta property=\"og:title\" content=\"Empacadora, Empaquetadora, Llenadora de Bolsas, Dosificadora para polvo, Lentejas y Legumbres?\" \/>\n<meta property=\"og:description\" content=\"Empaquetadora 10g\u27961000g  Calidad con 2\ufe0f\u20e3 a\u00f1os de garant\u00eda  Soporte t\u00e9cnico en caso de aver\u00eda  Con nuestra m\u00e1quina empaquetadora podr\u00e1 tener un soluci\u00f3n eficaz y de calidad hasta\u00a0 5000 bolsas diarias \u00e9sta m\u00e1quina es perfecta el tama\u00f1o m\u00e1s grande que puede dosificar con cacahuetes sin pelar, esto nos da un abanico de posibilidades para dosificar cualquier tipo de legumbre u otro tipo de productos.\" \/>\n<meta property=\"og:url\" content=\"https:\/\/www.distribucionarc.com\/tr\/producto\/empaquetadora-llenadora-de-bolsas-dosificadora-para-polvo-lentejas-legumbres\/\" \/>\n<meta property=\"og:site_name\" content=\"distribuci\u00f3n ARC\" \/>\n<meta property=\"article:modified_time\" content=\"2022-03-01T16:32:24+00:00\" \/>\n<meta property=\"og:image\" content=\"https:\/\/www.distribucionarc.com\/wp-content\/uploads\/2020\/04\/llenadora_dosificadora_polvos_granos_automatica_0.jpg\" \/>\n\t<meta property=\"og:image:width\" content=\"800\" \/>\n\t<meta property=\"og:image:height\" content=\"800\" \/>\n\t<meta property=\"og:image:type\" content=\"image\/jpeg\" \/>\n<meta name=\"twitter:card\" content=\"summary_large_image\" \/>\n<meta name=\"twitter:label1\" content=\"Tempo di lettura stimato\" \/>\n\t<meta name=\"twitter:data1\" content=\"1 minuto\" \/>\n<script type=\"application\/ld+json\" class=\"yoast-schema-graph\">{\"@context\":\"https:\/\/schema.org\",\"@graph\":[{\"@type\":\"WebPage\",\"@id\":\"https:\/\/www.distribucionarc.com\/tr\/producto\/empaquetadora-llenadora-de-bolsas-dosificadora-para-polvo-lentejas-legumbres\/\",\"url\":\"https:\/\/www.distribucionarc.com\/tr\/producto\/empaquetadora-llenadora-de-bolsas-dosificadora-para-polvo-lentejas-legumbres\/\",\"name\":\"Empacadora, Empaquetadora, Llenadora de Bolsas, Dosificadora para polvo, Lentejas y Legumbres? - distribuci\u00f3n ARC\",\"isPartOf\":{\"@id\":\"https:\/\/www.distribucionarc.com\/sl\/#website\"},\"primaryImageOfPage\":{\"@id\":\"https:\/\/www.distribucionarc.com\/tr\/producto\/empaquetadora-llenadora-de-bolsas-dosificadora-para-polvo-lentejas-legumbres\/#primaryimage\"},\"image\":{\"@id\":\"https:\/\/www.distribucionarc.com\/tr\/producto\/empaquetadora-llenadora-de-bolsas-dosificadora-para-polvo-lentejas-legumbres\/#primaryimage\"},\"thumbnailUrl\":\"https:\/\/distribucionarc.com\/wp-content\/uploads\/2020\/04\/llenadora_dosificadora_polvos_granos_automatica_0.jpg\",\"datePublished\":\"2020-04-18T19:36:10+00:00\",\"dateModified\":\"2022-03-01T16:32:24+00:00\",\"breadcrumb\":{\"@id\":\"https:\/\/www.distribucionarc.com\/tr\/producto\/empaquetadora-llenadora-de-bolsas-dosificadora-para-polvo-lentejas-legumbres\/#breadcrumb\"},\"inLanguage\":\"it-IT\",\"potentialAction\":[{\"@type\":\"ReadAction\",\"target\":[\"https:\/\/www.distribucionarc.com\/tr\/producto\/empaquetadora-llenadora-de-bolsas-dosificadora-para-polvo-lentejas-legumbres\/\"]}]},{\"@type\":\"ImageObject\",\"inLanguage\":\"it-IT\",\"@id\":\"https:\/\/www.distribucionarc.com\/tr\/producto\/empaquetadora-llenadora-de-bolsas-dosificadora-para-polvo-lentejas-legumbres\/#primaryimage\",\"url\":\"https:\/\/distribucionarc.com\/wp-content\/uploads\/2020\/04\/llenadora_dosificadora_polvos_granos_automatica_0.jpg\",\"contentUrl\":\"https:\/\/distribucionarc.com\/wp-content\/uploads\/2020\/04\/llenadora_dosificadora_polvos_granos_automatica_0.jpg\",\"width\":800,\"height\":800},{\"@type\":\"BreadcrumbList\",\"@id\":\"https:\/\/www.distribucionarc.com\/tr\/producto\/empaquetadora-llenadora-de-bolsas-dosificadora-para-polvo-lentejas-legumbres\/#breadcrumb\",\"itemListElement\":[{\"@type\":\"ListItem\",\"position\":1,\"name\":\"Portada\",\"item\":\"https:\/\/www.distribucionarc.com\/\"},{\"@type\":\"ListItem\",\"position\":2,\"name\":\"\u00dcr\u00fcnler\",\"item\":\"https:\/\/www.distribucionarc.com\/tr\/magaza\/\"},{\"@type\":\"ListItem\",\"position\":3,\"name\":\"Empacadora, Empaquetadora, Llenadora de Bolsas, Dosificadora para polvo, Lentejas y Legumbres?\"}]},{\"@type\":\"WebSite\",\"@id\":\"https:\/\/www.distribucionarc.com\/sl\/#website\",\"url\":\"https:\/\/www.distribucionarc.com\/sl\/\",\"name\":\"distribuci\u00f3n ARC\",\"description\":\"Empresa especializada en la fabricaci\u00f3n y distribuci\u00f3n de maquinaria industrial, selladoras de latas, Maquinas de hacer pastillas, Maquinas de cortar carne...\",\"publisher\":{\"@id\":\"https:\/\/www.distribucionarc.com\/sl\/#organization\"},\"potentialAction\":[{\"@type\":\"SearchAction\",\"target\":{\"@type\":\"EntryPoint\",\"urlTemplate\":\"https:\/\/www.distribucionarc.com\/sl\/?s={search_term_string}\"},\"query-input\":{\"@type\":\"PropertyValueSpecification\",\"valueRequired\":true,\"valueName\":\"search_term_string\"}}],\"inLanguage\":\"it-IT\"},{\"@type\":\"Organization\",\"@id\":\"https:\/\/www.distribucionarc.com\/sl\/#organization\",\"name\":\"Distribuci\u00f3n ARC\",\"url\":\"https:\/\/www.distribucionarc.com\/sl\/\",\"logo\":{\"@type\":\"ImageObject\",\"inLanguage\":\"it-IT\",\"@id\":\"https:\/\/www.distribucionarc.com\/sl\/#\/schema\/logo\/image\/\",\"url\":\"https:\/\/distribucionarc.com\/wp-content\/uploads\/2024\/10\/distribucion-ARC-COLOR-SIN-FONDO-e1732295305345.png\",\"contentUrl\":\"https:\/\/distribucionarc.com\/wp-content\/uploads\/2024\/10\/distribucion-ARC-COLOR-SIN-FONDO-e1732295305345.png\",\"width\":1164,\"height\":558,\"caption\":\"Distribuci\u00f3n ARC\"},\"image\":{\"@id\":\"https:\/\/www.distribucionarc.com\/sl\/#\/schema\/logo\/image\/\"},\"description\":\"Empresa especializada en la fabricaci\u00f3n y distribuci\u00f3n de maquinaria industrial para los sectores alimentario y farmac\u00e9utico. Nos especializamos en: M\u00e1quinas de cortar carne Fabricaci\u00f3n de comprimidos Sistemas de transporte industrial L\u00edneas de embotellado Dosificadores Y mucho m\u00e1s... Ofrecemos soluciones innovadoras y personalizadas para optimizar los procesos productivos de tu empresa.\",\"email\":\"Admistracion@distribucionarc.com\",\"telephone\":\"+34 643496664\",\"legalName\":\"ARC TECH SOLUTIONS\",\"foundingDate\":\"2024-04-09\",\"vatID\":\"B55480172\",\"numberOfEmployees\":{\"@type\":\"QuantitativeValue\",\"minValue\":\"1\",\"maxValue\":\"10\"}}]}<\/script>\n<!-- \/ Yoast SEO Premium plugin. -->","yoast_head_json":{"title":"Pressa, Macchina confezionatrice, Riempitrice di sacchi, Dosatore per polvere, Lenticchie e Legumi? - Distribuzione dell&#039;ARCO","robots":{"index":"index","follow":"follow","max-snippet":"max-snippet:-1","max-image-preview":"max-image-preview:large","max-video-preview":"max-video-preview:-1"},"canonical":"https:\/\/www.distribucionarc.com\/tr\/producto\/empaquetadora-llenadora-de-bolsas-dosificadora-para-polvo-lentejas-legumbres\/","og_locale":"it_IT","og_type":"article","og_title":"Empacadora, Empaquetadora, Llenadora de Bolsas, Dosificadora para polvo, Lentejas y Legumbres?","og_description":"Empaquetadora 10g\u27961000g  Calidad con 2\ufe0f\u20e3 a\u00f1os de garant\u00eda  Soporte t\u00e9cnico en caso de aver\u00eda  Con nuestra m\u00e1quina empaquetadora podr\u00e1 tener un soluci\u00f3n eficaz y de calidad hasta\u00a0 5000 bolsas diarias \u00e9sta m\u00e1quina es perfecta el tama\u00f1o m\u00e1s grande que puede dosificar con cacahuetes sin pelar, esto nos da un abanico de posibilidades para dosificar cualquier tipo de legumbre u otro tipo de productos.","og_url":"https:\/\/www.distribucionarc.com\/tr\/producto\/empaquetadora-llenadora-de-bolsas-dosificadora-para-polvo-lentejas-legumbres\/","og_site_name":"distribuci\u00f3n ARC","article_modified_time":"2022-03-01T16:32:24+00:00","og_image":[{"width":800,"height":800,"url":"https:\/\/www.distribucionarc.com\/wp-content\/uploads\/2020\/04\/llenadora_dosificadora_polvos_granos_automatica_0.jpg","type":"image\/jpeg"}],"twitter_card":"summary_large_image","twitter_misc":{"Tempo di lettura stimato":"1 minuto"},"schema":{"@context":"https:\/\/schema.org","@graph":[{"@type":"WebPage","@id":"https:\/\/www.distribucionarc.com\/tr\/producto\/empaquetadora-llenadora-de-bolsas-dosificadora-para-polvo-lentejas-legumbres\/","url":"https:\/\/www.distribucionarc.com\/tr\/producto\/empaquetadora-llenadora-de-bolsas-dosificadora-para-polvo-lentejas-legumbres\/","name":"Pressa, Macchina confezionatrice, Riempitrice di sacchi, Dosatore per polvere, Lenticchie e Legumi? - Distribuzione dell&#039;ARCO","isPartOf":{"@id":"https:\/\/www.distribucionarc.com\/sl\/#website"},"primaryImageOfPage":{"@id":"https:\/\/www.distribucionarc.com\/tr\/producto\/empaquetadora-llenadora-de-bolsas-dosificadora-para-polvo-lentejas-legumbres\/#primaryimage"},"image":{"@id":"https:\/\/www.distribucionarc.com\/tr\/producto\/empaquetadora-llenadora-de-bolsas-dosificadora-para-polvo-lentejas-legumbres\/#primaryimage"},"thumbnailUrl":"https:\/\/distribucionarc.com\/wp-content\/uploads\/2020\/04\/llenadora_dosificadora_polvos_granos_automatica_0.jpg","datePublished":"2020-04-18T19:36:10+00:00","dateModified":"2022-03-01T16:32:24+00:00","breadcrumb":{"@id":"https:\/\/www.distribucionarc.com\/tr\/producto\/empaquetadora-llenadora-de-bolsas-dosificadora-para-polvo-lentejas-legumbres\/#breadcrumb"},"inLanguage":"it-IT","potentialAction":[{"@type":"ReadAction","target":["https:\/\/www.distribucionarc.com\/tr\/producto\/empaquetadora-llenadora-de-bolsas-dosificadora-para-polvo-lentejas-legumbres\/"]}]},{"@type":"ImageObject","inLanguage":"it-IT","@id":"https:\/\/www.distribucionarc.com\/tr\/producto\/empaquetadora-llenadora-de-bolsas-dosificadora-para-polvo-lentejas-legumbres\/#primaryimage","url":"https:\/\/distribucionarc.com\/wp-content\/uploads\/2020\/04\/llenadora_dosificadora_polvos_granos_automatica_0.jpg","contentUrl":"https:\/\/distribucionarc.com\/wp-content\/uploads\/2020\/04\/llenadora_dosificadora_polvos_granos_automatica_0.jpg","width":800,"height":800},{"@type":"BreadcrumbList","@id":"https:\/\/www.distribucionarc.com\/tr\/producto\/empaquetadora-llenadora-de-bolsas-dosificadora-para-polvo-lentejas-legumbres\/#breadcrumb","itemListElement":[{"@type":"ListItem","position":1,"name":"Portada","item":"https:\/\/www.distribucionarc.com\/"},{"@type":"ListItem","position":2,"name":"\u00dcr\u00fcnler","item":"https:\/\/www.distribucionarc.com\/tr\/magaza\/"},{"@type":"ListItem","position":3,"name":"Empacadora, Empaquetadora, Llenadora de Bolsas, Dosificadora para polvo, Lentejas y Legumbres?"}]},{"@type":"WebSite","@id":"https:\/\/www.distribucionarc.com\/sl\/#website","url":"https:\/\/www.distribucionarc.com\/sl\/","name":"Distribuzione dell&#039;ARCO","description":"Azienda specializzata nella produzione e distribuzione di macchinari industriali, macchine sigillatrici di lattine, macchine per la produzione di compresse, macchine per il taglio della carne...","publisher":{"@id":"https:\/\/www.distribucionarc.com\/sl\/#organization"},"potentialAction":[{"@type":"SearchAction","target":{"@type":"EntryPoint","urlTemplate":"https:\/\/www.distribucionarc.com\/sl\/?s={search_term_string}"},"query-input":{"@type":"PropertyValueSpecification","valueRequired":true,"valueName":"search_term_string"}}],"inLanguage":"it-IT"},{"@type":"Organization","@id":"https:\/\/www.distribucionarc.com\/sl\/#organization","name":"Distribuzione dell&#039;ARC","url":"https:\/\/www.distribucionarc.com\/sl\/","logo":{"@type":"ImageObject","inLanguage":"it-IT","@id":"https:\/\/www.distribucionarc.com\/sl\/#\/schema\/logo\/image\/","url":"https:\/\/distribucionarc.com\/wp-content\/uploads\/2024\/10\/distribucion-ARC-COLOR-SIN-FONDO-e1732295305345.png","contentUrl":"https:\/\/distribucionarc.com\/wp-content\/uploads\/2024\/10\/distribucion-ARC-COLOR-SIN-FONDO-e1732295305345.png","width":1164,"height":558,"caption":"Distribuci\u00f3n ARC"},"image":{"@id":"https:\/\/www.distribucionarc.com\/sl\/#\/schema\/logo\/image\/"},"description":"Azienda specializzata nella produzione e distribuzione di macchinari industriali per il settore alimentare e farmaceutico. Siamo specializzati in: Macchine per il taglio della carne Produzione di compresse Sistemi di trasporto industriale Linee di imbottigliamento Dispenser E molto altro ancora... Offriamo soluzioni innovative e personalizzate per ottimizzare i processi produttivi della vostra azienda.","email":"Admistracion@distribucionarc.com","telephone":"+34 643496664","legalName":"ARC TECH SOLUTIONS","foundingDate":"2024-04-09","vatID":"B55480172","numberOfEmployees":{"@type":"QuantitativeValue","minValue":"1","maxValue":"10"}}]}},"_links":{"self":[{"href":"https:\/\/distribucionarc.com\/it\/wp-json\/wp\/v2\/product\/437","targetHints":{"allow":["GET"]}}],"collection":[{"href":"https:\/\/distribucionarc.com\/it\/wp-json\/wp\/v2\/product"}],"about":[{"href":"https:\/\/distribucionarc.com\/it\/wp-json\/wp\/v2\/types\/product"}],"replies":[{"embeddable":true,"href":"https:\/\/distribucionarc.com\/it\/wp-json\/wp\/v2\/comments?post=437"}],"version-history":[{"count":0,"href":"https:\/\/distribucionarc.com\/it\/wp-json\/wp\/v2\/product\/437\/revisions"}],"wp:featuredmedia":[{"embeddable":true,"href":"https:\/\/distribucionarc.com\/it\/wp-json\/wp\/v2\/media\/445"}],"wp:attachment":[{"href":"https:\/\/distribucionarc.com\/it\/wp-json\/wp\/v2\/media?parent=437"}],"wp:term":[{"taxonomy":"product_brand","embeddable":true,"href":"https:\/\/distribucionarc.com\/it\/wp-json\/wp\/v2\/product_brand?post=437"},{"taxonomy":"product_cat","embeddable":true,"href":"https:\/\/distribucionarc.com\/it\/wp-json\/wp\/v2\/product_cat?post=437"},{"taxonomy":"product_tag","embeddable":true,"href":"https:\/\/distribucionarc.com\/it\/wp-json\/wp\/v2\/product_tag?post=437"}],"curies":[{"name":"wp","href":"https:\/\/api.w.org\/{rel}","templated":true}]}}