{"id":4925,"date":"2022-10-29T18:52:38","date_gmt":"2022-10-29T18:52:38","guid":{"rendered":"https:\/\/distribucionarc.com\/?post_type=product&#038;p=4925"},"modified":"2023-01-12T08:46:48","modified_gmt":"2023-01-12T08:46:48","slug":"alluminio-coperchio-sigillante-capsule-caffe","status":"publish","type":"product","link":"https:\/\/distribucionarc.com\/it\/producto\/selladora-de-tapa-de-aluminio-capsulas-de-cafe\/","title":{"rendered":"Sigillatore per coperchio in alluminio per capsule di caff\u00e8"},"content":{"rendered":"<table width=\"625\">\n<tbody>\n<tr>\n<td><strong>Modello<\/strong><\/td>\n<td>HARY700<\/td>\n<\/tr>\n<tr>\n<td><strong>Colore<\/strong><\/td>\n<td>argento<\/td>\n<\/tr>\n<tr>\n<td><strong>Misurare<\/strong><\/td>\n<td>400*460*480 (mm)<\/td>\n<\/tr>\n<tr>\n<td><strong>Energia<\/strong><\/td>\n<td>600w<\/td>\n<\/tr>\n<tr>\n<td><strong>materiale<\/strong><\/td>\n<td>Acciaio inossidabile<\/td>\n<\/tr>\n<tr>\n<td><strong>Elettrico<\/strong><\/td>\n<td>210 V-220 V<\/td>\n<\/tr>\n<tr>\n<td><strong>Periodo di garanzia<\/strong><\/td>\n<td>2 anni<\/td>\n<\/tr>\n<tr>\n<td><strong>Limite di temperatura<\/strong><\/td>\n<td>0-400\u2103 (200\u2103 \u00e8 il pi\u00f9 adatto)<\/td>\n<\/tr>\n<tr>\n<td><strong>Velocit\u00e0 di saldatura<\/strong><\/td>\n<td>800-1200 pezzi\/ora<\/td>\n<\/tr>\n<tr>\n<td><strong>Muffa<\/strong><\/td>\n<td>stampo personalizzato da 20 a 30 giorni<\/td>\n<\/tr>\n<tr>\n<td><\/td>\n<td><\/td>\n<\/tr>\n<\/tbody>\n<\/table>","protected":false},"excerpt":{"rendered":"<p>Stampo personalizzato personalizzato<\/p>\n<p>mini vaschette di olio, caff\u00e8, salsa, burro,<\/p>\n<p>&nbsp;<\/p>\n<div style=\"width: 540px;\" class=\"wp-video\"><video class=\"wp-video-shortcode\" id=\"video-4925-1\" width=\"540\" height=\"520\" preload=\"metadata\" controls=\"controls\"><source type=\"video\/mp4\" src=\"https:\/\/distribucionarc.com\/wp-content\/uploads\/2022\/10\/selladora-de-tapa-de-aluminio-capsulas-de-cafe-video.mp4?_=1\" \/><a href=\"https:\/\/distribucionarc.com\/wp-content\/uploads\/2022\/10\/selladora-de-tapa-de-aluminio-capsulas-de-cafe-video.mp4\">https:\/\/distribucionarc.com\/wp-content\/uploads\/2022\/10\/selladora-de-tapa-de-aluminio-capsulas-de-cafe-video.mp4<\/a><\/video><\/div>\n<p>&nbsp;<\/p>\n<p>&nbsp;<\/p>","protected":false},"featured_media":4926,"comment_status":"open","ping_status":"closed","template":"","meta":{"wds_primary_product_brand":0,"wds_primary_product_cat":0},"product_brand":[],"product_cat":[77,28],"product_tag":[],"class_list":{"0":"post-4925","1":"product","2":"type-product","3":"status-publish","4":"has-post-thumbnail","6":"product_cat-selladoras-termicas-laminas-de-aluminio-sin-tapa","7":"product_cat-tapadoras","9":"first","10":"instock","11":"taxable","12":"shipping-taxable","13":"purchasable","14":"product-type-simple"},"yoast_head":"<!-- This site is optimized with the Yoast SEO Premium plugin v24.9 (Yoast SEO v26.1) - https:\/\/yoast.com\/wordpress\/plugins\/seo\/ -->\n<title>selladora de tapa de aluminio capsulas de caf\u00e9 - distribuci\u00f3n ARC<\/title>\n<meta name=\"robots\" content=\"index, follow, max-snippet:-1, max-image-preview:large, max-video-preview:-1\" \/>\n<link rel=\"canonical\" href=\"https:\/\/distribucionarc.com\/it\/prodotto\/alluminio-coperchio-sigillante-capsule-caffe\/\" \/>\n<meta property=\"og:locale\" content=\"it_IT\" \/>\n<meta property=\"og:type\" content=\"article\" \/>\n<meta property=\"og:title\" content=\"selladora de tapa de aluminio capsulas de caf\u00e9\" \/>\n<meta property=\"og:description\" content=\"Molde personalizado a medida  mini tarrinas aceite, caf\u00e9, salsa, mantequilla,  &nbsp;    &nbsp;  &nbsp;\" \/>\n<meta property=\"og:url\" content=\"https:\/\/distribucionarc.com\/it\/prodotto\/alluminio-coperchio-sigillante-capsule-caffe\/\" \/>\n<meta property=\"og:site_name\" content=\"distribuci\u00f3n ARC\" \/>\n<meta property=\"article:modified_time\" content=\"2023-01-12T08:46:48+00:00\" \/>\n<meta property=\"og:image\" content=\"https:\/\/distribucionarc.com\/wp-content\/uploads\/2022\/10\/selladora-de-tapa-de-aluminio-capsulas-de-cafe-a-3.jpg\" \/>\n\t<meta property=\"og:image:width\" content=\"1000\" \/>\n\t<meta property=\"og:image:height\" content=\"1000\" \/>\n\t<meta property=\"og:image:type\" content=\"image\/jpeg\" \/>\n<meta name=\"twitter:card\" content=\"summary_large_image\" \/>\n<script type=\"application\/ld+json\" class=\"yoast-schema-graph\">{\"@context\":\"https:\/\/schema.org\",\"@graph\":[{\"@type\":\"WebPage\",\"@id\":\"https:\/\/distribucionarc.com\/fr\/producto\/selladora-de-tapa-de-aluminio-capsulas-de-cafe\/\",\"url\":\"https:\/\/distribucionarc.com\/fr\/producto\/selladora-de-tapa-de-aluminio-capsulas-de-cafe\/\",\"name\":\"selladora de tapa de aluminio capsulas de caf\u00e9 - distribuci\u00f3n ARC\",\"isPartOf\":{\"@id\":\"https:\/\/distribucionarc.com\/de\/#website\"},\"primaryImageOfPage\":{\"@id\":\"https:\/\/distribucionarc.com\/fr\/producto\/selladora-de-tapa-de-aluminio-capsulas-de-cafe\/#primaryimage\"},\"image\":{\"@id\":\"https:\/\/distribucionarc.com\/fr\/producto\/selladora-de-tapa-de-aluminio-capsulas-de-cafe\/#primaryimage\"},\"thumbnailUrl\":\"https:\/\/distribucionarc.com\/wp-content\/uploads\/2022\/10\/selladora-de-tapa-de-aluminio-capsulas-de-cafe-a-3.jpg\",\"datePublished\":\"2022-10-29T18:52:38+00:00\",\"dateModified\":\"2023-01-12T08:46:48+00:00\",\"breadcrumb\":{\"@id\":\"https:\/\/distribucionarc.com\/fr\/producto\/selladora-de-tapa-de-aluminio-capsulas-de-cafe\/#breadcrumb\"},\"inLanguage\":\"it-IT\",\"potentialAction\":[{\"@type\":\"ReadAction\",\"target\":[\"https:\/\/distribucionarc.com\/fr\/producto\/selladora-de-tapa-de-aluminio-capsulas-de-cafe\/\"]}]},{\"@type\":\"ImageObject\",\"inLanguage\":\"it-IT\",\"@id\":\"https:\/\/distribucionarc.com\/fr\/producto\/selladora-de-tapa-de-aluminio-capsulas-de-cafe\/#primaryimage\",\"url\":\"https:\/\/distribucionarc.com\/wp-content\/uploads\/2022\/10\/selladora-de-tapa-de-aluminio-capsulas-de-cafe-a-3.jpg\",\"contentUrl\":\"https:\/\/distribucionarc.com\/wp-content\/uploads\/2022\/10\/selladora-de-tapa-de-aluminio-capsulas-de-cafe-a-3.jpg\",\"width\":1000,\"height\":1000},{\"@type\":\"BreadcrumbList\",\"@id\":\"https:\/\/distribucionarc.com\/fr\/producto\/selladora-de-tapa-de-aluminio-capsulas-de-cafe\/#breadcrumb\",\"itemListElement\":[{\"@type\":\"ListItem\",\"position\":1,\"name\":\"Portada\",\"item\":\"https:\/\/distribucionarc.com\/pl\/\"},{\"@type\":\"ListItem\",\"position\":2,\"name\":\"Produkty\",\"item\":\"https:\/\/distribucionarc.com\/pl\/shop\/\"},{\"@type\":\"ListItem\",\"position\":3,\"name\":\"selladora de tapa de aluminio capsulas de caf\u00e9\"}]},{\"@type\":\"WebSite\",\"@id\":\"https:\/\/distribucionarc.com\/de\/#website\",\"url\":\"https:\/\/distribucionarc.com\/de\/\",\"name\":\"distribuci\u00f3n ARC\",\"description\":\"Empresa especializada en la fabricaci\u00f3n y distribuci\u00f3n de maquinaria industrial, selladoras de latas, Maquinas de hacer pastillas, Maquinas de cortar carne...\",\"publisher\":{\"@id\":\"https:\/\/distribucionarc.com\/de\/#organization\"},\"potentialAction\":[{\"@type\":\"SearchAction\",\"target\":{\"@type\":\"EntryPoint\",\"urlTemplate\":\"https:\/\/distribucionarc.com\/de\/?s={search_term_string}\"},\"query-input\":{\"@type\":\"PropertyValueSpecification\",\"valueRequired\":true,\"valueName\":\"search_term_string\"}}],\"inLanguage\":\"it-IT\"},{\"@type\":\"Organization\",\"@id\":\"https:\/\/distribucionarc.com\/de\/#organization\",\"name\":\"Distribuci\u00f3n ARC\",\"url\":\"https:\/\/distribucionarc.com\/de\/\",\"logo\":{\"@type\":\"ImageObject\",\"inLanguage\":\"it-IT\",\"@id\":\"https:\/\/distribucionarc.com\/de\/#\/schema\/logo\/image\/\",\"url\":\"https:\/\/distribucionarc.com\/wp-content\/uploads\/2024\/10\/distribucion-ARC-COLOR-SIN-FONDO-e1732295305345.png\",\"contentUrl\":\"https:\/\/distribucionarc.com\/wp-content\/uploads\/2024\/10\/distribucion-ARC-COLOR-SIN-FONDO-e1732295305345.png\",\"width\":1164,\"height\":558,\"caption\":\"Distribuci\u00f3n ARC\"},\"image\":{\"@id\":\"https:\/\/distribucionarc.com\/de\/#\/schema\/logo\/image\/\"},\"description\":\"Empresa especializada en la fabricaci\u00f3n y distribuci\u00f3n de maquinaria industrial para los sectores alimentario y farmac\u00e9utico. Nos especializamos en: M\u00e1quinas de cortar carne Fabricaci\u00f3n de comprimidos Sistemas de transporte industrial L\u00edneas de embotellado Dosificadores Y mucho m\u00e1s... Ofrecemos soluciones innovadoras y personalizadas para optimizar los procesos productivos de tu empresa.\",\"email\":\"Admistracion@distribucionarc.com\",\"telephone\":\"+34 643496664\",\"legalName\":\"ARC TECH SOLUTIONS\",\"foundingDate\":\"2024-04-09\",\"vatID\":\"B55480172\",\"numberOfEmployees\":{\"@type\":\"QuantitativeValue\",\"minValue\":\"1\",\"maxValue\":\"10\"}}]}<\/script>\n<!-- \/ Yoast SEO Premium plugin. -->","yoast_head_json":{"title":"Sigilla coperchio capsule caff\u00e8 in alluminio - distribuzione ARC","robots":{"index":"index","follow":"follow","max-snippet":"max-snippet:-1","max-image-preview":"max-image-preview:large","max-video-preview":"max-video-preview:-1"},"canonical":"https:\/\/distribucionarc.com\/it\/prodotto\/alluminio-coperchio-sigillante-capsule-caffe\/","og_locale":"it_IT","og_type":"article","og_title":"selladora de tapa de aluminio capsulas de caf\u00e9","og_description":"Molde personalizado a medida  mini tarrinas aceite, caf\u00e9, salsa, mantequilla,  &nbsp;    &nbsp;  &nbsp;","og_url":"https:\/\/distribucionarc.com\/it\/prodotto\/alluminio-coperchio-sigillante-capsule-caffe\/","og_site_name":"distribuci\u00f3n ARC","article_modified_time":"2023-01-12T08:46:48+00:00","og_image":[{"width":1000,"height":1000,"url":"https:\/\/distribucionarc.com\/wp-content\/uploads\/2022\/10\/selladora-de-tapa-de-aluminio-capsulas-de-cafe-a-3.jpg","type":"image\/jpeg"}],"twitter_card":"summary_large_image","schema":{"@context":"https:\/\/schema.org","@graph":[{"@type":"WebPage","@id":"https:\/\/distribucionarc.com\/fr\/producto\/selladora-de-tapa-de-aluminio-capsulas-de-cafe\/","url":"https:\/\/distribucionarc.com\/fr\/producto\/selladora-de-tapa-de-aluminio-capsulas-de-cafe\/","name":"Sigilla coperchio capsule caff\u00e8 in alluminio - distribuzione ARC","isPartOf":{"@id":"https:\/\/distribucionarc.com\/de\/#website"},"primaryImageOfPage":{"@id":"https:\/\/distribucionarc.com\/fr\/producto\/selladora-de-tapa-de-aluminio-capsulas-de-cafe\/#primaryimage"},"image":{"@id":"https:\/\/distribucionarc.com\/fr\/producto\/selladora-de-tapa-de-aluminio-capsulas-de-cafe\/#primaryimage"},"thumbnailUrl":"https:\/\/distribucionarc.com\/wp-content\/uploads\/2022\/10\/selladora-de-tapa-de-aluminio-capsulas-de-cafe-a-3.jpg","datePublished":"2022-10-29T18:52:38+00:00","dateModified":"2023-01-12T08:46:48+00:00","breadcrumb":{"@id":"https:\/\/distribucionarc.com\/fr\/producto\/selladora-de-tapa-de-aluminio-capsulas-de-cafe\/#breadcrumb"},"inLanguage":"it-IT","potentialAction":[{"@type":"ReadAction","target":["https:\/\/distribucionarc.com\/fr\/producto\/selladora-de-tapa-de-aluminio-capsulas-de-cafe\/"]}]},{"@type":"ImageObject","inLanguage":"it-IT","@id":"https:\/\/distribucionarc.com\/fr\/producto\/selladora-de-tapa-de-aluminio-capsulas-de-cafe\/#primaryimage","url":"https:\/\/distribucionarc.com\/wp-content\/uploads\/2022\/10\/selladora-de-tapa-de-aluminio-capsulas-de-cafe-a-3.jpg","contentUrl":"https:\/\/distribucionarc.com\/wp-content\/uploads\/2022\/10\/selladora-de-tapa-de-aluminio-capsulas-de-cafe-a-3.jpg","width":1000,"height":1000},{"@type":"BreadcrumbList","@id":"https:\/\/distribucionarc.com\/fr\/producto\/selladora-de-tapa-de-aluminio-capsulas-de-cafe\/#breadcrumb","itemListElement":[{"@type":"ListItem","position":1,"name":"Portada","item":"https:\/\/distribucionarc.com\/pl\/"},{"@type":"ListItem","position":2,"name":"Produkty","item":"https:\/\/distribucionarc.com\/pl\/shop\/"},{"@type":"ListItem","position":3,"name":"selladora de tapa de aluminio capsulas de caf\u00e9"}]},{"@type":"WebSite","@id":"https:\/\/distribucionarc.com\/de\/#website","url":"https:\/\/distribucionarc.com\/de\/","name":"Distribuzione dell&#039;ARCO","description":"Azienda specializzata nella produzione e distribuzione di macchinari industriali, macchine sigillatrici di lattine, macchine per la produzione di compresse, macchine per il taglio della carne...","publisher":{"@id":"https:\/\/distribucionarc.com\/de\/#organization"},"potentialAction":[{"@type":"SearchAction","target":{"@type":"EntryPoint","urlTemplate":"https:\/\/distribucionarc.com\/de\/?s={search_term_string}"},"query-input":{"@type":"PropertyValueSpecification","valueRequired":true,"valueName":"search_term_string"}}],"inLanguage":"it-IT"},{"@type":"Organization","@id":"https:\/\/distribucionarc.com\/de\/#organization","name":"Distribuzione dell&#039;ARC","url":"https:\/\/distribucionarc.com\/de\/","logo":{"@type":"ImageObject","inLanguage":"it-IT","@id":"https:\/\/distribucionarc.com\/de\/#\/schema\/logo\/image\/","url":"https:\/\/distribucionarc.com\/wp-content\/uploads\/2024\/10\/distribucion-ARC-COLOR-SIN-FONDO-e1732295305345.png","contentUrl":"https:\/\/distribucionarc.com\/wp-content\/uploads\/2024\/10\/distribucion-ARC-COLOR-SIN-FONDO-e1732295305345.png","width":1164,"height":558,"caption":"Distribuci\u00f3n ARC"},"image":{"@id":"https:\/\/distribucionarc.com\/de\/#\/schema\/logo\/image\/"},"description":"Azienda specializzata nella produzione e distribuzione di macchinari industriali per il settore alimentare e farmaceutico. Siamo specializzati in: Macchine per il taglio della carne Produzione di compresse Sistemi di trasporto industriale Linee di imbottigliamento Dispenser E molto altro ancora... Offriamo soluzioni innovative e personalizzate per ottimizzare i processi produttivi della vostra azienda.","email":"Admistracion@distribucionarc.com","telephone":"+34 643496664","legalName":"ARC TECH SOLUTIONS","foundingDate":"2024-04-09","vatID":"B55480172","numberOfEmployees":{"@type":"QuantitativeValue","minValue":"1","maxValue":"10"}}]}},"_links":{"self":[{"href":"https:\/\/distribucionarc.com\/it\/wp-json\/wp\/v2\/product\/4925","targetHints":{"allow":["GET"]}}],"collection":[{"href":"https:\/\/distribucionarc.com\/it\/wp-json\/wp\/v2\/product"}],"about":[{"href":"https:\/\/distribucionarc.com\/it\/wp-json\/wp\/v2\/types\/product"}],"replies":[{"embeddable":true,"href":"https:\/\/distribucionarc.com\/it\/wp-json\/wp\/v2\/comments?post=4925"}],"version-history":[{"count":0,"href":"https:\/\/distribucionarc.com\/it\/wp-json\/wp\/v2\/product\/4925\/revisions"}],"wp:featuredmedia":[{"embeddable":true,"href":"https:\/\/distribucionarc.com\/it\/wp-json\/wp\/v2\/media\/4926"}],"wp:attachment":[{"href":"https:\/\/distribucionarc.com\/it\/wp-json\/wp\/v2\/media?parent=4925"}],"wp:term":[{"taxonomy":"product_brand","embeddable":true,"href":"https:\/\/distribucionarc.com\/it\/wp-json\/wp\/v2\/product_brand?post=4925"},{"taxonomy":"product_cat","embeddable":true,"href":"https:\/\/distribucionarc.com\/it\/wp-json\/wp\/v2\/product_cat?post=4925"},{"taxonomy":"product_tag","embeddable":true,"href":"https:\/\/distribucionarc.com\/it\/wp-json\/wp\/v2\/product_tag?post=4925"}],"curies":[{"name":"wp","href":"https:\/\/api.w.org\/{rel}","templated":true}]}}