{"id":5393,"date":"2023-03-31T09:36:10","date_gmt":"2023-03-31T09:36:10","guid":{"rendered":"https:\/\/distribucionarc.com\/?post_type=product&#038;p=5393"},"modified":"2023-03-31T12:11:29","modified_gmt":"2023-03-31T12:11:29","slug":"etichettatrice-vaso-bottiglia-olio-birra-vino-semiautomatica","status":"publish","type":"product","link":"https:\/\/distribucionarc.com\/it\/producto\/maquina-etiquetadora-de-botellas-tarros-semi-automatica-cerveza-vino-aceite\/","title":{"rendered":"Etichettatrice semiautomatica per bottiglie, vasetti per birra, vino, olio"},"content":{"rendered":"<p>Specifiche tecniche Etichettatrice semiautomatica per bottiglie, Pet<\/p>\n<table style=\"height: 1306px;\" width=\"829\">\n<tbody>\n<tr>\n<td><span style=\"font-weight: 400;\">Parametro<\/span><\/td>\n<td><span style=\"font-weight: 400;\">Dati<\/span><\/td>\n<\/tr>\n<tr>\n<td><span style=\"font-weight: 400;\">Specifica dell&#039;etichetta<\/span><\/td>\n<td><span style=\"font-weight: 400;\">Adesivo adesivo, trasparente o opaco<\/span><\/td>\n<\/tr>\n<tr>\n<td><span style=\"font-weight: 400;\">Tolleranza sull&#039;etichettatura<\/span><\/td>\n<td><span style=\"font-weight: 400;\">\u00b10,5 mm<\/span><\/td>\n<\/tr>\n<tr>\n<td><span style=\"font-weight: 400;\">Capacit\u00e0 (unit\u00e0\/min)<\/span><\/td>\n<td><span style=\"font-weight: 400;\">15 ~ 30<\/span><\/td>\n<\/tr>\n<tr>\n<td><span style=\"font-weight: 400;\">Dimensioni bottiglia (mm)<\/span><\/td>\n<td><span style=\"font-weight: 400;\">\u00d815 ~ \u00d8155 Regolabile<\/span><\/td>\n<\/tr>\n<tr>\n<td><span style=\"font-weight: 400;\">Dimensioni etichetta (mm)<\/span><\/td>\n<td><span style=\"font-weight: 400;\">L: 20-400; L(A): 20-220<\/span><\/td>\n<\/tr>\n<tr>\n<td><span style=\"font-weight: 400;\">Dimensioni della macchina (L*W*H)<\/span><\/td>\n<td><span style=\"font-weight: 400;\">\u2248920*470*560 (mm)<\/span><\/td>\n<\/tr>\n<tr>\n<td><span style=\"font-weight: 400;\">Dimensioni della confezione (L*W*H)<\/span><\/td>\n<td><span style=\"font-weight: 400;\">\u2248 1020*660*740 (mm)<\/span><\/td>\n<\/tr>\n<tr>\n<td><span style=\"font-weight: 400;\">Voltaggio<\/span><\/td>\n<td><span style=\"font-weight: 400;\">220V\/110V 50(60)HZ;<\/span><\/td>\n<\/tr>\n<tr>\n<td><span style=\"font-weight: 400;\">Energia<\/span><\/td>\n<td><span style=\"font-weight: 400;\">120 W<\/span><\/td>\n<\/tr>\n<tr>\n<td><span style=\"font-weight: 400;\">NO (KG)<\/span><\/td>\n<td><span style=\"font-weight: 400;\">\u2248 45,0<\/span><\/td>\n<\/tr>\n<tr>\n<td><span style=\"font-weight: 400;\">GW (KG)<\/span><\/td>\n<td><span style=\"font-weight: 400;\">\u2248 67,5<\/span><\/td>\n<\/tr>\n<tr>\n<td><span style=\"font-weight: 400;\">Rotolo di etichette<\/span><\/td>\n<td><span style=\"font-weight: 400;\">Diametro interno: \u00d876mm; Diametro esterno: \u2264300mm<\/span><\/td>\n<\/tr>\n<tr>\n<td><span style=\"font-weight: 400;\">Fornitura d&#039;aria<\/span><\/td>\n<td><span style=\"font-weight: 400;\">0,4~0,6 MPa<\/span><\/td>\n<\/tr>\n<tr>\n<td><span style=\"font-weight: 400;\">Applicazione di base<\/span><\/td>\n<td><span style=\"font-weight: 400;\">* Per tutti i tipi di <\/span><b>etichettatura di oggetti cilindrici<\/b><span style=\"font-weight: 400;\"> e conici, come lo xilitolo, <\/span><b>flaconi per la cosmetica<\/b><span style=\"font-weight: 400;\">, <\/span><b>bottiglie di vino<\/b><span style=\"font-weight: 400;\">.<\/span><\/p>\n<p><span style=\"font-weight: 400;\">* \u00c8 possibile avvolgere un&#039;etichetta attorno all&#039;etichetta, due etichette sull&#039;etichetta anteriore e posteriore e l&#039;etichetta di orientamento.<\/span><\/p>\n<p><span style=\"font-weight: 400;\">* \u00c8 possibile aggiungere la stampante della data per stampare la data di produzione, il lotto e la data di scadenza durante l&#039;etichettatura.<\/span><\/p>\n<p><span style=\"font-weight: 400;\">* Ampiamente usato nell&#039;industria alimentare, cosmetica, chimica, farmaceutica e di altro tipo.<\/span><\/p>\n<p><span style=\"font-weight: 400;\">*Supporta la personalizzazione. In magazzino.<\/span><\/td>\n<\/tr>\n<\/tbody>\n<\/table>\n<p>&nbsp;<\/p>","protected":false},"excerpt":{"rendered":"<p><span style=\"font-weight: 400;\">IL <strong>etichettatrice per bottiglie<\/strong> e vasi semiautomatici \u00e8 uno strumento essenziale nella produzione e nel confezionamento di alimenti e bevande liquidi come birra, vino e olio. Questa macchina \u00e8 responsabile <strong>contenitori per etichette<\/strong> in modo rapido ed efficiente, aumentando la produttivit\u00e0 e riducendo i costi di manodopera.<\/span><\/p>\n<p><span style=\"font-weight: 400;\">La macchina <strong>etichettatrice semiautomatica<\/strong> \u00c8 facile da usare e progettato per adattarsi a diverse dimensioni e forme di bottiglie e barattoli.<\/span><\/p>\n<div style=\"width: 520px;\" class=\"wp-video\"><video class=\"wp-video-shortcode\" id=\"video-5393-1\" width=\"520\" height=\"560\" preload=\"metadata\" controls=\"controls\"><source type=\"video\/mp4\" src=\"https:\/\/distribucionarc.com\/wp-content\/uploads\/2023\/03\/etiquetadoras-manuales.mp4?_=1\" \/><a href=\"https:\/\/distribucionarc.com\/wp-content\/uploads\/2023\/03\/etiquetadoras-manuales.mp4\">https:\/\/distribucionarc.com\/wp-content\/uploads\/2023\/03\/etiquetadoras-manuales.mp4<\/a><\/video><\/div>","protected":false},"featured_media":5398,"comment_status":"open","ping_status":"closed","template":"","meta":{"wds_primary_product_brand":0,"wds_primary_product_cat":0},"product_brand":[],"product_cat":[44],"product_tag":[],"class_list":{"0":"post-5393","1":"product","2":"type-product","3":"status-publish","4":"has-post-thumbnail","6":"product_cat-etiquetadoras-de-botellas","7":"product_shipping_class-express","9":"first","10":"instock","11":"sale","12":"taxable","13":"shipping-taxable","14":"purchasable","15":"product-type-simple"},"yoast_head":"<!-- This site is optimized with the Yoast SEO Premium plugin v24.9 (Yoast SEO v26.1) - https:\/\/yoast.com\/wordpress\/plugins\/seo\/ -->\n<title>Maquina Etiquetadora de botellas, tarros semi automatica cerveza, vino, aceite - distribuci\u00f3n ARC<\/title>\n<meta name=\"robots\" content=\"index, follow, max-snippet:-1, max-image-preview:large, max-video-preview:-1\" \/>\n<link rel=\"canonical\" href=\"https:\/\/distribucionarc.com\/it\/prodotto\/etichettatrice-vaso-bottiglia-olio-birra-vino-semiautomatica\/\" \/>\n<meta property=\"og:locale\" content=\"it_IT\" \/>\n<meta property=\"og:type\" content=\"article\" \/>\n<meta property=\"og:title\" content=\"Maquina Etiquetadora de botellas, tarros semi automatica cerveza, vino, aceite\" \/>\n<meta property=\"og:description\" content=\"La m\u00e1quina etiquetadora de botellas y tarros semi-autom\u00e1tica es una herramienta esencial en la producci\u00f3n y envasado de bebidas y alimentos l\u00edquidos como cerveza, vino y aceite. Esta m\u00e1quina se encarga de etiquetar los envases de manera r\u00e1pida y eficiente, lo que aumenta la productividad y reduce los costos de mano de obra.  La m\u00e1quina etiquetadora semi-autom\u00e1tica es f\u00e1cil de usar y est\u00e1 dise\u00f1ada para adaptarse a diferentes tama\u00f1os y formas de botellas y tarros.\" \/>\n<meta property=\"og:url\" content=\"https:\/\/distribucionarc.com\/it\/prodotto\/etichettatrice-vaso-bottiglia-olio-birra-vino-semiautomatica\/\" \/>\n<meta property=\"og:site_name\" content=\"distribuci\u00f3n ARC\" \/>\n<meta property=\"article:modified_time\" content=\"2023-03-31T12:11:29+00:00\" \/>\n<meta property=\"og:image\" content=\"https:\/\/distribucionarc.com\/wp-content\/uploads\/2023\/03\/etiquetadora-de-botellas.jpg\" \/>\n\t<meta property=\"og:image:width\" content=\"480\" \/>\n\t<meta property=\"og:image:height\" content=\"480\" \/>\n\t<meta property=\"og:image:type\" content=\"image\/jpeg\" \/>\n<meta name=\"twitter:card\" content=\"summary_large_image\" \/>\n<meta name=\"twitter:label1\" content=\"Tempo di lettura stimato\" \/>\n\t<meta name=\"twitter:data1\" content=\"1 minuto\" \/>\n<script type=\"application\/ld+json\" class=\"yoast-schema-graph\">{\"@context\":\"https:\/\/schema.org\",\"@graph\":[{\"@type\":\"WebPage\",\"@id\":\"https:\/\/distribucionarc.com\/nb\/producto\/maquina-etiquetadora-de-botellas-tarros-semi-automatica-cerveza-vino-aceite\/\",\"url\":\"https:\/\/distribucionarc.com\/nb\/producto\/maquina-etiquetadora-de-botellas-tarros-semi-automatica-cerveza-vino-aceite\/\",\"name\":\"Maquina Etiquetadora de botellas, tarros semi automatica cerveza, vino, aceite - distribuci\u00f3n ARC\",\"isPartOf\":{\"@id\":\"https:\/\/distribucionarc.com\/ro\/#website\"},\"primaryImageOfPage\":{\"@id\":\"https:\/\/distribucionarc.com\/nb\/producto\/maquina-etiquetadora-de-botellas-tarros-semi-automatica-cerveza-vino-aceite\/#primaryimage\"},\"image\":{\"@id\":\"https:\/\/distribucionarc.com\/nb\/producto\/maquina-etiquetadora-de-botellas-tarros-semi-automatica-cerveza-vino-aceite\/#primaryimage\"},\"thumbnailUrl\":\"https:\/\/distribucionarc.com\/wp-content\/uploads\/2023\/03\/etiquetadora-de-botellas.jpg\",\"datePublished\":\"2023-03-31T09:36:10+00:00\",\"dateModified\":\"2023-03-31T12:11:29+00:00\",\"breadcrumb\":{\"@id\":\"https:\/\/distribucionarc.com\/nb\/producto\/maquina-etiquetadora-de-botellas-tarros-semi-automatica-cerveza-vino-aceite\/#breadcrumb\"},\"inLanguage\":\"it-IT\",\"potentialAction\":[{\"@type\":\"ReadAction\",\"target\":[\"https:\/\/distribucionarc.com\/nb\/producto\/maquina-etiquetadora-de-botellas-tarros-semi-automatica-cerveza-vino-aceite\/\"]}]},{\"@type\":\"ImageObject\",\"inLanguage\":\"it-IT\",\"@id\":\"https:\/\/distribucionarc.com\/nb\/producto\/maquina-etiquetadora-de-botellas-tarros-semi-automatica-cerveza-vino-aceite\/#primaryimage\",\"url\":\"https:\/\/distribucionarc.com\/wp-content\/uploads\/2023\/03\/etiquetadora-de-botellas.jpg\",\"contentUrl\":\"https:\/\/distribucionarc.com\/wp-content\/uploads\/2023\/03\/etiquetadora-de-botellas.jpg\",\"width\":480,\"height\":480},{\"@type\":\"BreadcrumbList\",\"@id\":\"https:\/\/distribucionarc.com\/nb\/producto\/maquina-etiquetadora-de-botellas-tarros-semi-automatica-cerveza-vino-aceite\/#breadcrumb\",\"itemListElement\":[{\"@type\":\"ListItem\",\"position\":1,\"name\":\"Portada\",\"item\":\"https:\/\/distribucionarc.com\/ar\/\"},{\"@type\":\"ListItem\",\"position\":2,\"name\":\"Proizvodi\",\"item\":\"https:\/\/www.distribucionarc.com\/hr\/ducan\/\"},{\"@type\":\"ListItem\",\"position\":3,\"name\":\"Maquina Etiquetadora de botellas, tarros semi automatica cerveza, vino, aceite\"}]},{\"@type\":\"WebSite\",\"@id\":\"https:\/\/distribucionarc.com\/ro\/#website\",\"url\":\"https:\/\/distribucionarc.com\/ro\/\",\"name\":\"distribuci\u00f3n ARC\",\"description\":\"Empresa especializada en la fabricaci\u00f3n y distribuci\u00f3n de maquinaria industrial, selladoras de latas, Maquinas de hacer pastillas, Maquinas de cortar carne...\",\"publisher\":{\"@id\":\"https:\/\/distribucionarc.com\/ro\/#organization\"},\"potentialAction\":[{\"@type\":\"SearchAction\",\"target\":{\"@type\":\"EntryPoint\",\"urlTemplate\":\"https:\/\/distribucionarc.com\/ro\/?s={search_term_string}\"},\"query-input\":{\"@type\":\"PropertyValueSpecification\",\"valueRequired\":true,\"valueName\":\"search_term_string\"}}],\"inLanguage\":\"it-IT\"},{\"@type\":\"Organization\",\"@id\":\"https:\/\/distribucionarc.com\/ro\/#organization\",\"name\":\"Distribuci\u00f3n ARC\",\"url\":\"https:\/\/distribucionarc.com\/ro\/\",\"logo\":{\"@type\":\"ImageObject\",\"inLanguage\":\"it-IT\",\"@id\":\"https:\/\/distribucionarc.com\/ro\/#\/schema\/logo\/image\/\",\"url\":\"https:\/\/distribucionarc.com\/wp-content\/uploads\/2024\/10\/distribucion-ARC-COLOR-SIN-FONDO-e1732295305345.png\",\"contentUrl\":\"https:\/\/distribucionarc.com\/wp-content\/uploads\/2024\/10\/distribucion-ARC-COLOR-SIN-FONDO-e1732295305345.png\",\"width\":1164,\"height\":558,\"caption\":\"Distribuci\u00f3n ARC\"},\"image\":{\"@id\":\"https:\/\/distribucionarc.com\/ro\/#\/schema\/logo\/image\/\"},\"description\":\"Empresa especializada en la fabricaci\u00f3n y distribuci\u00f3n de maquinaria industrial para los sectores alimentario y farmac\u00e9utico. Nos especializamos en: M\u00e1quinas de cortar carne Fabricaci\u00f3n de comprimidos Sistemas de transporte industrial L\u00edneas de embotellado Dosificadores Y mucho m\u00e1s... Ofrecemos soluciones innovadoras y personalizadas para optimizar los procesos productivos de tu empresa.\",\"email\":\"Admistracion@distribucionarc.com\",\"telephone\":\"+34 643496664\",\"legalName\":\"ARC TECH SOLUTIONS\",\"foundingDate\":\"2024-04-09\",\"vatID\":\"B55480172\",\"numberOfEmployees\":{\"@type\":\"QuantitativeValue\",\"minValue\":\"1\",\"maxValue\":\"10\"}}]}<\/script>\n<!-- \/ Yoast SEO Premium plugin. -->","yoast_head_json":{"title":"Etichettatrice semiautomatica per bottiglie, vasetti per birra, vino, olio - distribuzione ARC","robots":{"index":"index","follow":"follow","max-snippet":"max-snippet:-1","max-image-preview":"max-image-preview:large","max-video-preview":"max-video-preview:-1"},"canonical":"https:\/\/distribucionarc.com\/it\/prodotto\/etichettatrice-vaso-bottiglia-olio-birra-vino-semiautomatica\/","og_locale":"it_IT","og_type":"article","og_title":"Maquina Etiquetadora de botellas, tarros semi automatica cerveza, vino, aceite","og_description":"La m\u00e1quina etiquetadora de botellas y tarros semi-autom\u00e1tica es una herramienta esencial en la producci\u00f3n y envasado de bebidas y alimentos l\u00edquidos como cerveza, vino y aceite. Esta m\u00e1quina se encarga de etiquetar los envases de manera r\u00e1pida y eficiente, lo que aumenta la productividad y reduce los costos de mano de obra.  La m\u00e1quina etiquetadora semi-autom\u00e1tica es f\u00e1cil de usar y est\u00e1 dise\u00f1ada para adaptarse a diferentes tama\u00f1os y formas de botellas y tarros.","og_url":"https:\/\/distribucionarc.com\/it\/prodotto\/etichettatrice-vaso-bottiglia-olio-birra-vino-semiautomatica\/","og_site_name":"distribuci\u00f3n ARC","article_modified_time":"2023-03-31T12:11:29+00:00","og_image":[{"width":480,"height":480,"url":"https:\/\/distribucionarc.com\/wp-content\/uploads\/2023\/03\/etiquetadora-de-botellas.jpg","type":"image\/jpeg"}],"twitter_card":"summary_large_image","twitter_misc":{"Tempo di lettura stimato":"1 minuto"},"schema":{"@context":"https:\/\/schema.org","@graph":[{"@type":"WebPage","@id":"https:\/\/distribucionarc.com\/nb\/producto\/maquina-etiquetadora-de-botellas-tarros-semi-automatica-cerveza-vino-aceite\/","url":"https:\/\/distribucionarc.com\/nb\/producto\/maquina-etiquetadora-de-botellas-tarros-semi-automatica-cerveza-vino-aceite\/","name":"Etichettatrice semiautomatica per bottiglie, vasetti per birra, vino, olio - distribuzione ARC","isPartOf":{"@id":"https:\/\/distribucionarc.com\/ro\/#website"},"primaryImageOfPage":{"@id":"https:\/\/distribucionarc.com\/nb\/producto\/maquina-etiquetadora-de-botellas-tarros-semi-automatica-cerveza-vino-aceite\/#primaryimage"},"image":{"@id":"https:\/\/distribucionarc.com\/nb\/producto\/maquina-etiquetadora-de-botellas-tarros-semi-automatica-cerveza-vino-aceite\/#primaryimage"},"thumbnailUrl":"https:\/\/distribucionarc.com\/wp-content\/uploads\/2023\/03\/etiquetadora-de-botellas.jpg","datePublished":"2023-03-31T09:36:10+00:00","dateModified":"2023-03-31T12:11:29+00:00","breadcrumb":{"@id":"https:\/\/distribucionarc.com\/nb\/producto\/maquina-etiquetadora-de-botellas-tarros-semi-automatica-cerveza-vino-aceite\/#breadcrumb"},"inLanguage":"it-IT","potentialAction":[{"@type":"ReadAction","target":["https:\/\/distribucionarc.com\/nb\/producto\/maquina-etiquetadora-de-botellas-tarros-semi-automatica-cerveza-vino-aceite\/"]}]},{"@type":"ImageObject","inLanguage":"it-IT","@id":"https:\/\/distribucionarc.com\/nb\/producto\/maquina-etiquetadora-de-botellas-tarros-semi-automatica-cerveza-vino-aceite\/#primaryimage","url":"https:\/\/distribucionarc.com\/wp-content\/uploads\/2023\/03\/etiquetadora-de-botellas.jpg","contentUrl":"https:\/\/distribucionarc.com\/wp-content\/uploads\/2023\/03\/etiquetadora-de-botellas.jpg","width":480,"height":480},{"@type":"BreadcrumbList","@id":"https:\/\/distribucionarc.com\/nb\/producto\/maquina-etiquetadora-de-botellas-tarros-semi-automatica-cerveza-vino-aceite\/#breadcrumb","itemListElement":[{"@type":"ListItem","position":1,"name":"Portada","item":"https:\/\/distribucionarc.com\/ar\/"},{"@type":"ListItem","position":2,"name":"Proizvodi","item":"https:\/\/www.distribucionarc.com\/hr\/ducan\/"},{"@type":"ListItem","position":3,"name":"Maquina Etiquetadora de botellas, tarros semi automatica cerveza, vino, aceite"}]},{"@type":"WebSite","@id":"https:\/\/distribucionarc.com\/ro\/#website","url":"https:\/\/distribucionarc.com\/ro\/","name":"Distribuzione dell&#039;ARCO","description":"Azienda specializzata nella produzione e distribuzione di macchinari industriali, macchine sigillatrici di lattine, macchine per la produzione di compresse, macchine per il taglio della carne...","publisher":{"@id":"https:\/\/distribucionarc.com\/ro\/#organization"},"potentialAction":[{"@type":"SearchAction","target":{"@type":"EntryPoint","urlTemplate":"https:\/\/distribucionarc.com\/ro\/?s={search_term_string}"},"query-input":{"@type":"PropertyValueSpecification","valueRequired":true,"valueName":"search_term_string"}}],"inLanguage":"it-IT"},{"@type":"Organization","@id":"https:\/\/distribucionarc.com\/ro\/#organization","name":"Distribuzione dell&#039;ARC","url":"https:\/\/distribucionarc.com\/ro\/","logo":{"@type":"ImageObject","inLanguage":"it-IT","@id":"https:\/\/distribucionarc.com\/ro\/#\/schema\/logo\/image\/","url":"https:\/\/distribucionarc.com\/wp-content\/uploads\/2024\/10\/distribucion-ARC-COLOR-SIN-FONDO-e1732295305345.png","contentUrl":"https:\/\/distribucionarc.com\/wp-content\/uploads\/2024\/10\/distribucion-ARC-COLOR-SIN-FONDO-e1732295305345.png","width":1164,"height":558,"caption":"Distribuci\u00f3n ARC"},"image":{"@id":"https:\/\/distribucionarc.com\/ro\/#\/schema\/logo\/image\/"},"description":"Azienda specializzata nella produzione e distribuzione di macchinari industriali per il settore alimentare e farmaceutico. Siamo specializzati in: Macchine per il taglio della carne Produzione di compresse Sistemi di trasporto industriale Linee di imbottigliamento Dispenser E molto altro ancora... Offriamo soluzioni innovative e personalizzate per ottimizzare i processi produttivi della vostra azienda.","email":"Admistracion@distribucionarc.com","telephone":"+34 643496664","legalName":"ARC TECH SOLUTIONS","foundingDate":"2024-04-09","vatID":"B55480172","numberOfEmployees":{"@type":"QuantitativeValue","minValue":"1","maxValue":"10"}}]}},"_links":{"self":[{"href":"https:\/\/distribucionarc.com\/it\/wp-json\/wp\/v2\/product\/5393","targetHints":{"allow":["GET"]}}],"collection":[{"href":"https:\/\/distribucionarc.com\/it\/wp-json\/wp\/v2\/product"}],"about":[{"href":"https:\/\/distribucionarc.com\/it\/wp-json\/wp\/v2\/types\/product"}],"replies":[{"embeddable":true,"href":"https:\/\/distribucionarc.com\/it\/wp-json\/wp\/v2\/comments?post=5393"}],"version-history":[{"count":0,"href":"https:\/\/distribucionarc.com\/it\/wp-json\/wp\/v2\/product\/5393\/revisions"}],"wp:featuredmedia":[{"embeddable":true,"href":"https:\/\/distribucionarc.com\/it\/wp-json\/wp\/v2\/media\/5398"}],"wp:attachment":[{"href":"https:\/\/distribucionarc.com\/it\/wp-json\/wp\/v2\/media?parent=5393"}],"wp:term":[{"taxonomy":"product_brand","embeddable":true,"href":"https:\/\/distribucionarc.com\/it\/wp-json\/wp\/v2\/product_brand?post=5393"},{"taxonomy":"product_cat","embeddable":true,"href":"https:\/\/distribucionarc.com\/it\/wp-json\/wp\/v2\/product_cat?post=5393"},{"taxonomy":"product_tag","embeddable":true,"href":"https:\/\/distribucionarc.com\/it\/wp-json\/wp\/v2\/product_tag?post=5393"}],"curies":[{"name":"wp","href":"https:\/\/api.w.org\/{rel}","templated":true}]}}