{"id":5695,"date":"2023-05-11T11:45:26","date_gmt":"2023-05-11T11:45:26","guid":{"rendered":"https:\/\/distribucionarc.com\/?post_type=product&#038;p=5695"},"modified":"2023-05-11T14:12:49","modified_gmt":"2023-05-11T14:12:49","slug":"impastatrice-industriale-a-doppio-braccio-da-87l-a-175l","status":"publish","type":"product","link":"https:\/\/distribucionarc.com\/it\/producto\/amasadora-industrial-de-doble-brazo-de-87l-a-175l\/","title":{"rendered":"Impastatrice industriale a bracci tuffanti da 87 litri a 175 litri"},"content":{"rendered":"<h2>Impastatrice industriale per pane 87l<\/h2>\n<p><a href=\"https:\/\/distribucionarc.com\/wp-content\/uploads\/2023\/05\/amasadora-industrial-panaderia.jpg\"><img loading=\"lazy\" decoding=\"async\" class=\"alignnone size-medium wp-image-5696\" src=\"https:\/\/distribucionarc.com\/wp-content\/uploads\/2023\/05\/amasadora-industrial-panaderia-300x300.jpg\" alt=\"\" width=\"300\" height=\"300\" srcset=\"https:\/\/distribucionarc.com\/wp-content\/uploads\/2023\/05\/amasadora-industrial-panaderia-300x300.jpg 300w, https:\/\/distribucionarc.com\/wp-content\/uploads\/2023\/05\/amasadora-industrial-panaderia-430x430.jpg 430w, https:\/\/distribucionarc.com\/wp-content\/uploads\/2023\/05\/amasadora-industrial-panaderia-150x150.jpg 150w, https:\/\/distribucionarc.com\/wp-content\/uploads\/2023\/05\/amasadora-industrial-panaderia-700x700.jpg 700w, https:\/\/distribucionarc.com\/wp-content\/uploads\/2023\/05\/amasadora-industrial-panaderia-768x768.jpg 768w, https:\/\/distribucionarc.com\/wp-content\/uploads\/2023\/05\/amasadora-industrial-panaderia-12x12.jpg 12w, https:\/\/distribucionarc.com\/wp-content\/uploads\/2023\/05\/amasadora-industrial-panaderia-48x48.jpg 48w, https:\/\/distribucionarc.com\/wp-content\/uploads\/2023\/05\/amasadora-industrial-panaderia.jpg 1000w\" sizes=\"auto, (max-width: 300px) 100vw, 300px\" \/><\/a><\/p>\n<p>Questo \u00e8 un <strong>impastatrice per pane industriale<\/strong> Alta qualit\u00e0 prodotta in Europa. Ha una capacit\u00e0 di impasto fino a 60 kg. \u00c8 dotata di touch screen e funziona silenziosamente con 2 livelli di velocit\u00e0 regolabili. Inoltre \u00e8 dotato di timer, arresto di emergenza e pu\u00f2 essere azionato automaticamente, semiautomaticamente o manualmente. Il suo corpo \u00e8 realizzato in acciaio inossidabile che lo rende resistente e durevole. Ha un collegamento elettrico di 3N\/PE \/ N \/ PE volt \/ 50 Hz e le sue dimensioni esterne sono 610 mm x 860 mm x 1.440 mm.<\/p>\n<p><a href=\"https:\/\/distribucionarc.com\/wp-content\/uploads\/2023\/05\/amasadora-de-pan.jpeg\"><img loading=\"lazy\" decoding=\"async\" class=\"alignnone size-medium wp-image-5698\" src=\"https:\/\/distribucionarc.com\/wp-content\/uploads\/2023\/05\/amasadora-de-pan-300x300.jpeg\" alt=\"\" width=\"300\" height=\"300\" srcset=\"https:\/\/distribucionarc.com\/wp-content\/uploads\/2023\/05\/amasadora-de-pan-300x300.jpeg 300w, https:\/\/distribucionarc.com\/wp-content\/uploads\/2023\/05\/amasadora-de-pan-430x430.jpeg 430w, https:\/\/distribucionarc.com\/wp-content\/uploads\/2023\/05\/amasadora-de-pan-150x150.jpeg 150w, https:\/\/distribucionarc.com\/wp-content\/uploads\/2023\/05\/amasadora-de-pan-700x700.jpeg 700w, https:\/\/distribucionarc.com\/wp-content\/uploads\/2023\/05\/amasadora-de-pan-768x768.jpeg 768w, https:\/\/distribucionarc.com\/wp-content\/uploads\/2023\/05\/amasadora-de-pan-12x12.jpeg 12w, https:\/\/distribucionarc.com\/wp-content\/uploads\/2023\/05\/amasadora-de-pan-48x48.jpeg 48w, https:\/\/distribucionarc.com\/wp-content\/uploads\/2023\/05\/amasadora-de-pan.jpeg 1000w\" sizes=\"auto, (max-width: 300px) 100vw, 300px\" \/><\/a><a href=\"https:\/\/distribucionarc.com\/wp-content\/uploads\/2023\/05\/amasadora-industrial-87l.jpeg\"><img loading=\"lazy\" decoding=\"async\" class=\"alignnone size-medium wp-image-5699\" src=\"https:\/\/distribucionarc.com\/wp-content\/uploads\/2023\/05\/amasadora-industrial-87l-300x300.jpeg\" alt=\"\" width=\"300\" height=\"300\" srcset=\"https:\/\/distribucionarc.com\/wp-content\/uploads\/2023\/05\/amasadora-industrial-87l-300x300.jpeg 300w, https:\/\/distribucionarc.com\/wp-content\/uploads\/2023\/05\/amasadora-industrial-87l-430x430.jpeg 430w, https:\/\/distribucionarc.com\/wp-content\/uploads\/2023\/05\/amasadora-industrial-87l-150x150.jpeg 150w, https:\/\/distribucionarc.com\/wp-content\/uploads\/2023\/05\/amasadora-industrial-87l-12x12.jpeg 12w, https:\/\/distribucionarc.com\/wp-content\/uploads\/2023\/05\/amasadora-industrial-87l-48x48.jpeg 48w, https:\/\/distribucionarc.com\/wp-content\/uploads\/2023\/05\/amasadora-industrial-87l.jpeg 600w\" sizes=\"auto, (max-width: 300px) 100vw, 300px\" \/><\/a><\/p>\n<p>Specifiche tecniche <strong>AR00905<\/strong><\/p>\n<ul>\n<li>\u00a0Capacit\u00e0 contenitore 87 litri<\/li>\n<li>\u00a0Capacit\u00e0 impasto fino a 60kg<\/li>\n<li>\u00a0Potenza da 1,1 a 1,5 kW<\/li>\n<li>\u00a0Voltaggio 400V<\/li>\n<li>\u00a03 fasi di collegamento elettrico 3N\/PE<\/li>\n<li>\u00a0Frequenza 50Hz<\/li>\n<li>\u00a0Le dimensioni esterne sono 610 mm di larghezza, 860 mm di profondit\u00e0 e 1.440 mm di altezza<\/li>\n<\/ul>\n<p>&nbsp;<\/p>\n<h3>Impastatrice industriale per panificazione 140l<\/h3>\n<p>&nbsp;<\/p>\n<p><a href=\"https:\/\/distribucionarc.com\/wp-content\/uploads\/2023\/05\/amasadora-panaderia-medidas.jpg\"><img loading=\"lazy\" decoding=\"async\" class=\"alignnone wp-image-5700 size-medium\" src=\"https:\/\/distribucionarc.com\/wp-content\/uploads\/2023\/05\/amasadora-panaderia-medidas-300x300.jpg\" alt=\"Impastatrice industriale per panificazione\" width=\"300\" height=\"300\" srcset=\"https:\/\/distribucionarc.com\/wp-content\/uploads\/2023\/05\/amasadora-panaderia-medidas-300x300.jpg 300w, https:\/\/distribucionarc.com\/wp-content\/uploads\/2023\/05\/amasadora-panaderia-medidas-430x430.jpg 430w, https:\/\/distribucionarc.com\/wp-content\/uploads\/2023\/05\/amasadora-panaderia-medidas-150x150.jpg 150w, https:\/\/distribucionarc.com\/wp-content\/uploads\/2023\/05\/amasadora-panaderia-medidas-700x700.jpg 700w, https:\/\/distribucionarc.com\/wp-content\/uploads\/2023\/05\/amasadora-panaderia-medidas-768x768.jpg 768w, https:\/\/distribucionarc.com\/wp-content\/uploads\/2023\/05\/amasadora-panaderia-medidas-12x12.jpg 12w, https:\/\/distribucionarc.com\/wp-content\/uploads\/2023\/05\/amasadora-panaderia-medidas-48x48.jpg 48w, https:\/\/distribucionarc.com\/wp-content\/uploads\/2023\/05\/amasadora-panaderia-medidas.jpg 1000w\" sizes=\"auto, (max-width: 300px) 100vw, 300px\" \/><\/a><\/p>\n<p>Questo <strong>impastatrice miscelatrice industriale<\/strong> di alta qualit\u00e0 ha una capacit\u00e0 di massa fino a 80 kg, ha un touch screen, funzionamento silenzioso, 2 livelli di velocit\u00e0, tempo di funzionamento regolabile, timer e arresto di emergenza e pu\u00f2 funzionare in modalit\u00e0 automatica, semiautomatica o manuale. I suoi componenti in acciaio inox, tra cui corpo, griglia di protezione, caldaia e bracci, ne garantiscono durata e resistenza. Le sue dimensioni esterne sono di 710 mm di larghezza, 1.020 mm di profondit\u00e0 e 1.660 mm di altezza, e ha una potenza da 1,5 a 2,2 kW. con un collegamento elettrico di volt 3N\/PE o N\/PE e una frequenza di 50 Hz.<\/p>\n<p>Specifiche tecniche <strong>AR00906<\/strong><\/p>\n<ul>\n<li>Capacit\u00e0 di 140 litri e pu\u00f2 gestire fino a 80 kg di impasto<\/li>\n<li>Ha una potenza da 1,5 a 2,2 kW<\/li>\n<li>Voltaggio 400V<\/li>\n<li>3 fasi con collegamento a 50 Hz<\/li>\n<li>Le dimensioni esterne sono 710 mm x 1.020 mm x 1.660 mm<\/li>\n<li>Peso di 458 kg<\/li>\n<\/ul>\n<h3>Impastatrice industriale per pizza da 160 lt<\/h3>\n<p><a href=\"https:\/\/distribucionarc.com\/wp-content\/uploads\/2023\/05\/amasadora-pizza-medidas.jpg\"><img loading=\"lazy\" decoding=\"async\" class=\"alignnone size-medium wp-image-5701\" src=\"https:\/\/distribucionarc.com\/wp-content\/uploads\/2023\/05\/amasadora-pizza-medidas-300x300.jpg\" alt=\"\" width=\"300\" height=\"300\" srcset=\"https:\/\/distribucionarc.com\/wp-content\/uploads\/2023\/05\/amasadora-pizza-medidas-300x300.jpg 300w, https:\/\/distribucionarc.com\/wp-content\/uploads\/2023\/05\/amasadora-pizza-medidas-430x430.jpg 430w, https:\/\/distribucionarc.com\/wp-content\/uploads\/2023\/05\/amasadora-pizza-medidas-150x150.jpg 150w, https:\/\/distribucionarc.com\/wp-content\/uploads\/2023\/05\/amasadora-pizza-medidas-700x700.jpg 700w, https:\/\/distribucionarc.com\/wp-content\/uploads\/2023\/05\/amasadora-pizza-medidas-768x768.jpg 768w, https:\/\/distribucionarc.com\/wp-content\/uploads\/2023\/05\/amasadora-pizza-medidas-12x12.jpg 12w, https:\/\/distribucionarc.com\/wp-content\/uploads\/2023\/05\/amasadora-pizza-medidas-48x48.jpg 48w, https:\/\/distribucionarc.com\/wp-content\/uploads\/2023\/05\/amasadora-pizza-medidas.jpg 1000w\" sizes=\"auto, (max-width: 300px) 100vw, 300px\" \/><\/a><\/p>\n<p>Questo <strong>impastatrice industriale per pizza<\/strong> \u00c8 un prodotto di qualit\u00e0 fabbricato in Europa con una capacit\u00e0 di impasto fino a 100 kg. Dispone di touch screen, funzionamento silenzioso, due livelli di velocit\u00e0, tempo di funzionamento regolabile, timer e arresto di emergenza. Pu\u00f2 essere azionato in modo automatico, semiautomatico o manuale. Le sue dimensioni esterne sono 710 mm x 1.020 mm x 1.700 mm e il suo collegamento elettrico \u00e8 3N\/PE \/ N \/ PE volt \/ 50 Hz con una potenza di 1,5 -2 kW .<\/p>\n<p>Specifiche tecniche <strong>AR00907<\/strong><\/p>\n<ul>\n<li>Larghezza: 710 mm<\/li>\n<li>Profondit\u00e0: 1.020 millimetri<\/li>\n<li>Altezza: 1.700 mm<\/li>\n<li>Tipo di dispositivo: impastatrice<\/li>\n<li>Capacit\u00e0 contenitore: 160 l<\/li>\n<li>Portata: 100 kg<\/li>\n<li>Potenza: 1,5 \u2013 2,2 kW<\/li>\n<li>Voltaggio: 400 V<\/li>\n<li>Fasi: 3N\/PE<\/li>\n<li>Frequenza: 50Hz<\/li>\n<li>Peso 615kg<\/li>\n<\/ul>\n<p>&nbsp;<\/p>\n<h3>Miscelatore industriale a bracci tuffanti 175 l<\/h3>\n<p><a href=\"https:\/\/distribucionarc.com\/wp-content\/uploads\/2023\/05\/amasadora-doble-brazo.jpg\"><img loading=\"lazy\" decoding=\"async\" class=\"alignnone size-medium wp-image-5702\" src=\"https:\/\/distribucionarc.com\/wp-content\/uploads\/2023\/05\/amasadora-doble-brazo-300x300.jpg\" alt=\"\" width=\"300\" height=\"300\" srcset=\"https:\/\/distribucionarc.com\/wp-content\/uploads\/2023\/05\/amasadora-doble-brazo-300x300.jpg 300w, https:\/\/distribucionarc.com\/wp-content\/uploads\/2023\/05\/amasadora-doble-brazo-430x430.jpg 430w, https:\/\/distribucionarc.com\/wp-content\/uploads\/2023\/05\/amasadora-doble-brazo-150x150.jpg 150w, https:\/\/distribucionarc.com\/wp-content\/uploads\/2023\/05\/amasadora-doble-brazo-700x700.jpg 700w, https:\/\/distribucionarc.com\/wp-content\/uploads\/2023\/05\/amasadora-doble-brazo-768x768.jpg 768w, https:\/\/distribucionarc.com\/wp-content\/uploads\/2023\/05\/amasadora-doble-brazo-12x12.jpg 12w, https:\/\/distribucionarc.com\/wp-content\/uploads\/2023\/05\/amasadora-doble-brazo-48x48.jpg 48w, https:\/\/distribucionarc.com\/wp-content\/uploads\/2023\/05\/amasadora-doble-brazo.jpg 1000w\" sizes=\"auto, (max-width: 300px) 100vw, 300px\" \/><\/a><\/p>\n<p>IL <strong>impastatrice a due bracci<\/strong> \u00c8 un prodotto di qualit\u00e0 fabbricato in Europa. Dispone di touch screen, funzionamento silenzioso, 2 livelli di velocit\u00e0, tempo di funzionamento regolabile, timer e arresto di emergenza. Pu\u00f2 funzionare in modalit\u00e0 automatica, semiautomatica o manuale ed \u00e8 facile da pulire. Il miscelatore \u00e8 costruito con acciaio inossidabile AISI 316L di alta qualit\u00e0. Con un collegamento elettrico di 3N\/PE \/ N \/ PE volt \/ 50 Hz e una potenza di 2,5 \u2013 4,0 kW, le sue dimensioni esterne sono 850 mm x 1.050 mm x 1.700 mm.<\/p>\n<p>Specifiche tecniche <strong>AR00908<\/strong><\/p>\n<ul>\n<li>Tipo di dispositivo: impastatrice<\/li>\n<li>Capacit\u00e0 contenitore: 175 l<\/li>\n<li>Portata: 120kg<\/li>\n<li>Larghezza: 850 mm<\/li>\n<li>Profondit\u00e0: 1.050 millimetri<\/li>\n<li>Altezza: 1.700 mm<\/li>\n<li>Potenza: 2,5 \u2013 4,0 kW<\/li>\n<li>Voltaggio: 400 V<\/li>\n<li>Fasi: 3N\/PE<\/li>\n<li>Frequenza: 50Hz<\/li>\n<li>Peso: 765 kg<\/li>\n<\/ul>\n<p>&nbsp;<\/p>","protected":false},"excerpt":{"rendered":"<p>IL <strong>impastatrici a bracci tuffanti<\/strong> Sono macchine di grande capacit\u00e0 utilizzate nell&#039;industria alimentare per impastare grandi quantit\u00e0 di impasto. Sono <a href=\"https:\/\/distribucionarc.com\/it\/categoria-di-prodotto\/ospitalita\/miscelatori-industriali\/\">miscelatori industriali<\/a> Sono dotati di due bracci mescolatori che lavorano insieme per ottenere un impasto omogeneo ed uniforme. Sono progettati per lavorare con masse dense e pesanti e le loro dimensioni e capacit\u00e0 variano a seconda delle esigenze dell&#039;utilizzatore. Le impastatrici a bracci tuffanti sono ideali per <strong>panetterie<\/strong>, <strong>pasticcini<\/strong> e altri <strong>industrie alimentari<\/strong> che richiedono un mix efficiente e di alta qualit\u00e0.<\/p>","protected":false},"featured_media":5696,"comment_status":"open","ping_status":"closed","template":"","meta":{"wds_primary_product_brand":0,"wds_primary_product_cat":0},"product_brand":[],"product_cat":[95],"product_tag":[],"class_list":{"0":"post-5695","1":"product","2":"type-product","3":"status-publish","4":"has-post-thumbnail","6":"product_cat-amasadoras-industriales","7":"product_shipping_class-express","9":"first","10":"instock","11":"taxable","12":"shipping-taxable","13":"purchasable","14":"product-type-simple"},"yoast_head":"<!-- This site is optimized with the Yoast SEO Premium plugin v24.9 (Yoast SEO v26.1) - https:\/\/yoast.com\/wordpress\/plugins\/seo\/ -->\n<title>Amasadora industrial de doble brazo de 87 litros a 175litros - distribuci\u00f3n ARC<\/title>\n<meta name=\"robots\" content=\"index, follow, max-snippet:-1, max-image-preview:large, max-video-preview:-1\" \/>\n<link rel=\"canonical\" href=\"https:\/\/distribucionarc.com\/it\/prodotto\/impastatrice-industriale-a-doppio-braccio-da-87l-a-175l\/\" \/>\n<meta property=\"og:locale\" content=\"it_IT\" \/>\n<meta property=\"og:type\" content=\"article\" \/>\n<meta property=\"og:title\" content=\"Amasadora industrial de doble brazo de 87 litros a 175litros\" \/>\n<meta property=\"og:description\" content=\"Las amasadoras de doble brazo son m\u00e1quinas de alta capacidad utilizadas en la industria alimentaria para mezclar grandes cantidades de masa. Estas amasadoras industriales cuentan con dos brazos mezcladores que trabajan en conjunto para lograr una mezcla homog\u00e9nea y uniforme. Est\u00e1n dise\u00f1adas para trabajar con masas densas y pesadas, y su tama\u00f1o y capacidad var\u00edan seg\u00fan las necesidades del usuario. Las amasadoras de doble brazo son ideales para panader\u00edas, pasteler\u00edas y otras industrias alimentarias que requieren una mezcla eficiente y de alta calidad.\" \/>\n<meta property=\"og:url\" content=\"https:\/\/distribucionarc.com\/it\/prodotto\/impastatrice-industriale-a-doppio-braccio-da-87l-a-175l\/\" \/>\n<meta property=\"og:site_name\" content=\"distribuci\u00f3n ARC\" \/>\n<meta property=\"article:modified_time\" content=\"2023-05-11T14:12:49+00:00\" \/>\n<meta property=\"og:image\" content=\"https:\/\/distribucionarc.com\/wp-content\/uploads\/2023\/05\/amasadora-industrial-panaderia.jpg\" \/>\n\t<meta property=\"og:image:width\" content=\"1000\" \/>\n\t<meta property=\"og:image:height\" content=\"1000\" \/>\n\t<meta property=\"og:image:type\" content=\"image\/jpeg\" \/>\n<meta name=\"twitter:card\" content=\"summary_large_image\" \/>\n<meta name=\"twitter:label1\" content=\"Tempo di lettura stimato\" \/>\n\t<meta name=\"twitter:data1\" content=\"3 minuti\" \/>\n<script type=\"application\/ld+json\" class=\"yoast-schema-graph\">{\"@context\":\"https:\/\/schema.org\",\"@graph\":[{\"@type\":\"WebPage\",\"@id\":\"https:\/\/distribucionarc.com\/lt\/producto\/amasadora-industrial-de-doble-brazo-de-87l-a-175l\/\",\"url\":\"https:\/\/distribucionarc.com\/lt\/producto\/amasadora-industrial-de-doble-brazo-de-87l-a-175l\/\",\"name\":\"Amasadora industrial de doble brazo de 87 litros a 175litros - distribuci\u00f3n ARC\",\"isPartOf\":{\"@id\":\"https:\/\/distribucionarc.com\/ro\/#website\"},\"primaryImageOfPage\":{\"@id\":\"https:\/\/distribucionarc.com\/lt\/producto\/amasadora-industrial-de-doble-brazo-de-87l-a-175l\/#primaryimage\"},\"image\":{\"@id\":\"https:\/\/distribucionarc.com\/lt\/producto\/amasadora-industrial-de-doble-brazo-de-87l-a-175l\/#primaryimage\"},\"thumbnailUrl\":\"https:\/\/distribucionarc.com\/wp-content\/uploads\/2023\/05\/amasadora-industrial-panaderia.jpg\",\"datePublished\":\"2023-05-11T11:45:26+00:00\",\"dateModified\":\"2023-05-11T14:12:49+00:00\",\"breadcrumb\":{\"@id\":\"https:\/\/distribucionarc.com\/lt\/producto\/amasadora-industrial-de-doble-brazo-de-87l-a-175l\/#breadcrumb\"},\"inLanguage\":\"it-IT\",\"potentialAction\":[{\"@type\":\"ReadAction\",\"target\":[\"https:\/\/distribucionarc.com\/lt\/producto\/amasadora-industrial-de-doble-brazo-de-87l-a-175l\/\"]}]},{\"@type\":\"ImageObject\",\"inLanguage\":\"it-IT\",\"@id\":\"https:\/\/distribucionarc.com\/lt\/producto\/amasadora-industrial-de-doble-brazo-de-87l-a-175l\/#primaryimage\",\"url\":\"https:\/\/distribucionarc.com\/wp-content\/uploads\/2023\/05\/amasadora-industrial-panaderia.jpg\",\"contentUrl\":\"https:\/\/distribucionarc.com\/wp-content\/uploads\/2023\/05\/amasadora-industrial-panaderia.jpg\",\"width\":1000,\"height\":1000},{\"@type\":\"BreadcrumbList\",\"@id\":\"https:\/\/distribucionarc.com\/lt\/producto\/amasadora-industrial-de-doble-brazo-de-87l-a-175l\/#breadcrumb\",\"itemListElement\":[{\"@type\":\"ListItem\",\"position\":1,\"name\":\"Portada\",\"item\":\"https:\/\/distribucionarc.com\/ar\/\"},{\"@type\":\"ListItem\",\"position\":2,\"name\":\"Proizvodi\",\"item\":\"https:\/\/www.distribucionarc.com\/hr\/ducan\/\"},{\"@type\":\"ListItem\",\"position\":3,\"name\":\"Amasadora industrial de doble brazo de 87 litros a 175litros\"}]},{\"@type\":\"WebSite\",\"@id\":\"https:\/\/distribucionarc.com\/ro\/#website\",\"url\":\"https:\/\/distribucionarc.com\/ro\/\",\"name\":\"distribuci\u00f3n ARC\",\"description\":\"Empresa especializada en la fabricaci\u00f3n y distribuci\u00f3n de maquinaria industrial, selladoras de latas, Maquinas de hacer pastillas, Maquinas de cortar carne...\",\"publisher\":{\"@id\":\"https:\/\/distribucionarc.com\/ro\/#organization\"},\"potentialAction\":[{\"@type\":\"SearchAction\",\"target\":{\"@type\":\"EntryPoint\",\"urlTemplate\":\"https:\/\/distribucionarc.com\/ro\/?s={search_term_string}\"},\"query-input\":{\"@type\":\"PropertyValueSpecification\",\"valueRequired\":true,\"valueName\":\"search_term_string\"}}],\"inLanguage\":\"it-IT\"},{\"@type\":\"Organization\",\"@id\":\"https:\/\/distribucionarc.com\/ro\/#organization\",\"name\":\"Distribuci\u00f3n ARC\",\"url\":\"https:\/\/distribucionarc.com\/ro\/\",\"logo\":{\"@type\":\"ImageObject\",\"inLanguage\":\"it-IT\",\"@id\":\"https:\/\/distribucionarc.com\/ro\/#\/schema\/logo\/image\/\",\"url\":\"https:\/\/distribucionarc.com\/wp-content\/uploads\/2024\/10\/distribucion-ARC-COLOR-SIN-FONDO-e1732295305345.png\",\"contentUrl\":\"https:\/\/distribucionarc.com\/wp-content\/uploads\/2024\/10\/distribucion-ARC-COLOR-SIN-FONDO-e1732295305345.png\",\"width\":1164,\"height\":558,\"caption\":\"Distribuci\u00f3n ARC\"},\"image\":{\"@id\":\"https:\/\/distribucionarc.com\/ro\/#\/schema\/logo\/image\/\"},\"description\":\"Empresa especializada en la fabricaci\u00f3n y distribuci\u00f3n de maquinaria industrial para los sectores alimentario y farmac\u00e9utico. Nos especializamos en: M\u00e1quinas de cortar carne Fabricaci\u00f3n de comprimidos Sistemas de transporte industrial L\u00edneas de embotellado Dosificadores Y mucho m\u00e1s... Ofrecemos soluciones innovadoras y personalizadas para optimizar los procesos productivos de tu empresa.\",\"email\":\"Admistracion@distribucionarc.com\",\"telephone\":\"+34 643496664\",\"legalName\":\"ARC TECH SOLUTIONS\",\"foundingDate\":\"2024-04-09\",\"vatID\":\"B55480172\",\"numberOfEmployees\":{\"@type\":\"QuantitativeValue\",\"minValue\":\"1\",\"maxValue\":\"10\"}}]}<\/script>\n<!-- \/ Yoast SEO Premium plugin. -->","yoast_head_json":{"title":"Impastatrice industriale a bracci tuffanti da 87 litri a 175 litri - distribuzione ARC","robots":{"index":"index","follow":"follow","max-snippet":"max-snippet:-1","max-image-preview":"max-image-preview:large","max-video-preview":"max-video-preview:-1"},"canonical":"https:\/\/distribucionarc.com\/it\/prodotto\/impastatrice-industriale-a-doppio-braccio-da-87l-a-175l\/","og_locale":"it_IT","og_type":"article","og_title":"Amasadora industrial de doble brazo de 87 litros a 175litros","og_description":"Las amasadoras de doble brazo son m\u00e1quinas de alta capacidad utilizadas en la industria alimentaria para mezclar grandes cantidades de masa. Estas amasadoras industriales cuentan con dos brazos mezcladores que trabajan en conjunto para lograr una mezcla homog\u00e9nea y uniforme. Est\u00e1n dise\u00f1adas para trabajar con masas densas y pesadas, y su tama\u00f1o y capacidad var\u00edan seg\u00fan las necesidades del usuario. Las amasadoras de doble brazo son ideales para panader\u00edas, pasteler\u00edas y otras industrias alimentarias que requieren una mezcla eficiente y de alta calidad.","og_url":"https:\/\/distribucionarc.com\/it\/prodotto\/impastatrice-industriale-a-doppio-braccio-da-87l-a-175l\/","og_site_name":"distribuci\u00f3n ARC","article_modified_time":"2023-05-11T14:12:49+00:00","og_image":[{"width":1000,"height":1000,"url":"https:\/\/distribucionarc.com\/wp-content\/uploads\/2023\/05\/amasadora-industrial-panaderia.jpg","type":"image\/jpeg"}],"twitter_card":"summary_large_image","twitter_misc":{"Tempo di lettura stimato":"3 minuti"},"schema":{"@context":"https:\/\/schema.org","@graph":[{"@type":"WebPage","@id":"https:\/\/distribucionarc.com\/lt\/producto\/amasadora-industrial-de-doble-brazo-de-87l-a-175l\/","url":"https:\/\/distribucionarc.com\/lt\/producto\/amasadora-industrial-de-doble-brazo-de-87l-a-175l\/","name":"Impastatrice industriale a bracci tuffanti da 87 litri a 175 litri - distribuzione ARC","isPartOf":{"@id":"https:\/\/distribucionarc.com\/ro\/#website"},"primaryImageOfPage":{"@id":"https:\/\/distribucionarc.com\/lt\/producto\/amasadora-industrial-de-doble-brazo-de-87l-a-175l\/#primaryimage"},"image":{"@id":"https:\/\/distribucionarc.com\/lt\/producto\/amasadora-industrial-de-doble-brazo-de-87l-a-175l\/#primaryimage"},"thumbnailUrl":"https:\/\/distribucionarc.com\/wp-content\/uploads\/2023\/05\/amasadora-industrial-panaderia.jpg","datePublished":"2023-05-11T11:45:26+00:00","dateModified":"2023-05-11T14:12:49+00:00","breadcrumb":{"@id":"https:\/\/distribucionarc.com\/lt\/producto\/amasadora-industrial-de-doble-brazo-de-87l-a-175l\/#breadcrumb"},"inLanguage":"it-IT","potentialAction":[{"@type":"ReadAction","target":["https:\/\/distribucionarc.com\/lt\/producto\/amasadora-industrial-de-doble-brazo-de-87l-a-175l\/"]}]},{"@type":"ImageObject","inLanguage":"it-IT","@id":"https:\/\/distribucionarc.com\/lt\/producto\/amasadora-industrial-de-doble-brazo-de-87l-a-175l\/#primaryimage","url":"https:\/\/distribucionarc.com\/wp-content\/uploads\/2023\/05\/amasadora-industrial-panaderia.jpg","contentUrl":"https:\/\/distribucionarc.com\/wp-content\/uploads\/2023\/05\/amasadora-industrial-panaderia.jpg","width":1000,"height":1000},{"@type":"BreadcrumbList","@id":"https:\/\/distribucionarc.com\/lt\/producto\/amasadora-industrial-de-doble-brazo-de-87l-a-175l\/#breadcrumb","itemListElement":[{"@type":"ListItem","position":1,"name":"Portada","item":"https:\/\/distribucionarc.com\/ar\/"},{"@type":"ListItem","position":2,"name":"Proizvodi","item":"https:\/\/www.distribucionarc.com\/hr\/ducan\/"},{"@type":"ListItem","position":3,"name":"Amasadora industrial de doble brazo de 87 litros a 175litros"}]},{"@type":"WebSite","@id":"https:\/\/distribucionarc.com\/ro\/#website","url":"https:\/\/distribucionarc.com\/ro\/","name":"Distribuzione dell&#039;ARCO","description":"Azienda specializzata nella produzione e distribuzione di macchinari industriali, macchine sigillatrici di lattine, macchine per la produzione di compresse, macchine per il taglio della carne...","publisher":{"@id":"https:\/\/distribucionarc.com\/ro\/#organization"},"potentialAction":[{"@type":"SearchAction","target":{"@type":"EntryPoint","urlTemplate":"https:\/\/distribucionarc.com\/ro\/?s={search_term_string}"},"query-input":{"@type":"PropertyValueSpecification","valueRequired":true,"valueName":"search_term_string"}}],"inLanguage":"it-IT"},{"@type":"Organization","@id":"https:\/\/distribucionarc.com\/ro\/#organization","name":"Distribuzione dell&#039;ARC","url":"https:\/\/distribucionarc.com\/ro\/","logo":{"@type":"ImageObject","inLanguage":"it-IT","@id":"https:\/\/distribucionarc.com\/ro\/#\/schema\/logo\/image\/","url":"https:\/\/distribucionarc.com\/wp-content\/uploads\/2024\/10\/distribucion-ARC-COLOR-SIN-FONDO-e1732295305345.png","contentUrl":"https:\/\/distribucionarc.com\/wp-content\/uploads\/2024\/10\/distribucion-ARC-COLOR-SIN-FONDO-e1732295305345.png","width":1164,"height":558,"caption":"Distribuci\u00f3n ARC"},"image":{"@id":"https:\/\/distribucionarc.com\/ro\/#\/schema\/logo\/image\/"},"description":"Azienda specializzata nella produzione e distribuzione di macchinari industriali per il settore alimentare e farmaceutico. Siamo specializzati in: Macchine per il taglio della carne Produzione di compresse Sistemi di trasporto industriale Linee di imbottigliamento Dispenser E molto altro ancora... Offriamo soluzioni innovative e personalizzate per ottimizzare i processi produttivi della vostra azienda.","email":"Admistracion@distribucionarc.com","telephone":"+34 643496664","legalName":"ARC TECH SOLUTIONS","foundingDate":"2024-04-09","vatID":"B55480172","numberOfEmployees":{"@type":"QuantitativeValue","minValue":"1","maxValue":"10"}}]}},"_links":{"self":[{"href":"https:\/\/distribucionarc.com\/it\/wp-json\/wp\/v2\/product\/5695","targetHints":{"allow":["GET"]}}],"collection":[{"href":"https:\/\/distribucionarc.com\/it\/wp-json\/wp\/v2\/product"}],"about":[{"href":"https:\/\/distribucionarc.com\/it\/wp-json\/wp\/v2\/types\/product"}],"replies":[{"embeddable":true,"href":"https:\/\/distribucionarc.com\/it\/wp-json\/wp\/v2\/comments?post=5695"}],"version-history":[{"count":0,"href":"https:\/\/distribucionarc.com\/it\/wp-json\/wp\/v2\/product\/5695\/revisions"}],"wp:featuredmedia":[{"embeddable":true,"href":"https:\/\/distribucionarc.com\/it\/wp-json\/wp\/v2\/media\/5696"}],"wp:attachment":[{"href":"https:\/\/distribucionarc.com\/it\/wp-json\/wp\/v2\/media?parent=5695"}],"wp:term":[{"taxonomy":"product_brand","embeddable":true,"href":"https:\/\/distribucionarc.com\/it\/wp-json\/wp\/v2\/product_brand?post=5695"},{"taxonomy":"product_cat","embeddable":true,"href":"https:\/\/distribucionarc.com\/it\/wp-json\/wp\/v2\/product_cat?post=5695"},{"taxonomy":"product_tag","embeddable":true,"href":"https:\/\/distribucionarc.com\/it\/wp-json\/wp\/v2\/product_tag?post=5695"}],"curies":[{"name":"wp","href":"https:\/\/api.w.org\/{rel}","templated":true}]}}