{"id":5705,"date":"2023-05-11T15:04:22","date_gmt":"2023-05-11T15:04:22","guid":{"rendered":"https:\/\/distribucionarc.com\/?post_type=product&#038;p=5705"},"modified":"2024-10-05T03:48:21","modified_gmt":"2024-10-05T03:48:21","slug":"tritacarne-professionale-di-alta-qualita","status":"publish","type":"product","link":"https:\/\/distribucionarc.com\/it\/producto\/picadora-profesional-de-carne-fresca-de-alta-calidad\/","title":{"rendered":"Tritacarne fresca professionale di alta qualit\u00e0"},"content":{"rendered":"<h2>Tritacarne professionale da 400 kg\/h<\/h2>\n<p><a href=\"https:\/\/distribucionarc.com\/wp-content\/uploads\/2023\/05\/picadora-profesional-de-carne.jpg\"><img loading=\"lazy\" decoding=\"async\" class=\"alignnone size-medium wp-image-5707\" src=\"https:\/\/distribucionarc.com\/wp-content\/uploads\/2023\/05\/picadora-profesional-de-carne-300x300.jpg\" alt=\"\" width=\"300\" height=\"300\" srcset=\"https:\/\/distribucionarc.com\/wp-content\/uploads\/2023\/05\/picadora-profesional-de-carne-300x300.jpg 300w, https:\/\/distribucionarc.com\/wp-content\/uploads\/2023\/05\/picadora-profesional-de-carne-430x430.jpg 430w, https:\/\/distribucionarc.com\/wp-content\/uploads\/2023\/05\/picadora-profesional-de-carne-150x150.jpg 150w, https:\/\/distribucionarc.com\/wp-content\/uploads\/2023\/05\/picadora-profesional-de-carne-700x700.jpg 700w, https:\/\/distribucionarc.com\/wp-content\/uploads\/2023\/05\/picadora-profesional-de-carne-768x768.jpg 768w, https:\/\/distribucionarc.com\/wp-content\/uploads\/2023\/05\/picadora-profesional-de-carne-12x12.jpg 12w, https:\/\/distribucionarc.com\/wp-content\/uploads\/2023\/05\/picadora-profesional-de-carne-48x48.jpg 48w, https:\/\/distribucionarc.com\/wp-content\/uploads\/2023\/05\/picadora-profesional-de-carne.jpg 1000w\" sizes=\"auto, (max-width: 300px) 100vw, 300px\" \/><\/a><a href=\"https:\/\/distribucionarc.com\/wp-content\/uploads\/2023\/05\/picadora-profesional.webp\"><img loading=\"lazy\" decoding=\"async\" class=\"alignnone size-medium wp-image-5709\" src=\"https:\/\/distribucionarc.com\/wp-content\/uploads\/2023\/05\/picadora-profesional-196x300.webp\" alt=\"\" width=\"196\" height=\"300\" srcset=\"https:\/\/distribucionarc.com\/wp-content\/uploads\/2023\/05\/picadora-profesional-196x300.webp 196w, https:\/\/distribucionarc.com\/wp-content\/uploads\/2023\/05\/picadora-profesional-430x660.webp 430w, https:\/\/distribucionarc.com\/wp-content\/uploads\/2023\/05\/picadora-profesional-150x230.webp 150w, https:\/\/distribucionarc.com\/wp-content\/uploads\/2023\/05\/picadora-profesional-600x920.webp 600w, https:\/\/distribucionarc.com\/wp-content\/uploads\/2023\/05\/picadora-profesional-8x12.webp 8w, https:\/\/distribucionarc.com\/wp-content\/uploads\/2023\/05\/picadora-profesional-48x74.webp 48w, https:\/\/distribucionarc.com\/wp-content\/uploads\/2023\/05\/picadora-profesional.webp 652w\" sizes=\"auto, (max-width: 196px) 100vw, 196px\" \/><\/a><\/p>\n<p>Questo <strong>tritacarne professionale<\/strong> Ha una capacit\u00e0 di 400 kg e giri al minuto di 1400. \u00c8 progettato con un albero di riempimento e una sezione a vite con raffreddamento e una protezione per le mani per garantire un funzionamento sicuro. \u00c8 realizzato in acciaio inossidabile e ha una potenza di 1,5 kW. Le sue dimensioni esterne sono 670 x 340 x 545 mm ed \u00e8 facile da pulire. Dotato di stantuffo in plastica, lama in acciaio inossidabile e disco forato da 4 mm. Si consiglia di attivare il raffreddamento almeno 30 minuti prima di lavorare la carne.<\/p>\n<p><a href=\"https:\/\/distribucionarc.com\/wp-content\/uploads\/2023\/05\/picadora-carne-accesorio.webp\"><img loading=\"lazy\" decoding=\"async\" class=\"alignnone size-medium wp-image-5710\" src=\"https:\/\/distribucionarc.com\/wp-content\/uploads\/2023\/05\/picadora-carne-accesorio-300x191.webp\" alt=\"\" width=\"300\" height=\"191\" srcset=\"https:\/\/distribucionarc.com\/wp-content\/uploads\/2023\/05\/picadora-carne-accesorio-300x191.webp 300w, https:\/\/distribucionarc.com\/wp-content\/uploads\/2023\/05\/picadora-carne-accesorio-430x273.webp 430w, https:\/\/distribucionarc.com\/wp-content\/uploads\/2023\/05\/picadora-carne-accesorio-150x95.webp 150w, https:\/\/distribucionarc.com\/wp-content\/uploads\/2023\/05\/picadora-carne-accesorio-700x445.webp 700w, https:\/\/distribucionarc.com\/wp-content\/uploads\/2023\/05\/picadora-carne-accesorio-768x488.webp 768w, https:\/\/distribucionarc.com\/wp-content\/uploads\/2023\/05\/picadora-carne-accesorio-18x12.webp 18w, https:\/\/distribucionarc.com\/wp-content\/uploads\/2023\/05\/picadora-carne-accesorio-48x31.webp 48w, https:\/\/distribucionarc.com\/wp-content\/uploads\/2023\/05\/picadora-carne-accesorio.webp 914w\" sizes=\"auto, (max-width: 300px) 100vw, 300px\" \/><\/a> <a href=\"https:\/\/distribucionarc.com\/wp-content\/uploads\/2023\/05\/picadora-carne-profesional.webp\"><img loading=\"lazy\" decoding=\"async\" class=\"alignnone size-medium wp-image-5711\" src=\"https:\/\/distribucionarc.com\/wp-content\/uploads\/2023\/05\/picadora-carne-profesional-300x300.webp\" alt=\"\" width=\"300\" height=\"300\" srcset=\"https:\/\/distribucionarc.com\/wp-content\/uploads\/2023\/05\/picadora-carne-profesional-300x300.webp 300w, https:\/\/distribucionarc.com\/wp-content\/uploads\/2023\/05\/picadora-carne-profesional-430x430.webp 430w, https:\/\/distribucionarc.com\/wp-content\/uploads\/2023\/05\/picadora-carne-profesional-150x150.webp 150w, https:\/\/distribucionarc.com\/wp-content\/uploads\/2023\/05\/picadora-carne-profesional-700x700.webp 700w, https:\/\/distribucionarc.com\/wp-content\/uploads\/2023\/05\/picadora-carne-profesional-768x768.webp 768w, https:\/\/distribucionarc.com\/wp-content\/uploads\/2023\/05\/picadora-carne-profesional-12x12.webp 12w, https:\/\/distribucionarc.com\/wp-content\/uploads\/2023\/05\/picadora-carne-profesional-48x48.webp 48w, https:\/\/distribucionarc.com\/wp-content\/uploads\/2023\/05\/picadora-carne-profesional.webp 1000w\" sizes=\"auto, (max-width: 300px) 100vw, 300px\" \/><\/a><a href=\"https:\/\/distribucionarc.com\/wp-content\/uploads\/2023\/05\/picadora-control.jpg\"><img loading=\"lazy\" decoding=\"async\" class=\"alignnone size-medium wp-image-5712\" src=\"https:\/\/distribucionarc.com\/wp-content\/uploads\/2023\/05\/picadora-control-300x300.jpg\" alt=\"\" width=\"300\" height=\"300\" srcset=\"https:\/\/distribucionarc.com\/wp-content\/uploads\/2023\/05\/picadora-control-300x300.jpg 300w, https:\/\/distribucionarc.com\/wp-content\/uploads\/2023\/05\/picadora-control-430x430.jpg 430w, https:\/\/distribucionarc.com\/wp-content\/uploads\/2023\/05\/picadora-control-150x150.jpg 150w, https:\/\/distribucionarc.com\/wp-content\/uploads\/2023\/05\/picadora-control-700x700.jpg 700w, https:\/\/distribucionarc.com\/wp-content\/uploads\/2023\/05\/picadora-control-768x768.jpg 768w, https:\/\/distribucionarc.com\/wp-content\/uploads\/2023\/05\/picadora-control-12x12.jpg 12w, https:\/\/distribucionarc.com\/wp-content\/uploads\/2023\/05\/picadora-control-48x48.jpg 48w, https:\/\/distribucionarc.com\/wp-content\/uploads\/2023\/05\/picadora-control.jpg 1000w\" sizes=\"auto, (max-width: 300px) 100vw, 300px\" \/><\/a><\/p>\n<p>Specifiche tecniche <strong>AR00928<\/strong><\/p>\n<ul>\n<li>Larghezza: 670 mm<\/li>\n<li>Profondit\u00e0: 340 mm<\/li>\n<li>Altezza: 545 mm<\/li>\n<li>Prestazioni: 1,5 kW<\/li>\n<li>Tensione: 230 volt<\/li>\n<li>Frequenza: 50Hz<\/li>\n<li>Refrigerante: R290<\/li>\n<li>Tipo di dispositivo: tritacarne<\/li>\n<li>Capacit\u00e0: 400 kg\/h<\/li>\n<li>Giri al minuto: 1400 giri\/min<\/li>\n<li>Volume: 0,10 m\u00b3<\/li>\n<li>Peso 64kg<\/li>\n<\/ul>\n<h3>Tritacarne elettrico da 600 kg\/h<\/h3>\n<p>IL <strong>tritacarne elettrico<\/strong> Si tratta di una macchina robusta e di alta qualit\u00e0, realizzata in acciaio inossidabile e con una capacit\u00e0 di 600 kg. \u00c8 dotato di un contenitore per la carne con sistema di raffreddamento, protezione per le mani per un utilizzo sicuro e raffreddamento integrato per ridurre la quantit\u00e0 di batteri. Dotato di stantuffo in plastica, lama in acciaio inossidabile e disco forato da 4 mm. \u00c8 facile da pulire e si consiglia di attivare il raffreddamento almeno 30 minuti prima di lavorare la carne. La potenza del tritacarne \u00e8 di 2,2 kW e le sue dimensioni esterne sono 645 x 340 x 575 mm.<\/p>\n<p><a href=\"https:\/\/distribucionarc.com\/wp-content\/uploads\/2023\/05\/picadora-electrica-de-carne.jpg\"><img loading=\"lazy\" decoding=\"async\" class=\"alignnone size-medium wp-image-5713\" src=\"https:\/\/distribucionarc.com\/wp-content\/uploads\/2023\/05\/picadora-electrica-de-carne-300x300.jpg\" alt=\"\" width=\"300\" height=\"300\" srcset=\"https:\/\/distribucionarc.com\/wp-content\/uploads\/2023\/05\/picadora-electrica-de-carne-300x300.jpg 300w, https:\/\/distribucionarc.com\/wp-content\/uploads\/2023\/05\/picadora-electrica-de-carne-430x430.jpg 430w, https:\/\/distribucionarc.com\/wp-content\/uploads\/2023\/05\/picadora-electrica-de-carne-150x150.jpg 150w, https:\/\/distribucionarc.com\/wp-content\/uploads\/2023\/05\/picadora-electrica-de-carne-700x700.jpg 700w, https:\/\/distribucionarc.com\/wp-content\/uploads\/2023\/05\/picadora-electrica-de-carne-768x768.jpg 768w, https:\/\/distribucionarc.com\/wp-content\/uploads\/2023\/05\/picadora-electrica-de-carne-12x12.jpg 12w, https:\/\/distribucionarc.com\/wp-content\/uploads\/2023\/05\/picadora-electrica-de-carne-48x48.jpg 48w, https:\/\/distribucionarc.com\/wp-content\/uploads\/2023\/05\/picadora-electrica-de-carne.jpg 1000w\" sizes=\"auto, (max-width: 300px) 100vw, 300px\" \/><\/a><a href=\"https:\/\/distribucionarc.com\/wp-content\/uploads\/2023\/05\/picadora-electrica-interior.webp\"><img loading=\"lazy\" decoding=\"async\" class=\"alignnone size-medium wp-image-5714\" src=\"https:\/\/distribucionarc.com\/wp-content\/uploads\/2023\/05\/picadora-electrica-interior-300x300.webp\" alt=\"\" width=\"300\" height=\"300\" srcset=\"https:\/\/distribucionarc.com\/wp-content\/uploads\/2023\/05\/picadora-electrica-interior-300x300.webp 300w, https:\/\/distribucionarc.com\/wp-content\/uploads\/2023\/05\/picadora-electrica-interior-430x430.webp 430w, https:\/\/distribucionarc.com\/wp-content\/uploads\/2023\/05\/picadora-electrica-interior-150x150.webp 150w, https:\/\/distribucionarc.com\/wp-content\/uploads\/2023\/05\/picadora-electrica-interior-700x700.webp 700w, https:\/\/distribucionarc.com\/wp-content\/uploads\/2023\/05\/picadora-electrica-interior-768x768.webp 768w, https:\/\/distribucionarc.com\/wp-content\/uploads\/2023\/05\/picadora-electrica-interior-12x12.webp 12w, https:\/\/distribucionarc.com\/wp-content\/uploads\/2023\/05\/picadora-electrica-interior-48x48.webp 48w, https:\/\/distribucionarc.com\/wp-content\/uploads\/2023\/05\/picadora-electrica-interior.webp 1000w\" sizes=\"auto, (max-width: 300px) 100vw, 300px\" \/><\/a><a href=\"https:\/\/distribucionarc.com\/wp-content\/uploads\/2023\/05\/picadora-de-carne-vista.webp\"><img loading=\"lazy\" decoding=\"async\" class=\"alignnone size-medium wp-image-5715\" src=\"https:\/\/distribucionarc.com\/wp-content\/uploads\/2023\/05\/picadora-de-carne-vista-184x300.webp\" alt=\"\" width=\"184\" height=\"300\" srcset=\"https:\/\/distribucionarc.com\/wp-content\/uploads\/2023\/05\/picadora-de-carne-vista-184x300.webp 184w, https:\/\/distribucionarc.com\/wp-content\/uploads\/2023\/05\/picadora-de-carne-vista-430x700.webp 430w, https:\/\/distribucionarc.com\/wp-content\/uploads\/2023\/05\/picadora-de-carne-vista-150x244.webp 150w, https:\/\/distribucionarc.com\/wp-content\/uploads\/2023\/05\/picadora-de-carne-vista-600x977.webp 600w, https:\/\/distribucionarc.com\/wp-content\/uploads\/2023\/05\/picadora-de-carne-vista-7x12.webp 7w, https:\/\/distribucionarc.com\/wp-content\/uploads\/2023\/05\/picadora-de-carne-vista-48x78.webp 48w, https:\/\/distribucionarc.com\/wp-content\/uploads\/2023\/05\/picadora-de-carne-vista.webp 614w\" sizes=\"auto, (max-width: 184px) 100vw, 184px\" \/><\/a><\/p>\n<p>Specifiche tecniche <strong>AR00929<\/strong><\/p>\n<ul>\n<li>Larghezza: 645 mm<\/li>\n<li>Profondit\u00e0: 340 mm<\/li>\n<li>Altezza: 575 mm<\/li>\n<li>Tipo di dispositivo: tritacarne<\/li>\n<li>Capacit\u00e0: 600 kg\/h<\/li>\n<li>Giri al minuto: 1400 giri\/min<\/li>\n<li>Volume: 0,12 m\u00b3<\/li>\n<li>Potenza: 2200 watt<\/li>\n<li>Tensione: 230 V<\/li>\n<li>Frequenza: 50Hz<\/li>\n<li>Peso 67 kg<\/li>\n<\/ul>\n<p>&nbsp;<\/p>","protected":false},"excerpt":{"rendered":"<p>IL <strong>tritacarne<\/strong> Sono macchine progettate per macinare e sminuzzare la carne. Queste macchine sono comunemente utilizzate nell&#039;industria alimentare e di lavorazione della carne per preparare diversi tipi di carne macinata. Sono disponibili in diverse dimensioni e capacit\u00e0 per soddisfare le esigenze di produzione e possono essere dotati di diversi tipi di lame e piastre di taglio per ottenere diverse consistenze della carne macinata. I tritacarne possono essere progettati anche per lavorare altri tipi di alimenti, come frutta e verdura, per creare puree e salse.<\/p>","protected":false},"featured_media":5709,"comment_status":"open","ping_status":"closed","template":"","meta":{"wds_primary_product_brand":0,"wds_primary_product_cat":0},"product_brand":[],"product_cat":[120],"product_tag":[],"class_list":{"0":"post-5705","1":"product","2":"type-product","3":"status-publish","4":"has-post-thumbnail","6":"product_cat-picadoras-carne","7":"product_shipping_class-express","9":"first","10":"instock","11":"taxable","12":"shipping-taxable","13":"purchasable","14":"product-type-simple"},"yoast_head":"<!-- This site is optimized with the Yoast SEO Premium plugin v24.9 (Yoast SEO v26.1) - https:\/\/yoast.com\/wordpress\/plugins\/seo\/ -->\n<title>Picadora profesional de carne fresca de alta calidad - distribuci\u00f3n ARC<\/title>\n<meta name=\"robots\" content=\"index, follow, max-snippet:-1, max-image-preview:large, max-video-preview:-1\" \/>\n<link rel=\"canonical\" href=\"https:\/\/distribucionarc.com\/it\/prodotto\/tritacarne-professionale-di-alta-qualita\/\" \/>\n<meta property=\"og:locale\" content=\"it_IT\" \/>\n<meta property=\"og:type\" content=\"article\" \/>\n<meta property=\"og:title\" content=\"Picadora profesional de carne fresca de alta calidad\" \/>\n<meta property=\"og:description\" content=\"Las picadoras de carne son m\u00e1quinas dise\u00f1adas para moler y triturar carne. Estas m\u00e1quinas se utilizan com\u00fanmente en la industria alimentaria y de procesamiento de carne para preparar diferentes tipos de carne molida. Vienen en una variedad de tama\u00f1os y capacidades para adaptarse a las necesidades de producci\u00f3n, y pueden estar equipadas con diferentes tipos de cuchillas y platos de corte para lograr diferentes texturas de carne molida. Las picadoras de carne tambi\u00e9n pueden estar dise\u00f1adas para procesar otros tipos de alimentos, como frutas y verduras, para crear pur\u00e9s y salsas.\" \/>\n<meta property=\"og:url\" content=\"https:\/\/distribucionarc.com\/it\/prodotto\/tritacarne-professionale-di-alta-qualita\/\" \/>\n<meta property=\"og:site_name\" content=\"distribuci\u00f3n ARC\" \/>\n<meta property=\"article:modified_time\" content=\"2024-10-05T03:48:21+00:00\" \/>\n<meta property=\"og:image\" content=\"https:\/\/distribucionarc.com\/wp-content\/uploads\/2023\/05\/picadora-profesional.webp\" \/>\n\t<meta property=\"og:image:width\" content=\"652\" \/>\n\t<meta property=\"og:image:height\" content=\"1000\" \/>\n\t<meta property=\"og:image:type\" content=\"image\/webp\" \/>\n<meta name=\"twitter:card\" content=\"summary_large_image\" \/>\n<meta name=\"twitter:label1\" content=\"Tempo di lettura stimato\" \/>\n\t<meta name=\"twitter:data1\" content=\"4 minuti\" \/>\n<script type=\"application\/ld+json\" class=\"yoast-schema-graph\">{\"@context\":\"https:\/\/schema.org\",\"@graph\":[{\"@type\":\"WebPage\",\"@id\":\"https:\/\/distribucionarc.com\/it\/producto\/picadora-profesional-de-carne-fresca-de-alta-calidad\/\",\"url\":\"https:\/\/distribucionarc.com\/it\/producto\/picadora-profesional-de-carne-fresca-de-alta-calidad\/\",\"name\":\"Picadora profesional de carne fresca de alta calidad - distribuci\u00f3n ARC\",\"isPartOf\":{\"@id\":\"https:\/\/www.distribucionarc.com\/#website\"},\"primaryImageOfPage\":{\"@id\":\"https:\/\/distribucionarc.com\/it\/producto\/picadora-profesional-de-carne-fresca-de-alta-calidad\/#primaryimage\"},\"image\":{\"@id\":\"https:\/\/distribucionarc.com\/it\/producto\/picadora-profesional-de-carne-fresca-de-alta-calidad\/#primaryimage\"},\"thumbnailUrl\":\"https:\/\/distribucionarc.com\/wp-content\/uploads\/2023\/05\/picadora-profesional.webp\",\"datePublished\":\"2023-05-11T15:04:22+00:00\",\"dateModified\":\"2024-10-05T03:48:21+00:00\",\"breadcrumb\":{\"@id\":\"https:\/\/distribucionarc.com\/it\/producto\/picadora-profesional-de-carne-fresca-de-alta-calidad\/#breadcrumb\"},\"inLanguage\":\"it-IT\",\"potentialAction\":[{\"@type\":\"ReadAction\",\"target\":[\"https:\/\/distribucionarc.com\/it\/producto\/picadora-profesional-de-carne-fresca-de-alta-calidad\/\"]}]},{\"@type\":\"ImageObject\",\"inLanguage\":\"it-IT\",\"@id\":\"https:\/\/distribucionarc.com\/it\/producto\/picadora-profesional-de-carne-fresca-de-alta-calidad\/#primaryimage\",\"url\":\"https:\/\/distribucionarc.com\/wp-content\/uploads\/2023\/05\/picadora-profesional.webp\",\"contentUrl\":\"https:\/\/distribucionarc.com\/wp-content\/uploads\/2023\/05\/picadora-profesional.webp\",\"width\":652,\"height\":1000},{\"@type\":\"BreadcrumbList\",\"@id\":\"https:\/\/distribucionarc.com\/it\/producto\/picadora-profesional-de-carne-fresca-de-alta-calidad\/#breadcrumb\",\"itemListElement\":[{\"@type\":\"ListItem\",\"position\":1,\"name\":\"Portada\",\"item\":\"https:\/\/distribucionarc.com\/pl\/\"},{\"@type\":\"ListItem\",\"position\":2,\"name\":\"\u0627\u0644\u0645\u0646\u062a\u062c\u0627\u062a\",\"item\":\"https:\/\/www.distribucionarc.com\/ar\/%d9%85%d8%ad%d9%84\/\"},{\"@type\":\"ListItem\",\"position\":3,\"name\":\"Picadora profesional de carne fresca de alta calidad\"}]},{\"@type\":\"WebSite\",\"@id\":\"https:\/\/www.distribucionarc.com\/#website\",\"url\":\"https:\/\/www.distribucionarc.com\/\",\"name\":\"distribuci\u00f3n ARC\",\"description\":\"Empresa especializada en la fabricaci\u00f3n y distribuci\u00f3n de maquinaria industrial, selladoras de latas, Maquinas de hacer pastillas, Maquinas de cortar carne...\",\"publisher\":{\"@id\":\"https:\/\/www.distribucionarc.com\/#organization\"},\"potentialAction\":[{\"@type\":\"SearchAction\",\"target\":{\"@type\":\"EntryPoint\",\"urlTemplate\":\"https:\/\/www.distribucionarc.com\/?s={search_term_string}\"},\"query-input\":{\"@type\":\"PropertyValueSpecification\",\"valueRequired\":true,\"valueName\":\"search_term_string\"}}],\"inLanguage\":\"it-IT\"},{\"@type\":\"Organization\",\"@id\":\"https:\/\/www.distribucionarc.com\/#organization\",\"name\":\"Distribuci\u00f3n ARC\",\"url\":\"https:\/\/www.distribucionarc.com\/\",\"logo\":{\"@type\":\"ImageObject\",\"inLanguage\":\"it-IT\",\"@id\":\"https:\/\/www.distribucionarc.com\/#\/schema\/logo\/image\/\",\"url\":\"https:\/\/distribucionarc.com\/wp-content\/uploads\/2024\/10\/distribucion-ARC-COLOR-SIN-FONDO-e1732295305345.png\",\"contentUrl\":\"https:\/\/distribucionarc.com\/wp-content\/uploads\/2024\/10\/distribucion-ARC-COLOR-SIN-FONDO-e1732295305345.png\",\"width\":1164,\"height\":558,\"caption\":\"Distribuci\u00f3n ARC\"},\"image\":{\"@id\":\"https:\/\/www.distribucionarc.com\/#\/schema\/logo\/image\/\"},\"description\":\"Empresa especializada en la fabricaci\u00f3n y distribuci\u00f3n de maquinaria industrial para los sectores alimentario y farmac\u00e9utico. Nos especializamos en: M\u00e1quinas de cortar carne Fabricaci\u00f3n de comprimidos Sistemas de transporte industrial L\u00edneas de embotellado Dosificadores Y mucho m\u00e1s... Ofrecemos soluciones innovadoras y personalizadas para optimizar los procesos productivos de tu empresa.\",\"email\":\"Admistracion@distribucionarc.com\",\"telephone\":\"+34 643496664\",\"legalName\":\"ARC TECH SOLUTIONS\",\"foundingDate\":\"2024-04-09\",\"vatID\":\"B55480172\",\"numberOfEmployees\":{\"@type\":\"QuantitativeValue\",\"minValue\":\"1\",\"maxValue\":\"10\"}}]}<\/script>\n<!-- \/ Yoast SEO Premium plugin. -->","yoast_head_json":{"title":"Tritacarne professionale di alta qualit\u00e0 per carne fresca - ARC distribution","robots":{"index":"index","follow":"follow","max-snippet":"max-snippet:-1","max-image-preview":"max-image-preview:large","max-video-preview":"max-video-preview:-1"},"canonical":"https:\/\/distribucionarc.com\/it\/prodotto\/tritacarne-professionale-di-alta-qualita\/","og_locale":"it_IT","og_type":"article","og_title":"Picadora profesional de carne fresca de alta calidad","og_description":"Las picadoras de carne son m\u00e1quinas dise\u00f1adas para moler y triturar carne. Estas m\u00e1quinas se utilizan com\u00fanmente en la industria alimentaria y de procesamiento de carne para preparar diferentes tipos de carne molida. Vienen en una variedad de tama\u00f1os y capacidades para adaptarse a las necesidades de producci\u00f3n, y pueden estar equipadas con diferentes tipos de cuchillas y platos de corte para lograr diferentes texturas de carne molida. Las picadoras de carne tambi\u00e9n pueden estar dise\u00f1adas para procesar otros tipos de alimentos, como frutas y verduras, para crear pur\u00e9s y salsas.","og_url":"https:\/\/distribucionarc.com\/it\/prodotto\/tritacarne-professionale-di-alta-qualita\/","og_site_name":"distribuci\u00f3n ARC","article_modified_time":"2024-10-05T03:48:21+00:00","og_image":[{"width":652,"height":1000,"url":"https:\/\/distribucionarc.com\/wp-content\/uploads\/2023\/05\/picadora-profesional.webp","type":"image\/webp"}],"twitter_card":"summary_large_image","twitter_misc":{"Tempo di lettura stimato":"4 minuti"},"schema":{"@context":"https:\/\/schema.org","@graph":[{"@type":"WebPage","@id":"https:\/\/distribucionarc.com\/it\/producto\/picadora-profesional-de-carne-fresca-de-alta-calidad\/","url":"https:\/\/distribucionarc.com\/it\/producto\/picadora-profesional-de-carne-fresca-de-alta-calidad\/","name":"Tritacarne professionale di alta qualit\u00e0 per carne fresca - ARC distribution","isPartOf":{"@id":"https:\/\/www.distribucionarc.com\/#website"},"primaryImageOfPage":{"@id":"https:\/\/distribucionarc.com\/it\/producto\/picadora-profesional-de-carne-fresca-de-alta-calidad\/#primaryimage"},"image":{"@id":"https:\/\/distribucionarc.com\/it\/producto\/picadora-profesional-de-carne-fresca-de-alta-calidad\/#primaryimage"},"thumbnailUrl":"https:\/\/distribucionarc.com\/wp-content\/uploads\/2023\/05\/picadora-profesional.webp","datePublished":"2023-05-11T15:04:22+00:00","dateModified":"2024-10-05T03:48:21+00:00","breadcrumb":{"@id":"https:\/\/distribucionarc.com\/it\/producto\/picadora-profesional-de-carne-fresca-de-alta-calidad\/#breadcrumb"},"inLanguage":"it-IT","potentialAction":[{"@type":"ReadAction","target":["https:\/\/distribucionarc.com\/it\/producto\/picadora-profesional-de-carne-fresca-de-alta-calidad\/"]}]},{"@type":"ImageObject","inLanguage":"it-IT","@id":"https:\/\/distribucionarc.com\/it\/producto\/picadora-profesional-de-carne-fresca-de-alta-calidad\/#primaryimage","url":"https:\/\/distribucionarc.com\/wp-content\/uploads\/2023\/05\/picadora-profesional.webp","contentUrl":"https:\/\/distribucionarc.com\/wp-content\/uploads\/2023\/05\/picadora-profesional.webp","width":652,"height":1000},{"@type":"BreadcrumbList","@id":"https:\/\/distribucionarc.com\/it\/producto\/picadora-profesional-de-carne-fresca-de-alta-calidad\/#breadcrumb","itemListElement":[{"@type":"ListItem","position":1,"name":"Portada","item":"https:\/\/distribucionarc.com\/pl\/"},{"@type":"ListItem","position":2,"name":"\u0627\u0644\u0645\u0646\u062a\u062c\u0627\u062a","item":"https:\/\/www.distribucionarc.com\/ar\/%d9%85%d8%ad%d9%84\/"},{"@type":"ListItem","position":3,"name":"Picadora profesional de carne fresca de alta calidad"}]},{"@type":"WebSite","@id":"https:\/\/www.distribucionarc.com\/#website","url":"https:\/\/www.distribucionarc.com\/","name":"Distribuzione dell&#039;ARCO","description":"Azienda specializzata nella produzione e distribuzione di macchinari industriali, macchine sigillatrici di lattine, macchine per la produzione di compresse, macchine per il taglio della carne...","publisher":{"@id":"https:\/\/www.distribucionarc.com\/#organization"},"potentialAction":[{"@type":"SearchAction","target":{"@type":"EntryPoint","urlTemplate":"https:\/\/www.distribucionarc.com\/?s={search_term_string}"},"query-input":{"@type":"PropertyValueSpecification","valueRequired":true,"valueName":"search_term_string"}}],"inLanguage":"it-IT"},{"@type":"Organization","@id":"https:\/\/www.distribucionarc.com\/#organization","name":"Distribuzione dell&#039;ARC","url":"https:\/\/www.distribucionarc.com\/","logo":{"@type":"ImageObject","inLanguage":"it-IT","@id":"https:\/\/www.distribucionarc.com\/#\/schema\/logo\/image\/","url":"https:\/\/distribucionarc.com\/wp-content\/uploads\/2024\/10\/distribucion-ARC-COLOR-SIN-FONDO-e1732295305345.png","contentUrl":"https:\/\/distribucionarc.com\/wp-content\/uploads\/2024\/10\/distribucion-ARC-COLOR-SIN-FONDO-e1732295305345.png","width":1164,"height":558,"caption":"Distribuci\u00f3n ARC"},"image":{"@id":"https:\/\/www.distribucionarc.com\/#\/schema\/logo\/image\/"},"description":"Azienda specializzata nella produzione e distribuzione di macchinari industriali per il settore alimentare e farmaceutico. Siamo specializzati in: Macchine per il taglio della carne Produzione di compresse Sistemi di trasporto industriale Linee di imbottigliamento Dispenser E molto altro ancora... Offriamo soluzioni innovative e personalizzate per ottimizzare i processi produttivi della vostra azienda.","email":"Admistracion@distribucionarc.com","telephone":"+34 643496664","legalName":"ARC TECH SOLUTIONS","foundingDate":"2024-04-09","vatID":"B55480172","numberOfEmployees":{"@type":"QuantitativeValue","minValue":"1","maxValue":"10"}}]}},"_links":{"self":[{"href":"https:\/\/distribucionarc.com\/it\/wp-json\/wp\/v2\/product\/5705","targetHints":{"allow":["GET"]}}],"collection":[{"href":"https:\/\/distribucionarc.com\/it\/wp-json\/wp\/v2\/product"}],"about":[{"href":"https:\/\/distribucionarc.com\/it\/wp-json\/wp\/v2\/types\/product"}],"replies":[{"embeddable":true,"href":"https:\/\/distribucionarc.com\/it\/wp-json\/wp\/v2\/comments?post=5705"}],"version-history":[{"count":0,"href":"https:\/\/distribucionarc.com\/it\/wp-json\/wp\/v2\/product\/5705\/revisions"}],"wp:featuredmedia":[{"embeddable":true,"href":"https:\/\/distribucionarc.com\/it\/wp-json\/wp\/v2\/media\/5709"}],"wp:attachment":[{"href":"https:\/\/distribucionarc.com\/it\/wp-json\/wp\/v2\/media?parent=5705"}],"wp:term":[{"taxonomy":"product_brand","embeddable":true,"href":"https:\/\/distribucionarc.com\/it\/wp-json\/wp\/v2\/product_brand?post=5705"},{"taxonomy":"product_cat","embeddable":true,"href":"https:\/\/distribucionarc.com\/it\/wp-json\/wp\/v2\/product_cat?post=5705"},{"taxonomy":"product_tag","embeddable":true,"href":"https:\/\/distribucionarc.com\/it\/wp-json\/wp\/v2\/product_tag?post=5705"}],"curies":[{"name":"wp","href":"https:\/\/api.w.org\/{rel}","templated":true}]}}