{"id":5725,"date":"2023-05-11T19:10:30","date_gmt":"2023-05-11T19:10:30","guid":{"rendered":"https:\/\/distribucionarc.com\/?post_type=product&#038;p=5725"},"modified":"2023-05-11T20:50:38","modified_gmt":"2023-05-11T20:50:38","slug":"impastatrice-manuale-per-carne-28lt","status":"publish","type":"product","link":"https:\/\/distribucionarc.com\/it\/producto\/amasadora-manual-de-carne-28litros\/","title":{"rendered":"Impastatrice manuale per carne 28 litri"},"content":{"rendered":"<p><a href=\"https:\/\/distribucionarc.com\/wp-content\/uploads\/2023\/05\/mezcladora-manual.jpg\"><img loading=\"lazy\" decoding=\"async\" class=\"alignnone size-medium wp-image-5728\" src=\"https:\/\/distribucionarc.com\/wp-content\/uploads\/2023\/05\/mezcladora-manual-300x300.jpg\" alt=\"\" width=\"300\" height=\"300\" srcset=\"https:\/\/distribucionarc.com\/wp-content\/uploads\/2023\/05\/mezcladora-manual-300x300.jpg 300w, https:\/\/distribucionarc.com\/wp-content\/uploads\/2023\/05\/mezcladora-manual-430x430.jpg 430w, https:\/\/distribucionarc.com\/wp-content\/uploads\/2023\/05\/mezcladora-manual-150x150.jpg 150w, https:\/\/distribucionarc.com\/wp-content\/uploads\/2023\/05\/mezcladora-manual-700x700.jpg 700w, https:\/\/distribucionarc.com\/wp-content\/uploads\/2023\/05\/mezcladora-manual-768x768.jpg 768w, https:\/\/distribucionarc.com\/wp-content\/uploads\/2023\/05\/mezcladora-manual-12x12.jpg 12w, https:\/\/distribucionarc.com\/wp-content\/uploads\/2023\/05\/mezcladora-manual-48x48.jpg 48w, https:\/\/distribucionarc.com\/wp-content\/uploads\/2023\/05\/mezcladora-manual.jpg 1000w\" sizes=\"auto, (max-width: 300px) 100vw, 300px\" \/><\/a><a href=\"https:\/\/distribucionarc.com\/wp-content\/uploads\/2023\/05\/mezcladora-manual-manivela.jpg\"><img loading=\"lazy\" decoding=\"async\" class=\"alignnone size-medium wp-image-5727\" src=\"https:\/\/distribucionarc.com\/wp-content\/uploads\/2023\/05\/mezcladora-manual-manivela-300x300.jpg\" alt=\"\" width=\"300\" height=\"300\" srcset=\"https:\/\/distribucionarc.com\/wp-content\/uploads\/2023\/05\/mezcladora-manual-manivela-300x300.jpg 300w, https:\/\/distribucionarc.com\/wp-content\/uploads\/2023\/05\/mezcladora-manual-manivela-430x430.jpg 430w, https:\/\/distribucionarc.com\/wp-content\/uploads\/2023\/05\/mezcladora-manual-manivela-150x150.jpg 150w, https:\/\/distribucionarc.com\/wp-content\/uploads\/2023\/05\/mezcladora-manual-manivela-700x700.jpg 700w, https:\/\/distribucionarc.com\/wp-content\/uploads\/2023\/05\/mezcladora-manual-manivela-768x768.jpg 768w, https:\/\/distribucionarc.com\/wp-content\/uploads\/2023\/05\/mezcladora-manual-manivela-12x12.jpg 12w, https:\/\/distribucionarc.com\/wp-content\/uploads\/2023\/05\/mezcladora-manual-manivela-48x48.jpg 48w, https:\/\/distribucionarc.com\/wp-content\/uploads\/2023\/05\/mezcladora-manual-manivela.jpg 977w\" sizes=\"auto, (max-width: 300px) 100vw, 300px\" \/><\/a><\/p>\n<p>IL<strong> impastatrice manuale per carne<\/strong>\u00a0\u00c8 un dispositivo di alta qualit\u00e0 progettato per un uso professionale. La sua manovrabilit\u00e0 \u00e8 semplice e avviene tramite una manovella. Ha una portata di 25 kg e dispone di un interruttore che permette di invertire il senso di miscelazione. Inoltre, il coltello \u00e8 facilmente rimovibile e la macchina \u00e8 molto facile da pulire. \u00c8 realizzato in acciaio inossidabile di alta qualit\u00e0 e ha un&#039;elevata stabilit\u00e0. Le sue dimensioni esterne sono 700 x 279 x 439 mm. \u00c8 inoltre possibile passare in qualsiasi momento alla versione motorizzata con tritacarne FWFC450.<\/p>\n<p><a href=\"https:\/\/distribucionarc.com\/wp-content\/uploads\/2023\/05\/mezcladora.jpg\"><img loading=\"lazy\" decoding=\"async\" class=\"alignnone size-medium wp-image-5729\" src=\"https:\/\/distribucionarc.com\/wp-content\/uploads\/2023\/05\/mezcladora-300x300.jpg\" alt=\"\" width=\"300\" height=\"300\" srcset=\"https:\/\/distribucionarc.com\/wp-content\/uploads\/2023\/05\/mezcladora-300x300.jpg 300w, https:\/\/distribucionarc.com\/wp-content\/uploads\/2023\/05\/mezcladora-430x430.jpg 430w, https:\/\/distribucionarc.com\/wp-content\/uploads\/2023\/05\/mezcladora-150x150.jpg 150w, https:\/\/distribucionarc.com\/wp-content\/uploads\/2023\/05\/mezcladora-700x700.jpg 700w, https:\/\/distribucionarc.com\/wp-content\/uploads\/2023\/05\/mezcladora-768x768.jpg 768w, https:\/\/distribucionarc.com\/wp-content\/uploads\/2023\/05\/mezcladora-12x12.jpg 12w, https:\/\/distribucionarc.com\/wp-content\/uploads\/2023\/05\/mezcladora-48x48.jpg 48w, https:\/\/distribucionarc.com\/wp-content\/uploads\/2023\/05\/mezcladora.jpg 1000w\" sizes=\"auto, (max-width: 300px) 100vw, 300px\" \/><\/a><a href=\"https:\/\/distribucionarc.com\/wp-content\/uploads\/2023\/05\/mezcladora-amasadora.jpg\"><img loading=\"lazy\" decoding=\"async\" class=\"alignnone size-medium wp-image-5731\" src=\"https:\/\/distribucionarc.com\/wp-content\/uploads\/2023\/05\/mezcladora-amasadora-300x300.jpg\" alt=\"\" width=\"300\" height=\"300\" srcset=\"https:\/\/distribucionarc.com\/wp-content\/uploads\/2023\/05\/mezcladora-amasadora-300x300.jpg 300w, https:\/\/distribucionarc.com\/wp-content\/uploads\/2023\/05\/mezcladora-amasadora-430x430.jpg 430w, https:\/\/distribucionarc.com\/wp-content\/uploads\/2023\/05\/mezcladora-amasadora-150x150.jpg 150w, https:\/\/distribucionarc.com\/wp-content\/uploads\/2023\/05\/mezcladora-amasadora-700x700.jpg 700w, https:\/\/distribucionarc.com\/wp-content\/uploads\/2023\/05\/mezcladora-amasadora-768x768.jpg 768w, https:\/\/distribucionarc.com\/wp-content\/uploads\/2023\/05\/mezcladora-amasadora-12x12.jpg 12w, https:\/\/distribucionarc.com\/wp-content\/uploads\/2023\/05\/mezcladora-amasadora-48x48.jpg 48w, https:\/\/distribucionarc.com\/wp-content\/uploads\/2023\/05\/mezcladora-amasadora.jpg 1000w\" sizes=\"auto, (max-width: 300px) 100vw, 300px\" \/><\/a><a href=\"https:\/\/distribucionarc.com\/wp-content\/uploads\/2023\/05\/amasadora-mezcladora-a-mano.jpg\"><img loading=\"lazy\" decoding=\"async\" class=\"alignnone size-medium wp-image-5730\" src=\"https:\/\/distribucionarc.com\/wp-content\/uploads\/2023\/05\/amasadora-mezcladora-a-mano-300x300.jpg\" alt=\"\" width=\"300\" height=\"300\" srcset=\"https:\/\/distribucionarc.com\/wp-content\/uploads\/2023\/05\/amasadora-mezcladora-a-mano-300x300.jpg 300w, https:\/\/distribucionarc.com\/wp-content\/uploads\/2023\/05\/amasadora-mezcladora-a-mano-430x430.jpg 430w, https:\/\/distribucionarc.com\/wp-content\/uploads\/2023\/05\/amasadora-mezcladora-a-mano-150x150.jpg 150w, https:\/\/distribucionarc.com\/wp-content\/uploads\/2023\/05\/amasadora-mezcladora-a-mano-700x700.jpg 700w, https:\/\/distribucionarc.com\/wp-content\/uploads\/2023\/05\/amasadora-mezcladora-a-mano-768x768.jpg 768w, https:\/\/distribucionarc.com\/wp-content\/uploads\/2023\/05\/amasadora-mezcladora-a-mano-12x12.jpg 12w, https:\/\/distribucionarc.com\/wp-content\/uploads\/2023\/05\/amasadora-mezcladora-a-mano-48x48.jpg 48w, https:\/\/distribucionarc.com\/wp-content\/uploads\/2023\/05\/amasadora-mezcladora-a-mano.jpg 1000w\" sizes=\"auto, (max-width: 300px) 100vw, 300px\" \/><\/a><\/p>\n<p>Specifiche tecniche<\/p>\n<ul>\n<li>Dimensioni: Larghezza: 700 mm, profondit\u00e0: 279 mm, altezza: 439 mm<\/li>\n<li>Capacit\u00e0 in litri: 28<\/li>\n<li>Capacit\u00e0 in chilogrammi: 25<\/li>\n<li>Peso: 17,5 kg<\/li>\n<\/ul>","protected":false},"excerpt":{"rendered":"<p>Macchina perfetta per mescolare carne con spezie.<\/p>","protected":false},"featured_media":5728,"comment_status":"open","ping_status":"closed","template":"","meta":{"wds_primary_product_brand":0,"wds_primary_product_cat":0},"product_brand":[],"product_cat":[95],"product_tag":[],"class_list":{"0":"post-5725","1":"product","2":"type-product","3":"status-publish","4":"has-post-thumbnail","6":"product_cat-amasadoras-industriales","7":"product_shipping_class-express","9":"first","10":"instock","11":"taxable","12":"shipping-taxable","13":"purchasable","14":"product-type-simple"},"yoast_head":"<!-- This site is optimized with the Yoast SEO Premium plugin v24.9 (Yoast SEO v26.1) - https:\/\/yoast.com\/wordpress\/plugins\/seo\/ -->\n<title>Amasadora manual de carne 28litros - distribuci\u00f3n ARC<\/title>\n<meta name=\"robots\" content=\"index, follow, max-snippet:-1, max-image-preview:large, max-video-preview:-1\" \/>\n<link rel=\"canonical\" href=\"https:\/\/distribucionarc.com\/it\/prodotto\/impastatrice-manuale-per-carne-28lt\/\" \/>\n<meta property=\"og:locale\" content=\"it_IT\" \/>\n<meta property=\"og:type\" content=\"article\" \/>\n<meta property=\"og:title\" content=\"Amasadora manual de carne 28litros\" \/>\n<meta property=\"og:description\" content=\"Maquina perfecta para mezclar carne con especias.\" \/>\n<meta property=\"og:url\" content=\"https:\/\/distribucionarc.com\/it\/prodotto\/impastatrice-manuale-per-carne-28lt\/\" \/>\n<meta property=\"og:site_name\" content=\"distribuci\u00f3n ARC\" \/>\n<meta property=\"article:modified_time\" content=\"2023-05-11T20:50:38+00:00\" \/>\n<meta property=\"og:image\" content=\"https:\/\/distribucionarc.com\/wp-content\/uploads\/2023\/05\/mezcladora-manual.jpg\" \/>\n\t<meta property=\"og:image:width\" content=\"1000\" \/>\n\t<meta property=\"og:image:height\" content=\"1000\" \/>\n\t<meta property=\"og:image:type\" content=\"image\/jpeg\" \/>\n<meta name=\"twitter:card\" content=\"summary_large_image\" \/>\n<meta name=\"twitter:label1\" content=\"Tempo di lettura stimato\" \/>\n\t<meta name=\"twitter:data1\" content=\"1 minuto\" \/>\n<script type=\"application\/ld+json\" class=\"yoast-schema-graph\">{\"@context\":\"https:\/\/schema.org\",\"@graph\":[{\"@type\":\"WebPage\",\"@id\":\"https:\/\/distribucionarc.com\/it\/producto\/amasadora-manual-de-carne-28litros\/\",\"url\":\"https:\/\/distribucionarc.com\/it\/producto\/amasadora-manual-de-carne-28litros\/\",\"name\":\"Amasadora manual de carne 28litros - distribuci\u00f3n ARC\",\"isPartOf\":{\"@id\":\"https:\/\/distribucionarc.com\/de\/#website\"},\"primaryImageOfPage\":{\"@id\":\"https:\/\/distribucionarc.com\/it\/producto\/amasadora-manual-de-carne-28litros\/#primaryimage\"},\"image\":{\"@id\":\"https:\/\/distribucionarc.com\/it\/producto\/amasadora-manual-de-carne-28litros\/#primaryimage\"},\"thumbnailUrl\":\"https:\/\/distribucionarc.com\/wp-content\/uploads\/2023\/05\/mezcladora-manual.jpg\",\"datePublished\":\"2023-05-11T19:10:30+00:00\",\"dateModified\":\"2023-05-11T20:50:38+00:00\",\"breadcrumb\":{\"@id\":\"https:\/\/distribucionarc.com\/it\/producto\/amasadora-manual-de-carne-28litros\/#breadcrumb\"},\"inLanguage\":\"it-IT\",\"potentialAction\":[{\"@type\":\"ReadAction\",\"target\":[\"https:\/\/distribucionarc.com\/it\/producto\/amasadora-manual-de-carne-28litros\/\"]}]},{\"@type\":\"ImageObject\",\"inLanguage\":\"it-IT\",\"@id\":\"https:\/\/distribucionarc.com\/it\/producto\/amasadora-manual-de-carne-28litros\/#primaryimage\",\"url\":\"https:\/\/distribucionarc.com\/wp-content\/uploads\/2023\/05\/mezcladora-manual.jpg\",\"contentUrl\":\"https:\/\/distribucionarc.com\/wp-content\/uploads\/2023\/05\/mezcladora-manual.jpg\",\"width\":1000,\"height\":1000},{\"@type\":\"BreadcrumbList\",\"@id\":\"https:\/\/distribucionarc.com\/it\/producto\/amasadora-manual-de-carne-28litros\/#breadcrumb\",\"itemListElement\":[{\"@type\":\"ListItem\",\"position\":1,\"name\":\"Portada\",\"item\":\"https:\/\/distribucionarc.com\/pl\/\"},{\"@type\":\"ListItem\",\"position\":2,\"name\":\"Produkty\",\"item\":\"https:\/\/distribucionarc.com\/pl\/shop\/\"},{\"@type\":\"ListItem\",\"position\":3,\"name\":\"Amasadora manual de carne 28litros\"}]},{\"@type\":\"WebSite\",\"@id\":\"https:\/\/distribucionarc.com\/de\/#website\",\"url\":\"https:\/\/distribucionarc.com\/de\/\",\"name\":\"distribuci\u00f3n ARC\",\"description\":\"Empresa especializada en la fabricaci\u00f3n y distribuci\u00f3n de maquinaria industrial, selladoras de latas, Maquinas de hacer pastillas, Maquinas de cortar carne...\",\"publisher\":{\"@id\":\"https:\/\/distribucionarc.com\/de\/#organization\"},\"potentialAction\":[{\"@type\":\"SearchAction\",\"target\":{\"@type\":\"EntryPoint\",\"urlTemplate\":\"https:\/\/distribucionarc.com\/de\/?s={search_term_string}\"},\"query-input\":{\"@type\":\"PropertyValueSpecification\",\"valueRequired\":true,\"valueName\":\"search_term_string\"}}],\"inLanguage\":\"it-IT\"},{\"@type\":\"Organization\",\"@id\":\"https:\/\/distribucionarc.com\/de\/#organization\",\"name\":\"Distribuci\u00f3n ARC\",\"url\":\"https:\/\/distribucionarc.com\/de\/\",\"logo\":{\"@type\":\"ImageObject\",\"inLanguage\":\"it-IT\",\"@id\":\"https:\/\/distribucionarc.com\/de\/#\/schema\/logo\/image\/\",\"url\":\"https:\/\/distribucionarc.com\/wp-content\/uploads\/2024\/10\/distribucion-ARC-COLOR-SIN-FONDO-e1732295305345.png\",\"contentUrl\":\"https:\/\/distribucionarc.com\/wp-content\/uploads\/2024\/10\/distribucion-ARC-COLOR-SIN-FONDO-e1732295305345.png\",\"width\":1164,\"height\":558,\"caption\":\"Distribuci\u00f3n ARC\"},\"image\":{\"@id\":\"https:\/\/distribucionarc.com\/de\/#\/schema\/logo\/image\/\"},\"description\":\"Empresa especializada en la fabricaci\u00f3n y distribuci\u00f3n de maquinaria industrial para los sectores alimentario y farmac\u00e9utico. Nos especializamos en: M\u00e1quinas de cortar carne Fabricaci\u00f3n de comprimidos Sistemas de transporte industrial L\u00edneas de embotellado Dosificadores Y mucho m\u00e1s... Ofrecemos soluciones innovadoras y personalizadas para optimizar los procesos productivos de tu empresa.\",\"email\":\"Admistracion@distribucionarc.com\",\"telephone\":\"+34 643496664\",\"legalName\":\"ARC TECH SOLUTIONS\",\"foundingDate\":\"2024-04-09\",\"vatID\":\"B55480172\",\"numberOfEmployees\":{\"@type\":\"QuantitativeValue\",\"minValue\":\"1\",\"maxValue\":\"10\"}}]}<\/script>\n<!-- \/ Yoast SEO Premium plugin. -->","yoast_head_json":{"title":"Impastatrice manuale per carne 28 litri - distribuzione ARC","robots":{"index":"index","follow":"follow","max-snippet":"max-snippet:-1","max-image-preview":"max-image-preview:large","max-video-preview":"max-video-preview:-1"},"canonical":"https:\/\/distribucionarc.com\/it\/prodotto\/impastatrice-manuale-per-carne-28lt\/","og_locale":"it_IT","og_type":"article","og_title":"Amasadora manual de carne 28litros","og_description":"Maquina perfecta para mezclar carne con especias.","og_url":"https:\/\/distribucionarc.com\/it\/prodotto\/impastatrice-manuale-per-carne-28lt\/","og_site_name":"distribuci\u00f3n ARC","article_modified_time":"2023-05-11T20:50:38+00:00","og_image":[{"width":1000,"height":1000,"url":"https:\/\/distribucionarc.com\/wp-content\/uploads\/2023\/05\/mezcladora-manual.jpg","type":"image\/jpeg"}],"twitter_card":"summary_large_image","twitter_misc":{"Tempo di lettura stimato":"1 minuto"},"schema":{"@context":"https:\/\/schema.org","@graph":[{"@type":"WebPage","@id":"https:\/\/distribucionarc.com\/it\/producto\/amasadora-manual-de-carne-28litros\/","url":"https:\/\/distribucionarc.com\/it\/producto\/amasadora-manual-de-carne-28litros\/","name":"Impastatrice manuale per carne 28 litri - distribuzione ARC","isPartOf":{"@id":"https:\/\/distribucionarc.com\/de\/#website"},"primaryImageOfPage":{"@id":"https:\/\/distribucionarc.com\/it\/producto\/amasadora-manual-de-carne-28litros\/#primaryimage"},"image":{"@id":"https:\/\/distribucionarc.com\/it\/producto\/amasadora-manual-de-carne-28litros\/#primaryimage"},"thumbnailUrl":"https:\/\/distribucionarc.com\/wp-content\/uploads\/2023\/05\/mezcladora-manual.jpg","datePublished":"2023-05-11T19:10:30+00:00","dateModified":"2023-05-11T20:50:38+00:00","breadcrumb":{"@id":"https:\/\/distribucionarc.com\/it\/producto\/amasadora-manual-de-carne-28litros\/#breadcrumb"},"inLanguage":"it-IT","potentialAction":[{"@type":"ReadAction","target":["https:\/\/distribucionarc.com\/it\/producto\/amasadora-manual-de-carne-28litros\/"]}]},{"@type":"ImageObject","inLanguage":"it-IT","@id":"https:\/\/distribucionarc.com\/it\/producto\/amasadora-manual-de-carne-28litros\/#primaryimage","url":"https:\/\/distribucionarc.com\/wp-content\/uploads\/2023\/05\/mezcladora-manual.jpg","contentUrl":"https:\/\/distribucionarc.com\/wp-content\/uploads\/2023\/05\/mezcladora-manual.jpg","width":1000,"height":1000},{"@type":"BreadcrumbList","@id":"https:\/\/distribucionarc.com\/it\/producto\/amasadora-manual-de-carne-28litros\/#breadcrumb","itemListElement":[{"@type":"ListItem","position":1,"name":"Portada","item":"https:\/\/distribucionarc.com\/pl\/"},{"@type":"ListItem","position":2,"name":"Produkty","item":"https:\/\/distribucionarc.com\/pl\/shop\/"},{"@type":"ListItem","position":3,"name":"Amasadora manual de carne 28litros"}]},{"@type":"WebSite","@id":"https:\/\/distribucionarc.com\/de\/#website","url":"https:\/\/distribucionarc.com\/de\/","name":"Distribuzione dell&#039;ARCO","description":"Azienda specializzata nella produzione e distribuzione di macchinari industriali, macchine sigillatrici di lattine, macchine per la produzione di compresse, macchine per il taglio della carne...","publisher":{"@id":"https:\/\/distribucionarc.com\/de\/#organization"},"potentialAction":[{"@type":"SearchAction","target":{"@type":"EntryPoint","urlTemplate":"https:\/\/distribucionarc.com\/de\/?s={search_term_string}"},"query-input":{"@type":"PropertyValueSpecification","valueRequired":true,"valueName":"search_term_string"}}],"inLanguage":"it-IT"},{"@type":"Organization","@id":"https:\/\/distribucionarc.com\/de\/#organization","name":"Distribuzione dell&#039;ARC","url":"https:\/\/distribucionarc.com\/de\/","logo":{"@type":"ImageObject","inLanguage":"it-IT","@id":"https:\/\/distribucionarc.com\/de\/#\/schema\/logo\/image\/","url":"https:\/\/distribucionarc.com\/wp-content\/uploads\/2024\/10\/distribucion-ARC-COLOR-SIN-FONDO-e1732295305345.png","contentUrl":"https:\/\/distribucionarc.com\/wp-content\/uploads\/2024\/10\/distribucion-ARC-COLOR-SIN-FONDO-e1732295305345.png","width":1164,"height":558,"caption":"Distribuci\u00f3n ARC"},"image":{"@id":"https:\/\/distribucionarc.com\/de\/#\/schema\/logo\/image\/"},"description":"Azienda specializzata nella produzione e distribuzione di macchinari industriali per il settore alimentare e farmaceutico. Siamo specializzati in: Macchine per il taglio della carne Produzione di compresse Sistemi di trasporto industriale Linee di imbottigliamento Dispenser E molto altro ancora... Offriamo soluzioni innovative e personalizzate per ottimizzare i processi produttivi della vostra azienda.","email":"Admistracion@distribucionarc.com","telephone":"+34 643496664","legalName":"ARC TECH SOLUTIONS","foundingDate":"2024-04-09","vatID":"B55480172","numberOfEmployees":{"@type":"QuantitativeValue","minValue":"1","maxValue":"10"}}]}},"_links":{"self":[{"href":"https:\/\/distribucionarc.com\/it\/wp-json\/wp\/v2\/product\/5725","targetHints":{"allow":["GET"]}}],"collection":[{"href":"https:\/\/distribucionarc.com\/it\/wp-json\/wp\/v2\/product"}],"about":[{"href":"https:\/\/distribucionarc.com\/it\/wp-json\/wp\/v2\/types\/product"}],"replies":[{"embeddable":true,"href":"https:\/\/distribucionarc.com\/it\/wp-json\/wp\/v2\/comments?post=5725"}],"version-history":[{"count":0,"href":"https:\/\/distribucionarc.com\/it\/wp-json\/wp\/v2\/product\/5725\/revisions"}],"wp:featuredmedia":[{"embeddable":true,"href":"https:\/\/distribucionarc.com\/it\/wp-json\/wp\/v2\/media\/5728"}],"wp:attachment":[{"href":"https:\/\/distribucionarc.com\/it\/wp-json\/wp\/v2\/media?parent=5725"}],"wp:term":[{"taxonomy":"product_brand","embeddable":true,"href":"https:\/\/distribucionarc.com\/it\/wp-json\/wp\/v2\/product_brand?post=5725"},{"taxonomy":"product_cat","embeddable":true,"href":"https:\/\/distribucionarc.com\/it\/wp-json\/wp\/v2\/product_cat?post=5725"},{"taxonomy":"product_tag","embeddable":true,"href":"https:\/\/distribucionarc.com\/it\/wp-json\/wp\/v2\/product_tag?post=5725"}],"curies":[{"name":"wp","href":"https:\/\/api.w.org\/{rel}","templated":true}]}}