{"id":615,"date":"2020-04-30T14:56:17","date_gmt":"2020-04-30T14:56:17","guid":{"rendered":"https:\/\/distribucionarc.com\/?post_type=product&#038;p=615"},"modified":"2024-09-04T15:51:22","modified_gmt":"2024-09-04T15:51:22","slug":"termosaldatrice-a-induzione-sigillatrice-di-tappi","status":"publish","type":"product","link":"https:\/\/distribucionarc.com\/it\/producto\/maquina-selladora-de-induccion-termica-selladora-de-operculos\/","title":{"rendered":"Sigillatrice ad induzione termica per la sigillatura dei tappi"},"content":{"rendered":"<p>Questa macchina sigillatrice ad induzione termica lavora su bottiglie non metalliche, devono essere di plastica o vetro nonch\u00e9 contenitori a forma di tazza. \u00c8 aggiornato per il popolare metodo di chiusura ermetica. La termosaldatura a induzione migliora la qualit\u00e0 del prodotto, previene l&#039;assorbimento naturale dell&#039;umidit\u00e0, prolunga la durata di conservazione, aggiunge sicurezza contro la contraffazione. Al giorno d&#039;oggi, l&#039;installazione di guarnizioni \u00e8 diventata essenziale ed \u00e8 ampiamente utilizzata nell&#039;industria chimica, farmaceutica e cosmetica, nonch\u00e9 nelle bevande e negli alimenti, tra gli altri settori.<\/p>\n<ul>\n<li>Adatto per bottiglie di vetro o plastica, come ABS, PE (HDPE, LDPE), PET, PP, PS, PVC, (non utilizzare contenitori metallici), tappi a vite, tappi antimanomissione, ecc.<\/li>\n<li>Funziona per sigillare un&#039;ampia variet\u00e0 di prodotti confezionati come: polveri, capsule e pillole, latte, acqua, succhi, yogurt, alcol, gelatina, alimenti trasformati, olio motore, ecc.<\/li>\n<li>Modello manuale portatile.<\/li>\n<li>Chiusura ermetica per induzione di calore senza contatto diretto.<\/li>\n<li>\u00c8 molto facile da usare poich\u00e9 \u00e8 progettato con un pannello a sfioramento.<\/li>\n<li>Nessuna parte in movimento, nessun rumore, i componenti elettronici assemblati sono 100% a stato solido per una lunga durata.<\/li>\n<li>\u00c8 molto sicuro da usare, ha un circuito di protezione contro sovraccarichi di corrente e surriscaldamento.<\/li>\n<li>Standard di alta qualit\u00e0 e sicurezza: GB 15579 e 1995<\/li>\n<li>Alimentazione: 110 V e 220 V<\/li>\n<li>Potenza in uscita: 500 W<\/li>\n<li>Diametro di saldatura da: 20 a 100 mm<\/li>\n<li>Temperatura ambiente di lavoro: da 25 a 45 \u00b0C<\/li>\n<li>Umidit\u00e0 relativa: \u2264 95%<\/li>\n<\/ul>\n<div id=\"comp-ju8d08ip\" class=\"style-ju8e633l\" data-is-absolute-layout=\"false\">\n<div id=\"comp-ju8d08ipinlineContent\" class=\"style-ju8e633linlineContent\">\n<div id=\"comp-ju8d08ipinlineContent-gridWrapper\" data-mesh-internal=\"true\">\n<div id=\"comp-ju8d08ipinlineContent-gridContainer\" data-mesh-internal=\"true\">\n<div id=\"comp-ju8d2m6m\" class=\"s_BIwzIGroupSkin\" data-is-absolute-layout=\"false\">\n<div id=\"comp-ju8d2m6minlineContent\" class=\"s_BIwzIGroupSkininlineContent\">\n<div id=\"comp-ju8d2m6minlineContent-gridWrapper\" data-mesh-internal=\"true\">\n<div id=\"comp-ju8d2m6minlineContent-gridContainer\" data-mesh-internal=\"true\">\n<div id=\"comp-ju8d26x1\" class=\"txtNew\" data-packed=\"true\">\n<h6 class=\"font_6\">Cos&#039;\u00e8 la sigillatura degli imballaggi a induzione?<\/h6>\n<p class=\"font_8\">\n<\/div>\n<div id=\"comp-ju8d270s\" class=\"style-ju8d27a4\" title=\"\" data-is-responsive=\"false\" data-display-mode=\"fill\" data-content-padding-horizontal=\"4\" data-content-padding-vertical=\"4\" data-exact-height=\"98\">\n<div id=\"comp-ju8d270slink\" class=\"style-ju8d27a4link\"><img decoding=\"async\" id=\"comp-ju8d270simgimage\" src=\"https:\/\/static.wixstatic.com\/media\/0ab0df_fc6543c220494629b174900d082fb8c2.jpg\/v1\/fill\/w_104,h_94,al_c,q_80,usm_0.66_1.00_0.01\/0ab0df_fc6543c220494629b174900d082fb8c2.webp\" alt=\"\" data-type=\"image\" \/><\/div>\n<\/div>\n<div id=\"comp-ju8d2750\" class=\"txtNew\" data-packed=\"true\">\n<p class=\"font_8\">I sigillatori per contenitori a induzione si basano su un sistema di sigillatura del contenitore pulito e senza contatto attraverso il quale un opercolo o &quot;disco&quot; di alluminio viene incollato sul perimetro dell&#039;imboccatura di un contenitore.<\/p>\n<\/div>\n<\/div>\n<\/div>\n<\/div>\n<\/div>\n<div id=\"comp-ju8deb64\" class=\"txtNew\" data-packed=\"true\">\n<h6 class=\"font_6\">Innanzitutto, per sigillare un contenitore mediante induzione, \u00e8 essenziale la presenza di un tappo a vite, che non pu\u00f2 essere metallico. Il disco\/coperchio a induzione deve essere gi\u00e0 posizionato all&#039;interno del coperchio.<\/h6>\n<h6 class=\"font_6\"><span class=\"wixGuard\">\u200b<\/span><\/h6>\n<h6 class=\"font_6\">Per quanto riguarda il corpo del contenitore, sar\u00e0 sempre consigliabile che sia realizzato in un qualsiasi polimero plastico (PP, PET, PE, ecc.). Per i contenitori in vetro consigliamo di utilizzare il sistema di sigillatura a conduzione o detto anche: termosaldatura.<\/h6>\n<h6 class=\"font_6\"><span class=\"wixGuard\">\u200b<\/span><\/h6>\n<h6 class=\"font_6\">Una spina adatta. Per la sigillatura ad induzione posso comporre i seguenti elementi (strati):<\/h6>\n<h6 class=\"font_6\"><span class=\"wixGuard\">\u200b<\/span><\/h6>\n<\/div>\n<div id=\"comp-ju8d8b6w\" class=\"s_BIwzIGroupSkin\" data-is-absolute-layout=\"false\">\n<div id=\"comp-ju8d8b6winlineContent\" class=\"s_BIwzIGroupSkininlineContent\">\n<div id=\"comp-ju8d8b6winlineContent-gridWrapper\" data-mesh-internal=\"true\">\n<div id=\"comp-ju8d8b6winlineContent-gridContainer\" data-mesh-internal=\"true\">\n<div id=\"comp-ju8d8bb0\" class=\"txtNew\" data-packed=\"true\">\n<h2 class=\"font_2\">Tappo interno \u201cantibava\u201d, adatto ad incorporare disco\/opercolo in alluminio<\/h2>\n<\/div>\n<div id=\"comp-ju8d8bba\" class=\"txtNew\" data-packed=\"true\">\n<h2 class=\"font_2\">Cartone: questo elemento assolve una doppia funzione, poich\u00e9 non solo \u00e8 necessario inglobare e centrare l&#039;opercolo nel tappo, ma garantir\u00e0 anche che l&#039;opercolo abbia un contatto adeguato con l&#039;imboccatura del contenitore una volta chiuso il tappo e prima dell&#039;induzione sigillatura.<\/h2>\n<\/div>\n<div id=\"comp-ju8d8bbi\" class=\"txtNew\" data-packed=\"true\">\n<h2 class=\"font_2\">strati adesivi<\/h2>\n<\/div>\n<div id=\"comp-ju8d8bbr\" class=\"txtNew\" data-packed=\"true\">\n<h2 class=\"font_2\">Opercolo\/foglio di alluminio. Senza dubbio l&#039;elemento pi\u00f9 importante di tutti, poich\u00e9 senza di esso sarebbe impossibile sigillare il contenitore. Attualmente esistono diverse tipologie di coperture la cui scelta dipender\u00e0 dal tipo di prodotto che si desidera sigillare.<\/h2>\n<\/div>\n<div id=\"comp-ju8d8bc0\" class=\"ca1\" title=\"\" data-is-responsive=\"false\" data-display-mode=\"stretch\" data-content-padding-horizontal=\"0\" data-content-padding-vertical=\"0\" data-exact-height=\"166\">\n<div id=\"comp-ju8d8bc0link\" class=\"ca1link\"><img decoding=\"async\" id=\"comp-ju8d8bc0imgimage\" src=\"https:\/\/static.wixstatic.com\/media\/0ab0df_0918d28554344404b02ebd3639ef0817.jpg\/v1\/fill\/w_93,h_166,al_c,q_80,usm_0.66_1.00_0.01\/0ab0df_0918d28554344404b02ebd3639ef0817.webp\" alt=\"\" data-type=\"image\" \/><\/div>\n<\/div>\n<div id=\"comp-ju8d8bcd-rotated-wrapper\" data-mesh-internal=\"true\">\n<div id=\"comp-ju8d8bcd\" class=\"style-ju4eg3ke1\" data-svg-id=\"b851f16f69da4d608e8726a8c991fe31.svg\" data-svg-type=\"shape\" data-display-mode=\"legacyFit\" data-strokewidth=\"1\" data-viewbox=\"0 0 200 200\" data-preserve-viewbox=\"ignore\" data-angle=\"229\" data-angle-style-location=\"inline\">\n<div id=\"comp-ju8d8bcdlink\" class=\"style-ju4eg3ke1link\">\n<div id=\"comp-ju8d8bcdsvg\" class=\"style-ju4eg3ke1_comp-ju8d8bcd style-ju4eg3ke1_non-scaling-stroke style-ju4eg3ke1svg\"><\/div>\n<\/div>\n<\/div>\n<\/div>\n<div id=\"comp-ju8d8bcw-rotated-wrapper\" data-mesh-internal=\"true\">\n<div id=\"comp-ju8d8bcw\" class=\"style-ju4eg3ke1\" data-svg-id=\"b851f16f69da4d608e8726a8c991fe31.svg\" data-svg-type=\"shape\" data-display-mode=\"legacyFit\" data-strokewidth=\"1\" data-viewbox=\"0 0 200 200\" data-preserve-viewbox=\"ignore\" data-angle=\"232\" data-angle-style-location=\"inline\">\n<div id=\"comp-ju8d8bcwlink\" class=\"style-ju4eg3ke1link\">\n<div id=\"comp-ju8d8bcwsvg\" class=\"style-ju4eg3ke1_comp-ju8d8bcw style-ju4eg3ke1_non-scaling-stroke style-ju4eg3ke1svg\"><\/div>\n<\/div>\n<\/div>\n<\/div>\n<div id=\"comp-ju8d8bd9-rotated-wrapper\" data-mesh-internal=\"true\">\n<div id=\"comp-ju8d8bd9\" class=\"style-ju4eg3ke1\" data-svg-id=\"b851f16f69da4d608e8726a8c991fe31.svg\" data-svg-type=\"shape\" data-display-mode=\"legacyFit\" data-strokewidth=\"1\" data-viewbox=\"0 0 200 200\" data-preserve-viewbox=\"ignore\" data-angle=\"153\" data-angle-style-location=\"inline\">\n<div id=\"comp-ju8d8bd9link\" class=\"style-ju4eg3ke1link\">\n<div id=\"comp-ju8d8bd9svg\" class=\"style-ju4eg3ke1_comp-ju8d8bd9 style-ju4eg3ke1_non-scaling-stroke style-ju4eg3ke1svg\"><\/div>\n<\/div>\n<\/div>\n<\/div>\n<div id=\"comp-ju8d8bdm-rotated-wrapper\" data-mesh-internal=\"true\">\n<div id=\"comp-ju8d8bdm\" class=\"style-ju4eg3ke1\" data-svg-id=\"b851f16f69da4d608e8726a8c991fe31.svg\" data-svg-type=\"shape\" data-display-mode=\"legacyFit\" data-strokewidth=\"1\" data-viewbox=\"0 0 200 200\" data-preserve-viewbox=\"ignore\" data-angle=\"67\" data-angle-style-location=\"inline\">\n<div id=\"comp-ju8d8bdmlink\" class=\"style-ju4eg3ke1link\">\n<div id=\"comp-ju8d8bdmsvg\" class=\"style-ju4eg3ke1_comp-ju8d8bdm style-ju4eg3ke1_non-scaling-stroke style-ju4eg3ke1svg\"><\/div>\n<\/div>\n<\/div>\n<\/div>\n<div id=\"comp-ju8d8bdx-rotated-wrapper\" data-mesh-internal=\"true\">\n<div id=\"comp-ju8d8bdx\" class=\"style-ju4eg3ke1\" data-svg-id=\"b851f16f69da4d608e8726a8c991fe31.svg\" data-svg-type=\"shape\" data-display-mode=\"legacyFit\" data-strokewidth=\"1\" data-viewbox=\"0 0 200 200\" data-preserve-viewbox=\"ignore\" data-angle=\"259\" data-angle-style-location=\"inline\">\n<div id=\"comp-ju8d8bdxlink\" class=\"style-ju4eg3ke1link\">\n<div id=\"comp-ju8d8bdxsvg\" class=\"style-ju4eg3ke1_comp-ju8d8bdx style-ju4eg3ke1_non-scaling-stroke style-ju4eg3ke1svg\"><\/div>\n<\/div>\n<\/div>\n<\/div>\n<\/div>\n<\/div>\n<\/div>\n<\/div>\n<\/div>\n<\/div>\n<\/div>\n<\/div>\n<div id=\"comp-ju8e4ulp\" class=\"style-ju8e7im5\" data-is-absolute-layout=\"false\"><\/div>\n<p><iframe loading=\"lazy\" src=\"https:\/\/www.youtube.com\/embed\/cO_cGh9aUwY\" width=\"560\" height=\"315\" frameborder=\"0\" allowfullscreen=\"allowfullscreen\"><\/iframe><\/p>","protected":false},"excerpt":{"rendered":"<h2>sigillatrice per opercoli ad induzione termica<\/h2>\n<p>La termosaldatura a induzione migliora la qualit\u00e0 del prodotto, previene l&#039;assorbimento naturale dell&#039;umidit\u00e0, prolunga la durata di conservazione, aggiunge sicurezza contro la contraffazione.<\/p>\n<h6 class=\"font_8\">Saldatrice manuale ad induzione consigliata per basse produzioni, economica, con testa saldante per contenitori con diametro bocca da<\/h6>\n<p class=\"font_8\">\u00d820 mm fino a \u00d8100 mm.<\/p>\n<p class=\"font_8\"><span class=\"wixGuard\">\u200b<\/span><\/p>\n<p class=\"font_8\">Si caratterizza per essere compatto e leggero, ma allo stesso tempo ha la potenza e l&#039;efficacia necessarie per la stragrande maggioranza delle applicazioni di saldatura ad induzione; controllato da un chip SIEMENS \u201cIGBT\u201d ad alta efficienza e basso consumo elettrico. Il nostro consiglio, Qualit\u00e0-Prezzo per basse produzioni.<\/p>","protected":false},"featured_media":616,"comment_status":"open","ping_status":"closed","template":"","meta":{"wds_primary_product_brand":0,"wds_primary_product_cat":0},"product_brand":[],"product_cat":[45,28],"product_tag":[],"class_list":{"0":"post-615","1":"product","2":"type-product","3":"status-publish","4":"has-post-thumbnail","6":"product_cat-selladoras-de-induccion","7":"product_cat-tapadoras","9":"first","10":"instock","11":"taxable","12":"shipping-taxable","13":"purchasable","14":"product-type-simple"},"yoast_head":"<!-- This site is optimized with the Yoast SEO Premium plugin v24.9 (Yoast SEO v26.1) - https:\/\/yoast.com\/wordpress\/plugins\/seo\/ -->\n<title>M\u00e1quina Selladora de Inducci\u00f3n T\u00e9rmica selladora de operculos - distribuci\u00f3n ARC<\/title>\n<meta name=\"robots\" content=\"index, follow, max-snippet:-1, max-image-preview:large, max-video-preview:-1\" \/>\n<link rel=\"canonical\" href=\"https:\/\/distribucionarc.com\/it\/prodotto\/termosaldatrice-a-induzione-sigillatrice-di-tappi\/\" \/>\n<meta property=\"og:locale\" content=\"it_IT\" \/>\n<meta property=\"og:type\" content=\"article\" \/>\n<meta property=\"og:title\" content=\"M\u00e1quina Selladora de Inducci\u00f3n T\u00e9rmica selladora de operculos\" \/>\n<meta property=\"og:description\" content=\"selladora de op\u00e9rculos inducci\u00f3n t\u00e9rmica El sellado t\u00e9rmico por inducci\u00f3n mejora la calidad del producto, evita la absorci\u00f3n de la humedad natural, prolonga el per\u00edodo de caducidad, a\u00f1ade seguridad contra falsificaciones. Selladora manual por inducci\u00f3n recomendada para bajas producciones, econ\u00f3mica, con cabezal de sellado para di\u00e1metros de bocas de envases desde \u00d820 mm hasta \u00d8100 mm. \u200b Se caracteriza por ser\u00a0compacta y ligera, pero al mismo tiempo dispone de la potencia y efectividad necesaria para la gran mayor\u00eda de aplicaciones de sellado por inducci\u00f3n; controlada mediante un chip SIEMENS \u201cIGBT\u201d de alta eficiencia y bajo consumo el\u00e9ctrico. Nuestra recomendaci\u00f3n, Calidad-Precio para producciones bajas.\" \/>\n<meta property=\"og:url\" content=\"https:\/\/distribucionarc.com\/it\/prodotto\/termosaldatrice-a-induzione-sigillatrice-di-tappi\/\" \/>\n<meta property=\"og:site_name\" content=\"distribuci\u00f3n ARC\" \/>\n<meta property=\"article:modified_time\" content=\"2024-09-04T15:51:22+00:00\" \/>\n<meta property=\"og:image\" content=\"https:\/\/distribucionarc.com\/wp-content\/uploads\/2020\/04\/M\u00e1quina_Selladora_de_Inducci\u00f3n_T\u00e9rmica_operculo_0.jpg\" \/>\n\t<meta property=\"og:image:width\" content=\"800\" \/>\n\t<meta property=\"og:image:height\" content=\"800\" \/>\n\t<meta property=\"og:image:type\" content=\"image\/jpeg\" \/>\n<meta name=\"twitter:card\" content=\"summary_large_image\" \/>\n<meta name=\"twitter:label1\" content=\"Tempo di lettura stimato\" \/>\n\t<meta name=\"twitter:data1\" content=\"3 minuti\" \/>\n<script type=\"application\/ld+json\" class=\"yoast-schema-graph\">{\"@context\":\"https:\/\/schema.org\",\"@graph\":[{\"@type\":\"WebPage\",\"@id\":\"https:\/\/distribucionarc.com\/ar\/producto\/maquina-selladora-de-induccion-termica-selladora-de-operculos\/\",\"url\":\"https:\/\/distribucionarc.com\/ar\/producto\/maquina-selladora-de-induccion-termica-selladora-de-operculos\/\",\"name\":\"M\u00e1quina Selladora de Inducci\u00f3n T\u00e9rmica selladora de operculos - distribuci\u00f3n ARC\",\"isPartOf\":{\"@id\":\"https:\/\/distribucionarc.com\/en\/#website\"},\"primaryImageOfPage\":{\"@id\":\"https:\/\/distribucionarc.com\/ar\/producto\/maquina-selladora-de-induccion-termica-selladora-de-operculos\/#primaryimage\"},\"image\":{\"@id\":\"https:\/\/distribucionarc.com\/ar\/producto\/maquina-selladora-de-induccion-termica-selladora-de-operculos\/#primaryimage\"},\"thumbnailUrl\":\"https:\/\/distribucionarc.com\/wp-content\/uploads\/2020\/04\/M\u00e1quina_Selladora_de_Inducci\u00f3n_T\u00e9rmica_operculo_0.jpg\",\"datePublished\":\"2020-04-30T14:56:17+00:00\",\"dateModified\":\"2024-09-04T15:51:22+00:00\",\"breadcrumb\":{\"@id\":\"https:\/\/distribucionarc.com\/ar\/producto\/maquina-selladora-de-induccion-termica-selladora-de-operculos\/#breadcrumb\"},\"inLanguage\":\"it-IT\",\"potentialAction\":[{\"@type\":\"ReadAction\",\"target\":[\"https:\/\/distribucionarc.com\/ar\/producto\/maquina-selladora-de-induccion-termica-selladora-de-operculos\/\"]}]},{\"@type\":\"ImageObject\",\"inLanguage\":\"it-IT\",\"@id\":\"https:\/\/distribucionarc.com\/ar\/producto\/maquina-selladora-de-induccion-termica-selladora-de-operculos\/#primaryimage\",\"url\":\"https:\/\/distribucionarc.com\/wp-content\/uploads\/2020\/04\/M\u00e1quina_Selladora_de_Inducci\u00f3n_T\u00e9rmica_operculo_0.jpg\",\"contentUrl\":\"https:\/\/distribucionarc.com\/wp-content\/uploads\/2020\/04\/M\u00e1quina_Selladora_de_Inducci\u00f3n_T\u00e9rmica_operculo_0.jpg\",\"width\":800,\"height\":800},{\"@type\":\"BreadcrumbList\",\"@id\":\"https:\/\/distribucionarc.com\/ar\/producto\/maquina-selladora-de-induccion-termica-selladora-de-operculos\/#breadcrumb\",\"itemListElement\":[{\"@type\":\"ListItem\",\"position\":1,\"name\":\"Portada\",\"item\":\"https:\/\/distribucionarc.com\/\"},{\"@type\":\"ListItem\",\"position\":2,\"name\":\"\u0627\u0644\u0645\u0646\u062a\u062c\u0627\u062a\",\"item\":\"https:\/\/distribucionarc.com\/ar\/%d9%85%d8%ad%d9%84\/\"},{\"@type\":\"ListItem\",\"position\":3,\"name\":\"M\u00e1quina Selladora de Inducci\u00f3n T\u00e9rmica selladora de operculos\"}]},{\"@type\":\"WebSite\",\"@id\":\"https:\/\/distribucionarc.com\/en\/#website\",\"url\":\"https:\/\/distribucionarc.com\/en\/\",\"name\":\"distribuci\u00f3n ARC\",\"description\":\"Empresa especializada en la fabricaci\u00f3n y distribuci\u00f3n de maquinaria industrial, selladoras de latas, Maquinas de hacer pastillas, Maquinas de cortar carne...\",\"publisher\":{\"@id\":\"https:\/\/distribucionarc.com\/en\/#organization\"},\"potentialAction\":[{\"@type\":\"SearchAction\",\"target\":{\"@type\":\"EntryPoint\",\"urlTemplate\":\"https:\/\/distribucionarc.com\/en\/?s={search_term_string}\"},\"query-input\":{\"@type\":\"PropertyValueSpecification\",\"valueRequired\":true,\"valueName\":\"search_term_string\"}}],\"inLanguage\":\"it-IT\"},{\"@type\":\"Organization\",\"@id\":\"https:\/\/distribucionarc.com\/en\/#organization\",\"name\":\"Distribuci\u00f3n ARC\",\"url\":\"https:\/\/distribucionarc.com\/en\/\",\"logo\":{\"@type\":\"ImageObject\",\"inLanguage\":\"it-IT\",\"@id\":\"https:\/\/distribucionarc.com\/en\/#\/schema\/logo\/image\/\",\"url\":\"https:\/\/distribucionarc.com\/wp-content\/uploads\/2024\/10\/distribucion-ARC-COLOR-SIN-FONDO-e1732295305345.png\",\"contentUrl\":\"https:\/\/distribucionarc.com\/wp-content\/uploads\/2024\/10\/distribucion-ARC-COLOR-SIN-FONDO-e1732295305345.png\",\"width\":1164,\"height\":558,\"caption\":\"Distribuci\u00f3n ARC\"},\"image\":{\"@id\":\"https:\/\/distribucionarc.com\/en\/#\/schema\/logo\/image\/\"},\"description\":\"Empresa especializada en la fabricaci\u00f3n y distribuci\u00f3n de maquinaria industrial para los sectores alimentario y farmac\u00e9utico. Nos especializamos en: M\u00e1quinas de cortar carne Fabricaci\u00f3n de comprimidos Sistemas de transporte industrial L\u00edneas de embotellado Dosificadores Y mucho m\u00e1s... Ofrecemos soluciones innovadoras y personalizadas para optimizar los procesos productivos de tu empresa.\",\"email\":\"Admistracion@distribucionarc.com\",\"telephone\":\"+34 643496664\",\"legalName\":\"ARC TECH SOLUTIONS\",\"foundingDate\":\"2024-04-09\",\"vatID\":\"B55480172\",\"numberOfEmployees\":{\"@type\":\"QuantitativeValue\",\"minValue\":\"1\",\"maxValue\":\"10\"}}]}<\/script>\n<!-- \/ Yoast SEO Premium plugin. -->","yoast_head_json":{"title":"Sigillatrice ad induzione termica per chiusura tappi - distribuzione ARC","robots":{"index":"index","follow":"follow","max-snippet":"max-snippet:-1","max-image-preview":"max-image-preview:large","max-video-preview":"max-video-preview:-1"},"canonical":"https:\/\/distribucionarc.com\/it\/prodotto\/termosaldatrice-a-induzione-sigillatrice-di-tappi\/","og_locale":"it_IT","og_type":"article","og_title":"M\u00e1quina Selladora de Inducci\u00f3n T\u00e9rmica selladora de operculos","og_description":"selladora de op\u00e9rculos inducci\u00f3n t\u00e9rmica El sellado t\u00e9rmico por inducci\u00f3n mejora la calidad del producto, evita la absorci\u00f3n de la humedad natural, prolonga el per\u00edodo de caducidad, a\u00f1ade seguridad contra falsificaciones. Selladora manual por inducci\u00f3n recomendada para bajas producciones, econ\u00f3mica, con cabezal de sellado para di\u00e1metros de bocas de envases desde \u00d820 mm hasta \u00d8100 mm. \u200b Se caracteriza por ser\u00a0compacta y ligera, pero al mismo tiempo dispone de la potencia y efectividad necesaria para la gran mayor\u00eda de aplicaciones de sellado por inducci\u00f3n; controlada mediante un chip SIEMENS \u201cIGBT\u201d de alta eficiencia y bajo consumo el\u00e9ctrico. Nuestra recomendaci\u00f3n, Calidad-Precio para producciones bajas.","og_url":"https:\/\/distribucionarc.com\/it\/prodotto\/termosaldatrice-a-induzione-sigillatrice-di-tappi\/","og_site_name":"distribuci\u00f3n ARC","article_modified_time":"2024-09-04T15:51:22+00:00","og_image":[{"width":800,"height":800,"url":"https:\/\/distribucionarc.com\/wp-content\/uploads\/2020\/04\/M\u00e1quina_Selladora_de_Inducci\u00f3n_T\u00e9rmica_operculo_0.jpg","type":"image\/jpeg"}],"twitter_card":"summary_large_image","twitter_misc":{"Tempo di lettura stimato":"3 minuti"},"schema":{"@context":"https:\/\/schema.org","@graph":[{"@type":"WebPage","@id":"https:\/\/distribucionarc.com\/ar\/producto\/maquina-selladora-de-induccion-termica-selladora-de-operculos\/","url":"https:\/\/distribucionarc.com\/ar\/producto\/maquina-selladora-de-induccion-termica-selladora-de-operculos\/","name":"Sigillatrice ad induzione termica per chiusura tappi - distribuzione ARC","isPartOf":{"@id":"https:\/\/distribucionarc.com\/en\/#website"},"primaryImageOfPage":{"@id":"https:\/\/distribucionarc.com\/ar\/producto\/maquina-selladora-de-induccion-termica-selladora-de-operculos\/#primaryimage"},"image":{"@id":"https:\/\/distribucionarc.com\/ar\/producto\/maquina-selladora-de-induccion-termica-selladora-de-operculos\/#primaryimage"},"thumbnailUrl":"https:\/\/distribucionarc.com\/wp-content\/uploads\/2020\/04\/M\u00e1quina_Selladora_de_Inducci\u00f3n_T\u00e9rmica_operculo_0.jpg","datePublished":"2020-04-30T14:56:17+00:00","dateModified":"2024-09-04T15:51:22+00:00","breadcrumb":{"@id":"https:\/\/distribucionarc.com\/ar\/producto\/maquina-selladora-de-induccion-termica-selladora-de-operculos\/#breadcrumb"},"inLanguage":"it-IT","potentialAction":[{"@type":"ReadAction","target":["https:\/\/distribucionarc.com\/ar\/producto\/maquina-selladora-de-induccion-termica-selladora-de-operculos\/"]}]},{"@type":"ImageObject","inLanguage":"it-IT","@id":"https:\/\/distribucionarc.com\/ar\/producto\/maquina-selladora-de-induccion-termica-selladora-de-operculos\/#primaryimage","url":"https:\/\/distribucionarc.com\/wp-content\/uploads\/2020\/04\/M\u00e1quina_Selladora_de_Inducci\u00f3n_T\u00e9rmica_operculo_0.jpg","contentUrl":"https:\/\/distribucionarc.com\/wp-content\/uploads\/2020\/04\/M\u00e1quina_Selladora_de_Inducci\u00f3n_T\u00e9rmica_operculo_0.jpg","width":800,"height":800},{"@type":"BreadcrumbList","@id":"https:\/\/distribucionarc.com\/ar\/producto\/maquina-selladora-de-induccion-termica-selladora-de-operculos\/#breadcrumb","itemListElement":[{"@type":"ListItem","position":1,"name":"Portada","item":"https:\/\/distribucionarc.com\/"},{"@type":"ListItem","position":2,"name":"\u0627\u0644\u0645\u0646\u062a\u062c\u0627\u062a","item":"https:\/\/distribucionarc.com\/ar\/%d9%85%d8%ad%d9%84\/"},{"@type":"ListItem","position":3,"name":"M\u00e1quina Selladora de Inducci\u00f3n T\u00e9rmica selladora de operculos"}]},{"@type":"WebSite","@id":"https:\/\/distribucionarc.com\/en\/#website","url":"https:\/\/distribucionarc.com\/en\/","name":"Distribuzione dell&#039;ARCO","description":"Azienda specializzata nella produzione e distribuzione di macchinari industriali, macchine sigillatrici di lattine, macchine per la produzione di compresse, macchine per il taglio della carne...","publisher":{"@id":"https:\/\/distribucionarc.com\/en\/#organization"},"potentialAction":[{"@type":"SearchAction","target":{"@type":"EntryPoint","urlTemplate":"https:\/\/distribucionarc.com\/en\/?s={search_term_string}"},"query-input":{"@type":"PropertyValueSpecification","valueRequired":true,"valueName":"search_term_string"}}],"inLanguage":"it-IT"},{"@type":"Organization","@id":"https:\/\/distribucionarc.com\/en\/#organization","name":"Distribuzione dell&#039;ARC","url":"https:\/\/distribucionarc.com\/en\/","logo":{"@type":"ImageObject","inLanguage":"it-IT","@id":"https:\/\/distribucionarc.com\/en\/#\/schema\/logo\/image\/","url":"https:\/\/distribucionarc.com\/wp-content\/uploads\/2024\/10\/distribucion-ARC-COLOR-SIN-FONDO-e1732295305345.png","contentUrl":"https:\/\/distribucionarc.com\/wp-content\/uploads\/2024\/10\/distribucion-ARC-COLOR-SIN-FONDO-e1732295305345.png","width":1164,"height":558,"caption":"Distribuci\u00f3n ARC"},"image":{"@id":"https:\/\/distribucionarc.com\/en\/#\/schema\/logo\/image\/"},"description":"Azienda specializzata nella produzione e distribuzione di macchinari industriali per il settore alimentare e farmaceutico. Siamo specializzati in: Macchine per il taglio della carne Produzione di compresse Sistemi di trasporto industriale Linee di imbottigliamento Dispenser E molto altro ancora... Offriamo soluzioni innovative e personalizzate per ottimizzare i processi produttivi della vostra azienda.","email":"Admistracion@distribucionarc.com","telephone":"+34 643496664","legalName":"ARC TECH SOLUTIONS","foundingDate":"2024-04-09","vatID":"B55480172","numberOfEmployees":{"@type":"QuantitativeValue","minValue":"1","maxValue":"10"}}]}},"_links":{"self":[{"href":"https:\/\/distribucionarc.com\/it\/wp-json\/wp\/v2\/product\/615","targetHints":{"allow":["GET"]}}],"collection":[{"href":"https:\/\/distribucionarc.com\/it\/wp-json\/wp\/v2\/product"}],"about":[{"href":"https:\/\/distribucionarc.com\/it\/wp-json\/wp\/v2\/types\/product"}],"replies":[{"embeddable":true,"href":"https:\/\/distribucionarc.com\/it\/wp-json\/wp\/v2\/comments?post=615"}],"version-history":[{"count":0,"href":"https:\/\/distribucionarc.com\/it\/wp-json\/wp\/v2\/product\/615\/revisions"}],"wp:featuredmedia":[{"embeddable":true,"href":"https:\/\/distribucionarc.com\/it\/wp-json\/wp\/v2\/media\/616"}],"wp:attachment":[{"href":"https:\/\/distribucionarc.com\/it\/wp-json\/wp\/v2\/media?parent=615"}],"wp:term":[{"taxonomy":"product_brand","embeddable":true,"href":"https:\/\/distribucionarc.com\/it\/wp-json\/wp\/v2\/product_brand?post=615"},{"taxonomy":"product_cat","embeddable":true,"href":"https:\/\/distribucionarc.com\/it\/wp-json\/wp\/v2\/product_cat?post=615"},{"taxonomy":"product_tag","embeddable":true,"href":"https:\/\/distribucionarc.com\/it\/wp-json\/wp\/v2\/product_tag?post=615"}],"curies":[{"name":"wp","href":"https:\/\/api.w.org\/{rel}","templated":true}]}}