{"id":6274,"date":"2023-08-07T23:45:38","date_gmt":"2023-08-07T23:45:38","guid":{"rendered":"https:\/\/distribucionarc.com\/?post_type=product&#038;p=6274"},"modified":"2025-05-28T03:09:58","modified_gmt":"2025-05-28T01:09:58","slug":"etichettatrice-industriale-per-bottiglie-e-caraffe-da-5-litri","status":"publish","type":"product","link":"https:\/\/distribucionarc.com\/it\/producto\/maquina-etiquetadora-industrial-para-botellas-y-garrafas-de-5-litros\/","title":{"rendered":"ETICHETTATRICE INDUSTRIALE PER BOTTIGLIE E SUPPORTI DA 5 LITRI"},"content":{"rendered":"<h2>Etichettatrice industriale per bottiglie<\/h2>\n<p><strong>L&#039;etichettatrice lineare<\/strong> Si tratta di un&#039;attrezzatura industriale efficiente e versatile, progettata per applicare in modo rapido e preciso etichette autoadesive su vari prodotti e imballaggi. Le sue specifiche tecniche sono ottimizzate per fornire elevate prestazioni e adattarsi a un&#039;ampia gamma di dimensioni di etichette e velocit\u00e0 di produzione. Questo<strong> etichettatrice lineare<\/strong> Ha una capacit\u00e0 di etichettatura impressionante, che varia da 60 a 350 pezzi al minuto. Questa velocit\u00e0 regolabile consente di adattarsi a diverse linee di produzione ed esigenze di etichettatura.<\/p>\n<p><a href=\"https:\/\/distribucionarc.com\/wp-content\/uploads\/2023\/08\/etiquetadora-lineal-2-scaled.jpg\">\u00a0 \u00a0 \u00a0 \u00a0 \u00a0 \u00a0 \u00a0 \u00a0 \u00a0 \u00a0 \u00a0 \u00a0 \u00a0 \u00a0 \u00a0 \u00a0 \u00a0 \u00a0 \u00a0 \u00a0 \u00a0 \u00a0 \u00a0 \u00a0 \u00a0 \u00a0 \u00a0 \u00a0 \u00a0 \u00a0<img loading=\"lazy\" decoding=\"async\" class=\"alignnone size-medium wp-image-6276\" src=\"https:\/\/distribucionarc.com\/wp-content\/uploads\/2023\/08\/etiquetadora-lineal-2-300x200.jpg\" alt=\"\" width=\"300\" height=\"200\" srcset=\"https:\/\/distribucionarc.com\/wp-content\/uploads\/2023\/08\/etiquetadora-lineal-2-300x200.jpg 300w, https:\/\/distribucionarc.com\/wp-content\/uploads\/2023\/08\/etiquetadora-lineal-2-scaled-430x287.jpg 430w, https:\/\/distribucionarc.com\/wp-content\/uploads\/2023\/08\/etiquetadora-lineal-2-scaled-150x100.jpg 150w, https:\/\/distribucionarc.com\/wp-content\/uploads\/2023\/08\/etiquetadora-lineal-2-scaled-700x467.jpg 700w, https:\/\/distribucionarc.com\/wp-content\/uploads\/2023\/08\/etiquetadora-lineal-2-1024x683.jpg 1024w, https:\/\/distribucionarc.com\/wp-content\/uploads\/2023\/08\/etiquetadora-lineal-2-768x512.jpg 768w, https:\/\/distribucionarc.com\/wp-content\/uploads\/2023\/08\/etiquetadora-lineal-2-1536x1024.jpg 1536w, https:\/\/distribucionarc.com\/wp-content\/uploads\/2023\/08\/etiquetadora-lineal-2-2048x1365.jpg 2048w, https:\/\/distribucionarc.com\/wp-content\/uploads\/2023\/08\/etiquetadora-lineal-2-18x12.jpg 18w, https:\/\/distribucionarc.com\/wp-content\/uploads\/2023\/08\/etiquetadora-lineal-2-48x32.jpg 48w\" sizes=\"auto, (max-width: 300px) 100vw, 300px\" \/><\/a><\/p>\n<p>&nbsp;<\/p>\n<table>\n<tbody>\n<tr>\n<td width=\"283\">Dimensioni della macchina<\/td>\n<td width=\"283\">L2800mm*W1650mm*H1500mm<\/td>\n<\/tr>\n<tr>\n<td width=\"283\">Voltaggio<\/td>\n<td width=\"283\">110V\/220V 50Hz\/60Hz<\/td>\n<\/tr>\n<tr>\n<td width=\"283\">Velocit\u00e0 di etichettatura<\/td>\n<td width=\"283\">60-350 pezzi\/min<\/td>\n<\/tr>\n<tr>\n<td width=\"283\">Etichetta altezza oggetto<\/td>\n<td width=\"283\">30-350mm<\/td>\n<\/tr>\n<tr>\n<td width=\"283\">Spessore dell&#039;oggetto etichetta<\/td>\n<td width=\"283\">20-120mm<\/td>\n<\/tr>\n<tr>\n<td width=\"283\">Altezza etichetta<\/td>\n<td width=\"283\">15-200mm<\/td>\n<\/tr>\n<tr>\n<td width=\"283\">Lunghezza dell&#039;etichetta<\/td>\n<td width=\"283\">25-300mm<\/td>\n<\/tr>\n<tr>\n<td width=\"283\">Errore di etichetta<\/td>\n<td width=\"283\">\u00b11mm<\/td>\n<\/tr>\n<tr>\n<td width=\"283\">Diametro interno del rotolo di etichette<\/td>\n<td width=\"283\">75mm<\/td>\n<\/tr>\n<tr>\n<td width=\"283\">Diametro esterno del rotolo di etichette<\/td>\n<td width=\"283\">350mm<\/td>\n<\/tr>\n<tr>\n<td width=\"283\">Fornitura d&#039;aria<\/td>\n<td width=\"283\">5 kg\/cm<sup>2<\/sup><\/td>\n<\/tr>\n<\/tbody>\n<\/table>\n<p>&nbsp;<\/p>\n<p>&nbsp;<\/p>","protected":false},"excerpt":{"rendered":"<p>In sintesi, <strong>la macchina etichettatrice lineare industriale<\/strong> Si tratta di una soluzione tecnologica ingegnosa che ha rivoluzionato il settore manifatturiero, garantendo che i prodotti raggiungano il mercato con etichette autoadesive impeccabili, rafforzando la fiducia dei clienti e migliorando l&#039;immagine del marchio.<\/p>","protected":false},"featured_media":6277,"comment_status":"open","ping_status":"closed","template":"","meta":{"wds_primary_product_brand":0,"wds_primary_product_cat":0},"product_brand":[],"product_cat":[266,44],"product_tag":[],"class_list":{"0":"post-6274","1":"product","2":"type-product","3":"status-publish","4":"has-post-thumbnail","6":"product_cat-accessories","7":"product_cat-etiquetadoras-de-botellas","8":"product_shipping_class-express","10":"first","11":"instock","12":"taxable","13":"shipping-taxable","14":"purchasable","15":"product-type-simple"},"yoast_head":"<!-- This site is optimized with the Yoast SEO Premium plugin v24.9 (Yoast SEO v26.1) - https:\/\/yoast.com\/wordpress\/plugins\/seo\/ -->\n<title>MAQUINA ETIQUETADORA INDUSTRIAL PARA BOTELLAS Y GARRAFAS DE 5 LITROS - distribuci\u00f3n ARC<\/title>\n<meta name=\"robots\" content=\"index, follow, max-snippet:-1, max-image-preview:large, max-video-preview:-1\" \/>\n<link rel=\"canonical\" href=\"https:\/\/distribucionarc.com\/it\/prodotto\/etichettatrice-industriale-per-bottiglie-e-caraffe-da-5-litri\/\" \/>\n<meta property=\"og:locale\" content=\"it_IT\" \/>\n<meta property=\"og:type\" content=\"article\" \/>\n<meta property=\"og:title\" content=\"MAQUINA ETIQUETADORA INDUSTRIAL PARA BOTELLAS Y GARRAFAS DE 5 LITROS\" \/>\n<meta property=\"og:description\" content=\"En resumen, la m\u00e1quina etiquetadora lineal industrial es una ingeniosa soluci\u00f3n tecnol\u00f3gica que ha revolucionado la industria manufacturera, asegurando que los productos lleguen al mercado con etiquetas autoadhesivas impecables, lo que fortalece la confianza del cliente y mejora la imagen de la marca.\" \/>\n<meta property=\"og:url\" content=\"https:\/\/distribucionarc.com\/it\/prodotto\/etichettatrice-industriale-per-bottiglie-e-caraffe-da-5-litri\/\" \/>\n<meta property=\"og:site_name\" content=\"distribuci\u00f3n ARC\" \/>\n<meta property=\"article:modified_time\" content=\"2025-05-28T01:09:58+00:00\" \/>\n<meta property=\"og:image\" content=\"https:\/\/distribucionarc.com\/wp-content\/uploads\/2023\/08\/etiqueteadora-lineal-imagen-producto-scaled.jpg\" \/>\n\t<meta property=\"og:image:width\" content=\"2560\" \/>\n\t<meta property=\"og:image:height\" content=\"1707\" \/>\n\t<meta property=\"og:image:type\" content=\"image\/jpeg\" \/>\n<meta name=\"twitter:card\" content=\"summary_large_image\" \/>\n<meta name=\"twitter:label1\" content=\"Tempo di lettura stimato\" \/>\n\t<meta name=\"twitter:data1\" content=\"2 minuti\" \/>\n<script type=\"application\/ld+json\" class=\"yoast-schema-graph\">{\"@context\":\"https:\/\/schema.org\",\"@graph\":[{\"@type\":\"WebPage\",\"@id\":\"https:\/\/distribucionarc.com\/nb\/producto\/maquina-etiquetadora-industrial-para-botellas-y-garrafas-de-5-litros\/\",\"url\":\"https:\/\/distribucionarc.com\/nb\/producto\/maquina-etiquetadora-industrial-para-botellas-y-garrafas-de-5-litros\/\",\"name\":\"MAQUINA ETIQUETADORA INDUSTRIAL PARA BOTELLAS Y GARRAFAS DE 5 LITROS - distribuci\u00f3n ARC\",\"isPartOf\":{\"@id\":\"https:\/\/distribucionarc.com\/ar\/#website\"},\"primaryImageOfPage\":{\"@id\":\"https:\/\/distribucionarc.com\/nb\/producto\/maquina-etiquetadora-industrial-para-botellas-y-garrafas-de-5-litros\/#primaryimage\"},\"image\":{\"@id\":\"https:\/\/distribucionarc.com\/nb\/producto\/maquina-etiquetadora-industrial-para-botellas-y-garrafas-de-5-litros\/#primaryimage\"},\"thumbnailUrl\":\"https:\/\/distribucionarc.com\/wp-content\/uploads\/2023\/08\/etiqueteadora-lineal-imagen-producto-scaled.jpg\",\"datePublished\":\"2023-08-07T23:45:38+00:00\",\"dateModified\":\"2025-05-28T01:09:58+00:00\",\"breadcrumb\":{\"@id\":\"https:\/\/distribucionarc.com\/nb\/producto\/maquina-etiquetadora-industrial-para-botellas-y-garrafas-de-5-litros\/#breadcrumb\"},\"inLanguage\":\"it-IT\",\"potentialAction\":[{\"@type\":\"ReadAction\",\"target\":[\"https:\/\/distribucionarc.com\/nb\/producto\/maquina-etiquetadora-industrial-para-botellas-y-garrafas-de-5-litros\/\"]}]},{\"@type\":\"ImageObject\",\"inLanguage\":\"it-IT\",\"@id\":\"https:\/\/distribucionarc.com\/nb\/producto\/maquina-etiquetadora-industrial-para-botellas-y-garrafas-de-5-litros\/#primaryimage\",\"url\":\"https:\/\/distribucionarc.com\/wp-content\/uploads\/2023\/08\/etiqueteadora-lineal-imagen-producto-scaled.jpg\",\"contentUrl\":\"https:\/\/distribucionarc.com\/wp-content\/uploads\/2023\/08\/etiqueteadora-lineal-imagen-producto-scaled.jpg\",\"width\":2560,\"height\":1707},{\"@type\":\"BreadcrumbList\",\"@id\":\"https:\/\/distribucionarc.com\/nb\/producto\/maquina-etiquetadora-industrial-para-botellas-y-garrafas-de-5-litros\/#breadcrumb\",\"itemListElement\":[{\"@type\":\"ListItem\",\"position\":1,\"name\":\"Portada\",\"item\":\"https:\/\/www.distribucionarc.com\/pt\/\"},{\"@type\":\"ListItem\",\"position\":2,\"name\":\"Produtos\",\"item\":\"https:\/\/www.distribucionarc.com\/pt\/shop\/\"},{\"@type\":\"ListItem\",\"position\":3,\"name\":\"MAQUINA ETIQUETADORA INDUSTRIAL PARA BOTELLAS Y GARRAFAS DE 5 LITROS\"}]},{\"@type\":\"WebSite\",\"@id\":\"https:\/\/distribucionarc.com\/ar\/#website\",\"url\":\"https:\/\/distribucionarc.com\/ar\/\",\"name\":\"distribuci\u00f3n ARC\",\"description\":\"Empresa especializada en la fabricaci\u00f3n y distribuci\u00f3n de maquinaria industrial, selladoras de latas, Maquinas de hacer pastillas, Maquinas de cortar carne...\",\"publisher\":{\"@id\":\"https:\/\/distribucionarc.com\/ar\/#organization\"},\"potentialAction\":[{\"@type\":\"SearchAction\",\"target\":{\"@type\":\"EntryPoint\",\"urlTemplate\":\"https:\/\/distribucionarc.com\/ar\/?s={search_term_string}\"},\"query-input\":{\"@type\":\"PropertyValueSpecification\",\"valueRequired\":true,\"valueName\":\"search_term_string\"}}],\"inLanguage\":\"it-IT\"},{\"@type\":\"Organization\",\"@id\":\"https:\/\/distribucionarc.com\/ar\/#organization\",\"name\":\"Distribuci\u00f3n ARC\",\"url\":\"https:\/\/distribucionarc.com\/ar\/\",\"logo\":{\"@type\":\"ImageObject\",\"inLanguage\":\"it-IT\",\"@id\":\"https:\/\/distribucionarc.com\/ar\/#\/schema\/logo\/image\/\",\"url\":\"https:\/\/distribucionarc.com\/wp-content\/uploads\/2024\/10\/distribucion-ARC-COLOR-SIN-FONDO-e1732295305345.png\",\"contentUrl\":\"https:\/\/distribucionarc.com\/wp-content\/uploads\/2024\/10\/distribucion-ARC-COLOR-SIN-FONDO-e1732295305345.png\",\"width\":1164,\"height\":558,\"caption\":\"Distribuci\u00f3n ARC\"},\"image\":{\"@id\":\"https:\/\/distribucionarc.com\/ar\/#\/schema\/logo\/image\/\"},\"description\":\"Empresa especializada en la fabricaci\u00f3n y distribuci\u00f3n de maquinaria industrial para los sectores alimentario y farmac\u00e9utico. Nos especializamos en: M\u00e1quinas de cortar carne Fabricaci\u00f3n de comprimidos Sistemas de transporte industrial L\u00edneas de embotellado Dosificadores Y mucho m\u00e1s... Ofrecemos soluciones innovadoras y personalizadas para optimizar los procesos productivos de tu empresa.\",\"email\":\"Admistracion@distribucionarc.com\",\"telephone\":\"+34 643496664\",\"legalName\":\"ARC TECH SOLUTIONS\",\"foundingDate\":\"2024-04-09\",\"vatID\":\"B55480172\",\"numberOfEmployees\":{\"@type\":\"QuantitativeValue\",\"minValue\":\"1\",\"maxValue\":\"10\"}}]}<\/script>\n<!-- \/ Yoast SEO Premium plugin. -->","yoast_head_json":{"title":"ETICHETTATRICE INDUSTRIALE PER BOTTIGLIE DA 5 LITRI E CARABINE - ARC distribution","robots":{"index":"index","follow":"follow","max-snippet":"max-snippet:-1","max-image-preview":"max-image-preview:large","max-video-preview":"max-video-preview:-1"},"canonical":"https:\/\/distribucionarc.com\/it\/prodotto\/etichettatrice-industriale-per-bottiglie-e-caraffe-da-5-litri\/","og_locale":"it_IT","og_type":"article","og_title":"MAQUINA ETIQUETADORA INDUSTRIAL PARA BOTELLAS Y GARRAFAS DE 5 LITROS","og_description":"En resumen, la m\u00e1quina etiquetadora lineal industrial es una ingeniosa soluci\u00f3n tecnol\u00f3gica que ha revolucionado la industria manufacturera, asegurando que los productos lleguen al mercado con etiquetas autoadhesivas impecables, lo que fortalece la confianza del cliente y mejora la imagen de la marca.","og_url":"https:\/\/distribucionarc.com\/it\/prodotto\/etichettatrice-industriale-per-bottiglie-e-caraffe-da-5-litri\/","og_site_name":"distribuci\u00f3n ARC","article_modified_time":"2025-05-28T01:09:58+00:00","og_image":[{"width":2560,"height":1707,"url":"https:\/\/distribucionarc.com\/wp-content\/uploads\/2023\/08\/etiqueteadora-lineal-imagen-producto-scaled.jpg","type":"image\/jpeg"}],"twitter_card":"summary_large_image","twitter_misc":{"Tempo di lettura stimato":"2 minuti"},"schema":{"@context":"https:\/\/schema.org","@graph":[{"@type":"WebPage","@id":"https:\/\/distribucionarc.com\/nb\/producto\/maquina-etiquetadora-industrial-para-botellas-y-garrafas-de-5-litros\/","url":"https:\/\/distribucionarc.com\/nb\/producto\/maquina-etiquetadora-industrial-para-botellas-y-garrafas-de-5-litros\/","name":"ETICHETTATRICE INDUSTRIALE PER BOTTIGLIE DA 5 LITRI E CARABINE - ARC distribution","isPartOf":{"@id":"https:\/\/distribucionarc.com\/ar\/#website"},"primaryImageOfPage":{"@id":"https:\/\/distribucionarc.com\/nb\/producto\/maquina-etiquetadora-industrial-para-botellas-y-garrafas-de-5-litros\/#primaryimage"},"image":{"@id":"https:\/\/distribucionarc.com\/nb\/producto\/maquina-etiquetadora-industrial-para-botellas-y-garrafas-de-5-litros\/#primaryimage"},"thumbnailUrl":"https:\/\/distribucionarc.com\/wp-content\/uploads\/2023\/08\/etiqueteadora-lineal-imagen-producto-scaled.jpg","datePublished":"2023-08-07T23:45:38+00:00","dateModified":"2025-05-28T01:09:58+00:00","breadcrumb":{"@id":"https:\/\/distribucionarc.com\/nb\/producto\/maquina-etiquetadora-industrial-para-botellas-y-garrafas-de-5-litros\/#breadcrumb"},"inLanguage":"it-IT","potentialAction":[{"@type":"ReadAction","target":["https:\/\/distribucionarc.com\/nb\/producto\/maquina-etiquetadora-industrial-para-botellas-y-garrafas-de-5-litros\/"]}]},{"@type":"ImageObject","inLanguage":"it-IT","@id":"https:\/\/distribucionarc.com\/nb\/producto\/maquina-etiquetadora-industrial-para-botellas-y-garrafas-de-5-litros\/#primaryimage","url":"https:\/\/distribucionarc.com\/wp-content\/uploads\/2023\/08\/etiqueteadora-lineal-imagen-producto-scaled.jpg","contentUrl":"https:\/\/distribucionarc.com\/wp-content\/uploads\/2023\/08\/etiqueteadora-lineal-imagen-producto-scaled.jpg","width":2560,"height":1707},{"@type":"BreadcrumbList","@id":"https:\/\/distribucionarc.com\/nb\/producto\/maquina-etiquetadora-industrial-para-botellas-y-garrafas-de-5-litros\/#breadcrumb","itemListElement":[{"@type":"ListItem","position":1,"name":"Portada","item":"https:\/\/www.distribucionarc.com\/pt\/"},{"@type":"ListItem","position":2,"name":"Produtos","item":"https:\/\/www.distribucionarc.com\/pt\/shop\/"},{"@type":"ListItem","position":3,"name":"MAQUINA ETIQUETADORA INDUSTRIAL PARA BOTELLAS Y GARRAFAS DE 5 LITROS"}]},{"@type":"WebSite","@id":"https:\/\/distribucionarc.com\/ar\/#website","url":"https:\/\/distribucionarc.com\/ar\/","name":"Distribuzione dell&#039;ARCO","description":"Azienda specializzata nella produzione e distribuzione di macchinari industriali, macchine sigillatrici di lattine, macchine per la produzione di compresse, macchine per il taglio della carne...","publisher":{"@id":"https:\/\/distribucionarc.com\/ar\/#organization"},"potentialAction":[{"@type":"SearchAction","target":{"@type":"EntryPoint","urlTemplate":"https:\/\/distribucionarc.com\/ar\/?s={search_term_string}"},"query-input":{"@type":"PropertyValueSpecification","valueRequired":true,"valueName":"search_term_string"}}],"inLanguage":"it-IT"},{"@type":"Organization","@id":"https:\/\/distribucionarc.com\/ar\/#organization","name":"Distribuzione dell&#039;ARC","url":"https:\/\/distribucionarc.com\/ar\/","logo":{"@type":"ImageObject","inLanguage":"it-IT","@id":"https:\/\/distribucionarc.com\/ar\/#\/schema\/logo\/image\/","url":"https:\/\/distribucionarc.com\/wp-content\/uploads\/2024\/10\/distribucion-ARC-COLOR-SIN-FONDO-e1732295305345.png","contentUrl":"https:\/\/distribucionarc.com\/wp-content\/uploads\/2024\/10\/distribucion-ARC-COLOR-SIN-FONDO-e1732295305345.png","width":1164,"height":558,"caption":"Distribuci\u00f3n ARC"},"image":{"@id":"https:\/\/distribucionarc.com\/ar\/#\/schema\/logo\/image\/"},"description":"Azienda specializzata nella produzione e distribuzione di macchinari industriali per il settore alimentare e farmaceutico. Siamo specializzati in: Macchine per il taglio della carne Produzione di compresse Sistemi di trasporto industriale Linee di imbottigliamento Dispenser E molto altro ancora... Offriamo soluzioni innovative e personalizzate per ottimizzare i processi produttivi della vostra azienda.","email":"Admistracion@distribucionarc.com","telephone":"+34 643496664","legalName":"ARC TECH SOLUTIONS","foundingDate":"2024-04-09","vatID":"B55480172","numberOfEmployees":{"@type":"QuantitativeValue","minValue":"1","maxValue":"10"}}]}},"_links":{"self":[{"href":"https:\/\/distribucionarc.com\/it\/wp-json\/wp\/v2\/product\/6274","targetHints":{"allow":["GET"]}}],"collection":[{"href":"https:\/\/distribucionarc.com\/it\/wp-json\/wp\/v2\/product"}],"about":[{"href":"https:\/\/distribucionarc.com\/it\/wp-json\/wp\/v2\/types\/product"}],"replies":[{"embeddable":true,"href":"https:\/\/distribucionarc.com\/it\/wp-json\/wp\/v2\/comments?post=6274"}],"version-history":[{"count":2,"href":"https:\/\/distribucionarc.com\/it\/wp-json\/wp\/v2\/product\/6274\/revisions"}],"predecessor-version":[{"id":17610,"href":"https:\/\/distribucionarc.com\/it\/wp-json\/wp\/v2\/product\/6274\/revisions\/17610"}],"wp:featuredmedia":[{"embeddable":true,"href":"https:\/\/distribucionarc.com\/it\/wp-json\/wp\/v2\/media\/6277"}],"wp:attachment":[{"href":"https:\/\/distribucionarc.com\/it\/wp-json\/wp\/v2\/media?parent=6274"}],"wp:term":[{"taxonomy":"product_brand","embeddable":true,"href":"https:\/\/distribucionarc.com\/it\/wp-json\/wp\/v2\/product_brand?post=6274"},{"taxonomy":"product_cat","embeddable":true,"href":"https:\/\/distribucionarc.com\/it\/wp-json\/wp\/v2\/product_cat?post=6274"},{"taxonomy":"product_tag","embeddable":true,"href":"https:\/\/distribucionarc.com\/it\/wp-json\/wp\/v2\/product_tag?post=6274"}],"curies":[{"name":"wp","href":"https:\/\/api.w.org\/{rel}","templated":true}]}}