{"id":654,"date":"2020-05-28T22:34:21","date_gmt":"2020-05-28T22:34:21","guid":{"rendered":"https:\/\/distribucionarc.com\/?post_type=product&#038;p=654"},"modified":"2024-09-04T19:31:36","modified_gmt":"2024-09-04T19:31:36","slug":"friggitrice-elettrica-per-fritture-di-pesce-patate-ecc-2x10l-%f0%9f%8d%9f","status":"publish","type":"product","link":"https:\/\/distribucionarc.com\/it\/producto\/freidora-electrica-para-pescado-frito-patatas-etc-2x10l-%f0%9f%8d%9f\/","title":{"rendered":"Friggitrice elettrica per fritture di pesce, patate, ecc. 2x10 litri?"},"content":{"rendered":"<div class=\"description-row description-text\">\n<h2>Friggitrice elettrica \u2013 2 x 10 litri<\/h2>\n<p>La friggitrice elettrica ARC DISTRIBUCION \u00e8 progettata per un uso professionale e funziona a 220 volt. Ti permette di preparare comodamente delle deliziose fritture indipendentemente dal tipo di pietanze che vuoi preparare. Ideale per il tuo ristorante o bar, ti permetter\u00e0 di offrire esperienze gastronomiche straordinarie.<\/p>\n<\/div>\n<div class=\"product-icon--wrapper\">\n<div class=\"product--icon\">\n<div class=\"icon-body\">\n<div class=\"product_icon_container svg-icon\"><\/div>\n<div class=\"icon-text\">\n<p>Questo elettrodomestico da cucina ha una capacit\u00e0 massima di olio fino a 6,5 litri e a\u00a0<strong>volume totale di 10 litri<\/strong>. Puoi usarlo professionalmente in modo molto versatile, essendo particolarmente adatto per la preparazione <strong>pescare<\/strong>, antipasti o patatine.<\/p>\n<\/div>\n<\/div>\n<h3 class=\"product--icon-headline\">Snack veloci e croccanti con la friggitrice elettrica ARC 1020 per gastronomia<\/h3>\n<div class=\"icon-body\">\n<div class=\"product_icon_easy_clean svg-icon\"><\/div>\n<div class=\"icon-text\">\n<p>Il cestello della friggitrice elettrica misura 20 x 22 x 10 cm. Gli eventuali resti di cibo rimasti nel serbatoio si accumulano sul fondo dello stesso, nella cosiddetta zona fredda, in modo da non bruciare. In questo modo l&#039;olio mantiene il suo sapore naturale. Inoltre, scaricare l&#039;olio \u00e8 facile.<\/p>\n<\/div>\n<\/div>\n<div class=\"icon-body\">\n<div class=\"product_icon_voltage svg-icon\"><\/div>\n<div class=\"icon-text\">\n<p>Grazie alle elevate prestazioni di<strong>\u00a0elemento riscaldante<\/strong> rimovibile <strong>5000<\/strong>\u00a0<strong>watt<\/strong>, l&#039;olio della friggitrice raggiunge rapidamente la temperatura massima di 200 \u00b0C. Per risultati ottimali, il termostato ad alta sensibilit\u00e0 mantiene il calore del serbatoio dell&#039;olio a una temperatura costante. <span style=\"color: #0000ff;\">Questa temperatura viene raggiunta molto velocemente e grazie ad una scheda elettronica intelligente, il consumo di energia elettrica \u00e8 ridotto al minimo una volta che l&#039;olio \u00e8 caldo.<\/span> <span style=\"color: #ff0000;\">In caso di surriscaldamento dell&#039;olio o di rimozione della testa riscaldante, un fusibile disconnette automaticamente l&#039;unit\u00e0.<\/span><\/p>\n<\/div>\n<\/div>\n<div class=\"icon-body\">\n<div class=\"product_icon_durable svg-icon\"><\/div>\n<div class=\"icon-text\">\n<p>La copertura dal design moderno, prodotta in\u00a0<strong>acciaio inossidabile di lunga durata<\/strong>, \u00e8 molto resistente e, grazie all&#039;elemento riscaldante estraibile, facile da pulire. Scegli oggi stesso una potente friggitrice elettrica: i tuoi clienti e ospiti ti ringrazieranno.<\/p>\n<\/div>\n<\/div>\n<\/div>\n<\/div>","protected":false},"excerpt":{"rendered":"<h2><strong>Friggitrice elettrica a doppia vasca da 10 litri per bar o ristorante<\/strong><\/h2>\n<p>Nostro <strong>friggitrice elettrica professionale a doppia vasca<\/strong> \u00c8 la soluzione perfetta per quelle attivit\u00e0 che necessitano di friggere grandi quantit\u00e0 di cibo in modo rapido ed efficiente. Con una capacit\u00e0 totale di <strong>10 litri per serbatoio<\/strong>, questa friggitrice \u00e8 progettata per soddisfare le esigenze delle cucine commerciali, sia nei bar, nei ristoranti o nei caff\u00e8.<\/p>\n<p>Grazie al suo doppio serbatoio, puoi <strong>friggere cibi diversi contemporaneamente<\/strong>, che ti permetter\u00e0 di mantenere la qualit\u00e0 e il sapore senza mescolanze indesiderate. \u00c8 ideale per preparare un&#039;ampia variet\u00e0 di fritti, come:<\/p>\n<ul>\n<li><strong>pesce fritto<\/strong>: Perfetto per piatti croccanti a base di pesce.<\/li>\n<li><strong>Patatine fritte<\/strong>: Accompagnamento classico in bar e ristoranti.<\/li>\n<li><strong>maiale fritto<\/strong>: Ideale per preparare tapas o piatti principali.<\/li>\n<li><strong>ali di pollo<\/strong>: Croccante e dorato al punto.<\/li>\n<li><strong>Crocchette<\/strong>: Frittura uniforme per tapas o antipasti.<\/li>\n<li><strong>Verdure impanate<\/strong>: Per una frittura vegetariana.<\/li>\n<\/ul>\n<p>Realizzato in acciaio inossidabile, questo <strong>friggitrice a doppia vasca<\/strong> Garantisce durata e facilit\u00e0 di pulizia, essenziali nelle cucine commerciali ad alte prestazioni. Inoltre, ogni vasca \u00e8 dotata di un controllo indipendente della temperatura, che consente di regolare il calore in base al tipo di cibo da cuocere. Questo \u00e8 fondamentale per ottenere patatine croccanti fuori e succose dentro.<\/p>\n<p>Sia che tu stia cercando un <strong>friggitrice da bar<\/strong>, UN <strong>friggitrice del ristorante<\/strong>, o a <strong>friggitrice elettrica di grande capacit\u00e0<\/strong>, questa macchina \u00e8 l&#039;opzione perfetta per ottimizzare il processo di frittura nella tua cucina commerciale.<\/p>","protected":false},"featured_media":661,"comment_status":"open","ping_status":"closed","template":"","meta":{"wds_primary_product_brand":0,"wds_primary_product_cat":0},"product_brand":[],"product_cat":[38],"product_tag":[],"class_list":{"0":"post-654","1":"product","2":"type-product","3":"status-publish","4":"has-post-thumbnail","6":"product_cat-freidoras","7":"product_shipping_class-hosteleria","9":"first","10":"instock","11":"taxable","12":"shipping-taxable","13":"purchasable","14":"product-type-simple"},"yoast_head":"<!-- This site is optimized with the Yoast SEO Premium plugin v24.9 (Yoast SEO v26.1) - https:\/\/yoast.com\/wordpress\/plugins\/seo\/ -->\n<title>Freidora el\u00e9ctrica para pescado frito, patatas, etc. 2x10L ? - distribuci\u00f3n ARC<\/title>\n<meta name=\"description\" content=\"Freidora el\u00e9ctrica de doble tanque de 10 litros para bares y restaurantes. Perfecta para fre\u00edr patatas, pescado y m\u00e1s con control independiente. Ideal para cocinas comerciales\" \/>\n<meta name=\"robots\" content=\"index, follow, max-snippet:-1, max-image-preview:large, max-video-preview:-1\" \/>\n<link rel=\"canonical\" href=\"https:\/\/distribucionarc.com\/it\/prodotto\/friggitrice-elettrica-per-fritture-di-pesce-patate-ecc-2x10l-\ud83c\udf5f\/\" \/>\n<meta property=\"og:locale\" content=\"it_IT\" \/>\n<meta property=\"og:type\" content=\"article\" \/>\n<meta property=\"og:title\" content=\"Freidora el\u00e9ctrica para pescado frito, patatas, etc. 2x10L ?\" \/>\n<meta property=\"og:description\" content=\"Freidora el\u00e9ctrica de doble tanque de 10 litros para bares y restaurantes. Perfecta para fre\u00edr patatas, pescado y m\u00e1s con control independiente. Ideal para cocinas comerciales\" \/>\n<meta property=\"og:url\" content=\"https:\/\/distribucionarc.com\/it\/prodotto\/friggitrice-elettrica-per-fritture-di-pesce-patate-ecc-2x10l-\ud83c\udf5f\/\" \/>\n<meta property=\"og:site_name\" content=\"distribuci\u00f3n ARC\" \/>\n<meta property=\"article:modified_time\" content=\"2024-09-04T19:31:36+00:00\" \/>\n<meta property=\"og:image\" content=\"https:\/\/distribucionarc.com\/wp-content\/uploads\/2020\/05\/Freidora-el\u00e9ctrica-para-pescado-frito-10L-0.jpg\" \/>\n\t<meta property=\"og:image:width\" content=\"1600\" \/>\n\t<meta property=\"og:image:height\" content=\"1600\" \/>\n\t<meta property=\"og:image:type\" content=\"image\/jpeg\" \/>\n<meta name=\"twitter:card\" content=\"summary_large_image\" \/>\n<meta name=\"twitter:label1\" content=\"Tempo di lettura stimato\" \/>\n\t<meta name=\"twitter:data1\" content=\"2 minuti\" \/>\n<script type=\"application\/ld+json\" class=\"yoast-schema-graph\">{\"@context\":\"https:\/\/schema.org\",\"@graph\":[{\"@type\":\"WebPage\",\"@id\":\"https:\/\/distribucionarc.com\/bg\/producto\/freidora-electrica-para-pescado-frito-patatas-etc-2x10l-%f0%9f%8d%9f\/\",\"url\":\"https:\/\/distribucionarc.com\/bg\/producto\/freidora-electrica-para-pescado-frito-patatas-etc-2x10l-%f0%9f%8d%9f\/\",\"name\":\"Freidora el\u00e9ctrica para pescado frito, patatas, etc. 2x10L ? - distribuci\u00f3n ARC\",\"isPartOf\":{\"@id\":\"https:\/\/www.distribucionarc.com\/sl\/#website\"},\"primaryImageOfPage\":{\"@id\":\"https:\/\/distribucionarc.com\/bg\/producto\/freidora-electrica-para-pescado-frito-patatas-etc-2x10l-%f0%9f%8d%9f\/#primaryimage\"},\"image\":{\"@id\":\"https:\/\/distribucionarc.com\/bg\/producto\/freidora-electrica-para-pescado-frito-patatas-etc-2x10l-%f0%9f%8d%9f\/#primaryimage\"},\"thumbnailUrl\":\"https:\/\/distribucionarc.com\/wp-content\/uploads\/2020\/05\/Freidora-el\u00e9ctrica-para-pescado-frito-10L-0.jpg\",\"datePublished\":\"2020-05-28T22:34:21+00:00\",\"dateModified\":\"2024-09-04T19:31:36+00:00\",\"description\":\"Freidora el\u00e9ctrica de doble tanque de 10 litros para bares y restaurantes. Perfecta para fre\u00edr patatas, pescado y m\u00e1s con control independiente. Ideal para cocinas comerciales\",\"breadcrumb\":{\"@id\":\"https:\/\/distribucionarc.com\/bg\/producto\/freidora-electrica-para-pescado-frito-patatas-etc-2x10l-%f0%9f%8d%9f\/#breadcrumb\"},\"inLanguage\":\"it-IT\",\"potentialAction\":[{\"@type\":\"ReadAction\",\"target\":[\"https:\/\/distribucionarc.com\/bg\/producto\/freidora-electrica-para-pescado-frito-patatas-etc-2x10l-%f0%9f%8d%9f\/\"]}]},{\"@type\":\"ImageObject\",\"inLanguage\":\"it-IT\",\"@id\":\"https:\/\/distribucionarc.com\/bg\/producto\/freidora-electrica-para-pescado-frito-patatas-etc-2x10l-%f0%9f%8d%9f\/#primaryimage\",\"url\":\"https:\/\/distribucionarc.com\/wp-content\/uploads\/2020\/05\/Freidora-el\u00e9ctrica-para-pescado-frito-10L-0.jpg\",\"contentUrl\":\"https:\/\/distribucionarc.com\/wp-content\/uploads\/2020\/05\/Freidora-el\u00e9ctrica-para-pescado-frito-10L-0.jpg\",\"width\":1600,\"height\":1600},{\"@type\":\"BreadcrumbList\",\"@id\":\"https:\/\/distribucionarc.com\/bg\/producto\/freidora-electrica-para-pescado-frito-patatas-etc-2x10l-%f0%9f%8d%9f\/#breadcrumb\",\"itemListElement\":[{\"@type\":\"ListItem\",\"position\":1,\"name\":\"Portada\",\"item\":\"https:\/\/www.distribucionarc.com\/\"},{\"@type\":\"ListItem\",\"position\":2,\"name\":\"\u00dcr\u00fcnler\",\"item\":\"https:\/\/www.distribucionarc.com\/tr\/magaza\/\"},{\"@type\":\"ListItem\",\"position\":3,\"name\":\"Freidora el\u00e9ctrica para pescado frito, patatas, etc. 2x10L ?\"}]},{\"@type\":\"WebSite\",\"@id\":\"https:\/\/www.distribucionarc.com\/sl\/#website\",\"url\":\"https:\/\/www.distribucionarc.com\/sl\/\",\"name\":\"distribuci\u00f3n ARC\",\"description\":\"Empresa especializada en la fabricaci\u00f3n y distribuci\u00f3n de maquinaria industrial, selladoras de latas, Maquinas de hacer pastillas, Maquinas de cortar carne...\",\"publisher\":{\"@id\":\"https:\/\/www.distribucionarc.com\/sl\/#organization\"},\"potentialAction\":[{\"@type\":\"SearchAction\",\"target\":{\"@type\":\"EntryPoint\",\"urlTemplate\":\"https:\/\/www.distribucionarc.com\/sl\/?s={search_term_string}\"},\"query-input\":{\"@type\":\"PropertyValueSpecification\",\"valueRequired\":true,\"valueName\":\"search_term_string\"}}],\"inLanguage\":\"it-IT\"},{\"@type\":\"Organization\",\"@id\":\"https:\/\/www.distribucionarc.com\/sl\/#organization\",\"name\":\"Distribuci\u00f3n ARC\",\"url\":\"https:\/\/www.distribucionarc.com\/sl\/\",\"logo\":{\"@type\":\"ImageObject\",\"inLanguage\":\"it-IT\",\"@id\":\"https:\/\/www.distribucionarc.com\/sl\/#\/schema\/logo\/image\/\",\"url\":\"https:\/\/distribucionarc.com\/wp-content\/uploads\/2024\/10\/distribucion-ARC-COLOR-SIN-FONDO-e1732295305345.png\",\"contentUrl\":\"https:\/\/distribucionarc.com\/wp-content\/uploads\/2024\/10\/distribucion-ARC-COLOR-SIN-FONDO-e1732295305345.png\",\"width\":1164,\"height\":558,\"caption\":\"Distribuci\u00f3n ARC\"},\"image\":{\"@id\":\"https:\/\/www.distribucionarc.com\/sl\/#\/schema\/logo\/image\/\"},\"description\":\"Empresa especializada en la fabricaci\u00f3n y distribuci\u00f3n de maquinaria industrial para los sectores alimentario y farmac\u00e9utico. Nos especializamos en: M\u00e1quinas de cortar carne Fabricaci\u00f3n de comprimidos Sistemas de transporte industrial L\u00edneas de embotellado Dosificadores Y mucho m\u00e1s... Ofrecemos soluciones innovadoras y personalizadas para optimizar los procesos productivos de tu empresa.\",\"email\":\"Admistracion@distribucionarc.com\",\"telephone\":\"+34 643496664\",\"legalName\":\"ARC TECH SOLUTIONS\",\"foundingDate\":\"2024-04-09\",\"vatID\":\"B55480172\",\"numberOfEmployees\":{\"@type\":\"QuantitativeValue\",\"minValue\":\"1\",\"maxValue\":\"10\"}}]}<\/script>\n<!-- \/ Yoast SEO Premium plugin. -->","yoast_head_json":{"title":"Friggitrice elettrica per fritture di pesce, patate, ecc. 2x10 litri? - Distribuzione dell&#039;ARCO","description":"Friggitrice elettrica a doppia vasca da 10 litri per bar e ristoranti. Perfetto per friggere patate, pesce e altro con controllo indipendente. Ideale per cucine commerciali","robots":{"index":"index","follow":"follow","max-snippet":"max-snippet:-1","max-image-preview":"max-image-preview:large","max-video-preview":"max-video-preview:-1"},"canonical":"https:\/\/distribucionarc.com\/it\/prodotto\/friggitrice-elettrica-per-fritture-di-pesce-patate-ecc-2x10l-\ud83c\udf5f\/","og_locale":"it_IT","og_type":"article","og_title":"Freidora el\u00e9ctrica para pescado frito, patatas, etc. 2x10L ?","og_description":"Freidora el\u00e9ctrica de doble tanque de 10 litros para bares y restaurantes. Perfecta para fre\u00edr patatas, pescado y m\u00e1s con control independiente. Ideal para cocinas comerciales","og_url":"https:\/\/distribucionarc.com\/it\/prodotto\/friggitrice-elettrica-per-fritture-di-pesce-patate-ecc-2x10l-\ud83c\udf5f\/","og_site_name":"distribuci\u00f3n ARC","article_modified_time":"2024-09-04T19:31:36+00:00","og_image":[{"width":1600,"height":1600,"url":"https:\/\/distribucionarc.com\/wp-content\/uploads\/2020\/05\/Freidora-el\u00e9ctrica-para-pescado-frito-10L-0.jpg","type":"image\/jpeg"}],"twitter_card":"summary_large_image","twitter_misc":{"Tempo di lettura stimato":"2 minuti"},"schema":{"@context":"https:\/\/schema.org","@graph":[{"@type":"WebPage","@id":"https:\/\/distribucionarc.com\/bg\/producto\/freidora-electrica-para-pescado-frito-patatas-etc-2x10l-%f0%9f%8d%9f\/","url":"https:\/\/distribucionarc.com\/bg\/producto\/freidora-electrica-para-pescado-frito-patatas-etc-2x10l-%f0%9f%8d%9f\/","name":"Friggitrice elettrica per fritture di pesce, patate, ecc. 2x10 litri? - Distribuzione dell&#039;ARCO","isPartOf":{"@id":"https:\/\/www.distribucionarc.com\/sl\/#website"},"primaryImageOfPage":{"@id":"https:\/\/distribucionarc.com\/bg\/producto\/freidora-electrica-para-pescado-frito-patatas-etc-2x10l-%f0%9f%8d%9f\/#primaryimage"},"image":{"@id":"https:\/\/distribucionarc.com\/bg\/producto\/freidora-electrica-para-pescado-frito-patatas-etc-2x10l-%f0%9f%8d%9f\/#primaryimage"},"thumbnailUrl":"https:\/\/distribucionarc.com\/wp-content\/uploads\/2020\/05\/Freidora-el\u00e9ctrica-para-pescado-frito-10L-0.jpg","datePublished":"2020-05-28T22:34:21+00:00","dateModified":"2024-09-04T19:31:36+00:00","description":"Friggitrice elettrica a doppia vasca da 10 litri per bar e ristoranti. Perfetto per friggere patate, pesce e altro con controllo indipendente. Ideale per cucine commerciali","breadcrumb":{"@id":"https:\/\/distribucionarc.com\/bg\/producto\/freidora-electrica-para-pescado-frito-patatas-etc-2x10l-%f0%9f%8d%9f\/#breadcrumb"},"inLanguage":"it-IT","potentialAction":[{"@type":"ReadAction","target":["https:\/\/distribucionarc.com\/bg\/producto\/freidora-electrica-para-pescado-frito-patatas-etc-2x10l-%f0%9f%8d%9f\/"]}]},{"@type":"ImageObject","inLanguage":"it-IT","@id":"https:\/\/distribucionarc.com\/bg\/producto\/freidora-electrica-para-pescado-frito-patatas-etc-2x10l-%f0%9f%8d%9f\/#primaryimage","url":"https:\/\/distribucionarc.com\/wp-content\/uploads\/2020\/05\/Freidora-el\u00e9ctrica-para-pescado-frito-10L-0.jpg","contentUrl":"https:\/\/distribucionarc.com\/wp-content\/uploads\/2020\/05\/Freidora-el\u00e9ctrica-para-pescado-frito-10L-0.jpg","width":1600,"height":1600},{"@type":"BreadcrumbList","@id":"https:\/\/distribucionarc.com\/bg\/producto\/freidora-electrica-para-pescado-frito-patatas-etc-2x10l-%f0%9f%8d%9f\/#breadcrumb","itemListElement":[{"@type":"ListItem","position":1,"name":"Portada","item":"https:\/\/www.distribucionarc.com\/"},{"@type":"ListItem","position":2,"name":"\u00dcr\u00fcnler","item":"https:\/\/www.distribucionarc.com\/tr\/magaza\/"},{"@type":"ListItem","position":3,"name":"Freidora el\u00e9ctrica para pescado frito, patatas, etc. 2x10L ?"}]},{"@type":"WebSite","@id":"https:\/\/www.distribucionarc.com\/sl\/#website","url":"https:\/\/www.distribucionarc.com\/sl\/","name":"Distribuzione dell&#039;ARCO","description":"Azienda specializzata nella produzione e distribuzione di macchinari industriali, macchine sigillatrici di lattine, macchine per la produzione di compresse, macchine per il taglio della carne...","publisher":{"@id":"https:\/\/www.distribucionarc.com\/sl\/#organization"},"potentialAction":[{"@type":"SearchAction","target":{"@type":"EntryPoint","urlTemplate":"https:\/\/www.distribucionarc.com\/sl\/?s={search_term_string}"},"query-input":{"@type":"PropertyValueSpecification","valueRequired":true,"valueName":"search_term_string"}}],"inLanguage":"it-IT"},{"@type":"Organization","@id":"https:\/\/www.distribucionarc.com\/sl\/#organization","name":"Distribuzione dell&#039;ARC","url":"https:\/\/www.distribucionarc.com\/sl\/","logo":{"@type":"ImageObject","inLanguage":"it-IT","@id":"https:\/\/www.distribucionarc.com\/sl\/#\/schema\/logo\/image\/","url":"https:\/\/distribucionarc.com\/wp-content\/uploads\/2024\/10\/distribucion-ARC-COLOR-SIN-FONDO-e1732295305345.png","contentUrl":"https:\/\/distribucionarc.com\/wp-content\/uploads\/2024\/10\/distribucion-ARC-COLOR-SIN-FONDO-e1732295305345.png","width":1164,"height":558,"caption":"Distribuci\u00f3n ARC"},"image":{"@id":"https:\/\/www.distribucionarc.com\/sl\/#\/schema\/logo\/image\/"},"description":"Azienda specializzata nella produzione e distribuzione di macchinari industriali per il settore alimentare e farmaceutico. Siamo specializzati in: Macchine per il taglio della carne Produzione di compresse Sistemi di trasporto industriale Linee di imbottigliamento Dispenser E molto altro ancora... Offriamo soluzioni innovative e personalizzate per ottimizzare i processi produttivi della vostra azienda.","email":"Admistracion@distribucionarc.com","telephone":"+34 643496664","legalName":"ARC TECH SOLUTIONS","foundingDate":"2024-04-09","vatID":"B55480172","numberOfEmployees":{"@type":"QuantitativeValue","minValue":"1","maxValue":"10"}}]}},"_links":{"self":[{"href":"https:\/\/distribucionarc.com\/it\/wp-json\/wp\/v2\/product\/654","targetHints":{"allow":["GET"]}}],"collection":[{"href":"https:\/\/distribucionarc.com\/it\/wp-json\/wp\/v2\/product"}],"about":[{"href":"https:\/\/distribucionarc.com\/it\/wp-json\/wp\/v2\/types\/product"}],"replies":[{"embeddable":true,"href":"https:\/\/distribucionarc.com\/it\/wp-json\/wp\/v2\/comments?post=654"}],"version-history":[{"count":0,"href":"https:\/\/distribucionarc.com\/it\/wp-json\/wp\/v2\/product\/654\/revisions"}],"wp:featuredmedia":[{"embeddable":true,"href":"https:\/\/distribucionarc.com\/it\/wp-json\/wp\/v2\/media\/661"}],"wp:attachment":[{"href":"https:\/\/distribucionarc.com\/it\/wp-json\/wp\/v2\/media?parent=654"}],"wp:term":[{"taxonomy":"product_brand","embeddable":true,"href":"https:\/\/distribucionarc.com\/it\/wp-json\/wp\/v2\/product_brand?post=654"},{"taxonomy":"product_cat","embeddable":true,"href":"https:\/\/distribucionarc.com\/it\/wp-json\/wp\/v2\/product_cat?post=654"},{"taxonomy":"product_tag","embeddable":true,"href":"https:\/\/distribucionarc.com\/it\/wp-json\/wp\/v2\/product_tag?post=654"}],"curies":[{"name":"wp","href":"https:\/\/api.w.org\/{rel}","templated":true}]}}