{"id":6660,"date":"2024-04-24T18:26:04","date_gmt":"2024-04-24T18:26:04","guid":{"rendered":"https:\/\/distribucionarc.com\/?post_type=product&#038;p=6660"},"modified":"2024-04-24T18:26:06","modified_gmt":"2024-04-24T18:26:06","slug":"pressa-rotativa-industriale-per-compresse-di-vitamina-b12","status":"publish","type":"product","link":"https:\/\/distribucionarc.com\/it\/producto\/maquina-prensa-rotativa-industrial-para-tabletas-de-vitaminas-a-c-y-b12\/","title":{"rendered":"MACCHINA INDUSTRIALE ROTATIVA PER COMPRESSE DI VITAMINA A, CY B12"},"content":{"rendered":"<p><strong>Pressa rotativa industriale ZRAP15\/17\/19D<\/strong>. Progettato per la pressatura di polvere, granuli e piccoli granuli per <strong>Compresse di vitamina A, C e B12<\/strong>. Conforme agli standard GMP, facile da pulire e manutenere, con protezione da sovraccarico di pressione. Ottimizza la tua produzione e assicurati la qualit\u00e0 con noi. Migliora la qualit\u00e0 del tuo <strong>Compresse di vitamina A, C e B12<\/strong> con la nostra tecnologia avanzata.<\/p>\n<p>&nbsp;<\/p>\n<table>\n<tbody>\n<tr>\n<td width=\"135\">Modello<\/td>\n<td width=\"135\">ZARP-15D<\/td>\n<td width=\"135\">ZARP-17D<\/td>\n<td width=\"135\">ZARP-19D<\/td>\n<\/tr>\n<tr>\n<td width=\"135\">Matrici per punzonatura<\/td>\n<td width=\"135\">15<\/td>\n<td width=\"135\">17<\/td>\n<td width=\"135\">19<\/td>\n<\/tr>\n<tr>\n<td width=\"135\">pressione massima (kn)<\/td>\n<td width=\"135\">60<\/td>\n<td width=\"135\">60<\/td>\n<td width=\"135\">60<\/td>\n<\/tr>\n<tr>\n<td width=\"135\">Diametro della compressa (mm)<\/td>\n<td width=\"135\">25<\/td>\n<td width=\"135\">20<\/td>\n<td width=\"135\">13<\/td>\n<\/tr>\n<tr>\n<td width=\"135\">Profondit\u00e0 di riempimento (mm)<\/td>\n<td width=\"135\">15<\/td>\n<td width=\"135\">15<\/td>\n<td width=\"135\">15<\/td>\n<\/tr>\n<tr>\n<td width=\"135\">Massimo spessore della compressa (mm)<\/td>\n<td width=\"135\">6<\/td>\n<td width=\"135\">6<\/td>\n<td width=\"135\">6<\/td>\n<\/tr>\n<tr>\n<td width=\"135\">Velocit\u00e0 della torretta (r-min)<\/td>\n<td width=\"135\">0-35<\/td>\n<td width=\"135\">0-35<\/td>\n<td width=\"135\">0-35<\/td>\n<\/tr>\n<tr>\n<td width=\"135\">Capacit\u00e0 produttiva (pezzo\/ora)<\/td>\n<td width=\"135\">31500<\/td>\n<td width=\"135\">35700<\/td>\n<td width=\"135\">39900<\/td>\n<\/tr>\n<tr>\n<td width=\"135\">Potenza motore (kw)<\/td>\n<td width=\"135\">2.2<\/td>\n<td width=\"135\">2.2<\/td>\n<td width=\"135\">2.2<\/td>\n<\/tr>\n<tr>\n<td width=\"135\">Dimensioni complessive (mm)<\/td>\n<td width=\"135\">615*<\/p>\n<p>890*<\/p>\n<p>1415*<\/td>\n<td width=\"135\">615*<\/p>\n<p>890*<\/p>\n<p>1415*<\/td>\n<td width=\"135\">615*<\/p>\n<p>890*<\/p>\n<p>1415*<\/td>\n<\/tr>\n<tr>\n<td width=\"135\">Peso nettokg<\/td>\n<td width=\"135\">1000<\/td>\n<td width=\"135\">1000<\/td>\n<td width=\"135\">1000<\/td>\n<\/tr>\n<\/tbody>\n<\/table>","protected":false},"excerpt":{"rendered":"<p>Macchina rotativa industriale ZRAP15\/17\/19D. Progettato per la pressatura di polvere, granuli e piccoli granuli per compresse di vitamine A, C e<\/p>","protected":false},"featured_media":6663,"comment_status":"open","ping_status":"closed","template":"","meta":{"wds_primary_product_brand":0,"wds_primary_product_cat":0},"product_brand":[],"product_cat":[84],"product_tag":[],"class_list":{"0":"post-6660","1":"product","2":"type-product","3":"status-publish","4":"has-post-thumbnail","6":"product_cat-maquinas-para-hacer-pastillas","8":"first","9":"instock","10":"taxable","11":"shipping-taxable","12":"purchasable","13":"product-type-simple"},"yoast_head":"<!-- This site is optimized with the Yoast SEO Premium plugin v24.9 (Yoast SEO v26.1) - https:\/\/yoast.com\/wordpress\/plugins\/seo\/ -->\n<title>MAQUINA PRENSA ROTATIVA INDUSTRIAL PARA TABLETAS DE VITAMINAS A, C Y B12 - distribuci\u00f3n ARC<\/title>\n<meta name=\"robots\" content=\"index, follow, max-snippet:-1, max-image-preview:large, max-video-preview:-1\" \/>\n<link rel=\"canonical\" href=\"https:\/\/distribucionarc.com\/it\/prodotto\/pressa-rotativa-industriale-per-compresse-di-vitamina-b12\/\" \/>\n<meta property=\"og:locale\" content=\"it_IT\" \/>\n<meta property=\"og:type\" content=\"article\" \/>\n<meta property=\"og:title\" content=\"MAQUINA PRENSA ROTATIVA INDUSTRIAL PARA TABLETAS DE VITAMINAS A, C Y B12\" \/>\n<meta property=\"og:description\" content=\"Maquina prensa rotativa industrial ZRAP15\/17\/19D. Dise\u00f1ada para prensar polvo, granulado y gr\u00e1nulos peque\u00f1os para tabletas de vitaminas A, C y\" \/>\n<meta property=\"og:url\" content=\"https:\/\/distribucionarc.com\/it\/prodotto\/pressa-rotativa-industriale-per-compresse-di-vitamina-b12\/\" \/>\n<meta property=\"og:site_name\" content=\"distribuci\u00f3n ARC\" \/>\n<meta property=\"article:modified_time\" content=\"2024-04-24T18:26:06+00:00\" \/>\n<meta property=\"og:image\" content=\"https:\/\/distribucionarc.com\/wp-content\/uploads\/2024\/04\/MAQUINA-PRENSA-ROTATIVA-ZARP15_17_19D-PARA-TABLETAS-DE-VITAMINAS-A-C-Y-B12.jpg\" \/>\n\t<meta property=\"og:image:width\" content=\"608\" \/>\n\t<meta property=\"og:image:height\" content=\"904\" \/>\n\t<meta property=\"og:image:type\" content=\"image\/jpeg\" \/>\n<meta name=\"twitter:card\" content=\"summary_large_image\" \/>\n<meta name=\"twitter:label1\" content=\"Tempo di lettura stimato\" \/>\n\t<meta name=\"twitter:data1\" content=\"1 minuto\" \/>\n<script type=\"application\/ld+json\" class=\"yoast-schema-graph\">{\"@context\":\"https:\/\/schema.org\",\"@graph\":[{\"@type\":\"WebPage\",\"@id\":\"https:\/\/distribucionarc.com\/pt\/producto\/maquina-prensa-rotativa-industrial-para-tabletas-de-vitaminas-a-c-y-b12\/\",\"url\":\"https:\/\/distribucionarc.com\/pt\/producto\/maquina-prensa-rotativa-industrial-para-tabletas-de-vitaminas-a-c-y-b12\/\",\"name\":\"MAQUINA PRENSA ROTATIVA INDUSTRIAL PARA TABLETAS DE VITAMINAS A, C Y B12 - distribuci\u00f3n ARC\",\"isPartOf\":{\"@id\":\"https:\/\/distribucionarc.com\/de\/#website\"},\"primaryImageOfPage\":{\"@id\":\"https:\/\/distribucionarc.com\/pt\/producto\/maquina-prensa-rotativa-industrial-para-tabletas-de-vitaminas-a-c-y-b12\/#primaryimage\"},\"image\":{\"@id\":\"https:\/\/distribucionarc.com\/pt\/producto\/maquina-prensa-rotativa-industrial-para-tabletas-de-vitaminas-a-c-y-b12\/#primaryimage\"},\"thumbnailUrl\":\"https:\/\/distribucionarc.com\/wp-content\/uploads\/2024\/04\/MAQUINA-PRENSA-ROTATIVA-ZARP15_17_19D-PARA-TABLETAS-DE-VITAMINAS-A-C-Y-B12.jpg\",\"datePublished\":\"2024-04-24T18:26:04+00:00\",\"dateModified\":\"2024-04-24T18:26:06+00:00\",\"breadcrumb\":{\"@id\":\"https:\/\/distribucionarc.com\/pt\/producto\/maquina-prensa-rotativa-industrial-para-tabletas-de-vitaminas-a-c-y-b12\/#breadcrumb\"},\"inLanguage\":\"it-IT\",\"potentialAction\":[{\"@type\":\"ReadAction\",\"target\":[\"https:\/\/distribucionarc.com\/pt\/producto\/maquina-prensa-rotativa-industrial-para-tabletas-de-vitaminas-a-c-y-b12\/\"]}]},{\"@type\":\"ImageObject\",\"inLanguage\":\"it-IT\",\"@id\":\"https:\/\/distribucionarc.com\/pt\/producto\/maquina-prensa-rotativa-industrial-para-tabletas-de-vitaminas-a-c-y-b12\/#primaryimage\",\"url\":\"https:\/\/distribucionarc.com\/wp-content\/uploads\/2024\/04\/MAQUINA-PRENSA-ROTATIVA-ZARP15_17_19D-PARA-TABLETAS-DE-VITAMINAS-A-C-Y-B12.jpg\",\"contentUrl\":\"https:\/\/distribucionarc.com\/wp-content\/uploads\/2024\/04\/MAQUINA-PRENSA-ROTATIVA-ZARP15_17_19D-PARA-TABLETAS-DE-VITAMINAS-A-C-Y-B12.jpg\",\"width\":608,\"height\":904,\"caption\":\"#image_title\"},{\"@type\":\"BreadcrumbList\",\"@id\":\"https:\/\/distribucionarc.com\/pt\/producto\/maquina-prensa-rotativa-industrial-para-tabletas-de-vitaminas-a-c-y-b12\/#breadcrumb\",\"itemListElement\":[{\"@type\":\"ListItem\",\"position\":1,\"name\":\"Portada\",\"item\":\"https:\/\/distribucionarc.com\/pl\/\"},{\"@type\":\"ListItem\",\"position\":2,\"name\":\"Produkty\",\"item\":\"https:\/\/distribucionarc.com\/pl\/shop\/\"},{\"@type\":\"ListItem\",\"position\":3,\"name\":\"MAQUINA PRENSA ROTATIVA INDUSTRIAL PARA TABLETAS DE VITAMINAS A, C Y B12\"}]},{\"@type\":\"WebSite\",\"@id\":\"https:\/\/distribucionarc.com\/de\/#website\",\"url\":\"https:\/\/distribucionarc.com\/de\/\",\"name\":\"distribuci\u00f3n ARC\",\"description\":\"Empresa especializada en la fabricaci\u00f3n y distribuci\u00f3n de maquinaria industrial, selladoras de latas, Maquinas de hacer pastillas, Maquinas de cortar carne...\",\"publisher\":{\"@id\":\"https:\/\/distribucionarc.com\/de\/#organization\"},\"potentialAction\":[{\"@type\":\"SearchAction\",\"target\":{\"@type\":\"EntryPoint\",\"urlTemplate\":\"https:\/\/distribucionarc.com\/de\/?s={search_term_string}\"},\"query-input\":{\"@type\":\"PropertyValueSpecification\",\"valueRequired\":true,\"valueName\":\"search_term_string\"}}],\"inLanguage\":\"it-IT\"},{\"@type\":\"Organization\",\"@id\":\"https:\/\/distribucionarc.com\/de\/#organization\",\"name\":\"Distribuci\u00f3n ARC\",\"url\":\"https:\/\/distribucionarc.com\/de\/\",\"logo\":{\"@type\":\"ImageObject\",\"inLanguage\":\"it-IT\",\"@id\":\"https:\/\/distribucionarc.com\/de\/#\/schema\/logo\/image\/\",\"url\":\"https:\/\/distribucionarc.com\/wp-content\/uploads\/2024\/10\/distribucion-ARC-COLOR-SIN-FONDO-e1732295305345.png\",\"contentUrl\":\"https:\/\/distribucionarc.com\/wp-content\/uploads\/2024\/10\/distribucion-ARC-COLOR-SIN-FONDO-e1732295305345.png\",\"width\":1164,\"height\":558,\"caption\":\"Distribuci\u00f3n ARC\"},\"image\":{\"@id\":\"https:\/\/distribucionarc.com\/de\/#\/schema\/logo\/image\/\"},\"description\":\"Empresa especializada en la fabricaci\u00f3n y distribuci\u00f3n de maquinaria industrial para los sectores alimentario y farmac\u00e9utico. Nos especializamos en: M\u00e1quinas de cortar carne Fabricaci\u00f3n de comprimidos Sistemas de transporte industrial L\u00edneas de embotellado Dosificadores Y mucho m\u00e1s... Ofrecemos soluciones innovadoras y personalizadas para optimizar los procesos productivos de tu empresa.\",\"email\":\"Admistracion@distribucionarc.com\",\"telephone\":\"+34 643496664\",\"legalName\":\"ARC TECH SOLUTIONS\",\"foundingDate\":\"2024-04-09\",\"vatID\":\"B55480172\",\"numberOfEmployees\":{\"@type\":\"QuantitativeValue\",\"minValue\":\"1\",\"maxValue\":\"10\"}}]}<\/script>\n<!-- \/ Yoast SEO Premium plugin. -->","yoast_head_json":{"title":"MACCHINA PRESSA ROTATIVA INDUSTRIALE PER COMPRESSE DI VITAMINA A, C E B12 - ARC distribution","robots":{"index":"index","follow":"follow","max-snippet":"max-snippet:-1","max-image-preview":"max-image-preview:large","max-video-preview":"max-video-preview:-1"},"canonical":"https:\/\/distribucionarc.com\/it\/prodotto\/pressa-rotativa-industriale-per-compresse-di-vitamina-b12\/","og_locale":"it_IT","og_type":"article","og_title":"MAQUINA PRENSA ROTATIVA INDUSTRIAL PARA TABLETAS DE VITAMINAS A, C Y B12","og_description":"Maquina prensa rotativa industrial ZRAP15\/17\/19D. Dise\u00f1ada para prensar polvo, granulado y gr\u00e1nulos peque\u00f1os para tabletas de vitaminas A, C y","og_url":"https:\/\/distribucionarc.com\/it\/prodotto\/pressa-rotativa-industriale-per-compresse-di-vitamina-b12\/","og_site_name":"distribuci\u00f3n ARC","article_modified_time":"2024-04-24T18:26:06+00:00","og_image":[{"width":608,"height":904,"url":"https:\/\/distribucionarc.com\/wp-content\/uploads\/2024\/04\/MAQUINA-PRENSA-ROTATIVA-ZARP15_17_19D-PARA-TABLETAS-DE-VITAMINAS-A-C-Y-B12.jpg","type":"image\/jpeg"}],"twitter_card":"summary_large_image","twitter_misc":{"Tempo di lettura stimato":"1 minuto"},"schema":{"@context":"https:\/\/schema.org","@graph":[{"@type":"WebPage","@id":"https:\/\/distribucionarc.com\/pt\/producto\/maquina-prensa-rotativa-industrial-para-tabletas-de-vitaminas-a-c-y-b12\/","url":"https:\/\/distribucionarc.com\/pt\/producto\/maquina-prensa-rotativa-industrial-para-tabletas-de-vitaminas-a-c-y-b12\/","name":"MACCHINA PRESSA ROTATIVA INDUSTRIALE PER COMPRESSE DI VITAMINA A, C E B12 - ARC distribution","isPartOf":{"@id":"https:\/\/distribucionarc.com\/de\/#website"},"primaryImageOfPage":{"@id":"https:\/\/distribucionarc.com\/pt\/producto\/maquina-prensa-rotativa-industrial-para-tabletas-de-vitaminas-a-c-y-b12\/#primaryimage"},"image":{"@id":"https:\/\/distribucionarc.com\/pt\/producto\/maquina-prensa-rotativa-industrial-para-tabletas-de-vitaminas-a-c-y-b12\/#primaryimage"},"thumbnailUrl":"https:\/\/distribucionarc.com\/wp-content\/uploads\/2024\/04\/MAQUINA-PRENSA-ROTATIVA-ZARP15_17_19D-PARA-TABLETAS-DE-VITAMINAS-A-C-Y-B12.jpg","datePublished":"2024-04-24T18:26:04+00:00","dateModified":"2024-04-24T18:26:06+00:00","breadcrumb":{"@id":"https:\/\/distribucionarc.com\/pt\/producto\/maquina-prensa-rotativa-industrial-para-tabletas-de-vitaminas-a-c-y-b12\/#breadcrumb"},"inLanguage":"it-IT","potentialAction":[{"@type":"ReadAction","target":["https:\/\/distribucionarc.com\/pt\/producto\/maquina-prensa-rotativa-industrial-para-tabletas-de-vitaminas-a-c-y-b12\/"]}]},{"@type":"ImageObject","inLanguage":"it-IT","@id":"https:\/\/distribucionarc.com\/pt\/producto\/maquina-prensa-rotativa-industrial-para-tabletas-de-vitaminas-a-c-y-b12\/#primaryimage","url":"https:\/\/distribucionarc.com\/wp-content\/uploads\/2024\/04\/MAQUINA-PRENSA-ROTATIVA-ZARP15_17_19D-PARA-TABLETAS-DE-VITAMINAS-A-C-Y-B12.jpg","contentUrl":"https:\/\/distribucionarc.com\/wp-content\/uploads\/2024\/04\/MAQUINA-PRENSA-ROTATIVA-ZARP15_17_19D-PARA-TABLETAS-DE-VITAMINAS-A-C-Y-B12.jpg","width":608,"height":904,"caption":"#image_title"},{"@type":"BreadcrumbList","@id":"https:\/\/distribucionarc.com\/pt\/producto\/maquina-prensa-rotativa-industrial-para-tabletas-de-vitaminas-a-c-y-b12\/#breadcrumb","itemListElement":[{"@type":"ListItem","position":1,"name":"Portada","item":"https:\/\/distribucionarc.com\/pl\/"},{"@type":"ListItem","position":2,"name":"Produkty","item":"https:\/\/distribucionarc.com\/pl\/shop\/"},{"@type":"ListItem","position":3,"name":"MAQUINA PRENSA ROTATIVA INDUSTRIAL PARA TABLETAS DE VITAMINAS A, C Y B12"}]},{"@type":"WebSite","@id":"https:\/\/distribucionarc.com\/de\/#website","url":"https:\/\/distribucionarc.com\/de\/","name":"Distribuzione dell&#039;ARCO","description":"Azienda specializzata nella produzione e distribuzione di macchinari industriali, macchine sigillatrici di lattine, macchine per la produzione di compresse, macchine per il taglio della carne...","publisher":{"@id":"https:\/\/distribucionarc.com\/de\/#organization"},"potentialAction":[{"@type":"SearchAction","target":{"@type":"EntryPoint","urlTemplate":"https:\/\/distribucionarc.com\/de\/?s={search_term_string}"},"query-input":{"@type":"PropertyValueSpecification","valueRequired":true,"valueName":"search_term_string"}}],"inLanguage":"it-IT"},{"@type":"Organization","@id":"https:\/\/distribucionarc.com\/de\/#organization","name":"Distribuzione dell&#039;ARC","url":"https:\/\/distribucionarc.com\/de\/","logo":{"@type":"ImageObject","inLanguage":"it-IT","@id":"https:\/\/distribucionarc.com\/de\/#\/schema\/logo\/image\/","url":"https:\/\/distribucionarc.com\/wp-content\/uploads\/2024\/10\/distribucion-ARC-COLOR-SIN-FONDO-e1732295305345.png","contentUrl":"https:\/\/distribucionarc.com\/wp-content\/uploads\/2024\/10\/distribucion-ARC-COLOR-SIN-FONDO-e1732295305345.png","width":1164,"height":558,"caption":"Distribuci\u00f3n ARC"},"image":{"@id":"https:\/\/distribucionarc.com\/de\/#\/schema\/logo\/image\/"},"description":"Azienda specializzata nella produzione e distribuzione di macchinari industriali per il settore alimentare e farmaceutico. Siamo specializzati in: Macchine per il taglio della carne Produzione di compresse Sistemi di trasporto industriale Linee di imbottigliamento Dispenser E molto altro ancora... Offriamo soluzioni innovative e personalizzate per ottimizzare i processi produttivi della vostra azienda.","email":"Admistracion@distribucionarc.com","telephone":"+34 643496664","legalName":"ARC TECH SOLUTIONS","foundingDate":"2024-04-09","vatID":"B55480172","numberOfEmployees":{"@type":"QuantitativeValue","minValue":"1","maxValue":"10"}}]}},"_links":{"self":[{"href":"https:\/\/distribucionarc.com\/it\/wp-json\/wp\/v2\/product\/6660","targetHints":{"allow":["GET"]}}],"collection":[{"href":"https:\/\/distribucionarc.com\/it\/wp-json\/wp\/v2\/product"}],"about":[{"href":"https:\/\/distribucionarc.com\/it\/wp-json\/wp\/v2\/types\/product"}],"replies":[{"embeddable":true,"href":"https:\/\/distribucionarc.com\/it\/wp-json\/wp\/v2\/comments?post=6660"}],"version-history":[{"count":0,"href":"https:\/\/distribucionarc.com\/it\/wp-json\/wp\/v2\/product\/6660\/revisions"}],"wp:featuredmedia":[{"embeddable":true,"href":"https:\/\/distribucionarc.com\/it\/wp-json\/wp\/v2\/media\/6663"}],"wp:attachment":[{"href":"https:\/\/distribucionarc.com\/it\/wp-json\/wp\/v2\/media?parent=6660"}],"wp:term":[{"taxonomy":"product_brand","embeddable":true,"href":"https:\/\/distribucionarc.com\/it\/wp-json\/wp\/v2\/product_brand?post=6660"},{"taxonomy":"product_cat","embeddable":true,"href":"https:\/\/distribucionarc.com\/it\/wp-json\/wp\/v2\/product_cat?post=6660"},{"taxonomy":"product_tag","embeddable":true,"href":"https:\/\/distribucionarc.com\/it\/wp-json\/wp\/v2\/product_tag?post=6660"}],"curies":[{"name":"wp","href":"https:\/\/api.w.org\/{rel}","templated":true}]}}