{"id":687,"date":"2020-06-19T20:07:04","date_gmt":"2020-06-19T20:07:04","guid":{"rendered":"https:\/\/distribucionarc.com\/?post_type=product&#038;p=687"},"modified":"2024-10-05T03:52:47","modified_gmt":"2024-10-05T03:52:47","slug":"tritacarne-o-verdura-speciale-per-lindustria","status":"publish","type":"product","link":"https:\/\/distribucionarc.com\/it\/producto\/picadora-de-carne-o-verduras-especial-para-industra\/","title":{"rendered":"tritacarne o verdure speciali per l&#039;industria"},"content":{"rendered":"<p>Il tritacarne ARCP V2 \u00e8 un potente tritacarne professionale con corpo e piastra in acciaio inox. Il principio \u00e8 che anche la vite senza fine e la corona dentata sono realizzate in acciaio inossidabile. L&#039;ARCP <strong>tritacarne<\/strong> V2 ha quattro piedini in gomma ed \u00e8 quindi ulteriormente protetto contro lo scivolamento. Il tritacarne ARCP V2 \u00e8 facile da pulire e la parte tritatutto \u00e8 rimovibile in una parte.<\/p>\n<p>la nuova versione di ARCP V2\u00a0 <strong>Ha una caratteristica unica, bassi consumi, alte prestazioni.<\/strong><\/p>\n<p><span style=\"color: #ff0000;\">360w<\/span> <span style=\"color: #008000;\">Sistema intelligente integrato a basso consumo.<\/span><\/p>\n<p>Di seguito puoi trovare tutte le caratteristiche del tritacarne ARCP V2:<\/p>\n<ul>\n<li>Potente tritacarne professionale<\/li>\n<li>Alloggiamento e vassoio in acciaio inossidabile<\/li>\n<li>ingranaggio elicoidale e ghiera in acciaio inox<\/li>\n<li>Coltelli e piastre in acciaio temprato<\/li>\n<li>la parte di rettifica pu\u00f2 essere rimossa con un solo movimento<\/li>\n<li>Con 2 velocit\u00e0 avanti e indietro:<\/li>\n<li>Produzione: Fino a 120 kg all&#039;ora<\/li>\n<li>Dimensioni vassoio: L200 x P295 x H45 mm 4,8 x 20 x 29 cm<\/li>\n<li>Diametro apertura vassoio: 55 mm<\/li>\n<li>Diametro della piastra di macinazione: 70 mm<\/li>\n<li>interruttore di protezione del motore<\/li>\n<li>Quattro piedini in gomma<\/li>\n<li>Facile da pulire<\/li>\n<li>Peso netto: 22 kg<\/li>\n<li>Dimensioni: L280 x P160 x A290 mm<\/li>\n<li>220 V\/50 Hz\/monofase 370 Watt<\/li>\n<\/ul>\n<p>La norma include:<\/p>\n<ul>\n<li>1 spintore<\/li>\n<li>1 salsiccia ripiena \u2013 \u00d8 20 mm<\/li>\n<li>2 coltelli a croce<\/li>\n<li>piatto di frantumazione 6 mm<\/li>\n<li>piatto di frantumazione 8 mm<\/li>\n<\/ul>\n<p><iframe loading=\"lazy\" src=\"https:\/\/www.youtube.com\/embed\/xyT98EOJOG8\" width=\"560\" height=\"315\" frameborder=\"0\" allowfullscreen=\"allowfullscreen\"><\/iframe><\/p>","protected":false},"excerpt":{"rendered":"<h2><span style=\"color: #000080;\">A<span style=\"color: #ff0000;\"><strong>R<\/strong><\/span><\/span>Tritacarne CP V2 120kg\/h??<\/h2>\n<p><span style=\"color: #ff0000;\">360w<\/span> <span style=\"color: #008000;\">Sistema intelligente integrato a basso consumo.<\/span><\/p>\n<p>tritacarne perfetto per macellerie o aziende semiindustriali che necessitano di una grande quantit\u00e0 di carne nel minor tempo possibile<\/p>\n<p>tutti i nostri macchinari ne sono dotati <strong>2 anni di garanzia<\/strong><\/p>\n<p><strong>supporto tecnico in caso di guasto<\/strong><\/p>\n<p>tutto ci\u00f2 di cui hai bisogno per la tua attivit\u00e0 in un unico posto<\/p>","protected":false},"featured_media":690,"comment_status":"open","ping_status":"closed","template":"","meta":{"wds_primary_product_brand":0,"wds_primary_product_cat":0},"product_brand":[],"product_cat":[120],"product_tag":[],"class_list":{"0":"post-687","1":"product","2":"type-product","3":"status-publish","4":"has-post-thumbnail","6":"product_cat-picadoras-carne","7":"product_shipping_class-hosteleria","9":"first","10":"outofstock","11":"sale","12":"taxable","13":"shipping-taxable","14":"purchasable","15":"product-type-simple"},"yoast_head":"<!-- This site is optimized with the Yoast SEO Premium plugin v24.9 (Yoast SEO v26.1) - https:\/\/yoast.com\/wordpress\/plugins\/seo\/ -->\n<title>picadora de carne o verduras especial para industra - distribuci\u00f3n ARC<\/title>\n<meta name=\"robots\" content=\"index, follow, max-snippet:-1, max-image-preview:large, max-video-preview:-1\" \/>\n<link rel=\"canonical\" href=\"https:\/\/distribucionarc.com\/it\/prodotto\/tritacarne-o-verdura-speciale-per-lindustria\/\" \/>\n<meta property=\"og:locale\" content=\"it_IT\" \/>\n<meta property=\"og:type\" content=\"article\" \/>\n<meta property=\"og:title\" content=\"picadora de carne o verduras especial para industra\" \/>\n<meta property=\"og:description\" content=\"ARCP V2 Picadora de carne 120kg \/h\u00a0 ?? 360w sistema inteligente integrado de bajo consumo.  picadora perfecta para carnicerias o empresas semi industriales que requieran gran cantidad de carne en el menor tiempo posible  toda nuestra maquinaria tiene garantia de 2 a\u00f1os  soporte tecnico en caso de averia  todo lo necesario para su negocio en un solo lugar\" \/>\n<meta property=\"og:url\" content=\"https:\/\/distribucionarc.com\/it\/prodotto\/tritacarne-o-verdura-speciale-per-lindustria\/\" \/>\n<meta property=\"og:site_name\" content=\"distribuci\u00f3n ARC\" \/>\n<meta property=\"article:modified_time\" content=\"2024-10-05T03:52:47+00:00\" \/>\n<meta property=\"og:image\" content=\"https:\/\/distribucionarc.com\/wp-content\/uploads\/2020\/06\/picadora-de-carne-verduras-especial-para-industra-0.jpg\" \/>\n\t<meta property=\"og:image:width\" content=\"1600\" \/>\n\t<meta property=\"og:image:height\" content=\"1600\" \/>\n\t<meta property=\"og:image:type\" content=\"image\/jpeg\" \/>\n<meta name=\"twitter:card\" content=\"summary_large_image\" \/>\n<meta name=\"twitter:label1\" content=\"Tempo di lettura stimato\" \/>\n\t<meta name=\"twitter:data1\" content=\"2 minuti\" \/>\n<script type=\"application\/ld+json\" class=\"yoast-schema-graph\">{\"@context\":\"https:\/\/schema.org\",\"@graph\":[{\"@type\":\"WebPage\",\"@id\":\"https:\/\/distribucionarc.com\/en\/producto\/picadora-de-carne-o-verduras-especial-para-industra\/\",\"url\":\"https:\/\/distribucionarc.com\/en\/producto\/picadora-de-carne-o-verduras-especial-para-industra\/\",\"name\":\"picadora de carne o verduras especial para industra - distribuci\u00f3n ARC\",\"isPartOf\":{\"@id\":\"https:\/\/distribucionarc.com\/ro\/#website\"},\"primaryImageOfPage\":{\"@id\":\"https:\/\/distribucionarc.com\/en\/producto\/picadora-de-carne-o-verduras-especial-para-industra\/#primaryimage\"},\"image\":{\"@id\":\"https:\/\/distribucionarc.com\/en\/producto\/picadora-de-carne-o-verduras-especial-para-industra\/#primaryimage\"},\"thumbnailUrl\":\"https:\/\/distribucionarc.com\/wp-content\/uploads\/2020\/06\/picadora-de-carne-verduras-especial-para-industra-0.jpg\",\"datePublished\":\"2020-06-19T20:07:04+00:00\",\"dateModified\":\"2024-10-05T03:52:47+00:00\",\"breadcrumb\":{\"@id\":\"https:\/\/distribucionarc.com\/en\/producto\/picadora-de-carne-o-verduras-especial-para-industra\/#breadcrumb\"},\"inLanguage\":\"it-IT\",\"potentialAction\":[{\"@type\":\"ReadAction\",\"target\":[\"https:\/\/distribucionarc.com\/en\/producto\/picadora-de-carne-o-verduras-especial-para-industra\/\"]}]},{\"@type\":\"ImageObject\",\"inLanguage\":\"it-IT\",\"@id\":\"https:\/\/distribucionarc.com\/en\/producto\/picadora-de-carne-o-verduras-especial-para-industra\/#primaryimage\",\"url\":\"https:\/\/distribucionarc.com\/wp-content\/uploads\/2020\/06\/picadora-de-carne-verduras-especial-para-industra-0.jpg\",\"contentUrl\":\"https:\/\/distribucionarc.com\/wp-content\/uploads\/2020\/06\/picadora-de-carne-verduras-especial-para-industra-0.jpg\",\"width\":1600,\"height\":1600},{\"@type\":\"BreadcrumbList\",\"@id\":\"https:\/\/distribucionarc.com\/en\/producto\/picadora-de-carne-o-verduras-especial-para-industra\/#breadcrumb\",\"itemListElement\":[{\"@type\":\"ListItem\",\"position\":1,\"name\":\"Portada\",\"item\":\"https:\/\/distribucionarc.com\/ar\/\"},{\"@type\":\"ListItem\",\"position\":2,\"name\":\"Proizvodi\",\"item\":\"https:\/\/www.distribucionarc.com\/hr\/ducan\/\"},{\"@type\":\"ListItem\",\"position\":3,\"name\":\"picadora de carne o verduras especial para industra\"}]},{\"@type\":\"WebSite\",\"@id\":\"https:\/\/distribucionarc.com\/ro\/#website\",\"url\":\"https:\/\/distribucionarc.com\/ro\/\",\"name\":\"distribuci\u00f3n ARC\",\"description\":\"Empresa especializada en la fabricaci\u00f3n y distribuci\u00f3n de maquinaria industrial, selladoras de latas, Maquinas de hacer pastillas, Maquinas de cortar carne...\",\"publisher\":{\"@id\":\"https:\/\/distribucionarc.com\/ro\/#organization\"},\"potentialAction\":[{\"@type\":\"SearchAction\",\"target\":{\"@type\":\"EntryPoint\",\"urlTemplate\":\"https:\/\/distribucionarc.com\/ro\/?s={search_term_string}\"},\"query-input\":{\"@type\":\"PropertyValueSpecification\",\"valueRequired\":true,\"valueName\":\"search_term_string\"}}],\"inLanguage\":\"it-IT\"},{\"@type\":\"Organization\",\"@id\":\"https:\/\/distribucionarc.com\/ro\/#organization\",\"name\":\"Distribuci\u00f3n ARC\",\"url\":\"https:\/\/distribucionarc.com\/ro\/\",\"logo\":{\"@type\":\"ImageObject\",\"inLanguage\":\"it-IT\",\"@id\":\"https:\/\/distribucionarc.com\/ro\/#\/schema\/logo\/image\/\",\"url\":\"https:\/\/distribucionarc.com\/wp-content\/uploads\/2024\/10\/distribucion-ARC-COLOR-SIN-FONDO-e1732295305345.png\",\"contentUrl\":\"https:\/\/distribucionarc.com\/wp-content\/uploads\/2024\/10\/distribucion-ARC-COLOR-SIN-FONDO-e1732295305345.png\",\"width\":1164,\"height\":558,\"caption\":\"Distribuci\u00f3n ARC\"},\"image\":{\"@id\":\"https:\/\/distribucionarc.com\/ro\/#\/schema\/logo\/image\/\"},\"description\":\"Empresa especializada en la fabricaci\u00f3n y distribuci\u00f3n de maquinaria industrial para los sectores alimentario y farmac\u00e9utico. Nos especializamos en: M\u00e1quinas de cortar carne Fabricaci\u00f3n de comprimidos Sistemas de transporte industrial L\u00edneas de embotellado Dosificadores Y mucho m\u00e1s... Ofrecemos soluciones innovadoras y personalizadas para optimizar los procesos productivos de tu empresa.\",\"email\":\"Admistracion@distribucionarc.com\",\"telephone\":\"+34 643496664\",\"legalName\":\"ARC TECH SOLUTIONS\",\"foundingDate\":\"2024-04-09\",\"vatID\":\"B55480172\",\"numberOfEmployees\":{\"@type\":\"QuantitativeValue\",\"minValue\":\"1\",\"maxValue\":\"10\"}}]}<\/script>\n<!-- \/ Yoast SEO Premium plugin. -->","yoast_head_json":{"title":"tritacarne o verdure speciali per l&#039;industria - distribuzione ARC","robots":{"index":"index","follow":"follow","max-snippet":"max-snippet:-1","max-image-preview":"max-image-preview:large","max-video-preview":"max-video-preview:-1"},"canonical":"https:\/\/distribucionarc.com\/it\/prodotto\/tritacarne-o-verdura-speciale-per-lindustria\/","og_locale":"it_IT","og_type":"article","og_title":"picadora de carne o verduras especial para industra","og_description":"ARCP V2 Picadora de carne 120kg \/h\u00a0 ?? 360w sistema inteligente integrado de bajo consumo.  picadora perfecta para carnicerias o empresas semi industriales que requieran gran cantidad de carne en el menor tiempo posible  toda nuestra maquinaria tiene garantia de 2 a\u00f1os  soporte tecnico en caso de averia  todo lo necesario para su negocio en un solo lugar","og_url":"https:\/\/distribucionarc.com\/it\/prodotto\/tritacarne-o-verdura-speciale-per-lindustria\/","og_site_name":"distribuci\u00f3n ARC","article_modified_time":"2024-10-05T03:52:47+00:00","og_image":[{"width":1600,"height":1600,"url":"https:\/\/distribucionarc.com\/wp-content\/uploads\/2020\/06\/picadora-de-carne-verduras-especial-para-industra-0.jpg","type":"image\/jpeg"}],"twitter_card":"summary_large_image","twitter_misc":{"Tempo di lettura stimato":"2 minuti"},"schema":{"@context":"https:\/\/schema.org","@graph":[{"@type":"WebPage","@id":"https:\/\/distribucionarc.com\/en\/producto\/picadora-de-carne-o-verduras-especial-para-industra\/","url":"https:\/\/distribucionarc.com\/en\/producto\/picadora-de-carne-o-verduras-especial-para-industra\/","name":"tritacarne o verdure speciali per l&#039;industria - distribuzione ARC","isPartOf":{"@id":"https:\/\/distribucionarc.com\/ro\/#website"},"primaryImageOfPage":{"@id":"https:\/\/distribucionarc.com\/en\/producto\/picadora-de-carne-o-verduras-especial-para-industra\/#primaryimage"},"image":{"@id":"https:\/\/distribucionarc.com\/en\/producto\/picadora-de-carne-o-verduras-especial-para-industra\/#primaryimage"},"thumbnailUrl":"https:\/\/distribucionarc.com\/wp-content\/uploads\/2020\/06\/picadora-de-carne-verduras-especial-para-industra-0.jpg","datePublished":"2020-06-19T20:07:04+00:00","dateModified":"2024-10-05T03:52:47+00:00","breadcrumb":{"@id":"https:\/\/distribucionarc.com\/en\/producto\/picadora-de-carne-o-verduras-especial-para-industra\/#breadcrumb"},"inLanguage":"it-IT","potentialAction":[{"@type":"ReadAction","target":["https:\/\/distribucionarc.com\/en\/producto\/picadora-de-carne-o-verduras-especial-para-industra\/"]}]},{"@type":"ImageObject","inLanguage":"it-IT","@id":"https:\/\/distribucionarc.com\/en\/producto\/picadora-de-carne-o-verduras-especial-para-industra\/#primaryimage","url":"https:\/\/distribucionarc.com\/wp-content\/uploads\/2020\/06\/picadora-de-carne-verduras-especial-para-industra-0.jpg","contentUrl":"https:\/\/distribucionarc.com\/wp-content\/uploads\/2020\/06\/picadora-de-carne-verduras-especial-para-industra-0.jpg","width":1600,"height":1600},{"@type":"BreadcrumbList","@id":"https:\/\/distribucionarc.com\/en\/producto\/picadora-de-carne-o-verduras-especial-para-industra\/#breadcrumb","itemListElement":[{"@type":"ListItem","position":1,"name":"Portada","item":"https:\/\/distribucionarc.com\/ar\/"},{"@type":"ListItem","position":2,"name":"Proizvodi","item":"https:\/\/www.distribucionarc.com\/hr\/ducan\/"},{"@type":"ListItem","position":3,"name":"picadora de carne o verduras especial para industra"}]},{"@type":"WebSite","@id":"https:\/\/distribucionarc.com\/ro\/#website","url":"https:\/\/distribucionarc.com\/ro\/","name":"Distribuzione dell&#039;ARCO","description":"Azienda specializzata nella produzione e distribuzione di macchinari industriali, macchine sigillatrici di lattine, macchine per la produzione di compresse, macchine per il taglio della carne...","publisher":{"@id":"https:\/\/distribucionarc.com\/ro\/#organization"},"potentialAction":[{"@type":"SearchAction","target":{"@type":"EntryPoint","urlTemplate":"https:\/\/distribucionarc.com\/ro\/?s={search_term_string}"},"query-input":{"@type":"PropertyValueSpecification","valueRequired":true,"valueName":"search_term_string"}}],"inLanguage":"it-IT"},{"@type":"Organization","@id":"https:\/\/distribucionarc.com\/ro\/#organization","name":"Distribuzione dell&#039;ARC","url":"https:\/\/distribucionarc.com\/ro\/","logo":{"@type":"ImageObject","inLanguage":"it-IT","@id":"https:\/\/distribucionarc.com\/ro\/#\/schema\/logo\/image\/","url":"https:\/\/distribucionarc.com\/wp-content\/uploads\/2024\/10\/distribucion-ARC-COLOR-SIN-FONDO-e1732295305345.png","contentUrl":"https:\/\/distribucionarc.com\/wp-content\/uploads\/2024\/10\/distribucion-ARC-COLOR-SIN-FONDO-e1732295305345.png","width":1164,"height":558,"caption":"Distribuci\u00f3n ARC"},"image":{"@id":"https:\/\/distribucionarc.com\/ro\/#\/schema\/logo\/image\/"},"description":"Azienda specializzata nella produzione e distribuzione di macchinari industriali per il settore alimentare e farmaceutico. Siamo specializzati in: Macchine per il taglio della carne Produzione di compresse Sistemi di trasporto industriale Linee di imbottigliamento Dispenser E molto altro ancora... Offriamo soluzioni innovative e personalizzate per ottimizzare i processi produttivi della vostra azienda.","email":"Admistracion@distribucionarc.com","telephone":"+34 643496664","legalName":"ARC TECH SOLUTIONS","foundingDate":"2024-04-09","vatID":"B55480172","numberOfEmployees":{"@type":"QuantitativeValue","minValue":"1","maxValue":"10"}}]}},"_links":{"self":[{"href":"https:\/\/distribucionarc.com\/it\/wp-json\/wp\/v2\/product\/687","targetHints":{"allow":["GET"]}}],"collection":[{"href":"https:\/\/distribucionarc.com\/it\/wp-json\/wp\/v2\/product"}],"about":[{"href":"https:\/\/distribucionarc.com\/it\/wp-json\/wp\/v2\/types\/product"}],"replies":[{"embeddable":true,"href":"https:\/\/distribucionarc.com\/it\/wp-json\/wp\/v2\/comments?post=687"}],"version-history":[{"count":0,"href":"https:\/\/distribucionarc.com\/it\/wp-json\/wp\/v2\/product\/687\/revisions"}],"wp:featuredmedia":[{"embeddable":true,"href":"https:\/\/distribucionarc.com\/it\/wp-json\/wp\/v2\/media\/690"}],"wp:attachment":[{"href":"https:\/\/distribucionarc.com\/it\/wp-json\/wp\/v2\/media?parent=687"}],"wp:term":[{"taxonomy":"product_brand","embeddable":true,"href":"https:\/\/distribucionarc.com\/it\/wp-json\/wp\/v2\/product_brand?post=687"},{"taxonomy":"product_cat","embeddable":true,"href":"https:\/\/distribucionarc.com\/it\/wp-json\/wp\/v2\/product_cat?post=687"},{"taxonomy":"product_tag","embeddable":true,"href":"https:\/\/distribucionarc.com\/it\/wp-json\/wp\/v2\/product_tag?post=687"}],"curies":[{"name":"wp","href":"https:\/\/api.w.org\/{rel}","templated":true}]}}