{"id":6892,"date":"2024-04-26T18:22:25","date_gmt":"2024-04-26T18:22:25","guid":{"rendered":"https:\/\/distribucionarc.com\/?post_type=product&#038;p=6892"},"modified":"2024-04-26T18:22:27","modified_gmt":"2024-04-26T18:22:27","slug":"mixer-v-frullatore-industriale-ad-alta-capacita","status":"publish","type":"product","link":"https:\/\/distribucionarc.com\/it\/producto\/mezcladora-v-blender-industrial-de-alta-capacidad\/","title":{"rendered":"MISCELATORE INDUSTRIALE V BLENDER AD ALTA CAPACIT\u00c0"},"content":{"rendered":"<p>Scopri il nostro<strong> V BLENDER Macchina industriale Specializzata nella miscelazione di materiali in polvere secca<\/strong>, perfetti per l&#039;industria farmaceutica, chimica e alimentare. Grazie alla sua avanzata trasmissione meccanica, i due cilindri in<strong> Forma a V<\/strong> Ruotano alternativamente per ottenere una miscela uniforme ed efficiente. Inoltre, il suo design intuitivo ne semplifica l&#039;utilizzo, semplificando i processi di produzione. Aumenta la qualit\u00e0 e l&#039;efficienza del tuo lavoro con la nostra soluzione innovativa.<\/p>\n<p>&nbsp;<\/p>\n<table>\n<tbody>\n<tr>\n<td width=\"71\">modello<\/td>\n<td width=\"71\">Volume corporeo (Litri)<\/td>\n<td width=\"71\">Volume di lavoro (Litri)<\/td>\n<td width=\"71\">Portata massima (KG)<\/td>\n<td width=\"71\">Capacit\u00e0 di leadership ottimale (g)<\/td>\n<td width=\"71\">Velocit\u00e0 del cilindro (giri\/min)<\/td>\n<td width=\"71\">Forza (chilowatt)<\/td>\n<td width=\"71\">Dimensioni complessive (millimetri)<\/td>\n<\/tr>\n<tr>\n<td width=\"71\">VARH-50<\/td>\n<td width=\"71\">50<\/td>\n<td width=\"71\">20<\/td>\n<td width=\"71\">20<\/td>\n<td width=\"71\">14<\/td>\n<td width=\"71\">15<\/td>\n<td width=\"71\">0.75<\/td>\n<td width=\"71\">1350*<\/p>\n<p>650*<\/p>\n<p>1160*<\/td>\n<\/tr>\n<tr>\n<td width=\"71\">VARH-100<\/td>\n<td width=\"71\">100<\/td>\n<td width=\"71\">40<\/td>\n<td width=\"71\">40<\/td>\n<td width=\"71\">28<\/td>\n<td width=\"71\">15<\/td>\n<td width=\"71\">1.1<\/td>\n<td width=\"71\">1580*<\/p>\n<p>650*<\/p>\n<p>1460*<\/td>\n<\/tr>\n<tr>\n<td width=\"71\">VARH-200<\/td>\n<td width=\"71\">200<\/td>\n<td width=\"71\">80<\/td>\n<td width=\"71\">80<\/td>\n<td width=\"71\">56<\/td>\n<td width=\"71\">15<\/td>\n<td width=\"71\">1.5<\/td>\n<td width=\"71\">1750*<\/p>\n<p>690*<\/p>\n<p>1600*<\/td>\n<\/tr>\n<tr>\n<td width=\"71\">VARH-300<\/td>\n<td width=\"71\">300<\/td>\n<td width=\"71\">120<\/td>\n<td width=\"71\">120<\/td>\n<td width=\"71\">84<\/td>\n<td width=\"71\">15<\/td>\n<td width=\"71\">1.5<\/td>\n<td width=\"71\">2015*<\/p>\n<p>720*<\/p>\n<p>1735*<\/td>\n<\/tr>\n<tr>\n<td width=\"71\">VARH-500<\/td>\n<td width=\"71\">500<\/td>\n<td width=\"71\">200<\/td>\n<td width=\"71\">200<\/td>\n<td width=\"71\">140<\/td>\n<td width=\"71\">13<\/td>\n<td width=\"71\">3.0<\/td>\n<td width=\"71\">2450*<\/p>\n<p>980*<\/p>\n<p>2050*<\/td>\n<\/tr>\n<tr>\n<td width=\"71\">VARH-1000<\/td>\n<td width=\"71\">1000<\/td>\n<td width=\"71\">400<\/td>\n<td width=\"71\">400<\/td>\n<td width=\"71\">280<\/td>\n<td width=\"71\">12<\/td>\n<td width=\"71\">4.0<\/td>\n<td width=\"71\">2950*<\/p>\n<p>1250*<\/p>\n<p>2800*<\/td>\n<\/tr>\n<tr>\n<td width=\"71\">VARH-2000<\/td>\n<td width=\"71\">2000<\/td>\n<td width=\"71\">800<\/td>\n<td width=\"71\">800<\/td>\n<td width=\"71\">560<\/td>\n<td width=\"71\">12<\/td>\n<td width=\"71\">7.5<\/td>\n<td width=\"71\">3500*<\/p>\n<p>1550*<\/p>\n<p>3200*<\/td>\n<\/tr>\n<\/tbody>\n<\/table>","protected":false},"excerpt":{"rendered":"<p>Scopri la nostra macchina industriale V BLENDER specializzata nella miscelazione di materiali in polvere secca, perfetta per il settore farmaceutico,<\/p>","protected":false},"featured_media":6906,"comment_status":"open","ping_status":"closed","template":"","meta":{"wds_primary_product_brand":0,"wds_primary_product_cat":0},"product_brand":[],"product_cat":[84],"product_tag":[],"class_list":{"0":"post-6892","1":"product","2":"type-product","3":"status-publish","4":"has-post-thumbnail","6":"product_cat-maquinas-para-hacer-pastillas","8":"first","9":"instock","10":"taxable","11":"shipping-taxable","12":"purchasable","13":"product-type-simple"},"yoast_head":"<!-- This site is optimized with the Yoast SEO Premium plugin v24.9 (Yoast SEO v26.1) - https:\/\/yoast.com\/wordpress\/plugins\/seo\/ -->\n<title>MEZCLADORA V BLENDER INDUSTRIAL DE ALTA CAPACIDAD - distribuci\u00f3n ARC<\/title>\n<meta name=\"robots\" content=\"index, follow, max-snippet:-1, max-image-preview:large, max-video-preview:-1\" \/>\n<link rel=\"canonical\" href=\"https:\/\/distribucionarc.com\/it\/prodotto\/mixer-v-frullatore-industriale-ad-alta-capacita\/\" \/>\n<meta property=\"og:locale\" content=\"it_IT\" \/>\n<meta property=\"og:type\" content=\"article\" \/>\n<meta property=\"og:title\" content=\"MEZCLADORA V BLENDER INDUSTRIAL DE ALTA CAPACIDAD\" \/>\n<meta property=\"og:description\" content=\"Descubre nuestra M\u00e1quina V BLENDER Industrial Especializada en la mezcla de materiales en polvo seco, perfecta para las industrias farmac\u00e9utica,\" \/>\n<meta property=\"og:url\" content=\"https:\/\/distribucionarc.com\/it\/prodotto\/mixer-v-frullatore-industriale-ad-alta-capacita\/\" \/>\n<meta property=\"og:site_name\" content=\"distribuci\u00f3n ARC\" \/>\n<meta property=\"article:modified_time\" content=\"2024-04-26T18:22:27+00:00\" \/>\n<meta property=\"og:image\" content=\"https:\/\/distribucionarc.com\/wp-content\/uploads\/2024\/04\/MEZCLADORA-V-BLENDER-INDUSTRIAL-DE-ALTA-CAPACIDAD.jpg\" \/>\n\t<meta property=\"og:image:width\" content=\"736\" \/>\n\t<meta property=\"og:image:height\" content=\"712\" \/>\n\t<meta property=\"og:image:type\" content=\"image\/jpeg\" \/>\n<meta name=\"twitter:card\" content=\"summary_large_image\" \/>\n<meta name=\"twitter:label1\" content=\"Tempo di lettura stimato\" \/>\n\t<meta name=\"twitter:data1\" content=\"1 minuto\" \/>\n<script type=\"application\/ld+json\" class=\"yoast-schema-graph\">{\"@context\":\"https:\/\/schema.org\",\"@graph\":[{\"@type\":\"WebPage\",\"@id\":\"https:\/\/distribucionarc.com\/tr\/producto\/mezcladora-v-blender-industrial-de-alta-capacidad\/\",\"url\":\"https:\/\/distribucionarc.com\/tr\/producto\/mezcladora-v-blender-industrial-de-alta-capacidad\/\",\"name\":\"MEZCLADORA V BLENDER INDUSTRIAL DE ALTA CAPACIDAD - distribuci\u00f3n ARC\",\"isPartOf\":{\"@id\":\"https:\/\/distribucionarc.com\/ro\/#website\"},\"primaryImageOfPage\":{\"@id\":\"https:\/\/distribucionarc.com\/tr\/producto\/mezcladora-v-blender-industrial-de-alta-capacidad\/#primaryimage\"},\"image\":{\"@id\":\"https:\/\/distribucionarc.com\/tr\/producto\/mezcladora-v-blender-industrial-de-alta-capacidad\/#primaryimage\"},\"thumbnailUrl\":\"https:\/\/distribucionarc.com\/wp-content\/uploads\/2024\/04\/MEZCLADORA-V-BLENDER-INDUSTRIAL-DE-ALTA-CAPACIDAD.jpg\",\"datePublished\":\"2024-04-26T18:22:25+00:00\",\"dateModified\":\"2024-04-26T18:22:27+00:00\",\"breadcrumb\":{\"@id\":\"https:\/\/distribucionarc.com\/tr\/producto\/mezcladora-v-blender-industrial-de-alta-capacidad\/#breadcrumb\"},\"inLanguage\":\"it-IT\",\"potentialAction\":[{\"@type\":\"ReadAction\",\"target\":[\"https:\/\/distribucionarc.com\/tr\/producto\/mezcladora-v-blender-industrial-de-alta-capacidad\/\"]}]},{\"@type\":\"ImageObject\",\"inLanguage\":\"it-IT\",\"@id\":\"https:\/\/distribucionarc.com\/tr\/producto\/mezcladora-v-blender-industrial-de-alta-capacidad\/#primaryimage\",\"url\":\"https:\/\/distribucionarc.com\/wp-content\/uploads\/2024\/04\/MEZCLADORA-V-BLENDER-INDUSTRIAL-DE-ALTA-CAPACIDAD.jpg\",\"contentUrl\":\"https:\/\/distribucionarc.com\/wp-content\/uploads\/2024\/04\/MEZCLADORA-V-BLENDER-INDUSTRIAL-DE-ALTA-CAPACIDAD.jpg\",\"width\":736,\"height\":712,\"caption\":\"#image_title\"},{\"@type\":\"BreadcrumbList\",\"@id\":\"https:\/\/distribucionarc.com\/tr\/producto\/mezcladora-v-blender-industrial-de-alta-capacidad\/#breadcrumb\",\"itemListElement\":[{\"@type\":\"ListItem\",\"position\":1,\"name\":\"Portada\",\"item\":\"https:\/\/distribucionarc.com\/ar\/\"},{\"@type\":\"ListItem\",\"position\":2,\"name\":\"Proizvodi\",\"item\":\"https:\/\/www.distribucionarc.com\/hr\/ducan\/\"},{\"@type\":\"ListItem\",\"position\":3,\"name\":\"MEZCLADORA V BLENDER INDUSTRIAL DE ALTA CAPACIDAD\"}]},{\"@type\":\"WebSite\",\"@id\":\"https:\/\/distribucionarc.com\/ro\/#website\",\"url\":\"https:\/\/distribucionarc.com\/ro\/\",\"name\":\"distribuci\u00f3n ARC\",\"description\":\"Empresa especializada en la fabricaci\u00f3n y distribuci\u00f3n de maquinaria industrial, selladoras de latas, Maquinas de hacer pastillas, Maquinas de cortar carne...\",\"publisher\":{\"@id\":\"https:\/\/distribucionarc.com\/ro\/#organization\"},\"potentialAction\":[{\"@type\":\"SearchAction\",\"target\":{\"@type\":\"EntryPoint\",\"urlTemplate\":\"https:\/\/distribucionarc.com\/ro\/?s={search_term_string}\"},\"query-input\":{\"@type\":\"PropertyValueSpecification\",\"valueRequired\":true,\"valueName\":\"search_term_string\"}}],\"inLanguage\":\"it-IT\"},{\"@type\":\"Organization\",\"@id\":\"https:\/\/distribucionarc.com\/ro\/#organization\",\"name\":\"Distribuci\u00f3n ARC\",\"url\":\"https:\/\/distribucionarc.com\/ro\/\",\"logo\":{\"@type\":\"ImageObject\",\"inLanguage\":\"it-IT\",\"@id\":\"https:\/\/distribucionarc.com\/ro\/#\/schema\/logo\/image\/\",\"url\":\"https:\/\/distribucionarc.com\/wp-content\/uploads\/2024\/10\/distribucion-ARC-COLOR-SIN-FONDO-e1732295305345.png\",\"contentUrl\":\"https:\/\/distribucionarc.com\/wp-content\/uploads\/2024\/10\/distribucion-ARC-COLOR-SIN-FONDO-e1732295305345.png\",\"width\":1164,\"height\":558,\"caption\":\"Distribuci\u00f3n ARC\"},\"image\":{\"@id\":\"https:\/\/distribucionarc.com\/ro\/#\/schema\/logo\/image\/\"},\"description\":\"Empresa especializada en la fabricaci\u00f3n y distribuci\u00f3n de maquinaria industrial para los sectores alimentario y farmac\u00e9utico. Nos especializamos en: M\u00e1quinas de cortar carne Fabricaci\u00f3n de comprimidos Sistemas de transporte industrial L\u00edneas de embotellado Dosificadores Y mucho m\u00e1s... Ofrecemos soluciones innovadoras y personalizadas para optimizar los procesos productivos de tu empresa.\",\"email\":\"Admistracion@distribucionarc.com\",\"telephone\":\"+34 643496664\",\"legalName\":\"ARC TECH SOLUTIONS\",\"foundingDate\":\"2024-04-09\",\"vatID\":\"B55480172\",\"numberOfEmployees\":{\"@type\":\"QuantitativeValue\",\"minValue\":\"1\",\"maxValue\":\"10\"}}]}<\/script>\n<!-- \/ Yoast SEO Premium plugin. -->","yoast_head_json":{"title":"MISCELATORE INDUSTRIALE A V AD ALTA CAPACIT\u00c0 - Distribuzione ad ARCO","robots":{"index":"index","follow":"follow","max-snippet":"max-snippet:-1","max-image-preview":"max-image-preview:large","max-video-preview":"max-video-preview:-1"},"canonical":"https:\/\/distribucionarc.com\/it\/prodotto\/mixer-v-frullatore-industriale-ad-alta-capacita\/","og_locale":"it_IT","og_type":"article","og_title":"MEZCLADORA V BLENDER INDUSTRIAL DE ALTA CAPACIDAD","og_description":"Descubre nuestra M\u00e1quina V BLENDER Industrial Especializada en la mezcla de materiales en polvo seco, perfecta para las industrias farmac\u00e9utica,","og_url":"https:\/\/distribucionarc.com\/it\/prodotto\/mixer-v-frullatore-industriale-ad-alta-capacita\/","og_site_name":"distribuci\u00f3n ARC","article_modified_time":"2024-04-26T18:22:27+00:00","og_image":[{"width":736,"height":712,"url":"https:\/\/distribucionarc.com\/wp-content\/uploads\/2024\/04\/MEZCLADORA-V-BLENDER-INDUSTRIAL-DE-ALTA-CAPACIDAD.jpg","type":"image\/jpeg"}],"twitter_card":"summary_large_image","twitter_misc":{"Tempo di lettura stimato":"1 minuto"},"schema":{"@context":"https:\/\/schema.org","@graph":[{"@type":"WebPage","@id":"https:\/\/distribucionarc.com\/tr\/producto\/mezcladora-v-blender-industrial-de-alta-capacidad\/","url":"https:\/\/distribucionarc.com\/tr\/producto\/mezcladora-v-blender-industrial-de-alta-capacidad\/","name":"MISCELATORE INDUSTRIALE A V AD ALTA CAPACIT\u00c0 - Distribuzione ad ARCO","isPartOf":{"@id":"https:\/\/distribucionarc.com\/ro\/#website"},"primaryImageOfPage":{"@id":"https:\/\/distribucionarc.com\/tr\/producto\/mezcladora-v-blender-industrial-de-alta-capacidad\/#primaryimage"},"image":{"@id":"https:\/\/distribucionarc.com\/tr\/producto\/mezcladora-v-blender-industrial-de-alta-capacidad\/#primaryimage"},"thumbnailUrl":"https:\/\/distribucionarc.com\/wp-content\/uploads\/2024\/04\/MEZCLADORA-V-BLENDER-INDUSTRIAL-DE-ALTA-CAPACIDAD.jpg","datePublished":"2024-04-26T18:22:25+00:00","dateModified":"2024-04-26T18:22:27+00:00","breadcrumb":{"@id":"https:\/\/distribucionarc.com\/tr\/producto\/mezcladora-v-blender-industrial-de-alta-capacidad\/#breadcrumb"},"inLanguage":"it-IT","potentialAction":[{"@type":"ReadAction","target":["https:\/\/distribucionarc.com\/tr\/producto\/mezcladora-v-blender-industrial-de-alta-capacidad\/"]}]},{"@type":"ImageObject","inLanguage":"it-IT","@id":"https:\/\/distribucionarc.com\/tr\/producto\/mezcladora-v-blender-industrial-de-alta-capacidad\/#primaryimage","url":"https:\/\/distribucionarc.com\/wp-content\/uploads\/2024\/04\/MEZCLADORA-V-BLENDER-INDUSTRIAL-DE-ALTA-CAPACIDAD.jpg","contentUrl":"https:\/\/distribucionarc.com\/wp-content\/uploads\/2024\/04\/MEZCLADORA-V-BLENDER-INDUSTRIAL-DE-ALTA-CAPACIDAD.jpg","width":736,"height":712,"caption":"#image_title"},{"@type":"BreadcrumbList","@id":"https:\/\/distribucionarc.com\/tr\/producto\/mezcladora-v-blender-industrial-de-alta-capacidad\/#breadcrumb","itemListElement":[{"@type":"ListItem","position":1,"name":"Portada","item":"https:\/\/distribucionarc.com\/ar\/"},{"@type":"ListItem","position":2,"name":"Proizvodi","item":"https:\/\/www.distribucionarc.com\/hr\/ducan\/"},{"@type":"ListItem","position":3,"name":"MEZCLADORA V BLENDER INDUSTRIAL DE ALTA CAPACIDAD"}]},{"@type":"WebSite","@id":"https:\/\/distribucionarc.com\/ro\/#website","url":"https:\/\/distribucionarc.com\/ro\/","name":"Distribuzione dell&#039;ARCO","description":"Azienda specializzata nella produzione e distribuzione di macchinari industriali, macchine sigillatrici di lattine, macchine per la produzione di compresse, macchine per il taglio della carne...","publisher":{"@id":"https:\/\/distribucionarc.com\/ro\/#organization"},"potentialAction":[{"@type":"SearchAction","target":{"@type":"EntryPoint","urlTemplate":"https:\/\/distribucionarc.com\/ro\/?s={search_term_string}"},"query-input":{"@type":"PropertyValueSpecification","valueRequired":true,"valueName":"search_term_string"}}],"inLanguage":"it-IT"},{"@type":"Organization","@id":"https:\/\/distribucionarc.com\/ro\/#organization","name":"Distribuzione dell&#039;ARC","url":"https:\/\/distribucionarc.com\/ro\/","logo":{"@type":"ImageObject","inLanguage":"it-IT","@id":"https:\/\/distribucionarc.com\/ro\/#\/schema\/logo\/image\/","url":"https:\/\/distribucionarc.com\/wp-content\/uploads\/2024\/10\/distribucion-ARC-COLOR-SIN-FONDO-e1732295305345.png","contentUrl":"https:\/\/distribucionarc.com\/wp-content\/uploads\/2024\/10\/distribucion-ARC-COLOR-SIN-FONDO-e1732295305345.png","width":1164,"height":558,"caption":"Distribuci\u00f3n ARC"},"image":{"@id":"https:\/\/distribucionarc.com\/ro\/#\/schema\/logo\/image\/"},"description":"Azienda specializzata nella produzione e distribuzione di macchinari industriali per il settore alimentare e farmaceutico. Siamo specializzati in: Macchine per il taglio della carne Produzione di compresse Sistemi di trasporto industriale Linee di imbottigliamento Dispenser E molto altro ancora... Offriamo soluzioni innovative e personalizzate per ottimizzare i processi produttivi della vostra azienda.","email":"Admistracion@distribucionarc.com","telephone":"+34 643496664","legalName":"ARC TECH SOLUTIONS","foundingDate":"2024-04-09","vatID":"B55480172","numberOfEmployees":{"@type":"QuantitativeValue","minValue":"1","maxValue":"10"}}]}},"_links":{"self":[{"href":"https:\/\/distribucionarc.com\/it\/wp-json\/wp\/v2\/product\/6892","targetHints":{"allow":["GET"]}}],"collection":[{"href":"https:\/\/distribucionarc.com\/it\/wp-json\/wp\/v2\/product"}],"about":[{"href":"https:\/\/distribucionarc.com\/it\/wp-json\/wp\/v2\/types\/product"}],"replies":[{"embeddable":true,"href":"https:\/\/distribucionarc.com\/it\/wp-json\/wp\/v2\/comments?post=6892"}],"version-history":[{"count":0,"href":"https:\/\/distribucionarc.com\/it\/wp-json\/wp\/v2\/product\/6892\/revisions"}],"wp:featuredmedia":[{"embeddable":true,"href":"https:\/\/distribucionarc.com\/it\/wp-json\/wp\/v2\/media\/6906"}],"wp:attachment":[{"href":"https:\/\/distribucionarc.com\/it\/wp-json\/wp\/v2\/media?parent=6892"}],"wp:term":[{"taxonomy":"product_brand","embeddable":true,"href":"https:\/\/distribucionarc.com\/it\/wp-json\/wp\/v2\/product_brand?post=6892"},{"taxonomy":"product_cat","embeddable":true,"href":"https:\/\/distribucionarc.com\/it\/wp-json\/wp\/v2\/product_cat?post=6892"},{"taxonomy":"product_tag","embeddable":true,"href":"https:\/\/distribucionarc.com\/it\/wp-json\/wp\/v2\/product_tag?post=6892"}],"curies":[{"name":"wp","href":"https:\/\/api.w.org\/{rel}","templated":true}]}}