{"id":6968,"date":"2024-04-27T06:43:40","date_gmt":"2024-04-27T06:43:40","guid":{"rendered":"https:\/\/distribucionarc.com\/?post_type=product&#038;p=6968"},"modified":"2024-04-27T06:43:42","modified_gmt":"2024-04-27T06:43:42","slug":"granulatore-rotativo-zarl-per-alimentazione-animale","status":"publish","type":"product","link":"https:\/\/distribucionarc.com\/it\/producto\/granulador-rotatorio-zarl-para-piensos-de-animales\/","title":{"rendered":"GRANULATORE ROTATIVO ZARL PER ALIMENTAZIONE ANIMALE"},"content":{"rendered":"<p>Scopri il <strong>Granulatore rotativo ZARL,<\/strong> uno strumento essenziale nelle industrie farmaceutiche e alimentari per la <strong>produzione di granuli<\/strong> alta qualit\u00e0. Questa attrezzatura ampiamente utilizzata pu\u00f2 convertire materiali misti in granuli precisi ed efficienti. Inoltre, ha la capacit\u00e0 di frantumare pezzi di scarto e blocchi di granuli secchi, perfetti per <strong>produzione e produzione di mangimi comunemente utilizzati nei mangimi per animali come pesci, uccelli e animali domestici. <\/strong>Appositamente progettato per materiali ad alta viscosit\u00e0, il granulatore rotativo ZARL garantisce un processo di produzione senza problemi e risultati eccezionali. Ottimizza la tua produzione e garantisci la qualit\u00e0 dei tuoi prodotti con questa soluzione all&#039;avanguardia!<\/p>\n<p>&nbsp;<\/p>\n<p>&nbsp;<\/p>\n<table>\n<tbody>\n<tr>\n<td width=\"283\">Modello<\/td>\n<td width=\"283\">ZARK-300<\/td>\n<\/tr>\n<tr>\n<td width=\"283\">Diametro del cilindro del setaccio (mm)<\/td>\n<td width=\"283\">300<\/td>\n<\/tr>\n<tr>\n<td width=\"283\">Diametro di granulazione (millimetri)<\/td>\n<td width=\"283\">1.8-2.5 pu\u00f2 essere personalizzato in base alle esigenze del cliente<\/td>\n<\/tr>\n<tr>\n<td width=\"283\">Potenza motore (kw)<\/td>\n<td width=\"283\">140-400<\/td>\n<\/tr>\n<tr>\n<td width=\"283\">Capacit\u00e0 produttiva (kg\/h)<\/td>\n<td width=\"283\">5.5<\/td>\n<\/tr>\n<tr>\n<td width=\"283\">Dimensioni complessive (millimetri)<\/td>\n<td width=\"283\">880*<\/p>\n<p>640*<\/p>\n<p>1300*<\/td>\n<\/tr>\n<tr>\n<td width=\"283\">Peso netto (kg)<\/td>\n<td width=\"283\">400<\/td>\n<\/tr>\n<\/tbody>\n<\/table>\n<p>&nbsp;<\/p>","protected":false},"excerpt":{"rendered":"<p>Scoprite il granulatore rotante ZARL, uno strumento essenziale nei settori farmaceutico e alimentare per la produzione di granuli.<\/p>","protected":false},"featured_media":6988,"comment_status":"open","ping_status":"closed","template":"","meta":{"wds_primary_product_brand":0,"wds_primary_product_cat":0},"product_brand":[],"product_cat":[84],"product_tag":[],"class_list":{"0":"post-6968","1":"product","2":"type-product","3":"status-publish","4":"has-post-thumbnail","6":"product_cat-maquinas-para-hacer-pastillas","8":"first","9":"instock","10":"taxable","11":"shipping-taxable","12":"purchasable","13":"product-type-simple"},"yoast_head":"<!-- This site is optimized with the Yoast SEO Premium plugin v24.9 (Yoast SEO v26.1) - https:\/\/yoast.com\/wordpress\/plugins\/seo\/ -->\n<title>GRANULADOR ROTATORIO ZARL PARA PIENSOS DE ANIMALES - distribuci\u00f3n ARC<\/title>\n<meta name=\"robots\" content=\"index, follow, max-snippet:-1, max-image-preview:large, max-video-preview:-1\" \/>\n<link rel=\"canonical\" href=\"https:\/\/www.distribucionarc.com\/it\/producto\/granulador-rotatorio-zarl-para-piensos-de-animales\/\" \/>\n<meta property=\"og:locale\" content=\"it_IT\" \/>\n<meta property=\"og:type\" content=\"article\" \/>\n<meta property=\"og:title\" content=\"GRANULADOR ROTATORIO ZARL PARA PIENSOS DE ANIMALES\" \/>\n<meta property=\"og:description\" content=\"Descubre el Granulador Rotatorio ZARL, una herramienta esencial en las industrias farmac\u00e9utica y alimentaria para la producci\u00f3n de gr\u00e1nulos de\" \/>\n<meta property=\"og:url\" content=\"https:\/\/www.distribucionarc.com\/it\/producto\/granulador-rotatorio-zarl-para-piensos-de-animales\/\" \/>\n<meta property=\"og:site_name\" content=\"distribuci\u00f3n ARC\" \/>\n<meta property=\"article:modified_time\" content=\"2024-04-27T06:43:42+00:00\" \/>\n<meta property=\"og:image\" content=\"https:\/\/www.distribucionarc.com\/wp-content\/uploads\/2024\/04\/GRANULADOR-ROTATORIO-ZARL-PARA-PIENSOS-DE-ANIMALES.webp\" \/>\n\t<meta property=\"og:image:width\" content=\"1128\" \/>\n\t<meta property=\"og:image:height\" content=\"1136\" \/>\n\t<meta property=\"og:image:type\" content=\"image\/webp\" \/>\n<meta name=\"twitter:card\" content=\"summary_large_image\" \/>\n<meta name=\"twitter:label1\" content=\"Tempo di lettura stimato\" \/>\n\t<meta name=\"twitter:data1\" content=\"1 minuto\" \/>\n<script type=\"application\/ld+json\" class=\"yoast-schema-graph\">{\"@context\":\"https:\/\/schema.org\",\"@graph\":[{\"@type\":\"WebPage\",\"@id\":\"https:\/\/www.distribucionarc.com\/it\/producto\/granulador-rotatorio-zarl-para-piensos-de-animales\/\",\"url\":\"https:\/\/www.distribucionarc.com\/it\/producto\/granulador-rotatorio-zarl-para-piensos-de-animales\/\",\"name\":\"GRANULADOR ROTATORIO ZARL PARA PIENSOS DE ANIMALES - distribuci\u00f3n ARC\",\"isPartOf\":{\"@id\":\"https:\/\/www.distribucionarc.com\/sl\/#website\"},\"primaryImageOfPage\":{\"@id\":\"https:\/\/www.distribucionarc.com\/it\/producto\/granulador-rotatorio-zarl-para-piensos-de-animales\/#primaryimage\"},\"image\":{\"@id\":\"https:\/\/www.distribucionarc.com\/it\/producto\/granulador-rotatorio-zarl-para-piensos-de-animales\/#primaryimage\"},\"thumbnailUrl\":\"https:\/\/distribucionarc.com\/wp-content\/uploads\/2024\/04\/GRANULADOR-ROTATORIO-ZARL-PARA-PIENSOS-DE-ANIMALES.webp\",\"datePublished\":\"2024-04-27T06:43:40+00:00\",\"dateModified\":\"2024-04-27T06:43:42+00:00\",\"breadcrumb\":{\"@id\":\"https:\/\/www.distribucionarc.com\/it\/producto\/granulador-rotatorio-zarl-para-piensos-de-animales\/#breadcrumb\"},\"inLanguage\":\"it-IT\",\"potentialAction\":[{\"@type\":\"ReadAction\",\"target\":[\"https:\/\/www.distribucionarc.com\/it\/producto\/granulador-rotatorio-zarl-para-piensos-de-animales\/\"]}]},{\"@type\":\"ImageObject\",\"inLanguage\":\"it-IT\",\"@id\":\"https:\/\/www.distribucionarc.com\/it\/producto\/granulador-rotatorio-zarl-para-piensos-de-animales\/#primaryimage\",\"url\":\"https:\/\/distribucionarc.com\/wp-content\/uploads\/2024\/04\/GRANULADOR-ROTATORIO-ZARL-PARA-PIENSOS-DE-ANIMALES.webp\",\"contentUrl\":\"https:\/\/distribucionarc.com\/wp-content\/uploads\/2024\/04\/GRANULADOR-ROTATORIO-ZARL-PARA-PIENSOS-DE-ANIMALES.webp\",\"width\":1128,\"height\":1136,\"caption\":\"#image_title\"},{\"@type\":\"BreadcrumbList\",\"@id\":\"https:\/\/www.distribucionarc.com\/it\/producto\/granulador-rotatorio-zarl-para-piensos-de-animales\/#breadcrumb\",\"itemListElement\":[{\"@type\":\"ListItem\",\"position\":1,\"name\":\"Portada\",\"item\":\"https:\/\/www.distribucionarc.com\/\"},{\"@type\":\"ListItem\",\"position\":2,\"name\":\"\u00dcr\u00fcnler\",\"item\":\"https:\/\/www.distribucionarc.com\/tr\/magaza\/\"},{\"@type\":\"ListItem\",\"position\":3,\"name\":\"GRANULADOR ROTATORIO ZARL PARA PIENSOS DE ANIMALES\"}]},{\"@type\":\"WebSite\",\"@id\":\"https:\/\/www.distribucionarc.com\/sl\/#website\",\"url\":\"https:\/\/www.distribucionarc.com\/sl\/\",\"name\":\"distribuci\u00f3n ARC\",\"description\":\"Empresa especializada en la fabricaci\u00f3n y distribuci\u00f3n de maquinaria industrial, selladoras de latas, Maquinas de hacer pastillas, Maquinas de cortar carne...\",\"publisher\":{\"@id\":\"https:\/\/www.distribucionarc.com\/sl\/#organization\"},\"potentialAction\":[{\"@type\":\"SearchAction\",\"target\":{\"@type\":\"EntryPoint\",\"urlTemplate\":\"https:\/\/www.distribucionarc.com\/sl\/?s={search_term_string}\"},\"query-input\":{\"@type\":\"PropertyValueSpecification\",\"valueRequired\":true,\"valueName\":\"search_term_string\"}}],\"inLanguage\":\"it-IT\"},{\"@type\":\"Organization\",\"@id\":\"https:\/\/www.distribucionarc.com\/sl\/#organization\",\"name\":\"Distribuci\u00f3n ARC\",\"url\":\"https:\/\/www.distribucionarc.com\/sl\/\",\"logo\":{\"@type\":\"ImageObject\",\"inLanguage\":\"it-IT\",\"@id\":\"https:\/\/www.distribucionarc.com\/sl\/#\/schema\/logo\/image\/\",\"url\":\"https:\/\/distribucionarc.com\/wp-content\/uploads\/2024\/10\/distribucion-ARC-COLOR-SIN-FONDO-e1732295305345.png\",\"contentUrl\":\"https:\/\/distribucionarc.com\/wp-content\/uploads\/2024\/10\/distribucion-ARC-COLOR-SIN-FONDO-e1732295305345.png\",\"width\":1164,\"height\":558,\"caption\":\"Distribuci\u00f3n ARC\"},\"image\":{\"@id\":\"https:\/\/www.distribucionarc.com\/sl\/#\/schema\/logo\/image\/\"},\"description\":\"Empresa especializada en la fabricaci\u00f3n y distribuci\u00f3n de maquinaria industrial para los sectores alimentario y farmac\u00e9utico. Nos especializamos en: M\u00e1quinas de cortar carne Fabricaci\u00f3n de comprimidos Sistemas de transporte industrial L\u00edneas de embotellado Dosificadores Y mucho m\u00e1s... Ofrecemos soluciones innovadoras y personalizadas para optimizar los procesos productivos de tu empresa.\",\"email\":\"Admistracion@distribucionarc.com\",\"telephone\":\"+34 643496664\",\"legalName\":\"ARC TECH SOLUTIONS\",\"foundingDate\":\"2024-04-09\",\"vatID\":\"B55480172\",\"numberOfEmployees\":{\"@type\":\"QuantitativeValue\",\"minValue\":\"1\",\"maxValue\":\"10\"}}]}<\/script>\n<!-- \/ Yoast SEO Premium plugin. -->","yoast_head_json":{"title":"GRANULATORE ROTATIVO ZARL PER ALIMENTI ANIMALI - Distribuzione ad ARCO","robots":{"index":"index","follow":"follow","max-snippet":"max-snippet:-1","max-image-preview":"max-image-preview:large","max-video-preview":"max-video-preview:-1"},"canonical":"https:\/\/www.distribucionarc.com\/it\/producto\/granulador-rotatorio-zarl-para-piensos-de-animales\/","og_locale":"it_IT","og_type":"article","og_title":"GRANULADOR ROTATORIO ZARL PARA PIENSOS DE ANIMALES","og_description":"Descubre el Granulador Rotatorio ZARL, una herramienta esencial en las industrias farmac\u00e9utica y alimentaria para la producci\u00f3n de gr\u00e1nulos de","og_url":"https:\/\/www.distribucionarc.com\/it\/producto\/granulador-rotatorio-zarl-para-piensos-de-animales\/","og_site_name":"distribuci\u00f3n ARC","article_modified_time":"2024-04-27T06:43:42+00:00","og_image":[{"width":1128,"height":1136,"url":"https:\/\/www.distribucionarc.com\/wp-content\/uploads\/2024\/04\/GRANULADOR-ROTATORIO-ZARL-PARA-PIENSOS-DE-ANIMALES.webp","type":"image\/webp"}],"twitter_card":"summary_large_image","twitter_misc":{"Tempo di lettura stimato":"1 minuto"},"schema":{"@context":"https:\/\/schema.org","@graph":[{"@type":"WebPage","@id":"https:\/\/www.distribucionarc.com\/it\/producto\/granulador-rotatorio-zarl-para-piensos-de-animales\/","url":"https:\/\/www.distribucionarc.com\/it\/producto\/granulador-rotatorio-zarl-para-piensos-de-animales\/","name":"GRANULATORE ROTATIVO ZARL PER ALIMENTI ANIMALI - Distribuzione ad ARCO","isPartOf":{"@id":"https:\/\/www.distribucionarc.com\/sl\/#website"},"primaryImageOfPage":{"@id":"https:\/\/www.distribucionarc.com\/it\/producto\/granulador-rotatorio-zarl-para-piensos-de-animales\/#primaryimage"},"image":{"@id":"https:\/\/www.distribucionarc.com\/it\/producto\/granulador-rotatorio-zarl-para-piensos-de-animales\/#primaryimage"},"thumbnailUrl":"https:\/\/distribucionarc.com\/wp-content\/uploads\/2024\/04\/GRANULADOR-ROTATORIO-ZARL-PARA-PIENSOS-DE-ANIMALES.webp","datePublished":"2024-04-27T06:43:40+00:00","dateModified":"2024-04-27T06:43:42+00:00","breadcrumb":{"@id":"https:\/\/www.distribucionarc.com\/it\/producto\/granulador-rotatorio-zarl-para-piensos-de-animales\/#breadcrumb"},"inLanguage":"it-IT","potentialAction":[{"@type":"ReadAction","target":["https:\/\/www.distribucionarc.com\/it\/producto\/granulador-rotatorio-zarl-para-piensos-de-animales\/"]}]},{"@type":"ImageObject","inLanguage":"it-IT","@id":"https:\/\/www.distribucionarc.com\/it\/producto\/granulador-rotatorio-zarl-para-piensos-de-animales\/#primaryimage","url":"https:\/\/distribucionarc.com\/wp-content\/uploads\/2024\/04\/GRANULADOR-ROTATORIO-ZARL-PARA-PIENSOS-DE-ANIMALES.webp","contentUrl":"https:\/\/distribucionarc.com\/wp-content\/uploads\/2024\/04\/GRANULADOR-ROTATORIO-ZARL-PARA-PIENSOS-DE-ANIMALES.webp","width":1128,"height":1136,"caption":"#image_title"},{"@type":"BreadcrumbList","@id":"https:\/\/www.distribucionarc.com\/it\/producto\/granulador-rotatorio-zarl-para-piensos-de-animales\/#breadcrumb","itemListElement":[{"@type":"ListItem","position":1,"name":"Portada","item":"https:\/\/www.distribucionarc.com\/"},{"@type":"ListItem","position":2,"name":"\u00dcr\u00fcnler","item":"https:\/\/www.distribucionarc.com\/tr\/magaza\/"},{"@type":"ListItem","position":3,"name":"GRANULADOR ROTATORIO ZARL PARA PIENSOS DE ANIMALES"}]},{"@type":"WebSite","@id":"https:\/\/www.distribucionarc.com\/sl\/#website","url":"https:\/\/www.distribucionarc.com\/sl\/","name":"Distribuzione dell&#039;ARCO","description":"Azienda specializzata nella produzione e distribuzione di macchinari industriali, macchine sigillatrici di lattine, macchine per la produzione di compresse, macchine per il taglio della carne...","publisher":{"@id":"https:\/\/www.distribucionarc.com\/sl\/#organization"},"potentialAction":[{"@type":"SearchAction","target":{"@type":"EntryPoint","urlTemplate":"https:\/\/www.distribucionarc.com\/sl\/?s={search_term_string}"},"query-input":{"@type":"PropertyValueSpecification","valueRequired":true,"valueName":"search_term_string"}}],"inLanguage":"it-IT"},{"@type":"Organization","@id":"https:\/\/www.distribucionarc.com\/sl\/#organization","name":"Distribuzione dell&#039;ARC","url":"https:\/\/www.distribucionarc.com\/sl\/","logo":{"@type":"ImageObject","inLanguage":"it-IT","@id":"https:\/\/www.distribucionarc.com\/sl\/#\/schema\/logo\/image\/","url":"https:\/\/distribucionarc.com\/wp-content\/uploads\/2024\/10\/distribucion-ARC-COLOR-SIN-FONDO-e1732295305345.png","contentUrl":"https:\/\/distribucionarc.com\/wp-content\/uploads\/2024\/10\/distribucion-ARC-COLOR-SIN-FONDO-e1732295305345.png","width":1164,"height":558,"caption":"Distribuci\u00f3n ARC"},"image":{"@id":"https:\/\/www.distribucionarc.com\/sl\/#\/schema\/logo\/image\/"},"description":"Azienda specializzata nella produzione e distribuzione di macchinari industriali per il settore alimentare e farmaceutico. Siamo specializzati in: Macchine per il taglio della carne Produzione di compresse Sistemi di trasporto industriale Linee di imbottigliamento Dispenser E molto altro ancora... Offriamo soluzioni innovative e personalizzate per ottimizzare i processi produttivi della vostra azienda.","email":"Admistracion@distribucionarc.com","telephone":"+34 643496664","legalName":"ARC TECH SOLUTIONS","foundingDate":"2024-04-09","vatID":"B55480172","numberOfEmployees":{"@type":"QuantitativeValue","minValue":"1","maxValue":"10"}}]}},"_links":{"self":[{"href":"https:\/\/distribucionarc.com\/it\/wp-json\/wp\/v2\/product\/6968","targetHints":{"allow":["GET"]}}],"collection":[{"href":"https:\/\/distribucionarc.com\/it\/wp-json\/wp\/v2\/product"}],"about":[{"href":"https:\/\/distribucionarc.com\/it\/wp-json\/wp\/v2\/types\/product"}],"replies":[{"embeddable":true,"href":"https:\/\/distribucionarc.com\/it\/wp-json\/wp\/v2\/comments?post=6968"}],"version-history":[{"count":0,"href":"https:\/\/distribucionarc.com\/it\/wp-json\/wp\/v2\/product\/6968\/revisions"}],"wp:featuredmedia":[{"embeddable":true,"href":"https:\/\/distribucionarc.com\/it\/wp-json\/wp\/v2\/media\/6988"}],"wp:attachment":[{"href":"https:\/\/distribucionarc.com\/it\/wp-json\/wp\/v2\/media?parent=6968"}],"wp:term":[{"taxonomy":"product_brand","embeddable":true,"href":"https:\/\/distribucionarc.com\/it\/wp-json\/wp\/v2\/product_brand?post=6968"},{"taxonomy":"product_cat","embeddable":true,"href":"https:\/\/distribucionarc.com\/it\/wp-json\/wp\/v2\/product_cat?post=6968"},{"taxonomy":"product_tag","embeddable":true,"href":"https:\/\/distribucionarc.com\/it\/wp-json\/wp\/v2\/product_tag?post=6968"}],"curies":[{"name":"wp","href":"https:\/\/api.w.org\/{rel}","templated":true}]}}