{"id":7052,"date":"2024-05-06T15:19:21","date_gmt":"2024-05-06T15:19:21","guid":{"rendered":"https:\/\/distribucionarc.com\/?post_type=product&#038;p=7052"},"modified":"2024-05-06T15:19:23","modified_gmt":"2024-05-06T15:19:23","slug":"lucidatore-per-capsule-di-cannabis","status":"publish","type":"product","link":"https:\/\/distribucionarc.com\/it\/producto\/pulidora-de-capsulas-de-cannabis\/","title":{"rendered":"LUCIDATRICE PER CAPSULE DI CANNABIS"},"content":{"rendered":"<p>Scopri il <strong>Lucidatrice per capsule YARJP-A<\/strong>, progettato specificamente per <strong>capsule di estratti di piante medicinali come la cannabis<\/strong> nelle taglie #00-5. Questa apparecchiatura rimuove efficacemente la polvere senza danneggiare la capsula, garantendo una presentazione impeccabile dei vostri prodotti. Realizzato in materiale SS304 di alta qualit\u00e0, garantisce un contatto parziale sicuro con la materia prima e soddisfa gli standard GMP di buone pratiche di fabbricazione. Inoltre, il <strong>Lucidatrice per capsule YARJP-A<\/strong> Pu\u00f2 essere dotato di un alimentatore speciale per il collegamento ad una riempitrice automatica, facilitandone l&#039;integrazione nella vostra linea di produzione. Ottimizza i tuoi processi e garantisci la qualit\u00e0 del tuo <strong>capsule di cannabis<\/strong> con questa soluzione avanzata e affidabile.<\/p>\n<p>&nbsp;<\/p>\n<table>\n<tbody>\n<tr>\n<td width=\"283\">Modello<\/td>\n<td width=\"283\">YARJP-A<\/td>\n<\/tr>\n<tr>\n<td width=\"283\">Produttivit\u00e0<\/td>\n<td width=\"283\">150000 unit\u00e0\/h<\/td>\n<\/tr>\n<tr>\n<td width=\"283\">Alimentazione elettrica<\/td>\n<td width=\"283\">220V,50Hz<\/td>\n<\/tr>\n<tr>\n<td width=\"283\">pressione negativa<\/td>\n<td width=\"283\">2,7 m3\/min-0,014 MPa<\/td>\n<\/tr>\n<tr>\n<td width=\"283\">Dimensioni dell&#039;attrezzatura (mm)<\/td>\n<td width=\"283\">1025*<\/p>\n<p>550*<\/p>\n<p>900*<\/td>\n<\/tr>\n<tr>\n<td width=\"283\">Dimensioni della confezione (millimetri)<\/td>\n<td width=\"283\">1130*<\/p>\n<p>620*<\/p>\n<p>750*<\/td>\n<\/tr>\n<tr>\n<td width=\"283\">Peso netto (kg)<\/td>\n<td width=\"283\">40KG<\/td>\n<\/tr>\n<tr>\n<td width=\"283\">Peso lordo (kg)<\/td>\n<td width=\"283\">50KG<\/td>\n<\/tr>\n<\/tbody>\n<\/table>","protected":false},"excerpt":{"rendered":"<p>Scopri la lucidatrice per capsule YARJP-A, progettata specificamente per capsule di estratti di piante medicinali come la cannabis, nelle misure #00-5.<\/p>","protected":false},"featured_media":7053,"comment_status":"open","ping_status":"closed","template":"","meta":{"wds_primary_product_brand":0,"wds_primary_product_cat":0},"product_brand":[],"product_cat":[84],"product_tag":[],"class_list":{"0":"post-7052","1":"product","2":"type-product","3":"status-publish","4":"has-post-thumbnail","6":"product_cat-maquinas-para-hacer-pastillas","8":"first","9":"instock","10":"taxable","11":"shipping-taxable","12":"product-type-simple"},"yoast_head":"<!-- This site is optimized with the Yoast SEO Premium plugin v24.9 (Yoast SEO v26.1) - https:\/\/yoast.com\/wordpress\/plugins\/seo\/ -->\n<title>PULIDORA DE CAPSULAS DE CANNABIS - distribuci\u00f3n ARC<\/title>\n<meta name=\"robots\" content=\"index, follow, max-snippet:-1, max-image-preview:large, max-video-preview:-1\" \/>\n<link rel=\"canonical\" href=\"https:\/\/www.distribucionarc.com\/sk\/producto\/pulidora-de-capsulas-de-cannabis\/\" \/>\n<meta property=\"og:locale\" content=\"it_IT\" \/>\n<meta property=\"og:type\" content=\"article\" \/>\n<meta property=\"og:title\" content=\"PULIDORA DE CAPSULAS DE CANNABIS\" \/>\n<meta property=\"og:description\" content=\"Descubre el Pulidor de C\u00e1psulas YARJP-A, dise\u00f1ado espec\u00edficamente para c\u00e1psulas de extracto de plantas medicinales como cannabis en tama\u00f1os #00-5.\" \/>\n<meta property=\"og:url\" content=\"https:\/\/www.distribucionarc.com\/sk\/producto\/pulidora-de-capsulas-de-cannabis\/\" \/>\n<meta property=\"og:site_name\" content=\"distribuci\u00f3n ARC\" \/>\n<meta property=\"article:modified_time\" content=\"2024-05-06T15:19:23+00:00\" \/>\n<meta property=\"og:image\" content=\"https:\/\/www.distribucionarc.com\/wp-content\/uploads\/2024\/05\/PULIDORA-DE-CAPSULAS-DE-PLANTAS-DE-CANNABIS.webp\" \/>\n\t<meta property=\"og:image:width\" content=\"1184\" \/>\n\t<meta property=\"og:image:height\" content=\"1096\" \/>\n\t<meta property=\"og:image:type\" content=\"image\/webp\" \/>\n<meta name=\"twitter:card\" content=\"summary_large_image\" \/>\n<meta name=\"twitter:label1\" content=\"Tempo di lettura stimato\" \/>\n\t<meta name=\"twitter:data1\" content=\"1 minuto\" \/>\n<script type=\"application\/ld+json\" class=\"yoast-schema-graph\">{\"@context\":\"https:\/\/schema.org\",\"@graph\":[{\"@type\":\"WebPage\",\"@id\":\"https:\/\/www.distribucionarc.com\/sk\/producto\/pulidora-de-capsulas-de-cannabis\/\",\"url\":\"https:\/\/www.distribucionarc.com\/sk\/producto\/pulidora-de-capsulas-de-cannabis\/\",\"name\":\"PULIDORA DE CAPSULAS DE CANNABIS - distribuci\u00f3n ARC\",\"isPartOf\":{\"@id\":\"https:\/\/www.distribucionarc.com\/tr\/#website\"},\"primaryImageOfPage\":{\"@id\":\"https:\/\/www.distribucionarc.com\/sk\/producto\/pulidora-de-capsulas-de-cannabis\/#primaryimage\"},\"image\":{\"@id\":\"https:\/\/www.distribucionarc.com\/sk\/producto\/pulidora-de-capsulas-de-cannabis\/#primaryimage\"},\"thumbnailUrl\":\"https:\/\/distribucionarc.com\/wp-content\/uploads\/2024\/05\/PULIDORA-DE-CAPSULAS-DE-PLANTAS-DE-CANNABIS.webp\",\"datePublished\":\"2024-05-06T15:19:21+00:00\",\"dateModified\":\"2024-05-06T15:19:23+00:00\",\"breadcrumb\":{\"@id\":\"https:\/\/www.distribucionarc.com\/sk\/producto\/pulidora-de-capsulas-de-cannabis\/#breadcrumb\"},\"inLanguage\":\"it-IT\",\"potentialAction\":[{\"@type\":\"ReadAction\",\"target\":[\"https:\/\/www.distribucionarc.com\/sk\/producto\/pulidora-de-capsulas-de-cannabis\/\"]}]},{\"@type\":\"ImageObject\",\"inLanguage\":\"it-IT\",\"@id\":\"https:\/\/www.distribucionarc.com\/sk\/producto\/pulidora-de-capsulas-de-cannabis\/#primaryimage\",\"url\":\"https:\/\/distribucionarc.com\/wp-content\/uploads\/2024\/05\/PULIDORA-DE-CAPSULAS-DE-PLANTAS-DE-CANNABIS.webp\",\"contentUrl\":\"https:\/\/distribucionarc.com\/wp-content\/uploads\/2024\/05\/PULIDORA-DE-CAPSULAS-DE-PLANTAS-DE-CANNABIS.webp\",\"width\":1184,\"height\":1096,\"caption\":\"#image_title\"},{\"@type\":\"BreadcrumbList\",\"@id\":\"https:\/\/www.distribucionarc.com\/sk\/producto\/pulidora-de-capsulas-de-cannabis\/#breadcrumb\",\"itemListElement\":[{\"@type\":\"ListItem\",\"position\":1,\"name\":\"Portada\",\"item\":\"https:\/\/www.distribucionarc.com\/tr\/\"},{\"@type\":\"ListItem\",\"position\":2,\"name\":\"Produktai\",\"item\":\"https:\/\/distribucionarc.com\/lt\/parduotuve\/\"},{\"@type\":\"ListItem\",\"position\":3,\"name\":\"PULIDORA DE CAPSULAS DE CANNABIS\"}]},{\"@type\":\"WebSite\",\"@id\":\"https:\/\/www.distribucionarc.com\/tr\/#website\",\"url\":\"https:\/\/www.distribucionarc.com\/tr\/\",\"name\":\"distribuci\u00f3n ARC\",\"description\":\"Empresa especializada en la fabricaci\u00f3n y distribuci\u00f3n de maquinaria industrial, selladoras de latas, Maquinas de hacer pastillas, Maquinas de cortar carne...\",\"publisher\":{\"@id\":\"https:\/\/www.distribucionarc.com\/tr\/#organization\"},\"potentialAction\":[{\"@type\":\"SearchAction\",\"target\":{\"@type\":\"EntryPoint\",\"urlTemplate\":\"https:\/\/www.distribucionarc.com\/tr\/?s={search_term_string}\"},\"query-input\":{\"@type\":\"PropertyValueSpecification\",\"valueRequired\":true,\"valueName\":\"search_term_string\"}}],\"inLanguage\":\"it-IT\"},{\"@type\":\"Organization\",\"@id\":\"https:\/\/www.distribucionarc.com\/tr\/#organization\",\"name\":\"Distribuci\u00f3n ARC\",\"url\":\"https:\/\/www.distribucionarc.com\/tr\/\",\"logo\":{\"@type\":\"ImageObject\",\"inLanguage\":\"it-IT\",\"@id\":\"https:\/\/www.distribucionarc.com\/tr\/#\/schema\/logo\/image\/\",\"url\":\"https:\/\/distribucionarc.com\/wp-content\/uploads\/2024\/10\/distribucion-ARC-COLOR-SIN-FONDO-e1732295305345.png\",\"contentUrl\":\"https:\/\/distribucionarc.com\/wp-content\/uploads\/2024\/10\/distribucion-ARC-COLOR-SIN-FONDO-e1732295305345.png\",\"width\":1164,\"height\":558,\"caption\":\"Distribuci\u00f3n ARC\"},\"image\":{\"@id\":\"https:\/\/www.distribucionarc.com\/tr\/#\/schema\/logo\/image\/\"},\"description\":\"Empresa especializada en la fabricaci\u00f3n y distribuci\u00f3n de maquinaria industrial para los sectores alimentario y farmac\u00e9utico. Nos especializamos en: M\u00e1quinas de cortar carne Fabricaci\u00f3n de comprimidos Sistemas de transporte industrial L\u00edneas de embotellado Dosificadores Y mucho m\u00e1s... Ofrecemos soluciones innovadoras y personalizadas para optimizar los procesos productivos de tu empresa.\",\"email\":\"Admistracion@distribucionarc.com\",\"telephone\":\"+34 643496664\",\"legalName\":\"ARC TECH SOLUTIONS\",\"foundingDate\":\"2024-04-09\",\"vatID\":\"B55480172\",\"numberOfEmployees\":{\"@type\":\"QuantitativeValue\",\"minValue\":\"1\",\"maxValue\":\"10\"}}]}<\/script>\n<!-- \/ Yoast SEO Premium plugin. -->","yoast_head_json":{"title":"LUCIDATORE PER CAPSULE DI CANNABIS - Distribuzione ARC","robots":{"index":"index","follow":"follow","max-snippet":"max-snippet:-1","max-image-preview":"max-image-preview:large","max-video-preview":"max-video-preview:-1"},"canonical":"https:\/\/www.distribucionarc.com\/sk\/producto\/pulidora-de-capsulas-de-cannabis\/","og_locale":"it_IT","og_type":"article","og_title":"PULIDORA DE CAPSULAS DE CANNABIS","og_description":"Descubre el Pulidor de C\u00e1psulas YARJP-A, dise\u00f1ado espec\u00edficamente para c\u00e1psulas de extracto de plantas medicinales como cannabis en tama\u00f1os #00-5.","og_url":"https:\/\/www.distribucionarc.com\/sk\/producto\/pulidora-de-capsulas-de-cannabis\/","og_site_name":"distribuci\u00f3n ARC","article_modified_time":"2024-05-06T15:19:23+00:00","og_image":[{"width":1184,"height":1096,"url":"https:\/\/www.distribucionarc.com\/wp-content\/uploads\/2024\/05\/PULIDORA-DE-CAPSULAS-DE-PLANTAS-DE-CANNABIS.webp","type":"image\/webp"}],"twitter_card":"summary_large_image","twitter_misc":{"Tempo di lettura stimato":"1 minuto"},"schema":{"@context":"https:\/\/schema.org","@graph":[{"@type":"WebPage","@id":"https:\/\/www.distribucionarc.com\/sk\/producto\/pulidora-de-capsulas-de-cannabis\/","url":"https:\/\/www.distribucionarc.com\/sk\/producto\/pulidora-de-capsulas-de-cannabis\/","name":"LUCIDATORE PER CAPSULE DI CANNABIS - Distribuzione ARC","isPartOf":{"@id":"https:\/\/www.distribucionarc.com\/tr\/#website"},"primaryImageOfPage":{"@id":"https:\/\/www.distribucionarc.com\/sk\/producto\/pulidora-de-capsulas-de-cannabis\/#primaryimage"},"image":{"@id":"https:\/\/www.distribucionarc.com\/sk\/producto\/pulidora-de-capsulas-de-cannabis\/#primaryimage"},"thumbnailUrl":"https:\/\/distribucionarc.com\/wp-content\/uploads\/2024\/05\/PULIDORA-DE-CAPSULAS-DE-PLANTAS-DE-CANNABIS.webp","datePublished":"2024-05-06T15:19:21+00:00","dateModified":"2024-05-06T15:19:23+00:00","breadcrumb":{"@id":"https:\/\/www.distribucionarc.com\/sk\/producto\/pulidora-de-capsulas-de-cannabis\/#breadcrumb"},"inLanguage":"it-IT","potentialAction":[{"@type":"ReadAction","target":["https:\/\/www.distribucionarc.com\/sk\/producto\/pulidora-de-capsulas-de-cannabis\/"]}]},{"@type":"ImageObject","inLanguage":"it-IT","@id":"https:\/\/www.distribucionarc.com\/sk\/producto\/pulidora-de-capsulas-de-cannabis\/#primaryimage","url":"https:\/\/distribucionarc.com\/wp-content\/uploads\/2024\/05\/PULIDORA-DE-CAPSULAS-DE-PLANTAS-DE-CANNABIS.webp","contentUrl":"https:\/\/distribucionarc.com\/wp-content\/uploads\/2024\/05\/PULIDORA-DE-CAPSULAS-DE-PLANTAS-DE-CANNABIS.webp","width":1184,"height":1096,"caption":"#image_title"},{"@type":"BreadcrumbList","@id":"https:\/\/www.distribucionarc.com\/sk\/producto\/pulidora-de-capsulas-de-cannabis\/#breadcrumb","itemListElement":[{"@type":"ListItem","position":1,"name":"Portada","item":"https:\/\/www.distribucionarc.com\/tr\/"},{"@type":"ListItem","position":2,"name":"Produktai","item":"https:\/\/distribucionarc.com\/lt\/parduotuve\/"},{"@type":"ListItem","position":3,"name":"PULIDORA DE CAPSULAS DE CANNABIS"}]},{"@type":"WebSite","@id":"https:\/\/www.distribucionarc.com\/tr\/#website","url":"https:\/\/www.distribucionarc.com\/tr\/","name":"Distribuzione dell&#039;ARCO","description":"Azienda specializzata nella produzione e distribuzione di macchinari industriali, macchine sigillatrici di lattine, macchine per la produzione di compresse, macchine per il taglio della carne...","publisher":{"@id":"https:\/\/www.distribucionarc.com\/tr\/#organization"},"potentialAction":[{"@type":"SearchAction","target":{"@type":"EntryPoint","urlTemplate":"https:\/\/www.distribucionarc.com\/tr\/?s={search_term_string}"},"query-input":{"@type":"PropertyValueSpecification","valueRequired":true,"valueName":"search_term_string"}}],"inLanguage":"it-IT"},{"@type":"Organization","@id":"https:\/\/www.distribucionarc.com\/tr\/#organization","name":"Distribuzione dell&#039;ARC","url":"https:\/\/www.distribucionarc.com\/tr\/","logo":{"@type":"ImageObject","inLanguage":"it-IT","@id":"https:\/\/www.distribucionarc.com\/tr\/#\/schema\/logo\/image\/","url":"https:\/\/distribucionarc.com\/wp-content\/uploads\/2024\/10\/distribucion-ARC-COLOR-SIN-FONDO-e1732295305345.png","contentUrl":"https:\/\/distribucionarc.com\/wp-content\/uploads\/2024\/10\/distribucion-ARC-COLOR-SIN-FONDO-e1732295305345.png","width":1164,"height":558,"caption":"Distribuci\u00f3n ARC"},"image":{"@id":"https:\/\/www.distribucionarc.com\/tr\/#\/schema\/logo\/image\/"},"description":"Azienda specializzata nella produzione e distribuzione di macchinari industriali per il settore alimentare e farmaceutico. Siamo specializzati in: Macchine per il taglio della carne Produzione di compresse Sistemi di trasporto industriale Linee di imbottigliamento Dispenser E molto altro ancora... Offriamo soluzioni innovative e personalizzate per ottimizzare i processi produttivi della vostra azienda.","email":"Admistracion@distribucionarc.com","telephone":"+34 643496664","legalName":"ARC TECH SOLUTIONS","foundingDate":"2024-04-09","vatID":"B55480172","numberOfEmployees":{"@type":"QuantitativeValue","minValue":"1","maxValue":"10"}}]}},"_links":{"self":[{"href":"https:\/\/distribucionarc.com\/it\/wp-json\/wp\/v2\/product\/7052","targetHints":{"allow":["GET"]}}],"collection":[{"href":"https:\/\/distribucionarc.com\/it\/wp-json\/wp\/v2\/product"}],"about":[{"href":"https:\/\/distribucionarc.com\/it\/wp-json\/wp\/v2\/types\/product"}],"replies":[{"embeddable":true,"href":"https:\/\/distribucionarc.com\/it\/wp-json\/wp\/v2\/comments?post=7052"}],"version-history":[{"count":0,"href":"https:\/\/distribucionarc.com\/it\/wp-json\/wp\/v2\/product\/7052\/revisions"}],"wp:featuredmedia":[{"embeddable":true,"href":"https:\/\/distribucionarc.com\/it\/wp-json\/wp\/v2\/media\/7053"}],"wp:attachment":[{"href":"https:\/\/distribucionarc.com\/it\/wp-json\/wp\/v2\/media?parent=7052"}],"wp:term":[{"taxonomy":"product_brand","embeddable":true,"href":"https:\/\/distribucionarc.com\/it\/wp-json\/wp\/v2\/product_brand?post=7052"},{"taxonomy":"product_cat","embeddable":true,"href":"https:\/\/distribucionarc.com\/it\/wp-json\/wp\/v2\/product_cat?post=7052"},{"taxonomy":"product_tag","embeddable":true,"href":"https:\/\/distribucionarc.com\/it\/wp-json\/wp\/v2\/product_tag?post=7052"}],"curies":[{"name":"wp","href":"https:\/\/api.w.org\/{rel}","templated":true}]}}