{"id":7059,"date":"2024-05-06T16:41:28","date_gmt":"2024-05-06T16:41:28","guid":{"rendered":"https:\/\/distribucionarc.com\/?post_type=product&#038;p=7059"},"modified":"2024-05-06T16:41:30","modified_gmt":"2024-05-06T16:41:30","slug":"macchina-per-la-selezione-e-lucidatura-delle-capsule","status":"publish","type":"product","link":"https:\/\/distribucionarc.com\/it\/producto\/clasificadora-y-pulidora-de-capsulas\/","title":{"rendered":"MACCHINA PER SELEZIONE E LUCIDATURA DELLE CAPSULE"},"content":{"rendered":"<p>Scopri il <strong>FARJP-A Macchina per la selezione e la lucidatura delle capsule<\/strong>, progettato per capsule nelle dimensioni #00-5, che rimuove la polvere senza danneggiare la capsula e pu\u00f2 separare automaticamente le capsule non qualificate. Inoltre, questa macchina pu\u00f2 essere dotata di un alimentatore speciale per il collegamento con una riempitrice automatica, facilitandone l&#039;integrazione nella linea di produzione. Ottimizza i tuoi processi e garantisci la qualit\u00e0 dei tuoi prodotti con questa soluzione avanzata e affidabile.<\/p>\n<p>&nbsp;<\/p>\n<table>\n<tbody>\n<tr>\n<td width=\"283\">Modello<\/td>\n<td width=\"283\">FARJP-A<\/td>\n<\/tr>\n<tr>\n<td width=\"283\">Produttivit\u00e0 (unit\u00e0\/ora)<\/td>\n<td width=\"283\">300000<\/td>\n<\/tr>\n<tr>\n<td width=\"283\">Alimentazione elettrica<\/td>\n<td width=\"283\">220 V 50 Hz,2\u00b0,180 W<\/td>\n<\/tr>\n<tr>\n<td width=\"283\">pressione negativa<\/td>\n<td width=\"283\">2,7 m3\/min-0,014 MPa<\/td>\n<\/tr>\n<tr>\n<td width=\"283\">Aria compressa<\/td>\n<td width=\"283\">0,25 m3\/min 0,3MPa<\/td>\n<\/tr>\n<tr>\n<td width=\"283\">Dimensioni macchina (millimetri)<\/td>\n<td width=\"283\">800*<\/p>\n<p>550*<\/p>\n<p>1000*<\/td>\n<\/tr>\n<tr>\n<td width=\"283\">Dimensioni della confezione (millimetri)<\/td>\n<td width=\"283\">960*<\/p>\n<p>720*<\/p>\n<p>640*<\/td>\n<\/tr>\n<tr>\n<td width=\"283\">Peso della macchina<\/td>\n<td width=\"283\">45kg<\/td>\n<\/tr>\n<tr>\n<td width=\"283\">Peso lordo<\/td>\n<td width=\"283\">&nbsp;<\/td>\n<\/tr>\n<\/tbody>\n<\/table>","protected":false},"excerpt":{"rendered":"<p>Scopri la macchina selezionatrice e lucidatrice per capsule FARJP-A, progettata per capsule di dimensioni #00-5, che rimuove la polvere senza<\/p>","protected":false},"featured_media":7060,"comment_status":"open","ping_status":"closed","template":"","meta":{"wds_primary_product_brand":0,"wds_primary_product_cat":0},"product_brand":[],"product_cat":[84],"product_tag":[],"class_list":{"0":"post-7059","1":"product","2":"type-product","3":"status-publish","4":"has-post-thumbnail","6":"product_cat-maquinas-para-hacer-pastillas","8":"first","9":"instock","10":"taxable","11":"shipping-taxable","12":"product-type-simple"},"yoast_head":"<!-- This site is optimized with the Yoast SEO Premium plugin v24.9 (Yoast SEO v26.1) - https:\/\/yoast.com\/wordpress\/plugins\/seo\/ -->\n<title>CLASIFICADORA Y PULIDORA DE CAPSULAS - distribuci\u00f3n ARC<\/title>\n<meta name=\"robots\" content=\"index, follow, max-snippet:-1, max-image-preview:large, max-video-preview:-1\" \/>\n<link rel=\"canonical\" href=\"https:\/\/distribucionarc.com\/it\/prodotto\/macchina-per-la-selezione-e-lucidatura-delle-capsule\/\" \/>\n<meta property=\"og:locale\" content=\"it_IT\" \/>\n<meta property=\"og:type\" content=\"article\" \/>\n<meta property=\"og:title\" content=\"CLASIFICADORA Y PULIDORA DE CAPSULAS\" \/>\n<meta property=\"og:description\" content=\"Descubre la M\u00e1quina Clasificadora y Pulidora de C\u00e1psulas FARJP-A, dise\u00f1ada para c\u00e1psulas en tama\u00f1os #00-5, que elimina el polvo sin\" \/>\n<meta property=\"og:url\" content=\"https:\/\/distribucionarc.com\/it\/prodotto\/macchina-per-la-selezione-e-lucidatura-delle-capsule\/\" \/>\n<meta property=\"og:site_name\" content=\"distribuci\u00f3n ARC\" \/>\n<meta property=\"article:modified_time\" content=\"2024-05-06T16:41:30+00:00\" \/>\n<meta property=\"og:image\" content=\"https:\/\/distribucionarc.com\/wp-content\/uploads\/2024\/05\/CLASIFICADORA-Y-PULIDORA-DE-CAPSULAS.webp\" \/>\n\t<meta property=\"og:image:width\" content=\"1080\" \/>\n\t<meta property=\"og:image:height\" content=\"1112\" \/>\n\t<meta property=\"og:image:type\" content=\"image\/webp\" \/>\n<meta name=\"twitter:card\" content=\"summary_large_image\" \/>\n<meta name=\"twitter:label1\" content=\"Tempo di lettura stimato\" \/>\n\t<meta name=\"twitter:data1\" content=\"1 minuto\" \/>\n<script type=\"application\/ld+json\" class=\"yoast-schema-graph\">{\"@context\":\"https:\/\/schema.org\",\"@graph\":[{\"@type\":\"WebPage\",\"@id\":\"https:\/\/distribucionarc.com\/it\/producto\/clasificadora-y-pulidora-de-capsulas\/\",\"url\":\"https:\/\/distribucionarc.com\/it\/producto\/clasificadora-y-pulidora-de-capsulas\/\",\"name\":\"CLASIFICADORA Y PULIDORA DE CAPSULAS - distribuci\u00f3n ARC\",\"isPartOf\":{\"@id\":\"https:\/\/www.distribucionarc.com\/tr\/#website\"},\"primaryImageOfPage\":{\"@id\":\"https:\/\/distribucionarc.com\/it\/producto\/clasificadora-y-pulidora-de-capsulas\/#primaryimage\"},\"image\":{\"@id\":\"https:\/\/distribucionarc.com\/it\/producto\/clasificadora-y-pulidora-de-capsulas\/#primaryimage\"},\"thumbnailUrl\":\"https:\/\/distribucionarc.com\/wp-content\/uploads\/2024\/05\/CLASIFICADORA-Y-PULIDORA-DE-CAPSULAS.webp\",\"datePublished\":\"2024-05-06T16:41:28+00:00\",\"dateModified\":\"2024-05-06T16:41:30+00:00\",\"breadcrumb\":{\"@id\":\"https:\/\/distribucionarc.com\/it\/producto\/clasificadora-y-pulidora-de-capsulas\/#breadcrumb\"},\"inLanguage\":\"it-IT\",\"potentialAction\":[{\"@type\":\"ReadAction\",\"target\":[\"https:\/\/distribucionarc.com\/it\/producto\/clasificadora-y-pulidora-de-capsulas\/\"]}]},{\"@type\":\"ImageObject\",\"inLanguage\":\"it-IT\",\"@id\":\"https:\/\/distribucionarc.com\/it\/producto\/clasificadora-y-pulidora-de-capsulas\/#primaryimage\",\"url\":\"https:\/\/distribucionarc.com\/wp-content\/uploads\/2024\/05\/CLASIFICADORA-Y-PULIDORA-DE-CAPSULAS.webp\",\"contentUrl\":\"https:\/\/distribucionarc.com\/wp-content\/uploads\/2024\/05\/CLASIFICADORA-Y-PULIDORA-DE-CAPSULAS.webp\",\"width\":1080,\"height\":1112,\"caption\":\"#image_title\"},{\"@type\":\"BreadcrumbList\",\"@id\":\"https:\/\/distribucionarc.com\/it\/producto\/clasificadora-y-pulidora-de-capsulas\/#breadcrumb\",\"itemListElement\":[{\"@type\":\"ListItem\",\"position\":1,\"name\":\"Portada\",\"item\":\"https:\/\/www.distribucionarc.com\/tr\/\"},{\"@type\":\"ListItem\",\"position\":2,\"name\":\"Produktai\",\"item\":\"https:\/\/distribucionarc.com\/lt\/parduotuve\/\"},{\"@type\":\"ListItem\",\"position\":3,\"name\":\"CLASIFICADORA Y PULIDORA DE CAPSULAS\"}]},{\"@type\":\"WebSite\",\"@id\":\"https:\/\/www.distribucionarc.com\/tr\/#website\",\"url\":\"https:\/\/www.distribucionarc.com\/tr\/\",\"name\":\"distribuci\u00f3n ARC\",\"description\":\"Empresa especializada en la fabricaci\u00f3n y distribuci\u00f3n de maquinaria industrial, selladoras de latas, Maquinas de hacer pastillas, Maquinas de cortar carne...\",\"publisher\":{\"@id\":\"https:\/\/www.distribucionarc.com\/tr\/#organization\"},\"potentialAction\":[{\"@type\":\"SearchAction\",\"target\":{\"@type\":\"EntryPoint\",\"urlTemplate\":\"https:\/\/www.distribucionarc.com\/tr\/?s={search_term_string}\"},\"query-input\":{\"@type\":\"PropertyValueSpecification\",\"valueRequired\":true,\"valueName\":\"search_term_string\"}}],\"inLanguage\":\"it-IT\"},{\"@type\":\"Organization\",\"@id\":\"https:\/\/www.distribucionarc.com\/tr\/#organization\",\"name\":\"Distribuci\u00f3n ARC\",\"url\":\"https:\/\/www.distribucionarc.com\/tr\/\",\"logo\":{\"@type\":\"ImageObject\",\"inLanguage\":\"it-IT\",\"@id\":\"https:\/\/www.distribucionarc.com\/tr\/#\/schema\/logo\/image\/\",\"url\":\"https:\/\/distribucionarc.com\/wp-content\/uploads\/2024\/10\/distribucion-ARC-COLOR-SIN-FONDO-e1732295305345.png\",\"contentUrl\":\"https:\/\/distribucionarc.com\/wp-content\/uploads\/2024\/10\/distribucion-ARC-COLOR-SIN-FONDO-e1732295305345.png\",\"width\":1164,\"height\":558,\"caption\":\"Distribuci\u00f3n ARC\"},\"image\":{\"@id\":\"https:\/\/www.distribucionarc.com\/tr\/#\/schema\/logo\/image\/\"},\"description\":\"Empresa especializada en la fabricaci\u00f3n y distribuci\u00f3n de maquinaria industrial para los sectores alimentario y farmac\u00e9utico. Nos especializamos en: M\u00e1quinas de cortar carne Fabricaci\u00f3n de comprimidos Sistemas de transporte industrial L\u00edneas de embotellado Dosificadores Y mucho m\u00e1s... Ofrecemos soluciones innovadoras y personalizadas para optimizar los procesos productivos de tu empresa.\",\"email\":\"Admistracion@distribucionarc.com\",\"telephone\":\"+34 643496664\",\"legalName\":\"ARC TECH SOLUTIONS\",\"foundingDate\":\"2024-04-09\",\"vatID\":\"B55480172\",\"numberOfEmployees\":{\"@type\":\"QuantitativeValue\",\"minValue\":\"1\",\"maxValue\":\"10\"}}]}<\/script>\n<!-- \/ Yoast SEO Premium plugin. -->","yoast_head_json":{"title":"SELEZIONE E LUCIDATURA CAPSULE - Distribuzione ad ARCO","robots":{"index":"index","follow":"follow","max-snippet":"max-snippet:-1","max-image-preview":"max-image-preview:large","max-video-preview":"max-video-preview:-1"},"canonical":"https:\/\/distribucionarc.com\/it\/prodotto\/macchina-per-la-selezione-e-lucidatura-delle-capsule\/","og_locale":"it_IT","og_type":"article","og_title":"CLASIFICADORA Y PULIDORA DE CAPSULAS","og_description":"Descubre la M\u00e1quina Clasificadora y Pulidora de C\u00e1psulas FARJP-A, dise\u00f1ada para c\u00e1psulas en tama\u00f1os #00-5, que elimina el polvo sin","og_url":"https:\/\/distribucionarc.com\/it\/prodotto\/macchina-per-la-selezione-e-lucidatura-delle-capsule\/","og_site_name":"distribuci\u00f3n ARC","article_modified_time":"2024-05-06T16:41:30+00:00","og_image":[{"width":1080,"height":1112,"url":"https:\/\/distribucionarc.com\/wp-content\/uploads\/2024\/05\/CLASIFICADORA-Y-PULIDORA-DE-CAPSULAS.webp","type":"image\/webp"}],"twitter_card":"summary_large_image","twitter_misc":{"Tempo di lettura stimato":"1 minuto"},"schema":{"@context":"https:\/\/schema.org","@graph":[{"@type":"WebPage","@id":"https:\/\/distribucionarc.com\/it\/producto\/clasificadora-y-pulidora-de-capsulas\/","url":"https:\/\/distribucionarc.com\/it\/producto\/clasificadora-y-pulidora-de-capsulas\/","name":"SELEZIONE E LUCIDATURA CAPSULE - Distribuzione ad ARCO","isPartOf":{"@id":"https:\/\/www.distribucionarc.com\/tr\/#website"},"primaryImageOfPage":{"@id":"https:\/\/distribucionarc.com\/it\/producto\/clasificadora-y-pulidora-de-capsulas\/#primaryimage"},"image":{"@id":"https:\/\/distribucionarc.com\/it\/producto\/clasificadora-y-pulidora-de-capsulas\/#primaryimage"},"thumbnailUrl":"https:\/\/distribucionarc.com\/wp-content\/uploads\/2024\/05\/CLASIFICADORA-Y-PULIDORA-DE-CAPSULAS.webp","datePublished":"2024-05-06T16:41:28+00:00","dateModified":"2024-05-06T16:41:30+00:00","breadcrumb":{"@id":"https:\/\/distribucionarc.com\/it\/producto\/clasificadora-y-pulidora-de-capsulas\/#breadcrumb"},"inLanguage":"it-IT","potentialAction":[{"@type":"ReadAction","target":["https:\/\/distribucionarc.com\/it\/producto\/clasificadora-y-pulidora-de-capsulas\/"]}]},{"@type":"ImageObject","inLanguage":"it-IT","@id":"https:\/\/distribucionarc.com\/it\/producto\/clasificadora-y-pulidora-de-capsulas\/#primaryimage","url":"https:\/\/distribucionarc.com\/wp-content\/uploads\/2024\/05\/CLASIFICADORA-Y-PULIDORA-DE-CAPSULAS.webp","contentUrl":"https:\/\/distribucionarc.com\/wp-content\/uploads\/2024\/05\/CLASIFICADORA-Y-PULIDORA-DE-CAPSULAS.webp","width":1080,"height":1112,"caption":"#image_title"},{"@type":"BreadcrumbList","@id":"https:\/\/distribucionarc.com\/it\/producto\/clasificadora-y-pulidora-de-capsulas\/#breadcrumb","itemListElement":[{"@type":"ListItem","position":1,"name":"Portada","item":"https:\/\/www.distribucionarc.com\/tr\/"},{"@type":"ListItem","position":2,"name":"Produktai","item":"https:\/\/distribucionarc.com\/lt\/parduotuve\/"},{"@type":"ListItem","position":3,"name":"CLASIFICADORA Y PULIDORA DE CAPSULAS"}]},{"@type":"WebSite","@id":"https:\/\/www.distribucionarc.com\/tr\/#website","url":"https:\/\/www.distribucionarc.com\/tr\/","name":"Distribuzione dell&#039;ARCO","description":"Azienda specializzata nella produzione e distribuzione di macchinari industriali, macchine sigillatrici di lattine, macchine per la produzione di compresse, macchine per il taglio della carne...","publisher":{"@id":"https:\/\/www.distribucionarc.com\/tr\/#organization"},"potentialAction":[{"@type":"SearchAction","target":{"@type":"EntryPoint","urlTemplate":"https:\/\/www.distribucionarc.com\/tr\/?s={search_term_string}"},"query-input":{"@type":"PropertyValueSpecification","valueRequired":true,"valueName":"search_term_string"}}],"inLanguage":"it-IT"},{"@type":"Organization","@id":"https:\/\/www.distribucionarc.com\/tr\/#organization","name":"Distribuzione dell&#039;ARC","url":"https:\/\/www.distribucionarc.com\/tr\/","logo":{"@type":"ImageObject","inLanguage":"it-IT","@id":"https:\/\/www.distribucionarc.com\/tr\/#\/schema\/logo\/image\/","url":"https:\/\/distribucionarc.com\/wp-content\/uploads\/2024\/10\/distribucion-ARC-COLOR-SIN-FONDO-e1732295305345.png","contentUrl":"https:\/\/distribucionarc.com\/wp-content\/uploads\/2024\/10\/distribucion-ARC-COLOR-SIN-FONDO-e1732295305345.png","width":1164,"height":558,"caption":"Distribuci\u00f3n ARC"},"image":{"@id":"https:\/\/www.distribucionarc.com\/tr\/#\/schema\/logo\/image\/"},"description":"Azienda specializzata nella produzione e distribuzione di macchinari industriali per il settore alimentare e farmaceutico. Siamo specializzati in: Macchine per il taglio della carne Produzione di compresse Sistemi di trasporto industriale Linee di imbottigliamento Dispenser E molto altro ancora... Offriamo soluzioni innovative e personalizzate per ottimizzare i processi produttivi della vostra azienda.","email":"Admistracion@distribucionarc.com","telephone":"+34 643496664","legalName":"ARC TECH SOLUTIONS","foundingDate":"2024-04-09","vatID":"B55480172","numberOfEmployees":{"@type":"QuantitativeValue","minValue":"1","maxValue":"10"}}]}},"_links":{"self":[{"href":"https:\/\/distribucionarc.com\/it\/wp-json\/wp\/v2\/product\/7059","targetHints":{"allow":["GET"]}}],"collection":[{"href":"https:\/\/distribucionarc.com\/it\/wp-json\/wp\/v2\/product"}],"about":[{"href":"https:\/\/distribucionarc.com\/it\/wp-json\/wp\/v2\/types\/product"}],"replies":[{"embeddable":true,"href":"https:\/\/distribucionarc.com\/it\/wp-json\/wp\/v2\/comments?post=7059"}],"version-history":[{"count":0,"href":"https:\/\/distribucionarc.com\/it\/wp-json\/wp\/v2\/product\/7059\/revisions"}],"wp:featuredmedia":[{"embeddable":true,"href":"https:\/\/distribucionarc.com\/it\/wp-json\/wp\/v2\/media\/7060"}],"wp:attachment":[{"href":"https:\/\/distribucionarc.com\/it\/wp-json\/wp\/v2\/media?parent=7059"}],"wp:term":[{"taxonomy":"product_brand","embeddable":true,"href":"https:\/\/distribucionarc.com\/it\/wp-json\/wp\/v2\/product_brand?post=7059"},{"taxonomy":"product_cat","embeddable":true,"href":"https:\/\/distribucionarc.com\/it\/wp-json\/wp\/v2\/product_cat?post=7059"},{"taxonomy":"product_tag","embeddable":true,"href":"https:\/\/distribucionarc.com\/it\/wp-json\/wp\/v2\/product_tag?post=7059"}],"curies":[{"name":"wp","href":"https:\/\/api.w.org\/{rel}","templated":true}]}}