{"id":707,"date":"2020-06-30T16:11:47","date_gmt":"2020-06-30T16:11:47","guid":{"rendered":"https:\/\/distribucionarc.com\/?post_type=product&#038;p=707"},"modified":"2024-09-04T20:09:38","modified_gmt":"2024-09-04T20:09:38","slug":"nuovo-modello-sottovuoto-professionale-26mm","status":"publish","type":"product","link":"https:\/\/distribucionarc.com\/it\/producto\/envasadora-al-vacio-profesional-nuevo-modelo-de-alto-rendimiento-26mm\/","title":{"rendered":"Macchina sottovuoto professionale nuovo modello ad alte prestazioni 26mm"},"content":{"rendered":"<div class=\"col-xs-12 nopaddinglr\">\n<div id=\"product-tabs\" class=\"tabs\">\n<div class=\"tab-content responsive white shadow roundcorners\">\n<div id=\"product-tab-content\" class=\"tab-pane fade in active\" role=\"tabpanel\">\n<p>IL <strong>sigillatrice sottovuoto<\/strong> \u00c8 una macchina <strong>confezionamento sottovuoto<\/strong> Deluxe confeziona automaticamente il tuo cibo. Perch\u00e9 cos\u00ec anche il tuo cibo durer\u00e0 pi\u00f9 a lungo! Questo <strong>macchina confezionatrice sottovuoto<\/strong> pesa 25 kg. Poggia su quattro piedini in gomma per evitare scivolamenti. La comodit\u00e0 della macchina <strong>confezionamento sottovuoto<\/strong>\u00a0 \u00c8 molto facile da pulire. Di seguito puoi trovare tutte le caratteristiche dell&#039;aspiratore<\/p>\n<ul>\n<li>lussuosa macchina confezionatrice sottovuoto<\/li>\n<li>ciclo di confezionamento completamente automatico<\/li>\n<li>piccolo modello da tavolo con una bella finitura<\/li>\n<li>involucro e camera in acciaio inossidabile<\/li>\n<li>Pannello di controllo digitale<\/li>\n<li>copertura forte con curva<\/li>\n<li>Dimensioni barra sigillata: <span style=\"color: #ff0000;\">260 x 10 mm<\/span><\/li>\n<li>Dimensioni camera: 330x275x100mm<\/li>\n<li>Capacit\u00e0 della pompa del vuoto: 20 m3<\/li>\n<li>Interruttore di sicurezza sul coperchio<\/li>\n<li>Di serie con pacchetto servizi<\/li>\n<li>Quattro piedini in gomma<\/li>\n<li>Facile da pulire<\/li>\n<li>Completamente programmabile: tempo di vuoto regolabile, tempo di saldatura regolabile<\/li>\n<li>Peso netto: 25 kg<\/li>\n<li>Dimensioni: 560430x50mm<\/li>\n<li>230 V\/50 Hz\/1 fase 120 Watt<\/li>\n<li>rumore &lt;60dB<\/li>\n<li><span style=\"color: #008000;\">motore pi\u00f9 efficiente a basso consumo 120w<\/span><\/li>\n<li><strong>garanzia <span style=\"color: #000080;\">A<\/span><span style=\"color: #ff0000;\">R<\/span>C 2 ANNI\u00a0<\/strong><\/li>\n<li>supporto tecnico incluso<\/li>\n<\/ul>\n<\/div>\n<\/div>\n<\/div>\n<\/div>\n<div class=\"col-xs-12 nopadding\">\n<div class=\"related\"><\/div>\n<\/div>\n<p><iframe loading=\"lazy\" src=\"https:\/\/www.youtube.com\/embed\/61IKicnNuoY\" width=\"560\" height=\"315\" frameborder=\"0\" allowfullscreen=\"allowfullscreen\"><\/iframe><\/p>","protected":false},"excerpt":{"rendered":"<h2><strong>Macchina sottovuoto a campana professionale e industriale con pompa da 20 m\u00b3<\/strong><\/h2>\n<p>Nostro <strong>macchina sottovuoto a camera<\/strong> \u00e8 una macchina <strong>professionale<\/strong> Di fascia alta, ideale per sigillare i prodotti in modo rapido ed efficiente. Progettato per <strong>uso industriale<\/strong>, questa macchina permette di confezionare sacchi fino a <strong>33 centimetri (cm) x 27 centimetri (cm)<\/strong> di lunghezza, con un&#039;altezza massima del prodotto di <strong>10 centimetri (cm)<\/strong>. \u00c8 potente <strong>Pompa da 20 metri cubi (m\u00b3).<\/strong> Garantisce una chiusura ermetica e precisa, ideale per conservare pi\u00f9 a lungo i prodotti alimentari.<\/p>\n<p>Questo <strong>macchina confezionatrice sottovuoto industriale<\/strong> \u00c8 perfetto per un&#039;ampia variet\u00e0 di prodotti, come:<\/p>\n<ul>\n<li><strong>Salsicce<\/strong>: Chorizo, salchich\u00f3n e prosciutto crudo.<\/li>\n<li><strong>Prodotti preparati<\/strong>: Lasagne, stufati e insalate.<\/li>\n<li><strong>carni fresche<\/strong>: Pollo, maiale e manzo.<\/li>\n<li><strong>Formaggi<\/strong>: Manchego, capra e altri.<\/li>\n<\/ul>\n<p>Grazie alla sua robusta pompa a vuoto <strong>20 m\u00b3<\/strong>, questa macchina <strong>professionale<\/strong> garantisce una sigillatura superiore ed efficiente, rendendolo un&#039;opzione ideale per macellerie, negozi di cibi pronti e salumifici che desiderano ottimizzare il proprio processo di confezionamento. La combinazione tra la sua capacit\u00e0 di sigillare sacchi di grandi dimensioni e il suo design <strong>industriale<\/strong> lo rende perfetto per mantenere la freschezza e la qualit\u00e0 degli alimenti.<\/p>\n<p>Se stai cercando un <strong>macchina confezionatrice sottovuoto<\/strong> che combina <strong>prestazione professionale<\/strong> e tecnologia all&#039;avanguardia, questa \u00e8 la soluzione perfetta.<\/p>","protected":false},"featured_media":710,"comment_status":"open","ping_status":"closed","template":"","meta":{"wds_primary_product_brand":0,"wds_primary_product_cat":0},"product_brand":[],"product_cat":[49],"product_tag":[],"class_list":{"0":"post-707","1":"product","2":"type-product","3":"status-publish","4":"has-post-thumbnail","6":"product_cat-envasadoras-al-vacio","7":"product_shipping_class-hosteleria","9":"first","10":"instock","11":"taxable","12":"shipping-taxable","13":"purchasable","14":"product-type-simple"},"yoast_head":"<!-- This site is optimized with the Yoast SEO Premium plugin v24.9 (Yoast SEO v26.1) - https:\/\/yoast.com\/wordpress\/plugins\/seo\/ -->\n<title>Envasadora al vacio profesional nuevo modelo de alto rendimiento 26mm - distribuci\u00f3n ARC<\/title>\n<meta name=\"description\" content=\"Envasadora al vac\u00edo de campana profesional e industrial con bomba de 20 m\u00b3. Ideal para sellar bolsas de hasta 33 cm x 27 cm para embutidos, carnes y productos preparados. Perfecta para uso en restaurantes y f\u00e1bricas.\" \/>\n<meta name=\"robots\" content=\"index, follow, max-snippet:-1, max-image-preview:large, max-video-preview:-1\" \/>\n<link rel=\"canonical\" href=\"https:\/\/distribucionarc.com\/it\/prodotto\/nuovo-modello-sottovuoto-professionale-26mm\/\" \/>\n<meta property=\"og:locale\" content=\"it_IT\" \/>\n<meta property=\"og:type\" content=\"article\" \/>\n<meta property=\"og:title\" content=\"Envasadora al vacio profesional nuevo modelo de alto rendimiento 26mm\" \/>\n<meta property=\"og:description\" content=\"Envasadora al vac\u00edo de campana profesional e industrial con bomba de 20 m\u00b3. Ideal para sellar bolsas de hasta 33 cm x 27 cm para embutidos, carnes y productos preparados. Perfecta para uso en restaurantes y f\u00e1bricas.\" \/>\n<meta property=\"og:url\" content=\"https:\/\/distribucionarc.com\/it\/prodotto\/nuovo-modello-sottovuoto-professionale-26mm\/\" \/>\n<meta property=\"og:site_name\" content=\"distribuci\u00f3n ARC\" \/>\n<meta property=\"article:modified_time\" content=\"2024-09-04T20:09:38+00:00\" \/>\n<meta property=\"og:image\" content=\"https:\/\/distribucionarc.com\/wp-content\/uploads\/2020\/06\/Envasadora-al-vacio-profesional-0.jpg\" \/>\n\t<meta property=\"og:image:width\" content=\"1600\" \/>\n\t<meta property=\"og:image:height\" content=\"1600\" \/>\n\t<meta property=\"og:image:type\" content=\"image\/jpeg\" \/>\n<meta name=\"twitter:card\" content=\"summary_large_image\" \/>\n<meta name=\"twitter:label1\" content=\"Tempo di lettura stimato\" \/>\n\t<meta name=\"twitter:data1\" content=\"2 minuti\" \/>\n<script type=\"application\/ld+json\" class=\"yoast-schema-graph\">{\"@context\":\"https:\/\/schema.org\",\"@graph\":[{\"@type\":\"WebPage\",\"@id\":\"https:\/\/distribucionarc.com\/fr\/producto\/envasadora-al-vacio-profesional-nuevo-modelo-de-alto-rendimiento-26mm\/\",\"url\":\"https:\/\/distribucionarc.com\/fr\/producto\/envasadora-al-vacio-profesional-nuevo-modelo-de-alto-rendimiento-26mm\/\",\"name\":\"Envasadora al vacio profesional nuevo modelo de alto rendimiento 26mm - distribuci\u00f3n ARC\",\"isPartOf\":{\"@id\":\"https:\/\/distribucionarc.com\/de\/#website\"},\"primaryImageOfPage\":{\"@id\":\"https:\/\/distribucionarc.com\/fr\/producto\/envasadora-al-vacio-profesional-nuevo-modelo-de-alto-rendimiento-26mm\/#primaryimage\"},\"image\":{\"@id\":\"https:\/\/distribucionarc.com\/fr\/producto\/envasadora-al-vacio-profesional-nuevo-modelo-de-alto-rendimiento-26mm\/#primaryimage\"},\"thumbnailUrl\":\"https:\/\/distribucionarc.com\/wp-content\/uploads\/2020\/06\/Envasadora-al-vacio-profesional-0.jpg\",\"datePublished\":\"2020-06-30T16:11:47+00:00\",\"dateModified\":\"2024-09-04T20:09:38+00:00\",\"description\":\"Envasadora al vac\u00edo de campana profesional e industrial con bomba de 20 m\u00b3. Ideal para sellar bolsas de hasta 33 cm x 27 cm para embutidos, carnes y productos preparados. Perfecta para uso en restaurantes y f\u00e1bricas.\",\"breadcrumb\":{\"@id\":\"https:\/\/distribucionarc.com\/fr\/producto\/envasadora-al-vacio-profesional-nuevo-modelo-de-alto-rendimiento-26mm\/#breadcrumb\"},\"inLanguage\":\"it-IT\",\"potentialAction\":[{\"@type\":\"ReadAction\",\"target\":[\"https:\/\/distribucionarc.com\/fr\/producto\/envasadora-al-vacio-profesional-nuevo-modelo-de-alto-rendimiento-26mm\/\"]}]},{\"@type\":\"ImageObject\",\"inLanguage\":\"it-IT\",\"@id\":\"https:\/\/distribucionarc.com\/fr\/producto\/envasadora-al-vacio-profesional-nuevo-modelo-de-alto-rendimiento-26mm\/#primaryimage\",\"url\":\"https:\/\/distribucionarc.com\/wp-content\/uploads\/2020\/06\/Envasadora-al-vacio-profesional-0.jpg\",\"contentUrl\":\"https:\/\/distribucionarc.com\/wp-content\/uploads\/2020\/06\/Envasadora-al-vacio-profesional-0.jpg\",\"width\":1600,\"height\":1600},{\"@type\":\"BreadcrumbList\",\"@id\":\"https:\/\/distribucionarc.com\/fr\/producto\/envasadora-al-vacio-profesional-nuevo-modelo-de-alto-rendimiento-26mm\/#breadcrumb\",\"itemListElement\":[{\"@type\":\"ListItem\",\"position\":1,\"name\":\"Portada\",\"item\":\"https:\/\/distribucionarc.com\/pl\/\"},{\"@type\":\"ListItem\",\"position\":2,\"name\":\"Produkty\",\"item\":\"https:\/\/distribucionarc.com\/pl\/shop\/\"},{\"@type\":\"ListItem\",\"position\":3,\"name\":\"Envasadora al vacio profesional nuevo modelo de alto rendimiento 26mm\"}]},{\"@type\":\"WebSite\",\"@id\":\"https:\/\/distribucionarc.com\/de\/#website\",\"url\":\"https:\/\/distribucionarc.com\/de\/\",\"name\":\"distribuci\u00f3n ARC\",\"description\":\"Empresa especializada en la fabricaci\u00f3n y distribuci\u00f3n de maquinaria industrial, selladoras de latas, Maquinas de hacer pastillas, Maquinas de cortar carne...\",\"publisher\":{\"@id\":\"https:\/\/distribucionarc.com\/de\/#organization\"},\"potentialAction\":[{\"@type\":\"SearchAction\",\"target\":{\"@type\":\"EntryPoint\",\"urlTemplate\":\"https:\/\/distribucionarc.com\/de\/?s={search_term_string}\"},\"query-input\":{\"@type\":\"PropertyValueSpecification\",\"valueRequired\":true,\"valueName\":\"search_term_string\"}}],\"inLanguage\":\"it-IT\"},{\"@type\":\"Organization\",\"@id\":\"https:\/\/distribucionarc.com\/de\/#organization\",\"name\":\"Distribuci\u00f3n ARC\",\"url\":\"https:\/\/distribucionarc.com\/de\/\",\"logo\":{\"@type\":\"ImageObject\",\"inLanguage\":\"it-IT\",\"@id\":\"https:\/\/distribucionarc.com\/de\/#\/schema\/logo\/image\/\",\"url\":\"https:\/\/distribucionarc.com\/wp-content\/uploads\/2024\/10\/distribucion-ARC-COLOR-SIN-FONDO-e1732295305345.png\",\"contentUrl\":\"https:\/\/distribucionarc.com\/wp-content\/uploads\/2024\/10\/distribucion-ARC-COLOR-SIN-FONDO-e1732295305345.png\",\"width\":1164,\"height\":558,\"caption\":\"Distribuci\u00f3n ARC\"},\"image\":{\"@id\":\"https:\/\/distribucionarc.com\/de\/#\/schema\/logo\/image\/\"},\"description\":\"Empresa especializada en la fabricaci\u00f3n y distribuci\u00f3n de maquinaria industrial para los sectores alimentario y farmac\u00e9utico. Nos especializamos en: M\u00e1quinas de cortar carne Fabricaci\u00f3n de comprimidos Sistemas de transporte industrial L\u00edneas de embotellado Dosificadores Y mucho m\u00e1s... Ofrecemos soluciones innovadoras y personalizadas para optimizar los procesos productivos de tu empresa.\",\"email\":\"Admistracion@distribucionarc.com\",\"telephone\":\"+34 643496664\",\"legalName\":\"ARC TECH SOLUTIONS\",\"foundingDate\":\"2024-04-09\",\"vatID\":\"B55480172\",\"numberOfEmployees\":{\"@type\":\"QuantitativeValue\",\"minValue\":\"1\",\"maxValue\":\"10\"}}]}<\/script>\n<!-- \/ Yoast SEO Premium plugin. -->","yoast_head_json":{"title":"Macchina sottovuoto professionale nuovo modello ad alte prestazioni 26mm - distribuzione ARC","description":"Macchina sottovuoto a campana professionale e industriale con pompa da 20 m\u00b3. Ideale per sigillare sacchetti fino a 33 cm x 27 cm per insaccati, carni e prodotti pronti. Perfetto per l&#039;uso in ristoranti e fabbriche.","robots":{"index":"index","follow":"follow","max-snippet":"max-snippet:-1","max-image-preview":"max-image-preview:large","max-video-preview":"max-video-preview:-1"},"canonical":"https:\/\/distribucionarc.com\/it\/prodotto\/nuovo-modello-sottovuoto-professionale-26mm\/","og_locale":"it_IT","og_type":"article","og_title":"Envasadora al vacio profesional nuevo modelo de alto rendimiento 26mm","og_description":"Envasadora al vac\u00edo de campana profesional e industrial con bomba de 20 m\u00b3. Ideal para sellar bolsas de hasta 33 cm x 27 cm para embutidos, carnes y productos preparados. Perfecta para uso en restaurantes y f\u00e1bricas.","og_url":"https:\/\/distribucionarc.com\/it\/prodotto\/nuovo-modello-sottovuoto-professionale-26mm\/","og_site_name":"distribuci\u00f3n ARC","article_modified_time":"2024-09-04T20:09:38+00:00","og_image":[{"width":1600,"height":1600,"url":"https:\/\/distribucionarc.com\/wp-content\/uploads\/2020\/06\/Envasadora-al-vacio-profesional-0.jpg","type":"image\/jpeg"}],"twitter_card":"summary_large_image","twitter_misc":{"Tempo di lettura stimato":"2 minuti"},"schema":{"@context":"https:\/\/schema.org","@graph":[{"@type":"WebPage","@id":"https:\/\/distribucionarc.com\/fr\/producto\/envasadora-al-vacio-profesional-nuevo-modelo-de-alto-rendimiento-26mm\/","url":"https:\/\/distribucionarc.com\/fr\/producto\/envasadora-al-vacio-profesional-nuevo-modelo-de-alto-rendimiento-26mm\/","name":"Macchina sottovuoto professionale nuovo modello ad alte prestazioni 26mm - distribuzione ARC","isPartOf":{"@id":"https:\/\/distribucionarc.com\/de\/#website"},"primaryImageOfPage":{"@id":"https:\/\/distribucionarc.com\/fr\/producto\/envasadora-al-vacio-profesional-nuevo-modelo-de-alto-rendimiento-26mm\/#primaryimage"},"image":{"@id":"https:\/\/distribucionarc.com\/fr\/producto\/envasadora-al-vacio-profesional-nuevo-modelo-de-alto-rendimiento-26mm\/#primaryimage"},"thumbnailUrl":"https:\/\/distribucionarc.com\/wp-content\/uploads\/2020\/06\/Envasadora-al-vacio-profesional-0.jpg","datePublished":"2020-06-30T16:11:47+00:00","dateModified":"2024-09-04T20:09:38+00:00","description":"Macchina sottovuoto a campana professionale e industriale con pompa da 20 m\u00b3. Ideale per sigillare sacchetti fino a 33 cm x 27 cm per insaccati, carni e prodotti pronti. Perfetto per l&#039;uso in ristoranti e fabbriche.","breadcrumb":{"@id":"https:\/\/distribucionarc.com\/fr\/producto\/envasadora-al-vacio-profesional-nuevo-modelo-de-alto-rendimiento-26mm\/#breadcrumb"},"inLanguage":"it-IT","potentialAction":[{"@type":"ReadAction","target":["https:\/\/distribucionarc.com\/fr\/producto\/envasadora-al-vacio-profesional-nuevo-modelo-de-alto-rendimiento-26mm\/"]}]},{"@type":"ImageObject","inLanguage":"it-IT","@id":"https:\/\/distribucionarc.com\/fr\/producto\/envasadora-al-vacio-profesional-nuevo-modelo-de-alto-rendimiento-26mm\/#primaryimage","url":"https:\/\/distribucionarc.com\/wp-content\/uploads\/2020\/06\/Envasadora-al-vacio-profesional-0.jpg","contentUrl":"https:\/\/distribucionarc.com\/wp-content\/uploads\/2020\/06\/Envasadora-al-vacio-profesional-0.jpg","width":1600,"height":1600},{"@type":"BreadcrumbList","@id":"https:\/\/distribucionarc.com\/fr\/producto\/envasadora-al-vacio-profesional-nuevo-modelo-de-alto-rendimiento-26mm\/#breadcrumb","itemListElement":[{"@type":"ListItem","position":1,"name":"Portada","item":"https:\/\/distribucionarc.com\/pl\/"},{"@type":"ListItem","position":2,"name":"Produkty","item":"https:\/\/distribucionarc.com\/pl\/shop\/"},{"@type":"ListItem","position":3,"name":"Envasadora al vacio profesional nuevo modelo de alto rendimiento 26mm"}]},{"@type":"WebSite","@id":"https:\/\/distribucionarc.com\/de\/#website","url":"https:\/\/distribucionarc.com\/de\/","name":"Distribuzione dell&#039;ARCO","description":"Azienda specializzata nella produzione e distribuzione di macchinari industriali, macchine sigillatrici di lattine, macchine per la produzione di compresse, macchine per il taglio della carne...","publisher":{"@id":"https:\/\/distribucionarc.com\/de\/#organization"},"potentialAction":[{"@type":"SearchAction","target":{"@type":"EntryPoint","urlTemplate":"https:\/\/distribucionarc.com\/de\/?s={search_term_string}"},"query-input":{"@type":"PropertyValueSpecification","valueRequired":true,"valueName":"search_term_string"}}],"inLanguage":"it-IT"},{"@type":"Organization","@id":"https:\/\/distribucionarc.com\/de\/#organization","name":"Distribuzione dell&#039;ARC","url":"https:\/\/distribucionarc.com\/de\/","logo":{"@type":"ImageObject","inLanguage":"it-IT","@id":"https:\/\/distribucionarc.com\/de\/#\/schema\/logo\/image\/","url":"https:\/\/distribucionarc.com\/wp-content\/uploads\/2024\/10\/distribucion-ARC-COLOR-SIN-FONDO-e1732295305345.png","contentUrl":"https:\/\/distribucionarc.com\/wp-content\/uploads\/2024\/10\/distribucion-ARC-COLOR-SIN-FONDO-e1732295305345.png","width":1164,"height":558,"caption":"Distribuci\u00f3n ARC"},"image":{"@id":"https:\/\/distribucionarc.com\/de\/#\/schema\/logo\/image\/"},"description":"Azienda specializzata nella produzione e distribuzione di macchinari industriali per il settore alimentare e farmaceutico. Siamo specializzati in: Macchine per il taglio della carne Produzione di compresse Sistemi di trasporto industriale Linee di imbottigliamento Dispenser E molto altro ancora... Offriamo soluzioni innovative e personalizzate per ottimizzare i processi produttivi della vostra azienda.","email":"Admistracion@distribucionarc.com","telephone":"+34 643496664","legalName":"ARC TECH SOLUTIONS","foundingDate":"2024-04-09","vatID":"B55480172","numberOfEmployees":{"@type":"QuantitativeValue","minValue":"1","maxValue":"10"}}]}},"_links":{"self":[{"href":"https:\/\/distribucionarc.com\/it\/wp-json\/wp\/v2\/product\/707","targetHints":{"allow":["GET"]}}],"collection":[{"href":"https:\/\/distribucionarc.com\/it\/wp-json\/wp\/v2\/product"}],"about":[{"href":"https:\/\/distribucionarc.com\/it\/wp-json\/wp\/v2\/types\/product"}],"replies":[{"embeddable":true,"href":"https:\/\/distribucionarc.com\/it\/wp-json\/wp\/v2\/comments?post=707"}],"version-history":[{"count":0,"href":"https:\/\/distribucionarc.com\/it\/wp-json\/wp\/v2\/product\/707\/revisions"}],"wp:featuredmedia":[{"embeddable":true,"href":"https:\/\/distribucionarc.com\/it\/wp-json\/wp\/v2\/media\/710"}],"wp:attachment":[{"href":"https:\/\/distribucionarc.com\/it\/wp-json\/wp\/v2\/media?parent=707"}],"wp:term":[{"taxonomy":"product_brand","embeddable":true,"href":"https:\/\/distribucionarc.com\/it\/wp-json\/wp\/v2\/product_brand?post=707"},{"taxonomy":"product_cat","embeddable":true,"href":"https:\/\/distribucionarc.com\/it\/wp-json\/wp\/v2\/product_cat?post=707"},{"taxonomy":"product_tag","embeddable":true,"href":"https:\/\/distribucionarc.com\/it\/wp-json\/wp\/v2\/product_tag?post=707"}],"curies":[{"name":"wp","href":"https:\/\/api.w.org\/{rel}","templated":true}]}}