{"id":722,"date":"2020-07-01T18:13:10","date_gmt":"2020-07-01T18:13:10","guid":{"rendered":"https:\/\/distribucionarc.com\/?post_type=product&#038;p=722"},"modified":"2020-09-26T15:14:42","modified_gmt":"2020-09-26T15:14:42","slug":"friggitrice-elettrica-professionale-industriale-per-fritti-di-pesce-patate-ecc-18l","status":"publish","type":"product","link":"https:\/\/distribucionarc.com\/it\/producto\/freidora-electrica-profesional-industrial-para-pescado-frito-patatas-etc-18l\/","title":{"rendered":"Friggitrice elettrica professionale industriale per fritture di pesce, patate, ecc. 18 l"},"content":{"rendered":"<div class=\"description-row description-text\">\n<h2>Friggitrice elettrica \u2013 18 litri<\/h2>\n<p>La friggitrice elettrica <span style=\"color: #ff0000;\">A<\/span><span style=\"color: #0000ff;\">R<\/span>C DISTRIBUZIONE \u00e8 progettata per un uso professionale e funziona a 3000 volt. Ti permette di preparare in maniera comoda delle deliziose fritture indipendentemente dal tipo di prodotto che vuoi preparare. Ideale per il tuo <strong>settore della ristorazione<\/strong> O <strong>sbarra,<\/strong> vi permetter\u00e0 di offrire esperienze gastronomiche straordinarie.<\/p>\n<\/div>\n<div class=\"product-icon--wrapper\">\n<div class=\"product--icon\">\n<div class=\"icon-body\">\n<div class=\"product_icon_container svg-icon\"><\/div>\n<div class=\"icon-text\">\n<p>Questo elettrodomestico da cucina ha una capacit\u00e0 massima di olio fino a 14 litri e a <strong>volume totale di 18 litri<\/strong>. Puoi usarlo professionalmente in modo molto versatile, essendo particolarmente adatto per la preparazione <strong>pescare<\/strong>, <strong>antipasti, crocchette o patatine.<\/strong><\/p>\n<\/div>\n<\/div>\n<h3 class=\"product--icon-headline\">Snack veloci e croccanti con la friggitrice elettrica <span style=\"color: #ff0000;\">A<\/span><span style=\"color: #0000ff;\">R<\/span>CFRT18L per la gastronomia<\/h3>\n<div class=\"icon-body\">\n<div class=\"product_icon_easy_clean svg-icon\"><\/div>\n<div class=\"icon-text\">\n<p>Il cestello della friggitrice elettrica misura 20 x 22 x 10 cm. Gli eventuali resti di cibo rimasti nel serbatoio si accumulano sul fondo dello stesso, nella cosiddetta zona fredda, in modo da non bruciare. In questo modo l&#039;olio mantiene il suo sapore naturale. Inoltre, scaricare l&#039;olio \u00e8 facile.<\/p>\n<\/div>\n<\/div>\n<div class=\"icon-body\">\n<div class=\"product_icon_voltage svg-icon\"><\/div>\n<div class=\"icon-text\">\n<p>Grazie alle elevate prestazioni di<strong>\u00a0elemento riscaldante<\/strong> rimovibile <strong>3000<\/strong>\u00a0<strong>watt<\/strong>, l&#039;olio della friggitrice raggiunge rapidamente la temperatura massima di 200 \u00b0C. Per risultati ottimali, il termostato ad alta sensibilit\u00e0 mantiene il calore del serbatoio dell&#039;olio a una temperatura costante. <span style=\"color: #0000ff;\">Questa temperatura viene raggiunta molto velocemente e grazie ad una scheda elettronica intelligente, il consumo di energia elettrica \u00e8 ridotto al minimo una volta che l&#039;olio \u00e8 caldo.<\/span> <span style=\"color: #ff0000;\">In caso di surriscaldamento dell&#039;olio o di rimozione della testa riscaldante, un fusibile disconnette automaticamente l&#039;unit\u00e0.<\/span><\/p>\n<\/div>\n<\/div>\n<div class=\"icon-body\">\n<div class=\"product_icon_durable svg-icon\"><\/div>\n<div class=\"icon-text\">\n<p>La copertura dal design moderno, prodotta in\u00a0<strong>acciaio inossidabile di lunga durata<\/strong>, \u00e8 molto <strong>resistente<\/strong> e, grazie all&#039;elemento riscaldante rimovibile, facile da pulire. Scegli oggi stesso una potente friggitrice elettrica: i tuoi clienti e ospiti ti ringrazieranno.<\/p>\n<p><b>Dati tecnici<\/b><\/p>\n<ul>\n<li>Modello <span style=\"color: #ff0000;\">A<\/span><span style=\"color: #0000ff;\">R<\/span>Tipo di elemento<\/li>\n<li>Materiale della custodia acciaio inossidabile<\/li>\n<li>Numero di cestelli e deposito 1<\/li>\n<li>Volume del serbatoio 18L<\/li>\n<li>Capacit\u00e0 olio 14L<\/li>\n<li>Potenza 3000 watt<\/li>\n<li>Nessuna funzione timer<\/li>\n<li>Voltaggio di rete 230V\/50Hz<\/li>\n<li>Dimensioni 52x47x41 cm<\/li>\n<li>Peso ca. 19 kg<\/li>\n<\/ul>\n<\/div>\n<\/div>\n<\/div>\n<\/div>","protected":false},"excerpt":{"rendered":"<h2>FRIGGITRICE INDUSTRIALE SERBATOIO 18L<\/h2>\n<p>&nbsp;<\/p>\n<h3>Il marchio <span style=\"color: #ff0000;\">A<\/span><span style=\"color: #0000ff;\">R<\/span>C utilizza materiali accuratamente selezionati, offrendo cos\u00ec prodotti di alta qualit\u00e0 per il settore industriale. I materiali di alta qualit\u00e0 consentono ai nostri prodotti di avere una lunga vita utile.<\/h3>\n<p>Friggitrice perfetta per fritture di pesce, patate, ecc.<\/p>\n<p>tutti i nostri macchinari ne sono dotati <strong>2 anni di garanzia<\/strong><\/p>\n<p><strong>supporto tecnico in caso di guasto<\/strong><\/p>\n<p>tutto ci\u00f2 di cui hai bisogno per la tua attivit\u00e0 in un unico posto<\/p>","protected":false},"featured_media":726,"comment_status":"open","ping_status":"closed","template":"","meta":{"wds_primary_product_brand":0,"wds_primary_product_cat":0},"product_brand":[],"product_cat":[38],"product_tag":[],"class_list":{"0":"post-722","1":"product","2":"type-product","3":"status-publish","4":"has-post-thumbnail","6":"product_cat-freidoras","7":"product_shipping_class-express","9":"first","10":"instock","11":"sale","12":"taxable","13":"shipping-taxable","14":"purchasable","15":"product-type-simple"},"yoast_head":"<!-- This site is optimized with the Yoast SEO Premium plugin v24.9 (Yoast SEO v26.1) - https:\/\/yoast.com\/wordpress\/plugins\/seo\/ -->\n<title>Freidora el\u00e9ctrica profesional industrial para pescado frito, patatas, etc. 18l - distribuci\u00f3n ARC<\/title>\n<meta name=\"robots\" content=\"index, follow, max-snippet:-1, max-image-preview:large, max-video-preview:-1\" \/>\n<link rel=\"canonical\" href=\"https:\/\/distribucionarc.com\/it\/prodotto\/friggitrice-elettrica-professionale-industriale-per-fritti-di-pesce-patate-ecc-18l\/\" \/>\n<meta property=\"og:locale\" content=\"it_IT\" \/>\n<meta property=\"og:type\" content=\"article\" \/>\n<meta property=\"og:title\" content=\"Freidora el\u00e9ctrica profesional industrial para pescado frito, patatas, etc. 18l\" \/>\n<meta property=\"og:description\" content=\"FREIDORA INDUSTRIAL TANQUE DE 18L &nbsp; La marca ARC utiliza materiales cuidadosamente seleccionados ofreciendo as\u00ed productos de alta calidad para el sector de la industria. Los materiales de alta calidad posibilitan que nuestros productos tengan una larga vida util. freidora perfecta para pescado frito, patatas, etc  toda nuestra maquinaria tiene garantia de 2 a\u00f1os  soporte tecnico en caso de averia  todo lo necesario para su negocio en un solo lugar\" \/>\n<meta property=\"og:url\" content=\"https:\/\/distribucionarc.com\/it\/prodotto\/friggitrice-elettrica-professionale-industriale-per-fritti-di-pesce-patate-ecc-18l\/\" \/>\n<meta property=\"og:site_name\" content=\"distribuci\u00f3n ARC\" \/>\n<meta property=\"article:modified_time\" content=\"2020-09-26T15:14:42+00:00\" \/>\n<meta property=\"og:image\" content=\"https:\/\/distribucionarc.com\/wp-content\/uploads\/2020\/07\/freidora-profesional-industrial-18L-0.jpg\" \/>\n\t<meta property=\"og:image:width\" content=\"1500\" \/>\n\t<meta property=\"og:image:height\" content=\"1500\" \/>\n\t<meta property=\"og:image:type\" content=\"image\/jpeg\" \/>\n<meta name=\"twitter:card\" content=\"summary_large_image\" \/>\n<meta name=\"twitter:label1\" content=\"Tempo di lettura stimato\" \/>\n\t<meta name=\"twitter:data1\" content=\"2 minuti\" \/>\n<script type=\"application\/ld+json\" class=\"yoast-schema-graph\">{\"@context\":\"https:\/\/schema.org\",\"@graph\":[{\"@type\":\"WebPage\",\"@id\":\"https:\/\/distribucionarc.com\/producto\/freidora-electrica-profesional-industrial-para-pescado-frito-patatas-etc-18l\/\",\"url\":\"https:\/\/distribucionarc.com\/producto\/freidora-electrica-profesional-industrial-para-pescado-frito-patatas-etc-18l\/\",\"name\":\"Freidora el\u00e9ctrica profesional industrial para pescado frito, patatas, etc. 18l - distribuci\u00f3n ARC\",\"isPartOf\":{\"@id\":\"https:\/\/www.distribucionarc.com\/de\/#website\"},\"primaryImageOfPage\":{\"@id\":\"https:\/\/distribucionarc.com\/producto\/freidora-electrica-profesional-industrial-para-pescado-frito-patatas-etc-18l\/#primaryimage\"},\"image\":{\"@id\":\"https:\/\/distribucionarc.com\/producto\/freidora-electrica-profesional-industrial-para-pescado-frito-patatas-etc-18l\/#primaryimage\"},\"thumbnailUrl\":\"https:\/\/distribucionarc.com\/wp-content\/uploads\/2020\/07\/freidora-profesional-industrial-18L-0.jpg\",\"datePublished\":\"2020-07-01T18:13:10+00:00\",\"dateModified\":\"2020-09-26T15:14:42+00:00\",\"breadcrumb\":{\"@id\":\"https:\/\/distribucionarc.com\/producto\/freidora-electrica-profesional-industrial-para-pescado-frito-patatas-etc-18l\/#breadcrumb\"},\"inLanguage\":\"it-IT\",\"potentialAction\":[{\"@type\":\"ReadAction\",\"target\":[\"https:\/\/distribucionarc.com\/producto\/freidora-electrica-profesional-industrial-para-pescado-frito-patatas-etc-18l\/\"]}]},{\"@type\":\"ImageObject\",\"inLanguage\":\"it-IT\",\"@id\":\"https:\/\/distribucionarc.com\/producto\/freidora-electrica-profesional-industrial-para-pescado-frito-patatas-etc-18l\/#primaryimage\",\"url\":\"https:\/\/distribucionarc.com\/wp-content\/uploads\/2020\/07\/freidora-profesional-industrial-18L-0.jpg\",\"contentUrl\":\"https:\/\/distribucionarc.com\/wp-content\/uploads\/2020\/07\/freidora-profesional-industrial-18L-0.jpg\",\"width\":1500,\"height\":1500,\"caption\":\"FREIDORA INDUSTRIAL 18L\"},{\"@type\":\"BreadcrumbList\",\"@id\":\"https:\/\/distribucionarc.com\/producto\/freidora-electrica-profesional-industrial-para-pescado-frito-patatas-etc-18l\/#breadcrumb\",\"itemListElement\":[{\"@type\":\"ListItem\",\"position\":1,\"name\":\"Portada\",\"item\":\"https:\/\/www.distribucionarc.com\/en\/\"},{\"@type\":\"ListItem\",\"position\":2,\"name\":\"Products\",\"item\":\"https:\/\/www.distribucionarc.com\/en\/shop\/\"},{\"@type\":\"ListItem\",\"position\":3,\"name\":\"Freidora el\u00e9ctrica profesional industrial para pescado frito, patatas, etc. 18l\"}]},{\"@type\":\"WebSite\",\"@id\":\"https:\/\/www.distribucionarc.com\/de\/#website\",\"url\":\"https:\/\/www.distribucionarc.com\/de\/\",\"name\":\"distribuci\u00f3n ARC\",\"description\":\"Empresa especializada en la fabricaci\u00f3n y distribuci\u00f3n de maquinaria industrial, selladoras de latas, Maquinas de hacer pastillas, Maquinas de cortar carne...\",\"publisher\":{\"@id\":\"https:\/\/www.distribucionarc.com\/de\/#organization\"},\"potentialAction\":[{\"@type\":\"SearchAction\",\"target\":{\"@type\":\"EntryPoint\",\"urlTemplate\":\"https:\/\/www.distribucionarc.com\/de\/?s={search_term_string}\"},\"query-input\":{\"@type\":\"PropertyValueSpecification\",\"valueRequired\":true,\"valueName\":\"search_term_string\"}}],\"inLanguage\":\"it-IT\"},{\"@type\":\"Organization\",\"@id\":\"https:\/\/www.distribucionarc.com\/de\/#organization\",\"name\":\"Distribuci\u00f3n ARC\",\"url\":\"https:\/\/www.distribucionarc.com\/de\/\",\"logo\":{\"@type\":\"ImageObject\",\"inLanguage\":\"it-IT\",\"@id\":\"https:\/\/www.distribucionarc.com\/de\/#\/schema\/logo\/image\/\",\"url\":\"https:\/\/distribucionarc.com\/wp-content\/uploads\/2024\/10\/distribucion-ARC-COLOR-SIN-FONDO-e1732295305345.png\",\"contentUrl\":\"https:\/\/distribucionarc.com\/wp-content\/uploads\/2024\/10\/distribucion-ARC-COLOR-SIN-FONDO-e1732295305345.png\",\"width\":1164,\"height\":558,\"caption\":\"Distribuci\u00f3n ARC\"},\"image\":{\"@id\":\"https:\/\/www.distribucionarc.com\/de\/#\/schema\/logo\/image\/\"},\"description\":\"Empresa especializada en la fabricaci\u00f3n y distribuci\u00f3n de maquinaria industrial para los sectores alimentario y farmac\u00e9utico. Nos especializamos en: M\u00e1quinas de cortar carne Fabricaci\u00f3n de comprimidos Sistemas de transporte industrial L\u00edneas de embotellado Dosificadores Y mucho m\u00e1s... Ofrecemos soluciones innovadoras y personalizadas para optimizar los procesos productivos de tu empresa.\",\"email\":\"Admistracion@distribucionarc.com\",\"telephone\":\"+34 643496664\",\"legalName\":\"ARC TECH SOLUTIONS\",\"foundingDate\":\"2024-04-09\",\"vatID\":\"B55480172\",\"numberOfEmployees\":{\"@type\":\"QuantitativeValue\",\"minValue\":\"1\",\"maxValue\":\"10\"}}]}<\/script>\n<!-- \/ Yoast SEO Premium plugin. -->","yoast_head_json":{"title":"Friggitrice elettrica industriale professionale per friggere pesce, patate, ecc. 18l - Distribuzione ARC","robots":{"index":"index","follow":"follow","max-snippet":"max-snippet:-1","max-image-preview":"max-image-preview:large","max-video-preview":"max-video-preview:-1"},"canonical":"https:\/\/distribucionarc.com\/it\/prodotto\/friggitrice-elettrica-professionale-industriale-per-fritti-di-pesce-patate-ecc-18l\/","og_locale":"it_IT","og_type":"article","og_title":"Freidora el\u00e9ctrica profesional industrial para pescado frito, patatas, etc. 18l","og_description":"FREIDORA INDUSTRIAL TANQUE DE 18L &nbsp; La marca ARC utiliza materiales cuidadosamente seleccionados ofreciendo as\u00ed productos de alta calidad para el sector de la industria. Los materiales de alta calidad posibilitan que nuestros productos tengan una larga vida util. freidora perfecta para pescado frito, patatas, etc  toda nuestra maquinaria tiene garantia de 2 a\u00f1os  soporte tecnico en caso de averia  todo lo necesario para su negocio en un solo lugar","og_url":"https:\/\/distribucionarc.com\/it\/prodotto\/friggitrice-elettrica-professionale-industriale-per-fritti-di-pesce-patate-ecc-18l\/","og_site_name":"distribuci\u00f3n ARC","article_modified_time":"2020-09-26T15:14:42+00:00","og_image":[{"width":1500,"height":1500,"url":"https:\/\/distribucionarc.com\/wp-content\/uploads\/2020\/07\/freidora-profesional-industrial-18L-0.jpg","type":"image\/jpeg"}],"twitter_card":"summary_large_image","twitter_misc":{"Tempo di lettura stimato":"2 minuti"},"schema":{"@context":"https:\/\/schema.org","@graph":[{"@type":"WebPage","@id":"https:\/\/distribucionarc.com\/producto\/freidora-electrica-profesional-industrial-para-pescado-frito-patatas-etc-18l\/","url":"https:\/\/distribucionarc.com\/producto\/freidora-electrica-profesional-industrial-para-pescado-frito-patatas-etc-18l\/","name":"Friggitrice elettrica industriale professionale per friggere pesce, patate, ecc. 18l - Distribuzione ARC","isPartOf":{"@id":"https:\/\/www.distribucionarc.com\/de\/#website"},"primaryImageOfPage":{"@id":"https:\/\/distribucionarc.com\/producto\/freidora-electrica-profesional-industrial-para-pescado-frito-patatas-etc-18l\/#primaryimage"},"image":{"@id":"https:\/\/distribucionarc.com\/producto\/freidora-electrica-profesional-industrial-para-pescado-frito-patatas-etc-18l\/#primaryimage"},"thumbnailUrl":"https:\/\/distribucionarc.com\/wp-content\/uploads\/2020\/07\/freidora-profesional-industrial-18L-0.jpg","datePublished":"2020-07-01T18:13:10+00:00","dateModified":"2020-09-26T15:14:42+00:00","breadcrumb":{"@id":"https:\/\/distribucionarc.com\/producto\/freidora-electrica-profesional-industrial-para-pescado-frito-patatas-etc-18l\/#breadcrumb"},"inLanguage":"it-IT","potentialAction":[{"@type":"ReadAction","target":["https:\/\/distribucionarc.com\/producto\/freidora-electrica-profesional-industrial-para-pescado-frito-patatas-etc-18l\/"]}]},{"@type":"ImageObject","inLanguage":"it-IT","@id":"https:\/\/distribucionarc.com\/producto\/freidora-electrica-profesional-industrial-para-pescado-frito-patatas-etc-18l\/#primaryimage","url":"https:\/\/distribucionarc.com\/wp-content\/uploads\/2020\/07\/freidora-profesional-industrial-18L-0.jpg","contentUrl":"https:\/\/distribucionarc.com\/wp-content\/uploads\/2020\/07\/freidora-profesional-industrial-18L-0.jpg","width":1500,"height":1500,"caption":"FREIDORA INDUSTRIAL 18L"},{"@type":"BreadcrumbList","@id":"https:\/\/distribucionarc.com\/producto\/freidora-electrica-profesional-industrial-para-pescado-frito-patatas-etc-18l\/#breadcrumb","itemListElement":[{"@type":"ListItem","position":1,"name":"Portada","item":"https:\/\/www.distribucionarc.com\/en\/"},{"@type":"ListItem","position":2,"name":"Products","item":"https:\/\/www.distribucionarc.com\/en\/shop\/"},{"@type":"ListItem","position":3,"name":"Freidora el\u00e9ctrica profesional industrial para pescado frito, patatas, etc. 18l"}]},{"@type":"WebSite","@id":"https:\/\/www.distribucionarc.com\/de\/#website","url":"https:\/\/www.distribucionarc.com\/de\/","name":"Distribuzione dell&#039;ARCO","description":"Azienda specializzata nella produzione e distribuzione di macchinari industriali, macchine sigillatrici di lattine, macchine per la produzione di compresse, macchine per il taglio della carne...","publisher":{"@id":"https:\/\/www.distribucionarc.com\/de\/#organization"},"potentialAction":[{"@type":"SearchAction","target":{"@type":"EntryPoint","urlTemplate":"https:\/\/www.distribucionarc.com\/de\/?s={search_term_string}"},"query-input":{"@type":"PropertyValueSpecification","valueRequired":true,"valueName":"search_term_string"}}],"inLanguage":"it-IT"},{"@type":"Organization","@id":"https:\/\/www.distribucionarc.com\/de\/#organization","name":"Distribuzione dell&#039;ARC","url":"https:\/\/www.distribucionarc.com\/de\/","logo":{"@type":"ImageObject","inLanguage":"it-IT","@id":"https:\/\/www.distribucionarc.com\/de\/#\/schema\/logo\/image\/","url":"https:\/\/distribucionarc.com\/wp-content\/uploads\/2024\/10\/distribucion-ARC-COLOR-SIN-FONDO-e1732295305345.png","contentUrl":"https:\/\/distribucionarc.com\/wp-content\/uploads\/2024\/10\/distribucion-ARC-COLOR-SIN-FONDO-e1732295305345.png","width":1164,"height":558,"caption":"Distribuci\u00f3n ARC"},"image":{"@id":"https:\/\/www.distribucionarc.com\/de\/#\/schema\/logo\/image\/"},"description":"Azienda specializzata nella produzione e distribuzione di macchinari industriali per il settore alimentare e farmaceutico. Siamo specializzati in: Macchine per il taglio della carne Produzione di compresse Sistemi di trasporto industriale Linee di imbottigliamento Dispenser E molto altro ancora... Offriamo soluzioni innovative e personalizzate per ottimizzare i processi produttivi della vostra azienda.","email":"Admistracion@distribucionarc.com","telephone":"+34 643496664","legalName":"ARC TECH SOLUTIONS","foundingDate":"2024-04-09","vatID":"B55480172","numberOfEmployees":{"@type":"QuantitativeValue","minValue":"1","maxValue":"10"}}]}},"_links":{"self":[{"href":"https:\/\/distribucionarc.com\/it\/wp-json\/wp\/v2\/product\/722","targetHints":{"allow":["GET"]}}],"collection":[{"href":"https:\/\/distribucionarc.com\/it\/wp-json\/wp\/v2\/product"}],"about":[{"href":"https:\/\/distribucionarc.com\/it\/wp-json\/wp\/v2\/types\/product"}],"replies":[{"embeddable":true,"href":"https:\/\/distribucionarc.com\/it\/wp-json\/wp\/v2\/comments?post=722"}],"version-history":[{"count":0,"href":"https:\/\/distribucionarc.com\/it\/wp-json\/wp\/v2\/product\/722\/revisions"}],"wp:featuredmedia":[{"embeddable":true,"href":"https:\/\/distribucionarc.com\/it\/wp-json\/wp\/v2\/media\/726"}],"wp:attachment":[{"href":"https:\/\/distribucionarc.com\/it\/wp-json\/wp\/v2\/media?parent=722"}],"wp:term":[{"taxonomy":"product_brand","embeddable":true,"href":"https:\/\/distribucionarc.com\/it\/wp-json\/wp\/v2\/product_brand?post=722"},{"taxonomy":"product_cat","embeddable":true,"href":"https:\/\/distribucionarc.com\/it\/wp-json\/wp\/v2\/product_cat?post=722"},{"taxonomy":"product_tag","embeddable":true,"href":"https:\/\/distribucionarc.com\/it\/wp-json\/wp\/v2\/product_tag?post=722"}],"curies":[{"name":"wp","href":"https:\/\/api.w.org\/{rel}","templated":true}]}}