{"id":776,"date":"2020-07-09T06:09:14","date_gmt":"2020-07-09T06:09:14","guid":{"rendered":"https:\/\/distribucionarc.com\/?post_type=product&#038;p=776"},"modified":"2024-09-04T20:44:41","modified_gmt":"2024-09-04T20:44:41","slug":"confezionatrice-confezionatrice-riempitrice-distributrice-per-polvere-di-lenticchie-e-legumi","status":"publish","type":"product","link":"https:\/\/distribucionarc.com\/it\/producto\/empacadora-empaquetadora-llenadora-de-bolsas-dosificadora-para-polvo-lentejas-y-legumbres\/","title":{"rendered":"Macchina Confezionatrice, Macchina Confezionatrice, Riempitrice di Sacchi, Dosatrice per Polvere, Lenticchie e Legumi"},"content":{"rendered":"<h3 class=\"LC20lb DKV0Md\">Insaccatrici, Confezionatrici, Confezionatrici, Riempitrici per sacchetti, Dosatrici per polveri, lenticchie e legumi<\/h3>\n<p>&nbsp;<\/p>\n<p>Macchina confezionatrice 10g\u27965000g<\/p>\n<p>Con la nostra confezionatrice puoi avere una soluzione efficace e di qualit\u00e0 fino a 5.000 sacchetti al giorno. Questa macchina \u00e8 perfetta per erogare arachidi non sbucciate. Questo ci offre una gamma di possibilit\u00e0 per erogare qualsiasi tipo di legume o altro prodotto.<\/p>\n<p>Il sistema di confezionamento \u00e8 semplice, \u00e8 un sistema di vibrazione, mette il prodotto in alto. Puoi programmare la macchina con 3 livelli: morbido\/medio\/veloce Alcuni prodotti funzionano meglio con un livello o un altro Devi selezionare quello che meglio si adatta al tuo prodotto. la tramoggia che ha al suo interno un vibratore per far cadere il prodotto nell&#039;altra tramoggia, che peser\u00e0 il prodotto fino al raggiungimento della tacca di riempimento stabilita dall&#039;operatore, si fermer\u00e0 e aprir\u00e0 la serranda per dosarlo nel sacco<\/p>\n<p>Finiture in acciaio inox 304<\/p>\n<p>La nostra confezionatrice \u00e8 progettata per moduli, in caso di guasto dovrai solo sostituire il modulo, abbiamo una garanzia di 2 anni, le nostre macchine superano un rigoroso controllo di qualit\u00e0<\/p>\n<p>Specifiche:<br \/>\nTipo: riempitrice di polvere MG-5000g con pannello intelligente<br \/>\nVoltaggio operativo: solo 220V<br \/>\nPotenza: 250 W<br \/>\nVelocit\u00e0: da 10 a 15 sacchetti\/minuto<br \/>\nPortata: 10 \u2796 5000 g (regolabile liberamente)<br \/>\nDimensioni: (30 \u2716\ufe0f 50 \u2716\ufe0f 125 cm) 11,8&quot; \u2716\ufe0f 19,68&quot; \u2716\ufe0f 48&quot;<br \/>\nPrecisione: +2-2g (a seconda del materiale che stai riempiendo)<\/p>\n<p>Materiale della macchina: acciaio inossidabile<br \/>\nPeso netto: 26Kg<br \/>\nPeso imballo: 38Kg (scatola di legno standard)<br \/>\nGaranzia di qualit\u00e0: 2 anni<\/p>\n<p>Certificato CE<\/p>\n<p>Qui vi lasciamo il video della macchina in funzione<\/p>\n<p><iframe loading=\"lazy\" src=\"https:\/\/www.youtube.com\/embed\/G3fXjF5u1L4\" width=\"560\" height=\"315\" frameborder=\"0\" allowfullscreen=\"allowfullscreen\"><\/iframe><\/p>","protected":false},"excerpt":{"rendered":"<h2><strong>Macchina per il riempimento, l&#039;avvolgimento, l&#039;imballaggio e l&#039;erogazione di sacchetti<\/strong><\/h2>\n<p>Nostro <strong>macchina riempitrice<\/strong> \u00c8 una soluzione versatile ed efficiente, ideale per le aziende che hanno la necessit\u00e0 di confezionare diversi prodotti in sacchetti. Conosciuto anche come <strong>pressa per balle<\/strong>, <strong>imballaggio<\/strong>, O <strong>distributore<\/strong>, questa macchina \u00e8 adatta ad un&#039;ampia variet\u00e0 di prodotti, come:<\/p>\n<ul>\n<li><strong>Legumi<\/strong>: Ceci, lenticchie, fagioli.<\/li>\n<li><strong>prodotti in polvere<\/strong>: Farina, zucchero o caff\u00e8 in polvere.<\/li>\n<li><strong>spezie<\/strong>: Pepe, origano, cumino.<\/li>\n<li><strong>chicchi di caff\u00e8<\/strong>: Chicchi di caff\u00e8 destinati alla torrefazione o al consumo.<\/li>\n<\/ul>\n<p>Con una capacit\u00e0 di riempimento regolabile tra <strong>10 grammi (g)<\/strong> E <strong>5000 grammi (g)<\/strong>, Questo <strong>riempitore di sacchetti<\/strong> permette di personalizzare con precisione il peso dei prodotti, in base alle esigenze del cliente. L&#039;intero processo \u00e8 gestito attraverso un pannello di controllo di facile utilizzo, garantendo un funzionamento regolare ed efficiente.<\/p>\n<p>Inoltre, questo <strong>macchina imballatrice<\/strong> Ha una capacit\u00e0 produttiva fino a <strong>800 sacchi all&#039;ora<\/strong>, rendendolo una scelta eccellente per le aziende che desiderano aumentare la produttivit\u00e0 senza sacrificare la precisione del confezionamento.<\/p>\n<p>Ideale per le aziende che trattano prodotti alimentari, il ns <strong>macchina dosatrice<\/strong> Garantisce un riempimento accurato ed efficiente per mantenere la qualit\u00e0 del prodotto.<\/p>","protected":false},"featured_media":445,"comment_status":"open","ping_status":"closed","template":"","meta":{"wds_primary_product_brand":0,"wds_primary_product_cat":0},"product_brand":[],"product_cat":[22,21],"product_tag":[],"class_list":{"0":"post-776","1":"product","2":"type-product","3":"status-publish","4":"has-post-thumbnail","6":"product_cat-llenadora-de-bolsas-granos-y-polvo","7":"product_cat-maquinas-llenadoras","9":"first","10":"instock","11":"taxable","12":"shipping-taxable","13":"purchasable","14":"product-type-simple"},"yoast_head":"<!-- This site is optimized with the Yoast SEO Premium plugin v24.9 (Yoast SEO v26.1) - https:\/\/yoast.com\/wordpress\/plugins\/seo\/ -->\n<title>Empacadora, Empaquetadora, Llenadora de Bolsas, Dosificadora para polvo, Lentejas y Legumbres - distribuci\u00f3n ARC<\/title>\n<meta name=\"description\" content=\"M\u00e1quina de llenado, empacadora y dosificadora de bolsas, ajustable entre 10 g y 5000 g, ideal para legumbres, caf\u00e9 y especias. Capaz de producir hasta 800 bolsas por hora.\" \/>\n<meta name=\"robots\" content=\"index, follow, max-snippet:-1, max-image-preview:large, max-video-preview:-1\" \/>\n<link rel=\"canonical\" href=\"https:\/\/distribucionarc.com\/it\/prodotto\/confezionatrice-confezionatrice-riempitrice-distributrice-per-polvere-di-lenticchie-e-legumi\/\" \/>\n<meta property=\"og:locale\" content=\"it_IT\" \/>\n<meta property=\"og:type\" content=\"article\" \/>\n<meta property=\"og:title\" content=\"Empacadora, Empaquetadora, Llenadora de Bolsas, Dosificadora para polvo, Lentejas y Legumbres\" \/>\n<meta property=\"og:description\" content=\"M\u00e1quina de llenado, empacadora y dosificadora de bolsas, ajustable entre 10 g y 5000 g, ideal para legumbres, caf\u00e9 y especias. Capaz de producir hasta 800 bolsas por hora.\" \/>\n<meta property=\"og:url\" content=\"https:\/\/distribucionarc.com\/it\/prodotto\/confezionatrice-confezionatrice-riempitrice-distributrice-per-polvere-di-lenticchie-e-legumi\/\" \/>\n<meta property=\"og:site_name\" content=\"distribuci\u00f3n ARC\" \/>\n<meta property=\"article:modified_time\" content=\"2024-09-04T20:44:41+00:00\" \/>\n<meta property=\"og:image\" content=\"https:\/\/distribucionarc.com\/wp-content\/uploads\/2020\/04\/llenadora_dosificadora_polvos_granos_automatica_0.jpg\" \/>\n\t<meta property=\"og:image:width\" content=\"800\" \/>\n\t<meta property=\"og:image:height\" content=\"800\" \/>\n\t<meta property=\"og:image:type\" content=\"image\/jpeg\" \/>\n<meta name=\"twitter:card\" content=\"summary_large_image\" \/>\n<meta name=\"twitter:label1\" content=\"Tempo di lettura stimato\" \/>\n\t<meta name=\"twitter:data1\" content=\"2 minuti\" \/>\n<script type=\"application\/ld+json\" class=\"yoast-schema-graph\">{\"@context\":\"https:\/\/schema.org\",\"@graph\":[{\"@type\":\"WebPage\",\"@id\":\"https:\/\/distribucionarc.com\/en\/producto\/empacadora-empaquetadora-llenadora-de-bolsas-dosificadora-para-polvo-lentejas-y-legumbres\/\",\"url\":\"https:\/\/distribucionarc.com\/en\/producto\/empacadora-empaquetadora-llenadora-de-bolsas-dosificadora-para-polvo-lentejas-y-legumbres\/\",\"name\":\"Empacadora, Empaquetadora, Llenadora de Bolsas, Dosificadora para polvo, Lentejas y Legumbres - distribuci\u00f3n ARC\",\"isPartOf\":{\"@id\":\"https:\/\/distribucionarc.com\/bg\/#website\"},\"primaryImageOfPage\":{\"@id\":\"https:\/\/distribucionarc.com\/en\/producto\/empacadora-empaquetadora-llenadora-de-bolsas-dosificadora-para-polvo-lentejas-y-legumbres\/#primaryimage\"},\"image\":{\"@id\":\"https:\/\/distribucionarc.com\/en\/producto\/empacadora-empaquetadora-llenadora-de-bolsas-dosificadora-para-polvo-lentejas-y-legumbres\/#primaryimage\"},\"thumbnailUrl\":\"https:\/\/distribucionarc.com\/wp-content\/uploads\/2020\/04\/llenadora_dosificadora_polvos_granos_automatica_0.jpg\",\"datePublished\":\"2020-07-09T06:09:14+00:00\",\"dateModified\":\"2024-09-04T20:44:41+00:00\",\"description\":\"M\u00e1quina de llenado, empacadora y dosificadora de bolsas, ajustable entre 10 g y 5000 g, ideal para legumbres, caf\u00e9 y especias. Capaz de producir hasta 800 bolsas por hora.\",\"breadcrumb\":{\"@id\":\"https:\/\/distribucionarc.com\/en\/producto\/empacadora-empaquetadora-llenadora-de-bolsas-dosificadora-para-polvo-lentejas-y-legumbres\/#breadcrumb\"},\"inLanguage\":\"it-IT\",\"potentialAction\":[{\"@type\":\"ReadAction\",\"target\":[\"https:\/\/distribucionarc.com\/en\/producto\/empacadora-empaquetadora-llenadora-de-bolsas-dosificadora-para-polvo-lentejas-y-legumbres\/\"]}]},{\"@type\":\"ImageObject\",\"inLanguage\":\"it-IT\",\"@id\":\"https:\/\/distribucionarc.com\/en\/producto\/empacadora-empaquetadora-llenadora-de-bolsas-dosificadora-para-polvo-lentejas-y-legumbres\/#primaryimage\",\"url\":\"https:\/\/distribucionarc.com\/wp-content\/uploads\/2020\/04\/llenadora_dosificadora_polvos_granos_automatica_0.jpg\",\"contentUrl\":\"https:\/\/distribucionarc.com\/wp-content\/uploads\/2020\/04\/llenadora_dosificadora_polvos_granos_automatica_0.jpg\",\"width\":800,\"height\":800},{\"@type\":\"BreadcrumbList\",\"@id\":\"https:\/\/distribucionarc.com\/en\/producto\/empacadora-empaquetadora-llenadora-de-bolsas-dosificadora-para-polvo-lentejas-y-legumbres\/#breadcrumb\",\"itemListElement\":[{\"@type\":\"ListItem\",\"position\":1,\"name\":\"Portada\",\"item\":\"https:\/\/distribucionarc.com\/el\/\"},{\"@type\":\"ListItem\",\"position\":2,\"name\":\"Proizvodi\",\"item\":\"https:\/\/www.distribucionarc.com\/hr\/ducan\/\"},{\"@type\":\"ListItem\",\"position\":3,\"name\":\"Empacadora, Empaquetadora, Llenadora de Bolsas, Dosificadora para polvo, Lentejas y Legumbres\"}]},{\"@type\":\"WebSite\",\"@id\":\"https:\/\/distribucionarc.com\/bg\/#website\",\"url\":\"https:\/\/distribucionarc.com\/bg\/\",\"name\":\"distribuci\u00f3n ARC\",\"description\":\"Empresa especializada en la fabricaci\u00f3n y distribuci\u00f3n de maquinaria industrial, selladoras de latas, Maquinas de hacer pastillas, Maquinas de cortar carne...\",\"publisher\":{\"@id\":\"https:\/\/distribucionarc.com\/bg\/#organization\"},\"potentialAction\":[{\"@type\":\"SearchAction\",\"target\":{\"@type\":\"EntryPoint\",\"urlTemplate\":\"https:\/\/distribucionarc.com\/bg\/?s={search_term_string}\"},\"query-input\":{\"@type\":\"PropertyValueSpecification\",\"valueRequired\":true,\"valueName\":\"search_term_string\"}}],\"inLanguage\":\"it-IT\"},{\"@type\":\"Organization\",\"@id\":\"https:\/\/distribucionarc.com\/bg\/#organization\",\"name\":\"Distribuci\u00f3n ARC\",\"url\":\"https:\/\/distribucionarc.com\/bg\/\",\"logo\":{\"@type\":\"ImageObject\",\"inLanguage\":\"it-IT\",\"@id\":\"https:\/\/distribucionarc.com\/bg\/#\/schema\/logo\/image\/\",\"url\":\"https:\/\/distribucionarc.com\/wp-content\/uploads\/2024\/10\/distribucion-ARC-COLOR-SIN-FONDO-e1732295305345.png\",\"contentUrl\":\"https:\/\/distribucionarc.com\/wp-content\/uploads\/2024\/10\/distribucion-ARC-COLOR-SIN-FONDO-e1732295305345.png\",\"width\":1164,\"height\":558,\"caption\":\"Distribuci\u00f3n ARC\"},\"image\":{\"@id\":\"https:\/\/distribucionarc.com\/bg\/#\/schema\/logo\/image\/\"},\"description\":\"Empresa especializada en la fabricaci\u00f3n y distribuci\u00f3n de maquinaria industrial para los sectores alimentario y farmac\u00e9utico. Nos especializamos en: M\u00e1quinas de cortar carne Fabricaci\u00f3n de comprimidos Sistemas de transporte industrial L\u00edneas de embotellado Dosificadores Y mucho m\u00e1s... Ofrecemos soluciones innovadoras y personalizadas para optimizar los procesos productivos de tu empresa.\",\"email\":\"Admistracion@distribucionarc.com\",\"telephone\":\"+34 643496664\",\"legalName\":\"ARC TECH SOLUTIONS\",\"foundingDate\":\"2024-04-09\",\"vatID\":\"B55480172\",\"numberOfEmployees\":{\"@type\":\"QuantitativeValue\",\"minValue\":\"1\",\"maxValue\":\"10\"}}]}<\/script>\n<!-- \/ Yoast SEO Premium plugin. -->","yoast_head_json":{"title":"Confezionatrice, Confezionatrice, Riempitrice di sacchetti, Dosatrice per Polveri, Lenticchie e Legumi - Distribuzione ARC","description":"Macchina riempitrice, confezionatrice e distributrice di sacchetti, regolabile tra 10 ge 5000 g, ideale per legumi, caff\u00e8 e spezie. Capace di produrre fino a 800 sacchi all&#039;ora.","robots":{"index":"index","follow":"follow","max-snippet":"max-snippet:-1","max-image-preview":"max-image-preview:large","max-video-preview":"max-video-preview:-1"},"canonical":"https:\/\/distribucionarc.com\/it\/prodotto\/confezionatrice-confezionatrice-riempitrice-distributrice-per-polvere-di-lenticchie-e-legumi\/","og_locale":"it_IT","og_type":"article","og_title":"Empacadora, Empaquetadora, Llenadora de Bolsas, Dosificadora para polvo, Lentejas y Legumbres","og_description":"M\u00e1quina de llenado, empacadora y dosificadora de bolsas, ajustable entre 10 g y 5000 g, ideal para legumbres, caf\u00e9 y especias. Capaz de producir hasta 800 bolsas por hora.","og_url":"https:\/\/distribucionarc.com\/it\/prodotto\/confezionatrice-confezionatrice-riempitrice-distributrice-per-polvere-di-lenticchie-e-legumi\/","og_site_name":"distribuci\u00f3n ARC","article_modified_time":"2024-09-04T20:44:41+00:00","og_image":[{"width":800,"height":800,"url":"https:\/\/distribucionarc.com\/wp-content\/uploads\/2020\/04\/llenadora_dosificadora_polvos_granos_automatica_0.jpg","type":"image\/jpeg"}],"twitter_card":"summary_large_image","twitter_misc":{"Tempo di lettura stimato":"2 minuti"},"schema":{"@context":"https:\/\/schema.org","@graph":[{"@type":"WebPage","@id":"https:\/\/distribucionarc.com\/en\/producto\/empacadora-empaquetadora-llenadora-de-bolsas-dosificadora-para-polvo-lentejas-y-legumbres\/","url":"https:\/\/distribucionarc.com\/en\/producto\/empacadora-empaquetadora-llenadora-de-bolsas-dosificadora-para-polvo-lentejas-y-legumbres\/","name":"Confezionatrice, Confezionatrice, Riempitrice di sacchetti, Dosatrice per Polveri, Lenticchie e Legumi - Distribuzione ARC","isPartOf":{"@id":"https:\/\/distribucionarc.com\/bg\/#website"},"primaryImageOfPage":{"@id":"https:\/\/distribucionarc.com\/en\/producto\/empacadora-empaquetadora-llenadora-de-bolsas-dosificadora-para-polvo-lentejas-y-legumbres\/#primaryimage"},"image":{"@id":"https:\/\/distribucionarc.com\/en\/producto\/empacadora-empaquetadora-llenadora-de-bolsas-dosificadora-para-polvo-lentejas-y-legumbres\/#primaryimage"},"thumbnailUrl":"https:\/\/distribucionarc.com\/wp-content\/uploads\/2020\/04\/llenadora_dosificadora_polvos_granos_automatica_0.jpg","datePublished":"2020-07-09T06:09:14+00:00","dateModified":"2024-09-04T20:44:41+00:00","description":"Macchina riempitrice, confezionatrice e distributrice di sacchetti, regolabile tra 10 ge 5000 g, ideale per legumi, caff\u00e8 e spezie. Capace di produrre fino a 800 sacchi all&#039;ora.","breadcrumb":{"@id":"https:\/\/distribucionarc.com\/en\/producto\/empacadora-empaquetadora-llenadora-de-bolsas-dosificadora-para-polvo-lentejas-y-legumbres\/#breadcrumb"},"inLanguage":"it-IT","potentialAction":[{"@type":"ReadAction","target":["https:\/\/distribucionarc.com\/en\/producto\/empacadora-empaquetadora-llenadora-de-bolsas-dosificadora-para-polvo-lentejas-y-legumbres\/"]}]},{"@type":"ImageObject","inLanguage":"it-IT","@id":"https:\/\/distribucionarc.com\/en\/producto\/empacadora-empaquetadora-llenadora-de-bolsas-dosificadora-para-polvo-lentejas-y-legumbres\/#primaryimage","url":"https:\/\/distribucionarc.com\/wp-content\/uploads\/2020\/04\/llenadora_dosificadora_polvos_granos_automatica_0.jpg","contentUrl":"https:\/\/distribucionarc.com\/wp-content\/uploads\/2020\/04\/llenadora_dosificadora_polvos_granos_automatica_0.jpg","width":800,"height":800},{"@type":"BreadcrumbList","@id":"https:\/\/distribucionarc.com\/en\/producto\/empacadora-empaquetadora-llenadora-de-bolsas-dosificadora-para-polvo-lentejas-y-legumbres\/#breadcrumb","itemListElement":[{"@type":"ListItem","position":1,"name":"Portada","item":"https:\/\/distribucionarc.com\/el\/"},{"@type":"ListItem","position":2,"name":"Proizvodi","item":"https:\/\/www.distribucionarc.com\/hr\/ducan\/"},{"@type":"ListItem","position":3,"name":"Empacadora, Empaquetadora, Llenadora de Bolsas, Dosificadora para polvo, Lentejas y Legumbres"}]},{"@type":"WebSite","@id":"https:\/\/distribucionarc.com\/bg\/#website","url":"https:\/\/distribucionarc.com\/bg\/","name":"Distribuzione dell&#039;ARCO","description":"Azienda specializzata nella produzione e distribuzione di macchinari industriali, macchine sigillatrici di lattine, macchine per la produzione di compresse, macchine per il taglio della carne...","publisher":{"@id":"https:\/\/distribucionarc.com\/bg\/#organization"},"potentialAction":[{"@type":"SearchAction","target":{"@type":"EntryPoint","urlTemplate":"https:\/\/distribucionarc.com\/bg\/?s={search_term_string}"},"query-input":{"@type":"PropertyValueSpecification","valueRequired":true,"valueName":"search_term_string"}}],"inLanguage":"it-IT"},{"@type":"Organization","@id":"https:\/\/distribucionarc.com\/bg\/#organization","name":"Distribuzione dell&#039;ARC","url":"https:\/\/distribucionarc.com\/bg\/","logo":{"@type":"ImageObject","inLanguage":"it-IT","@id":"https:\/\/distribucionarc.com\/bg\/#\/schema\/logo\/image\/","url":"https:\/\/distribucionarc.com\/wp-content\/uploads\/2024\/10\/distribucion-ARC-COLOR-SIN-FONDO-e1732295305345.png","contentUrl":"https:\/\/distribucionarc.com\/wp-content\/uploads\/2024\/10\/distribucion-ARC-COLOR-SIN-FONDO-e1732295305345.png","width":1164,"height":558,"caption":"Distribuci\u00f3n ARC"},"image":{"@id":"https:\/\/distribucionarc.com\/bg\/#\/schema\/logo\/image\/"},"description":"Azienda specializzata nella produzione e distribuzione di macchinari industriali per il settore alimentare e farmaceutico. Siamo specializzati in: Macchine per il taglio della carne Produzione di compresse Sistemi di trasporto industriale Linee di imbottigliamento Dispenser E molto altro ancora... Offriamo soluzioni innovative e personalizzate per ottimizzare i processi produttivi della vostra azienda.","email":"Admistracion@distribucionarc.com","telephone":"+34 643496664","legalName":"ARC TECH SOLUTIONS","foundingDate":"2024-04-09","vatID":"B55480172","numberOfEmployees":{"@type":"QuantitativeValue","minValue":"1","maxValue":"10"}}]}},"_links":{"self":[{"href":"https:\/\/distribucionarc.com\/it\/wp-json\/wp\/v2\/product\/776","targetHints":{"allow":["GET"]}}],"collection":[{"href":"https:\/\/distribucionarc.com\/it\/wp-json\/wp\/v2\/product"}],"about":[{"href":"https:\/\/distribucionarc.com\/it\/wp-json\/wp\/v2\/types\/product"}],"replies":[{"embeddable":true,"href":"https:\/\/distribucionarc.com\/it\/wp-json\/wp\/v2\/comments?post=776"}],"version-history":[{"count":0,"href":"https:\/\/distribucionarc.com\/it\/wp-json\/wp\/v2\/product\/776\/revisions"}],"wp:featuredmedia":[{"embeddable":true,"href":"https:\/\/distribucionarc.com\/it\/wp-json\/wp\/v2\/media\/445"}],"wp:attachment":[{"href":"https:\/\/distribucionarc.com\/it\/wp-json\/wp\/v2\/media?parent=776"}],"wp:term":[{"taxonomy":"product_brand","embeddable":true,"href":"https:\/\/distribucionarc.com\/it\/wp-json\/wp\/v2\/product_brand?post=776"},{"taxonomy":"product_cat","embeddable":true,"href":"https:\/\/distribucionarc.com\/it\/wp-json\/wp\/v2\/product_cat?post=776"},{"taxonomy":"product_tag","embeddable":true,"href":"https:\/\/distribucionarc.com\/it\/wp-json\/wp\/v2\/product_tag?post=776"}],"curies":[{"name":"wp","href":"https:\/\/api.w.org\/{rel}","templated":true}]}}